{"id":8139,"date":"2024-09-01T13:05:58","date_gmt":"2024-09-01T13:05:58","guid":{"rendered":"https:\/\/travelshelper.com\/staging\/?page_id=8139"},"modified":"2026-03-13T17:53:48","modified_gmt":"2026-03-13T17:53:48","slug":"kanzas-siti","status":"publish","type":"page","link":"https:\/\/travelshelper.com\/sr\/destinations\/north-america\/united-states\/kansas-city\/","title":{"rendered":"Kanzas Siti"},"content":{"rendered":"<p>Kanzas Siti se prostire na granici Misurija i Kanzasa, ali ovde se fokusiramo na Kanzas Siti, Misuri (\u010desto jednostavno \u201eKanzas Siti\u201c, populacija oko 500.000). Kanzas Siti je velika metropola Srednjeg zapada, istorijski poznata po d\u017eez muzici, ro\u0161tiljskoj kuhinji i mre\u017ei fontana \u2013 izme\u0111u ostalih kulturnih posebnosti. Danas, Kanzas Siti ima oko 508.000 ljudi (procena iz 2023. godine), sa prostranom metro populacijom od oko 2,1 milion. Nalazi se u regionu Velikih ravnica na u\u0161\u0107u reka Misuri i Kanzas (ju\u017eni Misuri). Sam grad se nalazi na uglavnom ravnom terenu, sa \u010duvenom estetikom kamena i ro\u0161tilja u naseljima poput Kantri Klab Plaze (arhitektura inspirisana \u0161panskim stilom). Klima Kanzas Sitija je vla\u017ena kontinentalna: vru\u0107a, vla\u017ena leta (\u010deste grmljavine) i hladne, sne\u017ene zime (sa rizikom od tornada u prole\u0107e).<\/p>\n<p>Ekonomski gledano, Kanzas Siti ima \u0161iroku, diverzifikovanu bazu. BDP metropole iznosi oko 146 milijardi dolara. Klju\u010dne industrije uklju\u010duju biolo\u0161ke nauke (zdravlje \u017eivotinja\/farmaceutska istra\u017eivanja \u2013 Kanzas Siti je globalni lider, sa 113.969 radnika u oblastima vezanim za biolo\u0161ke nauke) i sna\u017ean tehnolo\u0161ki sektor (oko 77.700 zaposlenih u tehnologiji u 2024. godini). Logistika i distribucija su ogromne, zahvaljuju\u0107i lokaciji Kanzas Sitija na \u201eraskrsnici\u201c (glavne \u017eelezni\u010dke stanice i me\u0111udr\u017eavni putevi), zapo\u0161ljavaju\u0107i preko 105.000 ljudi. Finansijske usluge i osiguranje (oko 77.000 radnih mesta) su tako\u0111e istaknute. Proizvodnja (posebno prerada hrane, s obzirom na veze Misurija sa poljoprivredom) tako\u0111e ostaje deo ekonomije. Srednji prihod doma\u0107instva u Kanzas Sitiju, Misuri, iznosi otprilike 67.449 dolara (2023), sa stopom siroma\u0161tva od oko 14,6%. U poslednjim decenijama Kanzas Siti je privukao i korporativna sedi\u0161ta i startapove, \u0161to odra\u017eava njegovu centralnu lokaciju u SAD i relativno niske tro\u0161kove \u017eivota.<\/p>\n<h2>Kanzas Siti po brojkama<\/h2>\n<p>Kanzas Siti, Misuri, je 2023. godine imao oko 508.233 stanovnika. Demografski sastav je raznolik: pribli\u017eno 54,5% belaca (nehispanskog porekla), 25,5% Afroamerikanaca i 12,3% Hispanoamerikanaca ili Latinoamerikanaca. Azijati i druge etni\u010dke grupe \u010dine ostatak. Ova raznolikost podsti\u010de \u017eivu multikulturalnu scenu (obratite pa\u017enju na zna\u010dajne hispanske zajednice na ju\u017enoj i jugozapadnoj strani grada). Prose\u010dna starost stanovnika Kanzas Sitija je u kasnim 30-im godinama. Prose\u010dni prihod doma\u0107instva (oko 67 hiljada dolara) i vrednosti ku\u0107a su skromni (prose\u010dna vrednost ku\u0107a je oko 200 hiljada dolara, iako je u nekim oblastima mnogo ve\u0107a), \u0161to odra\u017eava kontekst Srednjeg zapada.<\/p>\n<p>\u0160to se ti\u010de metropolitanskih razmera, Kanzas Siti je jedna od najve\u0107ih metropola u SAD: oko 2,1 milion ljudi, 30. po veli\u010dini u zemlji (prema popisu iz 2020. godine). \u0160ira metropolitanska ekonomija je oko 146 milijardi dolara (2019), \u0161to je \u010dini sna\u017enim regionalnim centrom za poslovanje i kulturu u ravnicama i Ozarku. Po glavi stanovnika, metropola ima visoko u\u010de\u0161\u0107e radne snage i zna\u010dajno korporativno prisustvo. Sport i doga\u0111aji tako\u0111e doprinose: profesionalni timovi Kanzas Sitija (\u010cifsi iz NFL-a, Rojalsi iz MLB-a, Sporting Kanzas Siti iz MLS-a) privla\u010de nacionalnu pa\u017enju i imaju ekonomski uticaj.<\/p>\n<h2>Lokacija<\/h2>\n<p>Kanzas Siti, Misuri, le\u017ei na granici Misurija i Kanzasa na Srednjem zapadu SAD. Nalazi se na u\u0161\u0107u reke Misuri (nekoliko milja severno od centra grada) i njene pritoke, reke Kanzas (koja te\u010de kroz stranu Kanzasa). Predeo je uglavnom ravni\u010darski sa blagim brdima; zna\u010dajne vi\u0161e ta\u010dke uklju\u010duju Pen Vali i Svoup Parks. Nadmorska visina Kanzas Sitija je otprilike 260 metara.<\/p>\n<p>Grad je raskrsnica saobra\u0107ajnih puteva: Me\u0111udr\u017eavni put 70 ide istok-zapad kroz Kanzas Siti, povezuju\u0107i se sa Sent Luisom (istok) i Denverom (zapad); Me\u0111udr\u017eavni put 35 ide severno prema Kanzasu (do De Mojna) i ju\u017eno prema Oklahoma Sitiju; Me\u0111udr\u017eavni put 29 vodi severno ka Ajovi. Centralni polo\u017eaj grada u SAD zna\u010di da je na jedan dan vo\u017enje od ve\u0107eg dela Amerike.<\/p>\n<p>Klima je kontinentalna: leta su vru\u0107a i vla\u017ena (prose\u010dne julske najvi\u0161e temperature oko 32\u00b0C, sa sparnim no\u0107ima). Zime su hladne (januarske najvi\u0161e temperature oko 2\u00b0C, najni\u017ee oko 15\u00b0C, sa oko 50 centimetara snega godi\u0161nje). Prole\u0107e i jesen su prelazni, mada jake grmljavine (i povremeni tornado) mogu da pogode u prole\u0107e. Festivali na otvorenom mogu biti podlo\u017eni naglim vremenskim promenama. Generalno, Kanzas Siti ima \u010detiri razli\u010dita godi\u0161nja doba \u2013 faktor koji posetioci treba da uzmu u obzir prilikom planiranja.<\/p>\n<h2>Istorijski pregled<\/h2>\n<p>Poreklo Kanzas Sitija le\u017ei u \u0161irenju ka zapadu u 19. veku. Po\u010deo je kao re\u010dna luka (Vestport Lending) na reci Misuri, nazvana po reci Kanzas (i na kraju po plemenu ameri\u010dkih starosedelaca). Nakon gra\u0111anskog rata, brzo je rastao zahvaljuju\u0107i izgradnji \u017eeleznice i svom strate\u0161kom polo\u017eaju kao kapije ka Zapadu. Do 1870. godine, Kanzas Siti je ve\u0107 bio zna\u010dajan grad, a na prelazu iz 19. u 20. vek bio je klju\u010dni centar za stoku i pakovanje mesa za naciju. Tokom ove ere, Kanzas Siti je tako\u0111e postao va\u017ean centar d\u017eez muzike i afroameri\u010dke kulture (posebno u okrugu 18. i Vajn, gde su nastupale legende poput \u010carlija Parkera, a sada se nalazi Muzej bejzbola crna\u010dkih liga).<\/p>\n<p>Tokom 20. veka, grad se konsolidovao sa svojim predgra\u0111ima (1940-ih\u20131960-ih) i nastavio da se \u0161iri. \u010cuveni trgova\u010dki okrug Kantri Klab Plaza izgra\u0111en je 1922. godine kao jedan od prvih tr\u017enih centara orijentisanih na automobile. Nakon izvesnog pada sredinom veka, revitalizacija je po\u010dela 1990-ih, renoviranjem centra grada i novim kulturnim investicijama. Poslednjih godina, Kanzas Siti se pojavio sa novom siluetom modernih poslovnih kula i hotela. (Jedan zna\u010dajan razvojni projekat bio je Kaufman centar za scenske umetnosti, otvoren 2011. godine, koji je doveo do ve\u0107eg rasta u centru grada, u oblasti Pauer end Lajt Distrikta.) Danas, Kanzas Siti odaje po\u010dast svom d\u017eez nasle\u0111u (Ameri\u010dki muzej d\u017eeza), slavi svoje sportske \u0161ampione (pobede na Superboulu, pobede na Svetskoj seriji) i odr\u017eava gostoprimstvo Srednjeg zapada. Stoga je istorijska naracija pri\u010da o grani\u010dnim vratima, \u017eivahnim kulturnim raskrsnicama i otpornoj urbanoj obnovi.<\/p>\n<h2>Kulturna atmosfera<\/h2>\n<p>Kanzas Siti ima sna\u017ean i prepoznatljiv kulturni identitet. D\u017dez muzika je ovde prvi put procvetala 1920-ih i 1930-ih u klubovima na uglu 18. ulice i Vajn, i danas je aktivna tradicija. Grad svake ve\u010deri podr\u017eava desetine d\u017eez mesta, klubova i d\u017eem sesija. Ameri\u010dki muzej d\u017eeza (u istorijskom okrugu 18. ulice i Vajn) i godi\u0161nji festival d\u017eeza i nasle\u0111a Kanzas Sitija svakog leta odra\u017eavaju to nasle\u0111e.<\/p>\n<p>Podjednako kultna je i kultura ro\u0161tilja u Kanzas Sitiju: grad tvrdi da ima preko 100 restorana sa ro\u0161tiljem, a me\u0161tani veoma ozbiljno shvataju svoje sporo dimljeno meso. Mo\u017ee se prona\u0107i svaki od poznatih regionalnih stilova (npr. prepe\u010deni krajevi, slatki sos), a postoji \u010dak i mobilna aplikacija \u201eKC BBQ Experience\u201c koja ocenjuje ro\u0161tiljare. Ro\u0161tiljnice (kao \u0161to su Arthur Bryant&#039;s, Gates, Jack Stack) su kulinarske znamenitosti, \u010desto navedene kao obavezne za posetioce.<\/p>\n<p>Jo\u0161 jedna neobi\u010dna karakteristika Kanzas Sitija su brojne fontane. Nazvan \u201eGrad fontana\u201c, Kanzas Siti ima vi\u0161e od 200 ukrasnih fontana \u2013 po ukupnom broju su drugi odmah posle Rima. (Fontane \u0107ete videti u parkovima, kru\u017enim tokovima i dvori\u0161tima \u0161irom grada.) To nisu samo dekoracije ve\u0107 omiljeni gra\u0111anski simboli \u2013 pokazatelj gra\u0111anskog ponosa Kanzas Sitija i njegovog naglaska na javnim prostorima.<\/p>\n<p>\u0160to se ti\u010de sporta i festivala, Kanzas Siti pokazuje sna\u017ean gra\u0111anski ponos. Nedavne osvajanja prvenstva Kanzas Siti \u010cifsa u NFL-u (sezone 2019, 2022) ponovo su probudila entuzijazam grada; \u201eproslave\u201c poput parada pobede postaju glavni doga\u0111aji u zajednici. Kanzas Siti Rojalsi (MLB) i Sporting Kanzas Siti (MLS) privla\u010de svoje sledbenike. Grad je tako\u0111e doma\u0107in poznatih doga\u0111aja: Ameri\u010dkog kraljevskog sto\u010darskog i rodeo doga\u0111aja (od 1899), velike izlo\u017ebe stoke koja se odr\u017eava svake jeseni, i festivala piva Bulevardija koji odra\u017eava rastu\u0107u scenu kraft pivara u Kanzas Sitiju.<\/p>\n<p>Svaki kvart doprinosi atmosferi: okruzi Vestport i River Market poznati su po no\u0107nom \u017eivotu i restoranima; umetni\u010dki okrug Krosrouds ima galerije i umetni\u010dke pijace Prvog petka; istorijski d\u017eez okrug 18. i Vajn (u kojem se tako\u0111e nalazi Muzej bejzbola crna\u010dkih liga) je kulturni centar d\u017eeza i istorije gra\u0111anskih prava. U svim kvartovima, lokalno stanovni\u0161tvo je uglavnom prizemno i prijateljsko, \u0161to odra\u017eava gostoprimstvo Srednjeg zapada. Engleski jezik je univerzalan, ali na ju\u017enoj strani grada \u010desto \u0107ete \u010duti \u0161panski (u nekim \u0161kolama i preduze\u0107ima). Generalno, Kanzas Siti nudi toplu, energi\u010dnu atmosferu \u2013 veliki grad po razmerama, ali sa doma\u0107im srcem.<\/p>\n<h2>Najbolje atrakcije<\/h2>\n<p>Atrakcije Kanzas Sitija obuhvataju kulturne institucije, istoriju i zabavu. Glavne atrakcije uklju\u010duju:<\/p>\n<ul>\n<li><strong>Nacionalni muzej i spomenik Prvog svetskog rata<\/strong> \u2013 Sme\u0161ten u kuli Spomen-obele\u017eja Liberti u centru grada, ovo je jedan od najopse\u017enijih muzeja Prvog svetskog rata u zemlji. Spomen-obele\u017eje tako\u0111e pru\u017ea panoramski pogled na grad.<\/li>\n<li><strong>Muzej umetnosti Nelson-Atkins<\/strong> \u2013 Me\u0111unarodno priznati muzej umetnosti (poznat po skulpturi \u0160ostakovi\u010da i otvorenim \u201eNebeskim stancijama\u201c). Ulaz je besplatan, a muzejska kolekcija obuhvata dela od azijske do savremene umetnosti. (Neoklasi\u010dna zgrada i reflektuju\u0107i bazen hotela Nelson su sami po sebi fotogeni\u010dni.)<\/li>\n<li><strong>Muzej ameri\u010dkog d\u017eeza i Muzej bejzbola crna\u010dkih liga<\/strong> \u2013 Oba se nalaze u istorijskom okrugu 18. ulice i Vajna. Muzej d\u017eeza predstavlja istoriju d\u017eeza Kanzas Sitija (sa arhivskim snimcima), dok Muzej crna\u010dkih liga bele\u017ei pionire afroameri\u010dkog bejzbola. (Ove institucije isti\u010du glavna kulturna nasle\u0111a Kanzas Sitija.)<\/li>\n<li><strong>Kantri klub Plaza<\/strong> \u2013 Luksuzna trgova\u010dka \u010detvrt na otvorenom, dizajnirana u \u0161panskom stilu, sa fontanama i crepnim krovovima. Popularno je mesto za kupovinu, ru\u010davanje i posmatranje ljudi, posebno tokom godi\u0161nje ceremonije paljenja osvetljenja na trgu za Dan zahvalnosti.<\/li>\n<li><strong>Junion Stej\u0161n i Sajn Siti<\/strong> \u2013 Istorijska \u017eelezni\u010dka stanica Junion (izgra\u0111ena 1914. godine) sada je atrakcija za porodice sa restoranima, interaktivnim nau\u010dnim centrom (Grad nauke) i povremenim izlo\u017ebama. (Prilago\u0111eno deci, ali zanimljivo i za odrasle.)<\/li>\n<li><strong>Krunski centar<\/strong> \u2013 Pored \u017eelezni\u010dke stanice Junion, Kraun centar je kompleks me\u0161ovite namene sa sedi\u0161tem kompanije Halmark, prodavnicama i Legolend Diskaveri centrom \u2013 odli\u010dan za porodice. Pored njega, <strong>Trg Kraun Centra<\/strong> organizuje sezonske doga\u0111aje (kao \u0161to je godi\u0161nje klizali\u0161te).<\/li>\n<li><strong>Zoolo\u0161ki vrt u Kanzas Sitiju<\/strong> \u2013 Nalazi se u parku Svoup, jednom od najboljih zoolo\u0161kih vrtova u zemlji (izgra\u0111enom oko jezera povr\u0161ine 65 hektara). Sadr\u017ei veliku afri\u010dku izlo\u017ebu sa slonovima, \u017eirafama i velikim ma\u010dkama, kao i Helcberg pingvin plazu.<\/li>\n<li><strong>Bulevarski auto-bioskop<\/strong> \u2013 Klasi\u010dan auto-bioskop koji radi od 1950. godine. Ovo nostalgi\u010dno mesto je omiljeno me\u0111u me\u0161tanima zbog letnjih dvostrukih filmova pod zvezdama.<\/li>\n<li><strong>Park skulptura i vodeni element Nelson-Atkins<\/strong> \u2013 Pored muzeja u zatvorenom prostoru, Nelsonov prostor uklju\u010duje skulpturu na otvorenom i masivnu fontanu koja je osvetljena obojenim svetlima u letnjim ve\u010derima.<\/li>\n<\/ul>\n<p>Mnoge od njih mogu se istra\u017eiti besplatnim tramvajem u centru grada Kanzas Sitija (linija duga 3,5 kilometra koja povezuje River Market kroz centar grada sa Junion Stej\u0161nom i raskrsnicom). Zapravo, nedavna urbana revitalizacija Kanzas Sitija u\u010dinila je centar grada pristupa\u010dnijim za pe\u0161ake, sa novim restoranima, pivarama i javnom umetno\u0161\u0107u (podru\u010dje Bulevardija na bulevaru i River Market). Sve zajedno, atrakcije isti\u010du me\u0161avinu nasle\u0111a Srednjeg zapada (fontane, ro\u0161tilj, d\u017eez) i umetnosti i zabave velikih gradova u Kanzas Sitiju.<\/p>\n<h2>Prakti\u010dni snimak<\/h2>\n<p>Glavni aerodrom je Me\u0111unarodni aerodrom Kanzas Siti (MCI, \u010desto nazivan MCI \/ Kanzas Siti), oko 24 kilometra severozapadno od centra grada. MCI nudi desetine doma\u0107ih letova (\u010cikago, Dalas, Denver, NJujork, itd.) i nekoliko me\u0111unarodnih linija (npr. do Londona ili Meksiko Sitija). Za one koji voze, Kanzas Siti je lako dostupan preko me\u0111udr\u017eavnih autoputeva I-35 i I-70. Ako dolazite vozom, stanica Amtrak u Kanzas Sitiju (u Misuriju) ima svakodnevnu uslugu preko linije Sautvest \u010cif (ruta od obale do obale) \u2013 iako su rasporedi ograni\u010deni. Regionalni aerodromi (npr. Kanzas Siti, aerodrom Kanzas ili Kolumbija Regional) su mnogo manji, tako da ve\u0107ina putnika koristi MCI.<\/p>\n<p>Sistem besplatnih tramvaja u centru grada (KC) omogu\u0107ava pogodno putovanje du\u017e Glavne ulice i Grand bulevara (od River Marketa do Kraun centra\/Junion stanice) i, \u0161to je va\u017eno, vo\u017enje su <em>besplatno<\/em> putnicima. (Tramvaj se produ\u017eava ka severu i bi\u0107e povezan sa Vestportom i Kantri Klab Plazom do 2025. godine.) Pored toga, grad upravlja autobuskom mre\u017eom (RideKC) koja pokriva metro; me\u0111utim, urbano \u0161irenje zna\u010di da se za prigradska podru\u010dja i \u0161pice poslovnih putovanja mnogi posetioci oslanjaju na iznajmljivanje automobila, deljenje vo\u017enje ili taksije. Klju\u010dne atrakcije u centru grada i predgra\u0111ima (Zoolo\u0161ki vrt, Kraun centar) najbolje su dostupne automobilom. Centar grada i Krosrouds su prili\u010dno pe\u0161a\u010dki dostupni, a vo\u017enja biciklom je popularna na nekoliko staza.<\/p>\n<p>Valuta je ameri\u010dki dolar, a engleski je glavni jezik (oko 12% stanovnika su Hispanoamerikanci, tako da je \u0161panski drugi naj\u010de\u0161\u0107i jezik u regionu). Napojnica se daje po ameri\u010dkim normama (15\u201320% u restoranima). Voza\u010di u Kanzas Sitiju po\u0161tuju ista saobra\u0107ajna pravila kao i drugde u SAD (vo\u017enja desnom stranom). Napomena o bezbednosti: Centar Kanzas Sitija je generalno bezbedan tokom dana i ranih ve\u010deri (sa vidljivim prisustvom policije u turisti\u010dkim zonama), ali kao i u svakom velikom gradu, treba biti svestan okoline no\u0107u. Podru\u010dje reke Misuri mo\u017ee biti poplavljeno u prole\u0107e, pa proverite sezonske savete pre nego \u0161to krenete u parkove pored reke. \u0160to se ti\u010de vremena, spakirajte se prema sezoni \u2013 leta mogu biti sklona grmljavinama, zime mogu doneti led.<\/p>\n<p>Ukratko, posetilac Kanzas Sitija trebalo bi da o\u010dekuje sadr\u017eaje velikog grada sa prakti\u010dnom atmosferom. Infrastruktura (putevi, hotelski lanci, restorani) je moderna i prilago\u0111ena posetiocima. Naglasak na umetnosti i kuhinji zna\u010di da \u0107ete lako prona\u0107i internacionalnu hranu pored ro\u0161tiljskih mesta, a poznavanje engleskog jezika je sve \u0161to je potrebno da biste se sna\u0161li. Podru\u010dje Kanzas Sitija ima vi\u0161e glavnih trgova\u010dkih i kulturnih okruga, tako da je korisno planirati logistiku: na primer, centar grada, Kantri klub Plaza i Vestport nisu pored njih, pa je potrebno vreme za vo\u017enju ili prevoz \u0161atlom izme\u0111u njih. Ali generalno, Kanzas Siti je dobro organizovan, prijateljski nastrojen i ima dosta signalizacije na engleskom jeziku, tako da se putnici brzo ose\u0107aju kao kod ku\u0107e.<a href=\"https:\/\/travelshelper.com\/sr\/destinacije\/severna-amerika\/sjedinjene-americke-drzave\/berkli-springs\/\" target=\"_self\" aria-labelledby=\"uael-post-8997\"><br \/>\n<\/a><\/p>","protected":false},"excerpt":{"rendered":"<p>Kanzas Siti, Misuri (\u010desto skra\u0107eno KC ili KCMO), je najnaseljeniji i prostraniji grad u dr\u017eavi Misuri. Iako se njegove granice prote\u017eu kroz okruge Klej, Plat i Kas, ve\u0107i deo Kanzas Sitija se nalazi u okrugu D\u017dekson. Sa populacijom od skoro 2.392.035 stanovnika i prote\u017eu\u0107i se du\u017e dr\u017eavne granice Misurija i Kanzasa, ovaj grad je centralno sredi\u0161te metropolitanskog podru\u010dja Kanzas Sitija. Prema popisu iz 2020. godine, Kanzas Siti, \u0161esti najnaseljeniji grad na Srednjem zapadu i 37. najnaseljeniji grad u Sjedinjenim Dr\u017eavama, imao je 508.090 stanovnika.<\/p>","protected":false},"author":1,"featured_media":3057,"parent":8072,"menu_order":0,"comment_status":"closed","ping_status":"closed","template":"elementor_theme","meta":{"_eb_attr":"","footnotes":""},"class_list":["post-8139","page","type-page","status-publish","has-post-thumbnail"],"_links":{"self":[{"href":"https:\/\/travelshelper.com\/sr\/wp-json\/wp\/v2\/pages\/8139","targetHints":{"allow":["GET"]}}],"collection":[{"href":"https:\/\/travelshelper.com\/sr\/wp-json\/wp\/v2\/pages"}],"about":[{"href":"https:\/\/travelshelper.com\/sr\/wp-json\/wp\/v2\/types\/page"}],"author":[{"embeddable":true,"href":"https:\/\/travelshelper.com\/sr\/wp-json\/wp\/v2\/users\/1"}],"replies":[{"embeddable":true,"href":"https:\/\/travelshelper.com\/sr\/wp-json\/wp\/v2\/comments?post=8139"}],"version-history":[{"count":0,"href":"https:\/\/travelshelper.com\/sr\/wp-json\/wp\/v2\/pages\/8139\/revisions"}],"up":[{"embeddable":true,"href":"https:\/\/travelshelper.com\/sr\/wp-json\/wp\/v2\/pages\/8072"}],"wp:featuredmedia":[{"embeddable":true,"href":"https:\/\/travelshelper.com\/sr\/wp-json\/wp\/v2\/media\/3057"}],"wp:attachment":[{"href":"https:\/\/travelshelper.com\/sr\/wp-json\/wp\/v2\/media?parent=8139"}],"curies":[{"name":"wp","href":"https:\/\/api.w.org\/{rel}","templated":true}]}}