{"id":8130,"date":"2024-09-01T11:57:43","date_gmt":"2024-09-01T11:57:43","guid":{"rendered":"https:\/\/travelshelper.com\/staging\/?page_id=8130"},"modified":"2026-03-13T17:47:16","modified_gmt":"2026-03-13T17:47:16","slug":"dzekson-hol","status":"publish","type":"page","link":"https:\/\/travelshelper.com\/sr\/destinations\/north-america\/united-states\/jackson-hole\/","title":{"rendered":"D\u017eekson Hol"},"content":{"rendered":"<p>Sme\u0161ten u planinskom pejza\u017eu severozapadnog Vajominga, D\u017dekson Houl je grad u dolini na velikoj nadmorskoj visini koji otelotvoruje su\u0161tinu ameri\u010dkog Zapada. Grad D\u017dekson (\u010desto nazvan samo \u201eD\u017dekson Houl\u201c) je najve\u0107a zajednica u okrugu Teton, ali \u010dak i od 2023. godine ostaje mali \u2013 oko 10.700 stanovnika. Uprkos skromnoj populaciji, D\u017dekson Houl ima reputaciju luksuznog odmarali\u0161ta i centra za avanture na otvorenom. Nalazi se u blizini (i delimi\u010dno unutar) Nacionalnog parka Grand Teton, sa dramati\u010dnim planinskim vencem Teton koji se uzdi\u017ee odmah na zapadu i ju\u017enim obodom Jeloustona oko 60 milja severno. Ovu \u017eivopisnu planinsku dolinu izrezbaruju reke Snejk i Gros Ventr, iznad 1800 metara nadmorske visine. Klima je alpska: kratka topla leta i duge, hladne zime. \u017divot u D\u017deksonu je opu\u0161ten i orijentisan na otvorenom; engleski je glavni jezik, \u0161to odra\u017eava njegovu stopu dr\u017eavljanstva od 100% u SAD i ve\u0107insko belo stanovni\u0161tvo. (Lokalno stanovni\u0161tvo je oko dve tre\u0107ine belo, sa rastu\u0107om hispanskom zajednicom od oko 23,5%, uglavnom zahvaljuju\u0107i sezonskim radnicima i radnicima u uslu\u017enim industrijama koji govore \u0161panski.)<\/p>\n<h2>D\u017dekson Houl po brojevima<\/h2>\n<p>Kao \u0161to je napomenuto, D\u017dekson Houl je mali grad po gradskim standardima \u2013 samo oko 10,7 hiljada ljudi u 2023. godini. Tako\u0111e je jedan od najbogatijih gradova u SAD po prihodima doma\u0107instava: srednji prihod doma\u0107instva je oko 112.600 dolara godi\u0161nje, \u0161to je daleko iznad nacionalnog proseka. Srednja starost je oko 35 godina (\u0161to ukazuje na veliki broj mladih odraslih i porodica, kao i penzionera). Grad je u su\u0161tini 100% gra\u0111ana SAD i preko 90% belaca (nehispanskog porekla), mada se, kao \u0161to je pomenuto, zna\u010dajan deo radne snage identifikuje kao Hispanoamerikanci. Postoji veoma malo jezi\u010dke raznolikosti kod ku\u0107e \u2013 gotovo svi stanovnici navode da govore samo engleski.<\/p>\n<p>Lokalna ekonomija se vrti oko turizma i srodnih usluga. D\u017dekson Hol i okrug Teton privla\u010de preko milion posetilaca godi\u0161nje; 2022. godine, oko 1,69 miliona posetilaca je do\u0161lo u region, unose\u0107i otprilike 1,65\u20131,7 milijardi dolara u lokalnu ekonomiju. Ova potro\u0161nja je podr\u017eala oko 7.900 radnih mesta (oko 7% zaposlenosti u okrugu) i uklju\u010duje sme\u0161taj, hranu i pi\u0107e, rekreaciju (skijanje, planinarske ture, vodi\u010de za ribolov) i maloprodaju. Ukratko, brojke nagla\u0161avaju da egzistencija D\u017dekson Hola zavisi od njegovih prirodnih atrakcija \u2013 planina, divljih \u017eivotinja, skijanja \u2013 a ne od poljoprivrede ili te\u0161ke industrije. (Radi perspektive, ekonomska aktivnost po glavi stanovnika je ogromna; osoba bi mogla usputno primetiti da je D\u017deksonova ekonomija otprilike 160.000 dolara po stanovniku u turisti\u010dkoj potro\u0161nji.)<\/p>\n<h2>Lokacija<\/h2>\n<p>D\u017dekson Houl se odnosi na dolinu \u2013 duga\u010dku otprilike 67 kilometara \u2013 koja se nalazi izme\u0111u planinskog venca Teton na zapadu i planinskog venca Gros Ventr na istoku. Sam grad D\u017dekson nalazi se blizu ju\u017enog kraja doline, oko 108 kilometara od Nacionalnog parka Jelouston i 16 kilometara od Nacionalnog parka Grand Teton. Deo je ekosistema Velikog Jeloustona. Dno doline je u proseku oko 1.900 metara nadmorske visine. Okolni vrhovi su dramati\u010dni: Grand Teton se uzdi\u017ee na 4.125 metara. Ove planine stvaraju klasi\u010dno okru\u017eenje Stenovitih planina: alpske \u0161ume, divlje reke i livade \u017ealfije. Na jugu, dolina se susre\u0107e sa planinskim vencem Vajoming; na severu, reka Snejk te\u010de prema Ajdahu.<\/p>\n<p>Kontinentalna podeonica prolazi u blizini; zapravo, ameri\u010dki put 26\/89\/191 prelazi preko prevoja Teton (2.431 stopa) u Ajdaho oko 25 kilometara ju\u017eno od grada, povezuju\u0107i D\u017dekson Hol sa odmarali\u0161tem u Ajdahu (npr. Viktor, Ajdaho). Zimi ovaj prevoj mo\u017ee biti sne\u017een, pa putnici \u010desto planiraju da ga zaobi\u0111u. Lokalna klima je hladna: prose\u010dne letnje temperature su izme\u0111u 20 i 27\u00b0C, a zimske prose\u010dne temperature tokom meseca: npr. najvi\u0161a temperatura u januaru ~30\u00b0C, najni\u017ea ~\u20131\u00b0C\/\u201312\u00b0C). Sne\u017ene padavine su obilne (preko 132 cm po sezoni), \u0161to omogu\u0107ava svetski poznatim skijali\u0161tima u dolini (planinsko odmarali\u0161te D\u017dekson Hol, Snou King) da rade od novembra do aprila. Ovde nisu bili potrebni citati, ali podaci ukazuju na ekstremne temperature od \u201322\u00b0C do +102\u00b0C istorijski.<\/p>\n<h2>Istorijski pregled<\/h2>\n<p>Podru\u010dje D\u017dekson Hola naseljavali su Indijanci milenijumima. \u0160o\u0161oni, kao i srodna plemena (Banok, Krou, Blekfut, Gros Ventr), koristili su dolinu sezonski za lov i ribolov. Izvori i livade bili su neutralno tlo i imali su kulturni zna\u010daj za narod \u0160o\u0161oni-Banok. Za njih su topli izvori bili svete \u201elekovite vode\u201c i \u010dak i danas mnogi lokalni narativi isti\u010du duhovnu vrednost izvora.<\/p>\n<p>Dolinu su \u201eotkrili\u201c ameri\u010dki planinski ljudi i traperi po\u010detkom 19. veka. Trgovac krznom Dejvid \u201eDejvi\u201c D\u017dekson, \u010dlan legendarne Astorove ekspedicije iz 1822. godine, navodno je ovde zimovao, daju\u0107i dolini ime (prvobitno \u201eDejvijeva D\u017deksonova rupa\u201c). Dolina je ostala slabo naseljena decenijama; bila je deo ruta Oregonske staze i Kalifornijske staze sredinom 19. veka, a emigranti su prolazili u blizini na putu ka zapadu.<\/p>\n<p>Trajna naseljavanja neautohtonog stanovni\u0161tva po\u010dela su ozbiljno krajem 19. veka. Ran\u010deri su se doselili kao deo zemlji\u0161ta indijanskog rezervata Fort Hol nakon sporazuma iz 1870-ih, a do 1880-ih ispa\u0161a stoke postala je glavna industrija u dolini. Grad D\u017dekson (prvobitno \u201eD\u017deksonova rupa\u201c ili \u201eFi\u0161erova dolina\u201c) je zvani\u010dno dobio ime 1894. godine, do kada je imao nekoliko desetina zgrada i trajekt preko reke Snejk. Godine 1900. nacrtan je prvi gradski plan, a 1903. D\u017dekson je inkorporiran kao grad.<\/p>\n<p>Prekretnica se dogodila po\u010detkom 20. veka kada je savezna vlada pretvorila lokalna zemlji\u0161ta u javne parkove. Od 1908. do 1912. godine Kongres je odobrio nacionalno uto\u010di\u0161te za losove koji prezimljavaju u dolini; uto\u010di\u0161te za losove D\u017dekson Houl zvani\u010dno je osnovano 1912. godine, osiguravaju\u0107i stalnu populaciju hiljada losova i bizona. U me\u0111uvremenu, 1929. godine Sjedinjene Dr\u017eave su osnovale Nacionalni park Grand Teton, \u0161tite\u0107i planine na zapadu. Ove oznake su pomerile ekonomiju doline sa sto\u010darstva na turizam. D\u017dekson Houl je progla\u0161en gradom 1915. godine (ime mu je skra\u0107eno na \u201eD\u017dekson\u201c), a tokom ere Velike depresije turizam (letnje auto-ture i ran\u010devi za mu\u0161karce) odr\u017eavao je grad u \u017eivotu.<\/p>\n<p>Posle Drugog svetskog rata, rekreacija je do\u017eivela procvat. Godine 1939. izgra\u0111ena je prva \u017ei\u010dara na planini Snou King, u samom gradu, a 1954. godine otvoren je planinski kurort D\u017dekson Houl u selu Teton na severozapadu. Ovi razvoji, u kombinaciji sa otvaranjem komercijalnih letova na aerodromu D\u017dekson Houl 1946. godine, u\u010dinili su D\u017dekson dostupnim posetiocima. Tokom druge polovine 20. veka, D\u017dekson Houl se razvio od sto\u010darske zajednice u svetski poznato odmarali\u0161te \u2013 zadr\u017eavaju\u0107i pritom izrazito zapadnja\u010dki \u201ekaubojski\u201c identitet.<\/p>\n<p>Danas su neki elementi D\u017deksonove pro\u0161losti ostali: klasi\u010dni lukovi od rogova na gradskom trgu (izgra\u0111eni 1953. godine od rogova losa sakupljenih u uto\u010di\u0161tu) simbolizuju njegovo grani\u010dno nasle\u0111e. Lokalna istorijska mesta (arena za rodeo D\u017dekson Houl iz 1953. godine, lo\u017ea Point Bar i muzej Stejd\u017e Barn iz 1922. godine) \u010duvaju staru pionirsku i sto\u010darsku kulturu. Ukratko, istorija D\u017dekson Houla je pri\u010da o starateljstvu ameri\u010dkih starosedelaca, naseljavanju u surovim planinama i kona\u010dno turizmu vo\u0111enom o\u010duvanjem prirode.<\/p>\n<h2>Kulturna atmosfera<\/h2>\n<p>Lokalni karakter D\u017dekson Hola je me\u0161avina \u0161arma Divljeg zapada, neformalnosti na otvorenom i udobnosti luksuznog odmarali\u0161ta. Engleski govore gotovo svi; s obzirom na veli\u010dinu hispanske zajednice, \u010du\u0107ete i \u0161panski u restoranima i prodavnicama (oko 23% stanovnika se identifikuje kao Hispanoamerikanci ili Latinoamerikanci). Porodi\u010dni \u017eivot i rekreacija na otvorenom oblikuju svakodnevne rutine: mnogi me\u0161tani po\u010dinju dan skijaju\u0107i ili planinare\u0107i i obavljaju\u0107i poslove u japankama i farmerkama. Nema mentaliteta \u0161pica \u2013 tempo je opu\u0161ten, ali vredan. Gostoprimstvo je toplo; vlasnici prodavnica i hotelsko osoblje imaju tendenciju da pozdrave posetioce prijateljskim \u201ezdravo\u201c ili \u201edobrodo\u0161li u D\u017dekson\u201c.<\/p>\n<p>Tradicije i festivali odra\u017eavaju ovaj zapadnja\u010dki etos. Dani okupljanja u D\u017dekson Holu (odr\u017eavaju se oko \u010cetvrtog jula) su popularni doga\u0111aj nasle\u0111a sa paradama, ve\u010derama sa \u010dakgonovima, vatrometom i rodeom. (Godi\u0161nja proslava 4. jula uklju\u010duje vatromet i bezbri\u017enu trku gumenih pataka po reci u dobrotvorne svrhe.) Snou King Mauntin je svake godine doma\u0107in \u201eVatre i leda\u201c u januaru \u2013 zimskog karnevala sa takmi\u010denjima u skulpturama od leda, vatrometom i skija\u0161kim doga\u0111ajima. Krajem leta, Jesenji festival umetnosti u D\u017dekson Holu (od 1980-ih) predstavlja lokalne umetnike, muziku i kaubojsku poeziju. Lokalni klubovi i dobrotvorne organizacije tako\u0111e organizuju rodeoe, polo utakmice i svirke planinske muzike tokom leta.<\/p>\n<p>Ako ostavimo po strani festivale, kulturno srce D\u017deksona je u zagrljaju prirodnog sveta. Mnogih letnjih ve\u010deri \u0107ete na\u0107i gra\u0111ane kako \u0161etaju Gradskim trgom (Memorijalni park D\u017dord\u017ea Va\u0161ingtona), sudaraju\u0107i se laktovima ispod kultnih lukova od rogova jelena. Umetni\u010dke galerije prikazuju umetnost sa vestern tematikom i divljim \u017eivotinjama (Nacionalni muzej umetnosti divljih \u017eivotinja gleda na uto\u010di\u0161te za jelene). U sportu, gotovo svaki stanovnik je barem povremeni ljubitelj skijanja ili biciklizma. Postoji zna\u010dajna egalitarna crta: nije neuobi\u010dajeno videti milijardera u skija\u0161kim cipelama kako \u0107aska sa \u010duvarom parka. Ukratko, D\u017dekson Houl se ose\u0107a kao sofisticirano selo u zaba\u010denom kraju: prijateljsko, pomalo rusti\u010dno, ali ipak obojeno svetskim samopouzdanjem zbog toga \u0161to je tako tra\u017eena destinacija.<\/p>\n<h2>Najbolje atrakcije<\/h2>\n<p>Atrakcije D\u017dekson Houla su uglavnom spolja\u0161nje i \u017eivopisne, ali uklju\u010duju i jedinstvene znamenitosti u zatvorenom prostoru. Najva\u017enije atrakcije koje morate videti uklju\u010duju:<\/p>\n<ul>\n<li><strong>Nacionalni park Grand Teton<\/strong> \u2013 Severno od grada, ovaj park nudi nezaboravne alpske pejza\u017ee. Posetioci se okupljaju na jezeru D\u017deni (planinare, vo\u017enje brodom), planini Signal (vidovici) i samom \u017eivopisnom vencu Teton. Posmatranje divljih \u017eivotinja (losovi, medvedi, jeleni) je odli\u010dno, posebno rano ujutru.<\/li>\n<li><strong>Nacionalno uto\u010di\u0161te za losove<\/strong> \u2013 Dom hiljadama losova svake zime, uto\u010di\u0161te od 24.000 hektara isto\u010dno od D\u017deksona nudi safarije za divlje \u017eivotinje (ture sne\u017enim kolima zimi). \u200b\u200bUto\u010di\u0161te \u0161titi krdo losova i bizona iz D\u017dekson Hola, a spektakularni \u201etorovi\u201c sa rogovima na Gradskom trgu izgra\u0111eni su od rogova losova prona\u0111enih u ovom uto\u010di\u0161tu.<\/li>\n<li><strong>D\u017dekson Taun Skver<\/strong> \u2013 Rusti\u010dni drveni gradski trg je centar D\u017deksona, a odlikuju ga \u010detiri luka od rogova losa i bronzana statua losa. Okru\u017een je galerijama, prodavnicama i istorijskim barom \u201eMilion dolara kauboj\u201c (\u010duveni salon sa zapadnja\u010dkim dekorom). Gradski trg je mesto gde se lokalno stanovni\u0161tvo i posetioci okupljaju u letnjim ve\u010derima.<\/li>\n<li><strong>Planinski odmarali\u0161te D\u017dekson Houl (Titon Vilid\u017e)<\/strong> \u2013 Skijali\u0161te svetske klase (i letnja \u017ei\u010dara) zapadno od grada. Zimi nudi strme staze i dubok snijeg; leti nudi alpsko planinarenje, planinski biciklizam i panoramske vo\u017enje \u017ei\u010darom do vrha Rendevu.<\/li>\n<li><strong>Planina Sne\u017enog kralja<\/strong> \u2013 Sme\u0161ten u samom D\u017deksonu, Snou King je lokalno skijali\u0161te i rekreativna zona grada. Leti ima popularnu stazu za planinski roler i divlje \u017eivotinje, a zimi njegov terenski park privla\u010di snoubordere.<\/li>\n<li><strong>Nacionalni muzej umetnosti divljih \u017eivotinja<\/strong> \u2013 Sa pogledom na uto\u010di\u0161te za losove severoisto\u010dno od grada, ovaj muzej sadr\u017ei vrhunsku kolekciju \u017eivotinjske i zapadne umetnosti. \u010cak je i sama zgrada (inspirisana oblikom stenovitog izboja) pravi fotografski hit.<\/li>\n<li><strong>Istorijsko dru\u0161tvo i muzej D\u017dekson Houl<\/strong> \u2013 Sme\u0161ten u blizini gradskog trga, ovaj muzej i istra\u017eiva\u010dki centar ima eksponate o istoriji doline, uklju\u010duju\u0107i artefakte iz \u017eivota Indijanaca, doba lovaca i ranog D\u017deksona.<\/li>\n<li><strong>Rodeo u D\u017dekson Houlu<\/strong> \u2013 Od juna do avgusta, profesionalni rodeoi se odr\u017eavaju tri ve\u010deri nedeljno u prelepoj rodeo areni blizu D\u017deksona, prikazuju\u0107i jahanje bikova, trke oko buradi i vo\u017enju konopcem \u2013 zabavan deo kaubojske kulture. (Jahanje bikova ovde je kvalifikacija za nacionalno finale rodea.)<\/li>\n<li><strong>Nacionalni muzej umetnosti divljih \u017eivotinja<\/strong> \u2013 Muzejska kolekcija slika i skulptura vesterna i divljih \u017eivotinja je svetske klase. NJegova \u017eivopisna lokacija gleda na Nacionalni rezervat za losove, \u0161to ga \u010dini dvostrukom atrakcijom (umetnost plus panorama).<\/li>\n<\/ul>\n<p>Svaka od ovih atrakcija otelotvoruje ono zbog \u010dega ljudi dolaze u D\u017dekson Houl: veli\u010danstveni pejza\u017ei, divlji svet i ukus zapadnja\u010dkog nasle\u0111a. Bilo da se spu\u0161taju na skijama niz nazubljeni vrh ili \u0161etaju ispod lukova od losovih rogova u gradu, \u201erupa\u201c \u2013 kako me\u0161tani zovu dolinu \u2013 nudi nezaboravna iskustva.<\/p>\n<h2>Prakti\u010dni snimak<\/h2>\n<p>Jedinstveni aerodrom D\u017dekson Hol (Aerodrom D\u017dekson Hol, IATA kod JAC) je jedini komercijalni aerodrom u SAD koji se u potpunosti nalazi u nacionalnom parku (Nacionalni park Grand Teton). Letovi su relativno ograni\u010deni: ve\u0107ina posetilaca dolazi preko jednosednih veza iz ve\u0107ih zapadnih gradova poput Denvera, Solt Lejk Sitija ili Sijetla. Zimi su letovi posebno tra\u017eeni. Aerodrom je udaljen oko 20 minuta (10\u201312 milja) ju\u017eno od grada. Za \u0161ire mogu\u0107nosti letova, aerodromi Solt Lejk Siti (Juta) i Ajdaho Fols (Ajdaho) su udaljeni oko 200 i 100 milja, respektivno, ali do D\u017deksona sa njih su potrebne duge vo\u017enje.<\/p>\n<p>Drumskim putem, ameri\u010dki putevi 26, 89 i 191 spajaju se u D\u017deksonu. Me\u0111udr\u017eavni put I-15 je oko 64 kilometra ju\u017eno (do Viktora, Ajdaho), povezan sa D\u017deksonom preko prevoja Teton. Tokom zimskih oluja, ruta preko prevoja Teton mo\u017ee biti te\u0161ka; \u010di\u0161\u0107enje snega je odr\u017eava prohodnom ve\u0107inu vremena, ali putnici bi trebalo da planiraju u skladu sa tim. Ne postoji putni\u010dka \u017eelezni\u010dka linija do D\u017dekson Houla. Me\u0111ugradska autobuska linija (npr. Ekspres Arou) saobra\u0107a od Solt Lejk Sitija i Denvera tokom \u0161pica sezone.<\/p>\n<p>Unutar D\u017deksona, kretanje po gradu je lako pe\u0161ke u kompaktnom podru\u010dju gradskog trga (sa prodavnicama i galerijama). Grad ima besplatan \u0161atl do centra grada (\u201eSTART bus\u201c) koji saobra\u0107a svakih 20 minuta leti. Za destinacije van grada (npr. skijali\u0161ta ili Nacionalni park Grand Teton), ve\u0107ina posetilaca iznajmljuje automobile ili koristi \u0161atlove\/taksije. Lokalni javni prevoz (\u201eSTART bus\u201c) uklju\u010duje rutu na bazi cene uz planinu do sela Teton i dalje do Nacionalnog parka Grand Teton. Vo\u017enja bicikla je popularna na asfaltiranim stazama doline, a ovde rade i Uber\/Lift taksiji (mada mo\u017ee do\u0107i do pove\u0107anja cena tokom turisti\u010dkih sezona).<\/p>\n<p>D\u017dekson Houl koristi ameri\u010dku valutu (ameri\u010dki dolar) i primenjuju se ameri\u010dke carine za bak\u0161i\u0161 (oko 15\u201320% u restoranima i za vo\u0111ene ture). Engleski se govori svuda; nijedan strani jezik nije potreban u gradu. Velika nadmorska visina doline (preko 1800 metara) zna\u010di da je sunce jako \u2013 posetioci bi trebalo da koriste kremu za sun\u010danje i da ostanu hidrirani. Zimski posetioci bi trebalo da nose tople slojeve ode\u0107e \u010dak i tokom dana, jer se planinski uslovi mogu brzo promeniti. Bezbednost divljih \u017eivotinja je va\u017ena: uvek dr\u017eite se najmanje 25 metara od medveda i vukova i 100 metara od bizona (NPS savetuje posmatranje losova iz daljine, posebno sa mladuncima). Podru\u010dje je veoma bezbedno u pogledu kriminala (neuobi\u010dajeno je prona\u0107i zaklju\u010dana vrata u gradu); glavni oprez je jednostavno pripremiti se za visinu i divlje \u017eivotinje.<\/p>\n<p>Ukratko, D\u017dekson Houl predstavlja me\u0161avinu rusti\u010dnog zapadnja\u010dkog \u0161arma i modernih sadr\u017eaja odmarali\u0161ta. Sezonski doga\u0111aji \u2013 skijanje zimi, planinarenje leti \u2013 vode njegov kalendar, ali tokom cele godine va\u017ee ista prakti\u010dna razmatranja: govorno govorno telo engleskog jezika, prihvatanje bak\u0161i\u0161a, prihvatanje obilne koli\u010dine gotovine\/kartica i opu\u0161ten, ali savestan na\u010din \u017eivota na otvorenom.<a href=\"https:\/\/travelshelper.com\/sr\/destinacije\/severna-amerika\/sjedinjene-americke-drzave\/berkli-springs\/\" target=\"_self\" aria-labelledby=\"uael-post-8997\"><br \/>\n<\/a><\/p>","protected":false},"excerpt":{"rendered":"<p>D\u017dekson Houl, koju su rani istra\u017eiva\u010di nekada nazivali D\u017deksonovom rupom, je zapanjuju\u0107a dolina koju obuhvataju veli\u010danstveni planinski venci Gros Ventr i Teton u Vajomingu, blizu granice sa Ajdahom u okrugu Teton. Rani lovci, ponekad poznati kao planinski ljudi, ve\u0161to su skovali termin \u201erupa\u201c da bi okarakterisali velike planinske doline. Definisane svojim blagim krivinama, ove doline su obuhva\u0107ene velikim planinama i isprepletene rekama i potocima kako bi stvorile idealno uto\u010di\u0161te za dabrove i druge krznene \u017eivotinje. D\u017dekson Houl se elegantno prote\u017ee preko 89 km u du\u017einu i ima profinjenu \u0161irinu izme\u0111u 10 i 21 km. Uzdi\u017eu\u0107i se na prose\u010dnu nadmorsku visinu od 2.100 metara, ovo je zadivljuju\u0107a dolina sa najvi\u0161e lepote na ju\u017enoj granici parka na 1.940 metara.<\/p>","protected":false},"author":1,"featured_media":3850,"parent":8072,"menu_order":0,"comment_status":"closed","ping_status":"closed","template":"elementor_theme","meta":{"_eb_attr":"","footnotes":""},"class_list":["post-8130","page","type-page","status-publish","has-post-thumbnail"],"_links":{"self":[{"href":"https:\/\/travelshelper.com\/sr\/wp-json\/wp\/v2\/pages\/8130","targetHints":{"allow":["GET"]}}],"collection":[{"href":"https:\/\/travelshelper.com\/sr\/wp-json\/wp\/v2\/pages"}],"about":[{"href":"https:\/\/travelshelper.com\/sr\/wp-json\/wp\/v2\/types\/page"}],"author":[{"embeddable":true,"href":"https:\/\/travelshelper.com\/sr\/wp-json\/wp\/v2\/users\/1"}],"replies":[{"embeddable":true,"href":"https:\/\/travelshelper.com\/sr\/wp-json\/wp\/v2\/comments?post=8130"}],"version-history":[{"count":0,"href":"https:\/\/travelshelper.com\/sr\/wp-json\/wp\/v2\/pages\/8130\/revisions"}],"up":[{"embeddable":true,"href":"https:\/\/travelshelper.com\/sr\/wp-json\/wp\/v2\/pages\/8072"}],"wp:featuredmedia":[{"embeddable":true,"href":"https:\/\/travelshelper.com\/sr\/wp-json\/wp\/v2\/media\/3850"}],"wp:attachment":[{"href":"https:\/\/travelshelper.com\/sr\/wp-json\/wp\/v2\/media?parent=8130"}],"curies":[{"name":"wp","href":"https:\/\/api.w.org\/{rel}","templated":true}]}}