{"id":8116,"date":"2024-09-01T02:05:01","date_gmt":"2024-09-01T02:05:01","guid":{"rendered":"https:\/\/travelshelper.com\/staging\/?page_id=8116"},"modified":"2026-03-13T17:47:37","modified_gmt":"2026-03-13T17:47:37","slug":"indijanapolis","status":"publish","type":"page","link":"https:\/\/travelshelper.com\/sr\/destinations\/north-america\/united-states\/indianapolis\/","title":{"rendered":"Indijanapolis"},"content":{"rendered":"<p>Indijanapolis, glavni i najve\u0107i grad Indijane, vitalno je sredi\u0161te kulture i trgovine Srednjeg zapada. \u010cesto nazvan \u201eKru\u017eni grad\u201c i \u201eRaskr\u0161\u0107e Amerike\u201c, Indi je sidro urbanog srca dr\u017eave sa populacijom od oko 880.000 (popis iz 2020. godine) i metropolitanskim podru\u010djem od preko 2 miliona. Nalazi se na obalama reke Bela (na u\u0161\u0107u sa Fol Krikom) u centralnoj Indijani. Danas je Indijanapolis glavni transportni i distributivni centar (drumski, \u017eelezni\u010dki i vazdu\u0161ni), koji se nalazi u plodnom kukuruznom pojasu sa klimom toplih, vla\u017enih leta i hladnih zima. NJegova ekonomija je \u0161iroka: Indijanapolis se rangira kao otprilike 28. najve\u0107a metropolitanska ekonomija SAD, koju pokre\u0107u industrije od farmaceutske i automobilske industrije do tehnologije i zdravstva. Tokom proteklih decenija stanovni\u0161tvo i uticaj grada su zna\u010dajno porasli, sada pokre\u0107u\u0107i diverzifikovanu lokalnu ekonomiju.<\/p>\n<h2>Indijanapolis u brojkama<\/h2>\n<p>Sam Indijanapolis (konsolidovani grad-okrug) imao je 887.642 stanovnika prema popisu iz 2020. godine. Poslednjih godina gradsko stanovni\u0161tvo se stabilizovalo blizu ovog nivoa, dok \u0161iri metropolitanski region Indijanapolisa prelazi 2 miliona. Metro ekonomija prelazi 145 milijardi dolara (podaci iz 2019. godine), \u0161to je \u010dini otprilike 28. najve\u0107om u zemlji. Po rasi i etni\u010dkoj pripadnosti, grad je sve raznovrsniji. Belci koji nisu hispanskog porekla \u010dine oko polovine stanovni\u0161tva (pribli\u017eno 50\u201354%), Afroamerikanci oko 28%, a otprilike 12\u201313% stanovnika se identifikuje kao Hispanoamerikanci ili Latinoamerikanci. Manje azijske (oko 4%) i multirasne zajednice tako\u0111e doprinose. Srednja starost je oko 30-ih, a srednji prihod doma\u0107instva je oko 63.000 dolara. Sa stopom siroma\u0161tva oko 150.000 dolara, \u017eivotni standard Indijanapolisa je otprilike u skladu sa nacionalnim normama (tro\u0161kovi \u017eivota oko 7% ispod nacionalnog proseka).<\/p>\n<p>Ekonomski gledano, Indijanapolis i njegov region imaju me\u0161avinu napredne proizvodnje, biolo\u0161kih nauka, logistike i uslu\u017enih industrija. Primetno je da je grad sidro mnogih kompanija sa liste Fortune 500 (zdravstvo, osiguranje, farmaceutski proizvodi), a region je globalni lider u farmaceutskoj industriji i zdravlju \u017eivotinja. (Na primer, sedi\u0161te kompanije Eli Lilly je u blizini.) Drugi istaknuti sektori uklju\u010duju automobilsku i vazduhoplovnu proizvodnju, informacione tehnologije i finansije. Transport je klju\u010dan: aerodrom, \u017eelezni\u010dke stanice i raskrsnice autoputeva u Indijanapolisu slu\u017ee kao \u010dvori\u0161te za Kukuruzni pojas. Zapravo, jedan nedavni rezime navodi da je ekonomija Indijane rangirana na 28. mestu po veli\u010dini u SAD, sa velikom koncentracijom industrija koje se kre\u0107u \u201eod farmaceutske industrije i transporta do tehnologije i zdravstvene za\u0161tite\u201c. Zdravstvena za\u0161tita je tako\u0111e klju\u010dni lokalni sektor (sa nekoliko velikih bolni\u010dkih sistema i medicinskim centrom Univerziteta Indijana). Generalno, Indijanapolis se danas mo\u017ee pohvaliti ekonomijom koja me\u0161a industrijske korene Srednjeg zapada (proizvodnja, logistika) sa rastu\u0107im visokotehnolo\u0161kim i istra\u017eiva\u010dkim industrijama.<\/p>\n<h2>Lokacija<\/h2>\n<p>Geografski gledano, Indijanapolis se nalazi u isto\u010dno-centralnom Srednjem zapadu Severne Amerike, u dr\u017eavi Indijana (Srednji zapad Sjedinjenih Dr\u017eava). Grad je u su\u0161tini ravan do blago valovit, deo je prostranog regiona ravnica Velikih jezera i kukuruznog pojasa. Nalazi se na reci Bela (na u\u0161\u0107u Fol Krika) u centru okruga Marion. Okolni pejza\u017e je prvenstveno poljoprivredno zemlji\u0161te i urbani razvoj, a ne planine ili morske obale. Grad se nalazi oko 185 kilometara zapadno od Sinsinatija i 270 kilometara severno od Luisvila. Me\u0111udr\u017eavni autoputevi I-65, I-70 i I-74 se spajaju u centru grada ili blizu njega, \u0161to ga bukvalno \u010dini \u201eraskrsnicom Amerike\u201c.<\/p>\n<p>Indijanapolis ima vla\u017enu kontinentalnu klimu (K\u00f6ppen Dfa). Leta su topla do vru\u0107a i vla\u017ena, zime su hladne (\u010desto sne\u017ene), a padavine su umerene tokom cele godine. Prose\u010dne letnje temperature dosti\u017eu gornjih 80-90\u00b0F (oko 30-35\u00b0C) sa \u010destom vla\u017eno\u0161\u0107u, dok zimske temperature mogu pasti ispod 20\u00b0F (-6\u00b0C) u proseku. Prole\u0107e i jesen su prili\u010dno blagi, mada se grmljavine i jaki nepogodni uslovi (grad, povremeni tornada) javljaju u prelaznim mesecima. Grad jasno vidi sva \u010detiri godi\u0161nja doba, sa oko 40 in\u010da (1000 mm) padavina godi\u0161nje.<\/p>\n<h2>Istorijski pregled<\/h2>\n<p>Indijanapolis je namerno osnovan po\u010detkom 19. veka da bude glavni grad dr\u017eave Indijana. Godine 1821, zakonodavna skup\u0161tina dr\u017eave Indijana je osnovala Indijanapolis na delu nekada\u0161njeg poljoprivrednog zemlji\u0161ta Indijanaca Delavera. Lokacija \u2013 izabrana zbog svoje centralne lokacije u novoj dr\u017eavi \u2013 postala je sedi\u0161te okruga Marion 1822. godine i formalno je progla\u0161ena za glavni grad Indijane 1825. godine. Rani rast je bio spor do sredine 19. veka, ali polo\u017eaj grada na Nacionalnom putu (zavr\u0161en do Indijanapolisa 1827. godine) i kasnije dolazak \u017eeleznice izazvali su procvat. Do 1861. godine Indijanapolis je bio glavni \u017eelezni\u010dki centar, a tokom Gra\u0111anskog rata njegove \u017eelezni\u010dke stanice u\u010dinile su ga klju\u010dnim logisti\u010dkim \u010dvori\u0161tem Unije. Izme\u0111u 1860. i 1870. godine, kao rezultat toga, stanovni\u0161tvo grada se vi\u0161e nego udvostru\u010dilo.<\/p>\n<p>Krajem 19. i po\u010detkom 20. veka, Indijanapolis se brzo industrijalizovao. Nove industrije poput prerade mesa, obrade metala i na kraju proizvodnje automobila su se ukorenile. Do 1890. godine grad je prema\u0161io 100.000 stanovnika. Jedan zna\u010dajan doga\u0111aj bilo je otvaranje autodroma Indijanapolis 1909. godine (u predgra\u0111u Spidveja); prva trka Indijanapolis 500 odr\u017eana je tamo 1911. godine i postala je godi\u0161nja tradicija i simbol grada.<\/p>\n<p>Klju\u010dna prekretnica dogodila se 1970. godine kada su se vlasti grada Indijanapolisa i okruga Marion spojile pod \u201eUnigovom\u201c. Ovo je konsolidovalo granice Indijanapolisa prakti\u010dno preko no\u0107i, uvode\u0107i udaljene gradove u gradsku strukturu. Konsolidacija grada i okruga zna\u010dajno je pro\u0161irila njegovu poresku osnovu i administrativni domet (dok su neki gradovi poput Lorensa i Bi\u010d Grouva i dalje bili donekle autonomni). Krajem 20. veka, Indijanapolis se svesno brendirao kao centar za amaterski i profesionalni sport \u2013 izgradnjom stadiona Lukas Oil (doma NFL Koltsa) i negovanjem doga\u0111aja poput NCAA prvenstava \u2013 \u0161to je stimulisalo ekonomski rast i turizam.<\/p>\n<p>Danas se gradsko nasle\u0111e arhitekture 19. i po\u010detka 20. veka vidi u znamenitostima kao \u0161to su zgrada dr\u017eavne uprave Indijane (zavr\u0161ena 1888. godine) i Spomenik vojnicima i mornarima (posve\u0107en 1902. godine na Monument Krugu). Tvr\u0111ava Bend\u017eamin Harison (osnovana 1903. godine isto\u010dno od grada) i spomenici Prvom svetskom ratu (na trgu severno od centra grada) odra\u017eavaju gra\u0111anski razvoj Indijanapolisa. Generalno, istorija Indijanapolisa je istorija brzog rasta u 19. veku od pograni\u010dnog grada do modernog grada, nakon \u010dega je usledilo \u0161irenje sredinom 20. veka i kulturni pomak krajem 20. veka ka sportu, kongresnom poslovanju i turizmu.<\/p>\n<h2>Kulturna atmosfera<\/h2>\n<p>Indijanapolis danas spaja gostoprimstvo Srednjeg zapada sa iznena\u0111uju\u0107e kosmopolitskom atmosferom za svoj region. Dominantni jezik je ameri\u010dki engleski, a grad je tradicionalno bio ve\u0107inski bela\u010dki; ali kao \u0161to je gore navedeno, afroameri\u010dke i hispanske zajednice su istaknute i rastu. Lokalno stanovni\u0161tvo sebe \u010desto naziva \u201ehuzijerima\u201c (demonim dr\u017eave) i poznato je po prijateljskom, prizemnom stavu. Naselja imaju razli\u010dite ukuse: na primer, kulturni centar grada je Monument Krug (\u201eKrug Siti\u201c), \u017eivahan, ali opu\u0161ten; Brod Ripl (na severu) je moderan i umetni\u010dki; okrug Mas avenija (Masa\u010dusets avenija) isto\u010dno od centra grada poznat je po restoranima i pozori\u0161tu; a prigradska podru\u010dja poput Karmela i Fi\u0161ersa okru\u017euju metro sa prigradskom porodi\u010dnom atmosferom.<\/p>\n<p>Godi\u0161nji kulturni doga\u0111aji odra\u017eavaju i tradiciju i raznolikost. Najpoznatija je majska sezona trka koja uklju\u010duje jednomese\u010dni festival \u201e500 milja\u201c i kulminira trkom automobila \u201e500 milja\u201c u Indijanapolisu \u2013 gradskom proslavom sa paradama i vatrometom. Leto donosi sajam dr\u017eave Indijana (krajem jula) \u2013 jedan od najve\u0107ih u regionu, sa poljoprivrednim izlo\u017ebama, trka\u010dkom stazom, koncertima i takmi\u010denjima u trkama 4H. Kasno leto tako\u0111e uklju\u010duje Simfoniju na preriji i veliki vatromet za 4. jul (\u010desto se odr\u017eava na memorijalnom brodu USS Indijanapolis u dr\u017eavnom parku Vajt River). Po\u010detkom leta u centru grada odr\u017eavaju se Indi d\u017eez festival i Indija festival, dok se kasnije leto odr\u017eava letnja proslava Indijana crna\u010dkog ekspoa (veliki kulturni festival). Jesen dodaje festivale u kom\u0161iluku (kao \u0161to je festival No\u0107i ve\u0161tica u Irvingtonu i razni doga\u0111aji ameri\u010dkog fudbala na obli\u017enjim univerzitetima). Zimi, paljenje drve\u0107a i svetlosna predstava u zoolo\u0161kom vrtu u centru grada obele\u017eavaju sezonu.<\/p>\n<p>Sportska kultura je tako\u0111e utkana u svakodnevni \u017eivot. Indi ima profesionalne timove u nekoliko glavnih sportova: Indijanapolis Koltsi (fudbal) iz NFL-a i Indijana Pejsersi (ko\u0161arka) iz NBA lige igraju na stadionima u centru grada, i oba privla\u010de strastvene navija\u010de. U prole\u0107e, sedi\u0161te NCAA organizuje univerzitetske sportske doga\u0111aje ovde; grad tako\u0111e \u010desto organizuje olimpijske kvalifikacije i fudbal u arenama. Auto-trke ostaju legendarne (godi\u0161nja trka IndiKar privla\u010di globalnu pa\u017enju). Postoji i jaka zajednica trka\u010da i biciklista, koju podsti\u010du brojni parkovi i staze (npr. Monon staza).<\/p>\n<p>Kulinarska i umetni\u010dka scena je nedavno procvetala. Grad je stekao reputaciju zanatskih pivara i kreativne gastronomije; lokalni favoriti uklju\u010duju sendvi\u010de sa svinjskim fileom, pitu sa \u0161e\u0107ernim kremom Huzijer i revitalizovanu baskijsku hranu svetske klase u oblasti pit-boksa Indi 500. Umetni\u010dke organizacije \u2013 od klasi\u010dnih (Simfonijski orkestar Indijanapolisa u pozori\u0161tu Hilbert Serkl) do savremenih (Memorijalna dvorana Klouz na kampusu Univerziteta Batler) \u2013 doprinose kulturnom ritmu. Ukratko, Indijanapolis nudi uravnote\u017eenu atmosferu \u201egrada srednjeg zapada\u201c: prijateljsku i pristupa\u010dnu, sa gradskim sadr\u017eajima poput muzeja i univerziteta, ali nikada bez topline svog rodnog grada Huzijera.<\/p>\n<h2>Najbolje atrakcije<\/h2>\n<p>Indijanapolis ima mnogo atrakcija za posetioce, od kultnih spomenika do izuzetnih muzeja. Zna\u010dajne znamenitosti uklju\u010duju:<\/p>\n<ul>\n<li><strong>De\u010dji muzej Indijanapolisa<\/strong> \u2013 Najve\u0107i de\u010dji muzej na svetu (osnovan 1926), interaktivni je muzej koji privla\u010di porodice iz cele zemlje.<\/li>\n<li><strong>Dr\u017eavni park Vajt River<\/strong> \u2013 Slikoviti gradski park du\u017e Bele reke, u kojem se nalaze zoolo\u0161ki vrt u Indijanapolisu i Muzej ameri\u010dkih Indijanaca i zapadne umetnosti Eiteljorg. U parku se tako\u0111e nalaze sedi\u0161te NCAA i njegova Ku\u0107a \u0161ampiona, a pru\u017ea i staze i zelene povr\u0161ine uz reku.<\/li>\n<li><strong>Indijanapolis motor spidvej (IMS)<\/strong> \u2013 Sme\u0161tena odmah izvan grada, ova legendarna trka\u010dka staza (dom trke Indijanapolis 500) nudi ture i prate\u0107e <strong>Muzej Ku\u0107e slavnih<\/strong> (prikaz istorijskih trka\u010dkih automobila). \u010cak i oni koji nisu ljubitelji trka smatraju da je pri\u010da o motosportu zanimljiva.<\/li>\n<li><strong>Spomen-krug i spomenik vojnicima i mornarima<\/strong> \u2013 Srce centra grada, Monument Krug (zavr\u0161en 1902. godine) sadr\u017ei Spomenik vojnicima i mornarima Indijane visok 86 metara. Trg oko njega odaje po\u010dast ratnim veteranima Indijane i predstavlja centralno mesto za parade i okupljanja. U blizini se nalaze Kapitol dr\u017eave Indijana i Spomen-plo\u010da ratnih veterana (1930-ih), svi izgra\u0111eni od lokalnog kre\u010dnjaka i odra\u017eavaju gradsko nasle\u0111e.<\/li>\n<li><strong>Muzej umetnosti Indijanapolisa (NJufilds)<\/strong> \u2013 Nekoliko kilometara severno od centra grada, NJufilds je veliki umetni\u010dki muzej sa prostranim vrtovima. NJegova kolekcija obuhvata 5.000 godina umetnosti, a imanje obuhvata park od 100 hektara i ku\u0107u Lili.<\/li>\n<li><strong>Kulturna staza i umetni\u010dki okrug Mas avenije<\/strong> \u2013 Kulturna staza Indijanapolisa je gradska pe\u0161a\u010dko-biciklisti\u010dka staza duga 13 kilometara koja povezuje centralne \u010detvrti. Du\u017e nje, u oblasti Masa\u010dusets avenije (\u201eMasova avenija\u201c) nalaze se pozori\u0161ta, galerije, butici i restorani \u2013 \u0161to odra\u017eava procvat umetni\u010dke scene Indijanapolisa.<\/li>\n<li><strong>Dr\u017eavni kapitol i rezidencija guvernera<\/strong> \u2013 Elegantna zgrada dr\u017eavne uprave Indijane (1888) otvorena je za obilaske. Pogledajte i rezidenciju guvernera (zvani\u010dni dom) i renovirani Spomenik palim borcima u Indijani (muzej i ba\u0161te Drugog svetskog rata).<\/li>\n<li><strong>Stadion Lukas Oil i Gejnbrid\u017e Fildhaus<\/strong> \u2013 Za ljubitelje sporta, gledanje NFL utakmice (Koltsi) ili NBA utakmice (Pejsersi\/Fiver) nudi su\u0161tinsko iskustvo Indijana u dve najsavremenije arene (otvorene 2008. i 1999. godine, respektivno).<\/li>\n<\/ul>\n<p>Svaka od ovih atrakcija je lako dostupna iz centra grada. Razgledanje je oboga\u0107eno centralnim delom grada prilago\u0111enim pe\u0161acima i \u010destim kulturnim doga\u0111ajima (sezonski festivali, koncerti na otvorenom, pijace). Mnogi posetioci jednostavno u\u017eivaju u \u201e\u0161etnjama spomenika\u201c oko centra grada, nakon \u010dega slede posete muzejima ili \u0161etnja dr\u017eavnim parkom Vajt River.<\/p>\n<h2>Prakti\u010dni snimak<\/h2>\n<p>Glavna vazdu\u0161na kapija je Me\u0111unarodni aerodrom Indijanapolis (IND), oko 24 kilometra jugozapadno od centra grada. IND nudi brojne doma\u0107e veze (Atlanta, \u010cikago, Denver, itd.) i nekoliko me\u0111unarodnih linija. Ne postoji direktna \u017eelezni\u010dka linija kompanije Amtrak do Indijanapolisa; me\u0111ugradski autobusi (Greyhound, Barons) sti\u017eu na gradsku intermodalnu stanicu u centru grada. Glavni autoputevi (I-65 iz \u010cikaga\/Alabame, I-70 iz Ohaja\/Kentakija, I-74 iz Ilinoisa) spajaju se u Indijanapolisu, \u0161to ga \u010dini lako dostupnim automobilom.<\/p>\n<p>Kada stignete u grad, centar Indijanapolisa je relativno kompaktan. Popularni na\u010din da se vidi podru\u010dje Kruga i Kanale je preko pe\u0161a\u010dke staze i biciklisti\u010dke staze D\u017dolijet\u2013Indijanapolis ili vo\u017enjom ko\u010dijom u toplijim mesecima. IndyGo, gradski operater javnog prevoza, upravlja autobuskim linijama \u0161irom grada i predgra\u0111a (ve\u0107ina zahteva malu cenu karte; imajte na umu da je brzi autobus Crvene linije novija, \u010desta linija). Me\u0111utim, veliki deo kulture i no\u0107nog \u017eivota Indijanapolisa je ra\u0161iren, pa mnogi posetioci preferiraju taksije ili prevoz putem prevoza (Uber\/Lift) radi prakti\u010dnosti. Parking mesta ima u izobilju u centru grada i u prigradskim atrakcijama (\u010desto besplatno ili jeftino). Bicikli i elektri\u010dni trotineti su popularni na asfaltiranim stazama (kao \u0161to je staza Monon), posebno po lepom vremenu.<\/p>\n<p>Valuta su ameri\u010dki dolari. Bak\u0161i\u0161 je uobi\u010dajen (oko 15\u201320% u restoranima ili turisti\u010dkim slu\u017ebama). Engleski se govori univerzalno, mada \u0107ete me\u0111u stanovnicima \u010duti i neki \u0161panski ili druge jezike. Region je generalno veoma bezbedan za putnike; centar grada je \u017eivahan do kasno uve\u010de vikendom, iako va\u017ei uobi\u010dajeno gradsko upozorenje protiv sitnih kra\u0111a. Ve\u0107ina Amerikanaca vozi desnom stranom puta i koristi elektri\u010dne uti\u010dnice od 120 volti (utika\u010di tipa A\/B). Za putnike iz Severne Amerike ili Evrope nisu potrebne posebne vakcine ili vize. Sistem bezbednosti aerodroma zahteva li\u010dnu kartu sa fotografijom za doma\u0107e letove, a primenjuju se i standardna pravila ameri\u010dke TSA (ograni\u010denja te\u010dnosti itd.).<\/p>\n<p>Generalno, Indijanapolis nudi posetiocima koji prvi put dolaze u Indijanapolis jednostavan uvod u gradski \u017eivot na Srednjem zapadu SAD: lokalno stanovni\u0161tvo koje govori engleski, dobre puteve, predvidljive vremenske uslove i sve glavne moderne pogodnosti. Posetioci mogu bezbedno u\u017eivati u raznovrsnom gradu \u2013 od muzeja svetske klase do lokalnih festivala \u2013 sa poverenjem da su usluge za potro\u0161a\u010de ameri\u010dkog stila (kreditne kartice, bankomati, apoteke) svuda. U jednom putovanju, mo\u017ee se do\u017eiveti kultura, arhitektura i gostoprimstvo stanovnika Huzijera u dobro organizovanom urbanom okru\u017eenju.<a href=\"https:\/\/travelshelper.com\/sr\/destinacije\/severna-amerika\/sjedinjene-americke-drzave\/berkli-springs\/\" target=\"_self\" aria-labelledby=\"uael-post-8997\"><br \/>\n<\/a><\/p>","protected":false},"excerpt":{"rendered":"<p>Indijanapolis, obi\u010dno poznat kao Indi, slu\u017ei kao glavni i najnaseljeniji grad ameri\u010dke dr\u017eave Indijana, kao i sedi\u0161te okruga Marion. Sme\u0161ten u centralnom, ravni\u010darskom delu dr\u017eave du\u017e zapadnog ogranka reke Bele, Indijanapolis je usvojio zvani\u010dni naziv \u201eRakskrasnica Amerike\u201c. Ovaj slogan odra\u017eava i njegov istorijski zna\u010daj kao transportnog \u010dvori\u0161ta i njegovu relativnu blizinu drugim glavnim severnoameri\u010dkim tr\u017ei\u0161tima.<\/p>","protected":false},"author":1,"featured_media":3199,"parent":8072,"menu_order":0,"comment_status":"closed","ping_status":"closed","template":"elementor_theme","meta":{"_eb_attr":"","footnotes":""},"class_list":["post-8116","page","type-page","status-publish","has-post-thumbnail"],"_links":{"self":[{"href":"https:\/\/travelshelper.com\/sr\/wp-json\/wp\/v2\/pages\/8116","targetHints":{"allow":["GET"]}}],"collection":[{"href":"https:\/\/travelshelper.com\/sr\/wp-json\/wp\/v2\/pages"}],"about":[{"href":"https:\/\/travelshelper.com\/sr\/wp-json\/wp\/v2\/types\/page"}],"author":[{"embeddable":true,"href":"https:\/\/travelshelper.com\/sr\/wp-json\/wp\/v2\/users\/1"}],"replies":[{"embeddable":true,"href":"https:\/\/travelshelper.com\/sr\/wp-json\/wp\/v2\/comments?post=8116"}],"version-history":[{"count":0,"href":"https:\/\/travelshelper.com\/sr\/wp-json\/wp\/v2\/pages\/8116\/revisions"}],"up":[{"embeddable":true,"href":"https:\/\/travelshelper.com\/sr\/wp-json\/wp\/v2\/pages\/8072"}],"wp:featuredmedia":[{"embeddable":true,"href":"https:\/\/travelshelper.com\/sr\/wp-json\/wp\/v2\/media\/3199"}],"wp:attachment":[{"href":"https:\/\/travelshelper.com\/sr\/wp-json\/wp\/v2\/media?parent=8116"}],"curies":[{"name":"wp","href":"https:\/\/api.w.org\/{rel}","templated":true}]}}