{"id":7628,"date":"2024-08-27T21:07:30","date_gmt":"2024-08-27T21:07:30","guid":{"rendered":"https:\/\/travelshelper.com\/staging\/?page_id=7628"},"modified":"2026-03-13T23:47:54","modified_gmt":"2026-03-13T23:47:54","slug":"brazilija","status":"publish","type":"page","link":"https:\/\/travelshelper.com\/sr\/destinations\/south-america\/brazil\/brasilia\/","title":{"rendered":"Brazilija"},"content":{"rendered":"<p>U ogromnom zamahu unutra\u0161njih brazilskih visoravni, bleda traka avenija se\u010de negovane travnjake i vajane ba\u0161te. Ovde stoji Brazilija, grad betonskih krivina i otvorenog neba, za\u010det ne vekovima rasta ve\u0107 jednim, ambicioznim potezom planiranja. Od svog otvaranja 21. aprila 1960. godine, pod predsednikom \u017duselinom Kubi\u010dekom, Brazilija je nosila teret o\u010dekivanja: da pove\u017ee prostranu naciju, da ispuni obe\u0107anje modernosti i da slu\u017ei kao \u017eivi simbol brazilskih te\u017enji. Danas se nalazi na tre\u0107em mestu po broju stanovnika u zemlji - posle Sao Paola i Rio de \u017daneira - i mo\u017ee se pohvaliti najve\u0107im BDP-om po glavi stanovnika me\u0111u glavnim latinoameri\u010dkim metropolama, \u0161to svedo\u010di i o njenoj politi\u010dkoj centralnosti i ekonomskoj dinamizmu.<\/p>\n<p>Krajem pedesetih godina pro\u0161log veka, brazilsko rukovodstvo je odlu\u010dilo da se prestonica premesti sa gusto naseljene obale na centralniju lokaciju, \u010dime bi se negovao ose\u0107aj jedinstva izme\u0111u razli\u010ditih regiona. Smeli potez predsednika Kubi\u010deka uklju\u010dio je tri vizionara: urbanistu Lusija Kostu, arhitektu Oskara Nimajera i gra\u0111evinskog in\u017eenjera \u017doakima Kardoza. Kostin master plan je zamislio grad u obliku aviona - njegov trup je bila glavna osa, a kokpit sedi\u0161te mo\u0107i - i bio je podeljen na odvojene sektore za hotele, finansije, ambasade, stanovanje i jo\u0161 mnogo toga. U ovaj skelet je Nimajer vajao bele, savremene oblike, dok je pejza\u017eni arhitekta Roberto Burle Marks dodao bujne povr\u0161ine autohtone vegetacije, usidravaju\u0107i blistavi grad u kontekstu tropske savane.<\/p>\n<p>Ukupan efekat je bio ni\u0161ta manje nego revolucionaran. Brazilija je otelotvorila novi urbani etos: jasno\u0107u svrhe, funkcionalno zoniranje i arhitektonsku \u010distotu. Svaka krivina, stub i reflektuju\u0107i bazen nosili su zna\u010denje, namerni preokret organskog \u0161irenja koje je karakterisalo ranije prestonice. Postavljanjem vladinih ministarstava du\u017e precizno numerisanih superblokova i rezervisanjem namenskih zona za trgovinu i kulturu, Kosta je uspostavio logiku koja je bila podjednako racionalna koliko i poetska.<\/p>\n<p>Pro\u0161etajte ispod \u0161irokih paraboli\u010dnih lukova katedrale u Braziliji \u2013 njene hiperboloidne strukture koju dr\u017ei \u0161esnaest vitkih stubova \u2013 i oseti\u0107ete tihu gracioznost, kao da je sam vazduh oblikovan svetlo\u0161\u0107u. Ovaj sveti prostor, zavr\u0161en 1970. godine, oslikava Nimajerov dar za spajanje monumentalnosti sa beste\u017einskom elegancijom. Na drugim mestima, zgrada Nacionalnog kongresa uzdi\u017ee se poput dve ogromne \u010dinije, jedna obrnuta, okru\u017eena kulama blizancima: vizuelna skra\u0107enica za zakonodavnu ravnote\u017eu domova.<\/p>\n<p>U srcu \u201eaviona\u201c, Prasa dos Tres Poderes slu\u017ei kao kokpit Brazilije. Raspore\u0111eni oko \u0161irokog, ogledalskog reflektuju\u0107eg bazena, Palasio do Planalto (izvr\u0161na vlast), Kongres (zakonodavna vlast) i Vrhovni savezni sud (sudski) sede u tihom dijalogu. Dalje du\u017e Monumentalne ose \u2013 trupa \u2013 dve \u0161iroke, paralelne avenije obuhvataju Esplanadu dos Ministerios, gde svako ministarstvo zauzima svoju traku travnjaka i stakla, poput pojedina\u010dnih krila koja se prote\u017eu iz centralnog ki\u010dme.<\/p>\n<p>Stambena krila grada, takozvana \u201ekrilo A\u201c i \u201ekrilo B\u201c, sme\u0161tena su u superblokovima stanova dizajniranim za dr\u017eavne slu\u017ebenike i njihove porodice. Svaki superblok sme\u0161ten je oko grupa zgrada koje se nalaze oko zajedni\u010dkih zelenih povr\u0161ina i igrali\u0161ta, \u0161to odra\u017eava Kostino uverenje da arhitektura treba da slu\u017ei i kolektivnim potrebama i li\u010dnoj udobnosti. Zasadi Burlea Marksa \u2013 visoke trave, vatreno crveni krotoni i vijugave staze \u2013 omek\u0161avaju betonski horizont, nude\u0107i predah od podnevnog sunca.<\/p>\n<ul>\n<li>Katedrala u Braziliji: Poznata po svom hiperboloidnom obliku i vitra\u017eima od poda do plafona, vitki stubovi katedrale otvaraju se prema nebesima, pozivaju\u0107i sun\u010devu svetlost da se igra po mermernom podu.<\/li>\n<li>Palasio da Alvorada: Zvani\u010dna rezidencija predsednika, skromna, ali upe\u010datljiva, lebdi iznad reflektuju\u0107eg bazena, a njena silueta kolonade ogleda se u mirnoj vodi.<\/li>\n<li>Nacionalni kongres: Kule bliznakinje i zakonodavne komore u obliku \u010dinije otelotvoruju napetost i ravnote\u017eu svojstvenu demokratskom upravljanju.<\/li>\n<li>Vrhovni savezni sud: Kompaktnija, zakrivljena struktura, upotpunjuje trio na Trgu trgovaca Tres Poderes, a njegova stroga staklena fasada sugeri\u0161e transparentnost i promi\u0161ljanje.<\/li>\n<\/ul>\n<p>Brazilijin smeli eksperiment nije pro\u0161ao nezapa\u017eeno. Godine 1987, UNESKO je upisao grad na svoju listu svetske ba\u0161tine, hvale\u0107i ga kao \u201eizuzetan primer modernisti\u010dkog pokreta u arhitekturi i urbanisti\u010dkom planiranju\u201c. Tri decenije kasnije, 2017. godine, UNESKO je dodatno odlikovao Braziliju kao \u201eGrad dizajna\u201c, prepoznaju\u0107i njen kontinuirani uticaj na kreativne industrije i arhitektonski diskurs. Ova obele\u017eja su oja\u010dala identitet grada kao laboratorije za inovacije, gde galerije, studiji i festivali pronalaze plodno tlo usred vladinih zgrada.<\/p>\n<p>Pored svoje uloge politi\u010dkog centra Brazila, Brazilija funkcioni\u0161e i kao va\u017eno sredi\u0161te me\u0111unarodnih odnosa. Vi\u0161e od 120 stranih ambasada nalazi se u njenom sektoru ambasada, stvaraju\u0107i mikrokosmos globalne diplomatije. Izaslanici \u0161etaju od jedne kancelarije do druge u hladu akacija, dok kulturni ata\u0161ei koordiniraju izlo\u017ebe koje donose fragmente udaljenih kultura u ovu planiranu prestonicu.<\/p>\n<p>Putnici sti\u017eu preko tre\u0107eg najprometnijeg aerodroma u Brazilu, koji povezuje Braziliju sa svim glavnim doma\u0107im destinacijama i sve ve\u0107im brojem me\u0111unarodnih ruta. Svakog dana, avioni prevoze zvani\u010dnike, poslovne ljude i turiste u grad, isti\u010du\u0107i dvostruki identitet Brazilije kao administrativnog sedi\u0161ta i raskrsnice globalne razmene.<\/p>\n<p>Brazilija je dokazala svoju snagu na me\u0111unarodnoj sportskoj sceni. Godine 2013, bila je doma\u0107in utakmica FIFA Kupa konfederacija, a godinu dana kasnije, do\u010dekala je hiljade fudbalskih navija\u010da na Svetskom prvenstvu 2014. godine, a njen stadion je blistao pod ekvatorijalnim nebom. Tokom Letnjih olimpijskih igara u Riju 2016. godine, grad je bio doma\u0107in preliminarnih fudbalskih utakmica, demonstriraju\u0107i svoj kapacitet da podr\u017ei doga\u0111aje globalnog zna\u010daja. Ovi doga\u0111aji su ostavili nasle\u0111e unapre\u0111ene infrastrukture - novih puteva, pro\u0161irenih tranzitnih linija i renoviranih sportskih objekata - koji koriste stanovnicima dugo nakon poslednjeg zvi\u017eduka.<\/p>\n<p>Pravno gledano, Brazilija nije op\u0161tina ve\u0107 deo Federalnog okruga, administrativnog podru\u010dja sa svojim guvernerom i zakonodavnom ku\u0107om. Okrug obuhvata 33 administrativna regiona, svaki sa odre\u0111enim stepenom lokalne autonomije. U njegovom sredi\u0161tu le\u017ei Plano Piloto, originalni \u201epilot plan\u201c koji je osmislio Kosta. Ova uska, krstasta teritorija sadr\u017ei vladine zgrade, stambene superblokove i kulturne institucije - srce prestonice. Posetioci koji odlutaju van njenih granica pronalaze manje gradove i ruralne pejza\u017ee, podsetnik da je Brazilija i metropola i svedo\u010danstvo brazilskog unutra\u0161njeg podru\u010dja.<\/p>\n<p>Kretanje kroz Braziliju zna\u010di susret sa me\u0111usobnim delovanjem veli\u010dine i intimnosti. Stanite na vrh jednog od pe\u0161a\u010dkih nadvo\u017enjaka koji prelaze preko Monumentalne ose i ose\u0107a\u0107ete se kao da ste patuljasti u pore\u0111enju sa beskrajnim bulevarima, ali kada u\u0111ete u jedan od osen\u010denih parkova ili svratite na pala\u010dinku od tapioke na tezgi pored ulice, toplina grada prodire u vas. No\u0107i ovde su ubla\u017eene hladnim povetarcem i isprekidane mekim sjajem uli\u010dnih lampi na zakrivljenim fasadama. Muzi\u010dari se okupljaju na travnjaku ispred Nacionalnog muzeja, sviraju\u0107i akorde dok porodice piknikuju na travi. Ose\u0107aj smirenosti pro\u017eima \u010dak i dok saobra\u0107aj zuji u daljini.<\/p>\n<p>Brazilija se ne mo\u017ee lako uporediti. Nije ni drevna ni generi\u010dka; ona je fizi\u010dka manifestacija odlu\u010dnosti jedne zemlje da oblikuje svoju sudbinu. Za putnike koje privla\u010de mesta gde arhitektura govori mnogo, gde planiranje postaje poezija, prestonica nudi lekcije, ali i u\u017eitke. Pro\u0161etajte njenim avenijama, zastanite pod Nimajerovim lukovima i oseti\u0107ete ne samo te\u017einu ideologije ve\u0107 i krhku lepotu ljudske ambicije ucrtane u kamen i nebo. U Braziliji, svaki kutak krije pri\u010du \u2013 i svaka pri\u010da nas podse\u0107a da \u010dak i najpa\u017eljivije isplaniran grad mo\u017ee iznenaditi one koji odvoje vreme da slu\u0161aju.<\/p>","protected":false},"excerpt":{"rendered":"<p>Bras\u00edlia, which stands in the Brazilian highlands, epitomizes modernist architectural ideas and creative urban planning. Originally founded on April 21, 1960, under President Juscelino Kubitschek, this city was meant to replace Rio de Janeiro as the next capital of Brazil. After S\u00e3o Paulo and Rio de Janeiro, Bras\u00edlia is today the third most populous city in Brazil as well as the seat of government. Its economic relevance is shown by its greatest GDP per capita among big Latin American cities.<\/p>","protected":false},"author":1,"featured_media":4060,"parent":7508,"menu_order":0,"comment_status":"closed","ping_status":"closed","template":"elementor_theme","meta":{"_eb_attr":"","footnotes":""},"class_list":["post-7628","page","type-page","status-publish","has-post-thumbnail"],"_links":{"self":[{"href":"https:\/\/travelshelper.com\/sr\/wp-json\/wp\/v2\/pages\/7628","targetHints":{"allow":["GET"]}}],"collection":[{"href":"https:\/\/travelshelper.com\/sr\/wp-json\/wp\/v2\/pages"}],"about":[{"href":"https:\/\/travelshelper.com\/sr\/wp-json\/wp\/v2\/types\/page"}],"author":[{"embeddable":true,"href":"https:\/\/travelshelper.com\/sr\/wp-json\/wp\/v2\/users\/1"}],"replies":[{"embeddable":true,"href":"https:\/\/travelshelper.com\/sr\/wp-json\/wp\/v2\/comments?post=7628"}],"version-history":[{"count":0,"href":"https:\/\/travelshelper.com\/sr\/wp-json\/wp\/v2\/pages\/7628\/revisions"}],"up":[{"embeddable":true,"href":"https:\/\/travelshelper.com\/sr\/wp-json\/wp\/v2\/pages\/7508"}],"wp:featuredmedia":[{"embeddable":true,"href":"https:\/\/travelshelper.com\/sr\/wp-json\/wp\/v2\/media\/4060"}],"wp:attachment":[{"href":"https:\/\/travelshelper.com\/sr\/wp-json\/wp\/v2\/media?parent=7628"}],"curies":[{"name":"wp","href":"https:\/\/api.w.org\/{rel}","templated":true}]}}