{"id":7414,"date":"2024-08-25T18:11:58","date_gmt":"2024-08-25T18:11:58","guid":{"rendered":"https:\/\/travelshelper.com\/staging\/?page_id=7414"},"modified":"2026-03-14T00:12:18","modified_gmt":"2026-03-14T00:12:18","slug":"medeljin","status":"publish","type":"page","link":"https:\/\/travelshelper.com\/sr\/destinations\/south-america\/colombia\/medellin\/","title":{"rendered":"Medeljin"},"content":{"rendered":"<p>Medelin zauzima \u0161iroku ravnicu unutar doline Abura, okru\u017een strmim andskim padinama koje se spu\u0161taju ka srcu grada. NJegova mre\u017ea ulica, koju preseca uska reka Medelin, prote\u017ee se od skromnog kolonijalnog jezgra na istok prema El Pobladu i Envigadu. Na 1.495 metara nadmorske visine, grad tvrdi da ima umerenu klimu, \u010desto nazivanu \u201eve\u010dnim prole\u0107em\u201c, u kojoj bugenvilija prekriva ciglene fasade, a palme prosipaju topli povetarac kroz balkone od kovanog gvo\u017e\u0111a. Op\u0161tina je druga najnaseljenija u Kolumbiji, sa oko 2,4 miliona stanovnika unutar svojih granica i vi\u0161e od 4 miliona u svojoj metropolitanskoj zoni.<\/p>\n<p>Godine 1616, Fransisko de Erera Kampuzano osnovao je malo naselje domoroda\u010dkih porodica pod imenom San Lorenco de Abura u dana\u0161njem kvartu El Poblado. Ova skromna grupa nalazila se du\u017e vodotoka koji se spu\u0161tao prema dnu doline. Skoro \u0161ezdeset godina kasnije, 2. novembra 1675. godine, kraljica Marijana od Austrije je dekretom podigla \u0161ire naselje \u2014 Vila de Nuestra Senjora de la Kandelarija de Medelin \u2014 oko centralnog trga u onome \u0161to je sada centar grada. Novo naselje je dobilo ime po gradu u \u0161panskom regionu Ekstremadura, ali njegove konture \u0107e uskoro nametnuti sopstveni identitet.<\/p>\n<p>Nakon sticanja nezavisnosti od \u0160panije, Medeljin je 1826. godine, za vreme Kongresa Velike Kolumbije, dobio status glavnog grada departmana Antiokije. NJegova geografija \u2013 okru\u017eena plodnim brdima \u2013 i blizina potoka bogatih zlatom podstakli su ranu trgovinu. Do sredine veka, antiokijski trgovci su se prebacili sa izvoza plemenitih metala na kafu, \u0161alju\u0107i vre\u0107e nizvodno prema Kartaheni. Gradska mre\u017ea bila je ispunjena rezidencijama u stilu hacijende, dok su uske uli\u010dice prolazile kroz lokalne pijace i skladi\u0161ta.<\/p>\n<p>Krajem devetnaestog veka do\u0161lo je do uspona tekstilnih fabrika i livnica \u010delika du\u017e re\u010dnih obala. Nova bur\u017eoazija je gradila prodavnice i finansirala tramvajske linije; fabrike su izbacivale niske stubove dima koji su se me\u0161ali sa planinskim maglama. Pa ipak, do sredine dvadesetog veka, industrija je posustala usred politi\u010dkih turbulencija. Tek 1990-ih godina Medeljin je zapo\u010deo odr\u017eivu urbanu obnovu. Otvaranje metroa u Medeljinu 1995. godine ozna\u010dilo je simboli\u010dnu prekretnicu. Linije A i B povezivale su periferna naselja sa istorijskim jezgrom. \u017di\u010dare u zajednici (linije J i K) olak\u0161avale su strme putovanja na posao, pru\u017eaju\u0107i brdskim bariosima novootkriveni pristup obrazovanju i zdravstvenim uslugama.<\/p>\n<p>Me\u0111unarodni posmatra\u010di su ubrzo to primetili. Institut za urbano zemlji\u0161te je 2013. godine proglasio Medeljin najinovativnijim gradom na svetu, navode\u0107i biblioteke u nebu, pokretne stepenice u neformalnim naseljima i mre\u017eu \u0161kola u zajednici. Slede\u0107e godine, bio je doma\u0107in Svetskog urbanog foruma UN-Habitata; 2016. godine dobio je nagradu Li Kuan Ju za svetski grad za odr\u017eiva urbana re\u0161enja. Lokalni nau\u010dnici ukazuju na model \u201erazvojne dr\u017eave\u201c, u kojem se op\u0161tinske vlasti, univerziteti i gra\u0111anska udru\u017eenja uskla\u0111uju oko inkluzivnih investicija.<\/p>\n<p>Medeljin \u010dini 67 procenata BDP-a Antiokije i doprinosi otprilike 11 procenata kolumbijske ekonomije. Konzorcijum lidera privatnog sektora \u2013 Grupo Empresarial Antioque\u00f1o \u2013 upravlja bankarstvom, preradom hrane, cementom i osiguranjem, sa kombinovanom tr\u017ei\u0161nom kapitalizacijom od oko 17 milijardi ameri\u010dkih dolara i zaposlenjem preko 80.000 radnika. Tekstil, konditorski proizvodi, farmaceutski proizvodi, \u010delik, rafinisano ulje i uzgoj cve\u0107a odr\u017eavaju dugogodi\u0161nje industrijske klastere. U poslednjim decenijama, moda se pojavila kao kulturna industrija: Colombiamoda, koji se odr\u017eava svakog jula, rangiran je kao najve\u0107i sajam ode\u0107e u Latinskoj Americi.<\/p>\n<p>Grad tako\u0111e pola\u017ee pravo na dva aerodroma. Olaja Herera, sme\u0161ten u samom Medeljinu, opslu\u017euje regionalne prevoznike i op\u0161tu avijaciju. Aerodrom Hose Marija Kordova nalazi se 29 km isto\u010dno u Rionegru, sa direktnim vezama sa \u010dvori\u0161tima u Severnoj i Ju\u017enoj Americi. Tradicionalne avio-kompanije kao \u0161to su Avianka i Aeromeksiko posluju zajedno sa niskotarifnim prevoznicima. Rast broja putnika na ruti do Bogote i dalje u\u010dinio je Kordovu jednom od najprometnijih doma\u0107ih i me\u0111unarodnih aerodroma u Kolumbiji.<\/p>\n<p>Medeljinovi parkovi \u010dine kontrapunkt njegovoj urbanoj mre\u017ei. U centru, parkovi Berio i Bolivar grani\u010de se sa Metropolitanskom katedralom, \u010diji visoki cigleni brod dominira nad gradskim \u017eivotom. Ju\u017eno, park Laureles je sredi\u0161te stambenih enklava, dok se park El Poblado nalazi usred kafi\u0107a i galerija. Eksperimentalni prostori - park Barefut sa ve\u0161ta\u010dkim re\u010dnim koritom, interaktivne nau\u010dne izlo\u017ebe u parku Eksplora i gradska \u0161uma u \u200b\u200bparku Dvovekovni - nude i zabavu i edukaciju.<\/p>\n<p>Van gradskih granica, ekoturisti\u010dki park Arvi prostire se na 20.000 hektara obla\u010dne \u0161ume. Staze se prote\u017eu kroz brdske doline gde vo\u017enja kajakom, planinski biciklizam i vo\u0111ene botani\u010dke \u0161etnje otkrivaju andsku floru. \u010cetiri stanice \u017ei\u010dare na liniji L izbacuju posetioce u ovaj za\u0161ti\u0107eni rezervat, uokviruju\u0107i panorame grada ispod.<\/p>\n<p>Sedam brda \u2014 El Volador, Nutibara, Pan de Azukar i druga \u2014 ispunjavaju siluetu grada. Na njihovim vrhovima, vidikovci i verska sveti\u0161ta privla\u010de hodo\u010dasnike vikendom. Zoolo\u0161ki vrt Santa Fe, osnovan 1960. godine, sme\u0161ta vrste sa tri kontinenta. Arhitektonski trgovi \u2014 Trg Botero sa ogromnim bronzanim skulpturama Fernanda Botera, Trg Sisneros sa \u0161umom osvetljenih stubova \u2014 slu\u017ee kao urbane dnevne sobe, na kojima se odr\u017eavaju festivali i javne izlo\u017ebe.<\/p>\n<p>Medeljinski metro je jedinstven u Kolumbiji kao sistem metroa zasnovan na \u017eeleznici, sa pet linija koje se vijugaju kroz dolinu. Metroplus, koridor za brzi autobuski prevoz otvoren 2011. godine, dopunjuje mre\u017eu, smanjuju\u0107i emisije i pojednostavljuju\u0107i putovanje na posao. Taksiji i konvencionalni autobusi popunjavaju praznine, dok regionalni terminali na severnoj i ju\u017enoj ivici \u0161alju usluge ka susednim op\u0161tinama. Integracija na\u010dina prevoza \u2013 metroa, \u017ei\u010dare, tramvaja i autobusa \u2013 formira kohezivan okvir koji je u o\u0161troj suprotnosti sa pro\u0161lim saobra\u0107ajnim problemima.<\/p>\n<p>Medeljin je 2018. godine zabele\u017eio 2.427.129 stanovnika unutar svojih op\u0161tinskih granica; metropolitansko podru\u010dje je brojalo preko 4 miliona. Vi\u0161e od 60 procenata stanovnika vodi svoje poreklo u samom gradu, dok ostali poti\u010du iz drugih kolumbijskih regiona ili inostranstva. Stopa nepismenosti u slivu je ispod 6 procenata, a skoro sva doma\u0107instva poseduju struju i pija\u0107u vodu. Javna ulaganja u biblioteke, parkove i kulturne centre pro\u0161irila su pristup slobodnom vremenu i u\u010denju, posebno u istorijski marginalizovanim okruzima.<\/p>\n<p>Medeljinov identitet je duboko isprepleten sa etosom \u201epaisa\u201c: prepoznatljivim akcentom, sna\u017enim gostoprimstvom i obilnom kuhinjom. Religiozna odanost ostaje vidljiva u bezbrojnim crkvama \u2013 San Ignasio, Nuestra Senjora de Belen i Bazilika Kandelarija \u2013 \u010dija umetnost i arhitektura odra\u017eavaju barokne, neoklasi\u010dne i republikanske uticaje. Svakog decembra, milioni ljudi se okupljaju du\u017e avenije La Plaja za Alumbradose: slo\u017eene svetlosne prikaze koji pretvaraju re\u010dne obale u osvetljenu galeriju.<\/p>\n<p>Godi\u0161nji Festival cve\u0107a evocira ruralno nasle\u0111e Antiokije. Sileterosi nose ukra\u0161ene cvetne aran\u017emane - silete - du\u017e gradskih ulica, podse\u0107aju\u0107i na prodavce ro\u0111ene kao mazge koji su nekada prelazili planinskim putevima. Muzika i ples se prelivaju na trgove, dok su zanatske pijace ispunjene lokalnim ulicama.<\/p>\n<p>Vizuelne umetnosti cvetaju i u studijima i na fasadama. Radovi Rodriga Arenasa Betankura i Fernanda Botera stoje pored murala mladih kolektiva uli\u010dne umetnosti. Muzeji \u2013 ukupno oko \u010detrdeset \u2013 prikazuju lokalnu istoriju, savremenu praksu i pretkolumbovske relikvije. Palata kulture i obli\u017enje botani\u010dke ba\u0161te organizuju koncerte, \u010ditanja i nau\u010dne simpozijume tokom cele godine.<\/p>\n<p>Obroci u Medeljinu \u010desto po\u010dinju toplom \u010dokoladom, uparenom sa sirom kako bi se upotpunili slatko-slani kola\u010di poznati kao parva: pan de keso, bunjuelos i pan de bono. Bandeha paisa je prepoznatljivi tanjir regiona - pasulj, pirina\u010d, \u010di\u010daron, \u010dorizo, pr\u017eeno jaje, banane i avokado nagomilani na drvenom poslu\u017eavniku. Arepas, napravljen od mlevenog kukuruza, prati skoro svako jelo.<\/p>\n<p>Lokalna pi\u0107a se kre\u0107u od biljnog aguardijente antiokenjo do bezalkoholnih pi\u0107a Postobon. Konditorski proizvodi, uklju\u010duju\u0107i \u010dokoladne plo\u010dice i slatki\u0161e od guave, odra\u017eavaju i autohtone sastojke i tehnike inspirisane \u0160panijom. Sve ve\u0107i broj kafi\u0107a i vinarskih prodavnica isti\u010de kafe jednog porekla sa obli\u017enjih planinskih farmi.<\/p>\n<p>Od svojih po\u010detaka u sedamnaestom veku do renesanse dvadeset prvog veka, Medeljin je prolazio kroz cikluse rasta, krize i obnove. NJegove konture nose otisak vrednih pionira, zanatlija i preduzetnika, organizatora zajednice i arhitekata socijalne politike. Usred andskih nabora, on ostaje svedo\u010danstvo slojevite slo\u017eenosti gradskog \u017eivota - gde \u010delik i cvetanje, istorija i inovacija koegzistiraju u krhkoj harmoniji.<\/p>","protected":false},"excerpt":{"rendered":"<p>Medell\u00edn, situated in a narrow valley and enveloped by the majestic Andes Mountains, captivates visitors with its year-round agreeable climate, innovative spirit, and vivacious energy. As Colombia\u2019s second-largest city and the capital of the Antioquia\u00a0department,\u00a0Medell\u00edn\u00a0has transformed itself from a troubled past to become one of\u00a0South America\u2019s most progressive and dynamic urban centres.<\/p>","protected":false},"author":1,"featured_media":3870,"parent":7405,"menu_order":0,"comment_status":"closed","ping_status":"closed","template":"elementor_theme","meta":{"_eb_attr":"","footnotes":""},"class_list":["post-7414","page","type-page","status-publish","has-post-thumbnail"],"_links":{"self":[{"href":"https:\/\/travelshelper.com\/sr\/wp-json\/wp\/v2\/pages\/7414","targetHints":{"allow":["GET"]}}],"collection":[{"href":"https:\/\/travelshelper.com\/sr\/wp-json\/wp\/v2\/pages"}],"about":[{"href":"https:\/\/travelshelper.com\/sr\/wp-json\/wp\/v2\/types\/page"}],"author":[{"embeddable":true,"href":"https:\/\/travelshelper.com\/sr\/wp-json\/wp\/v2\/users\/1"}],"replies":[{"embeddable":true,"href":"https:\/\/travelshelper.com\/sr\/wp-json\/wp\/v2\/comments?post=7414"}],"version-history":[{"count":0,"href":"https:\/\/travelshelper.com\/sr\/wp-json\/wp\/v2\/pages\/7414\/revisions"}],"up":[{"embeddable":true,"href":"https:\/\/travelshelper.com\/sr\/wp-json\/wp\/v2\/pages\/7405"}],"wp:featuredmedia":[{"embeddable":true,"href":"https:\/\/travelshelper.com\/sr\/wp-json\/wp\/v2\/media\/3870"}],"wp:attachment":[{"href":"https:\/\/travelshelper.com\/sr\/wp-json\/wp\/v2\/media?parent=7414"}],"curies":[{"name":"wp","href":"https:\/\/api.w.org\/{rel}","templated":true}]}}