{"id":7405,"date":"2024-08-25T17:42:51","date_gmt":"2024-08-25T17:42:51","guid":{"rendered":"https:\/\/travelshelper.com\/staging\/?page_id=7405"},"modified":"2026-03-13T23:55:37","modified_gmt":"2026-03-13T23:55:37","slug":"kolumbija","status":"publish","type":"page","link":"https:\/\/travelshelper.com\/sr\/destinations\/south-america\/colombia\/","title":{"rendered":"Kolumbija"},"content":{"rendered":"<p>Kolumbija se odvija kao zemlja ubedljivih kontrasta: visokih andskih visoravni koje bruje od urbane energije; sparnih nizijskih d\u017eungli gde preovladava zelena ti\u0161ina Amazona; karipskih obala koje zapljuskuju topla mora; i pacifi\u010dkih obala obavijenih maglom i gustim mangrovama. Prostiru\u0107i se na 1.141.748 kvadratnih kilometara, zauzima jedinstveno mesto na dva kontinenta, sa ostrvskim ostrvima koja dodiruju severnoameri\u010dke vode i kopnom usidrenim u Ju\u017enoj Americi. NJene granice \u2013 koje dele sa Panamom, Venecuelom, Brazilom, Peruom i Ekvadorom \u2013 prate naciju \u010diji je identitet oblikovan geografijom koliko i istorijom, kulturom i evoluiraju\u0107im ose\u0107ajem gra\u0111anstva.<\/p>\n<p>U srcu Kolumbije nalaze se Andi, podeljeni na tri kordiljera koji oblikuju ki\u010dmu zemlje i dr\u017ee njene najnaseljenije gradove. Na zapadu, Zapadne Kordiljere okru\u017euju Pacifik, a njihovi vrhovi se uzdi\u017eu iznad priobalnih ravnica gustih pra\u0161umama i \u010desto obavijenih maglom. Kali, pro\u017eet rekom Kauka, sme\u0161ten je u njenim isto\u010dnim podno\u017ejima. Izme\u0111u dolina Kauka i Magdalena nalaze se Centralne Kordiljere, \u010dije visine prelaze 5.000 metara. Ovde se nemirne ulice Medeljina i gradovi u kojima se uzgaja kafa dr\u017ee uz padine, ispunjeni mirisom orhideja i pe\u010denja zrna kafe. Orijentalne Kordiljere prote\u017eu se severoisto\u010dno prema poluostrvu Gvahira, gde se nalazi Bogota na oko 2.600 metara - jedna od najvi\u0161ih prestonica na svetu - i prote\u017eu se do Bukaramange i Kukute.<\/p>\n<p>Isto\u010dno od planina, \u0161iroki travnjaci LJanosa prelivaju se u basen Orinokoa, a njihove sezonske poplave hrane sto\u010darske ran\u010deve i koridore za divlje \u017eivotinje. Dalje na jug, amazonska pra\u0161uma se name\u0107e u zelenoj katedrali biodiverziteta. Priobalne ravnice se zna\u010dajno razlikuju: severna karipska obala je uglavnom pod suncem izgrejanim \u017ebunjem, izuzev Sijera Nevada de Santa Marta - priobalnog planinskog venca koji se naglo uzdi\u017ee na preko 5.700 metara - dok je pacifi\u010dka obala uska, natopljena ki\u0161om i slabo naseljena. Dvostruke obale Kolumbije, na Atlantiku i Pacifiku, izdvajaju je od kontinenta; njene pomorske granice dodiruju granice Kostarike, Nikaragve, Hondurasa, Jamajke, Haitija i Dominikanske Republike.<\/p>\n<p>LJudsko prisustvo na ovoj teritoriji datira najmanje 14.000 godina unazad, kada su lovci-sakuplja\u010di prelazili njene raznovrsne ekosisteme. Dok su Evropljani stigli \u2013 \u0161panski istra\u017eiva\u010di su se iskrcali u La Gvahiri 1499. godine \u2013 sofisticirane autohtone politike su napredovale u planinskim i nizijskim regionima. \u0160panska kruna je sredinom \u0161esnaestog veka stvorila Novo Kraljevstvo Granade, sa Santa Fe de Bogotom kao njegovim administrativnim centrom. Tokom vekova kolonijalne vladavine, populacije su se raspadale pod bolestima i osvajanjima, samo da bi se polako oporavljale kako su se pojavljivala kreolska dru\u0161tva.<\/p>\n<p>Nezavisnost je progla\u0161ena 1810. godine, iako se borba nastavila sve dok kampanje Simona Bolivara nisu obezbedile oslobo\u0111enje 1819. godine i dok se nije formirala kratkotrajna republika Velika Kolumbija. Eksperimentisanje sa federalizmom i centralizmom usledilo je kroz Granadinsku konfederaciju (1858), Sjedinjene Dr\u017eave Kolumbije (1863) i kona\u010dno Republiku Kolumbiju 1886. godine. Gubitak Paname 1903. godine, pod me\u0111unarodnim pritiskom, preokrenuo je njene granice. Tokom dvadesetog veka, unutra\u0161nji sukobi i politi\u010dko nasilje \u2013 koji su se intenzivirali 1960-ih i 1990-ih \u2013 obele\u017eili su nacionalnu pri\u010du. Od sredine 2000-ih, pobolj\u0161anja bezbednosti, institucionalne reforme i ekonomski rast po\u010deli su da menjaju dru\u0161tveni pejza\u017e.<\/p>\n<p>Moderna Kolumbija je podeljena na 32 departmana i Glavni okrug \u2014 Bogotu \u2014 svakim predvodi izabrani guverner i skup\u0161tina. Departmani se fragmentiraju u op\u0161tine, koje se dalje dele na koregimientose (seoske okruge) i komune (urbane okruge), svaki sa lokalnim savetima. Posebni okruzi \u2014 Barankilja, Kartahena, Santa Marta i Buenaventura \u2014 u\u017eivaju administrativni status koji odra\u017eava njihov pomorski, kulturni ili strate\u0161ki zna\u010daj. Ova slojevita struktura upravljanja te\u017ei da uravnote\u017ei regionalnu raznolikost sa nacionalnom koherentno\u0161\u0107u.<\/p>\n<p>Kolumbija, dom oko 52 miliona ljudi, zauzima tre\u0107e mesto u Latinskoj Americi po broju stanovnika. NJena demografska putanja \u2013 \u010detiri miliona na prelazu iz dvadesetog u dvadeseti vek na preko pedeset miliona danas \u2013 odra\u017eava pad fertiliteta i mortaliteta i prelazak sa ruralnog na gradski \u017eivot. Sedamdeset \u0161est procenata sada \u017eivi u gradovima, uglavnom u andskim planinskim koridorima. Stanovni\u0161tvo Bogote je poraslo sa nekoliko stotina hiljada u 1930-im na skoro osam miliona. Krajem sredinom veka, stanovni\u0161tvo stari: udeo starijih od \u0161ezdeset pet godina po\u010deo je primetno da raste. Raznovrsna etni\u010dka grupa \u2013 potomci autohtonih dru\u0161tava, \u0161panski i drugi evropski doseljenici, afri\u010dke dijaspore i talasi bliskoisto\u010dnih i drugih imigranata \u2013 podsti\u010de kulturni dinamizam Kolumbije. \u0160panski jezik povezuje naciju, iako engleski, kreolski i oko \u0161ezdeset \u010detiri autohtona jezika imaju regionalno priznanje.<\/p>\n<p>Kolumbija, koja je progla\u0161ena jednom od sedamnaest \u201emegadiverzitetnih\u201c nacija, odr\u017eava vi\u0161e vrsta po kvadratnoj milji nego bilo koja druga zemlja. Amazonska d\u017eungla, andski paramo, pacifi\u010dke mangrove i karipske suve \u0161ume doma\u0107ini su mno\u0161tvu biljaka i \u017eivotinja koje se ne mogu na\u0107i nigde drugde. \u0160est glavnih prirodnih regiona \u2013 Andi, pacifi\u010dka obala, karipska obala, LJanos, Amazon i ostrvske teritorije \u2013 stvaraju mozaik stani\u0161ta. Reke poput Magdalene i Kauke usecaju doline koje slu\u017ee i kao ekolo\u0161ki koridori i kao trgovinske arterije. Zemljotresi i vulkani drhte ispod povr\u0161ine, podse\u0107aju\u0107i na mesto nacije na Pacifi\u010dkom vatrenom prstenu.<\/p>\n<p>Kolumbijska ekonomija, tre\u0107a po veli\u010dini u Ju\u017enoj Americi, kombinuje tradicionalni izvoz \u2014 naftu, ugalj, kafu i rezano cve\u0107e \u2014 sa novonastalim sektorima visoke tehnologije, usluga i turizma. Makroekonomska stabilnost tokom poslednjih decenija privukla je strane investicije, dok je stopa siroma\u0161tva opala i pojavila se rastu\u0107a srednja klasa. Zdravstveni sistem, koji Svetska zdravstvena organizacija hvali kao najja\u010di u Latinskoj Americi, temelj je razvoja ljudskog kapitala. Glavni urbani centri \u2014 Bogota, Medeljin, Kali, Barankilja i Kartahena \u2014 funkcioni\u0161u kao finansijski, industrijski i kulturni motori.<\/p>\n<p>Kolumbijska kultura odjekuje odjecima pretkolumbovskih civilizacija, \u0161panskih kolonijalnih institucija, afri\u010dkog nasle\u0111a i uticaja imigranata iz Evrope i Bliskog istoka. Muzika se kre\u0107e od andskih bambukosa do afro-karipske kumbije; knji\u017eevnost se prote\u017ee od usmenih tradicija autohtonih stanovnika do magi\u010dno-realisti\u010dkih narativa dobitnika Nobelove nagrade Gabrijela Garsije Markesa. Festivali - Karneval u Barankilji, Ferija de las Flores u Medeljinu - me\u0161aju muziku, ples i ritual u \u017eivopisnim javnim prikazima.<\/p>\n<p>NJegova kuhinja govori o regionalnim posebnostima. U planinama, ahijako - \u010dorba od krompira, kukuruza i piletine - greje hladan planinski vazduh; na karipskoj obali, kokosov pirina\u010d i pr\u017eena riba podse\u0107aju i na autohtone i na afri\u010dke korene. Arepas - kukuruzne poga\u010dice, obi\u010dne ili punjene - pojavljuju se u svakom obroku, dok pasulj, banane i tropsko vo\u0107e poput gvanabane, lula i marakuje ulep\u0161avaju stolove \u0161irom zemlje. Uli\u010dne tezge slu\u017ee empanade, aborahados (slatke banane sa sirom) i bunjuelos; doma\u0107e kuhinje proizvode deserte poput natilja i kola\u010da tres le\u010des. Pi\u0107a se kre\u0107u od jake tinto kafe do aguardijentea od \u0161e\u0107erne trske, od \u010dampusa (pi\u0107a od vo\u0107a i kukuruza) do sve\u017eih vo\u0107nih sokova koji slave bogatstvo vo\u0107njaka zemlje.<\/p>\n<p>Kolumbijska pri\u010da nije ni stati\u010dna ni jednoobrazna. To je nacija koja stalno pregovara o svojim visokoplaninskim prestonicama i re\u010dnim zaba\u010denim predelima, svom se\u0107anju na sukob i svojim te\u017enjama za mirom, svom bogatom biodiverzitetu i pritiscima razvoja. Administrativne reforme, infrastrukturni projekti, napori za o\u010duvanje prirode i pokreti kulturnog preporoda svedo\u010de o dru\u0161tvu koje gleda i unazad i unapred \u2013 nastoje\u0107i da po\u0161tuje korene predaka dok istovremeno otvara nove puteve u me\u0111usobno povezanom svetu. U svojoj prostranosti i raznolikosti, Kolumbija ostaje istovremeno poznata i iznena\u0111uju\u0107a, trajna tema za razmi\u0161ljanje onih koji prelaze njene puteve, plovi njenim rekama i slu\u0161aju mnoge glasove koji zajedno \u010dine njenu naraciju koja se razvija.<\/p>","protected":false},"excerpt":{"rendered":"<p>Located at the northwestern extremity of South America,\u00a0Colombia\u00a0is characterized by significant\u00a0diversity\u00a0and striking contrasts. Officially the\u00a0Republic of Colombia, this colorful nation covers more than 1.1 million square kilometers, ranking 26th among all the countries in the globe.\u00a0Colombia\u00a0acts as a\u00a0geographical\u00a0and\u00a0cultural link\u00a0between\u00a0South and Central America\u00a0with its strategic position between the\u00a0Pacific and Caribbean Seas.<\/p>","protected":false},"author":1,"featured_media":3844,"parent":24096,"menu_order":0,"comment_status":"closed","ping_status":"closed","template":"elementor_theme","meta":{"_eb_attr":"","footnotes":""},"class_list":["post-7405","page","type-page","status-publish","has-post-thumbnail"],"_links":{"self":[{"href":"https:\/\/travelshelper.com\/sr\/wp-json\/wp\/v2\/pages\/7405","targetHints":{"allow":["GET"]}}],"collection":[{"href":"https:\/\/travelshelper.com\/sr\/wp-json\/wp\/v2\/pages"}],"about":[{"href":"https:\/\/travelshelper.com\/sr\/wp-json\/wp\/v2\/types\/page"}],"author":[{"embeddable":true,"href":"https:\/\/travelshelper.com\/sr\/wp-json\/wp\/v2\/users\/1"}],"replies":[{"embeddable":true,"href":"https:\/\/travelshelper.com\/sr\/wp-json\/wp\/v2\/comments?post=7405"}],"version-history":[{"count":0,"href":"https:\/\/travelshelper.com\/sr\/wp-json\/wp\/v2\/pages\/7405\/revisions"}],"up":[{"embeddable":true,"href":"https:\/\/travelshelper.com\/sr\/wp-json\/wp\/v2\/pages\/24096"}],"wp:featuredmedia":[{"embeddable":true,"href":"https:\/\/travelshelper.com\/sr\/wp-json\/wp\/v2\/media\/3844"}],"wp:attachment":[{"href":"https:\/\/travelshelper.com\/sr\/wp-json\/wp\/v2\/media?parent=7405"}],"curies":[{"name":"wp","href":"https:\/\/api.w.org\/{rel}","templated":true}]}}