{"id":7304,"date":"2024-08-25T11:43:52","date_gmt":"2024-08-25T11:43:52","guid":{"rendered":"https:\/\/travelshelper.com\/staging\/?page_id=7304"},"modified":"2026-03-14T00:27:09","modified_gmt":"2026-03-14T00:27:09","slug":"surinam","status":"publish","type":"page","link":"https:\/\/travelshelper.com\/sr\/destinations\/south-america\/suriname\/","title":{"rendered":"Surinam"},"content":{"rendered":"<p>Surinam zauzima usku traku du\u017e severne obale Ju\u017ene Amerike, ome\u0111enu Atlantskim okeanom na severu, Francuskom Gvajanom na istoku, Gvajanom na zapadu i Brazilom na jugu. NJegovih 163.820 kvadratnih kilometara je gotovo u potpunosti pokriveno pra\u0161umom, \u0161to je najve\u0107i udeo \u0161umskog pokriva\u010da od bilo koje nacije. Manje od sedam stanovnika po kvadratnom kilometru zauzima ju\u017eno unutra\u0161nje podru\u010dje; ve\u0107ina stanovni\u0161tva je grupisana du\u017e priobalnih nizija. Paramaribo, sme\u0161ten na reci Surinam, otprilike deset kilometara u unutra\u0161njosti od obale, sme\u0161ta skoro polovinu od 625.000 stanovnika nacije.<\/p>\n<p>Prostiru\u0107i se od 1\u00b0 do 6\u00b0 severne geografske \u0161irine i 54\u00b0 do 58\u00b0 zapadne geografske du\u017eine, Surinam se deli na dva glavna geografska regiona. Severnih deset do dvadeset kilometara sastoji se od priobalnih poldera, nasipanih i isu\u0161enih jo\u0161 od kolonijalnog doba kako bi se omogu\u0107io uzgoj pirin\u010da, banana i drugih izvoznih useva. Tri glavna re\u010dna estuara \u2014 Kopenam, Komevijn i Saramaka \u2014 ulivaju se u plimne mangrove mo\u010dvare pre nego \u0161to stignu do mora. U unutra\u0161njosti se nalazi postepeni uspon do savana i visoravninskih travnjaka koji okru\u017euju prostrana mo\u010dvarna podru\u010dja du\u017e brazilske granice. Iza njih, Gvajanski \u0161tit daje dva niska planinska lanca: Bahujs na zapadu i lanac Van A\u0161 Van Vajk u centru. Julijanatop, na 1.286 metara nadmorske visine, ozna\u010dava najvi\u0161u ta\u010dku Surinama.<\/p>\n<p>LJudsko prisustvo u regionu datira iz \u010detvrtog milenijuma pre nove ere, kada su se zajednice Aravaka i Kariba prilagodile \u017eivotu pored reka i u \u0161umama. Kontakt sa Evropljanima je po\u010deo u \u0161esnaestom veku, a do kraja 17. veka Holan\u0111ani su uspostavili kontrolu nad ve\u0107inom dana\u0161nje teritorije. Koloniju su odr\u017eavali kao ekonomiju planta\u017ea \u0161e\u0107era, koju su odr\u017eavali porobljeni Afrikanci sve do emancipacije 1863. godine. Pad ropskog rada podstakao je regrutovanje radnika po ugovoru iz Britanske Indije i holandskih Isto\u010dnih Indija; njihovi potomci se pridru\u017euju onima afri\u010dkog, starosedela\u010dkog, kineskog i javanskog porekla u dana\u0161njem etni\u010dki pluralnom dru\u0161tvu. Nijedna grupa ne prelazi trideset procenata stanovni\u0161tva. Udeo hinduisti\u010dkih i muslimanskih sledbenika je me\u0111u najvi\u0161im u Americi.<\/p>\n<p>Holandska vlast se razvila u dvadesetom veku. Godine 1954, Surinam je stekao status autonomne dr\u017eave u okviru Kraljevine Holandije; puna nezavisnost usledila je 25. novembra 1975. Diplomatske i ekonomske veze sa Holandijom ostaju jake. Holandski slu\u017ei kao jedini zvani\u010dni jezik, koji se koristi u vladi, trgovini, medijima i obrazovanju. Sranan tongo, kreolski jezik izveden iz engleskog jezika, funkcioni\u0161e kao lingva franka. Pribli\u017eno \u0161ezdeset procenata stanovnika govori holandski kao izvorni jezik; ve\u0107ina ostalih ga sti\u010de kroz \u0161kolovanje.<\/p>\n<p>Administrativno, republika je podeljena na deset okruga, svaki pod upravom komesara kojeg imenuje predsednik. Ovi okruzi se dalje dele na 62 odmarali\u0161ta (ressorten), koja zatim obuhvataju sela, gradove i naselja. Podela odra\u017eava i planta\u017ee iz kolonijalnog doba i granice starosedelaca.<\/p>\n<p>Klima Surinama je vru\u0107a i vla\u017ena tokom cele godine, sa prose\u010dnim temperaturama izme\u0111u 29 i 34 \u00b0C i relativnom vla\u017eno\u0161\u0107u od 80 do 90 procenata. Dva vla\u017ena godi\u0161nja doba - od aprila do avgusta i od novembra do februara - smenjuju se sa dva kra\u0107a su\u0161na perioda. Visoka vla\u017enost poja\u010dava percipiranu toplotu i do 6 \u00b0C. Ekvatorijalno sunce i \u010deste oluje oblikuju pejza\u017e bujne vegetacije i obilnih vodenih puteva.<\/p>\n<p>Republika se mo\u017ee pohvaliti sa \u0161est kopnenih ekoregiona. Priobalne mangrove ustupaju mesto mo\u010dvarnim \u0161umama u blizini Paramariba. U unutra\u0161njosti, vla\u017ene \u0161ume prekrivaju Gvajanske visoravni i nizijske ravnice. Enklave savane pojavljuju se du\u017e ju\u017enih granica, a izolovani tepui od pe\u0161\u010dara probijaju kro\u0161nje drve\u0107a. Svete za nau\u010dnike i za\u0161titnike prirode, ove \u0161ume posti\u017eu rezultat Indeksa integriteta \u0161umskog pejza\u017ea od 9,39 od 10, peti najvi\u0161i u svetu. Dvadeset sedam procenata zemlji\u0161ta nalazi se u formalno za\u0161ti\u0107enim rezervatima. Samo Centralni rezervat prirode Surinam pokriva 16.000 kvadratnih kilometara, \u0161to je povr\u0161ina ve\u0107a od nekoliko evropskih dr\u017eava.<\/p>\n<p>Ekonomija zavisi od izvoza minerala \u2014 boksita, zlata i nafte \u2014 uz pove\u0107anje poljoprivrede. Rudarstvo boksita je sredinom dvadesetog veka u\u010dvrstilo Surinam kao zna\u010dajan izvor aluminijumske rude, dok se koncesije za zlato fokusiraju na unutra\u0161nje reke. Pirina\u010d, banane i \u0161kampi su me\u0111u poljoprivrednim proizvodima. Ekonomska aktivnost je koncentrisana u Paramaribu, gde lu\u010dki objekti i postrojenja za preradu opslu\u017euju i doma\u0107u i me\u0111unarodnu trgovinu.<\/p>\n<p>Saobra\u0107ajna infrastruktura odra\u017eava izazovan teren zemlje. Ukupna du\u017eina puteva je 4.303 kilometra, od \u010dega je 1.119 kilometara asfaltirano. Most \u017dil Vajdenbo\u0161, zavr\u0161en 2000. godine, premo\u0161\u0107uje reku Surinam blizu Paramariba i povezuje glavni grad sa okrugom Komevijn, zamenjuju\u0107i trajektni prelaz i podsti\u010du\u0107i razvoj isto\u010dno od metropole. Saobra\u0107aj se odvija po principu vo\u017enje levom stranom, \u0161to je ostatak britanske okupacije i holandske prakse u osamnaestom veku. Vozila uklju\u010duju modele sa levim i desnim volanom. Avijacija se oslanja na 55 aerodroma, od kojih \u0161est poseduje asfaltirane piste. Me\u0111unarodni aerodrom Johan Adolf Pengel opslu\u017euje dugolinijske avione i ve\u0107inu me\u0111unarodnih dolazaka.<\/p>\n<p>Urbani \u017eivot se koncentri\u0161e na usku priobalnu ravnicu. Istorijsko jezgro Paramariba, koje je na listi svetske ba\u0161tine UNESKO-a, predstavlja mre\u017eu drvenih kolonijalnih struktura - neoklasi\u010dnih fasada sa verandama i prozorima sa kapcima. Ovde se katedrala Svetog Petra i Pavla, \u010dija je izgradnja po\u010dela 1883. godine na ru\u0161evinama nekada\u0161njeg pozori\u0161ta, uzdi\u017ee do nivoa kamenih pandana u Evropi. U blizini se nalaze d\u017eamija i sinagoga u zajedni\u010dkoj blizini; njihove kongregacije su organizovale zajedni\u010dke parking prostore kada se verski obredi poklapaju. U okrugu Vanika, hram Arja Divaker, otvoren 2001. godine, nosi natpise vedskih tekstova umesto figurativnih ikona, \u0161to odra\u017eava principe Arja Samad\u017e.<\/p>\n<p>Ruralne i unutra\u0161nje atrakcije poti\u010du iz amazonskog ekosistema. Prirodni park Braunsberg gleda na akumulaciju Brokopondo, koja je sama stvorena jednom od najve\u0107ih hidroelektrana na svetu. Ostrvo Tonka, koje se nalazi na akumulaciji, doma\u0107in je ekoturisti\u010dkog projekta kojim upravljaju zajednice Saramakaner Marun, koje tako\u0111e proizvode ru\u010dno oslikane \u010dinije od kalaba\u0161a i ukrasne drvene rukotvorine za posetioce. Rezervat Raligvalen, usredsre\u0111en na liticama i brzacima reke Kopename, nudi mogu\u0107nosti za posmatranje ptica; vodopadi Blan\u0161 Mari i Vonotobo isprekidaju druge re\u010dne tokove. \u0160umske kolibe i indijanska sela omogu\u0107avaju kulturnu razmenu uz po\u0161tovanje smernica za\u0161tite prirode.<\/p>\n<p>Bezbednost na putevima u Surinamu je u suprotnosti sa njegovim mirnim priobalnim gradovima; stopa kriminala je porasla u Paramaribu, a oru\u017eane plja\u010dke se de\u0161avaju sve \u010de\u0161\u0107e. Ameri\u010dki Stejt department procenjuje rizik putovanja kao nivo 1: primenjujte uobi\u010dajene mere predostro\u017enosti.<\/p>\n<p>Demografski trendovi pokazuju stalan rast od popisa iz 2012. godine, koji je obuhvatio 541.638 stanovnika. Ujedinjene nacije su procenile da je 2022. godine broj stanovnika bio blizu 624.900. Urbanizacija se nastavlja du\u017e obale; skoro devedeset procenata stanovnika \u017eivi u Paramaribu ili susednim naseljima.<\/p>\n<p>Diplomatske veze uklju\u010duju \u010dlanstvo u Karipskoj zajednici (KARIKOM), Organizaciji islamske saradnje, Organizaciji ameri\u010dkih dr\u017eava i Ujedinjenim nacijama. Ove veze pro\u0161iruju domet Surinama izvan njegove skromne veli\u010dine, omogu\u0107avaju\u0107i u\u010de\u0161\u0107e u regionalnim ekonomskim i kulturnim razmenama.<\/p>\n<p>Uprkos kompaktnoj populaciji, obilno prirodno bogatstvo i kulturna raznolikost Surinama \u010dine slojevitu nacionalnu naraciju. Od kolonijalnih planta\u017ea i migracione radne snage do rezervata pra\u0161ume i moderne infrastrukture, republika ostaje pejza\u017e trajnih kontrasta. NJene guste \u0161ume i spore reke svedo\u010de o me\u0111usobnom delovanju \u017eivota predaka ameri\u010dkih Indijanaca i globalne trgovine, tropske klime i ve\u0161ta\u010dkog poldera, multietni\u010dkog dru\u0161tva i jedinstvene dr\u017eavnosti. Surinam je istovremeno udaljen i povezan, riznica ekolo\u0161kog integriteta i ljudske slo\u017eenosti du\u017e severne obale Ju\u017ene Amerike.<\/p>","protected":false},"excerpt":{"rendered":"<p>Suriname, a little nation on the northeastern coast of South America, offers a unique mix of cultures, unspoiled environment, and welcoming hospitality. For those looking for real experiences and unspoiled beauty, this hidden treasure is fast rising as a must-see.<\/p>","protected":false},"author":1,"featured_media":4488,"parent":24096,"menu_order":0,"comment_status":"closed","ping_status":"closed","template":"elementor_theme","meta":{"_eb_attr":"","footnotes":""},"class_list":["post-7304","page","type-page","status-publish","has-post-thumbnail"],"_links":{"self":[{"href":"https:\/\/travelshelper.com\/sr\/wp-json\/wp\/v2\/pages\/7304","targetHints":{"allow":["GET"]}}],"collection":[{"href":"https:\/\/travelshelper.com\/sr\/wp-json\/wp\/v2\/pages"}],"about":[{"href":"https:\/\/travelshelper.com\/sr\/wp-json\/wp\/v2\/types\/page"}],"author":[{"embeddable":true,"href":"https:\/\/travelshelper.com\/sr\/wp-json\/wp\/v2\/users\/1"}],"replies":[{"embeddable":true,"href":"https:\/\/travelshelper.com\/sr\/wp-json\/wp\/v2\/comments?post=7304"}],"version-history":[{"count":0,"href":"https:\/\/travelshelper.com\/sr\/wp-json\/wp\/v2\/pages\/7304\/revisions"}],"up":[{"embeddable":true,"href":"https:\/\/travelshelper.com\/sr\/wp-json\/wp\/v2\/pages\/24096"}],"wp:featuredmedia":[{"embeddable":true,"href":"https:\/\/travelshelper.com\/sr\/wp-json\/wp\/v2\/media\/4488"}],"wp:attachment":[{"href":"https:\/\/travelshelper.com\/sr\/wp-json\/wp\/v2\/media?parent=7304"}],"curies":[{"name":"wp","href":"https:\/\/api.w.org\/{rel}","templated":true}]}}