{"id":7225,"date":"2024-08-23T20:00:24","date_gmt":"2024-08-23T20:00:24","guid":{"rendered":"https:\/\/travelshelper.com\/staging\/?page_id=7225"},"modified":"2026-03-14T00:29:25","modified_gmt":"2026-03-14T00:29:25","slug":"kusko","status":"publish","type":"page","link":"https:\/\/travelshelper.com\/sr\/destinations\/south-america\/peru\/cusco\/","title":{"rendered":"Kusko"},"content":{"rendered":"<p>Kusko se nalazi u uskoj dolini u Andima, njegove ulice isklesane od kamena i oblo\u017eene zidinama koje prate dvostruko nasle\u0111e grada. Na otprilike 3.400 metara nadmorske visine, nalazi se tamo gde se reka Uatanaj savija i gde se susre\u0107u dva sveta - inkovski i kolonijalni. U modernom Peruu, Kusko je glavni grad svoje pokrajine i departmana, a njegovo stanovni\u0161tvo je do 2017. godine dostiglo preko 428.000. Slojevita pro\u0161lost i sada\u0161njost grada otkrivaju se na svakom trgu, hramu i pijaci.<\/p>\n<p>Kusko se prostire du\u017e doline reke Uatanaj (ili Vatanaj). Na severu se uzdi\u017ee planinski venac Vilkabamba, \u010diji vrhovi dose\u017eu izme\u0111u 4.000 i 6.000 metara; Salkantaj, sa 6.271 metrom, nalazi se oko 60 kilometara severozapadno. Lokalna klima spada u kategoriju suptropskih visoravni (K\u00f6ppen Cwb). Izme\u0111u aprila i septembra, dnevno nebo je vedro, temperature se kre\u0107u oko 10 \u00b0C, najni\u017ee su u julu, a no\u0107ni mrazevi se javljaju. Od oktobra do marta, ki\u0161e natapaju terasasta brda i spu\u0161taju uske uli\u010dice; prose\u010dna temperatura u novembru je 13,3 \u00b0C. Uprkos \u010destom gradu i povremenom mrazu, poslednje sne\u017ene padavine su se dogodile u junu 1911. Dnevna o\u010ditavanja variraju izme\u0111u 0,2 \u00b0C i 20,9 \u00b0C, iako se ekstremi kre\u0107u od -8,9 \u00b0C do 30 \u00b0C. Intenzitet sunca dosti\u017ee vrhunac tokom jula, \u0161to je sli\u010dno januaru na severnoj hemisferi, dok februar nudi najmanje sun\u010danih sati.<\/p>\n<p>Mnogo pre dolaska \u0161panskih vojnika, Kusko je slu\u017eio kao srce Carstva Inka. Prvobitna mre\u017ea grada pridr\u017eavala se terena, njegove ulice su se vijugale uz strme padine i nadvijale iznad potoka. Rani stanovnici su gajili raznovrsne sorte krompira - oko 3.000 sorti - du\u017e planinskih terasa. Inka arhitekte su podizale hramove od fino tesanog kamena, me\u0111u kojima je bio Kurikan\u010da, Hram Sunca, i izgradile urbana utvr\u0111enja oko Saksajhuamana. Oko 1100. godine nove ere, kultura Kilke je ve\u0107 polo\u017eila prve slojeve tvr\u0111ave i isklesala akvadukte za kanalisanje planinske vode.<\/p>\n<p>Fransisko Pizarove snage stigle su 1535. godine. Rastavili su zidine palate, prenamenili kamen u crkve i osnovali \u0161panski grad na temeljima Inka. Katedrala Santo Domingo sada stoji tamo gde su se nekada uzdizali hramovi. U nekoliko zemljotresa tokom vekova, zidarstvo Inka je nad\u017eivelo kolonijalne temelje, \u0161to je nemi dokaz in\u017eenjerske preciznosti.<\/p>\n<p>Urbani otisak Kuska odra\u017eava dva sistema u napetosti i harmoniji. Pretkolumbovski graditelji po\u0161tovali su \u201egeografsku matricu\u201c, poravnavaju\u0107i ulice sa grebenima, odra\u017eavaju\u0107i konture brda i usmeravaju\u0107i vodu kroz poplo\u010dane kanale. \u0160panci su nametnuli mre\u017eu preko tog obrasca, urezav\u0161i trgove \u2013 a najzna\u010dajniji je Plaza de Armas \u2013 u srce grada. Kolonijalne fasade maskiraju donje kamene zidove iz doba Inka u mnogim zgradama; slojevita arheologija za one koji pa\u017eljivo zavire.<\/p>\n<p>Godine 1972, vlada Perua je proglasila istorijski centar kulturnom ba\u0161tinom nacije. Jedanaest godina kasnije, UNESKO ga je priznao za mesto svetske ba\u0161tine. Vlasti su stvorile centralnu zonu o\u010duvanih struktura, okru\u017eenu tampon-zonom koja se prote\u017ee u okolna brda.<\/p>\n<p>Kuskova ekonomija se vekovima menjala - od carskog rezervata do kolonijalnog upori\u0161ta, od poljoprivrednog centra do globalne destinacije. Na okolnim poljima, poljoprivrednici uzgajaju kukuruz i doma\u0107e gomolje, dok zanatski proizvo\u0111a\u010di prave pivo, \u010dokolade i pr\u017eena zrna kafe. Ekstraktorska industrija posluje na marginama grada, iako trendovi zapo\u0161ljavanja zavise od turizma. Od po\u010detka 2000-ih, broj posetilaca je porastao na preko 1,2 miliona godi\u0161nje; do 2019. godine, preko 2,7 miliona turista je u\u0161lo u region. Turisti\u010dka potro\u0161nja je porasla sa oko 837 miliona ameri\u010dkih dolara u 2002. godini na 2,47 milijardi ameri\u010dkih dolara do 2009. godine. Kusko sada odr\u017eava skoro punu zaposlenost.<\/p>\n<p>Da bi se prilagodili rastu\u0107em broju dolazaka, zvani\u010dnici su odobrili izgradnju Me\u0111unarodnog aerodroma \u010cin\u010dero. Sme\u0161ten na iznad 3.700 metara na brdima severozapadno od grada, cilj mu je da direktno pove\u017ee Kusko sa Severnom Amerikom i Evropom, zaobilaze\u0107i Limu. Zameni\u0107e Me\u0111unarodni aerodrom Alehandro Velasko Astete, nazvan po pilotu koji je zavr\u0161io prvi let Lima-Kusko 1925. godine. Do otvaranja \u010cin\u010dera, Astete opslu\u017euje pet doma\u0107ih i tri me\u0111unarodne destinacije.<\/p>\n<p>Kuskove kuhinje spajaju andske, kolonijalne i moderne uticaje. Uli\u010dni prodavci prodaju \u010doklo kon keso - kukuruz debelog zrna sa sve\u017eim sirom - pored tezgi koje nude kuj al horno, pe\u010deno morsko prase pr\u017eeno na \u0107umuru. Pikanterije slu\u017ee obilne supe i pr\u017eeno meso: kaldo de panza (supa od \u0161kembi\u0107a), kostiljar frito (pr\u017eena rebra), malaja frita (odrezak). Ostala jela nose \u0161panska imena - \u010duleta frita, \u010durasko al jugo - ali prilago\u0111avaju lokalne sastojke. Mahunarka tarvi, pe\u010dena ili pome\u0161ana u salate poput solterito de ku\u010dikara, nudi proteine biljnog porekla. Sotirana svinjetina se pojavljuje kao \u010di\u010daron, dok se srca peku na \u0107umuru kao korazon a la brasa. Fju\u017en restorani me\u0161aju andska jela sa me\u0111unarodnim tehnikama, ali zadr\u017eavaju bazu autohtonih gomolja i divljeg bilja.<\/p>\n<p>Kusko funkcioni\u0161e kao kapija ka nasle\u0111u Inka. Ma\u010du Pik\u010du, 80 kilometara severno, nalazi se na vrhu ve\u0107ine ruta. Planinari prate Inka stazu, prelaze\u0107i visoke prevoje pre nego \u0161to se u zoru pojave kod tvr\u0111ave. Vozovi vijugaju du\u017e re\u010dnih kanjona za one koji vi\u0161e vole bla\u017ei uspon.<\/p>\n<p>Unutar gradskih granica, Saksajhuaman se nalazi na grebenu iznad severne ivice. D\u017dinovsko kamenje, svako te\u0161ko i do 100 tona, ispreple\u0107eno je bez maltera. Na njegovim terasama posetioci posmatraju kako se oblaci spu\u0161taju u dolinu. U blizini, akvadukt i put Kilke povezuju praistorijske hramove sa tvr\u0111avom.<\/p>\n<p>Izvan poznatog, ru\u0161evine su ra\u0161trkane po dolini Vatanaj. Tipon prikazuje teku\u0107e vodene kanale na \u0161irokim terasama. Kod NJusta Hisp&#039;ane, isklesano kamenje stoji poput ba\u0161te skulptura. Inkahuasi pola\u017ee pravo na titulu najvi\u0161eg lokaliteta Inka sa skoro 4.000 metara. Moraj se spu\u0161ta u koncentri\u010dne platforme - poljoprivredni eksperiment u mikroklimi. Vilkabamba, poslednje uto\u010di\u0161te vladara Inka, le\u017ei skriveno u \u0161umovitim padinama. Vitkos i Patalakta le\u017ee ispod mahovinastih palmi, njihove zidove poluprogutaju vinove loze.<\/p>\n<p>Kusko je \u017eelezni\u010dkom linijom povezan sa Hulijakom i Arekipom preko glavne linije Ju\u017ene \u017eeleznice, koja se zavr\u0161ava na stanici Van\u010dak. Od stanice San Pedro, linija se krivi jugoisto\u010dno prema Santa Ani i Kiljabambi, istorijskoj ruti do Ma\u010du Pik\u010dua. Vozove upravlja PeruRejl, nude\u0107i panoramske prozore i vagone-restorane.<\/p>\n<p>Putevi se \u0161ire od grada poput \u017ebica. Autoputevi povezuju Kusko sa Abankajem, najbr\u017eim putem do Lime za oko 20 sati, i sa Punom na obali jezera Titikaka. Autobusi polaze svakog sata za Puerto Maldonado, Arekipu i Hulijaku, prolaze\u0107i kroz planinske prevoje i preko ravnica na velikim nadmorskim visinama.<\/p>\n<p>Kusko ostaje grad kamena i se\u0107anja, gde svaki kutak donosi pri\u010du o radu, osvajanju i obnovi. NJegova ekonomija se oslanja na zemlji\u0161te i kamenje, na gomolje i turiste, na arhitekturu koja se savija, ali opstaje. Ovde, nadmorska visina izo\u0161trava \u010dula: hladno\u0107a vazduha pre zore, odsjaj sunca na bledoj steni, udaljeni krik jastreba iznad terasa koje se talasaju poput okeanskih talasa. Grad je nekada slu\u017eio carstvu; danas stoji na raskrsnici pro\u0161losti i sada\u0161njosti, planine i neba. Na njegovim trgovima, u njegovim ru\u0161evinama, posetioci naziru i izdr\u017eljivost i promenu, na mestu koje napreduje na ivicama daha i vremena.<\/p>","protected":false},"excerpt":{"rendered":"<p>Cusco, the historic capital of the Inca Empire, exemplifies Peru&#8217;s profound history and cultural legacy. Nestled high in the Andes Mountains, this city presents tourists with a special fusion of pre-Columbian and colonial Spanish influences. While its lively markets and local cuisine give a sense of modern Peruvian life, its cobblestone walkways, great plazas, and well-preserved architecture carry visitors back in time.<\/p>","protected":false},"author":1,"featured_media":3211,"parent":7175,"menu_order":0,"comment_status":"closed","ping_status":"closed","template":"elementor_theme","meta":{"_eb_attr":"","footnotes":""},"class_list":["post-7225","page","type-page","status-publish","has-post-thumbnail"],"_links":{"self":[{"href":"https:\/\/travelshelper.com\/sr\/wp-json\/wp\/v2\/pages\/7225","targetHints":{"allow":["GET"]}}],"collection":[{"href":"https:\/\/travelshelper.com\/sr\/wp-json\/wp\/v2\/pages"}],"about":[{"href":"https:\/\/travelshelper.com\/sr\/wp-json\/wp\/v2\/types\/page"}],"author":[{"embeddable":true,"href":"https:\/\/travelshelper.com\/sr\/wp-json\/wp\/v2\/users\/1"}],"replies":[{"embeddable":true,"href":"https:\/\/travelshelper.com\/sr\/wp-json\/wp\/v2\/comments?post=7225"}],"version-history":[{"count":0,"href":"https:\/\/travelshelper.com\/sr\/wp-json\/wp\/v2\/pages\/7225\/revisions"}],"up":[{"embeddable":true,"href":"https:\/\/travelshelper.com\/sr\/wp-json\/wp\/v2\/pages\/7175"}],"wp:featuredmedia":[{"embeddable":true,"href":"https:\/\/travelshelper.com\/sr\/wp-json\/wp\/v2\/media\/3211"}],"wp:attachment":[{"href":"https:\/\/travelshelper.com\/sr\/wp-json\/wp\/v2\/media?parent=7225"}],"curies":[{"name":"wp","href":"https:\/\/api.w.org\/{rel}","templated":true}]}}