{"id":7175,"date":"2024-08-22T21:13:46","date_gmt":"2024-08-22T21:13:46","guid":{"rendered":"https:\/\/travelshelper.com\/staging\/?page_id=7175"},"modified":"2026-03-14T00:29:05","modified_gmt":"2026-03-14T00:29:05","slug":"peru","status":"publish","type":"page","link":"https:\/\/travelshelper.com\/sr\/destinations\/south-america\/peru\/","title":{"rendered":"Peru"},"content":{"rendered":"<p>Peru zauzima uzak deo zapadne Ju\u017ene Amerike, gde se Tihi okean susre\u0107e sa visokim andskim vrhovima i ogromnim amazonskim basenom. NJegova kopnena masa, koja obuhvata 1.285.216 kvadratnih kilometara, zauzima devetnaesto mesto me\u0111u nacijama i tre\u0107e na kontinentu. Na severu, granice dodiruju Ekvador i Kolumbiju; isto\u010dna granica se susre\u0107e sa Brazilom; Bolivija le\u017ei na jugoistoku; \u010cile se grani\u010di sa jugom; dok Pacifik zapljuskuje njegovu zapadnu obalu. Lima, glavni grad i glavna luka, sme\u0161ta skoro jednu tre\u0107inu stanovni\u0161tva nacije, koje prelazi 32 miliona stanovnika.<\/p>\n<p>Upe\u010datljiva karakteristika Perua je njegova ekolo\u0161ka raznolikost. Du\u017e su\u0161nog litorala, uske priobalne ravnice ispresecane re\u010dnim dolinama prote\u017eu se od granice sa \u010cileom do granice sa Ekvadorom. Iza ovih ravnica, Andski kordiljeri se naglo uzdi\u017eu: vrhovi poput Uaskarana (6.768 metara) propisuju niz klime i stani\u0161ta. Iza visoravni, gde se na visoravan Altiplano nalaze jezera poput Titikake, teren se spu\u0161ta u basen Amazona, \u0161umovito prostranstvo koje pokriva skoro \u0161ezdeset procenata teritorije i hrani re\u010dni sistem \u010dija glavna arterija - poznata \u0161irom sveta kao reka Amazon - izvire unutar peruanskih granica.<\/p>\n<p>Peruanski vodeni putevi se dele na tri glavna slivova. Potoci koji teku na zapad ka Pacifiku obi\u010dno su strmi i sezonski; oni koji teku na istok u Amazon pove\u0107avaju se u zapremini i du\u017eini, urezuju\u0107i blage kanale kada izbiju iz planina; manji skup reka se uliva u jezero Titikaka. Me\u0111u najdu\u017eim su Ukajali, Maranjon i Ualjaga. Ove reke, zajedno sa skoro pedeset malih priobalnih slivova, snabdevaju zemlju sa oko \u010detiri procenta svetske slatke vode.<\/p>\n<p>Klima zemlje odra\u017eava njenu raznoliku topografiju. Priobalna podru\u010dja imaju blage temperature, oskudne padavine i visoku vla\u017enost vazduha. U planinama, letnje ki\u0161e padaju \u010desto, dok temperature padaju sa nadmorskom visinom sve do stalnih snegova na najvi\u0161im vrhovima. Region Amazona trpi obilne tropske ki\u0161e i konstantno tople uslove, iako njegov ju\u017eni kraj ima hladnije zime i izrazitu su\u0161nu sezonu. Okeanske struje - hladna Humboltova i topli El Ninjo - dodatno menjaju lokalne vremenske obrasce, stvaraju\u0107i mikroklime du\u017e obale.<\/p>\n<p>LJudska istorija Perua obuhvata vi\u0161e od dvanaest milenijuma. Kultura Karal-Supe, koja je cvetala ve\u0107 u desetom milenijumu pre nove ere, predstavlja jedan od najranijih centara organizovanog naseljavanja u Americi. Naknadna dru\u0161tva - poput Naske, Varija i Tivanakua - razvila su prepoznatljive umetnosti i dru\u0161tvene sisteme tokom milenijuma. Do petnaestog veka, Kraljevina Kusko je iznedrila Carstvo Inka, koje se na svom vrhuncu prostiralo od dana\u0161njeg Ekvadora do centralnog \u010cilea i predstavljalo najve\u0107u politi\u010dku zajednicu u pretkolumbovskoj Americi.<\/p>\n<p>\u0160panske snage su stigle po\u010detkom \u0161esnaestog veka. Nakon vojnih kampanja koje je predvodio Fransisko Pizaro, \u0160panci su nametnuli kolonijalnu vlast i 1542. godine osnovali Vicekraljevstvo Peru, sa Limom kao glavnim gradom. Taj grad je ubrzo postao centar administracije, trgovine i visokog obrazovanja; Nacionalni univerzitet San Markos, osnovan 1551. godine, dr\u017ei se po\u010dasti kao najstariji zvani\u010dno priznati univerzitet u Americi.<\/p>\n<p>Nakon skoro tri veka kolonijalne uprave, Peru je proglasio nezavisnost 28. jula 1821. godine. Vojni napori li\u010dnosti kao \u0161to su Hose de San Martin, Simone Bolivar i Bernardo O&#039;Higins kulminirali su bitkom kod Ajaku\u010da 9. decembra 1824. godine, zape\u010dativ\u0161i oslobo\u0111enje od \u0160panije. Devetnaesti vek koji je usledio obele\u017eio je periode politi\u010dkih turbulencija isprekidanih ekonomskim procvatom - najzna\u010dajnija je bila trgovina gvanom, koja je finansirala infrastrukturu, ali je i posejala seme diplomatskog sukoba koji je izbio u Pacifi\u010dkom ratu (1879\u20131884).<\/p>\n<p>Dvadeseti vek je doneo dalje fluktuacije. Unutra\u0161nji sukobi \u2013 obele\u017eeni sukobima izme\u0111u dr\u017eavnih snaga i oru\u017eanih pobuna \u2013 smenjivali su se sa fazama rasta. Devedesetih godina pro\u0161log veka, plan unutra\u0161nje bezbednosti poznat kao Plan Verde olak\u0161ao je uspon Alberta Fud\u017eimorija. NJegova administracija, pod uticajem neoliberalnih politi\u010dkih okvira, unapredila je ekonomsku liberalizaciju dok je vladala kroz izuzetne mere zajedno sa savetnikom Vladimirom Montesinosom. Takozvana decenija ekspanzije u 2000-im postigla je zna\u010dajno smanjenje siroma\u0161tva; ipak, do 2010-ih, pojavile su se strukturne slabosti. Politi\u010dki sporovi dostigli su vrhunac tokom krize izazvane COVID-19, najavljuju\u0107i \u0161iroko rasprostranjene dru\u0161tvene nemire od 2022. godine pa nadalje.<\/p>\n<p>Danas, Peru funkcioni\u0161e kao reprezentativna demokratska republika. NJena teritorija je podeljena na dvadeset pet regiona: dvadeset \u010detiri departmana plus ustavnu provinciju Kaljao i nezavisnu provinciju Lima. Regionalne vlade, na \u010delu sa izabranim guvernerima i savetima koji slu\u017ee \u010detvorogodi\u0161nji mandat bez mogu\u0107nosti neposrednog reizbora, nadgledaju bud\u017eete, javne investicije i razvojne inicijative. Pokrajinske administracije - poput one u Limi - sastoje se od op\u0161tinskih saveta na \u010delu sa gradona\u010delnicima. Metropolitanska podru\u010dja, a najzna\u010dajnije je urbano \u0161irenje Lime, \u200b\u200bkoje je sedmo mesto me\u0111u ameri\u010dkim metropolama, preklapaju se sa vi\u0161e okruga.<\/p>\n<p>Ekonomska aktivnost po\u010diva na rudarstvu, proizvodnji, poljoprivredi i ribarstvu, dok sektori u razvoju uklju\u010duju telekomunikacije i biotehnologiju. Pod zastavom Pacifi\u010dkih puma \u2013 kolektiva ekonomija pacifi\u010dke obale \u2013 Peru je zabele\u017eio odr\u017eivu makroekonomsku stabilnost i otvorenost prema me\u0111unarodnoj trgovini. Odr\u017eava \u010dlanstvo u forumima kao \u0161to su Azijsko-pacifi\u010dka ekonomska saradnja, Pacifi\u010dki savez i Sveobuhvatni i progresivni sporazum o transpacifi\u010dkom partnerstvu. Rangiran na \u010detrdeset osmom mestu po paritetu kupovne mo\u0107i, sa klasifikacijom vi\u0161eg srednjeg prihoda i HDI oko 0,767 u 2024. godini, Peru je smanjio ekstremno siroma\u0161tvo, ali se bori sa nejednako\u0161\u0107u. Inflacija je dostigla 8,6 procenata u 2023. godini, a nezaposlenost se kre\u0107e oko \u010detiri procenta.<\/p>\n<p>Transportna infrastruktura obuhvata putnu mre\u017eu od pribli\u017eno 175.589 kilometara, od kojih je otprilike dvadeset devet hiljada asfaltirano. Glavne arterije - Panameri\u010dki i Me\u0111uokeanski autoput - povezuju obalu sa unutra\u0161njim regionima i susednim zemljama. \u017deleznice su i dalje ograni\u010dene, ukupno manje od dve hiljade kilometara. Me\u0111unarodna putovanja se oslanjaju na aerodrome u Limi, Kusku i Arekipi. Me\u0111unarodni aerodrom Horhe \u010cavez pro\u0161iruje svoju pistu, terminal i pomo\u0107ne objekte u \u201eAerodromski grad\u201c sposoban da opslu\u017ei \u010detrdeset miliona putnika godi\u0161nje do kraja 2024. godine. U visoravni, novi Me\u0111unarodni aerodrom \u010cin\u010dero zameni\u0107e objekat Velasko Astete u Kusku, nude\u0107i direktne me\u0111unarodne veze bez tranzita kroz Limu.<\/p>\n<p>Pomorska trgovina se usredsre\u0111uje na luke kao \u0161to je Kaljao, sa teku\u0107im razvojem lu\u010dkog terminala \u010cankaj - zajedni\u010dkog kinesko-peruanskog poduhvata za koji se o\u010dekuje da postane najve\u0107i u Latinskoj Americi. Unutra\u0161nji plovni putevi, uklju\u010duju\u0107i Amazon i jezerske rute na Titikaki, \u200b\u200bdopunjuju prevoz rasutih tereta i putnika.<\/p>\n<p>Turizam predstavlja tre\u0107u najve\u0107u industriju u zemlji, posle ribarstva i rudarstva. Posetioci pokazuju visoko zadovoljstvo, a studije pokazuju stope preko devedeset procenata. Godi\u0161nji broj dolazaka je porastao za oko dvadeset pet procenata poslednjih godina, doprinose\u0107i pribli\u017eno sedam procenata BDP-a i stvaraju\u0107i skoro pola miliona direktnih radnih mesta. Komisija za promociju izvoza i turizma Perua nadgleda politiku, dok inicijativa \u201eMarka Peru\u201c plasira nacionalne proizvode u izvozu, turizmu i investicijama.<\/p>\n<p>Turisti\u010dke rute se uglavnom dele na ju\u017enu rutu \u2014 koja povezuje Limu, Iku, Nasku, Arekipu, Puno, Kusko i Svetu dolinu koja kulminira kod Ma\u010du Pik\u010dua \u2014 i Kaljehon de Uajlas u Anka\u0161u, poznat po poljoprivredi na velikim nadmorskim visinama i kulinarskim dostignu\u0107ima planinskog regiona. Ostali izleti istra\u017euju doline Mantaro i Tarma, Truhiljo sa njegovom tvr\u0111avom \u010can \u010can od \u0107erpi\u010da, banjski grad Uan\u010dako i kapije d\u017eungle kao \u0161to su Ikitos i Puerto Maldonado. Peru je doma\u0107in \u010detrnaest lokaliteta svetske ba\u0161tine UNESKO-a i jedanaest nacionalnih parkova, od kojih svaki \u010duva aspekte biodiverziteta i kulturne ba\u0161tine.<\/p>\n<p>Demografski, Peru je brojao oko 33,4 miliona stanovnika prema projekcijama iz 2022. godine, \u0161to daje gustinu naseljenosti od blizu 26 osoba po kvadratnom kilometru. Stanovnici priobalnih podru\u010dja \u010dine skoro \u0161ezdeset procenata stanovni\u0161tva, sa dvadeset sedam procenata u planinskim podru\u010djima i \u010detrnaest procenata u d\u017eungli. Urbanizacija je stalno rasla; do 2020. godine, osamdeset procenata je \u017eivelo u gradovima. Stope rasta su pale sa 2,6 procenata u 1950. godini na pribli\u017eno 1,1 procenat danas, predvi\u0111aju\u0107i populaciju od blizu \u010detrdeset dva miliona do sredine veka. Etni\u010dki sastav odra\u017eava vekove razmene izme\u0111u ameri\u010dkih, evropskih, afri\u010dkih i azijskih loza. \u0160panski slu\u017ei kao dominantan jezik, iako ke\u010dua, ajmara i drugi autohtoni jezici ostaju vitalni u mnogim zajednicama.<\/p>\n<p>Peruanski kulturni izraz crpi iz milenijuma zanata i umetnosti. Preinkovska keramika, tekstil i metalurgija postavili su tehni\u010dke standarde koje su Inke usavr\u0161ile kroz monumentalnu arhitekturu, posebno terase i kamene radove Ma\u010du Pik\u010dua. Kolonijalna vladavina uvela je baroknu estetiku, o\u010diglednu u andskim crkvama i slikama Kusko \u0161kole. Umetni\u010dke inovacije su usporene nakon sticanja nezavisnosti, ali su se ponovo pojavile u dvadesetom veku sa pokretom Indigenizma i kasnijim pluralnim strujama koje su me\u0161ale globalne i lokalne uticaje.<\/p>\n<p>Kuhinja otelotvoruje spoj geografskih podru\u010dja i naroda. Osnovne namirnice uklju\u010duju niz autohtonih gomolja - preko tri hiljade sorti krompira - zajedno sa kukuruzom, kinoom, pirin\u010dem i mahunarkama. \u0160panske, afri\u010dke, kineske, japanske i druge imigrantske tradicije spojile su se sa doma\u0107im obi\u010dajima kako bi se dobila jela kao \u0161to su antiku\u010dos, sevi\u010de i pa\u010damanka. Limski \u201eCentral Restaunate\u201c, pod vo\u0111stvom \u0161efa kuhinje Gastona Akurija, predstavlja primer nacionalne kuhinje predstavljaju\u0107i sezonske sastojke sa obale, visoravni i d\u017eungle u pa\u017eljivo sastavljenim menijima.<\/p>\n<p>Peru predstavlja slo\u017eenu interakciju \u017eivotne sredine, istorije i kulture. NJegove obale, planine i \u0161ume ostaju mesta istra\u017eivanja za nau\u010dnike, posetioce i preduze\u0107a. Usred stalnih izazova nejednakosti i upravljanja, slojevito nasle\u0111e i resursna baza nacije nastavljaju da oblikuju njenu putanju.<\/p>","protected":false},"excerpt":{"rendered":"<p>Peru, a country tucked away on South America&#8217;s western coast, is a tribute to both the diversity of human culture and the wonders of nature. Covering 1,285,216 square kilometers and with a population of more than 32 million, this nation offers researchers and visitors a unique mix of ancient history, cultural variety, and natural beauties.<\/p>","protected":false},"author":1,"featured_media":4270,"parent":24096,"menu_order":0,"comment_status":"closed","ping_status":"closed","template":"elementor_theme","meta":{"_eb_attr":"","footnotes":""},"class_list":["post-7175","page","type-page","status-publish","has-post-thumbnail"],"_links":{"self":[{"href":"https:\/\/travelshelper.com\/sr\/wp-json\/wp\/v2\/pages\/7175","targetHints":{"allow":["GET"]}}],"collection":[{"href":"https:\/\/travelshelper.com\/sr\/wp-json\/wp\/v2\/pages"}],"about":[{"href":"https:\/\/travelshelper.com\/sr\/wp-json\/wp\/v2\/types\/page"}],"author":[{"embeddable":true,"href":"https:\/\/travelshelper.com\/sr\/wp-json\/wp\/v2\/users\/1"}],"replies":[{"embeddable":true,"href":"https:\/\/travelshelper.com\/sr\/wp-json\/wp\/v2\/comments?post=7175"}],"version-history":[{"count":0,"href":"https:\/\/travelshelper.com\/sr\/wp-json\/wp\/v2\/pages\/7175\/revisions"}],"up":[{"embeddable":true,"href":"https:\/\/travelshelper.com\/sr\/wp-json\/wp\/v2\/pages\/24096"}],"wp:featuredmedia":[{"embeddable":true,"href":"https:\/\/travelshelper.com\/sr\/wp-json\/wp\/v2\/media\/4270"}],"wp:attachment":[{"href":"https:\/\/travelshelper.com\/sr\/wp-json\/wp\/v2\/media?parent=7175"}],"curies":[{"name":"wp","href":"https:\/\/api.w.org\/{rel}","templated":true}]}}