{"id":6705,"date":"2024-08-19T09:41:47","date_gmt":"2024-08-19T09:41:47","guid":{"rendered":"https:\/\/travelshelper.com\/staging\/?page_id=6705"},"modified":"2026-03-14T00:18:05","modified_gmt":"2026-03-14T00:18:05","slug":"urugvaj","status":"publish","type":"page","link":"https:\/\/travelshelper.com\/sr\/destinations\/south-america\/uruguay\/","title":{"rendered":"Urugvaj"},"content":{"rendered":"<p>Urugvaj zauzima uzak pojas teritorije izme\u0111u Rio de la Plate na jugu i valovitih niskih brda Ku\u010diljas na severu. Prostiru\u0107i se na otprilike 176.215 kvadratnih kilometara, ostaje druga najmanja nezavisna dr\u017eava na ju\u017enoameri\u010dkom kopnu. Montevideo, njegov glavni grad i glavna luka, nalazi se na ju\u017enoj obali, privla\u010de\u0107i skoro dva miliona stanovnika u metropolitanski mozaik koji obuhvata stara utvr\u0111enja, modernisti\u010dke bulevare i tihe stambene \u010detvrti. Izvan tog urbanog srca, populacija od oko 3,4 miliona ra\u0161trkana je po plodnim pa\u0161njacima, re\u010dnim nizijama i povremenim \u0161umovitim uzvi\u0161enjima.<\/p>\n<p>Geografija se odvija u blagim konturama. Nijedan planinski lanac ne preseca zemlju; umesto toga, niski brdski venci se uzdi\u017eu do skromnih visina, a najvi\u0161a ta\u010dka \u2013 Sero Katedral \u2013 dosti\u017ee 514 metara nadmorske visine. Ova brda dele scenu sa mre\u017eom vodenih puteva. Reka Urugvaj, koja ocrtava zapadnu granicu, spaja se sa estuarom Rio de la Plata na jugozapadnom uglu. U unutra\u0161njosti, Rio Negro preseca naciju, a njen tok je zaustavljen 1945. godine i formira rezervoar Rinkon del Bonete. Du\u017e atlantske obale, niz laguna i mo\u010dvara podr\u017eava raznovrstan ekosistem poznat kao urugvajska savana. Deset nacionalnih parkova \u0161titi delove mo\u010dvara, brdovitih predeo i priobalnih \u0161uma, iako skroman rezultat Indeksa integriteta \u0161umskog pejza\u017ea ukazuje da je veliki deo prvobitnog drve\u0107a ustupio mesto pa\u0161njacima.<\/p>\n<p>Sme\u0161ten potpuno ju\u017eno od Tropa Jarca, Urugvaj ima ujedna\u010deno umerenu klimu. Leta traju od decembra do marta, ubla\u017eena atlantskim povetarcima, dok zime traju od juna do septembra, sa godi\u0161njim mrazevima, ali retko jakim hladno\u0107ama. Padavine se ravnomerno raspore\u0111uju tokom cele godine; povremene oluje se kre\u0107u preko otvorenih ravnica, donose\u0107i nevremena, grad ili, retko, tornada. Magla se skuplja du\u017e re\u010dnih dolina i priobalne ravnice; vla\u017enost vazduha ostaje visoka.<\/p>\n<p>LJudsko prisustvo ovde se\u017ee unazad vi\u0161e od 13.000 godina, kada su grupe lovaca-sakuplja\u010da pratile divlja\u010d preko ravnica. Uo\u010di dolaska Evropljana, narod \u010carua je vladao onim \u0161to je sada centralni Urugvaj, zajedno sa zajednicama Guarani na severu i grupama \u010cana du\u017e vodenih puteva. Portugalski doseljenici su osnovali Kolonija do Sakramento na obali Rio de la Plate 1680. godine, \u0161to je navelo \u0161panske guvernere da osnuju Montevideo pre sredine veka.<\/p>\n<p>Tokom ranog devetnaestog veka, ova kolonijalna upori\u0161ta postala su popri\u0161ta za suprotstavljene pretenzije \u0160panije, Portugala i, kasnije, novonastalih republika Argentine i Brazila. Izme\u0111u 1811. i 1828. godine, \u010detvorostrano takmi\u010denje kulminiralo je nezavisno\u0161\u0107u Urugvaja. Pa ipak, nova dr\u017eava je ostala podlo\u017ena stranom uticaju i intervenciji do sredine veka. U decenijama koje su usledile, niz dru\u0161tvenih i ekonomskih reformi postavio je temelje za sveobuhvatni sistem socijalne za\u0161tite. Javno obrazovanje, za\u0161tita radnika i penzijski programi ukorenili su se izme\u0111u 1880-ih i 1920-ih. Posmatra\u010di tog doba upore\u0111ivali su dru\u0161tveni okvir sa onim u \u0160vajcarskoj, pore\u0111enje koje je Urugvaju dalo epitet \u201e\u0160vajcarska Amerike\u201c.<\/p>\n<p>Ta putanja se promenila krajem dvadesetog veka. Ekonomske krize 1960-ih poklopile su se sa aktivnostima urbane gerile, \u0161to je dovelo do dr\u017eavnog udara 1973. godine. Civilno-vojna administracija uvela je stroge kontrole do 1985. godine. Od obnavljanja ustavne vlasti, Urugvaj je konsolidovao demokratske institucije. Predsednik slu\u017ei i kao \u0161ef dr\u017eave i kao \u0161ef vlade. U Indeksu demokratije \u010dasopisa \u201eEkonomist\u201c za 2023. godinu, Urugvaj se rangirao me\u0111u retkim nacijama klasifikovanim kao puna demokratija. Zemlja tako\u0111e posti\u017ee dobre rezultate u procenama transparentnosti vlade, ekonomskih sloboda i dru\u0161tvenog napretka.<\/p>\n<p>Pravne reforme poslednjih godina odra\u017eavaju umeren pristup socijalnoj politici. Urugvaj je postao prva nacija koja je uspostavila regulisani okvir za proizvodnju, distribuciju i upotrebu kanabisa. Pravo na istopolne brakove i abortus dobilo je parlamentarno odobrenje i sprovo\u0111enje, pozicioniraju\u0107i zemlju na \u010delo gra\u0111anskih sloboda u regionu.<\/p>\n<p>Administrativna vlast deli naciju na devetnaest departmana. Svaki departman bira nadzornika koji nadgleda izvr\u0161ne funkcije i departmanski odbor za zakonodavstvo. Ova struktura replicira nacionalnu podelu vlasti na regionalnom nivou. Takva decentralizacija podr\u017eava lokalnu upravu u urbanim centrima, pastoralnim imanjima i priobalnim odmarali\u0161tima.<\/p>\n<p>Turizam se pojavio kao rastu\u0107i ekonomski sektor. U 2012. godini \u010dinio je oko 9 procenata BDP-a i skoro 97.000 radnih mesta; do 2023. godine do\u0161lo je skoro 3,8 miliona posetilaca, ve\u0107inom iz susedne Argentine i Brazila, a zatim manji broj iz \u010cilea, Paragvaja, Sjedinjenih Dr\u017eava i Evrope. Restaurirana kolonijalna \u010detvrt Kolonije del Sakramento privla\u010di putnike svojim kamenim ulicama, kalikanto zidinama i senkom \u0161panskih utvr\u0111enja iz devetnaestog veka. U Montevideu, kulturne mar\u0161rute uklju\u010duju galeriju Hose Gurvi\u010da, Muzej Tores Garsije \u2013 u kojem se nalaze dela modernisti\u010dkog slikara Hoakina Toresa Garsije \u2013 i stadion Sentenario, stadion koji je bio doma\u0107in prvog finala Svetskog prvenstva u fudbalu 1930. godine.<\/p>\n<p>Dalje na istoku, Punta del Este se nalazi na uskom poluostrvu izme\u0111u mirnih voda zaliva Mansa i otvorenog okeana obale Brave. Luksuzni objekti i savremene galerije odra\u017eavaju odmor dvadeset prvog veka; vikendom se gomile okupljaju u luci, svetioniku i na prostranoj pla\u017ei Plaja Brava. Obli\u017enja odmarali\u0161ta - La Bara i Hose Ignasio - nude mirnije pe\u0161\u010dane delove i niz pla\u017ea okru\u017eenih dinama. Me\u0111unarodni aerodrom Punta del Este, otvoren 1997. godine i projektovan od strane Karlosa Ota, slu\u017ei kao drugi najprometniji aerodrom u zemlji.<\/p>\n<p>U samom srcu pomorske trgovine, luka Montevideo godi\u0161nje pretovari vi\u0161e od 1,1 miliona kontejnera, a njeni kejevi primaju brodove sa gazom do 14 metara. Kranovi podi\u017eu teret brzinom od osamdeset do stotinu pokreta na sat. Dalje uzvodno, Nueva Palmira posluje kao pretovarni centar za regionalnu robu, kombinuju\u0107i dr\u017eavne i privatne objekte.<\/p>\n<p>Vazdu\u0161ni saobra\u0107aj se tako\u0111e fokusira na Me\u0111unarodni aerodrom Karasko, prvi put otvoren 1947. godine i modernizovan 2009. godine u okviru pro\u0161irenja vrednog 165 miliona ameri\u010dkih dolara koje je projektovala firma Rafael Vinjoli Arhitekte. NJegov putni\u010dki terminal, dvorana svetlosti i stakla, godi\u0161nje mo\u017ee da opslu\u017ei do 4,5 miliona putnika. Do svog raspada, PLUNA, urugvajski nacionalni avio-prevoznik, imao je sedi\u0161te svog poslovanja tamo.<\/p>\n<p>Demografija Urugvaja odra\u017eava talase migracija. Popis iz 2023. godine pokazao je da se otprilike 85 procenata stanovnika identifikuje kao belci, a ta brojka je oblikovana imigracijom iz \u0160panije, Italije, Nema\u010dke, Francuske i Britanije u devetnaestom i po\u010detkom dvadesetog veka. Zajednica poreklom od afri\u010dkih naroda dovedenih tokom kolonijalne ere \u010dini oko 5 procenata stanovni\u0161tva. Manje grupe japanskog porekla i zajednice me\u0161ovitog nasle\u0111a upotpunjuju dru\u0161tveni mozaik sli\u010dan susednim provincijama Argentine i ju\u017enog Brazila.<\/p>\n<p>\u0160panski jezik funkcioni\u0161e kao nacionalni govorni jezik, njegova urugvajska varijacija je pro\u017eeta rioplatenskim obrascima, voseo konjugacijama i jei\u0161mo promenama u govoru. Italijanski dijalekti pro\u017eimaju lokalni sleng, dok u pograni\u010dnim departmanima cirkuli\u0161e portugalsko-\u0161panski hibrid bez formalne kodifikacije. U\u010denje engleskog jezika je istaknuto u \u0161kolskim programima, pripremaju\u0107i Urugvajce za trgovinu i diplomatiju.<\/p>\n<p>Kulturni \u017eivot nosi otisak evropskih umetni\u010dkih strujanja i lokalnog etosa koji su oblikovali gau\u010dosi. Sto\u010darske tradicije uti\u010du na folklor, knji\u017eevnost i vizuelne umetnosti, odaju\u0107i po\u010dast usamljenom konjaniku koji je nekada prelazio pampe u potrazi za stokom. U urbanim i ruralnim sredinama, festivali obele\u017eavaju sezonske radne cikluse, verske obrede i slo\u017eeno nasle\u0111e nacije.<\/p>\n<p>Urugvajska putanja tokom tri veka pokazuje stalno naslanjanje ljudskog napora na otvorenom terenu. Od prebivali\u0161ta ranih lovaca-sakuplja\u010da do mre\u017ee ulica Montevidea, od kolonijalnih upori\u0161ta do modernih aerodroma, zemlja predstavlja studiju umerenih promena. NJene umerene ravnice nose tragove dru\u0161tvenog napretka, politi\u010dke transformacije i kulturne razmene. Ovde ekonomija i \u017eivotna sredina ostaju isprepleteni, upravljanje po\u010diva na lokalnom i nacionalnom u\u010de\u0161\u0107u, a nasle\u0111e ravnica i luka opstaje u svakodnevnim kretanjima njenih ljudi.<\/p>","protected":false},"excerpt":{"rendered":"<p>Uruguay, a small but intriguing nation situated between Brazil and Argentina, frequently goes unnoticed by many travelers. This nation offers a unique mix of natural, historical, and cultural aspects that could challenge those of its more well-known neighbors. Beyond its breathtaking beaches and mesmerizing sunsets, Uruguay offers a convincing case for investigation marked by its outstanding coastline, energetic metropolitan centers, and rich agricultural areas.<\/p>","protected":false},"author":1,"featured_media":4280,"parent":24096,"menu_order":0,"comment_status":"closed","ping_status":"closed","template":"elementor_theme","meta":{"_eb_attr":"","footnotes":""},"class_list":["post-6705","page","type-page","status-publish","has-post-thumbnail"],"_links":{"self":[{"href":"https:\/\/travelshelper.com\/sr\/wp-json\/wp\/v2\/pages\/6705","targetHints":{"allow":["GET"]}}],"collection":[{"href":"https:\/\/travelshelper.com\/sr\/wp-json\/wp\/v2\/pages"}],"about":[{"href":"https:\/\/travelshelper.com\/sr\/wp-json\/wp\/v2\/types\/page"}],"author":[{"embeddable":true,"href":"https:\/\/travelshelper.com\/sr\/wp-json\/wp\/v2\/users\/1"}],"replies":[{"embeddable":true,"href":"https:\/\/travelshelper.com\/sr\/wp-json\/wp\/v2\/comments?post=6705"}],"version-history":[{"count":0,"href":"https:\/\/travelshelper.com\/sr\/wp-json\/wp\/v2\/pages\/6705\/revisions"}],"up":[{"embeddable":true,"href":"https:\/\/travelshelper.com\/sr\/wp-json\/wp\/v2\/pages\/24096"}],"wp:featuredmedia":[{"embeddable":true,"href":"https:\/\/travelshelper.com\/sr\/wp-json\/wp\/v2\/media\/4280"}],"wp:attachment":[{"href":"https:\/\/travelshelper.com\/sr\/wp-json\/wp\/v2\/media?parent=6705"}],"curies":[{"name":"wp","href":"https:\/\/api.w.org\/{rel}","templated":true}]}}