{"id":35842,"date":"2024-12-01T12:49:50","date_gmt":"2024-12-01T12:49:50","guid":{"rendered":"https:\/\/travelshelper.com\/staging\/?page_id=35842"},"modified":"2026-03-11T01:22:01","modified_gmt":"2026-03-11T01:22:01","slug":"muharak","status":"publish","type":"page","link":"https:\/\/travelshelper.com\/sr\/destinations\/asia\/bahrain\/muharraq\/","title":{"rendered":"Muharak"},"content":{"rendered":"<p>Muharak se nalazi na bahreinskom ostrvu Muharak, povezanom nasipom od 2,5 km sa glavnim gradom, Manamom. Nekada\u0161nji glavni grad Bahreina (do 1932. godine), Muharak je danas grad uskih ulica i istorijskih okruga sa oko 263.000 stanovnika. Me\u0111unarodni aerodrom u Bahreinu zauzima njegovu severnu obalu, a ostrvo deluje izolovano i kosmopolitski: prevezeni trajektom preko uskog zaliva, mnogi stanovnici svakodnevno putuju u poslovne okruge Maname, dok se ovde nalaze sedi\u0161te kompanije Gulf Air i druge agencije. Zimi isto\u010dni povetarac donosi slani miris mora i dim tamjana iz lokalnih domova, podsetnik da iako je Muharak na samo korak od nebodera Maname, on zadr\u017eava stariji arapski karakter.<\/p>\n\n\n\n<h2 class=\"wp-block-heading\">Anti\u010dka do moderna istorija<\/h2>\n\n\n\n<p>Arheolo\u0161ki nalazi ukazuju na to da je Muharak bio deo civilizacije Dilmun iz bronzanog doba, rane trgova\u010dke dr\u017eave u Zalivu. Klasi\u010dni geografi su kasnije izjedna\u010dili Bahrein sa Tilosom ili \u201eArvadom\u201c i smatrali ga mitskom kolevkom Fenikije. Nakon \u0161to su se Ahemenidski Persijanci povukli, Muharak je pao pod helenisti\u010dki (seleukidski) uticaj, a paganski kult boga vola Avala postao je centar ovde.<\/p>\n\n\n\n<p>Do 5. veka nove ere grad je postao cvetaju\u0107i centar nestorijanskog hri\u0161\u0107anstva \u2013 toliko da lokalna imena mesta \u010duvaju se\u0107anje na to. (Selo Al-Dair doslovno zna\u010di \u201emanastir\u201c, a Kalali zna\u010di \u201emona\u0161ki manastir\u201c.) Kada su Portugalci osvojili Bahrein 1521. godine, a zatim Persijanci 1602. godine, Muharak je ostao glavna luka i naselje na ostrvu.<\/p>\n\n\n\n<p>Kona\u010dno, 1783. godine, Muharak je do\u0161ao pod vlast \u0161eika Ise bin Alija el Kalife, zajedno sa ostatkom Bahreina. Tokom 19. veka Muharak je slu\u017eio kao grad-palata \u0161eika el Kalife; \u0161eik Isa (vladao 1869\u20131932) sagradio je veliku ku\u0107u sa dvori\u0161tem koja i danas nosi njegovo ime. Otkri\u0107em nafte u 20. veku, Manama je brzo rasla, ali Muharak nikada nije izgubio ose\u0107aj tradicionalnog grada u kojem se \u017eivi.<\/p>\n\n\n\n<h2 class=\"wp-block-heading\">Versko nasle\u0111e<\/h2>\n\n\n\n<p>Slojevi vere u pro\u0161losti Muharaka su opipljivi. Pored nestorijanskih hri\u0161\u0107ana kasne antike, moderni verski pejza\u017e Muharaka je prete\u017eno islamski. Jo\u0161 uvek se mogu posetiti rane d\u017eamije i sufijska svetinja sme\u0161tena u uli\u010dicama (naselja poznata kao Farid\u017e). Stari muhara\u010dki dijalekat i lokalni obi\u010daji odra\u017eavaju korene beduina koji su postali moreplovci. Sela poput Al-Daira (gde su arheolozi prona\u0161li crkvu iz vizantijskog doba ispod sada\u0161nje d\u017eamije) i Kalalija bukvalno odra\u017eavaju gr\u010dku i sirijsku pro\u0161lost: njihova imena su ostaci hri\u0161\u0107anskog doba. Nakon \u0161to je Al Halifa preuzeo vlast, sunitske arapske plemenske porodice su se ovde naselile (za razliku od \u0161iitskih naselja u centralnoj Manami). Veli\u010danstvene ku\u0107e bogatih porodica sa kulama na vetru \u010desto su gra\u0111ene oko privatnih dvori\u0161ta i d\u017eamija. Ukratko, Muharak svoju versku istoriju nosi tiho, u imenima svojih sela i arhitekturi svojih zajedni\u010dkih d\u017eamija, a ne u velikim spomenicima.<\/p>\n\n\n\n<p>Du\u017e morskog zida Muharaka i u njegovom starom gradu prote\u017ee se pe\u0161a\u010dka staza poznata kao Staza bisera. Ova ruta povezuje 17 obnovljenih trgova\u010dkih ku\u0107a, starih prodavnica i skladi\u0161ta koja su nekada pripadala trgovcima biserom. Godine 2012, ovaj okrug je UNESKO upisao kao \u201eBiser, svedo\u010danstvo ostrvske ekonomije\u201c. Lokalitet svetske ba\u0161tine obuhvata ju\u017enu tvr\u0111avu Bu Maher (Abu Mahir) i tri le\u017ei\u0161ta ostriga na obali. Staza (Masar al-Lulu na arapskom) prote\u017ee se oko 3,5 km, vode\u0107i posetioce pored uglednih pragova i u luku. Vrhunac staze je tvr\u0111ava Bu Maher u Halat Bu Maheru. Izgra\u0111ena 1840. godine, ova skromna priobalna tvr\u0111ava nekada je nadgledala brodove koji su plovili do obala bisera; danas ona uokviruje zvuk mora na kraju staze.<\/p>\n\n\n\n<h2 class=\"wp-block-heading\">Istorijske ku\u0107e i tvr\u0111ave<\/h2>\n\n\n\n<p>Kre\u0107u\u0107i se isto\u010dno du\u017e Staze bisera, sti\u017eemo do najpoznatijih restauriranih ku\u0107a u Muharaku. Ku\u0107a Sijadi (Bajt Sijadi) je jedna od prvih stanica. Izgradila ju je porodica Sijadi \u2013 dinastija trgovaca biserima \u2013 krajem 19. veka. Kompleks uklju\u010duje privatnu d\u017eamiju (jednu od najstarijih u Muharaku koja je u kontinuiranoj upotrebi) i med\u017elis (sala za prijem gostiju), sve raspore\u0111ene oko dvori\u0161ta. U blizini se nalazi ku\u0107a \u0161eika Ise bin Alija, biv\u0161a palata vladaju\u0107eg \u0161eika (izgra\u0111ena 1869\u201370). NJena jednostavna bela spolja\u0161njost krije lavirint od \u010detiri dvori\u0161ta i sobe, povezanih uskim uli\u010dicama. Najupe\u010datljivije karakteristike ku\u0107e su njeni visoki vetrenjaci (bad\u017eiri) koji su nekada privla\u010dili hladni povetarac u hodnike ispod. Restaurirana u stanje iz 19. veka, ku\u0107a \u0161eika Ise nudi intiman uvid u kraljevski \u017eivot, a njeni redovi \u0161iljatih lukova i re\u0161etke odra\u017eavaju tipi\u010dnu islamsku arhitekturu Zaliva.<\/p>\n\n\n\n<p>\u010cak i unutar ovih vila ose\u0107a se kako su muhara\u010dki graditelji radili sa svetlo\u0161\u0107u i vazduhom. U ku\u0107i \u0161eika Ise, sun\u010deva svetlost se igra preko bledog maltera i drvene re\u0161etke. Zup\u010danici sli\u010dni vratima vetrobranskih tornjeva vire iznad ravnih krovova, dok osen\u010deni tremovi okru\u017euju hladno centralno dvori\u0161te. Svaka rezbarena vrata i ugao sa konzolama govore o vremenu pre moderne klimatizacije. Dalje, tvr\u0111ava Arad \u010duva ulaz u luku. Ovo kompaktno utvr\u0111enje datira iz 15. veka i nekada se nalazilo na malom ostrvu; danas je potpuno spojeno sa ostrvom Muharak. NJegovi \u010dvrsti zidovi i kule \u2013 primeri tradicionalnog islamskog vojnog dizajna \u2013 su opse\u017eno restaurirani, pa \u010dak i osvetljeni no\u0107u kako bi se istakli njihovi zupci.<\/p>\n\n\n\n<p>Nedaleko preko vode nalazi se tvr\u0111ava Bu Maher (takozvana tvr\u0111ava Abu Mahir). Pravougaone osnove sa \u010detiri kru\u017ene ugaone kule, sagradio ju je Abdulah bin Ahmed Al Kalifa 1840. godine kao dvostrukog \u010duvara tvr\u0111ave Arad. Iako delimi\u010dno uni\u0161tena u sukobu do 1868. godine, kasnije je obnovljena i na kraju uklju\u010dena u Stazu bisera. Bu Maher je sada ru\u0161evina nalik muzeju. Odmah pored nje nalaze se drveni kaiki i jedrenjaci vezani za obalu \u2013 podsetnik da su ove tvr\u0111ave nekada prebivale u sasvim druga\u010dijem morskom pejza\u017eu jedrenjaka za lov na bisere, a ne trajekata i d\u017eet skija.<\/p>\n\n\n\n<h2 class=\"wp-block-heading\">Muzeji tradicije<\/h2>\n\n\n\n<p>Izme\u0111u tvr\u0111ava i d\u017eamija, Muharak je doma\u0107in i muzeja koji \u010duvaju privatno nasle\u0111e. Ku\u0107a Bin Matar bila je med\u017elis Salmana Huseina Bin Matara, jednog od najistaknutijih trgovaca biserima na ostrvu. Izgra\u0111ena 1905. godine od tradicionalnih materijala (palminih stabala, morskog kamena i gipsa), ku\u0107a je skoro uni\u0161tena tokom rekonstrukcije. Godine 2009. ponovo je otvorena kao Muzej bisera, nakon restauracije koju je izvr\u0161ila kulturna fondacija. Unutra su njene grubo tesane grede i vetrobranski tornjevi netaknuti, a eksponati obja\u0161njavaju mehaniku ronjenja bisera i bahreinsko predanje. U blizini, Ku\u0107a nasle\u0111a \u0161tampe Abdula Al Zajed obele\u017eava jo\u0161 jedan aspekt lokalne istorije: to je bio dom \u010doveka koji je osnovao prve nedeljne novine u Bahreinu. Restaurirana 2003. godine, Ku\u0107a Zajed sada sadr\u017ei stare \u0161tamparske ma\u0161ine, fotografije i novine, \u010duvaju\u0107i pri\u010du o slobodnoj \u0161tampi u Muharaku pod vladavinom Al Kalife.<\/p>\n\n\n\n<p>Jo\u0161 jedno kulturno mesto je Muzej Ra\u0161ida Al-Oraifija, mala umetni\u010dka galerija sme\u0161tena u nekada\u0161njem domu porodice Oraifi. Arhitektonski gledano, ku\u0107a ima moderne detalje, ali unutra su izlo\u017eene slike Ra\u0161ida Al-Oraifija, lokalnog umetnika koji je crpeo inspiraciju iz arheologije iz doba Dilmuna i bahreinskih tradicija. Prostrano dvori\u0161te muzeja i blistavo beli okviri \u010dine da se u njemu ose\u0107a kao da je re\u010d o savremenom Muharaku, odaju\u0107i po\u010dast vezi izme\u0111u drevne pro\u0161losti ostrva i njegove \u017eive umetnosti.<\/p>\n\n\n\n<h2 class=\"wp-block-heading\">Pijace i uli\u010dni \u017eivot<\/h2>\n\n\n\n<p>Srce starog Muharaka je njegov suk i lokalne prodavnice oko njega. Do kasnog popodneva, uli\u010dice suka o\u017eivljavaju mirisima za\u010dina, tamjana i slatki\u0161a. Iako skromne veli\u010dine, suk u Muharaku je poznat po svojim halvama ili prodavnicama slatki\u0161a. Halva ovde nije kao zapadnja\u010dki slatki\u0161i; to je gust, lepljiv puding koji kuvaju specijalizovani pekari halva\u010di u ogromnim bakarnim kazanima. Ru\u017eina vodica, kardamom i pramenovi \u0161afrana se me\u0161aju u vrelu smesu \u0161e\u0107era, a kada se sipa da se ohladi, obilno se posipa bademima, pista\u0107ima ili orasima. Topla halva je intenzivno slatkog ukusa, a prodavci \u010desto nude mali uzorak (nazvan ta&#039;am) na poslu\u017eavniku prolaznicima. Mu\u0161terije se re\u0111aju da kupe kesice, a jedna lokalna prodavnica halve \u2013 Husein Mohamed \u0160ovaiter Svits \u2013 poznata je po svojim vekovnim receptima. Pored slatki\u0161a, suk nudi i prodavnice tka\u010da tkanina, bakarnih radnika i zlatara; ali je spektakl pravljenja halve ono \u0161to se najvi\u0161e urezalo u se\u0107anje.<\/p>\n\n\n\n<h2 class=\"wp-block-heading\">Kom\u0161iluci i zajednica<\/h2>\n\n\n\n<p>Van turisti\u010dkih centara, identitet Muharaka \u017eivi u njegovim obi\u010dnim naseljima. Grad je tradicionalno podeljen na fared\u017e (izgovara se \u201efird\u017ean\u201c), kompaktne \u010detvrti \u010desto usredsre\u0111ene oko zajedni\u010dke d\u017eamije. Najstarija je Fared\u017e Al Bin Ali, osnovana u 17. veku od strane pripadnika sunitskog plemena Al Bin Ali. \u010cak i danas, ve\u0107ina fared\u017ea u Muharaku ostaju sunitske zajednice. (Ovo je zna\u010dajan kontrast u odnosu na \u0161iitske sukove i uli\u010dice Maname preko puta nasipa.) U svakom fared\u017eu porodice se uglavnom poznaju, a njihove male d\u017eamije i sale za sastanke i dalje slu\u017ee kao dru\u0161tveni centri. \u0160etaju\u0107i ovim ulicama, mogu se ugledati tradicionalne bahreinske ku\u0107e (duga\u010dke, jednospratne ku\u0107e sa niskim krovovima) koje su ostale u porodicama generacijama. Uglove grada o\u017eivljava \u0107askanje: stariji pijuckaju \u010daj pored d\u017eamije, deca \u0161utiraju loptu du\u017e ulice, prodavci \u0107askaju na tremu. Ovi svakodnevni prizori daju Muharaku topao, pro\u017eivljen ose\u0107aj \u2013 istorija ovde nije zape\u010da\u0107ena iza stakla, ve\u0107 je nose njeni ljudi.<\/p>\n\n\n\n<h2 class=\"wp-block-heading\">Umetnost, muzika i sport<\/h2>\n\n\n\n<p>Muharakov kulturni \u017eivot prote\u017ee se na muziku i sport. Iz njega je potekao najpoznatiji moderni muzi\u010dar Bahreina: Ali Bahar, gitarista i peva\u010d benda Al Ekva, ro\u0111en je i odrastao u Muharaku. Bahar (nadimak \u201eKralj Dilmuna\u201c) je spojio tradicionalne zalivske melodije sa rok ritmovima, a njegove pesme su i dalje popularne \u0161irom Bahreina i Zaliva. Ostrvo tako\u0111e po\u0161tuje starije muzi\u010dke korene: blizu pijace, mali muzej Mohameda bin Faresa odaje po\u010dast poznatom svira\u010du uda i kompozitoru koji se specijalizovao za urbanu narodnu muziku (Al-Saut). Unutra se nalaze njegove stare plo\u010de, instrumenti i li\u010dni suveniri \u2013 svedo\u010danstvo o muhara\u010dkom pravcu bahreinske muzike.<br>U sportu, klub Muharak je institucija. Osnovan 1928. godine, to je najstariji i najuspe\u0161niji fudbalski tim u Bahreinu. Navija\u010di u crvenom uniformama \u010desto se okupljaju subotom popodne na jednostavnom stadionu na ostrvu, navijaju\u0107i za tim koji je dobio ime po gradu. Zastave kluba vijore se na lokalnim krovovima, a \u010dak i neke uske uli\u010dice i izlozi prodavnica prikazuju amblem kluba. U Muharaku, ponos na ovaj lokalni tim parira ponosu na bilo koje istorijsko svetili\u0161te \u2013 za mnoge porodice, gledanje utakmica kluba Muharak je isto toliko tradicija koliko i svaka stara pri\u010da o ronjenju bisera.<\/p>\n\n\n\n<h2 class=\"wp-block-heading\">Moderni Muharak: Globalne veze<\/h2>\n\n\n\n<p>Uprkos bogatoj pro\u0161losti, Muharak nije zamrznut u vremenu. NJegove ulice sada bruje od skutera i redova parkiranih automobila, a tradicionalne ku\u0107e od trske i gipsa nalaze se pored modernih betonskih. Me\u0111unarodni aerodrom Bahrein (jedini komercijalni aerodrom u kraljevini) nalazi se severno od grada, iza tvr\u0111ave Arad. Letovi sti\u017eu i pole\u0107u danju i no\u0107u, daju\u0107i silueti Muharaka povremeni trag mlaznog aviona koji se\u010de oblake. U blizini se nalazi sedi\u0161te kompanije Galf Er, koje simbolizuje most ostrva izme\u0111u lokalnog \u017eivota i globalnih putovanja.<\/p>\n\n\n\n<p>Na jednom kraju grada, poslovne kule kompanije Galf Er gledaju na tihe uli\u010dice starih ku\u0107a. Na drugom kraju, iza tvr\u0111ave Bu Maher, rad se nastavlja kao i vekovima: u tradicionalnom brodogradili\u0161tu za jedrenjake u Muharaku, ve\u0161ti stolari i dalje ru\u010dno grade drvene jedrilice. Ovo je poslednje aktivno brodogradili\u0161te za jedrenjake u Bahreinu, skriveno iza moderne ograde pored ribarske luke. Tamo, grub miris tikovine i \u0161kripa spojeva u novom jedrenjaku u izgradnji evociraju pomorsko nasle\u0111e Muharaka. Na neki na\u010din, povici poput skandiranja i u\u010dvr\u0161\u0107ena ramena graditelja \u010damaca nose duh ronilaca bisera iz pro\u0161losti.<\/p>\n\n\n\n<p>\u0160etaju\u0107i ovim ulicama danas, posetioci mogu osetiti da stari i novi \u017eivoti Muharaka prirodno koegzistiraju. Kasnopopodnevno svetlo se zlatno obasjava preko vetrobranskog tornja; u blizini se \u010duje neprestano \u0161i\u0161tanje saobra\u0107aja. Prolaznik u tradicionalnoj ode\u0107i mogao bi da se pozdravi sa mladi\u0107em u bejzbol ka\u010dketu. Obele\u017eje grada je ovo ne\u017eno me\u0161anje epoha \u2013 ostrvska zajednica koja je uvek gledala ka spolja (ka morima i dalje), ali pa\u017eljivo negovala prostore se\u0107anja. Za one koji zastanu i slu\u0161aju, Muharak jasno govori o svojoj pri\u010di \u2013 u imenima ulica i d\u017eamija, u svakom slanom udaru vetra iz Zaliva i u toploj slatko\u0107i prodavnice halve na mirnom uglu. Svaka cigla i povetarac su stranica istorije, ali grad deluje potpuno \u017eivo i ljudski, daleko od relikvije, do\u010dekuje posetioca u svoje ritmove i tradicije.<\/p>","protected":false},"excerpt":{"rendered":"<p>Muharak je tre\u0107i po veli\u010dini grad u Bahreinu i bio je glavni grad zemlje sve dok ga Manama nije zamenio 1932. Godine 2012. stanovni\u0161tvo Muharaka je bilo 176.583.<\/p>\n<p>Grad se nalazi na ostrvu Muharak.<\/p>","protected":false},"author":1,"featured_media":35397,"parent":35335,"menu_order":0,"comment_status":"closed","ping_status":"closed","template":"elementor_theme","meta":{"_eb_attr":"","footnotes":""},"class_list":["post-35842","page","type-page","status-publish","has-post-thumbnail"],"_links":{"self":[{"href":"https:\/\/travelshelper.com\/sr\/wp-json\/wp\/v2\/pages\/35842","targetHints":{"allow":["GET"]}}],"collection":[{"href":"https:\/\/travelshelper.com\/sr\/wp-json\/wp\/v2\/pages"}],"about":[{"href":"https:\/\/travelshelper.com\/sr\/wp-json\/wp\/v2\/types\/page"}],"author":[{"embeddable":true,"href":"https:\/\/travelshelper.com\/sr\/wp-json\/wp\/v2\/users\/1"}],"replies":[{"embeddable":true,"href":"https:\/\/travelshelper.com\/sr\/wp-json\/wp\/v2\/comments?post=35842"}],"version-history":[{"count":0,"href":"https:\/\/travelshelper.com\/sr\/wp-json\/wp\/v2\/pages\/35842\/revisions"}],"up":[{"embeddable":true,"href":"https:\/\/travelshelper.com\/sr\/wp-json\/wp\/v2\/pages\/35335"}],"wp:featuredmedia":[{"embeddable":true,"href":"https:\/\/travelshelper.com\/sr\/wp-json\/wp\/v2\/media\/35397"}],"wp:attachment":[{"href":"https:\/\/travelshelper.com\/sr\/wp-json\/wp\/v2\/media?parent=35842"}],"curies":[{"name":"wp","href":"https:\/\/api.w.org\/{rel}","templated":true}]}}