{"id":35806,"date":"2024-12-01T12:01:28","date_gmt":"2024-12-01T12:01:28","guid":{"rendered":"https:\/\/travelshelper.com\/staging\/?page_id=35806"},"modified":"2026-03-11T01:31:52","modified_gmt":"2026-03-11T01:31:52","slug":"hamad-grad","status":"publish","type":"page","link":"https:\/\/travelshelper.com\/sr\/destinations\/asia\/bahrain\/hamad-town\/","title":{"rendered":"Hamad Grad"},"content":{"rendered":"<p>Grad Hamad mo\u017eda nije na ve\u0107ini turisti\u010dkih vodi\u010da, ali mir njegovih ulica pri\u010da pri\u010du o modernom dru\u0161tvu Bahreina. Zamislite ga u zoru: \u0161iroke avenije oivi\u010dene palmama su tihe i hladne. Do kasnog popodneva, male tezge sa \u0161avarmom i \u010dajem pojavljuju se na uli\u010dnim uglovima, privla\u010de\u0107i prolaznike na brzi zalogaj. Ure\u0111eni redovi niskih, kutijastih ku\u0107a u gradu (obi\u010dno belih ili pastelnih betonskih blokova sa jednostavnim ravnim krovovima) daju mestu formalan, planiran ose\u0107aj. Ova uniformnost ukazuje na njegovo poreklo: Grad Hamad je pa\u017eljivo izgra\u0111en odjednom 1980-ih kao vladin stambeni projekat. Za razliku od krivudavih sokaka stare Maname, ulice grada Hamad su bile raspore\u0111ene u mre\u017eu oko 22 velika kru\u017ena toka, sa svakom komunalnom mre\u017eom i parkom instaliranim od prvog dana. Drugim re\u010dima, manje se ose\u0107a kao organski uzgajano selo, a vi\u0161e kao moderan kampus ili predgra\u0111e dizajnirano po planu.<\/p>\n\n\n\n<p>Osnovan 1984. godine, grad Hamad je eksplicitno nazvan \u201estambenim gradom\u201c. Vlada Bahreina je ovde izgradila stotine skromnih \u201eop\u0161tinskih ku\u0107a\u201c za gra\u0111ane sa srednjim i ni\u017eim prihodima koji nisu mogli da priu\u0161te skupe stanove u glavnom gradu. U po\u010detku su ovi domovi bili iznajmljeni (dr\u017eava je posedovala zemlji\u0161te i zgrade, a zakupci su pla\u0107ali jeftine subvencionisane kirije). To je bio oblik socijalne za\u0161tite koji je finansirao tada\u0161nji naftni bum Bahreina. Me\u0111u najranijim stanovnicima bili su nastavnici, policajci, kancelarijski radnici i drugi u javnoj slu\u017ebi \u2013 obi\u010dne bahreinske porodice izabrane da se presele ovde jer im je bio potreban pristupa\u010dan sme\u0161taj. Po zamisli, ove porodice razli\u010ditog porekla bile su sve pome\u0161ane od samog po\u010detka. U stvari, planeri grada Hamad namerno nisu razdvajali stanovanje po sekti ili plemenu, tako da je njegovo stanovni\u0161tvo uvek bilo raznoliko. U praksi \u0107ete danas na\u0107i \u0161iitske i sunitske muslimanske porodice \u2013 pa \u010dak i mali broj doma\u0107instava iseljenika \u2013 koje \u017eive jedna pored druge, poha\u0111aju iste \u0161kole i kupuju na istim pijacama. Kako je jedan posmatra\u010d rekao, nijedna verska ili etni\u010dka grupa ne \u010dini ve\u0107inu u gradu Hamad; to je, u izvesnom smislu, \u017eivi mozaik multikulturalnog dru\u0161tva Bahreina.<\/p>\n\n\n\n<p>Grad, nazvan po kralju Hamadu bin Isi Al Kalifi, zauzima oko \u0161est kvadratnih kilometara u Severnoj guvernaturi (zvani\u010dnoj regiji Bahreina koja njime sada upravlja). Prvobitno je bio zasebna op\u0161tina, odvojena od starog grada Rife, sve dok ga reorganizacija 1991. godine nije spojila sa Severnom guvernaturom. Danas lokalnim pitanjima poput manjih popravki puteva i parkova upravljaju izabrani op\u0161tinski odbornici, ali ne postoji lokalna zakonodavna mo\u0107 (svi zakoni dolaze iz Maname). Zauzvrat, grad Hamad u\u017eiva isti nivo javnih usluga kao i prestonica \u2013 uli\u010dna rasveta, voda i struja 24\/7, sakupljanje otpada \u2013 sve finansirano iz nacionalnog bud\u017eeta. Za stanovnike, svakodnevni \u017eivot se \u010dini potpuno urbanim, \u010dak i ako je politi\u010dka kontrola centralizovana.<\/p>\n\n\n\n<h2 class=\"wp-block-heading\">Uto\u010di\u0161te i dar<\/h2>\n\n\n\n<p>Istorija Hamad Tauna imala je nekoliko iznena\u0111uju\u0107ih poglavlja. Tokom 1990\u201391. godine, tokom Zalivskog rata, bahreinska vlada je otvorila vrata Hamad Tauna kuvajtskim civilima koji su be\u017eali od invazije Sadama Huseina. Desetine kuvajtskih porodica su privremeno sme\u0161tene u gradu. U\u010dionice i igrali\u0161ta u Hamad Taunu su tokom te sezone uklju\u010divala kuvajtsku decu zajedno sa lokalnom decom. Kuvaj\u0107anima su obezbe\u0111eni besplatni domovi, \u0161kolovanje i medicinska nega dok su bili tamo. Do prole\u0107a 1991. godine, kada je Kuvajt oslobo\u0111en, kuvajtski stanovnici su oti\u0161li \u200b\u200bi stvari su se vratile u normalu.<\/p>\n\n\n\n<p>Deceniju kasnije, 2001. godine, Bahrein je ovde obele\u017eio druga\u010diju prekretnicu. Vlada je stanarima besplatno dala vlasni\u0161tvo nad gradskim ku\u0107ama. Preko no\u0107i, stanari su postali vlasnici ku\u0107a sa zakonskim vlasni\u0161tvom nad svojim ku\u0107ama. Ovaj smeli prenos je bio zami\u0161ljen kao nagrada za dugogodi\u0161nje stanovnike i pomogao je u stabilizaciji zajednice. LJudi koji su \u017eiveli i radili u gradu Hamad od njegovog osnivanja odjednom su imali stalni udeo u njemu. U praksi, to je zna\u010dilo da su porodice ulep\u0161avale svoje domove: prefarbavale zidove, sadile male ba\u0161te i na druge na\u010dine pobolj\u0161avale svoju imovinu. \u010cin pretvaranja skromnih ku\u0107a za iznajmljivanje u porodi\u010dne u\u010dvrstio je grad Hamad kao mesto stalnih stanovnika, a ne prolaznika.<\/p>\n\n\n\n<h2 class=\"wp-block-heading\">Raznolika i rastu\u0107a zajednica<\/h2>\n\n\n\n<p>Po\u0161to je zami\u0161ljen kao projekat socijalnog stanovanja, a ne kao enklava jednog plemena, Hamad Taun ostaje primetno me\u0161ovito naselje. Suniti i \u0161iiti dele blokove i u\u010dionice, a na ulicama se \u010desto \u010duje engleski ili hindi zajedno sa arapskim jezikom, \u0161to odra\u017eava me\u0111unarodne veze Bahreina. Svakodnevni \u017eivot malo nagove\u0161tava sekta\u0161ke podele \u2013 mu\u0161karci i \u017eene svih porekla kupuju jedan pored drugog, a deca se igraju zajedno. Na ovaj na\u010din, Hamad Taun se ponekad hvali kao \u201eoli\u010denje bahreinskog multikulturalizma\u201c. D\u017damije u susedstvu sme\u0161taju razli\u010dite zajednice (na primer, d\u017eamija Kanu pored kru\u017enog toka 2 i Al Ad\u017eur pored kru\u017enog toka 10 slu\u017ee svojim okruzima), ali na trotoaru se svi sre\u0107u kao kom\u0161ije. Ukratko, Hamad Taun funkcioni\u0161e kao obi\u010dan bahreinski grad gde vera i politika zauzimaju drugo mesto u odnosu na svakodnevne brige poput porodice i posla.<\/p>\n\n\n\n<p>Tokom godina njegovo stanovni\u0161tvo je stalno raslo. Popis iz 2005. godine pokazao je da u Hamad Taunu \u017eivi oko 52.700 stanovnika; od tada se broj dodatno pove\u0107ao, a novi stanovi i vile su popunili praznine. Danas, po gustini naseljenosti, Hamad Taun zapravo prevazilazi Isa Taun (jo\u0161 jedan planirani bahreinski grad iz 1960-ih). Rast je do\u0161ao od dodavanja vi\u0161e stambenih projekata, a ne iz jedne industrije, tako da je dru\u0161tveni miks ostao \u0161irok. Grad je obi\u010dno mla\u0111i i vi\u0161e radni\u010dke klase nego neki stariji gradovi: mnoga doma\u0107instva imaju decu \u0161kolskog uzrasta, a kampusi javnih i privatnih \u0161kola su ra\u0161trkani po gradu. (U stvari, glavni kampus Univerziteta u Bahreinu nalazi se odmah ju\u017eno u Sukhiru, \u0161to zna\u010di da neki studenti i fakultet putuju kroz Hamad Taun.) Uprkos stotinama porodica, atmosfera ostaje mirna. Jedan pisac prime\u0107uje da ljudi iz Hamad Tauna jednostavno idu u Manamu na posao i obrazovanje, tretiraju\u0107i sam grad prvenstveno kao dom.<\/p>\n\n\n\n<p><strong>Dnevni ritam<\/strong>Tempo \u017eivota u Hamad Taunu je blag. Jutra \u010desto po\u010dinju sporo: ve\u0107ina prodavnica se otvara oko 9 ujutru, tako da su pre toga ulice skoro prazne. Podnevni poziv na molitvu (ezan) dovodi mu\u0161karce ku\u0107i ili u d\u017eamije na pauzu u radu. U toplijim mesecima, popodnevna ti\u0161ina je duboka \u2013 prodavci spu\u0161taju roletne i povla\u010de se unutra. Ali do kasnog popodneva, \u017eivot se nastavlja: \u200b\u200bdeca jure kroz kru\u017ene tokove na biciklima, kom\u0161ije susti\u017eu zabavu u kafi\u0107ima na uglu, a nekoliko \u0161tandova pored puta se otvara za \u0161avarmu i \u010daj. Petkom je poseban: nakon zajedni\u010dkih molitvi grad postaje sve\u010dan uz porodi\u010dne posete i zajedni\u010dke obroke. Vikendom (petak-subota u Bahreinu), stanovnici mogu iskoristiti blizinu Hamad Tauna za rekreaciju \u2013 na primer, za piknik u obli\u017enjoj pustinji Sahir ili posetu Me\u0111unarodnoj stazi u Bahreinu tokom javnih doga\u0111aja. Kroz sve to, me\u0161ovita zajednica Hamad Tauna provodi tipi\u010dan bahreinski dan zajedno.<\/p>\n\n\n\n<h2 class=\"wp-block-heading\">Geografija i kom\u0161ije<\/h2>\n\n\n\n<p>Geografski gledano, Hamad Taun le\u017ei na ravnoj severnoj ravnici Bahreina, male ostrvske dr\u017eave. Tirkizne vode Meksi\u010dkog zaliva su udaljene samo nekoliko kilometara severno, a u vedrim no\u0107ima ponekad se mogu videti svetla preko mora ili udaljena silueta Manaminog horizonta. Putem je udaljen otprilike 18 km jugozapadno od centralne Maname i oko 19 km od me\u0111unarodnog aerodroma u Bahreinu. U prakti\u010dnom smislu, to zna\u010di da je 20-30 minuta vo\u017enje povezano sa srcem prestonice ili sa aerodromom. Na jugoistoku se prote\u017ee \u0161iroka otvorena pustinja Sahir, dom bahreinske staze Formule 1. Tokom trka\u010dkih vikenda, autoputevi u blizini Hamad Tauna mogu biti puni navija\u010da koji putuju na posao, ali ina\u010de je podru\u010dje mirno.<\/p>\n\n\n\n<p>Grad je okru\u017een drugim novijim predgra\u0111ima i industrijskim zonama. Autoput koji se prote\u017ee du\u017e isto\u010dne ivice Hamad Tauna (autoput \u0160eik Kalifa bin Salman) pru\u017ea brz pristup Manami na severu i Isi na jugu. Pet autoputskih rampi direktno se spajaju sa Hamad Taunom na kru\u017enim tokovima 0, 6, 14, 18 i 22. Na zapadu se nalazi nekoliko retkih sela i poljoprivrednih parcela; severno su gradovi D\u017dufer i Al Hid bli\u017ee obali. Po\u0161to je Bahrein mali, ni\u0161ta nije daleko: od Hamad Tauna se mo\u017ee voziti do bilo kog dela ostrva za manje od sat vremena. Ravnina i uredan razvoj \u010dine da se Hamad Taun ose\u0107a otvoreno kao evropsko predgra\u0111e \u2013 za razliku od izgra\u0111enijeg centra grada.<\/p>\n\n\n\n<p>Klima u gradu Hamad podudara se sa klimom u Zalivu: veoma vru\u0107a, su\u0161na leta i blage zime. Letnji dani (april\u2013septembar) redovno dosti\u017eu 40 \u00b0C, \u0161to \u010dini podnevne aktivnosti retkim. Zapravo, tokom podnevne vansezone uobi\u010dajeno je da skoro svi zastanu \u2013 prodavnice se zatvaraju, a ulice su tihe. Planeri su ovo ubla\u017eili sadnjom urmi i drve\u0107a koje pru\u017ea hlad du\u017e glavnih ulica. U zimskim mesecima (novembar\u2013mart), vreme je prijatno hladno i \u010dak donosi povremenu ki\u0161u \u2013 najbolje godi\u0161nje doba za \u0161etnje na otvorenom i vreme provedeno na igrali\u0161tu. U svim godi\u0161njim dobima, stanovnici su se prilagodili ritmu sunca: travnjaci se zalivaju no\u0107u, a ve\u0107ina dru\u0161tvenog \u017eivota seli se u zatvoreni prostor tokom najve\u0107e vru\u0107ine.<\/p>\n\n\n\n<h2 class=\"wp-block-heading\">Ulice, kru\u017eni tokovi i prevoz<\/h2>\n\n\n\n<p>Odmah se prime\u0107uju 22 kru\u017ena toka sa brojevima u Hamad Taunu. Svaki je veliki kru\u017eni tok koji obuhvata grupu ku\u0107a ili prodavnica. Grad je namerno projektovan na ovaj na\u010din: pravi putevi se zra\u010de iz svakog kru\u017enog toka poput \u017ebica na to\u010dku. Me\u0161tani daju uputstva pomo\u0107u brojeva ovih kru\u017enih tokova \u2013 na primer, adresa \u0107e biti \u201eKu\u0107a 15, Kru\u017eni tok 3\u201c, a ne naziv ulice. Zbog toga se mape i GPS oznake u Hamad Taunu odnose na kru\u017ene tokove. (Posetilac bi mogao uzalud da tra\u017ei \u201eUlicu brestova\u201c \u2013 klju\u010d je u poznavanju brojeva kru\u017enih tokova.) Kada se jednom naviknete na sistem, vo\u017enja postaje jednostavna: jednostavno idete do odgovaraju\u0107eg kru\u017enog toka, a zatim u blok. Do svakog bloka se brzo sti\u017ee jer je mre\u017ea jednoobrazna i bez semafora na unutra\u0161njim putevima.<\/p>\n\n\n\n<p>Svaki kru\u017eni tok je nisko betonsko ostrvo. Neki imaju zasa\u0111eno \u017ebunje ili palme u sredini; drugi su obi\u010dni. Saobra\u0107aj se odvija oko njih bez semafora \u2013 voza\u010di ustupaju prednost kako bi saobra\u0107aj pro\u0161ao. Novoprido\u0161li ponekad smatraju da su zbunjuju\u0107i, ali voza\u010di u Bahreinu su ljubazni: automobili obi\u010dno naizmeni\u010dno ulaze i izlaze. No\u0107u, uli\u010dna svetla osvetljavaju krugove, daju\u0107i im blagi sjaj. Signalizacija je pragmati\u010dna: na svakom krugu, putokazni znakovi navode imena svih naselja (ili brojeva blokova) povezanih tamo, na arapskom (a \u010desto i engleskom). Ovo omogu\u0107ava \u010dak i posetiocima da se orijenti\u0161u posle kratkog vremena \u2013 na primer, dovoljno je znati da prijatelj \u017eivi \u201eodmah posle kru\u017enog toka 14\u201c.<\/p>\n\n\n\n<p>Sami putevi su \u0161iroki i pravi, svaki sa prostorom za parkiranje na ivi\u010dnjaku. Podse\u0107aju na avenije, a ne na uske trake. Ovo odra\u017eava moderno planiranje grada: ulice mogu da prime vozila hitne pomo\u0107i i umeren saobra\u0107aj bez uskih grla. Ku\u0107ni brojevi na svakoj ulici obi\u010dno se prote\u017eu od kru\u017enog toka ka spolja, tako da adresa poput \u201e5\/3 A \u2014 23\u201c jasno govori o kom se bloku i kojim brojem nalazite u blizini kru\u017enog toka 5. (Ukratko, logika numeracije je dosledna, a ne proizvoljna.) Ova uredna mre\u017ea \u2013 i odsustvo sokaka \u2013 zna\u010di da se Hamad Taun ose\u0107a uredno u svako doba.<\/p>\n\n\n\n<p>Pored ulica Hamad Tauna, glavna saobra\u0107ajna veza je autoput \u0160eik Kalifa. Pet rampi (numerisanih izlaza) povezuje ga sa Hamad Taunom. Ovaj autoput omogu\u0107ava voza\u010dima da stignu do centra Maname ili aerodroma za oko 15-20 minuta. Tokom \u0161pica autoput mo\u017ee biti prometan, ali kada iza\u0111ete na kru\u017eni sistem Hamad Tauna, tempo se usporava, a gu\u017eva se prore\u0111uje.<\/p>\n\n\n\n<p>Javni prevoz u gradu Hamad, nasuprot tome, je veoma redak. Nekoliko autobuskih linija Javnog prevoza Bahreina prolazi kroz grad, zaustavljaju\u0107i se samo na glavnim kru\u017enim tokovima, a \u010dak i oni retko saobra\u0107aju. Mnogi me\u0161tani opisuju autobuse kao nepouzdane za svakodnevnu upotrebu. Kao rezultat toga, skoro svi voze. \u0160kolska deca voze \u017eute \u0161kolske autobuse ili privatne kombije do lokalnih \u0161kola, a odrasli koriste taksije ili li\u010dne automobile. U praksi, grad Hamad je izgra\u0111en za automobile, a ne za autobuse. (Za posetioce, to zna\u010di da je do grada najlak\u0161e do\u0107i automobilom ili taksijem. Postoji dovoljno parking mesta u blizini Suk Vakifa i oko velikih kru\u017enih tokova. Me\u0161tani \u010desto koriste aplikacije za prevoz, a vrlo malo posetilaca poku\u0161ava da se sna\u0111e u autobuskom sistemu ovde.)<\/p>\n\n\n\n<h2 class=\"wp-block-heading\">Trgovina i \u017eivot u zajednici<\/h2>\n\n\n\n<p>Iako je stambeni, Hamad Taun ima sve uobi\u010dajene prodavnice i usluge koje su potrebne jednom predgra\u0111u. Najve\u0107i trgova\u010dki centar je Suk Vakif, vi\u0161espratna pija\u010dna zgrada. Unutra se nalaze desetine prodavnica i malih preduze\u0107a: prodavnice prehrambenih proizvoda sa lokalnim proizvodima, prodavnice ode\u0107e i obu\u0107e, prodavci elektronike i telefona, mali kafi\u0107i i pekare. Za svakodnevne potrebe, porodice jednostavno pe\u0161ke ili kolima do\u0111u do Suk Vakifa umesto da idu daleko. Tako\u0111e obezbe\u0111uje lokalna radna mesta \u2013 pekari, slu\u017ebenici i prodavci iz Hamad Tauna rade tamo svakodnevno. Svakog jutra, pijaca se otvara rano kako bi se mogli kupiti sve\u017e hleb i vo\u0107e. Kasno popodne i uve\u010de, postaje mesto sastanka jer se kom\u0161ije okupljaju na kafu i \u010daj. Miris peciva i za\u010dina \u010desto se \u0161iri trotoarima, pozivaju\u0107i ljude da zastanu na u\u017einu.<\/p>\n\n\n\n<p>Van Suk Vakifa, manje prodavnice su razbacane ulicama. Na ve\u0107ini kru\u017enih tokova na\u0107i \u0107ete mini-market ili prodavnicu me\u0161ovite robe, \u010desto otvorene do kasno uve\u010de. One prodaju osnovne namirnice poput hleba, mleka, konzervirane robe i grickalica. Berbernice, frizerski saloni, prodavnice mobilnih telefona i prodavnice gvo\u017e\u0111arije zauzimaju uglove na raznim blokovima. \u0160tandovi sa hranom za poneti \u2013 gde se prodaje falafel, \u0161avarma ili grilovani kukuruz \u2013 daju delovima grada laganu atmosferu uli\u010dne pijace za vreme ru\u010dka i ve\u010dere. Takve prodavnice na uglu zna\u010de da \u010dak i u najstambenijim blokovima niko nije daleko od osnova svakodnevnog \u017eivota. (Za specijalizovane proizvode ili velike tr\u017ene centre, stanovnici obi\u010dno voze do ve\u0107ih tr\u017enih centara u Manami ili Rifi.) Ukratko, komercijalni \u017eivot Hamad Tauna je skroman, ali potpun: tokom celog dana, male grupe prodavnica odr\u017eavaju tihu vrevu.<\/p>\n\n\n\n<p>Dve d\u017eamije u susedstvu su centar dru\u0161tvenog \u017eivota Hamad Tauna na verskom nivou. D\u017damija Kanu (izme\u0111u kru\u017enih tokova 2 i 3) i d\u017eamija Al Ad\u017eur (na kru\u017enom toku 10) slu\u017ee svojim okolnim podru\u010djima. To su jednostavne betonske zgrade po modernim zalivskim standardima, ali petkom (d\u017eumu) privla\u010de stotine vernika u \u010distoj beloj ode\u0107i. Svakog dana za vreme molitve, \u010duje se poziv na molitvu koji odjekuje ulicama, a mu\u0161karci i de\u010daci napu\u0161taju prodavnice ili poslove da bi se molili unutra ili kod ku\u0107e. Van tih rituala, dvori\u0161ta d\u017eamije i susedne ulice postaju mesta za opu\u0161tene razgovore \u2013 stariji na klupama razmenjuju vesti, deca tr\u010de u senci minareta, a posetioci mogu biti pozdravljeni prijateljskim selamima. Ovi obi\u010dni trenuci \u2013 \u0107askanje pored d\u017eamije sredinom popodneva ili prolazak pored kom\u0161ija na pijaci \u2013 su su\u0161tina \u017eivota zajednice u Hamad Taunu.<\/p>\n\n\n\n<p>Za rekreaciju i ve\u017ebanje, grad ima nekoliko jednostavnih parkova i igrali\u0161ta. Mnogi su sme\u0161teni pored \u0161kola ili blizu kru\u017enih tokova. Tu su ljulja\u0161ke, tobogani i male travnate povr\u0161ine. U hladnijim sezonama, porodice dovode decu ovde kasno popodne. Lokalna omladina \u010desto igra fudbal na parkingu ili praznom placu posle \u0161kole. U samom gradu Hamad nema velikog stadiona ili zabavnog parka, ali to ne zna\u010di da ljudi ne rade ni\u0161ta. Vikendom se mogu videti porodice koje se voze do pustinje Sahir na piknik ispod palmi ili do ve\u0107ih atrakcija u susednim gradovima. Lokalni parkovi, pa \u010dak i nekoliko igrali\u0161ta pored ulice, ispunjavaju ulogu \u201ejavnog prostora\u201c u gradu Hamad. Kako pada sumrak, na\u0107i \u0107ete grupe koje se okupljaju pored klupa u parku ili ispijaju \u010daj u kafi\u0107ima na otvorenom (mali restorani pored Suk Vakifa postaju \u017eivahni), a dnevna ti\u0161ina ustupa mesto blagom ve\u010dernjem \u017eivotu.<\/p>\n\n\n\n<p><strong>Dnevni ritam<\/strong>U Hamad Taunu, dan prati blagi obrazac. Jutra su mirna (prodavnice se otvaraju uglavnom posle 9 ujutru), a podne donosi kratku pauzu za molitvu. Do ve\u010deri, grad se ponovo budi: deca voze bicikle izme\u0111u kru\u017enih tokova, kom\u0161ije se sastaju u kafi\u0107u, a d\u017eamije se ponovo pune za molitvu u zalazak sunca. LJudsko prisustvo je najvidljivije kasno u toku dana \u2013 tokom letnjih vru\u0107ina svi se kriju u zatvorenom prostoru do zalaska sunca. Oko petka, za vreme ru\u010dka i ve\u010dernjih molitvi, \u010desto vlada prazni\u010dna atmosfera, sa ve\u0107im porodi\u010dnim okupljanjima i posetama. Subota (vikend) ima opu\u0161taju\u0107i tempo: mnogi me\u0161tani \u0107e posetiti ro\u0111ake u drugim delovima Bahreina ili iza\u0107i na provoz. Za radoznalog putnika, Hamad Taun nudi uvid u takve svakodnevne ritmove, a ne u turisti\u010dke atrakcije.<\/p>\n\n\n\n<h2 class=\"wp-block-heading\">Trgovina i \u017eivot u zajednici<\/h2>\n\n\n\n<p>Administrativno, Hamad Taun je deo Severne guvernoratske vlade Bahreina. NJegove op\u0161tinske odbornike biraju stanovnici, ali ovi lokalni zvani\u010dnici uglavnom savetuju o projektima \u2013 oni ne mogu donositi zakone. (Po zakonu, bahreinskim guvernoratima je zabranjeno da donose sopstvene zakone; sva zakonska ovla\u0161\u0107enja poti\u010du od centralne vlade.) U stvari, Hamad Taun se upravlja sli\u010dno kao gradskim predgra\u0111em: nacionalne agencije se bave komunalnim uslugama, putevima i planiranjem. Prednost je o\u010digledna: sva glavna infrastruktura (putevi, voda, struja) dolazi iz dobro finansiranog nacionalnog bud\u017eeta. Zaista, ako je potrebno pro\u0161iriti glavni put ili izgraditi \u0161kolu, Hamad Taun dobija svoj deo resursa kraljevstva.<\/p>\n\n\n\n<p>S druge strane, neki stanovnici smatraju da im nedostaje lokalna autonomija. Na primer, mere za smirivanje saobra\u0107aja ili podsticaje za mala preduze\u0107a morala bi da sprovede Manama, a ne samo ve\u0107e Hamada. Ipak, \u017eivot u gradu je danas uglavnom samodovoljan. Ima sopstvenu filijalu nacionalne biblioteke, kliniku za javno zdravlje, pa \u010dak i malu policijsku stanicu. U kombinaciji sa prodavnicama prehrambenih proizvoda i \u0161kolama, to zna\u010di da se za svakodnevne potrebe \u2013 obrazovanje, medicinska nega, kupovina \u2013 retko mora napustiti grad. (Naravno, za velike bolnice, univerzitete ili luksuzne kupovine, Manama je i dalje destinacija.)<\/p>\n\n\n\n<p><strong>Rast je nastavljen<\/strong>Nove vile i stambeni blokovi popunili su sva prazna mesta. Danas je Hamad Taun jedno od najgu\u0161\u0107e naseljenih stambenih podru\u010dja u Bahreinu. NJegova populacija sada prema\u0161uje Isa Taun, \u0161to ga \u010dini najprometnijim \u201enovim gradom\u201c u zemlji. Uprkos tome, karakter ostaje stambeni. U samom Hamad Taunu gotovo da nema velikih fabrika ili tr\u017enih centara; ve\u0107ina radnih mesta je van grada, a silueta grada ima malo visokih zgrada. U prakti\u010dnom smislu, Hamad Taun je u su\u0161tini veliko stambeno naselje sa sopstvenim pijacama i \u0161kolama, a ne poseban trgova\u010dki centar.<\/p>\n\n\n\n<h2 class=\"wp-block-heading\">Grad Hamad danas: Moderni mikrokosmos Bahreina<\/h2>\n\n\n\n<p>Hamad Taun mo\u017eda nema poznate atrakcije, ali u tihim detaljima njegovih ulica mo\u017ee se pro\u010ditati pri\u010da o savremenom Bahreinu. Samo postojanje grada odra\u017eava razvoj zemlje: ro\u0111en je iz vizije socijalnog stanovanja, podstaknute naftom, i prerastao je u pluralisti\u010dku zajednicu. Posetilac koji \u0161eta ovde vidi obi\u010dan \u017eivot, a ne spomenike. \u0160kolarci u urednim uniformama \u017eure ku\u0107i na kraju dana; kom\u0161ije metu svoje tremove ili sede sa \u010dajem pored puta.<\/p>\n\n\n\n<p>Odsustvo prodavnica luksuznih automobila ili prodavnica me\u0111unarodnih brendova (\u0161to je uobi\u010dajeno u Manami) zna\u010di da je svakodnevna trgovina skromna \u2013 prodavnica polovnog name\u0161taja, pekara, apoteka \u2013 ipak su to bitne niti dru\u0161tva. Najmanji detalji govore mnogo: bahreinska zastava koja se vijori na balkonu, \u0161areni mural koji su lokalni mladi oslikali na betonskom zidu, deda koji \u0107aska na arapskom dok ga unuk slu\u0161a. Ove scene, obi\u010dne kakve jesu, govore nam da stanovnici Hamad Tauna dolaze iz mnogih dru\u0161tvenih slojeva, ali dele isto skromno predgra\u0111e.<\/p>\n\n\n\n<p>U mnogim pogledima, Hamad Taun je \u017eivi mozaik bahreinskog dru\u0161tva. Izrastao je iz vladinog stambenog projekta u zrelo, multietni\u010dko naselje, pokazuju\u0107i kako se nacionalne politike odvijaju na terenu. Ovde nema visokih orijentira, ali je kona\u010dna slika koherentna: ku\u0107e na uli\u010dnim uglovima, sudbina svake porodice tiho povezana sa onima iz susedstva. \u010cinjenica da je toliko dugoro\u010dnih stanara zajedno postalo vlasnici ku\u0107a svedo\u010di o dru\u0161tvenoj solidarnosti Bahreina.<\/p>\n\n\n\n<p>I dok trotoarima Hamad Tauna prolazi malo stranih turista, njegov ritam je poznat svakoj bahreinskoj porodici. Kako pada ve\u010de i ponovo se \u010duje ezan, \u010dak i obi\u010dna harmonija ovog grada postaje ogledalo rasta i promena zemlje. To je, tiho, pri\u010da o Bahreinu u mikrokosmosu \u2013 ispri\u010dana ne u mermeru i staklu, ve\u0107 u \u017eivoj stvarnosti jednog neupadljivog naselja.<\/p>","protected":false},"excerpt":{"rendered":"<p>Izgra\u0111en oko reke Er i u isto\u010dnom podno\u017eju Penina, Lids se od skromnih po\u010detaka razvio u najve\u0107e naselje u Jork\u0161iru i zna\u010dajan gradski centar. Drugi najnaseljeniji okrug u Ujedinjenom Kraljevstvu, Grad Lids Metropolitan Borough, ima 812.000 ljudi, dok u samom gradu, prema popisu iz 2021. godine, ima 536.280. Sa ukupnom populacijom od skoro 1,7 miliona, kako je zabele\u017eeno na popisu iz 2011. godine, Lids je u srcu izgra\u0111ene oblasti Zapadnog Jork\u0161ira, \u010detvrte po veli\u010dini urbane konurbacije u Velikoj Britaniji.<\/p>","protected":false},"author":1,"featured_media":35808,"parent":35335,"menu_order":0,"comment_status":"closed","ping_status":"closed","template":"elementor_theme","meta":{"_eb_attr":"","footnotes":""},"class_list":["post-35806","page","type-page","status-publish","has-post-thumbnail"],"_links":{"self":[{"href":"https:\/\/travelshelper.com\/sr\/wp-json\/wp\/v2\/pages\/35806","targetHints":{"allow":["GET"]}}],"collection":[{"href":"https:\/\/travelshelper.com\/sr\/wp-json\/wp\/v2\/pages"}],"about":[{"href":"https:\/\/travelshelper.com\/sr\/wp-json\/wp\/v2\/types\/page"}],"author":[{"embeddable":true,"href":"https:\/\/travelshelper.com\/sr\/wp-json\/wp\/v2\/users\/1"}],"replies":[{"embeddable":true,"href":"https:\/\/travelshelper.com\/sr\/wp-json\/wp\/v2\/comments?post=35806"}],"version-history":[{"count":0,"href":"https:\/\/travelshelper.com\/sr\/wp-json\/wp\/v2\/pages\/35806\/revisions"}],"up":[{"embeddable":true,"href":"https:\/\/travelshelper.com\/sr\/wp-json\/wp\/v2\/pages\/35335"}],"wp:featuredmedia":[{"embeddable":true,"href":"https:\/\/travelshelper.com\/sr\/wp-json\/wp\/v2\/media\/35808"}],"wp:attachment":[{"href":"https:\/\/travelshelper.com\/sr\/wp-json\/wp\/v2\/media?parent=35806"}],"curies":[{"name":"wp","href":"https:\/\/api.w.org\/{rel}","templated":true}]}}