{"id":35472,"date":"2024-11-30T22:59:50","date_gmt":"2024-11-30T22:59:50","guid":{"rendered":"https:\/\/travelshelper.com\/staging\/?page_id=35472"},"modified":"2026-03-11T02:07:26","modified_gmt":"2026-03-11T02:07:26","slug":"tradicije-i-obicaji-u-bahreinu","status":"publish","type":"page","link":"https:\/\/travelshelper.com\/sr\/destinations\/asia\/bahrain\/traditions-customs-in-bahrain\/","title":{"rendered":"Tradicije i obi\u010daji u Bahreinu"},"content":{"rendered":"<p>Bahrein je zemlja doma\u0107in, ali uvek morate da poka\u017eete po\u0161tovanje i u\u010dtivost u pogledu svoje kulturne tradicije i religije. Kada pose\u0107ujete mesta koja pose\u0107uju lokalni Arapi, po\u017eeljno je da nosite duge pantalone, a ne kratke pantalone, a dame treba da izbegavaju no\u0161enje providnih haljina.<\/p>\n\n\n\n<p>Kupa\u0107i kostimi, bikiniji i \u0161orc su prihvatljiva ode\u0107a u klubovima na pla\u017ei i hotelima. U javnosti nemojte pokazivati naznake ljubavi prema pojedincima suprotnog pola. Osobe suprotnog pola su hap\u0161ene zbog ljubljenja u javnosti i dru\u0161tveno su neprihvatljive. Uvek izbegavajte da se sva\u0111ate i nikada ne ulazite u debatu, posebno sa lokalnim stanovni\u0161tvom.<\/p>\n\n\n\n<p>Zvani\u010dna religija kraljevstva je islam. Prati ga vi\u0161e od 70% stanovni\u0161tva. Hri\u0161\u0107ani, budisti i hindusi \u010dine preostali deo. Mali deo stanovnika ne tvrdi nikakvu versku pripadnost. Crkva i dr\u017eava nisu odvojene. U ovom slu\u010daju se primenjuje \u0161erijat (islamsko pravo). Koncept verske slobode je sadr\u017ean u Ustavu. To je \u010dinjenica. Ovde nema verskog progona. Predstavnicima razli\u010ditih religija je dozvoljeno da slobodno po\u0161tuju svoje obrede i slave praznike.<\/p>\n\n\n\n<p>Muslimanska zajednica je heterogena. Sunitski muslimani vide beduine kao svoje pretke. \u0160iiti su poreklom od Poslanika, prema njihovim verovanjima. Ve\u0107ina \u0161iita pripada etni\u010dkoj i verskoj zajednici Baharna. Oni su tradicionalni i pobo\u017eni. Suniti i \u0161iiti osnivaju odvojene zajednice. NJihove pravne sukobe re\u0161avaju posebni sudski organi.<\/p>\n\n\n\n<p>Dru\u0161tveni polo\u017eaj \u017eena u Bahreinu je superiorniji od ve\u0107ine arapskih nacija. Ovde \u017eene mogu da rade. Oni \u010dine skoro jednu tre\u0107inu radne snage u zemlji. Imaju pristup obrazovanju i zdravstvenoj za\u0161titi. Otprilike 60% \u017eena ima fakultetsku diplomu. Mnogo je \u017eena u poslu. \u017dene su i dalje nedovoljno zastupljene u politici. Oni su odsutni iz dr\u017eavnih organa. Ne postoje zvani\u010dni zakoni koji kr\u0161e prava \u017eena. Me\u0111utim, propis je u suprotnosti sa \u0161erijatskim zakonom, koji nala\u017ee da \u017eene pokrivaju svoja lica i tela. Ve\u0107ina dama nosi \u010dador koji im ne pokriva lice. Nikab potpuno skriva lice \u017eena iz tradicionalnijih porodica. Domorodci toleri\u0161u strane dame. Me\u0111utim, trebalo bi da pokrijete ramena i noge. Pored toga, postoje zahtevi za strance. Zabranjeno je pojavljivanje u javnosti u \u0161ortsevima i sportskoj ode\u0107i.<\/p>\n\n\n\n<p>Ova demokratija je rezultat brzog uspona ekonomije Bahreina, koja privla\u010di veliki broj stranaca. Bahrein je najoslobo\u0111eniji muslimanski narod. Ovde \u010desto odmaraju stanovnici drugih arapskih zemalja. Zemlja prodaje i konzumira alkohol. Tokom svetog meseca Ramazana, moralni standardi postaju stro\u017ei. U ovo vreme vernici poste. Muslimanima je zabranjeno da jedu i piju tokom dana tokom ovog perioda.<\/p>\n\n\n\n<p>Religija ima uticaj na bonton. Leva ruka se tradicionalno smatra prljavom jer se koristi za li\u010dnu higijenu. Prihvatljivo je prihvatiti hranu i novac, ali samo desnom rukom. Prilikom ulaska u ku\u0107u ili d\u017eamiju, cipele se moraju skinuti. Ne mo\u017eete uperiti noge u sagovornika, netremice gledati u o\u010di sagovornika, jesti dok hodate, niti aktivno gestikulirati tokom razgovora.<\/p>\n\n\n\n<p>Porodica je od najve\u0107e va\u017enosti za gra\u0111ane zemlje. \u017dene se udaju veoma mlade, po\u010dev\u0161i od 14 godina. Mu\u0161karci se \u017eene izme\u0111u 20 i 22 godine. Uobi\u010dajena je praksa otkupa nevesta. Poligamija je dozvoljena po \u0161erijatskom zakonu. Ali svaka \u017eena treba da ima svoju udobnu rezidenciju. Tako\u0111e, postoje prolazni brakovi (muta). Isklju\u010divo ih prihvataju \u0161iiti. Pri sklapanju takvog braka \u017eeni se dodeljuje nagrada. Formalno, \u017eenska prava su jednaka pravima obi\u010dne \u017eene. NJeno potomstvo se tako\u0111e smatra legitimnim. Ona se kvalifikuje za mahr (poklon od svog mu\u017ea). Trajanje braka mo\u017ee se produ\u017eavati neograni\u010den broj puta. Dama mora da napravi prazninu pre nego \u0161to se ponovo uda nakon propalog braka. Ovaj jaz je potreban da bi se isklju\u010dila mogu\u0107nost trudno\u0107e. Tokom ove pauze od \u010detiri do dvadeset nedelja, mu\u017e nastavlja da poma\u017ee \u017eeni.<\/p>\n\n\n\n<p>Nakon sticanja nezavisnosti zemlje 1971. godine, kultura Bahreina je po\u010dela zna\u010dajno da cveta. Pored razvoja tradicionalne umetnosti raste i moderna umetnost. Impresionizam, ekspresionizam i nadrealizam postaju sve popularniji. Organizuju se \u010deste izlo\u017ebe moderne umetnosti. U tu svrhu koristi se nekoliko muzeja i galerija. Tradicionalne umetnosti arapske kaligrafije, keramike, nakita i kova\u010dkog zanata su vredne pa\u017enje. Krajem 20. veka po\u010dela je da se brzo razvija i knji\u017eevnost. NJoj je svojstven jak zapadni uticaj. Bahrein, za razliku od drugih islamskih naroda, ima veliki broj pesnika koje objavljuju svoja dela.<\/p>\n\n\n\n<p>Arapska, indijska i persijska muzika uticala je na tradicionalnu muziku Bahreina. Najpopularniji stilovi su Saut, Fijri i Liva. Gra\u0111ani Bahreina su dugo bili uklju\u010deni u iskopavanje bisera. Ronioci bisera razvili su svoju kulturu, uklju\u010duju\u0107i muziku. Fid\u017eri je muzika ronilaca bisera. Va\u017eno je napomenuti da postoje primorske i morske pesme. Liva je muzika afri\u010dkog naroda. Arapska muzika poznata kao saut se izvodi na oudu, udaraljkama i rebabu. Postoji i moderna muzika. Postoje bendovi koji sviraju rok muziku. Bahrein tako\u0111e sadr\u017ei studije za snimanje. Bioskop nije ilegalan. Ali lokalni filmovi se prakti\u010dno nikada ne snimaju.<\/p>","protected":false},"excerpt":{"rendered":"<p>Bahrein je zemlja doma\u0107in, ali uvek morate da poka\u017eete po\u0161tovanje i u\u010dtivost u pogledu svoje kulturne tradicije i religije. Kada pose\u0107ujete mesta koja pose\u0107uju lokalni Arapi, po\u017eeljno je da nosite duge pantalone, a ne kratke pantalone, a dame treba da izbegavaju no\u0161enje providnih haljina.<\/p>","protected":false},"author":1,"featured_media":35474,"parent":35335,"menu_order":0,"comment_status":"closed","ping_status":"closed","template":"elementor_theme","meta":{"_eb_attr":"","footnotes":""},"class_list":["post-35472","page","type-page","status-publish","has-post-thumbnail"],"_links":{"self":[{"href":"https:\/\/travelshelper.com\/sr\/wp-json\/wp\/v2\/pages\/35472","targetHints":{"allow":["GET"]}}],"collection":[{"href":"https:\/\/travelshelper.com\/sr\/wp-json\/wp\/v2\/pages"}],"about":[{"href":"https:\/\/travelshelper.com\/sr\/wp-json\/wp\/v2\/types\/page"}],"author":[{"embeddable":true,"href":"https:\/\/travelshelper.com\/sr\/wp-json\/wp\/v2\/users\/1"}],"replies":[{"embeddable":true,"href":"https:\/\/travelshelper.com\/sr\/wp-json\/wp\/v2\/comments?post=35472"}],"version-history":[{"count":0,"href":"https:\/\/travelshelper.com\/sr\/wp-json\/wp\/v2\/pages\/35472\/revisions"}],"up":[{"embeddable":true,"href":"https:\/\/travelshelper.com\/sr\/wp-json\/wp\/v2\/pages\/35335"}],"wp:featuredmedia":[{"embeddable":true,"href":"https:\/\/travelshelper.com\/sr\/wp-json\/wp\/v2\/media\/35474"}],"wp:attachment":[{"href":"https:\/\/travelshelper.com\/sr\/wp-json\/wp\/v2\/media?parent=35472"}],"curies":[{"name":"wp","href":"https:\/\/api.w.org\/{rel}","templated":true}]}}