{"id":35452,"date":"2024-11-30T22:41:22","date_gmt":"2024-11-30T22:41:22","guid":{"rendered":"https:\/\/travelshelper.com\/staging\/?page_id=35452"},"modified":"2026-03-11T02:11:40","modified_gmt":"2026-03-11T02:11:40","slug":"nocni-zivot-u-bahreinu","status":"publish","type":"page","link":"https:\/\/travelshelper.com\/sr\/destinations\/asia\/bahrain\/nightlife-in-bahrain\/","title":{"rendered":"No\u0107ni \u017eivot u Bahreinu"},"content":{"rendered":"<p>No\u0107ni \u017eivot Bahreina je prili\u010dno dobro razvijen, \u0161to je iznena\u0111uju\u0107e. To je prvenstveno zbog tolerancije vlasti i velikog broja stranaca koji \u017eive u zemlji. Bahrein se \u010desto naziva \u201eHavajima Bliskog istoka\u201c. Svako \u0107e na\u0107i zabavu nakon zalaska sunca. \u0160irom zemlje postoje diskoteke, karaoke barovi i klubovi sa \u017eivom muzikom.<\/p>\n\n\n\n<p>Adlija je posebno poznata po svom no\u0107nom \u017eivotu. Ovo je boemski okrug Manama. Luksuzni hoteli pru\u017eaju nekoliko mogu\u0107nosti za ve\u010dernju zabavu. Alkohol je dozvoljen \u0161irom nacije, \u010dak i u klubovima. Ovo privla\u010di turiste iz susednih, konzervativnijih arapskih zemalja.<\/p>\n\n\n\n<h2 class=\"wp-block-heading\">Barovi i klubovi u Bahreinu<\/h2>\n\n\n\n<p>Po\u0161to prakti\u010dno sve licencirane ustanove moraju biti povezane sa hotelima sa \u010detiri i pet zvezdica, u Manami ne postoji posebna \u010detvrt za no\u0107ni \u017eivot; radije, postoji re\u0161etkasta distribucija prostorija \u0161irom grada. Nakon \u0161to bar neko vreme radi, on sti\u010de reputaciju me\u0111u lokalnim stanovni\u0161tvom, a mnogi od njih postaju poznate ustanove \u0161irom Zalivskih dr\u017eava. Jedna takva ustanova je Sherlock Holmes (Hotel Gulf, Manama), tematski bar sa istaknutom istorijom. Iako prili\u010dno udoban, nije u stanju da odbaci svoj tradicionalni izgled londonskog paba, a ve\u0107inu radnih dana ima \u017eivu muziku, koja je obi\u010dno prepuna stalnih gostiju; ipak, vikendi u Bahreinu tako\u0111e mogu biti izuzetno gu\u017evi.<\/p>\n\n\n\n<p>Trader Vic&#039;s (Le Meridien, Manama) se nalazi u blizini jedne od pla\u017ea u Manami i nudi \u0161irok pogled na zaliv iz udobnosti svog klimatizovanog enterijera. Poznat je po svojim koktelima inspirisanim Ju\u017enim morima i serviranim u prelepim loncima, \u0161to ga \u010dini jednim od najve\u0107ih gradskih mesta za zalazak sunca. The Varbler Club (Baisan Hotel, Manama) je jo\u0161 jedna ustanova koja ima redovnu \u017eivu muziku, atraktivnu publiku i ukusnu hranu u baru. Ovo je jedno od najboljih mesta u Bahreinu za ljubitelje sporta da u\u017eivaju u pi\u0107u, jer ima mnogo velikih televizora koji su pode\u0161eni za sve igre.<\/p>\n\n\n\n<h3 class=\"wp-block-heading\">Dovntovn Bar<\/h3>\n\n\n\n<p><em>Adresa: 1507 King Faisal Highvai, Manama - Radno vreme: Dnevno: 16:00-2:00<\/em><\/p>\n\n\n\n<p>Dovntovn, deo hotela Intercontinental Regenci, omiljen je kod lokalnih i turista i privla\u010di veliku publiku, posebno u no\u0107ima sa \u017eivom muzikom. Oni predstavljaju lokalne bendove, ve\u010deri sa otvorenim mikrofonom i d\u017eem sesije, a sreda je Ladies&#039; Night.<\/p>\n\n\n\n<h3 class=\"wp-block-heading\">JJ&#039;s Irish Pub<\/h3>\n\n\n\n<p><em>Adresa: Blok 326, Al Kudaibija, Manama<\/em><\/p>\n\n\n\n<p>JJ&#039;s bar je veliki objekat sa prijatnim okru\u017eenjem i \u0161irokim izborom to\u010denih piva. Postoje brojne nedeljne aktivnosti, uklju\u010duju\u0107i karaoke, pab kvizove, \u017eenske ve\u010deri i \u017eivu muziku ku\u0107nog benda The Noise.<\/p>\n\n\n\n<h3 class=\"wp-block-heading\">The Varbler<\/h3>\n\n\n\n<p><em>Adresa: Blok 320, Manama \u2013 Radno vreme: Dnevno: 12:00-2:00<\/em><\/p>\n\n\n\n<p>The Varbler, istaknuti sportski pab u britanskom stilu koji je doma\u0107in skoro no\u0107nih doga\u0111aja, nalazi se u okviru hotela Baisan International. Tu je ples, muzika u\u017eivo, prenos zna\u010dajnih sportskih doga\u0111aja, \u017densko ve\u010de utorkom i potpuno opremljena kuhinja u kojoj se slu\u017ei raznovrsna hrana.<\/p>\n\n\n\n<h3 class=\"wp-block-heading\">The Varbler<\/h3>\n\n\n\n<p><em>Adresa: Blok 320, Manama \u2013 Radno vreme: Dnevno: 12:00-2:00<\/em><\/p>\n\n\n\n<p>The Varbler, istaknuti sportski pab u britanskom stilu koji je doma\u0107in skoro no\u0107nih doga\u0111aja, nalazi se u okviru hotela Baisan International. Tu je ples, muzika u\u017eivo, prenos zna\u010dajnih sportskih doga\u0111aja, \u017densko ve\u010de utorkom i potpuno opremljena kuhinja u kojoj se slu\u017ei raznovrsna hrana.<\/p>\n\n\n\n<h2 class=\"wp-block-heading\">Trpezarija i kuhinja u Bahreinu<\/h2>\n\n\n\n<p>U Bahreinu, cena i kvalitet hrane se veoma razlikuju. Ako ne \u017eelite da izdvojite mnogo novca, mo\u017eete birati izme\u0111u raznih hotela koji spadaju u \u0161irok raspon cena. \u017divot iseljenika podrazumeva dosta hrane u vani, pa slobodno pitajte bilo koga za najnovije ideje; obi\u010dno \u0107e im biti drago da pomognu. U Manami, usmena predaja je veoma uticajna.<\/p>\n\n\n\n<p>Adilia, Mezzaluna (3808 Road, Manama) je blago u centru restorana i jedan od najpopularnijih restorana u Manami, pa obavezno rezervi\u0161ite rezervacije unapred. Francuski kuvar u Mezzaluni priprema \u0161irok izbor internacionalnih jela, a rebrasti odresci se preporu\u010duju. Restoran se nalazi u staroj bahreinskoj vili sa odgovaraju\u0107im dekorom.<\/p>\n\n\n\n<p>U me\u0111uvremenu, Jim&#039;s (Avenija Osama bin Zaid, Manama) je postala institucija za iseljenike, poznata po svojim ru\u010dno ra\u0111enim \u010dokoladnim vodkama kao i po svojim punim irskim doru\u010dcima koji se slu\u017ee u \u0161armantnom ambijentu kolibe. Zbog D\u017dimove topline i smisla za humor, u ovom restoranu u Bahreinu \u0107e verovatno postati velika gu\u017eva, pa rezervi\u0161ite unapred.<\/p>\n\n\n\n<p>Moderna Casa Blu u arapskom stilu (avenija \u0161eika Isa, Manama) ukra\u0161ena je starinskim pisa\u0107im ma\u0161inama, o\u0161te\u0107enim starim kasama, luksuznim divanima i \u017eivim hip-hopom, \u0161to sve doprinosi ambijentu restorana. Kuhinja je odli\u010dna kao i atmosfera.<\/p>\n\n\n\n<h2 class=\"wp-block-heading\">Gde jesti i piti u Bahreinu<\/h2>\n\n\n\n<p>Kao \u0161to i prili\u010di njegovoj reputaciji jedine zalivske dr\u017eave u kojoj se alkohol mo\u017ee legalno kupiti, scena u kojoj se jede i no\u0107ni \u017eivot u Bahreinu popularna je me\u0111u lokalnim iseljenicima i turistima iz Saudijske Arabije.<\/p>\n\n\n\n<p>U Manami preovladavaju sportski barovi, a JJ&#039;s Irish Restaurant je jedan od najve\u0107ih. Bizarre Lounge u Le Meridien i Casa Bar &amp; Terrace u Mercure Grand Seef su dva od najboljih barova i no\u0107nih klubova me\u0111u vrhunskim hotelima u ovoj oblasti. Ibrida u hotelu Ramee Grand i Club KSS u hotelu Ramee Rose su popularni no\u0107ni klubovi. U ve\u0107ini istaknutih no\u0107nih klubova radnim no\u0107ima se odr\u017eavaju promocije pi\u0107a i \u017eenske ve\u010deri.<\/p>\n\n\n\n<h3 class=\"wp-block-heading\">Brunch<\/h3>\n\n\n\n<p>Po\u0161to akcija na stazi ne po\u010dinje kasnije, za\u0161to ne biste zapo\u010deli dan sa popularnom tradicijom lokacije. Rasko\u0161ni bran\u010dovi \u201esve \u0161to mo\u017eete jesti\u201c slu\u017ee se u bezbroj restorana \u0161irom Manama, posebno u vrhunskim hotelima kao \u0161to su Le Meridien &amp; Ritz Carlton. Petak i subota su najpopularniji dani. Plati\u0107ete fiksni iznos (obi\u010dno 20-40 BHD \/ 50-100 USD) za svu hranu i pi\u0107e koje mo\u017eete podneti za 3-4 sata. Ako do\u0111ete ranije na trku slede\u0107e godine, mnogi restorani \u0107e proslaviti Dan Svetog Patrika 17. marta sa posebnim tematskim doga\u0111ajima.<\/p>\n\n\n\n<h3 class=\"wp-block-heading\">Bife<\/h3>\n\n\n\n<p>Pored bran\u010da, nekoliko najboljih gradskih hotela i restorana nudi \u0161vedski stol \u201esve \u0161to mo\u017eete da jedete\u201c tokom nedelje, posebno od srede do petka uve\u010de. Popularni \u0161vedski stoli uklju\u010duju tematske ve\u010deri u Crovn Plaza, indijsku kuhinju \u010detvrtkom i petkom u restoranu Lanterns i morske plodove \u010detvrtkom uve\u010de u Le Meridien.<\/p>\n\n\n\n<h3 class=\"wp-block-heading\">Pravda<\/h3>\n\n\n\n<p>Mnogi od najboljih restorana u Manami nalaze se u kvartu Adlija. Popularni kafi\u0107i uklju\u010duju Coco&#039;s, koji slu\u017ei tradicionalnu ameri\u010dku kuhinju, i Cafe Lilou, koji ima pari\u0161ki ose\u0107aj. Rasoi bi Vineet slu\u017ei neke od najboljih indijskih kuhinja u Manami; U blizini, Polo gastropab u butik hotelu Palace ima ukusne hamburgere i \u017eivu muziku, a The Meat Compani slu\u017ei vrhunske komade bifteka.<\/p>\n\n\n\n<h3 class=\"wp-block-heading\">Bahreinska kuhinja<\/h3>\n\n\n\n<p>Ne napu\u0161tajte Manamu a da ne pojedete ukusnu doma\u0107u kuhinju. Popularni recepti uklju\u010duju machboos (mirisni pirina\u010d sa ukusom mesa), meso na \u017earu sa khubusom (meki hleb), nasheef (\u010dorba od krompira i mesa) i lukaimat (slatke knedle). Haji Gahva je kafi\u0107 na ulici u Manama Souk-u koji slu\u017ei ukusna i jeftina doma\u0107a jela, dok Basta 23 u tr\u017enom centru Riiadat nudi savremeno iskustvo tradicionalne lokalne kuhinje.<\/p>","protected":false},"excerpt":{"rendered":"<p>No\u0107ni \u017eivot Bahreina je prili\u010dno dobro razvijen, \u0161to je iznena\u0111uju\u0107e. To je prvenstveno zbog tolerancije vlasti i velikog broja stranaca koji \u017eive u zemlji. Bahrein se \u010desto naziva \u201eHavajima Bliskog istoka\u201c. Svako \u0107e na\u0107i zabavu nakon zalaska sunca. \u0160irom zemlje postoje diskoteke, karaoke barovi i klubovi sa \u017eivom muzikom.<\/p>","protected":false},"author":1,"featured_media":35455,"parent":35335,"menu_order":0,"comment_status":"closed","ping_status":"closed","template":"elementor_theme","meta":{"_eb_attr":"","footnotes":""},"class_list":["post-35452","page","type-page","status-publish","has-post-thumbnail"],"_links":{"self":[{"href":"https:\/\/travelshelper.com\/sr\/wp-json\/wp\/v2\/pages\/35452","targetHints":{"allow":["GET"]}}],"collection":[{"href":"https:\/\/travelshelper.com\/sr\/wp-json\/wp\/v2\/pages"}],"about":[{"href":"https:\/\/travelshelper.com\/sr\/wp-json\/wp\/v2\/types\/page"}],"author":[{"embeddable":true,"href":"https:\/\/travelshelper.com\/sr\/wp-json\/wp\/v2\/users\/1"}],"replies":[{"embeddable":true,"href":"https:\/\/travelshelper.com\/sr\/wp-json\/wp\/v2\/comments?post=35452"}],"version-history":[{"count":0,"href":"https:\/\/travelshelper.com\/sr\/wp-json\/wp\/v2\/pages\/35452\/revisions"}],"up":[{"embeddable":true,"href":"https:\/\/travelshelper.com\/sr\/wp-json\/wp\/v2\/pages\/35335"}],"wp:featuredmedia":[{"embeddable":true,"href":"https:\/\/travelshelper.com\/sr\/wp-json\/wp\/v2\/media\/35455"}],"wp:attachment":[{"href":"https:\/\/travelshelper.com\/sr\/wp-json\/wp\/v2\/media?parent=35452"}],"curies":[{"name":"wp","href":"https:\/\/api.w.org\/{rel}","templated":true}]}}