{"id":35418,"date":"2024-11-30T21:45:41","date_gmt":"2024-11-30T21:45:41","guid":{"rendered":"https:\/\/travelshelper.com\/staging\/?page_id=35418"},"modified":"2026-03-11T01:22:03","modified_gmt":"2026-03-11T01:22:03","slug":"novac-i-shopping-u-bahreinu","status":"publish","type":"page","link":"https:\/\/travelshelper.com\/sr\/destinations\/asia\/bahrain\/money-shopping-in-bahrain\/","title":{"rendered":"Novac i kupovina u Bahreinu"},"content":{"rendered":"<p>Bahrein je dom i modernih trgova\u010dkih kompleksa i tradicionalnih soukova, \u0161to osigurava da je ostrvo u stanju da zadovolji svaku kupovinu. U Bahreinu je kupovina mnogo vi\u0161e od hobija; to je na\u010din \u017eivota. Petkom i subotom, koji \u010dine zalivski vikend, komercijalne oblasti vrve od turista iz svih zemalja u potrazi za ponudama, restoranima i dru\u0161tvenim okupljanjima.<\/p>\n\n\n\n<p>Ako su haute couture i dizajnerski brendovi primamljivi, \u010dini se da se svakog meseca otvara novi tr\u017eni centar. U pogledu rasporeda, motiva i ambijenta, svaki hotel je jedinstven. Al Seef je jedan od najve\u0107ih tr\u017enih centara na ostrvu, ali Al A&#039;ali ne zaostaje mnogo po veli\u010dini. Tr\u017eni centar Bahrein, Dana Mall i Sitra Mall nalaze se u Sanabisu, dok je Sitra Mall malo dalje od glavnog klastera. Ekspanzivni centar grada Bahreina je tako\u0111e potpuno opremljen rekreativni kompleks sa dva hotela, vodenim parkom i multipleks pozori\u0161tem.<\/p>\n\n\n\n<p>Na suprotnom kraju skale, tradicionalni soukovi su podjednako prijatni i nude uporedivu raznovrsnost robe. Opu\u0161teni i gostoljubivi, oni nude turistima iskustvo pored povoljnih cena. Manama Souk je najve\u0107i i najpopularniji, dok Muharrak Souk daje autenti\u010dno seosko okru\u017eenje u gradu. Iranski souk u gradu Isa uklju\u010duje \u0161irok izbor polovnih proizvoda, sitnica, pa \u010dak i intrigantno tr\u017ei\u0161te ptica. U Adilii postoji mnogo trgovaca \u0107ilimima i zanatskih objekata koji prodaju bahreinsku zanatu.<\/p>\n\n\n\n<h2 class=\"wp-block-heading\">Novac u Bahreinu<\/h2>\n\n\n\n<p>Bahreinski dinar (BD) je valuta Bahreina i podeljena je na 1000 filsa. Dinar vredi skoro tri dolara (ta\u010dnije 2,66 dolara, po\u0161to je kurs odre\u0111en), \u0161to ga \u010dini jednom od najmo\u0107nijih svetskih valuta (druga posle Kuvajta), i tome je mo\u017eda te\u0161ko prilagoditi se. O\u010digledno, jeftino putovanje taksijem od 10 dinara je zaista skoro 27 dolara i stoga \u0161ema iznude!<\/p>\n\n\n\n<p>Dinar je slobodno konvertibilna valuta bez ograni\u010denja uvoza i izvoza u ovom trenutku. 5 fils, 10 fils, 25 fils, 50 \u200b\u200bfils i 100 fils su apoeni kovanica (retko vidite nov\u010di\u0107e od 500 filsa, ali su validni). Nov\u010danice dolaze u apoenima od 500 filsa (BD 1\/2), BD 1, BD 5, BD 10 i BD 20.<\/p>\n\n\n\n<p>Dinar je vezan za saudijski rijal na 1:10, a rijali se prihvataju skoro svuda po tom kursu. Me\u0111utim, skoro sigurno \u0107ete dobiti kusur u dinarima, a hoteli \u0107e mo\u017eda poku\u0161ati da vas prevare za mali deo novca. Ako dolazite iz Saudijske Arabije, nema potrebe da menjate novac, ali treba da poku\u0161ate da se oslobodite dodatnih dinara pre nego \u0161to napustite zemlju, jer ih je te\u0161ko zameniti bilo gde, \u010dak i u Saudijskoj Arabiji.<\/p>\n\n\n\n<h2 class=\"wp-block-heading\">Cene u Bahreinu<\/h2>\n\n\n\n<p>Bahrein, kao i druge zemlje Zaliva, nije jeftin. Dobar obrok mo\u017ee ko\u0161tati oko BD 4.0, a iznajmljivanje vozila za 10-20 dl dnevno je prihvatljivo, me\u0111utim cene hotela mogu uticati na va\u0161 bud\u017eet: potpuno prose\u010dna soba u hotelu Mo\u017eete staviti BD 50 na nju. Ako \u017eelite da dobijete dobru ponudu, izbegavajte odlazak u Bahrein na godi\u0161nji doga\u0111aj Formule 1 u aprilu. Tro\u0161kovi hotela \u0107e se utrostru\u010diti. Tokom trke, soba u hotelu Gulf mo\u017ee ko\u0161tati vi\u0161e od 300 BD po no\u0107i.<\/p>\n\n\n\n<h2 class=\"wp-block-heading\">Kupovina u Bahreinu<\/h2>\n\n\n\n<p>U Bahreinu postoji mnogo velikih tr\u017enih centara sa svetskim imenom i luksuznih prodavnica, apoteka, supermarketa, restorana, tradicionalnih i modernih kafi\u0107a, igrali\u0161ta i arkada, pozori\u0161ta (3D i 2D), pa \u010dak i ulazna kapija u vodeni park.<\/p>\n\n\n\n<p>Izlet u lokalni souk je obavezan. Tamo se mo\u017eete cenjkati oko cene \u201eroleksa\u201c, nakita i raznih drugih predmeta. U souku se mogu na\u0107i mnogi izvanredni kroja\u010di. Ako ostanete dovoljno dugo (recimo, nedelju dana), mo\u017eete da nosite omiljenu ode\u0107u i \u201eklonirate\u201c je sa precizno\u0161\u0107u u bilo kom materijalu iz ogromnog dostupnog izbora.<\/p>\n\n\n\n<p>Bahrein je izuzetno skupa nacija. Me\u0111utim, mnogi ljudi \u017eele da donesu suvenire ku\u0107i sa ove zapanjuju\u0107e lokacije. \u010cuveni tradicionalni arapski bazar trebalo bi da bude va\u0161a prva stanica. Tamo mo\u017eete kupiti ve\u0107inu suvenira. \u0160arene maloprodajne arkade \u0107e odmah privu\u0107i va\u0161u pa\u017enju. Pored toga, arapski prodavci su izuzetno ubedljivi. Oni \u0107e sigurno mo\u0107i da vas ubede da kupite \u010dak i najbeskorisniji predmet.<\/p>\n\n\n\n<p>Prednost arapskih tr\u017ei\u0161ta je sposobnost cenjkanja. To je od vitalnog zna\u010daja jer ve\u0107ina dilera postavlja svoje cene imaju\u0107i u vidu mogu\u0107nost pregovora. Mo\u0107i \u0107ete da kupite proizvod za duplo ili \u010dak tri puta manje od po\u010detne cene ako ustrajete. Cenkanje je pravi spektakl. Kupac odlazi i vra\u0107a se tokom transakcije. Prodavac sti\u0161\u0107e pesnice i prilago\u0111ava cenu. Pored toga, mo\u017eete se cjenkati u malim privatnim radnjama. Me\u0111utim, rad u velikom maloprodajnom centru ili centru mo\u017ee se smatrati neprijatnim i bezobzirnim.<\/p>\n\n\n\n<p>Bab Al Bahrein je najpoznatije tr\u017ei\u0161te Bahreina. Lokacija je u Manami. Ovo su krivudave, sku\u010dene ulice. \u0160etnja kroz njih je kao ulazak u autenti\u010dnu arapsku bajku. Ovde mo\u017eete kupiti najunikatnije suvenire, sve\u017ee proizvode, tradicionalnu robu i za\u010dine. Morate imati na umu da se odre\u0111eni proizvodi uvoze iz Kine. Oni su daleko jeftiniji od drugih. Stoga, ako \u017eelite da ponesete ne\u0161to izvorno arapsko za uspomenu, najbolje je da pa\u017eljivo odaberete predmet i potro\u0161ite malo vi\u0161e na vredan suvenir.<\/p>\n\n\n\n<p>Gold Souk (Zlatna pijaca) se nalazi u centru \u017eivopisnog gradskog pejza\u017ea Manama. Ovde je naj\u0161iri izbor zlatnog nakita, kao i drugih plemenitih metala i bisera. Mo\u017eete kupiti prstenje, narukvice i druge predmete. Pored toga, na tr\u017ei\u0161tu postoje jedinstveni i posebni proizvodi. \u010cak i ako imate ograni\u010den bud\u017eet, mo\u017eda \u0107ete otkriti odgovaraju\u0107u verziju pozla\u0107enog nakita po pristupa\u010dnoj ceni na tr\u017ei\u0161tu. Gold Souk je lokacija na kojoj se mogu dobiti nezaboravne senzacije i divna ose\u0107anja. Mo\u017eete isprobati bilo koji komad nakita, \u010dak i ako odlu\u010dite da ga ne kupite.<\/p>\n\n\n\n<p>Citi Center Mall je popularna destinacija i za lokalno stanovni\u0161tvo i za turiste. Pored pregledavanja modernih prodavnica i kupovine, mo\u017eete u\u017eivati i u u\u017eini u fantasti\u010dnom restoranu i zabaviti se u vodenom parku. Tr\u017eni centar Capital Mall \u0107e vas odu\u0161eviti ne samo svojim jedinstvenim proizvodima, ve\u0107 i mogu\u0107no\u0161\u0107u da pogledate rad bahreinskih zanatlija i zanatlija.<\/p>\n\n\n\n<p>Ako putujete u Bahrein zbog kupovine, tako\u0111e morate biti svesni radnog vremena prodavnice i tro\u010dasovnih pauza. Prodavci po\u010dinju sa radom u 9 sati. Prodavnice se zatvaraju oko 21 sat. Poslovna nedelja traje od subote do \u010detvrtka. Petak je obi\u010dno spor dan za trgovce na malo. Prodavnice se zatvaraju danas u 16 \u200b\u200b\u010dasova<\/p>\n\n\n\n<p>Al Muharak je poznato mesto za kupovinu za putnike koji vole da kupuju niz suvenira. Ovde \u0107ete prona\u0107i \u0161irok asortiman za\u010dina, halve, kafe, bombona i drugih ukusnih arapskih poslastica po najpristupa\u010dnijim cenama. Me\u0111utim, preporu\u010duje se da ovu lokaciju posetite sa lokalnim vodi\u010dem. U suprotnom, postoji mogu\u0107nost da se izgubite. Asia Carpet &amp; Antikues je intrigantna prodavnica. Na raspolaganju su razni \u0107ilimi i neobi\u010dni antikviteti.<\/p>\n\n\n\n<p>Nakon \u0161to odlu\u010dite gde da kupujete, trebalo bi da razmislite \u0161ta biste \u017eeleli da ponesete kao uspomenu sa svog putovanja. Najpopularnije stvari su visokokvalitetni predmeti u arapskom stilu. Ovo mo\u017ee biti kostim za orijentalni ples, par cipela sa savijenim prstima ili druga ode\u0107a jarkih boja. Na istoku, tkanina se daje u \u0161irokom spektru. Ovo vam omogu\u0107ava da izaberete optimalnu alternativu za svaku vrstu rukotvorina. Biseri su tako\u0111e prili\u010dno popularni zbog \u010dinjenice da se stvaraju u Bahreinu, za razliku od mnogih drugih stvari koje se \u010desto uvoze. Popularni suveniri koji izra\u017eavaju kulturu i ambijent zemlje poput Bahreina uklju\u010duju slike, lampe, nargile i keramiku.<\/p>\n\n\n\n<h3 class=\"wp-block-heading\">Al Aali Shopping Complek<\/h3>\n\n\n\n<p><em>Rd br. 2819, Seef, Bahrein<\/em><\/p>\n\n\n\n<p>Al Aali Shopping Complek, koji se nalazi u Seef-ovom poslovnom sektoru, nudi prepoznatljivo i sofisticirano iskustvo kupovine. Ovo izvanredno okru\u017eenje ispunjava svoje obe\u0107anje o glamuru, modi i bezvremenskom luksuzu sa svojim pli\u0161anim okru\u017eenjem, sofisticiranim ambijentom i mno\u0161tvom luksuznih imena.<\/p>\n\n\n\n<p>Kompleks od 52.000 kvadratnih metara otvoren je 1996. godine kao vrhunska \u0161oping destinacija sa prepoznatljivim arhitektonskim dizajnom koji elegantno integri\u0161e savremenu arhitekturu sa tradicionalnim arapskim stilom. Novo pro\u0161irenje nagla\u0161ava moderniju komponentu kompleksa, spajaju\u0107i savremeno sa istorijskim.<\/p>\n\n\n\n<p>Centralni atrijum ima spektakularnu staklenu nadstre\u0161nicu koja filtrira svetlost u maloprodajni prostor i stvara atmosferu na otvorenom koja se prote\u017ee u moderno krilo Saraia. Tr\u017eni kompleks Al A&#039;ali sadr\u017ei preduze\u0107a sa ku\u0107nim name\u0161tajem, luksuzne prodavnice poklona, prodavce bisera i spa centar.<\/p>\n\n\n\n<h3 class=\"wp-block-heading\">Bab Al Bahrein<\/h3>\n\n\n\n<p><em>Adresa: 304 Bab Al Bahrain Ave<\/em><\/p>\n\n\n\n<p>Bab Al Bahrain se nalazi na ulazu u Manama Souk u glavnom gradu Bahreina, Manami. Izgra\u0111ena je 1949. godine i u njoj su se ranije nalazile vladine administrativne kancelarije. Istorijski Manama Souk nalazi se iza Bab Al Bahreina.<\/p>\n\n\n\n<p>Ovo je \u017eivahna kolekcija prodavnica koje prodaju raznovrsnu robu iz celog sveta, uklju\u010duju\u0107i tkanine, za\u010dine, tamjan, mirise, rukotvorine i suvenire, kao i savremenije predmete. Manama Souk tako\u0111e sadr\u017ei razne klasi\u010dne kafe kafi\u0107e. Souk je simbol Bahreina; posetioci \u0107e sigurno u\u017eivati tamo.<\/p>\n\n\n\n<h3 class=\"wp-block-heading\">Bahrein Dragon Citi Mall<\/h3>\n\n\n\n<p><em>Adresa: Diiar Al-Muharrak<\/em><\/p>\n\n\n\n<p>Dragon Citi je najve\u0107i veleprodajni i maloprodajni komercijalni centar u Kraljevini Bahrein, sa vi\u0161e od 787 komercijalnih jedinica.<\/p>\n\n\n\n<p>Dragon Citi se nalazi jugozapadno od Dijar Al Muharaka, u neposrednoj blizini me\u0111unarodnog aerodroma u Bahreinu, najsavremenije luke Khalifa Bin Salman i Maname, glavnog grada Kraljevine Bahrein. Dragon Citi je ispunjen kineskim arhitektonskim i kulturnim elementima i nudi kinesku robu najve\u0107eg kvaliteta lokalnom stanovni\u0161tvu, trgova\u010dkim klijentima i turistima.<\/p>\n\n\n\n<h3 class=\"wp-block-heading\">Bahrein Mall<\/h3>\n\n\n\n<p><em>Avenue 28, Sanabis, Bahrein<\/em><\/p>\n\n\n\n<p>Tr\u017eni centar Bahrein je glavna \u0161oping destinacija za porodice u srcu maloprodajne zone Bahreina. Bahrein Mall je glavna \u0161oping destinacija za porodice i turiste iz Bahreina, Saudijske Arabije, Kuvajta i Katara, jer sadr\u017ei vi\u0161e od 120 me\u0111unarodnih brendova i prvi hipermarket u zemlji.<\/p>\n\n\n\n<p>Fasada od crvene cigle koja podse\u0107a na etni\u010dko upori\u0161te predstavlja oli\u010denje poznate kulture Bahreina. Do\u017eivite uzbu\u0111enje kupovine svetske klase u tradicionalnom okru\u017eenju. Pustinjske palme, vodeni elementi, sve\u0107e i konstrukcije \u0161atora u Centralnom sudu predstavljaju arapsku istoriju.<\/p>\n\n\n\n<h3 class=\"wp-block-heading\">Blok 338<\/h3>\n\n\n\n<p><em>Rd br. 3831, Manama<\/em><\/p>\n\n\n\n<p>Blok 338 je lepa pe\u0161a\u010dka \u010detvrt puna internacionalnih restorana, umetni\u010dkih galerija i butika, sme\u0161tena u srcu Manama.<\/p>\n\n\n\n<p>Blok 338, poznat kao kvart sa najtoplijim restoranima u Bahreinu, sadr\u017ei razne restorane koji slu\u017ee gostima svih uzrasta i preferencija, sa izborom u rasponu od finih jela do tradicionalne bahreinske kuhinje do opu\u0161taju\u0107eg pi\u0107a. Pored ovog izuzetnog iskustva u restoranima, Blok 338 ima mnogo odli\u010dnih maloprodajnih ponuda sme\u0161tenih u njegovim sporednim ulicama i tokom godina je evoluirao u napredno podru\u010dje za entuzijaste umetnosti.<\/p>\n\n\n\n<p>Blok 338 je poznat kao najtoplije restoransko naselje u Bahreinu, sa raznim restoranima koji su privla\u010dni gostima svih uzrasta i preferencija.<\/p>\n\n\n\n<h3 class=\"wp-block-heading\">Centar grada Bahreina<\/h3>\n\n\n\n<p><em>AlSeef<\/em><\/p>\n\n\n\n<p>Citi Center Bahrein je najpopularnija destinacija za maloprodaju, razonodu i zabavu u Bahreinu, sa preko 13,5 miliona poseta godi\u0161nje.<\/p>\n\n\n\n<p>Citi Center Bahrein obuhvata vi\u0161e od 158.000 kvadratnih metara maloprodajnog prostora i sadr\u017ei vi\u0161e od 340 ekskluzivnih brendova i 60 restorana, kao i zna\u010dajna preduze\u0107a kao \u0161to su najve\u0107i hipermarket Carrefour u kraljevstvu, Saks Fifth Avenue, Debenhams, Centrepoint, Potteri Barn i Home Centre.<\/p>\n\n\n\n<p>Integrisane opcije za porodi\u010dnu zabavu u tr\u017enom centru uklju\u010duju Cineco Cinema sa 20 ekrana i Magic Planet. Pored toga, tr\u017eni centar se nalazi u blizini dva hotela sa pet zvezdica, Vestin Hotel Citi Center Bahrain i Le Meridien Hotel Citi Center Bahrein.<\/p>\n\n\n\n<h3 class=\"wp-block-heading\">Gold Citi<\/h3>\n\n\n\n<p><em>Government Ave, Manama<\/em><\/p>\n\n\n\n<p>Gold Citi, sjajan primer specijalizovane maloprodaje, prenosi svakog posetioca do savremene pijace zlata. Ekskluzivne galerije posve\u0107ene plemenitim metalima i raznovrsnom kamenju dostupne su diskriminiraju\u0107im klijentima. Moderan name\u0161taj, ljubazno osoblje i besplatne usluge sobara stavljaju Gold Citi u zasebnu ligu. Ovde kupci mogu sa sigurno\u0161\u0107u da u\u0111u i kupuju.<\/p>\n\n\n\n<p>Kao zemlja sa dugom istorijom trgovine, Kraljevina Bahrein nastavlja da neguje sektor zlata. Politika Gold Citi-a pogodna za poslovanje i lak pristup Kraljevini Saudijskoj Arabiji i drugim zemljama GCC-a \u010dine ga najboljom lokacijom za brendirane kompanije nakita koje \u017eele da uspostave prisustvo u ovoj oblasti.<\/p>\n\n\n\n<h3 class=\"wp-block-heading\">Mall of Dilmunia<\/h3>\n\n\n\n<p><em>Ostrvo Dilmunija<\/em><\/p>\n\n\n\n<p>Mall of Dilmunia, centar maloprodaje, modernih restorana, energi\u010dne zabave i avanturisti\u010dke igre sa posebnim identitetom.<\/p>\n\n\n\n<p>Uklju\u010duju\u0107i i formu i funkciju, Mall of Dilmunia je namenjen da pobolj\u0161a va\u0161e tipi\u010dno iskustvo kupovine! Od elegantnog i sofisticiranog dizajna, bujnog pejza\u017ea, ogromnog kanala i plesnih fontana do prvog kredibilnog akvarijuma u \u200b\u200bKraljevstvu.<\/p>\n\n\n\n<p>Kolosalni rezervoar sa cilindrom visine preko sedamnaest metara u kome \u0107e se na\u0107i preko dve hiljade i petsto vrsta morskih riba i korala, divan vizuelni poklon i fantasti\u010dna obrazovna prilika.<\/p>\n\n\n\n<h3 class=\"wp-block-heading\">MODA Mall<\/h3>\n\n\n\n<p><em>Svetski trgovinski centar Bahreina, Zapadni toranj, 2. sprat, Manama, Bahrein<\/em><\/p>\n\n\n\n<p>MODA Mall je prodajna i restoranska destinacija za sve prilike. Sa najve\u0107om kolekcijom me\u0111unarodnih luksuznih brendova.<\/p>\n\n\n\n<p>MODA Mall je maloprodajna i restoranska destinacija za svaku priliku, sme\u0161tena u istorijskom Svetskom trgovinskom centru Bahreina. MODA Mall nudi najve\u0107i portfolio vrhunskih brendova svetskih dizajnera, sa preko 80 modnih brendova, pod jednim krovom u Kraljevini Bahrein, omogu\u0107avaju\u0107i svima da se ose\u0107aju posebno. MODA Mall svoje po\u010detke duguje prethodnom kompleksu Sheraton, koji ima tridesetogodi\u0161nje nasle\u0111e luksuza.<\/p>\n\n\n\n<h3 class=\"wp-block-heading\">Muharrak Souk<\/h3>\n\n\n\n<p><em>Muharak<\/em><\/p>\n\n\n\n<p>Muharrak Souk, koji je manji od Manama Souk, ima veliki izbor artikala i renomiranih prodavnica slatki\u0161a. Al Kaisarija, najstarija oblast pijace, nudi divno iskustvo kupovine. Souk al Kaisaria je klju\u010dni deo \u201eBiser, dokaz ostrvske ekonomije\u201c (UNESCO Svetska ba\u0161tina).<\/p>\n\n\n\n<h3 class=\"wp-block-heading\">Svord Mall<\/h3>\n\n\n\n<p><em>Seef okrug, Manama<\/em><\/p>\n\n\n\n<p>Seef Mall, prvi autenti\u010dni tr\u017eni centar u Bahreinu, sada je jedna od najprikladnijih destinacija za kupovinu i zabavu u kraljevstvu. NJegova prepoznatljiva arhitektura i svetli, otvoreni prostori pozivaju kupce da istra\u017euju i opuste se dok istra\u017euju.<\/p>\n\n\n\n<p>Tr\u017eni centar je idealno lociran u okrugu Seef i svake nedelje privla\u010di veliki broj posetilaca koji su privu\u010deni raznoliko\u0161\u0107u svetskih brendova stila \u017eivota, maloprodaje, mode i nakita, kao i dostupnim porodi\u010dnim opcijama za zabavu. Seef Mall sadr\u017ei 370 prodavnica na ukupnoj povr\u0161ini od 135.000 kvadratnih stopa. M. Sa skoro 72.000 kv. Ft. Bruto povr\u0161ine za zakup M., uklju\u010duju\u0107i, da navedemo nekoliko, M&amp;S, BHS, H&amp;M, Mango, Zara i Sun &amp; Sand Sport.<\/p>\n\n\n\n<p>U dva \u0161armantna i prozra\u010dna dvori\u0161ta za hranu, 55 restorana, tezgi i kafi\u0107a nude ukusnu raznovrsnu hranu za svaki ukus. Zatvoreni tematski park Seef Mall-a, Magic Island, je glavna atrakcija za porodice i nudi uzbudljivo iskustvo za mlade i starije. Zabavlja decu satima dok njihovi roditelji kupuju, \u0161to ga \u010dini savr\u0161enim mestom za porodi\u010dni izlet. Pored toga, Seef Mall je dom jednog od najve\u0107ih bioskopskih multipleksa na Bliskom istoku, sa bioskopom sa \u0161est i megapleksom sa deset ekrana; zgodno sme\u0161teni pored terena za hranu, oni su bioskopski san. goer&#039;s<\/p>\n\n\n\n<h3 class=\"wp-block-heading\">Seef Mall Muharrak<\/h3>\n\n\n\n<p><em>Avenija 29, Arad<\/em><\/p>\n\n\n\n<p>Seef Mall je poznat po uslugama zabave koje pru\u017ea, posebno za decu, koja su produktivno anga\u017eovana dok njihovi roditelji kupuju, \u0161to ga \u010dini idealnom destinacijom za porodi\u010dni izlet. Poseduje dobro opremljen prostor za de\u010diju igru, sobe za negu beba i zatvoreni tematski park Magic Island.<\/p>\n\n\n\n<p>Tako\u0111e poseduje Sief sinepleks sa \u0161est ekrana i megapleks Seef sa deset ekrana, \u0161to ga \u010dini jednim od najve\u0107ih bioskopskih multipleksa na Bliskom istoku.<\/p>\n\n\n\n<h3 class=\"wp-block-heading\">Souk Al Caesarea<\/h3>\n\n\n\n<p>Souk Al Kaisaria je najstariji deo istorijski zna\u010dajnog tr\u017ei\u0161ta Muharrak Souk. Ovaj Souk i njegova okolina su drugi lokalitet kulturne ba\u0161tine na listi UNESCO-a u Bahreinu. Souk Al Kaisaria nudi iskustvo kupovine koje je \u0161armantno \u010dudno. Ovde mo\u017eete kupiti niz autohtonih proizvoda, uklju\u010duju\u0107i prirodne bisere i za\u010dine. Souk Al Kaisariia, komponenta projekta \u201ePearling, Testiment of an Island Economi\u201d, slu\u017ei kao vremenska kapsula, pru\u017eaju\u0107i uvid u pro\u0161lost Bahreina.<\/p>\n\n\n\n<p>Provedite popodne u \u0161etnji kroz Souk i niz stazu bisera dugu dve milje. Svoj obilazak Putom bisera mo\u017eete zaklju\u010diti tako \u0161to \u0107ete zalogajti u Saffron bi Jena u Souk Al Kaisariji nakon \u0161to ste \u010duli zanimljive pri\u010de i iskustva o staroj bahreinskoj industriji bisera. Na podu ovog tradicionalnog bahreinskog restorana ugra\u0111en je madbasa, instrument koji se koristi za ce\u0111enje urmi za melasu. Madbasa, koja je otkrivena kada je gradnja po\u010dela, sa\u010duvana je kao istorijski artefakt.<\/p>\n\n\n\n<h3 class=\"wp-block-heading\">Avenues Bahrein<\/h3>\n\n\n\n<p><em>Bahrein Bai, Manama<\/em><\/p>\n\n\n\n<p>Avenije \u2013 Bahrein je prva destinacija za kupovinu i razonodu te vrste u Kraljevini Bahrein, sa jedinstvenom pozicijom na obali okeana koja se prote\u017ee na 1,5 kilometara. Razvoj uvodi novi koncept u Kraljevstvo sa dizajnom inspirisanim Kuvajtskim avenijama koji gostima pru\u017ea utisak da su na otvorenom dok ostaju unutra, za\u0161ti\u0107eni od vru\u0107ine osun\u010danim plafonom.<\/p>\n\n\n\n<p>Prostor za zakup ovog projekta je oko 40.000 kvadratnih metara i sadr\u017ei 130 objekata, od kojih \u0107e 50 odsto biti restorani i kafi\u0107i sa pogledom na Bahreinski zaliv. Tako\u0111e ima veliki prostor za porodi\u010dnu zabavu sa salom za igru, 10 bioskopa, javnim parkovima, \u0161etnicama i parking prostorima.<\/p>\n\n\n\n<p>Izgradnja druge faze projekta dobila je zvani\u010dno odobrenje. Ovo \u0107e ponuditi dodatnih 30.000 kvadratnih metara prostora za iznajmljivanje, kao i nove kvartove i hotel sa 210 soba. Ovo \u0107e u\u010diniti The Avenues \u2013 Bahrein atraktivnom lokacijom za Bahreince, kao i za GCC i me\u0111unarodne turiste koji dolaze zbog kupovine, rekreacije i prijatnog boravka.<\/p>","protected":false},"excerpt":{"rendered":"<p>Bahrein je dom i modernih trgova\u010dkih kompleksa i tradicionalnih soukova, \u0161to osigurava da je ostrvo u stanju da zadovolji svaku kupovinu. U Bahreinu je kupovina mnogo vi\u0161e od hobija; to je na\u010din \u017eivota. Petkom i subotom, koji \u010dine zalivski vikend, komercijalne oblasti vrve od turista iz svih zemalja u potrazi za ponudama, restoranima i dru\u0161tvenim okupljanjima.<\/p>","protected":false},"author":1,"featured_media":35420,"parent":35335,"menu_order":0,"comment_status":"closed","ping_status":"closed","template":"elementor_theme","meta":{"_eb_attr":"","footnotes":""},"class_list":["post-35418","page","type-page","status-publish","has-post-thumbnail"],"_links":{"self":[{"href":"https:\/\/travelshelper.com\/sr\/wp-json\/wp\/v2\/pages\/35418","targetHints":{"allow":["GET"]}}],"collection":[{"href":"https:\/\/travelshelper.com\/sr\/wp-json\/wp\/v2\/pages"}],"about":[{"href":"https:\/\/travelshelper.com\/sr\/wp-json\/wp\/v2\/types\/page"}],"author":[{"embeddable":true,"href":"https:\/\/travelshelper.com\/sr\/wp-json\/wp\/v2\/users\/1"}],"replies":[{"embeddable":true,"href":"https:\/\/travelshelper.com\/sr\/wp-json\/wp\/v2\/comments?post=35418"}],"version-history":[{"count":0,"href":"https:\/\/travelshelper.com\/sr\/wp-json\/wp\/v2\/pages\/35418\/revisions"}],"up":[{"embeddable":true,"href":"https:\/\/travelshelper.com\/sr\/wp-json\/wp\/v2\/pages\/35335"}],"wp:featuredmedia":[{"embeddable":true,"href":"https:\/\/travelshelper.com\/sr\/wp-json\/wp\/v2\/media\/35420"}],"wp:attachment":[{"href":"https:\/\/travelshelper.com\/sr\/wp-json\/wp\/v2\/media?parent=35418"}],"curies":[{"name":"wp","href":"https:\/\/api.w.org\/{rel}","templated":true}]}}