{"id":35412,"date":"2024-11-30T21:37:11","date_gmt":"2024-11-30T21:37:11","guid":{"rendered":"https:\/\/travelshelper.com\/staging\/?page_id=35412"},"modified":"2026-03-11T02:09:09","modified_gmt":"2026-03-11T02:09:09","slug":"stvari-za-uraditi-u-bahreinu","status":"publish","type":"page","link":"https:\/\/travelshelper.com\/sr\/destinations\/asia\/bahrain\/things-to-do-in-bahrain\/","title":{"rendered":"Stvari za uraditi u Bahreinu"},"content":{"rendered":"<p>Trka Formule 1 za Veliku nagradu Bahreina, koja se odr\u017eava u aprilu na Me\u0111unarodnoj stazi u Bahreinu, najzna\u010dajniji je godi\u0161nji doga\u0111aj u Bahreinu. Planirajte unapred jer su karte rasprodate, a tro\u0161kovi hotela su naglo porasli. Obi\u010dno prve rezervacije ispunjavaju uslove za popuste u rasponu od 10 do 20 procenata. U zavisnosti od tribine, karte ko\u0161taju izme\u0111u 150 i 60 BD.<\/p>\n\n\n\n<p>Ronjenje postaje sve popularnije u Bahreinu. Ovde se nalaze brojni ronila\u010dki centri. Tople priobalne vode vrve od vodenog \u017eivota. Ovde ima oko 400 vrsta riba. Postoji i nekoliko stotina vrsta korala koje podr\u017eavaju morski \u017eivot. Severne vode podr\u017eavaju ve\u0107i biodiverzitet. Me\u0111utim, lamanti su prisutni u ju\u017enim Sjedinjenim Dr\u017eavama. Uobi\u010dajeno je i ronjenje, izvedeno iz fraze \u201ebrodo olupina\u201c. Na obali se nalaze brojni olupini brodova iz razli\u010ditih vremenskih perioda. Dodatno popularno na severu je ronjenje. Ovo je primer trenutnog ronjenja. Tako\u0111e preovla\u0111uje pecanje bisera i sakupljanje sun\u0111era.<\/p>\n\n\n\n<p>Biseri proizvedeni u Bahreinu su najfiniji na svetu. Verovatno\u0107a da se otkrije ostriga koja sadr\u017ei biser je veoma velika. Otprilike 1 od 100. Mo\u017eete zadr\u017eati ceo plen. \u010cak i zimi, visoka temperatura vode (20 \u00b0C) omogu\u0107ava ronjenje tokom cele godine. Me\u0111utim, od juna do septembra je optimalno vreme za ovu aktivnost. Trenutno nema zna\u010dajnijih strujanja. U Bahreinu su dostupne \u0161kole surfanja. Obala i vremenski uslovi su idealni za ovu aktivnost. Najlep\u0161e lokacije su na severu, blizu glavnog grada. Kitesurfing je jo\u0161 jedan popularan sport.<\/p>\n\n\n\n<p>Bahrein je eonima bio \u017eari\u0161te Bliskog istoka. Uzaludno je pose\u0107ivati zemlju ako nemate \u017eelju da vidite bar jedno od kulturnih bogatstava Kraljevine. \u010cudesni nacionalni muzej Bahreina je odli\u010dna polazna ta\u010dka za avanturiste. Tako\u0111e mo\u017eete posetiti Muharakovo biserno nasle\u0111e. Sadr\u017ei nekoliko biv\u0161ih kraljevskih vila i trgova\u010dkih objekata.<\/p>\n\n\n\n<p>Bahrein nudi retku priliku za jahanje rasnih arapskih konja. Ovo je jedna od najstarijih rasa konja koja se uzgaja na Arapskom poluostrvu izme\u0111u \u010detvrtog i \u0161estog veka. Imaju umerenu stopu rasta, ali su neverovatno graciozni i lepi. Du\u017e obale i u pustinji, mno\u0161tvo \u0161tala i objekata za jahanje omogu\u0107ava jahanje. Pustinju mo\u017ee da pre\u0111e d\u017eip za ljubitelje brzine. Ovo je mogu\u0107e i kao putnik i kao voza\u010d. Putovanje u bilo koju arapsku naciju je nepotpuno bez jahanja kamila. U Bahreinu je to tako\u0111e popularan oblik zabave. Na primer, mo\u017eete jahati kamilu do \u010duvenog Drveta \u017eivota.<\/p>\n\n\n\n<p>Glamping u pustinji je veoma neobi\u010dna lokalna aktivnost. Re\u010d je sastavljena od dva naizgled kontradiktorna pojma: \u201ekampovanje\u201c i \u201eglamurozno\u201c. U prelepom \u0161atoru sa Vi-Fi, pli\u0161anim name\u0161tajem i du\u0161ecima, svako se mo\u017ee ose\u0107ati kao Lorens od Arabije. Vi\u0161e preduze\u0107a nudi ove usluge u razli\u010ditim oblastima. Za turiste su na raspolaganju kupatila, igrali\u0161ta i televizor. Ova usluga je veoma omiljena. Stoga, rezervacije treba izvr\u0161iti unapred. Od novembra do marta je optimalno vreme za glamping.<\/p>\n\n\n\n<p>U Bahreinu, planinarenje i treking su neuobi\u010dajene aktivnosti. Ostrva su skoro ravna. Vrh se nalazi na samo 122 metra nadmorske visine. Me\u0111utim, du\u017eina obale je 160 kilometara. Prema tome, trekking se sastoji od \u0161etnji na obali. Pored toga, postoje rute na severu, u blizini Al Kuraiiah. Oni se razlikuju po stepenu zamr\u0161enosti. Ima vi\u0161e staza oko Madnat Ise. U Carstvu nema pravih planina i brda. Me\u0111utim, brdski biciklizam ostaje popularan. Manama je dostupna planinskim biciklom za jednodnevne izlete. Glavni grad nudi usluge iznajmljivanja opreme.<\/p>\n\n\n\n<p>Tople, plitke priobalne vode vrve ribom. Tamo ima oko 300 vrsta riba. Pecanje je popularno me\u0111u domorocima i strancima Bahreina. Ovde \u0107ete na\u0107i ribu papagaj, ribu an\u0111elu, kirnju, barakudu, ribu klovn i druga stvorenja tropskih grebena. Hoteli i turisti\u010dke kompanije planiraju ribolovne izlete. Malo je pla\u017ea na kojima se mogu baviti aktivnostima na otvorenom. Me\u0111utim, oni su odli\u010dni: \u0161iroki, prostrani, sa sitnim peskom i potrebnom infrastrukturom. Ne bi trebalo da zloupotrebljavate popustljivost lokalnog stanovni\u0161tva Bahreina prema turistima. Na javnim pla\u017eama koje nisu u vlasni\u0161tvu hotela, ne bi trebalo da nosite kupa\u0107i kostim sa preterano niskim le\u0111ima. Mu\u0161karcima se ne preporu\u010duje da nose kratke kupa\u0107e ga\u0107e. Kupa\u0107e ga\u0107e treba nositi sa \u0161ortsom.<\/p>\n\n\n\n<p>Pla\u017ea Bahrein Al je popularan porodi\u010dni odmor, posebno za malu decu. Pla\u017ea Amvaj u Bahreinu je lepo mesto za kitesurfing. Tako\u0111e ga vole d\u017eet skija\u0161i. Drugi putnici \u0107e mo\u017eda smatrati da je ovo podru\u010dje pomalo burno. Bahrein Arad Fort je mala pla\u017ea koja se nalazi u blizini drevne tvr\u0111ave. Popularne aktivnosti uklju\u010duju izlete, planinarenje i igre na pla\u017ei. Na zalasku sunca, pla\u017ea Bahrein Hidd pru\u017ea spektakularnu perspektivu Maname. Pored toga, piknici na pla\u017ei su \u010de\u0161\u0107i od plivanja. Bahrein Jazair je poznata pla\u017ea duga jedan kilometar me\u0111u lokalnim stanovni\u0161tvom. Ovde je velika zabava za decu. Na pla\u017ei je mogu\u0107e iznajmiti nekoliko opreme. Bahrein Karbabad je prelepa lokacija u blizini tvr\u0111ave Bahrein.<\/p>\n\n\n\n<p>Odgovor Kraljevine Bahreina na o\u010duvanje divljih \u017eivotinja na Bliskom istoku bilo je osnivanje parka divljih \u017eivotinja Al Areen. Nadalo se da \u0107e osnivanje takve rezerve pomo\u0107i u sprovo\u0111enju sli\u010dnih inicijativa u drugim zemljama regiona. Uto\u010di\u0161te za divlje \u017eivotinje je izgra\u0111eno da za\u0161titi retke arapske \u017eivotinje, kao \u0161to su Oriks, Adaks i Reem gazela. Odli\u010dan je za ljubitelje \u017eivotinja i porodice. Mo\u017eete ga istra\u017eiti i posmatrati stvorenja u njihovom prirodnom stani\u0161tu. Ovde \u0107e turisti mo\u0107i da u\u017eivaju u pou\u010dnom slobodnom vremenu i da ja\u0161u odli\u010dne konje.<\/p>\n\n\n\n<p>U hotelu Ramee Rose nalazi se jedan od najboljih no\u0107nih klubova u Bahreinu. Plesni podijum je obi\u010dno prepun vikendom. Javnost privla\u010de besplatna pi\u0107a za \u017eene i produ\u017eeni \u201esre\u0107ni sati\u201c za goste. Turisti mogu u\u017eivati u diskotekama sa svetlim neonskim natpisima. Klub Ramee Grand je epicentar no\u0107nog \u017eivota u Bahreinu. Postaje sve popularnija destinacija za iseljenike za opu\u0161tanje no\u0107u.<\/p>\n\n\n\n<p>No\u0107ni \u017eivot u zemlji nudi pone\u0161to za svakoga. Ostrvo se nalazi pored isto\u010dne obale Saudijske Arabije. To ga \u010dini vru\u0107om ta\u010dkom za putnike iz Sjedinjenih Dr\u017eava, Evrope i Bliskog istoka. Saudijski gradovi, uklju\u010duju\u0107i Dhahran i Al-Khobar, nalaze se u blizini komandne kancelarije kralja Fahda, koja povezuje Saudijsku Arabiju sa Bahreinom. Ovo olak\u0161ava pristup ostrvu. Dr\u017eava kombinuje klubove i pabove koji odra\u017eavaju razli\u010dite nacionalnosti u regionu. Pored toga, ostrvo je popularno me\u0111u turistima jer je alkohol ovde dozvoljen.<\/p>\n\n\n\n<p>Prole\u0107e kulture je veoma pose\u0107ena manifestacija. Gostima iz inostranstva bi\u0107e omogu\u0107eno u\u010de\u0161\u0107e u nacionalnoj muzici. Ostrvo ima plesne festivale tokom ovog vremena. Uve\u010de gosti mogu da se takmi\u010de ko \u0107e biti najbolji peva\u010d ili izvo\u0111a\u010d latinoameri\u010dkih igara. Ovo je naj\u017eivlja kulturna proslava u oblasti Persijskog zaliva. Tokom meseca, izvo\u0111a\u010di, umetnici i autori iz celog sveta zajedno obele\u017eavaju sve kulturne praznike. Tradicionalno, raspored je toliko prepun da u\u010desnici moraju da rezervi\u0161u mesta mesecima unapred.<\/p>\n\n\n\n<h2 class=\"wp-block-heading\">Adhari Park<\/h2>\n\n\n\n<p><em>Ain Adhari Road Block 388 Building 111 Kraljevina Bahrein<\/em><\/p>\n\n\n\n<p>Adhari Park je zabavni park u Kraljevini Bahrein sa sredi\u0161tem na drevnom izvoru slatke vode Ain Adari.<\/p>\n\n\n\n<p>Adhari Park je potpuno nova turisti\u010dka destinacija u Bahreinu koja se nalazi u blizini Nacionalnog parka Adhari. Cilj je da bude porodi\u010dna atrakcija broj jedan u GCC-u, sa 38 uzbudljivih vo\u017enji na otvorenom i u zatvorenom za ljude svih uzrasta, centrom za porodi\u010dnu zabavu, 10 prodavnica hrane u Food Courtu, ve\u010derajte u restoranu, kafi\u0107ima i jo\u0161 mnogo toga.<\/p>\n\n\n\n<h2 class=\"wp-block-heading\">Al Areen Vildlife Park &amp; Reserve<\/h2>\n\n\n\n<p><em>PO Bok 28690, Kraljevina Bahrein<\/em><\/p>\n\n\n\n<p>U rezervatu divljih \u017eivotinja Al Areen u Bahreinu, biljne i \u017eivotinjske vrste se \u010duvaju i kultivi\u0161u vi\u0161e od tri decenije. Posmatrajte razne \u017eivotinje, ptice i pustinjske biljke u njihovom prirodnom okru\u017eenju. Pro\u0161etajte parkom i pribli\u017eite se doma\u0107im pticama koje slobodno lutaju. Ili idite na putovanje autobusom da biste saznali vi\u0161e o svim prikazanim vrstama, uklju\u010duju\u0107i arapskog leoparda, noja, arapsku gazelu, oriksa i mnoge druge!<\/p>\n\n\n\n<h2 class=\"wp-block-heading\">Me\u0111unarodno kolo u Bahreinu<\/h2>\n\n\n\n<p><em>Kapija 255, Avenija Bahreinskog zaliva, Umm Jidar 1062, Sakhir, Bahrein<\/em><\/p>\n\n\n\n<p>Me\u0111unarodna staza u Bahreinu (BIC) je najsavremenije mesto za moto sportove koje se nalazi u srcu pustinje Sakhir. Kurs je osmislio poznati nema\u010dki in\u017eenjer Herman Tilke i uklju\u010duje mnoge lokalne kulturne elemente.<\/p>\n\n\n\n<p>Bilo je potrebno manje od 18 meseci da se izgradi kompletan objekat, koji je ko\u0161tao oko 150 miliona dolara i zahtevao je zna\u010dajnu inicijativu za razvoj ovog podru\u010dja.<\/p>\n\n\n\n<p>BIC ima vi\u0161e FIA sertifikovanih rasporeda staza od bilo kog drugog objekta na svetu. Ovo omogu\u0107ava stazi da se prilagodi raznim doga\u0111ajima automobilskih trka. Na stazi za Veliku nagradu od 5.412 metara \u010desto se odr\u017eavaju me\u0111unarodna takmi\u010denja, kao \u0161to su Formula 1 Gulf Air Bahrein Grand Prik, FIA Svetsko prvenstvo u izdr\u017eljivosti Sik Hours of Bahrein, trke serije GP2 i Porsche Mobil 1 Superkup.<\/p>\n\n\n\n<h2 class=\"wp-block-heading\">Gravitacija<\/h2>\n\n\n\n<p><em>Zgrada 234, Avenue 62, Zallak 1058 Bahrein<\/em><\/p>\n\n\n\n<p>Prvo padobranstvo u zatvorenom prostoru u Bahreinu.<\/p>\n\n\n\n<p>Nemogu\u0107e je odoleti ose\u0107aju slobodnog pada u jednom od najvi\u0161ih aerotunela, kreiranom kaljenim staklom i visine 12 metara.<\/p>\n\n\n\n<p>Usko\u010di kao da ska\u010de\u0161 iz aviona, ali bez padobrana i bez ukrcavanja u avion! Svako mo\u017ee da u\u017eiva u ovom iskustvu leta, osim onih koji nisu voljni da krenu na putovanje koje menja \u017eivot.<\/p>\n\n\n\n<p>Mo\u017eemo vam osigurati da \u0107ete imati neverovatno i izvanredno iskustvo.<\/p>\n\n\n\n<h2 class=\"wp-block-heading\">Dar Islands<\/h2>\n\n\n\n<p><em>1005 ribarska luka Sitra, Sitra, Kraljevina Bahrein<\/em><\/p>\n\n\n\n<p>Odmarali\u0161te na pla\u017ei na ostrvu Al Dar nudi redovne izlete za ronjenje bisera i krstarenja do ostrva Jarada, gde \u0107ete se mo\u017eda na\u0107i kako se sami sun\u010date na belom pesku i skakutate u njegovim netaknutim vodama. Pored bisera, mogu\u0107e je posmatrati i do 30 vrsta korala i preko 200 vrsta riba. Posmatranje delfina me\u0111u razli\u010ditim obli\u017enjim koralnim grebenima je jo\u0161 jedna omiljena aktivnost, a najbolje vreme da ih uo\u010dite je izlazak ili zalazak sunca.<\/p>\n\n\n\n<p>Jednodnevni izlet do bisernih grebena je prili\u010dno prijatan. Idite na putovanje dauom za autenti\u010dnije iskustvo. Mo\u017eete naru\u010diti arapsku kuhinju, a ronioci bisera \u0107e vas obradovati pomorskim pri\u010dama.<\/p>\n\n\n\n<p>LJubitelji divljih \u017eivotinja moraju krenuti na 45-minutno putovanje trajektom od Al Dur Jettija do ostrva Havar. Ostrva Havar se smatraju rezervatom prirode od me\u0111unarodnog zna\u010daja i nude \u010distu pla\u017eu i mogu\u0107nost posmatranja delfina i neobi\u010dnih ptica zbog njihove lokacije u centru njihove migracione rute.<\/p>\n\n\n\n<h2 class=\"wp-block-heading\">Havarska ostrva<\/h2>\n\n\n\n<p><em>Havarska ostrva<\/em><\/p>\n\n\n\n<p>Bahrein kontroli\u0161e ostrva Havar, arhipelag pustinjskih ostrva u Bahreinskom zalivu Arapskog zaliva. LJubitelji divljih \u017eivotinja moraju krenuti na 45-minutno putovanje trajektom od pristani\u0161ta Al Dar do ostrva Havar.<\/p>\n\n\n\n<p>Ostrva Havar se smatraju me\u0111unarodno zna\u010dajnim prirodnim uto\u010di\u0161tem, koje pru\u017eaju netaknute pla\u017ee i priliku da se posmatraju delfini i neobi\u010dne vrste usred njihove migracione rute.<\/p>\n\n\n\n<h2 class=\"wp-block-heading\">karting (BIKC)<\/h2>\n\n\n\n<p><em>Kapija 255, Avenija Bahreinskog zaliva, Umm Jidar 1062<\/em><\/p>\n\n\n\n<p>Me\u0111unarodna karting staza u Bahreinu (BIKC) je najsavremeniji objekat svetske klase koji opslu\u017euje najni\u017ee nivoe motosporta. U BIKC-u, trka\u010di sutra\u0161njice dobijaju prvi ukus prave trka\u010dke ekstaze. BIKC je u skladu sa najvi\u0161im me\u0111unarodnim specifikacijama. Mo\u017ee da bude doma\u0107in svetskih prvenstava Komisije za karting-Me\u0111unarodnu federaciju automobila (CIK-FIA). Godine 2012. BIKC je postao prva karting staza na svetu koja je bila doma\u0107in doga\u0111aja na nivou svetskog \u0161ampionata.<\/p>\n\n\n\n<p>CIK staza je duga\u010dka 1.414 kilometara i ima 14 krivina. CIK-FIA Svetsko prvenstvo do 18 godina i trofej Akademije, koji je prvi put odr\u017ean u Bahreinu 2012. godine, i poslednje CIK-FIA Svetsko prvenstvo trebalo je da se tamo odr\u017ee. BIKC nudi niz aktivnosti za \u0161etnju i korporativne team building aktivnosti za ljubitelje kartinga i korporacija, uklju\u010duju\u0107i Grand Prik i Endurance iskustva inspirisana Formulom 1. Staza je opremljena reflektorima od 200 luksa, \u0161to joj omogu\u0107ava da organizuje i no\u0107ne trke.<\/p>\n\n\n\n<h2 class=\"wp-block-heading\">Izgubljeni raj Dilmuna<\/h2>\n\n\n\n<p><em>Kapija 255, Avenija Bahreinskog zaliva, Umm Jidar 1062<\/em><\/p>\n\n\n\n<p>Izgubljeni raj Dilmun je trenutno najve\u0107i vodeni park u Bahreinu, sa ukupnom povr\u0161inom od oko 77.000 kvadratnih metara, izgra\u0111enom povr\u0161inom od pribli\u017eno 45.000 kvadratnih metara i pribli\u017eno 20.000 kvadratnih metara. Svaka komponenta parka je usredsre\u0111ena na istoriju perioda Dilmuna, \u0161to pokazuju karakteristi\u010dne kamene skulpture i arhitektura parka. Preko 18 tobogana i atrakcija su besprekorno integrisani da bi stvorili pustinjsku oazu i ba\u0161tu iz snova u kojoj gosti mogu da u\u017eivaju.<\/p>\n\n\n\n<h2 class=\"wp-block-heading\">Pla\u017ea Marassi<\/h2>\n\n\n\n<p><em>Al Muharrak Citi<\/em><\/p>\n\n\n\n<p>Dva kilometra pla\u017ea sa belim peskom \u010dine pla\u017eu Marassi, atrakciju na otvorenom. To je prvi teren za prevoz hrane u Bahreinu, koji slu\u017ei me\u0111unarodne i lokalne ukuse nezavisnih preduzetnika. Pored igrali\u0161ta za decu i staze za tr\u010danje pored vode, pla\u017ea Marassi ima i de\u010dje igrali\u0161te.<\/p>\n\n\n\n<p>\u010cesto se najavljuju brojni vikend doga\u0111aji, kao \u0161to su pop-up marketi, filmovi na otvorenom i de\u010dije igre. Sve usluge i sadr\u017eaji na pla\u017ei Marassi su vrhunskog kvaliteta i \u010disto\u0107e, a dnevni ulaz za odrasle iznosi BD2. Ovo pla\u0107anje se delimi\u010dno mo\u017ee iskoristiti za le\u017ealjke, suncobrane i pe\u0161kire.<\/p>\n\n\n\n<h2 class=\"wp-block-heading\">Kraljevski golf klub<\/h2>\n\n\n\n<p><em>Al Muaskar autoput Riffa, Bahrein<\/em><\/p>\n\n\n\n<p>Dva kilometra pla\u017ea sa belim peskom \u010dine pla\u017eu Marassi, atrakciju na otvorenom. To je prvi teren za prevoz hrane u Bahreinu, koji slu\u017ei me\u0111unarodne i lokalne ukuse nezavisnih preduzetnika. Pored igrali\u0161ta za decu i staze za tr\u010danje pored vode, pla\u017ea Marassi ima i de\u010dje igrali\u0161te.<\/p>\n\n\n\n<p>\u010cesto se najavljuju brojni vikend doga\u0111aji, kao \u0161to su pop-up marketi, filmovi na otvorenom i de\u010dije igre. Sve usluge i sadr\u017eaji na pla\u017ei Marassi su vrhunskog kvaliteta i \u010disto\u0107e, a dnevni ulaz za odrasle iznosi BD2. Ovo pla\u0107anje se delimi\u010dno mo\u017ee iskoristiti za le\u017ealjke, suncobrane i pe\u0161kire.<\/p>","protected":false},"excerpt":{"rendered":"<p>Trka Formule 1 za Veliku nagradu Bahreina, koja se odr\u017eava u aprilu na Me\u0111unarodnoj stazi u Bahreinu, najzna\u010dajniji je godi\u0161nji doga\u0111aj u Bahreinu. Planirajte unapred jer su karte rasprodate, a tro\u0161kovi hotela su naglo porasli. Obi\u010dno prve rezervacije ispunjavaju uslove za popuste u rasponu od 10 do 20 procenata. U zavisnosti od tribine, karte ko\u0161taju izme\u0111u 150 i 60 BD.<\/p>","protected":false},"author":1,"featured_media":35414,"parent":35335,"menu_order":0,"comment_status":"closed","ping_status":"closed","template":"elementor_theme","meta":{"_eb_attr":"","footnotes":""},"class_list":["post-35412","page","type-page","status-publish","has-post-thumbnail"],"_links":{"self":[{"href":"https:\/\/travelshelper.com\/sr\/wp-json\/wp\/v2\/pages\/35412","targetHints":{"allow":["GET"]}}],"collection":[{"href":"https:\/\/travelshelper.com\/sr\/wp-json\/wp\/v2\/pages"}],"about":[{"href":"https:\/\/travelshelper.com\/sr\/wp-json\/wp\/v2\/types\/page"}],"author":[{"embeddable":true,"href":"https:\/\/travelshelper.com\/sr\/wp-json\/wp\/v2\/users\/1"}],"replies":[{"embeddable":true,"href":"https:\/\/travelshelper.com\/sr\/wp-json\/wp\/v2\/comments?post=35412"}],"version-history":[{"count":0,"href":"https:\/\/travelshelper.com\/sr\/wp-json\/wp\/v2\/pages\/35412\/revisions"}],"up":[{"embeddable":true,"href":"https:\/\/travelshelper.com\/sr\/wp-json\/wp\/v2\/pages\/35335"}],"wp:featuredmedia":[{"embeddable":true,"href":"https:\/\/travelshelper.com\/sr\/wp-json\/wp\/v2\/media\/35414"}],"wp:attachment":[{"href":"https:\/\/travelshelper.com\/sr\/wp-json\/wp\/v2\/media?parent=35412"}],"curies":[{"name":"wp","href":"https:\/\/api.w.org\/{rel}","templated":true}]}}