{"id":35405,"date":"2024-11-30T21:18:48","date_gmt":"2024-11-30T21:18:48","guid":{"rendered":"https:\/\/travelshelper.com\/staging\/?page_id=35405"},"modified":"2026-03-11T02:08:23","modified_gmt":"2026-03-11T02:08:23","slug":"stvari-za-videti-u-bahreinu","status":"publish","type":"page","link":"https:\/\/travelshelper.com\/sr\/destinations\/asia\/bahrain\/things-to-see-in-bahrain\/","title":{"rendered":"Stvari za videti u Bahreinu"},"content":{"rendered":"<p>Bahrein je ostrvska dr\u017eava sa bogatom istorijom koja se prote\u017ee hiljadama godina i nudi jedinstven spoj kulturnih izleta, zabave i rekreacije. U regionu je prva dr\u017eava postojala ve\u0107 u tre\u0107em milenijumu pre nove ere. U razli\u010ditim periodima istorije, zemlja je pripadala Sasanidskom kraljevstvu, Arapskom kalifatu, Portugalu i Iranu. Nacija je neko vreme bila pod britanskim protektoratom. Sve ove istorijske faze ostavile su traga na pejza\u017eu zemlje. Stoga, ovde postoje brojne atrakcije.<\/p>\n\n\n\n<p>Prema brojnim arheolozima, na ostrvima se nekada nalazila dr\u017eava Dilmun. Sumerani su mislili da je ovo poreklo civilizacije. Kal&#039;at al-Bahrein je mesto gde se nalaze ostaci ove drevne kulture. Nau\u010dnici su otkrili skoro 4.000 godina stare ulice, hramove, prodavnice i palate zakopane ispod brojnih kulturnih slojeva, uklju\u010duju\u0107i portugalski zamak. Danas se iskopavanje nastavlja. Danas je otprilike \u010detvrtina regiona dostupna. Na vrhu brda stoji portugalski zamak pod nazivom Kal&#039;at al-Burtughal. Datira iz sedamnaestog veka. Utvr\u0111enje je i dalje u netaknutom stanju.<\/p>\n\n\n\n<p>Nekoliko regiona sa ogromnim nekropolama civilizacije Umm Al Nar iz bronzanog doba nalazi se na severu. Ovo su najve\u0107e anti\u010dke nekropole koje su pre\u017eivele do danas. Kamene grobnice imaju pre\u010dnik od 4,5 do 9 metara i visinu od 1-2 metra. U grobnicama su otkriveni grn\u010darija, pe\u010dati od kamena ili \u0161koljki, oru\u017eje i artefakti od kostiju. Vi\u0161e od sto hiljada ovih grobnica nalazi se na teritoriji Bahreina. Hram Manama Saar i susedne grobnice su iz istog istorijskog perioda.<\/p>\n\n\n\n<p>Portugalci su podigli i tvr\u0111avu Abu Mahir. To je jedno od brojnih utvr\u0111enja koja \u0161tite puteve pomorske trgovine. Utvr\u0111enje je u lo\u0161em stanju. Me\u0111utim, muzej je dostupan na njegovoj teritoriji. Pored istorije strukture, mo\u017eete nau\u010diti i o istoriji kopanja bisera u Bahreinu.<\/p>\n\n\n\n<p>Shajarat al-Haiat, \u010desto poznato kao Drvo \u017eivota, je drvo staro oko 400 godina. Iznena\u0111uju\u0107e je da raste samostalno u pustinji. Brojne pri\u010de i pretpostavke preplavljuju lokaciju. Smatra se poslednjim drvom u Rajskom vrtu. Pored toga, pretpostavlja se da podzemna reka hrani svoje korene. Drvo pripada podvrsti mimoze vrste Prosopis cineraria. Ova stabla mogu tolerisati temperature do 50 stepeni Farenhajta bez potrebe za velikom koli\u010dinom vode. Mo\u017ee da pre\u017eivi i na slanim zemlji\u0161tima. NJegovo korenje dose\u017ee velike dubine (desetine metara) i mo\u017ee da apsorbuje \u010dak i najmanju koli\u010dinu vode. Listovi upijaju vlagu iz svog okru\u017eenja.<\/p>\n\n\n\n<p>Tvr\u0111ava Arad je izgra\u0111ena u 15. veku za odbranu ostrva Muharak. Izgra\u0111en je u stilu arapskih utvr\u0111enja. Tvr\u0111ava je kvadratna i kompaktna. Na njegova \u010detiri ugla su kule u obliku cilindra. Tvr\u0111ava je bila izuzetno pogodna za odbranu i posmatranje obale. Nedavno je izvr\u0161ena obimna rekonstrukcija. No\u0107u je istorijsko utvr\u0111enje osvetljeno. To je prizor koji oduzima dah. Tvr\u0111ava Rifa je izgra\u0111ena 1812. Ipak, neki arheolozi datiraju njeno osnivanje u sedamnaesti vek. Citadela je bila ku\u0107a \u0161eika Salmana bin Ahmeda. Tu su se nalazile i druge vladine agencije. Isa ibn Ali Al Kalifa, jedan od vladara Bahreina, ro\u0111en je u upori\u0161tu.<\/p>\n\n\n\n<p>Rezidencija Isa ibn Ali Al Khalife je odli\u010dan primer kraljevske rezidencije. Izgra\u0111en je na klasi\u010dan arapski na\u010din. Rezidencija ima sistem za hla\u0111enje. Ovo je toranj od vetra, koji je zgradu snabdevao hladnim vazduhom. Kula je zatvorena za zimu. Lukovi, drveni name\u0161taj, vrata, plafoni i vitra\u017ei krase enterijer.<\/p>\n\n\n\n<p>Al-Fatih d\u017eamija je me\u0111u najve\u0107im na svetu. Primarna kupola je sastavljena od fiberglasa. To je pravo in\u017eenjersko remek-delo. Struktura je moderna. Godine 1987. zavr\u0161ena je njegova izgradnja. Ulaz je blokiran petkom (muslimanski sveti dan) i drugim verskim praznicima. Al-Khamis d\u017eamija je najstarija verska gra\u0111evina u zemlji. Smatra se da je prvi kamen temelja hrama postavljen u sedmom veku. D\u017damija je vi\u0161e puta obnavljana. Najranije njegove komponente datiraju iz \u010detrnaestog veka. Kao mihrab kori\u0161\u0107ena je plo\u010da iz 12. veka (ni\u0161a koja ozna\u010dava pravac u kome se nalazi Meka).<\/p>\n\n\n\n<p>Mala Indija je naselje u Manami koje vi\u0161e li\u010di na Delhi nego na glavni grad Bahreina. Ovde se nalazi Kri\u0161nini hram. Stariji je od dve stotine godina. Postoje brojne anti\u010dke drvene ku\u0107e od indijskog drveta, prodavnice poklona i kafi\u0107i. Mini kanjoni u Al-Baharu su prirodna atrakcija. Neverovatno oblikovane zlatne kamene formacije koje predstavljaju zimsko stani\u0161te za brojne ptice.<\/p>\n\n\n\n<p>Vahooo je jedan od najinovativnijih i najsavremenijih vodenih parkova na Bliskom istoku. Povr\u0161ine prema\u0161uje 15.000 kvadratnih metara. Koriste\u0107i igre, vo\u017enje, tobogane i bazene, vodeni park privla\u010di milione ljudi. Stil dizajna vodenog parka je \u201esuptropski raj\u201c. U njegovom sredi\u0161tu je \u0161kuna na sidru. Ovo je divna lokacija za ljude svih uzrasta. U parku se odr\u017eava 30% doga\u0111aja na otvorenom i 70% u zatvorenom. Ovo obezbe\u0111uje ugodnu posetu bez obzira na vremenske prilike. Osim toga, s obzirom da se vodeni park nalazi u centru grada, gosti \u0107e mo\u0107i da pro\u0161etaju po brojnim prodavnicama. Ima\u0107ete priliku da posvetite nekoliko sati kupovini ili ve\u010deri u restoranu koji slu\u017ei regionalnu kuhinju.<\/p>\n\n\n\n<p>Azijsko kraljevstvo ptica je stani\u0161te kojim se posebno upravlja. Ovde \u017eivi preko sedamdeset vrsta ptica iz celog sveta. Ovde ima 500 zaposlenih. Neke od ovih vrsta su ugro\u017eene. Da bi pomogli u njihovom o\u010duvanju, pa\u017eljivo se proizvode i uzgajaju u zato\u010deni\u0161tvu u azijskom kraljevstvu ptica. Postavka je razvijena ne samo da o\u010dara i zabavi celu porodicu, ve\u0107 i da pru\u017ei deci i njihovim roditeljima edukativni vid u\u010denja. Dok lutaju ovim lavirintima, turisti \u0107e mo\u0107i da snime prelepe fotografije i do\u017eive divne emocije.<\/p>\n\n\n\n<h2 class=\"wp-block-heading\">Utvrde u Bahreinu<\/h2>\n\n\n\n<h3 class=\"wp-block-heading\">Arad Fort<\/h3>\n\n\n\n<p><em>Tvr\u0111ava Arad, put br. 4233, Arad, Bahrein<\/em><\/p>\n\n\n\n<p>Tvr\u0111ava Arad je odli\u010dan primer omanske vojne gradnje od kraja 15. veka do po\u010detka 16. veka. Ova tvr\u0111ava je igrala zna\u010dajnu ulogu u odbrani Bahreina od plja\u010dka\u0161a tokom vekova, iako je nejasno kada je podignuta. Tvr\u0111ava, koja je obnovljena osamdesetih godina pro\u0161log veka koriste\u0107i isklju\u010divo originalne materijale, no\u0107u je atraktivno osvetljena i povremeno se odr\u017eavaju sve\u010danosti.<\/p>\n\n\n\n<h3 class=\"wp-block-heading\">Utvrda i muzej Bahreina<\/h3>\n\n\n\n<p><em>Seef Area Karbabad, Guvernorat glavnog grada<\/em><\/p>\n\n\n\n<p>Sme\u0161tena u Seefu i ranije poznata kao portugalska luka, tvr\u0111ava u Bahreinu ili \u201eKal&#039;at al-Bahrein\u201c je veli\u010dine 180.000 kvadratnih stopa. Od 2300. godine pre nove ere do 16. veka tvr\u0111ava je bila naseljena. Tvr\u0111ava se nalazila u prestonici civilizacije Dilmun i nazvana je po Kal&#039;at al-Burtughalu.<\/p>\n\n\n\n<p>Iskopano mesto utvrde otkriva da je slu\u017eilo stambenim, javnim, komercijalnim, verskim i vojnim funkcijama. Arheolo\u0161ka iskopavanja otkrila su nekoliko alata i artefakata, uklju\u010duju\u0107i pe\u010date Dilmun marke, opremu za pecanje i posude za kuvanje i transport hrane iz Omana i Mesopotamije. Tvr\u0111ava Bahreina, jedna od tri UNESCO-ve svetske ba\u0161tine u Bahreinu, je impresivna zgrada koja odaje po\u010dast duboko ukorenjenoj istoriji Bahreina.<\/p>\n\n\n\n<h3 class=\"wp-block-heading\">Tvr\u0111ava \u0161eika Salmana Bin Ahmeda Al Fateha<\/h3>\n\n\n\n<p><em>Tvr\u0111ava \u0161eika Salmana Bin Ahmeda Al Fateha, put br. 368, Rifa<\/em><\/p>\n\n\n\n<p>Zbog svog polo\u017eaja u Rifi, tvr\u0111ava \u0161eika Salmana bin Ahmeda Al-Fateha poznata je i kao tvr\u0111ava Rifa. Ovo istorijsko mesto svedo\u010di o jednom od najva\u017enijih trenutaka u istoriji Bahreina; Al Khalifas, vladaju\u0107a porodica Bahreina, obilje\u017eena je u svojoj prekrasnoj arhitekturi.<\/p>\n\n\n\n<p>Saznajte vi\u0161e o porodici Al Kalifa kroz pa\u017eljivo odabrane izlo\u017ebe koje prikazuju njihovo porodi\u010dno stablo, li\u010dne predmete i omiljene zabave. Pored toga, tvr\u0111ava sadr\u017ei kafi\u0107 \u0160afran, koji gleda na \u017eivopisnu dolinu Al-Haninija.<\/p>\n\n\n\n<h2 class=\"wp-block-heading\">Muzeji u Bahreinu<\/h2>\n\n\n\n<h3 class=\"wp-block-heading\">Nacionalni muzej Bahreina<\/h3>\n\n\n\n<p>Dana 15. decembra 1988. godine, Nacionalni muzej Bahreina je sve\u010dano otvorio pokojni Amir, NJegova Svetost \u0161eik Isa Bin Salman Al-Khalifa. Smatran je jednim od najpresti\u017enijih muzeja ove vrste u oblasti Zaliva. Nacionalni muzej Bahreina je trenutno jedna od najzna\u010dajnijih kulturnih znamenitosti ostrva.<\/p>\n\n\n\n<p>Izuzetna zgrada, koju su osmislili i dizajnirali Krohn i Hartvig \u200b\u200bRasmusen, ima spolja\u0161njost od belog travertina mermera i strate\u0161ki je pozicionirana na ve\u0161ta\u010dkom poluostrvu sa pogledom na ostrvo Muharak. Muzejski kompleks se sastoji od dve povezane zgrade ukupne povr\u0161ine od oko 20.000 kvadratnih metara. Glavna struktura sadr\u017ei prostor za stalnu postavku, privremene izlo\u017ebene sale, umetni\u010dku galeriju, salu za predavanja, kafi\u0107 i prodavnicu poklona. U administrativnoj zgradi nalaze se administrativne kancelarije, kustoske istra\u017eiva\u010dke sobe, konzervatorske laboratorije, izlo\u017ebena konstrukcija i prostori za skladi\u0161tenje kolekcija.<\/p>\n\n\n\n<p>U muzeju je sa\u010duvano 6.000 godina istorije Bahreina. Grobne dvorane, Dilmun, Tilos i islam, Obi\u010daji i tradicija, Tradicionalni zanati i zanati, dokumenti i rukopisi o\u017eivljavaju istoriju Bahreina. Veliki foaje omogu\u0107ava ulaz u izlo\u017ebene prostorije u prizemlju i na prvom spratu, koje se nalaze u prizemlju i na prvom nivou. Foaje je ogromna dramati\u010dna oblast nagla\u0161ena prirodnim svetlosnim \u0161ahtovima i sadr\u017ei izlo\u017ebu \u201eUlaganje u kulturu\u201c.<\/p>\n\n\n\n<h2 class=\"wp-block-heading\">D\u017damije u Bahreinu<\/h2>\n\n\n\n<h3 class=\"wp-block-heading\">Velika d\u017eamija Al Fateh<\/h3>\n\n\n\n<p><em>Velika d\u017eamija Al Fateh, ugao avenije Aval na autoputu Al Fatih<\/em><\/p>\n\n\n\n<p>Velika d\u017eamija Al Fateh je najve\u0107a d\u017eamija u Bahreinu i jedna od najve\u0107ih na svetu. Izgra\u0111ena je 1987. godine pod pokroviteljstvom pokojnog \u0161eika Ise bin Salmana Al Kalife i dobila je ime Ahmed Al Fateh. D\u017damija prima do 7.000 vernika, a na vrhu je najve\u0107a kupola od fiberglasa na svetu. NJegovi zidovi su izuzetno ukra\u0161eni kufskom kaligrafijom.<\/p>\n\n\n\n<h3 class=\"wp-block-heading\">Al Khamis d\u017eamija<\/h3>\n\n\n\n<p><em>Bilad Al Kadim, autoput \u0161eika Salmana<\/em><\/p>\n\n\n\n<p>Al Khamis d\u017eamija, izgra\u0111ena 692. godine nove ere, jedna je od najranijih d\u017eamija u arapskom svetu. Obnovljena u 14. i 15. veku, njena osnova datira iz 11. veka.<\/p>\n\n\n\n<p>Tokom njegove popravke, identi\u010dni dvostruki minareti dodani su istorijskoj islamskoj strukturi, tako da se odmah mo\u017ee prepoznati.<\/p>\n\n\n\n<h3 class=\"wp-block-heading\">Bait al-Kuran<\/h3>\n\n\n\n<p><em>Zgrada br.17, put br.1901, diplomatska oblast, Manama.<\/em><\/p>\n\n\n\n<p>Ovaj presti\u017eni muzej \u010duva veliku kolekciju kur&#039;anskih rukopisa i svetih spisa koji datiraju iz sedmog veka u zgradi ukra\u0161enoj arapskim pismom. Postoji nekoliko primeraka Kur&#039;ana koji su sami po sebi umetni\u010dka dela. Neke manje kopije su dovoljno male da stanu na dlan, a kur&#039;anske fraze su \u010dak ugravirane na zrnu pirin\u010da. Pored svoje zna\u010dajne istorijske kolekcije, izlo\u017ebeni prostor Bait al Kuran \u010desto odr\u017eava razli\u010dite umetni\u010dke izlo\u017ebe, kao i malu d\u017eamiju, uglednu biblioteku i okru\u017eenje za u\u010denje islamske nastave.<\/p>\n\n\n\n<h2 class=\"wp-block-heading\">Parkovi u Bahreinu<\/h2>\n\n\n\n<p>Bahrein je novo iskustvo za globalnu zajednicu. Izraz \u201ezemlja kontrasta\u201c mo\u017ee biti preterano upotrebljen. Me\u0111utim, putnici gledaju na naciju kao na jedinstveni biser u centru okeana. Nasuprot sumornom lunarnom ambijentu koji je gostoljubiviji za trke kamila nego dobro pode\u0161eni automobili ispunjeni najsavremenijom tehnologijom, spektakularni pejza\u017eni dizajn je arhitektonska sila. Zemlja je veli\u010dine 700 kvadratnih kilometara. Ima oko 161 kilometar obale. Najve\u0107a ostrva uklju\u010duju Muharak, Sitrah, Umm a Nasan i Havar grupu.<\/p>\n\n\n\n<p>Bahrein se \u010desto naziva \u201ekapija u Persijski zaliv\u201c, \u0161to je o\u010digledno u raznolikosti i toleranciji stanovni\u0161tva. Slu\u017ebeni jezik ovde je arapski. Me\u0111utim, engleski se \u010desto koristi u poslovanju i obavezan je u \u0161kolama. Zbog velikog broja iseljenika koji \u017eive u Bahreinu, drugi jezici kao \u0161to su persijski i urdu govore i na tradicionalnim i na modernim tr\u017ei\u0161tima. Geolozi su otkrili naftu 1932. To je bio prvi put da je \u201ecrno zlato\u201c otkriveno na arapskoj strani Persijskog zaliva.<\/p>\n\n\n\n<p>Nekada davno, malo ostrvo je bilo bujno, plodno, zeleno uto\u010di\u0161te. Temelj nacije bilo je bogatstvo izvora, od kojih nekoliko jo\u0161 uvek postoji na mestu drevne civilizacije Dilmun, poznatog po biljnim proizvodima i poljoprivrednoj stru\u010dnosti. Urbanizacija i melioracija zemlji\u0161ta tokom mnogih generacija doveli su do toga da zemlja postaje sve sli\u010dnija svojim susedima u Persijskom zalivu: suva, nesposobna za proizvodnju ve\u0107ine poljoprivrednih useva.<\/p>\n\n\n\n<p>Park princa Kalife Bin Salmana je veli\u010danstven. Na njegovom imanju nalazi se jezero, staze, restorani, komercijalni centri, privatni prostori za rekreaciju, obilje vegetacije. Ovaj park od 80 hiljada kvadrata nastao je po ceni od oko \u0161est miliona dinara. To je jedan od najve\u0107ih parkova u Bahreinu. U parku mo\u017eete iznajmiti i klizaljke, pedaline i bicikle. Sadr\u017eaji na licu mesta uklju\u010duju igrali\u0161te, vo\u017enje i igraonicu sa vazdu\u0161nim hokejem. Mo\u017eete ru\u010dati u Chai &amp; Chapati ili restoranu Koffiatto u tornju sa pogledom na jezero od 360 stepeni.<\/p>\n\n\n\n<p>Leta u Bahreinu su posebno vru\u0107a. Zimske temperature retko padaju ispod 17 stepeni Celzijusa. Ovde ki\u0161a ne pada \u010desto. Padaju prvenstveno zimi. U ovom regionu ima malo plodnih zemlji\u0161ta. Samo 8% zemlji\u0161ta se koristi u poljoprivredne svrhe. Ovde postoji i problem sa slatkom vodom. Vegetacija i \u017eivotinjski svet ostrva nisu posebno bogati. Postoji 195 biljnih vrsta, 17 vrsta sisara, 14 vrsta gmizavaca i jedna vrsta vodozemaca. Ovde mnoge ptice selice provode zimu. Neke vrste ptica gnezde se na ostrvima. Brojne biljne vrste Bahreina su dobro prilago\u0111ene pustinjskim i slanim zemlji\u0161tima. Oni su u stanju da crpe vodu sa ogromnih dubina i apsorbuju atmosfersku vlagu. Nekoliko ogromnih \u017eivotinja naseljava ostrva. Me\u0111u njima je i pe\u0161\u010dana gazela. Ovde se nalaze i pe\u0161\u010dani je\u017eevi, arapski ze\u010devi i indijski mungosi. Pustinje su dom raznih vrsta slepih mi\u0161eva.<\/p>\n\n\n\n<p>Bahrein je jedna od retkih zemalja Persijskog zaliva koja se bavi za\u0161titom \u017eivotne sredine. Al Areen Vildlife Park je osnovan 1976. godine kako bi za\u0161titio jedinstveni biodiverzitet regiona. Pored autohtonih biljaka i \u017eivotinja Bahreina, tu su i predstavnici faune Afrike i Azije. U parku postoji vi\u0161e od 100.000 biljnih vrsta, 45 \u017eivotinjskih vrsta i 82 vrste ptica. Brojne vrste su ugro\u017eene. Ova lista uklju\u010duje arapskog oriksa, ju\u017enoafri\u010dkog geparda, stepskog gu\u0161tera, perzijsku gazelu, springboka i afri\u010dkog divljeg psa. Politika parka daje prioritet o\u010duvanju jedinstvenih vrsta, rekreaciji ugro\u017eenih \u017eivotinjskih populacija i uzgoju \u017eivotinja u zato\u010deni\u0161tvu. Otvoren za javnost je deo parka. Svake godine primi oko 200.000 posetilaca. Rekreaciona zona je nedostupna javnosti. Pose\u0107uju ga veterinari, osoblje parka i razni profesionalci.<\/p>\n\n\n\n<p>Tubli Bai se nalazi izme\u0111u ostrva Bahrein i Sitrah u isto\u010dnom delu zemlje. Ovde se nalazi ostrvo Nabih Saleh. Zaliv je poznat po svom bogatom morskom \u017eivotu i populaciji ptica. NJegove ivice su oblo\u017eene mangrovama. U zalivu se mrijeste brojne vrste riba i \u0161kampa. Ovde prezimljuje nekoliko vrsta ptica. Zbog zaga\u0111enja i \u0161tetnih industrijskih posledica, koli\u010dina rezerve je drasti\u010dno smanjena. Od 1997. godine, me\u0111utim, ulo\u017eeni su napori da se o\u010duva karakteristi\u010dni ekosistem regiona.<\/p>\n\n\n\n<p>U Persijskom zalivu se nalazi arhipelag Havar. Ostrva su skoro depopulacija. Beduinsko pleme je nekada naseljavalo ovu oblast. Me\u0111utim, danas su njihova sela pusta. Na ostrvima su ostali samo policijska stanica i hotel. Potrebna je posebna dozvola za ribolov. Ostrva su dom nekoliko vrsta ptica. Ovde se ra\u0111a retka vrsta kormorana. Na ostrvima zimuje preko \u0161ezdeset vrsta ptica selica. Ove ptice migriraju u svoja gnezdili\u0161ta tokom prole\u0107a. Ptice gnezdarice se vra\u0107aju u svoja gnezda. Ovde se mogu na\u0107i jedinstvena stvorenja uklju\u010duju\u0107i arapskog orika i pustinjske gazele. U blizini ostrva, zna\u010dajna kolonija dugonga naseljava vodu. Od 1997. godine teritorija je pod za\u0161titom dr\u017eave.<\/p>\n\n\n\n<p>Arapski zaliv je za\u0161ti\u0107eno podru\u010dje. Nedavno je osnovana na ostrvu Muharak u blizini grada Arada. NJegova svrha je o\u010duvanje jedinstvenog pomorskog ekosistema u regionu. Tipi\u010dno, delfini i pliskavice naseljavaju vode u blizini Bahreina. Ovde je manje verovatno da \u0107ete nai\u0107i na kitove i kitove ubice. Dugongi (morske krave) se \u010desto prime\u0107uju u priobalnim podru\u010djima. Ovo su najneobi\u010dniji morski sisari. U vodama Persijskog zaliva ima oko 700 vrsta riba. Preko 80 odsto njih naseljava grebene, posebno korale. U Arapskom zalivu \u017eivi trideset vrsta ajkula. 16 se smatra ugro\u017eenim. U vodama Bahreina otkriveno je vi\u0161e bisernih ostriga nego bilo gde drugde. Stoga je eksploatacija bisera u ovom regionu veoma razvijena.<\/p>\n\n\n\n<p>Ostrvo Umm a Nasan je u vlasni\u0161tvu Krune. Podru\u010dje je zabranjeno za obi\u010dne ljude. Ostrvo ima malu populaciju koza s rogovima. Mala zajednica se nalazi na zapadnoj obali. Ovde \u017eivi vi\u0161e nomadskih porodica. Oni se brinu o jelenima i gazelama koji \u017eive na ostrvu. Poslednjih godina, rad industrijskih jedinica i postrojenja za desalinizaciju imao je zna\u010dajan negativan uticaj na morske vrste u blizini obale. Vlada preduzima korake da odr\u017ei karakteristi\u010dnu prirodu ostrva i obalnih plovnih puteva.<\/p>","protected":false},"excerpt":{"rendered":"<p>Bahrein je ostrvska dr\u017eava sa bogatom istorijom koja se prote\u017ee hiljadama godina i nudi jedinstven spoj kulturnih izleta, zabave i rekreacije. U regionu je prva dr\u017eava postojala ve\u0107 u tre\u0107em milenijumu pre nove ere. U razli\u010ditim periodima istorije, zemlja je pripadala Sasanidskom kraljevstvu, Arapskom kalifatu, Portugalu i Iranu. Nacija je neko vreme bila pod britanskim protektoratom. Sve ove istorijske faze ostavile su traga na pejza\u017eu zemlje. Stoga, ovde postoje brojne atrakcije.<\/p>","protected":false},"author":1,"featured_media":35408,"parent":35335,"menu_order":0,"comment_status":"closed","ping_status":"closed","template":"elementor_theme","meta":{"_eb_attr":"","footnotes":""},"class_list":["post-35405","page","type-page","status-publish","has-post-thumbnail"],"_links":{"self":[{"href":"https:\/\/travelshelper.com\/sr\/wp-json\/wp\/v2\/pages\/35405","targetHints":{"allow":["GET"]}}],"collection":[{"href":"https:\/\/travelshelper.com\/sr\/wp-json\/wp\/v2\/pages"}],"about":[{"href":"https:\/\/travelshelper.com\/sr\/wp-json\/wp\/v2\/types\/page"}],"author":[{"embeddable":true,"href":"https:\/\/travelshelper.com\/sr\/wp-json\/wp\/v2\/users\/1"}],"replies":[{"embeddable":true,"href":"https:\/\/travelshelper.com\/sr\/wp-json\/wp\/v2\/comments?post=35405"}],"version-history":[{"count":0,"href":"https:\/\/travelshelper.com\/sr\/wp-json\/wp\/v2\/pages\/35405\/revisions"}],"up":[{"embeddable":true,"href":"https:\/\/travelshelper.com\/sr\/wp-json\/wp\/v2\/pages\/35335"}],"wp:featuredmedia":[{"embeddable":true,"href":"https:\/\/travelshelper.com\/sr\/wp-json\/wp\/v2\/media\/35408"}],"wp:attachment":[{"href":"https:\/\/travelshelper.com\/sr\/wp-json\/wp\/v2\/media?parent=35405"}],"curies":[{"name":"wp","href":"https:\/\/api.w.org\/{rel}","templated":true}]}}