{"id":17423,"date":"2024-09-26T13:36:25","date_gmt":"2024-09-26T13:36:25","guid":{"rendered":"https:\/\/travelshelper.com\/staging\/?page_id=17423"},"modified":"2026-03-13T23:32:26","modified_gmt":"2026-03-13T23:32:26","slug":"arasa","status":"publish","type":"page","link":"https:\/\/travelshelper.com\/sr\/destinations\/south-america\/brazil\/araxa\/","title":{"rendered":"Ara\u0161a"},"content":{"rendered":"<p>Sme\u0161tena u valovitim visoravnima Minas \u017deraisa, Araksa se prostire na 1.283 kvadratna kilometra visoravni ispresecanih savanom i \u0161umovitih brda. Dom je 111.691 stanovnika od 2022. godine i slu\u017ei kao sredi\u0161te regiona od osam op\u0161tina sa 176.736 du\u0161a (podaci iz 2017. godine). Iako samo 3,45 kvadratnih kilometara \u010dini njenu urbanu granicu, Araksa dominira pejza\u017eom koji se prostire na skoro 10.000 kvadratnih kilometara, isprepli\u0107u\u0107i male gradove i seoska imanja u jedinstvenu tapiseriju.<\/p>\n<p>Mnogo pre nego \u0161to su stigli prvi farmeri, pri\u010da o Araksi pripadala je narodu koji je predvodio ratnik Andaja-Aru. Odvojiv\u0161i se od plemena Katagvasi u 16. veku, Araksi su se naselili du\u017e Rio Grandea i u senci Sera da Kanastre. \u017diveli su u ravnote\u017ei sa zemljom otprilike jedan vek, sve dok talas za talasom evropskih ekspedicija nisu prolazili, \u017eeljni drvne gra\u0111e i vode. Tenzije su se rasplamsavale, sporazumi su se raskidali, a sredinom 17. veka Araksi su proterani sa zemlje koju su sami oblikovali.<\/p>\n<p>Pod zastavom kapetanije Minas \u017derais, kolonijalne vlasti su poslale bandeiru iz Kampo Inasio Koreje de Pamplone da mapira i zauzme teritoriju. Tokom narednih decenija, naselja su se oprezno pojavljivala me\u0111u potocima i brdima, a poljoprivrednici su gradili budu\u0107nost u gustim \u0161umama. Godine 1791, kada se mala grupa doma\u0107instava okupila oko kapele, nastala je parohija Sao Domingu\u0161 de Ara\u0161a - nazvana po osniva\u010du dominikanaca. \u010cetiri decenije kasnije, dobila je status vile (grada), a do 19. decembra 1865. godine nosila je ime Ara\u0161a kao priznati grad.<\/p>\n<p>Geografski gledano, Ara\u0161a se nalazi na 973 metra nadmorske visine, a njene vene su ispresecane rekama i potocima. Na severu i severozapadu le\u017ei Perdizes, dok se Ibija grani\u010di na istoku, Tapira na jugu, a Sakramento na jugozapadu. Sera da Bokaina se uzdi\u017ee iznad horizonta na 1.359 metara - najvi\u0161i vrh op\u0161tine - dok se zemlji\u0161te spu\u0161ta na 910 metara pored reke Kapivara. Prose\u010dna godi\u0161nja temperatura od 20,98 \u00b0C i skoro dva metra ki\u0161e svake godine neguju i bujne \u0161ume i plodne pa\u0161njake, klimu dovoljno prijatnu za opu\u0161tena popodneva pod prostranim nebom.<\/p>\n<p>Kada je 1940-ih otvoren hidrotermalni i hotelski kompleks Bareiro, mineralni izvori Ara\u0161e su transformisali njenu ekonomiju. Posetioci su dolazili da se kupaju u vodama za koje se veruje da umiruju reumu i ko\u017ene tegobe; danju su se zadr\u017eavali na tretmanima terapeutskim blatom, a no\u0107u su igrali ispod lustera.<\/p>\n<p>Hotel Grande, koji je 1944. godine otvorio guverner Benedito Valadares zajedno sa predsednikom \u017detulijom Vargasom, kristalizovao je ovu eru priznanja. Sa zadivljuju\u0107im fasadama u art deko stilu i terasama koje gledaju na banjske ba\u0161te, brzo je postao kulisa za politi\u010dka okupljanja, umetni\u010dke ve\u010deri i gala ve\u010deri. \u010cak i danas, njegovi mermerni hodnici i uzvi\u0161ene balske dvorane podse\u0107aju na eru elegancije koja je privla\u010dila brazilsku elitu u ovaj banjski grad u unutra\u0161njosti.<\/p>\n<p>Privla\u010dnost na srebrnom platnu: \u201eDona Beija\u201c i dalje<br \/>\nAraksina \u0161ira slava stigla je na televizijske ekrane 1980-ih sa telenovelom \u201eDona Beiha\u201c. Usredsre\u0111ena na \u017eivot poznate lokalne heroine \u2013 za koju se pri\u010dalo da je na ko\u017ei imala ogrebotine od termalnih kupatila \u2013 serija je naslikala kolonijalne ku\u0107e Arakse, suncem obasjane trgove i krivudave potoke u dnevne sobe \u0161irom zemlje. Turisti, privu\u010deni romantizovanim pejza\u017eima serije, po\u010deli su da tra\u017ee ba\u0161 one ulice i fontane gde se drama odvijala.<\/p>\n<p>Ispod svoje povr\u0161ine, Ara\u0161a dr\u017ei jednu od najbogatijih rezervi niobijuma na svetu \u2013 dovoljnu da zadovolji globalnu potra\u017enju skoro pet vekova. Kompanija Brazilija za Metalurgiju i Rudarstvo (CBMM) predvodi va\u0111enje i preradu, snabdevaju\u0107i vazduhoplovnu industriju specijalizovanim \u010delicima i legurama za mlazne motore, rakete i opremu za visoke temperature. U blizini, Vale Fertilizantes SA upravlja najve\u0107om fabrikom superfosfata u Brazilu, proizvode\u0107i fosfatne koncentrate neophodne za \u0111ubriva.<\/p>\n<p>Godine 2005, BDP Ara\u0161e dostigao je 1,439 milijardi reala, gotovo podjednako podeljen izme\u0111u industrije i usluga. Te godine, 2.865 ljudi je radilo u proizvodnji, 1.498 u gra\u0111evinarstvu, 7.636 u trgovini, 1.296 u hotelima i restoranima i 2.691 u javnoj administraciji \u2013 brojke koje odra\u017eavaju dobro uravnote\u017eenu ekonomiju.<\/p>\n<p>Kada danas u\u0111ete u centar Ara\u0161e, ugleda\u0107ete svetle fasade koje se ni\u017eu du\u017e kaldrmisanih ulica. Popodnevne sun\u010deve svetlosti probijaju se kroz grane vekovnog drve\u0107a na trgu Governador Valadares, gde stariji ljudi \u0107askaju uz kafu u kafi\u0107ima na uglu, a deca jure golubove blizu fontane. Prodavci prodaju sve\u017ee pr\u017eena zrna kafe \u2013 jo\u0161 jedan regionalni specijalitet \u2013 a pastelariji nude pastel de keiho koji ostaje topao dugo nakon \u0161to napusti pr\u017eionicu.<\/p>\n<p>Van gradskih granica, oko 405 seoskih imanja prostire se na 68.000 hektara, gde oko 1.500 ljudi obra\u0111uje zemlju. Oko 65.000 grla stoke proizvodi pola miliona litara mleka dnevno (podaci iz 2004. godine), dok farme svinja i \u017eivine snabdevaju lokalna tr\u017ei\u0161ta. Polja soje, kukuruza i kafe diverzifikuju \u017eetvu, a 22 male destilerije proizvode ka\u0161asu - sna\u017eno pi\u0107e od \u0161e\u0107erne trske utkano u brazilsko kulturno nasle\u0111e.<\/p>\n<p>Pri\u010da o Araksi se nastavlja: \u200b\u200bnjen spa kompleks uvodi nove terapije; CBMM razvija napredne materijale; poljoprivrednici pilotiraju odr\u017eive prakse. Novi festivali slave pretkolonijalno nasle\u0111e i umetnost, dok galerije i pijace zanatskih proizvoda isti\u010du lokalne slikare i vajare. Pa ipak, ispod svakog modernog napretka le\u017ei \u017eubor tih mineralnih izvora i se\u0107anje na reke osen\u010dene \u0161umama gde su Araksasi prvi put zauzeli svoje mesto.<\/p>\n<p>U ovom gradu lekovitih voda, industrijskih \u010duda i pastoralnog mira, vreme kao da te\u010de na dva koloseka - jedan koji odaje po\u010dast drevnim izvorima i starosedela\u010dkoj hrabrosti, drugi koji Brazil pokre\u0107e ka novim granicama nauke i trgovine. Araksina tiha snaga opstaje, kako u pari koja se di\u017ee iz njenih termalnih kupatila, tako i u pulsu zajednice oblikovane zemljom, pri\u010dom i ljudima koji su se usudili da ostanu.<\/p>","protected":false},"excerpt":{"rendered":"<p>With a population of 111,691 as of 2022 Arax\u00e1 is a colorful municipality tucked away in the Minas Gerais state in Western Brazil. Situated about 370 kilometers northwest of the state capital Belo Horizonte, this vibrant metropolis covers an amazing 1,283 square kilometres, with 3.45 square kilometres set aside as the urban boundary. Comprising eight municipalities and spanning an area of 9,493.902 square kilometers with a combined population of 176,736 as of 2017, Arax\u00e1 forms the center point of the Immediate Geographic Region.<\/p>","protected":false},"author":1,"featured_media":17461,"parent":7508,"menu_order":0,"comment_status":"closed","ping_status":"closed","template":"elementor_theme","meta":{"_eb_attr":"","footnotes":""},"class_list":["post-17423","page","type-page","status-publish","has-post-thumbnail"],"_links":{"self":[{"href":"https:\/\/travelshelper.com\/sr\/wp-json\/wp\/v2\/pages\/17423","targetHints":{"allow":["GET"]}}],"collection":[{"href":"https:\/\/travelshelper.com\/sr\/wp-json\/wp\/v2\/pages"}],"about":[{"href":"https:\/\/travelshelper.com\/sr\/wp-json\/wp\/v2\/types\/page"}],"author":[{"embeddable":true,"href":"https:\/\/travelshelper.com\/sr\/wp-json\/wp\/v2\/users\/1"}],"replies":[{"embeddable":true,"href":"https:\/\/travelshelper.com\/sr\/wp-json\/wp\/v2\/comments?post=17423"}],"version-history":[{"count":0,"href":"https:\/\/travelshelper.com\/sr\/wp-json\/wp\/v2\/pages\/17423\/revisions"}],"up":[{"embeddable":true,"href":"https:\/\/travelshelper.com\/sr\/wp-json\/wp\/v2\/pages\/7508"}],"wp:featuredmedia":[{"embeddable":true,"href":"https:\/\/travelshelper.com\/sr\/wp-json\/wp\/v2\/media\/17461"}],"wp:attachment":[{"href":"https:\/\/travelshelper.com\/sr\/wp-json\/wp\/v2\/media?parent=17423"}],"curies":[{"name":"wp","href":"https:\/\/api.w.org\/{rel}","templated":true}]}}