{"id":17417,"date":"2024-09-26T13:27:29","date_gmt":"2024-09-26T13:27:29","guid":{"rendered":"https:\/\/travelshelper.com\/staging\/?page_id=17417"},"modified":"2026-03-13T23:34:55","modified_gmt":"2026-03-13T23:34:55","slug":"vode-sao-pedra","status":"publish","type":"page","link":"https:\/\/travelshelper.com\/sr\/destinations\/south-america\/brazil\/aguas-de-sao-pedro\/","title":{"rendered":"Vode Sao Pedra"},"content":{"rendered":"<p>Iako se prostire na samo 3,61 kvadratnih kilometara \u2014 \u0161to je \u010dini drugom najmanjom op\u0161tinom u Brazilu po povr\u0161ini \u2014 Agvas de Sao Pedro nosi te\u017einu mesta mnogo ve\u0107eg nego \u0161to njegove granice sugeri\u0161u. Sme\u0161ten u valovitom grebenu Itakeri oko 184 kilometra severozapadno od grada Sao Paola, deluje istovremeno intimno i potpuno, kao da su se brda i izvori urotili da oblikuju zajednicu fino uskla\u0111enu i sa prirodom i sa ljudskim potrebama. Sa samo 3.521 stanovnikom zabele\u017eenim 2020. godine, ova mala enklava pulsira \u017eivotom definisanim termalnim vodama, zelenim parkovima i tihim samopouzdanjem ro\u0111enim iz pa\u017eljivog planiranja.<\/p>\n<p>\u201e\u00c1guas de S\u00e3o Pedro\u201c \u2013 doslovno \u201eVode Svetog Petra\u201c \u2013 direktno govori o su\u0161tini grada. Ovde svaka fontana, kupatilo i javni trg kao da klimaju glavom ka toj vezi izme\u0111u svetog i zemaljskog. Sveti Petar, tradicionalno \u010duvar klju\u010deva neba, pozajmljuje svoje ime vodama za koje se veruje da otklju\u010davaju i fizi\u010dko olak\u0161anje i unutra\u0161nji mir. Pa ipak, naslov tako\u0111e nagove\u0161tava blisku vezu grada sa njegovim ve\u0107im susedom, op\u0161tinom Sao Pedro, koja je nekada polagala pravo na ove izvore pre nego \u0161to su izdvojeni kao planski osmi\u0161ljena zajednica 1940-ih.<\/p>\n<p>Ime \u201eItakveri\u201c, pozajmljeno iz jezika Tupi-Guarani i zna\u010di \u201ele\u017ee\u0107i kamen\u201c, evocira sporo, strpljivo oblikovanje vrhova brda na kojima se nalazi Agvas de Sao Pedro. Okru\u017eena sa svih strana Sao Pedrom, ova enklava deluje i za\u0161ti\u0107eno i jedinstveno \u2013 jedna od samo \u010detiri takva op\u0161tinska d\u017eepa u Brazilu. NJena \u010detiri naselja \u2013 \u017dardim Jerubijasaba na severoistoku, \u017dardim Iporanga na istoku, Centro u srcu i \u017dardim Porangaba na jugu \u2013 nose imena Tupi-Guarani koja asociraju na lojalnost, reke i \u0161iroke vidike. Mo\u017eda zakora\u010dite iz osen\u010dene stambene ulice na neo\u010dekivani otvoreni trg Centra, gde ti\u0161ina obli\u017enjih fontana \u010dini da \u010dak i podne ostane u mekom fokusu.<\/p>\n<p>Sa prose\u010dnom godi\u0161njom temperaturom od 22,4 \u00b0C (72,3 \u00b0F), vazduh ovde zadr\u017eava dovoljno topline da namami pupoljke i ptice selice, a da se nikada ne zadr\u017eava predugo u letnjem sjaju. Velike po\u0161umljene povr\u0161ine pro\u017eimaju grad, namerni izbor koji povezuje ljudski otisak sa autohtonom florom. Ove zelene arterije vode do dva glavna parka i kompaktne gradske ba\u0161te - svaki je prostor za disanje gde me\u0161tani \u0161etaju, tr\u010de ili se naslanjaju da posmatraju koatije kako se kre\u0107u kroz otpalo li\u0161\u0107e.<\/p>\n<p>U parku dr Oktavio Moura Andrade, vi\u0161e od milion kvadratnih metara otvara \u0161esnaest obele\u017eenih staza koje se prote\u017eu ukupno 6,5 kilometara. Du\u017e ruta, oko 250 vrsta ptica leti izme\u0111u bromelija i paprati; njihovi zvuci \u010dine muziku za vikend planinare. \u0160iplje se povremeno razmi\u010de i otkriva oprezan pogled koatija, koji procenjuje posetioce pre nego \u0161to se povu\u010de ispod spleta niskih grana. Na suprotnom kraju grada, Park das Agvas \u201eHoze Benedito Zani\u201c sa\u017eima aktivnosti na 6.400 kvadratnih metara, nude\u0107i rampu za skejtbord koja bruji od energije, drvenu biciklisti\u010dku stazu koja prati njegov obod i klupe gde se stariji stanovnici okupljaju nakon ve\u017ebanja u teretani na otvorenom.<\/p>\n<p>Upravo je voda \u2014 sumporna, bogata mineralima, zastra\u0161uju\u0107a u svojim dubinama \u2014 ono \u0161to stavlja Agvas de Sao Pedro na mapu svakog putnika. Dr\u017eava Sao Paolo mu je dodelila zvani\u010dni status hidromineralne banje, jedne od samo jedanaest u regionu, prepoznaju\u0107i terapeutski ugled njegovih izvora. Tri bunara crpe vodu iz dubokih \u0161ahtova:<\/p>\n<ul>\n<li>Fonte Huventude se izdi\u017ee sa 348,59 metara ispod, izlivaju\u0107i drugu najsumporovitiju vodu na svetu i pola\u017ee pravo da bude najmo\u0107nija u Americi. Posetioci se naslanjaju na njene tamne vode sa mirisom jaja radi tretmana ko\u017ee i kupanja u vru\u0107oj vodi koja ostavlja blagi sjaj du\u017e pora.<\/li>\n<li>Fonte \u0110okonda, definisana natrijum sulfatom, privla\u010di one sa problemima sa varenjem - njen ukus nosi blagu slanost i naznaku gvo\u017e\u0111a koja pecka jezik.<\/li>\n<li>Fonte Almeida Sales nosi ime svog hroni\u010dara s po\u010detka 20. veka, dr Salesa, koji je primetio sadr\u017eaj natrijum bikarbonata u njemu i prepisivao ga za bolesti jetre i \u017eeluca.<\/li>\n<\/ul>\n<p>Tokom dugih praznika, ovim ulicama luta i do 30.000 ljudi \u2014 skoro deset puta vi\u0161e od broja stanovnika \u2014 dok se tokom obi\u010dnih vikenda broj stanovnika u\u010detvorostru\u010duje. Karneval, posebno, donosi milione reala u lokalne prodavnice, restorane i kupatila.<\/p>\n<p>Bez ikakvog poljoprivrednog zale\u0111a, Agvas de Sao Pedro se oslanja na ekonomiju usmerenu na usluge. Godine 2016, njegov BDP je dostigao 132.616.500 brazilskih reala, \u0161to se pretvara u zdravu cifru od 41.378,02 brazilskih reala po glavi stanovnika. Hoteli se ni\u017eu du\u017e avenija u hladu drve\u0107a; kafi\u0107i prodaju crnu kafu i peciva od guave u stilu starosvetskih pastelarija. Mali butici prodaju drvene rezbarije, fla\u0161iranu izvorsku vodu i zanatske sapune sa mirisom eukaliptusa ili lavande. U svakoj transakciji postoji ose\u0107aj da prosperitet ne raste iz eksploatacije zemlji\u0161ta ve\u0107 iz upravljanja retkim resursom.<\/p>\n<p>Uprkos \u2013 ili mo\u017eda zbog \u2013 svoje male veli\u010dine, Agvas de Sao Pedro ima indeks ljudskog razvoja od 0,854, \u0161to ga rangira na drugo mesto i u dr\u017eavi i u zemlji. Klinike rade sa ta\u010dnom efikasno\u0161\u0107u; \u0161kole podsti\u010du nastavu na otvorenom ispod kedra i hakarande. Ulice se blago uzbrdo pru\u017eaju, osvetljene stubovima uli\u010dne lampe koji se lukovito podi\u017eu poput plesa\u010da koji se klanjaju u sumrak. U rano jutro, \u010desto se formira red ispred op\u0161tinske pekare pre nego \u0161to se vrata otvore, a me\u0161tani razmenjuju vesti o vi\u0111enjima divljih \u017eivotinja u parku.<\/p>\n<p>Ovde se \u010dini da vreme produ\u017eava. Podnevno sunce je bla\u017ee posle kupanja u mirisu sumpora. Jednostavna \u0161etnja od \u017eardine \u017derubijasaba do centra zahteva pauzu pored gradske ba\u0161te, gde ti\u0161ina palmi i orhideja prigu\u0161uje prolaze\u0107e automobile. \u010cak i naj\u017eurniji posetilac usporava, prate\u0107i promi\u0161ljeni tempo grada.<\/p>\n<p>U svojoj su\u0161tini, Agvas de Sao Pedro po\u010diva na obe\u0107anju: da mesto ne mora da se \u0161iri da bi napredovalo. NJegovi termalni izvori, nekada iskra za planirani grad, sada odr\u017eavaju kontinuirani eksperiment ravnote\u017ee - izme\u0111u prirode i gradskog \u017eivota, izme\u0111u lokalnih potreba i turisti\u010dkih impulsa. U tihim trenucima, mo\u017eete uhvatiti stariji par kako luta hladovitom stazom, se\u0107aju\u0107i se kada su trotoari bili sve\u017ei i kada su izgra\u0111eni prvi spa paviljoni. Ili mo\u017eete \u010duti mladog vodi\u010da kako pri\u010da legendu o poseti Svetog Petra ovim brdima, kamenju isklesanom u reljefu potocima lekovite vode.<\/p>\n<p>U takvim vinjetama, op\u0161tina se otkriva ne samo kao ta\u010dka na mapi ve\u0107 kao skup se\u0107anja i rutina. To je u \u0161i\u0161tanju pare koja se di\u017ee iz termalnog bazena, lepr\u0161anju krila nad stazom prekrivenom papratju, odmerenom zveckanju \u0161oljica u jutarnjem kafi\u0107u \u2013 suptilnim notama koje \u010dine ve\u0107u melodiju \u017eivota ovde. I ako svet iza izgleda sve nemirniji i prostraniji, Agvas de Sao Pedro, u svojoj maloj veli\u010dini, nudi podsetnik da bogatstvo ne le\u017ei u veli\u010dini ili buci, ve\u0107 u dubini \u017eivota.<\/p>","protected":false},"excerpt":{"rendered":"<p>Although small, the little municipality of \u00c1guas de S\u00e3o Pedro in S\u00e3o Paulo state, Brazil, deserves appreciation. Just 3.61 square kilometers, it is the second-smallest municipality in Brazil by area. The urban enclave claimed 3,521 residents as of 2020. Notwithstanding its small population, \u00c1guas de S\u00e3o Pedro has developed a reputation for great quality of living, a rich historical history, and a booming tourism industry based on its famous thermal springs.<\/p>","protected":false},"author":1,"featured_media":17515,"parent":7508,"menu_order":0,"comment_status":"closed","ping_status":"closed","template":"elementor_theme","meta":{"_eb_attr":"","footnotes":""},"class_list":["post-17417","page","type-page","status-publish","has-post-thumbnail"],"_links":{"self":[{"href":"https:\/\/travelshelper.com\/sr\/wp-json\/wp\/v2\/pages\/17417","targetHints":{"allow":["GET"]}}],"collection":[{"href":"https:\/\/travelshelper.com\/sr\/wp-json\/wp\/v2\/pages"}],"about":[{"href":"https:\/\/travelshelper.com\/sr\/wp-json\/wp\/v2\/types\/page"}],"author":[{"embeddable":true,"href":"https:\/\/travelshelper.com\/sr\/wp-json\/wp\/v2\/users\/1"}],"replies":[{"embeddable":true,"href":"https:\/\/travelshelper.com\/sr\/wp-json\/wp\/v2\/comments?post=17417"}],"version-history":[{"count":0,"href":"https:\/\/travelshelper.com\/sr\/wp-json\/wp\/v2\/pages\/17417\/revisions"}],"up":[{"embeddable":true,"href":"https:\/\/travelshelper.com\/sr\/wp-json\/wp\/v2\/pages\/7508"}],"wp:featuredmedia":[{"embeddable":true,"href":"https:\/\/travelshelper.com\/sr\/wp-json\/wp\/v2\/media\/17515"}],"wp:attachment":[{"href":"https:\/\/travelshelper.com\/sr\/wp-json\/wp\/v2\/media?parent=17417"}],"curies":[{"name":"wp","href":"https:\/\/api.w.org\/{rel}","templated":true}]}}