{"id":17250,"date":"2024-09-25T23:25:22","date_gmt":"2024-09-25T23:25:22","guid":{"rendered":"https:\/\/travelshelper.com\/staging\/?page_id=17250"},"modified":"2026-03-12T22:43:57","modified_gmt":"2026-03-12T22:43:57","slug":"kovacova","status":"publish","type":"page","link":"https:\/\/travelshelper.com\/sr\/destinations\/europe\/slovakia\/kovacova\/","title":{"rendered":"Kova\u010dova"},"content":{"rendered":"<p>Kova\u010dova se nalazi u samom srcu slova\u010dke Zvolenske kotline, njen centar sela se uzdi\u017ee na 303 metra nadmorske visine i prostire se preko terena koji se kre\u0107e od 288 do 489 metara. Dom sa 1.541 stanovnikom od 2016. godine, zauzima strate\u0161ki polo\u017eaj pet kilometara zapadno od Zvolena i osamnaest kilometara od Banske Bistrice, sa banjskim gradom Slia\u010d odmah iza njenih severnih granica. Ovo kompaktno naselje je steklo svoju slavu zahvaljuju\u0107i termalnom izvoru otkrivenom 1898. godine, \u010dije vode sa skoro pedeset stepeni Celzijusa privla\u010de posetioce vi\u0161e od jednog veka. NJegova lokacija u podno\u017eju Kremni\u010dkih vrhova, pored toka reke Hron i na raskrsnici glavnih puteva, \u010dini Kova\u010dovu i mirnim uto\u010di\u0161tem i pristupa\u010dnim mestom za odmor u centralnoj Slova\u010dkoj.<\/p>\n<p>Od geolo\u0161kih temelja do modernih banja, pri\u010da o Kova\u010dovi se odvija u slojevima drevnim i slo\u017eenim kao i stene ispod njenih ulica. Tektonske sile u starijim tercijarnim stenama oblikovale su Zvolenski basen, dok je rasedna linija koju je izrezao severozapadni ledeni pokriva\u010d doline Hron ostavila tlo ovde blago udubljeno u pore\u0111enju sa susednim visoravnima. Vulkanski nemiri u eri andezita i tufa bacili su mozaik donjetoronskih tufita, glina, konglomerata i pe\u0161\u010dara \u0161irom regiona, \u010desto prekrivenih lesom i poligenetskim glinama. Ovi nanosi stvorili su zemlji\u0161ta koja variraju od lepljenih ilimernih podtipova u nizijama do kambisola na padinama, nude\u0107i plodnu matricu za \u0161umovite visine iznad banjskog imanja. U ovoj slojevitoj zemlji, jedan rased se protezao jugozapadno od banje, zarobljavaju\u0107i termalne vode duboko ispod nepropusnih slojeva \u2013 vode koje su geolo\u0161ki hirurzi probili 1898. godine, bu\u0161e\u0107i do 405 metara u trijaske dolomite i kre\u010dnjake kako bi otkrili izvor koji daje petnaest litara mineralne vode temperature 48,5 \u00b0C u sekundi.<\/p>\n<p>Mnogo pre nego \u0161to je nau\u010dna radoznalost otkrila njenu toplinu, ljudsko prisustvo u oblasti Kova\u010dove datira jo\u0161 iz ranog bronzanog doba, kada kerami\u010dki ostaci \u2013 prona\u0111eni tokom iskopavanja banja \u2013 ukazuju na naselja \u010dija su imena izgubljena u vremenu. Kraj \u0161estog veka doneo je ranoslovensku grn\u010dariju pra\u0161kog tipa, jer su novi stanovnici nastojali da obra\u0111uju ilovasta tla sliva. Tokom perioda Velike Moravske, mre\u017ea zajednica se ujedinila oko Pustog zamka, administrativnog centra okruga, sve dok mongolski upad 1241. godine nije opusto\u0161io ta upori\u0161ta. Tek nakon povla\u010denja osvaja\u010da, zemlja se polako ponovo naselila, i do 23. aprila 1254. godine, povelja kralja Bele IV zabele\u017eila je \u201eTerra hospitum de Koachou\u201c, prvi pisani pomen onoga \u0161to \u0107e postati Stara Kova\u010dova, naselje kova\u010da raspore\u0111enih du\u017e trgova\u010dkog puta od Levica do Banske Bistrice.<\/p>\n<p>Preseljenje sela na njegovu sada\u0161nju lokaciju, blizu izvora mineralnih izvora, dogodilo se tek krajem \u0161esnaestog veka. Nakon toga, \u017eivot u Kova\u010dovi bio je vezan za imanje Zvolen, njegovi stanovnici su bili vezani za ritmove setve, \u017eetve i vu\u010de za lokalno plemstvo, \u010dak i dok su nosili oru\u017eje kada je osmanska pretnja stigla do ovih visoravni na prelazu iz sedamnaestog veka. Politehni\u010dar Matej Bel je kasnije 1736. godine opisao zajednicu kao \u201emalo, siroma\u0161no selo\u201c, a karte Samuela Mikovinija iz sredine osamnaestog veka potvrdile su njen skroman otisak. Politika ma\u0111arizacije nije iskorenila slova\u010dki identitet grada, a do kraja devetnaestog veka jame lignita su o\u017eiljcile okolna brda \u010dak i dok su istra\u017eiva\u010dke bu\u0161otine uglja nailazile na termalnu venu koja \u0107e redefinisati sudbinu Kova\u010dove.<\/p>\n<p>Otkri\u0107e termalne vode 1898. godine otvorilo je novo poglavlje. Prvobitni bu\u0161otine su snabdevale izvorskom vodom temperature 45,6 \u00b0C, ali je do 1964. godine dublja bu\u0161otina dovela do toplijih i obilnijih tokova. Javno interesovanje za ove vode raslo je zajedno sa politi\u010dkim transformacijama koje su zahvatile Centralnu Evropu. Pod Kraljevinom Ma\u0111arskom, Kova\u010dova se nalazila u okrugu Zoljom; 1918. godine pridru\u017eila se novoj \u010cehoslova\u010dkoj Republici, a od 1939. do 1945. godine postojala je u okviru kratke Slova\u010dke Republike. U me\u0111uratnim godinama lokalni lideri su 1932. godine podneli peticiju za zvani\u010dni status lekovite banje, a dolazak elektri\u010dne energije u banju do 1930. godine, nakon \u010dega je usledila elektrifikacija celog sela 1937. godine, nagovestio je predstoje\u0107a pobolj\u0161anja infrastrukture.<\/p>\n<p>Putevi su postali arterije razvoja Kova\u010dove. Autoput I\/69 se prote\u017ee du\u017e njene isto\u010dne ivice, presecaju\u0107i brzi put R1 koji povezuje Nitru sa Banskom Bistricom i spajaju\u0107i se sa I\/66 iz Zvolena. Tri kilometra severno, aerodrom Slia\u010d pro\u0161iruje domet sela na putnike avionom. Prigradske autobuske linije garantuju direktnu vezu sa oba regionalna centra, dok su brzi put R1\u2013Bud\u010da i pobolj\u0161anja lokalnih puteva olak\u0161ali pristup i putnike i posetioce. Do 1950-ih privatni motorni prevoz je zamenio konjske zaprege; autobusi \u010cSAD-a su nudili redovne redove vo\u017enje od 1952. godine pa nadalje.<\/p>\n<p>Ispod buke saobra\u0107aja i brbljanja turista krije se klima kontinentalnih kontrasta. Basen bele\u017ei \u010deste inverzije i maglu do 173 dana godi\u0161nje, \u0161to svedo\u010di o nakupljanju hladnog vazduha u njegovom re\u010dnom koritu. Zime su hladne - prose\u010dna temperatura u januaru pada na -4,7 \u00b0C, a o\u010ditavanja mogu pasti i na -30 \u00b0C - dok je najtoplije u julu vrhunac u proseku od 18,8 \u00b0C, sa ekstremima iznad 35 \u00b0C pod suncem koje izaziva popodnevne grmljavine. Godi\u0161nja koli\u010dina padavina prelazi 700 mm, koncentrisana u 81 mm u julu, a prvi sneg sti\u017ee krajem novembra, prekrivaju\u0107i polja do po\u010detka marta sa dubinom koja je ne\u0161to ve\u0107a od 20 cm. Magla u dolini ustupa mesto sagorevanju do sredine jutra, ali obla\u010dnost se zadr\u017eava do decembra na skoro 79%, smanjuju\u0107i se samo na 52% do septembra, kada vedro nebo krasi jedan dan od pet.<\/p>\n<p>Priroda uokviruje selo bogatim \u0161umama bukve, hrasta i smr\u010de, svaka pro\u0161arana grabom, srebrnom jelom i belim borom. Javori, platani i jasike ispunjavaju priobalne koridore, dok crni akabem i lipa oivi\u010deni su stazama banjskog parka i starim hlorisanim jezerima. Unutar groblja nalazi se gaj krupnolisne lipe, \u010dija trivekovna stabla predstavljaju \u017eivi spomenik, a u blizini, u rekreativnoj zoni, grupisana su tri masivna hrasta koji obele\u017eavaju vekove promene godi\u0161njih doba. Borov gaj Borina tako\u0111e zaslu\u017euje pomen zbog svojih veli\u010danstvenih redova i termofilnih biljaka koje se dr\u017ee za suncem obasjane padine. Traga\u010di za hranom pronalaze pe\u010durke i lekovito bilje u izobilju, a mali bar iznad sela nudi miran odmor pored vode.<\/p>\n<p>Fauna prati \u0161umu. Srne, jeleni i divlje svinje lutaju ju\u017enim ograncima Kremni\u010dkih vrhova, dok se odbegli jeleni lopatar iz nekada\u0161nje mena\u017eerije neprime\u0107eno me\u0161aju sa doma\u0107im krdima. Divlje ma\u010dke vrebaju u sumrak, a sove - i velike rogove i potkovi\u010daste - patroliraju no\u0107nim nebom. Na zaklonjenim proplancima veliki potkovi\u010dar lepr\u0161a ispod drevnih grana, a usred niskog rastinja, zelena bogomoljka mo\u017ee mirno da se dr\u017ei na listu. Mozaik stani\u0161ta - od priobalnih \u0161ipra\u017eja do kamenitih izdanaka - odr\u017eava raznolikost koja prikriva skromnu veli\u010dinu sela.<\/p>\n<p>Dvadeseti vek je preoblikovao dru\u0161tveno i gra\u0111ansko tkivo. Godine 1929. stigao je prvi automobil, u vlasni\u0161tvu \u0160tefana Prihode, i u roku od nekoliko godina selo je dobilo telefonske linije i obnovljeni dr\u017eavni put sa stanicom za dili\u017eanse. Posleratne godine donele su privatne autobuske prevoze, konsolidaciju kolektivnih farmi, kulturni centar, robnu ku\u0107u, hotel i planinarski dom. Do 1970-ih, kamp za automobile i gasovod signalizirali su moderno razonodu i komunalne usluge, dok su de\u010dji spa centar, vrti\u0107 i Nacionalni rehabilitacioni centar dodali rastu\u0107i spisak zdravstvenih i porodi\u010dnih usluga. Zavr\u0161etak zgrade osnovne \u0161kole 1991. godine, rezervoara i nadogra\u0111enih komunikacija nagovestio je revitalizovani seoski trg otkriven 1998. godine, gde se oko malog \u0161etali\u0161ta nalaze pijaca, autobuska stajali\u0161ta i informativne table.<\/p>\n<p>Obrazovanje u Kova\u010dovi je po\u010delo skromno 1837. godine, kada je selja\u010dki u\u010ditelj po imenu Trebulja ponudio osnovne \u010dasove u onome \u0161to je vi\u0161e bila nastavna ustanova nego formalna \u0161kola. Do 1907. godine stanovnici su podigli novu \u0161kolsku zgradu i uveli nastavu na ma\u0111arskom jeziku; posle 1918. godine, dr\u017eavno obu\u010deni u\u010ditelji su dr\u017eali \u010dasove na slova\u010dkom jeziku. U drugoj polovini dvadesetog veka osnovana je osnovna \u0161kola sa dve u\u010dionice, a zatim i vrti\u0107. Godine 2002. obe institucije su se spojile u Osnovnu \u0161kolu i vrti\u0107 Kova\u010dova, pru\u017eaju\u0107i podr\u0161ku deci od pred\u0161kolskog uzrasta do prvog razreda pod jednim krovom i odr\u017eavaju\u0107i seosku tradiciju u\u010denja zasnovanog na zajednici.<\/p>\n<p>Udru\u017eenja i volonterske grupe odavno defini\u0161u lokalnu kulturu. Slova\u010dki Crveni krst, Slova\u010dko \u017eensko udru\u017eenje i Matica slovenska odr\u017eavaju gra\u0111anske i kulturne aktivnosti, a pridru\u017eili su im se \u017divena, klub penzionera, Lova\u010dko udru\u017eenje i Gorazdik, de\u010dji hor. Sportski entuzijasti organizuju fudbalske i stonoteniske timove, turisti i odbojka\u0161i planiraju staze i terene, kugla\u0161i i \u0161ahisti se okupljaju u sali zajednice, a Sportski klub za osobe sa invaliditetom deluje u okviru Nacionalnog rehabilitacionog centra. Svaka organizacija \u010duva tradicije, neguje dru\u0161tvene veze i isti\u010de Kova\u010dovu posve\u0107enost inkluzivnom zajedni\u010dkom \u017eivotu.<\/p>\n<p>Demografski trendovi odra\u017eavaju stalan rast. Od samo 203 stanovnika 1787. godine, broj stanovnika se pove\u0107ao na 297 vek kasnije i na 450 do 1948. godine. Do 1970. godine porastao je na 685, a na prelazu u novi milenijum iznosio je 1.480. Nakon kratkog zastoja, novi stambeni projekti posle 2005. godine podstakli su obnovljeno \u0161irenje, \u0161to je kulminiralo sa 1.541 stanovnika prebrojanih 2016. godine. Slovaci \u010dine preko 98 procenata stanovni\u0161tva, a kontinuirani porast individualnih stambenih projekata potvr\u0111uje privla\u010dnost sela i za porodice i za penzionere.<\/p>\n<p>Simboli Kova\u010dove destiluju njen identitet u heraldi\u010dki oblik. Grb op\u0161tine predstavlja dve ukr\u0161tene potkovice u zlatnoj boji na plavom \u0161titu, sa podignutom talasastom petom ispod plave pruge koja evocira i konja i reku. NJena zastava, koja se vijori u sve\u010danim prilikama, prote\u017ee se horizontalno u pet traka - belu, \u017eutu, plavu, \u017eutu, belu - u proporcijama koje odra\u017eavaju grb i zavr\u0161avaju se sa tri \u0161iljata kraja, podsetnik na me\u0161avinu tradicije i otvorenosti sela.<\/p>\n<p>Turizam danas cveta zahvaljuju\u0107i kombinaciji zdravstvene za\u0161tite, rekreacije na otvorenom i regionalnog nasle\u0111a u Kova\u010dovi. Park za odmor radi tokom cele godine, a njegove vodene atrakcije i susedni kamp okru\u017eeni su privatnim ku\u0107ama i pansionima. Biciklisti prate asfaltne i \u0161umske puteve do obli\u017enje Badinske \u0161ume ili du\u017e podno\u017eja prema grebenu Kremni\u010dkih vrhova, dok se traga\u010di za hranom upu\u0161taju u \u0161ipra\u017eje u potrazi za lisi\u010darkama i vrganjima. Planinarska staza vodi do panoramskih pogleda na vrhove tih vulkanskih brda, a niz obli\u017enjih znamenitosti oboga\u0107uje svaki itinerar: elegantna drvena artikularna crkva Hronsek, tihe ru\u0161evine zamka Pusti, utvr\u0111ene dvorane zamka Zvolen, \u010detinari Arboretuma Borova Hora i mineralni bazeni banje Slia\u010d.<\/p>\n<p>Su\u0161tina Kova\u010dove izvire iz spoja zemlje, vode, istorije i zajednice. NJeni termalni izvori izviru iz trijaske temeljne stene, \u0161ume rastu na vulkanskim tufovima, a ljudi prate poreklo od grn\u010dara iz bronzanog doba do modernih spa terapeuta. Kroz vekove politi\u010dkih promena, ekonomskih previranja i dru\u0161tvene transformacije, selo je sa\u010duvalo svoj karakter \u010dak i dok prihvata nova poglavlja rasta. Za putnike koji tra\u017ee i predah i otkri\u0107e, Kova\u010dova nudi toplinu svojih voda, bistrinu planinskog vazduha i trajni puls zajednice koja je odavno razumela vrednost mesta.<\/p>","protected":false},"excerpt":{"rendered":"<p>Kova\u010dova, koja se nalazi u jugozapadnom delu basena Zvolen, je banjsko naselje u centralnoj Slova\u010dkoj sa populacijom od oko 1.600 stanovnika. Poznato po svojim lekovitim toplim izvorima i bogatoj istoriji koja se\u017ee do 13. veka, ovo idili\u010dno zaseoke nalazi se samo 4 kilometra zapadno od Zvolena.<\/p>","protected":false},"author":1,"featured_media":17539,"parent":13300,"menu_order":0,"comment_status":"closed","ping_status":"closed","template":"elementor_theme","meta":{"_eb_attr":"","footnotes":""},"class_list":["post-17250","page","type-page","status-publish","has-post-thumbnail"],"_links":{"self":[{"href":"https:\/\/travelshelper.com\/sr\/wp-json\/wp\/v2\/pages\/17250","targetHints":{"allow":["GET"]}}],"collection":[{"href":"https:\/\/travelshelper.com\/sr\/wp-json\/wp\/v2\/pages"}],"about":[{"href":"https:\/\/travelshelper.com\/sr\/wp-json\/wp\/v2\/types\/page"}],"author":[{"embeddable":true,"href":"https:\/\/travelshelper.com\/sr\/wp-json\/wp\/v2\/users\/1"}],"replies":[{"embeddable":true,"href":"https:\/\/travelshelper.com\/sr\/wp-json\/wp\/v2\/comments?post=17250"}],"version-history":[{"count":0,"href":"https:\/\/travelshelper.com\/sr\/wp-json\/wp\/v2\/pages\/17250\/revisions"}],"up":[{"embeddable":true,"href":"https:\/\/travelshelper.com\/sr\/wp-json\/wp\/v2\/pages\/13300"}],"wp:featuredmedia":[{"embeddable":true,"href":"https:\/\/travelshelper.com\/sr\/wp-json\/wp\/v2\/media\/17539"}],"wp:attachment":[{"href":"https:\/\/travelshelper.com\/sr\/wp-json\/wp\/v2\/media?parent=17250"}],"curies":[{"name":"wp","href":"https:\/\/api.w.org\/{rel}","templated":true}]}}