{"id":17029,"date":"2024-09-25T12:20:47","date_gmt":"2024-09-25T12:20:47","guid":{"rendered":"https:\/\/travelshelper.com\/staging\/?page_id=17029"},"modified":"2026-03-12T21:02:17","modified_gmt":"2026-03-12T21:02:17","slug":"baile-herculane","status":"publish","type":"page","link":"https:\/\/travelshelper.com\/sr\/destinations\/europe\/romania\/baile-herculane\/","title":{"rendered":"Baile Herculane"},"content":{"rendered":"<p>Baile Herkulane le\u017ei na nadmorskoj visini od 168 metara u dolini reke \u010cerna, sme\u0161teno izme\u0111u planina Mehedinci na istoku i planina \u010cerna na zapadu. Sa populacijom od 3.787 stanovnika, ovaj rumunski banatski banjski grad upravlja selom Pe\u010dini\u0161ka. NJegova skromna veli\u010dina krije istoriju kontinuiranog ljudskog naseljavanja koja se\u017ee jo\u0161 do paleolita. Trajna privla\u010dnost Baile Herkulanea poti\u010de od voda koje izviru na temperaturi od 38\u00b0C do 60\u00b0C, oboga\u0107enih sumporom, kalcijumom, natrijumom i elementima u tragovima za koje se veruje da pru\u017eaju terapeutske koristi. U svom kompaktnom otisku, grad obuhvata milenijume ljudskog napora, imperijalnih ambicija i modernog preure\u0111enja.<\/p>\n<p>Arheolo\u0161ka istra\u017eivanja u Pe\u0161teri Ho\u0107ilor \u2014 \u201ePe\u0107ini lopova\u201c \u2014 otkrila su uzastopne slojeve naseljavanja. Musterijanski artefakti svedo\u010de o prisustvu neandertalaca, dok kasnoneolitski nalazi govore o mezolitskom kontinuitetu. Kasnije neolitske naslage ukazuju na naseljene poljoprivredne zajednice koje su u dolini Cerne videle i uto\u010di\u0161te i resurs. Ovo duboko praistorijsko poreklo postavlja temelje za rimsko prisvajanje lokaliteta, kada su ga krstili Ad Akvas Herkulis. Prema legendi, Herkul se ovde zaustavio da se okupa; Rimljani su prihvatili ovaj mit, podi\u017eu\u0107i razra\u0111ene komplekse kupatila ukra\u0161ene sa \u0161est statuarnih prikaza poluboga. Bronzana replika jedne takve skulpture, oblikovana 1874. godine, krasi Herkulov trg i danas.<\/p>\n<p>Rimske termalne instalacije, prvi put mapirane 1774. godine, otkrivaju niz od jedanaest prostorija raspore\u0111enih oko dva glavna bazena. Kru\u017eni bazen, pre\u010dnika pet metara, spu\u0161tao se stepenicama do poda; iza njega nalazio se pravougaoni bazen dimenzija 8 metara sa 4,2 metra. Na strmoj obali reke, pet pomo\u0107nih zgrada \u0161titilo je dodatne izvore. Arhitektonski otisak se protezao do amfiteatra \u2013 sada svedenog na ru\u0161evine \u2013 koji se nalazio oko 43 metra od leve obale reke, sa spoljnim pre\u010dnikom od 47,4 metra. Austrijski planeri u kasnijim vekovima sa\u010duvali su ove ostatke integri\u0161u\u0107i ih u terasasti park \u010diji pravougaoni travnjak i \u0161etali\u0161ta \u010dine centar grada.<\/p>\n<p>Carsko sukobljavanje i vojni nemiri ostavili su trag u Banji Herkulane. Leta 1788. godine, nakon austrijskog poraza kod Mehadije, osmanske snage su zauzele grad 7. septembra i nastavile ka Karansebe\u0161u. Jedanaest meseci kasnije, krajem septembra 1789. godine, Austrijanci su ponovo uspostavili kontrolu. Nijedno carstvo nije se dovoljno zadr\u017ealo da podigne nove spomenike, ali je sukob oru\u017eja naglasio strate\u0161ku te\u017einu Cernskog koridora. Naknadni vekovi svedo\u010dili su habzbur\u0161kim ulaganjima u banju, \u010dak i dok su lokalne pravoslavne i rimokatoli\u010dke kongregacije uspostavljale trajna verska upori\u0161ta na njenim obodima.<\/p>\n<p>Klimatski, Baile Herkulane se registruje kao vla\u017enokontinentalna sa submediteranskim promenama. Zime su hladne, ali ubla\u017eene intraplaninskim potiskom, leta topla, ali umerena nadmorskom visinom. Padavine su relativno ravnomerno raspore\u0111ene tokom cele godine, odr\u017eavaju\u0107i i guste \u0161ume na susednim padinama i priobalni ekosistem du\u017e Cerne. Atmosferska jonizacija, fenomen koji se pripisuje interakciji vodene pare sa mineralnim izvorima, doprinosi modernoj privla\u010dnosti banje, zajedno sa zagrejanim, radioizotopima bogatim kupatilima.<\/p>\n<p>Isto\u010dnorimsko nasle\u0111e, koje su potvrdili austrougarski arhitekti, dalo je urbani oblik koji opstaje \u010dak i nakon \u0161to je svaka epoha ostavila svoj trag. U me\u0111uratnom periodu, otvaranje hotela H Cerna 1930. godine ozna\u010dilo je o\u017eivljavanje zapadnoevropskog pokroviteljstva. Komunisti\u010dke decenije koje su usledile obele\u017eile su izgradnju visokih betonskih hotela - me\u0111u kojima su i Roman, Herkules A i B, Afrodita, Minerva, Dijana - koji su se uzdizali iznad istorijskih kupola i kolonada. Ove monolitne strukture, simboli\u010dne za masovni turizam 1960-ih, sme\u0161tale su fabri\u010dke radnike i penzionere na dr\u017eavno subvencionisanim zdravstvenim odmorima. NJihove izbledele fasade sada ocrtavaju siluetu doline, podse\u0107aju\u0107i na vreme kada su kolektivni spa tretmani zasenili individualno odmorno vreme.<\/p>\n<p>Privatizacija nakon 1989. godine dovela je do stvaranja razdvojenog pejza\u017ea. Talas privatnih pansiona i butik hotela pojavio se du\u017e obala reke, sa terasama koje gledaju na bistri tok Cerne. Pa ipak, mnoga kupatila iz austrougarskog doba su propala zbog zanemarivanja i lo\u0161eg upravljanja. Kao odgovor na to, lokalni zagovornici su krajem 2010-ih osnovali projekat Herkulan kako bi stabilizovali i obnovili istorijske gra\u0111evine. NJihov rad je po\u010deo da zaustavlja propadanje, o\u017eivljavaju\u0107i neoklasi\u010dne fasade i ja\u010daju\u0107i temelje za budu\u0107u konzervaciju.<\/p>\n<p>Reputacija Baile Herkulane kao najstarijeg banjskog odmarali\u0161ta u Rumuniji ne po\u010diva samo na legendi. Ona je me\u0111u najpo\u0161tovanijim stalnim banjskim destinacijama u isto\u010dnoj Evropi. NJene terapije obuhvataju termalne kupke, inhalacije aerosolom, elektroterapiju, programe fizioterapije i parafinsko-sapropelne obloge od blata. Mofete - komore za tretman koje emituju ugljen-dioksid - nalaze se pored sauna i krioterapijskih centara. Bazeni za hidrokinetoterapiju nude vo\u0111ene vodene ve\u017ebe, dok se seanse refleksologije i akupunkture bave neurolo\u0161kim, dermatolo\u0161kim i pedijatrijskim bolestima. Kardiovaskularna rehabilitacija deli prostor sa protokolima osteopatije i reumatologije. Integracija takvih modaliteta odra\u017eava i mineralno bogatstvo izvora i medicinske tradicije koje su se oko njih razvile.<\/p>\n<p>Prirodni izleti nalaze se na ivicama obra\u0111enog terena. Staze iz odmarali\u0161ta prodiru u prirodni rezervat klisure Domogled\u2013Kara\u0161, gde se kre\u010dnja\u010dke litice uzdi\u017eu iznad pritoke Nere. Beu\u0161ni\u010dki vodopadi se spu\u0161taju u nizu stepenica pre nego \u0161to se uru\u0161e u kristalne bazene. Banatska sfinga, nepravilna stena isklesana milenijumima mraza, nadgleda dolinu poput tihog stra\u017eara. \u0110avolje jezero, nastalo u klizi\u0161tu, ispunjava udubljenje smaragdnom vodom, \u010dija je dubina obavijena mitom. Banatski Semering, rana \u017eelezni\u010dka pruga koja se provla\u010di kroz prizmati\u010dne \u0161ume i vijadukte, evocira vredni duh 19. veka. Komarni\u010dka pe\u0107ina otkriva speleoteme koji svetlucaju u svetlosti baklji. Svaka lokacija se nalazi na pola dana vo\u017enje, pro\u0161iruju\u0107i terapeutsko obe\u0107anje banje na carstvo uzvi\u0161ene prirode.<\/p>\n<p>Crkvena arhitektura dodaje duhovnu dimenziju profilu grada. Rumunska pravoslavna crkva Preobra\u017eenja Gospodnjeg zauzima mesto koje je osve\u0161tao protojerej Nikolaje Stoika de Haceg 1799. godine. Obele\u017eeno drvenim krstom, zemlji\u0161te je po\u010delo sa transformacijom prema ugovoru 12. septembra te godine. Majstor Lorenc Zevald iz Or\u0161ove je zavr\u0161io kamene radove do 6. avgusta 1804. godine, proglasiv\u0161i praznik Preobra\u017eenja za za\u0161titnu proslavu crkve. U blizini, rimokatoli\u010dka kapela Uspenja Device Marije, zavr\u0161ena 1838. godine, ima jonske stubove ispod zabata na kojem je uglovljen datum osve\u0107enja. Iza se uzdi\u017ee vitki zvonik, do kog se dolazi krivudavim stepenicama ucrtanim u \u0161umsku padinu.<\/p>\n<p>Demografija odra\u017eava i trendove depopulacije i trajne kulturne konture. Izme\u0111u popisa iz 2011. i 2021. godine, broj stanovnika je opao sa 5.008 na 3.787. Etni\u010dki sastav bele\u017ei 83,81% Rumuna, 1,66% Roma i 13,97% neodre\u0111enih. Konfesionalno, 82,31% se identifikuje kao pravoslavci, a 1,85% kao rimokatolici, dok je 14,47% neprijavljeno. Takve brojke nagla\u0161avaju dvostruki pritisak ruralne emigracije i privla\u010denja urbanih centara, \u010dak i dok reinvestiranje banje nudi nove lokalne mogu\u0107nosti u ugostiteljstvu i uslugama.<\/p>\n<p>Ekonomska revitalizacija usledila je nakon nedavnih pobolj\u0161anja infrastrukture. Putna mre\u017ea koja povezuje Baile Herkulane sa Re\u0161icom i Drobeta-Turnu Severinom je obnovljena, \u0161to je skratilo vreme putovanja za regionalne turiste. Hidroelektrana na terminalu Cerne snabdeva elektri\u010dnom energijom gradsku mre\u017eu i omogu\u0107ava regulisane re\u010dne tokove koji stabilizuju vodenu sredinu. \u0160irokopojasni internet sada se prote\u017ee do perifernih zaseoka, olak\u0161avaju\u0107i rad na daljinu i privla\u010de\u0107i mla\u0111u demografsku grupu. Mala preduze\u0107a u trgovini, zanatstvu i gastronomiji su se ukorenila, nude\u0107i regionalne sireve, dimljenu \u0161unku, zanatska \u017eestoka pi\u0107a i peciva koja me\u0161aju banatske uticaje sa transilvanskim tradicijama.<\/p>\n<p>Strate\u0161ka blizina nacionalnih granica \u2013 osam kilometara od \u017eupanije Mehedinci i 25 kilometara od Srbije \u2013 pozicionira Baile Herkulane kao raskrsnicu kultura. Posetioci iz Temi\u0161vara, Beograda i Zagreba okupljaju se na njegovim izvorima, privu\u010deni obe\u0107anjem oporavka sme\u0161tenim u pejza\u017eu oblikovanom tektonikom i vremenom. Lokalni vodi\u010di, upoznati i sa rumunskim i sa ma\u0111arskim nasle\u0111em, sa jednakim entuzijazmom pripovedaju legende o Herkulu i prepri\u010davaju osmansko-austrijske sukobe. Takvo pripovedanje, istovremeno nau\u010dno i anegdotsko, svedo\u010di o vi\u0161eslojnom identitetu grada.<\/p>\n<p>Moderna ulaganja su se pridr\u017eavala strogih standarda za\u0161tite prirode. Novi hoteli koriste materijale sa malim uticajem na prirodu i uklju\u010duju zelene krovove kako bi se uskladili sa okolnim \u0161umama. Pansioni renovirani u stilovima tog perioda koriste toplotnu izolaciju koja smanjuje potro\u0161nju energije zimi. Gra\u0111evinski polet u privatnom sektoru je ubla\u017een op\u0161tinskim propisima koji \u0161tite vidikovce na klju\u010dne spomenike i zabranjuju prevelike betonske blokove. Pejza\u017eni arhitekti su ponovo zasadili terase autohtonom florom - bukvom, grabom i hrastom - obnavljaju\u0107i koridore biodiverziteta za endemsku faunu.<\/p>\n<p>Kako se pandemija koronavirusa povla\u010dila po\u010detkom 2020-ih, Baile Herkulane je do\u017eiveo porast doma\u0107eg turizma. Rumunske porodice koje vode ra\u010duna o zdravlju, kao i samostalni putnici, tra\u017eili su kombinovane prednosti uranjanja u minerale i planinskog vazduha. Kulturni festivali koje vode nevladine organizacije, sa nastupima kamerne muzike u ru\u0161evinama amfiteatra, iskoristili su akustiku i ambijent grada. Privremene izlo\u017ebe rimskih artefakata, pozajmljenih iz nacionalnih muzeja, edukovale su mla\u0111e generacije o klasi\u010dnom nasle\u0111u lokaliteta. Letnja akademija za studente banjske medicine sada se odr\u017eava svake godine, privla\u010de\u0107i instruktore iz Bukure\u0161ta i Be\u010da.<\/p>\n<p>Obe\u0107anje Baile Herkulane le\u017ei u ravnote\u017ei izme\u0111u ljudskih te\u017enji i geolo\u0161kog bogatstva. Vode koje su nekada smirivale rimske legije i dalje privla\u010de posetioce 21. veka. Kameni rezbarije Herkula otelotvoruju mitsku rezonancu koja prevazilazi epohe, dok termalni bazeni modernog dizajna slu\u017ee rehabilitaciji zasnovanoj na dokazima. Planinske padine okru\u017euju grad poput za\u0161titnih ruku, a njihovi grebeni odjekuju praistorijskim koracima. Pro\u0161lost i sada\u0161njost se ovde ukr\u0161taju, gde ti\u0161ina malog grada ustupa mesto pod uticajem isceljenja i istorije.<\/p>\n<p>Narativ Banje Herkulane ostaje neispisan izvan njegovih dobro utabanih staza, jer se grad razvija u dijalogu sa svojim izvorima i kamenjem. Svaka epoha je ispisala nova poglavlja: \u200b\u200bpraistorijska ognji\u0161ta, rimska kupatila, habzbur\u0161ke ba\u0161te, socijalisti\u010dke nebodere i postkomunisti\u010dke dvorce. Pa ipak, reka Cerna opstaje, kr\u010de\u0107i stalni prolaz kroz stenu i se\u0107anje. U\u0107i u Banje Herkulane zna\u010di zakora\u010diti u \u017eivi palimpsest evropske banjske kulture \u2013 trajno svedo\u010danstvo me\u0111uigre legende, nauke i jednostavne ljudske \u017eelje za restauracijom.<\/p>","protected":false},"excerpt":{"rendered":"<p>Baile Herculane, banjski grad koji se nalazi u dolini reke Cerne u rumunskom Banatu, trenutno ima 3.787 stanovnika. Sme\u0161ten izme\u0111u planine Mehedinti na istoku i planine Cerna na zapadu, ovaj \u0161armantni grad se nalazi na 168 metara (551 stopa).<\/p>","protected":false},"author":1,"featured_media":17482,"parent":11908,"menu_order":0,"comment_status":"closed","ping_status":"closed","template":"elementor_theme","meta":{"_eb_attr":"","footnotes":""},"class_list":["post-17029","page","type-page","status-publish","has-post-thumbnail"],"_links":{"self":[{"href":"https:\/\/travelshelper.com\/sr\/wp-json\/wp\/v2\/pages\/17029","targetHints":{"allow":["GET"]}}],"collection":[{"href":"https:\/\/travelshelper.com\/sr\/wp-json\/wp\/v2\/pages"}],"about":[{"href":"https:\/\/travelshelper.com\/sr\/wp-json\/wp\/v2\/types\/page"}],"author":[{"embeddable":true,"href":"https:\/\/travelshelper.com\/sr\/wp-json\/wp\/v2\/users\/1"}],"replies":[{"embeddable":true,"href":"https:\/\/travelshelper.com\/sr\/wp-json\/wp\/v2\/comments?post=17029"}],"version-history":[{"count":0,"href":"https:\/\/travelshelper.com\/sr\/wp-json\/wp\/v2\/pages\/17029\/revisions"}],"up":[{"embeddable":true,"href":"https:\/\/travelshelper.com\/sr\/wp-json\/wp\/v2\/pages\/11908"}],"wp:featuredmedia":[{"embeddable":true,"href":"https:\/\/travelshelper.com\/sr\/wp-json\/wp\/v2\/media\/17482"}],"wp:attachment":[{"href":"https:\/\/travelshelper.com\/sr\/wp-json\/wp\/v2\/media?parent=17029"}],"curies":[{"name":"wp","href":"https:\/\/api.w.org\/{rel}","templated":true}]}}