{"id":17010,"date":"2024-09-25T11:25:00","date_gmt":"2024-09-25T11:25:00","guid":{"rendered":"https:\/\/travelshelper.com\/staging\/?page_id=17010"},"modified":"2026-03-12T21:10:05","modified_gmt":"2026-03-12T21:10:05","slug":"amara","status":"publish","type":"page","link":"https:\/\/travelshelper.com\/sr\/destinations\/europe\/romania\/amara\/","title":{"rendered":"Amara"},"content":{"rendered":"<p>Amara, skromni grad na ravnicama Muntenije, sme\u0161ten je na ivici istoimenog jezera sedam kilometara severno od Slobozije, glavnog grada okruga Jalomica. Uzdignut na status grada u aprilu 2004. godine, zauzima centralni polo\u017eaj na ravnici Baraganuluj, na nadmorskoj visini izme\u0111u 23 i 44 metra. Godine 2021, njegovo stanovni\u0161tvo je iznosilo 6.805 stanovnika, \u0161to je blagi pad u odnosu na 7.080 deceniju ranije, \u0161to odra\u017eava \u0161ire demografske promene u rumunskom selu. Od svog porekla kao retkog zaseoka grupisanog oko pastoralnih koliba do sada\u0161nje uloge banje i lokalnog administrativnog centra, Amara otelotvoruje spoj geolo\u0161kih, biolo\u0161kih, istorijskih i dru\u0161tvenih sila koje su oblikovale i mesto i ljude.<\/p>\n<p>Ravnica na kojoj se nalazi Amara prote\u017ee se neprekidno ka dalekim horizontima, isprekidana samo blagim usponom lesnih grebena i \u0161irokim rasponom obra\u0111enih polja. Ovde se letnje temperature kre\u0107u u proseku izme\u0111u 22 i 23 stepena Celzijusa, sa dugim sun\u010danim satima - vi\u0161e od 125 vedrih dana godi\u0161nje - \u0161to protivre\u010di kontinentalnom karakteru klime. Zime, nasuprot tome, donose sve\u017e vazduh optere\u0107en severoisto\u010dnim vetrovima poznatim kao Krivat, koji prodornim intenzitetom pro\u017ediru ravnicu. Godi\u0161nja koli\u010dina padavina kre\u0107e se izme\u0111u 450 i 500 milimetara, brojka koja odra\u017eava delikatnu ravnote\u017eu izme\u0111u sila isparavanja i retkih letnjih oluja. Ovi klimatski ritmovi odredili su ne samo cikluse poljoprivrede na okolnoj stepi, ve\u0107 i sam karakter jezera Amara.<\/p>\n<p>Prirodni ostatak nekada\u0161njeg re\u010dnog toka, jezero Amara zauzima plitku depresiju koju je nekada izrezala reka Jalomita. Napajano podzemnim izvorima i povr\u0161inskim mlazevima koji nose rastvorene sulfate i hloride, prostire se na oko 132 hektara u slivu u obliku slova S, dosti\u017eu\u0107i \u0161irinu izme\u0111u 200 i 800 metara i prote\u017eu\u0107i se 4,2 kilometra od kraja do kraja. Visok sadr\u017eaj minerala u vodi, nekada zabele\u017een na skoro 90 grama po litru krajem devetnaestog veka, vremenom se smanjio jer su kanali izgra\u0111eni 1970-ih ispu\u0161tali vi\u0161ak vode kako bi spre\u010dili lokalne poplave. Danas, maksimalna dubina od oko tri metra pori\u010de njenu raniju dubinu. Pa ipak, \u010dak i pri smanjenoj koncentraciji, hipertoni\u010dne, sulfatirane vode - bogate magnezijumom i natrijumom - zadr\u017eavaju kvalitete dugo cenjene za spolja\u0161nju i unutra\u0161nju balneoterapiju.<\/p>\n<p>Ispod povr\u0161ine jezera le\u017ei sloj crnog sapropelnog blata, debljine izme\u0111u 30 i 60 centimetara, \u010diji sastav svedo\u010di o milenijumima sedimentacije. Ovaj mulj bogat organskim materijama, mastan na dodir i o\u0161trog mirisa od vodonik-sulfida, daje slo\u017eenu me\u0161avinu neorganskih soli i organskih jedinjenja - me\u0111u kojima su natrijum-sulfat, kalcijum, slobodni sumpor, mravlja kiselina i razne aminokiseline. Kada se primenjuje u terapeutske kontekste, pru\u017ea olak\u0161anje generacijama koje su patile od degenerativnog reumatizma ili posttraumatskih posledica. Rane hemijske analize koje je sproveo \u0110or\u0111e Petru Poni 1887. godine prve su istakle ove sastojke, \u0161to je pokrenulo osnivanje rudimentarnih kupatila od strane okru\u017enih vlasti do sredine 1890-ih.<\/p>\n<p>LJudska pri\u010da o Amari, me\u0111utim, prethodi njenoj reputaciji banje nekoliko milenijuma. Arheolo\u0161ki nalazi svedo\u010de o kasnoneolitskom naseljavanju povezanom sa kulturom Bojan, \u0161to ukazuje na to da je ovaj deo rumunske ravnice \u017eiveo u zajednicama ve\u0161tim u grn\u010darstvu i pastirskom izdr\u017eavanju. Pisani zapisi pojavljuju se tokom vladavine kneza Mateija Basaraba u sedamnaestom veku, kada su manastirske zadu\u017ebine prenele zemlji\u0161te na obali crkvenim institucijama u Sloboziji. Dekreti o sekularizaciji iz 1864. godine odveli su ove posede u dr\u017eavne ruke, otvaraju\u0107i put za kasnije naseljavanje pastira iz regiona Fagara\u0161 i Mu\u0161\u010del. Ovi rani stanovnici izgradili su skromne domove od drveta i trske, nazvav\u0161i svoju enklavu Ba\u0161ica Galbena ili Movila Galbena pre nego \u0161to se lokalitet ujedinio pod zastavom Amare izme\u0111u 1879. i 1882. godine.<\/p>\n<p>Naseljavanje se ubrzalo nakon Rumunskog rata za nezavisnost, jer su veterani i mlade porodice dobili parcele poljoprivrednih zemlji\u0161ta. Do po\u010detka dvadesetog veka, Amara je brojala oko 190 doma\u0107instava u op\u0161tini Slobozija Veke. Administrativno priznanje kao zasebne op\u0161tine usledilo je 1903. godine, a me\u0111uratni popisi su zabele\u017eili populaciju od ne\u0161to vi\u0161e od dve hiljade du\u0161a. Reorganizacije sredinom dvadesetog veka dovele su do toga da se Amara prebacuje izme\u0111u regionalnih jurisdikcija, da bi se na kraju vratila u okrug Jalomi\u0107a 1968. godine. Prigradska sela Motalva i Amara Noua su u potpunosti uklju\u010dena do kraja 1970-ih, postavljaju\u0107i temelje za kona\u010dno uzdizanje lokaliteta u status grada po\u010detkom dvadeset prvog veka.<\/p>\n<p>Uprava grada danas je u rukama gradona\u010delnika i lokalnog ve\u0107a od petnaest \u010dlanova. Na poslednjim izborima 2024. godine, Jonuc-Valentin Moraru iz Socijaldemokratske partije preuzeo je mesto gradona\u010delnika, dok ve\u0107e odra\u017eava pluralisti\u010dku me\u0161avinu socijaldemokrata, nacionalnih liberala i predstavnika Saveza za jedinstvo Rumuna. Ovakav politi\u010dki pejza\u017e uti\u010de na odluke koje se kre\u0107u od odr\u017eavanja infrastrukture do odr\u017eivog upravljanja jezerom Amara \u2013 vlasni\u0161tvom dr\u017eave, a njime upravlja regionalna uprava za vode, RA Apele Romane \u2013 SGA Ialomi\u0163a.<\/p>\n<p>Amarini prirodni darovi odavno privla\u010de posetioce koji tra\u017ee terapeutsko olak\u0161anje. Prva javna topla kupatila, izgra\u0111ena od drveta 1905. godine, podlegla su ratnom uni\u0161tenju, da bi ih tokom me\u0111uratnih godina zamenili improvizovani privatni objekti. Posle Drugog svetskog rata, naporima izgra\u0111enim na jezeru, izgra\u0111ene su trajnije zgrade i pla\u017ea za sun\u010danje. Dana\u0161nji banjski kompleks nudi niz tretmana: kupke sa toplim blatom, primene obloga, bazene sa vodom direktno iz jezera, interne terapije sumpornom mineralnom vodom iz bunara, elektroterapiju, medicinsku gimnastiku, fizioterapiju i aerohelioterapiju ispod \u0161uma topole i bagrema.<\/p>\n<p>Balneoklimatski resursi Amare pokrivaju \u0161irok spektar uslova. Spolja\u0161nja primena hipertoni\u010dnog, sulfatisanog vode jezera i sapropelnog blata cilja na reumatske i periferne neurolo\u0161ke poreme\u0107aje, dok unutra\u0161nja konzumacija hipotoni\u010dnog, bikarbonatnog izvorskog blata re\u0161ava holereti\u010dke, diureti\u010dke i metaboli\u010dke tegobe. Sama stepska bioklima \u2013 sa svojim suvim vazduhom i sna\u017enim suncem \u2013 dopunjuje ove modalitete, stvaraju\u0107i okru\u017eenje koje se smatra i stimulativnim i zahtevnim za prirodne homeostatske procese tela.<\/p>\n<p>Lokalna sme\u0161tajna infrastruktura je evoluirala kako bi se uskladila sa terapeutskim profilom odmarali\u0161ta. Preovla\u0111uju hoteli, a svaki nudi posebne objekte za oporavak i privatne pla\u017ee. Kompleks Lebada, kojim upravljaju nacionalne sindikalne konfederacije, pru\u017ea sme\u0161taj sa dve zvezdice za skoro hiljadu gostiju, dok hotel Jalomi\u0107a u okviru Ministarstva rada i socijalne za\u0161tite mo\u017ee da primi blizu petsto gostiju. Privatnim investicijama je renoviran kompleks Park Spa, \u010diji hotel Park sa tri zvezdice i hotel Dana sa \u010detiri zvezdice zajedno nude preko petsto kreveta. Vila poznata kao Irina, kojom upravlja Nacionalna uprava za zatvore, dodaje dodatni kapacitet za specijalizovane boravke.<\/p>\n<p>Pored formalnih hotela, od 1975. godine radi de\u010dji kamp sme\u0161ten u \u0161umarcima bagrema i vo\u0107njacima oraha, koji je tokom dana namenjen mladim posetiocima i \u010duva rusti\u010dni \u0161arm. Brvnare, mesta za \u0161atore i moteli ra\u0161trkani su po periferiji, odra\u017eavaju\u0107i gostoprimstvo obi\u010dnih ljudi koje dopunjuje institucionalniju ponudu. Nekoliko pla\u017ea - neke rezervisane za goste odre\u0111enih hotela, jedna ure\u0111ena za decu unutar kampa, pa \u010dak i privatni nudisti\u010dki deo - svedo\u010de o raznovrsnoj rekreativnoj privla\u010dnosti odmarali\u0161ta.<\/p>\n<p>Iako je koncentracija soli u vodama jezera Amara opala od devetnaestog veka, lokacija zadr\u017eava ekolo\u0161ki zna\u010daj. Prepoznato kao posebno za\u0161ti\u0107eno podru\u010dje za ptice, njegova okolina podr\u017eava gne\u017e\u0111enje i migraciju ptica, uklju\u010duju\u0107i malu \u010daplju, sivu \u010daplju, belu rodu i stubastu. Okolna stepa, u velikoj meri transformisana poljoprivredom, ipak \u010duva d\u017eepove travnate flore u kojoj dominiraju trave i mahunarke, nude\u0107i stani\u0161te za male sisare i insekte koji \u010dine lanac ishrane.<\/p>\n<p>Dublja naracija Amare le\u017ei u me\u0111uigri ljudskog napora i ekolo\u0161kog bogatstva. Od bojanskih grn\u010dara du\u017e neolitskih obala, preko manastirskih zemljoposednika i pastoralnih doseljenika, do modernih administratora i posetilaca banja, svaka naredna generacija je tuma\u010dila karakteristike ravnice kroz sopstvenu prizmu nu\u017enosti i te\u017enji. Mineralno bogatstvo jezera oblikovalo je ekonomije brige; njegove vode i blato privla\u010dili su nau\u010dna istra\u017eivanja i lai\u010dke terapeute u podjednakoj meri. Administrativne karte su precrtavale granice i prilago\u0111avale upravljanje, ali fizi\u010dko okru\u017eenje \u2013 lesni slojevi, podzemni izvori, beskrajno nebo \u2013 ostalo je konstantno, vode\u0107i i uzgoj i le\u010denje.<\/p>\n<p>Savremena Amara nosi ovo nasle\u0111e dalje, balansiraju\u0107i svoj dvostruki identitet kao op\u0161tinskog centra i odmarali\u0161ta. Godi\u0161nji broj posetilaca, posebno me\u0111u starijim osobama koje tra\u017ee peloidnu i hidroterapiju, prelazi \u010detrnaest hiljada, \u0161to isti\u010de trajnu privla\u010dnost njenog terapeutskog pejza\u017ea. Istovremeno, lokalni lideri se suo\u010davaju sa pitanjima demografskog pada, upravljanja resursima i ekolo\u0161ke za\u0161tite, svesni da zdravlje jezera podr\u017eava i kulturno pam\u0107enje i ekonomsku vitalnost.<\/p>\n<p>U svom sada\u0161njem obliku, Amara predstavlja mesto preseka: izme\u0111u stepe i banje, izme\u0111u administrativnog centra i ruralnog zale\u0111a, izme\u0111u istorijskog kontinuiteta i moderne potrebe. NJene ulice vode ka poljima koja su nekada bila mesta neolitskih zajednica i ka vodama koje podse\u0107aju na poplavnu ravnicu nestale reke. U odmerenom ritmu njenih tretmana i suptilnim promenama godi\u0161njih doba, uo\u010dava se mesto oblikovano koliko njegovom geolo\u0161kom pro\u0161lo\u0161\u0107u, toliko i vekovima ljudskog delovanja. Ova simbioza zemlje i sredstava za \u017eivot, sedimenta i naselja, defini\u0161e Amaru dublje od bilo koje pojedina\u010dne statistike ili objekta \u2013 \u017eivi dokaz na\u010dina na koje se prirodni darovi i ljudska odlu\u010dnost mogu spojiti na ravnicama Muntenije.<\/p>","protected":false},"excerpt":{"rendered":"<p>LJudi iz Amare, malog grada u ravnici Baraganuluj u rumunskom regionu Muntenija, okrug Jalomi\u017ea, u\u017eivaju na odli\u010dnoj lokaciji. I zaselak Amara i selo Amara Noua su deo op\u0161tine Amara, koja se nalazi 7 kilometara severozapadno od Slobozije. Na samo 2 kilometra od centra grada nalazi se poznato balneo-klimatsko odmarali\u0161te Amara, koje je deo gradske administrativne zone.<\/p>","protected":false},"author":1,"featured_media":17599,"parent":11908,"menu_order":0,"comment_status":"closed","ping_status":"closed","template":"elementor_theme","meta":{"_eb_attr":"","footnotes":""},"class_list":["post-17010","page","type-page","status-publish","has-post-thumbnail"],"_links":{"self":[{"href":"https:\/\/travelshelper.com\/sr\/wp-json\/wp\/v2\/pages\/17010","targetHints":{"allow":["GET"]}}],"collection":[{"href":"https:\/\/travelshelper.com\/sr\/wp-json\/wp\/v2\/pages"}],"about":[{"href":"https:\/\/travelshelper.com\/sr\/wp-json\/wp\/v2\/types\/page"}],"author":[{"embeddable":true,"href":"https:\/\/travelshelper.com\/sr\/wp-json\/wp\/v2\/users\/1"}],"replies":[{"embeddable":true,"href":"https:\/\/travelshelper.com\/sr\/wp-json\/wp\/v2\/comments?post=17010"}],"version-history":[{"count":0,"href":"https:\/\/travelshelper.com\/sr\/wp-json\/wp\/v2\/pages\/17010\/revisions"}],"up":[{"embeddable":true,"href":"https:\/\/travelshelper.com\/sr\/wp-json\/wp\/v2\/pages\/11908"}],"wp:featuredmedia":[{"embeddable":true,"href":"https:\/\/travelshelper.com\/sr\/wp-json\/wp\/v2\/media\/17599"}],"wp:attachment":[{"href":"https:\/\/travelshelper.com\/sr\/wp-json\/wp\/v2\/media?parent=17010"}],"curies":[{"name":"wp","href":"https:\/\/api.w.org\/{rel}","templated":true}]}}