{"id":16989,"date":"2024-09-24T16:50:33","date_gmt":"2024-09-24T16:50:33","guid":{"rendered":"https:\/\/travelshelper.com\/staging\/?page_id=16989"},"modified":"2026-03-12T19:43:13","modified_gmt":"2026-03-12T19:43:13","slug":"serra-de-monchike","status":"publish","type":"page","link":"https:\/\/travelshelper.com\/sr\/destinations\/europe\/portugal\/serra-de-monchique\/","title":{"rendered":"Serra de Monchike"},"content":{"rendered":"<p>Sera de Mon\u010dike se naglo uzdi\u017ee iz valovitih ravnica zapadnog Algarvea, kompaktnog planinskog lanca sme\u0161tenog otprilike dvadeset kilometara u unutra\u0161njosti, koji se ipak ubraja me\u0111u najistaknutije uzvi\u0161enja ju\u017enog Portugala. NJegov najvi\u0161i vrh, Foja, dosti\u017ee 902 metra nadmorske visine i nalazi se na 172,69 kilometara udaljenosti, \u0161to ga \u010dini i najvi\u0161om ta\u010dkom u Algarveu i jednim od najusamljenijih vrhova Portugala. Sekundarni najvi\u0161i vrh, Pikota, dosti\u017ee 774 metra, dodaju\u0107i dubinu skromnom, ali upe\u010datljivom profilu venca. Ra\u0161trkano po njegovim padinama i dolinama, malobrojno, raspr\u0161eno stanovni\u0161tvo odr\u017eava vekovne veze sa ovim terenom, gde se geografija, geologija, flora i fauna prepli\u0107u stvaraju\u0107i mesto jedinstvenog karaktera.<\/p>\n<p>Status planinskog venca kao najjugozapadnijeg planinskog pojasa Iberijskog poluostrva temelji njegov jedinstveni identitet. Ovde se uticaj ubla\u017eavanja Atlantika spaja sa nadmorskom visinom. Preovla\u0111uju vla\u017eni suptropski uslovi, \u0161to daje prose\u010dnu godi\u0161nju koli\u010dinu padavina izme\u0111u 1.000 i 2.000 milimetara. Blage temperature i obilna vlaga odr\u017eavaju bujnu matricu vegetacije tipi\u010dniju za umerene regione nego za obi\u010dno su\u0161na okru\u017eenja Algarvea. Hrast mon\u010dik i obi\u010dan hrast uspevaju pored vrsta koje se retko nalaze tako daleko na jugu - kesteni, portugalski hrastovi i \u010dvrsti hrast roble isprekidaju padine, evociraju\u0107i \u0161umovito carstvo u kontrapunktu nizijskim ravnicama.<\/p>\n<p>Me\u0111utim, ove \u0161ume su duboko izmenjene ljudskim delovanjem. Sredinom 1970-ih, ogromni delovi autohtonih \u0161uma pretvoreni su u planta\u017ee eukaliptusa, bora i akacije. Iako ova brzorastu\u0107a drve\u0107a podr\u017eavaju komercijalne ciljeve i industriju celuloze, ona nanose visok ekolo\u0161ki danak: iscrpljuju rezerve podzemnih voda, suzbijaju biodiverzitet podrasta i podsti\u010du okru\u017eenje u kojem nekada vi\u0161egodi\u0161nji potoci presu\u0161uju ve\u0107i deo godine. Prelazak sa autohtonih \u0161uma na \u0161umarstvo za proizvodnju kov\u010de\u017enih useva poremetio je ravnote\u017eu koja je odr\u017eavala i floru i faunu, ostavljaju\u0107i endemske vrste ranjivim, a lokalne vodene puteve smanjenim.<\/p>\n<p>Me\u0111u zajednicama koje neguju ova brda, Mon\u010dike je dalo ime celom planinskom vencu. Sme\u0161ten usred zelenih padina, grad stoji kao svedo\u010danstvo trajnog kulturnog kontinuiteta. NJegove uske ulice, bele fasade i granitom poplo\u010dani trgovi svedo\u010de o generacijama koje su izdr\u017eavale \u017eivot od poljoprivrede, \u0161umarstva i lekovitih voda ovih planina. U blizini se nalazi banjski grad Kaldas de Mon\u010dike koji koristi geotermalne izvore za koje se ka\u017ee da poseduju terapeutska svojstva. Kapela tamo, sme\u0161tena me\u0111u \u0161umama magnolije \u2013 me\u0111u kojima se nalazi i najve\u0107a u Evropi \u2013 gleda na termalni kompleks i park bujne vegetacije koja uspeva zahvaljuju\u0107i vla\u017enosti i plodnom zemlji\u0161tu koje poti\u010de od magmatskih stena.<\/p>\n<p>Ta zemlji\u0161ta duguju svoje bogatstvo foaitu, lokalnoj varijanti nefelin-sijenita nazvanoj po svom tipi\u010dnom lokalitetu u Foji. Sera de Mon\u010dik je deo kasnokredne Iberijske alkalne magmatske provincije, geolo\u0161ke provincije koja objedinjuje kopnene intruzije sa priobalnim karakteristikama kao \u0161to je podmorska planina Ormonde u Goring banci. Sama intruzija Mon\u010dik prostire se na pribli\u017eno 63 kvadratna kilometra, \u0161to je \u010detvrto najve\u0107e mijaskitsko nefelin-sijenitsko telo koje je do sada dokumentovano. NJen \u0161iroko lakolitski oblik se zaklju\u010duje na osnovu glatkog kontakta sa formacijom Brejera koja ga okru\u017euje, gde se psamit, \u0161kriljac i lapor pojavljuju u nazubljenim izdancima.<\/p>\n<p>Unutar jezgra venca, pegmatiti sli\u010dnog fojaitskog sastava pojavljuju se na dva razli\u010dita lokaliteta, dok se povezani roj lamprofira i pikrita prote\u017ee skoro tri kilometra od Foje. Ove karakteristike pru\u017eaju uvid u plutonske i vulkanske sile koje su oblikovale temeljnu stenu regiona tokom opadaju\u0107e krede. Na zapadu, neravni reljef formacije Brejera useca dramati\u010dne klisure i strme kanjone, a njihovi goli slojevi psammita i lapora o\u0161tro se razlikuju od gla\u0111ih padina sijenitskih planina.<\/p>\n<p>Hidrolo\u0161ki gledano, Sera de Mon\u010dike slu\u017ei kao izvor nekoliko glavnih reka Algarvea. Ribeira de Sej\u0161e, Ribeira de Al\u017eezur (poznata i kao da Serka) i Ribeira de Odija\u0161ere, zajedno sa manjim potocima kao \u0161to su Ribeira de Mon\u010dike i Ribeira de Boina, sve izviru unutar njenih visoravni. Ovi vodeni tokovi ne samo da navodnjavaju nizvodnu poljoprivredu ve\u0107 i hrane priobalne ekosisteme. Istorijski gledano, mnogi od ovih potoka su tekli tokom cele godine; me\u0111utim, od intenziviranja uzgoja eukaliptusa 1976. godine, oni \u010desto presu\u0161uju, a regionalni nivo podzemnih voda je pokazao zna\u010dajan pad, ugro\u017eavaju\u0107i i ljudske i ekolo\u0161ke zajednice.<\/p>\n<p>Sera de Mon\u010dike je dom flore i faune od zna\u010dajnog zna\u010daja za o\u010duvanje. Bonelijev orao, veli\u010danstvena grabljivica \u010diji se lovni prostor nekada prostirao na ve\u0107em delu ju\u017ene Evrope, sada se suo\u010dava sa lokalnim istrebljenjem jer se pogodna mesta za gne\u017e\u0111enje smanjuju, a plen postaje oskudan. Sli\u010dno ugro\u017een je iberijski smaragdni gu\u0161ter, jarko obojena vrsta ljuskave ribe koja zavisi od hladnijih, vla\u017enijih mikroklima \u0161umovitih padina venca. Obe vrste, izme\u0111u ostalog, za\u0161ti\u0107ene su direktivama Evropske unije, a podru\u010dje je ozna\u010deno kao Natura 2000 podru\u010dje PTCON0037, navedeno kao posebno za\u0161ti\u0107eno podru\u010dje za ptice i podru\u010dje od zna\u010daja za zajednicu za stani\u0161ta.<\/p>\n<p>Iako oznaka Natura 2000 pru\u017ea pravni okvir za za\u0161titu prirode, efikasno upravljanje ostaje veliki izazov. Hidrolo\u0161ki stres izazvan neautohtonim planta\u017eama nastavlja da potkopava priobalne koridore. Iscrpljivanje podzemnih voda pogor\u0161ava rizik od \u0161umskih po\u017eara i erodira plodnost zemlji\u0161ta. Pa ipak, inherentna otpornost mon\u010di\u010dkog hrasta i obi\u010dnog hrasta, zajedno sa d\u017eepovima kestena i portugalskog hrasta, nudi osnovu na kojoj se mogu nadograditi napori za obnovu. Lokalne inicijative za zamenu eukaliptusa autohtonim vrstama i za po\u0161umljavanje priobalnih za\u0161titnih zona su zapo\u010dete, ali napredak je postepen.<\/p>\n<p>Uprkos ovim pritiscima, Sera de Mon\u010dike zadr\u017eava gotovo opipljiv ose\u0107aj mesta. NJegovi vrhovi pru\u017eaju panoramski pogled na Atlantik i priobalne ravnice Algarvea; u zoru se magla \u010desto skuplja u dolinama, daju\u0107i pejza\u017eu tihu veli\u010dinu. Impozantna magnolija Kaldas de Mon\u010dikea stoji kao nemi svedok preplitanja geologije, klime i ljudske istorije. Ispod njenih grana, mineralni izvori privla\u010de posetioce od anti\u010dkih vremena, njihove vode izviru iz razbijenih stena zagrejanih na dubini.<\/p>\n<p>Vitalnost ovog regiona zavisi od ravnote\u017ee izme\u0111u kori\u0161\u0107enja i o\u010duvanja. Plodna zemlji\u0161ta \u2013 negovana vla\u017enim suptropskim ki\u0161ama i mineralnim bogatstvom fojaita \u2013 podr\u017eavaju i tradicionalne vo\u0107njake i poljoprivredu sa malim uticajem na \u017eivotnu sredinu u nastajanju. Modeli agro\u0161umarstva koji isprepli\u0107u autohtone hrastove sa vo\u0107kama i maslinama obe\u0107avaju odr\u017eive izvore sredstava za \u017eivot, uz istovremeno pobolj\u0161anje biodiverziteta. Kako turizam usmeren na prirodu i blagostanje raste, zainteresovane strane se suo\u010davaju sa zadatkom da prime posetioce bez erodiranja samih kvaliteta koji o\u017eivljavaju planine.<\/p>\n<p>U svojoj sr\u017ei, Sera de Mon\u010dike predstavlja primer me\u0111usobnog delovanja prirodnih sila i ljudskog napora. NJegove staze poplo\u010dane granitom i osen\u010dene staze prate puteve koje su izrezali geolo\u0161ki preokreti, ali tako\u0111e prate i stope generacija koje su sekle drvo, obra\u0111ivale vinograde i tra\u017eile utehu u termalnim bazenima. Reke koje ovde izviru nose pri\u010du o ovim visinama u ravnice, povezuju\u0107i visoravni sa obalom. Izazov koji je pred nama le\u017ei u o\u010duvanju integriteta geologije, hidrologije i ekologije, uz istovremeno odr\u017eavanje kulturnih tradicija koje ovom vencu daju njegov identitet.<\/p>\n<p>Niti vulkanske istorije, \u0161umske ekologije i ljudskog stanovanja su neraskidive. O\u010duvanje jedinstvenih ekosistema \u2013 od kestenovih gajeva do mesta za gne\u017e\u0111enje orlova \u2013 zahteva posve\u0107enost preokretanju \u0161tetne upotrebe zemlji\u0161ta i negovanju autohtonih \u0161uma. Uskla\u0111ivanjem o\u010duvanja prirode sa odr\u017eivim na\u010dinima \u017eivota i svesnim turizmom, region mo\u017ee da odr\u017ei svoje \u0161ume vla\u017ene klime, vi\u0161egodi\u0161nje potoke i termalne izvore. Na taj na\u010din \u0107e se osigurati da vrhovi Foje i Pikote ostanu ne samo geolo\u0161ki spomenici ve\u0107 i \u017eivi pejza\u017ei, gde se duboko vreme prirode i ljudska istorija nastavljaju odvijati.<\/p>","protected":false},"excerpt":{"rendered":"<p>Sera de Monchikue je istaknuti planinski lanac koji se nalazi u zapadnom regionu Algarve u Portugalu, otprilike 20 kilometara u unutra\u0161njosti od obale. Na jugozapadu Iberijskog poluostrva, ova neverovatna geolo\u0161ka formacija - dom male populacije koja je raspr\u0161ena po njegovim padinama i dolinama - \u010dini spomenik prirode.<\/p>","protected":false},"author":1,"featured_media":17473,"parent":12065,"menu_order":0,"comment_status":"closed","ping_status":"closed","template":"elementor_theme","meta":{"_eb_attr":"","footnotes":""},"class_list":["post-16989","page","type-page","status-publish","has-post-thumbnail"],"_links":{"self":[{"href":"https:\/\/travelshelper.com\/sr\/wp-json\/wp\/v2\/pages\/16989","targetHints":{"allow":["GET"]}}],"collection":[{"href":"https:\/\/travelshelper.com\/sr\/wp-json\/wp\/v2\/pages"}],"about":[{"href":"https:\/\/travelshelper.com\/sr\/wp-json\/wp\/v2\/types\/page"}],"author":[{"embeddable":true,"href":"https:\/\/travelshelper.com\/sr\/wp-json\/wp\/v2\/users\/1"}],"replies":[{"embeddable":true,"href":"https:\/\/travelshelper.com\/sr\/wp-json\/wp\/v2\/comments?post=16989"}],"version-history":[{"count":0,"href":"https:\/\/travelshelper.com\/sr\/wp-json\/wp\/v2\/pages\/16989\/revisions"}],"up":[{"embeddable":true,"href":"https:\/\/travelshelper.com\/sr\/wp-json\/wp\/v2\/pages\/12065"}],"wp:featuredmedia":[{"embeddable":true,"href":"https:\/\/travelshelper.com\/sr\/wp-json\/wp\/v2\/media\/17473"}],"wp:attachment":[{"href":"https:\/\/travelshelper.com\/sr\/wp-json\/wp\/v2\/media?parent=16989"}],"curies":[{"name":"wp","href":"https:\/\/api.w.org\/{rel}","templated":true}]}}