{"id":16869,"date":"2024-09-24T00:46:21","date_gmt":"2024-09-24T00:46:21","guid":{"rendered":"https:\/\/travelshelper.com\/staging\/?page_id=16869"},"modified":"2026-03-12T16:31:35","modified_gmt":"2026-03-12T16:31:35","slug":"merano","status":"publish","type":"page","link":"https:\/\/travelshelper.com\/sr\/destinations\/europe\/italy\/merano\/","title":{"rendered":"Merano"},"content":{"rendered":"<p>Merano je op\u0161tina u Ju\u017enom Tirolu, u severnoj Italiji, dom za pribli\u017eno 41.000 stanovnika na povr\u0161ini od 31,3 kvadratna kilometra. Sme\u0161ten na 324 metra nadmorske visine, grad se nalazi u kotlini na u\u0161\u0107u tri doline - Val Venosta, Val Pasirija i Val d&#039;Adi\u0111e - i ima strate\u0161ki polo\u017eaj prema dolinama Pasije i Vin\u0161gau. Okru\u017een vrhovima koji se uzdi\u017eu do 3.480 metara, umerena klima Merana dugo je temeljila njegovu reputaciju vrhunskog banjskog odmarali\u0161ta i centra kulturnog procvata.<\/p>\n<p>Geolo\u0161ka kolevka Merana definisana je gle\u010derski oblikovanim basenom kroz koji proti\u010de bujica Pasirio pre nego \u0161to se ulije u Adi\u0111e. Na severu i zapadu, grupa Tesa probija nebo na 3.480 metara, dok plato Salto dose\u017ee 2.800 metara na istoku. Ovaj amfiteatar vrhova \u0161titi grad od nepovoljnih severnih vetrova, stvaraju\u0107i okru\u017eenje u kojem vinogradi i vo\u0107njaci cvetaju do same ivice grada. \u010cak i unutar granica gradskog perimetra, redovi vinove loze poznati kao Meraner Lajten upli\u0107u se u gradski pejza\u017e, daju\u0107i lagano crveno vino koje se najbolje konzumira u mladosti. Vo\u0107njaci koji daju jabu\u010dasto vo\u0107e prote\u017eu se dalje, a njihov izvoz sti\u017ee na tr\u017ei\u0161ta \u0161irom Evrope, dok na periferiji pivara Forst proizvodi piva koja su postala osnovna u Italiji i \u0161ire.<\/p>\n<p>Od svog najranijeg pominjanja kao Meran (nema\u010dki) ili Merano (italijanski), op\u0161tina je nosila dvostruki identitet. Ladinsko ime, Maran, pojavljuje se samo u lokalnoj upotrebi, ali sva tri imena odjekuju u dvojezi\u010dnom miljeu grada. Zvani\u010dni nazivi - Comune di Merano na italijanskom i Stadtgemeinde Meran na nema\u010dkom - koriste se naizmeni\u010dno u op\u0161tinskoj dokumentaciji. Ovaj dualitet odra\u017eava ravnomernu podelu jezika me\u0111u stanovnicima: od 2024. godine, 51,37% govori italijanski kao maternji jezik, 48,26% nema\u010dki, a mala ladinska manjina i dalje postoji.<\/p>\n<p>Srednjovekovno srce Merana zadr\u017ealo je svoja originalna utvr\u0111enja, izra\u017eena u tri impozantna vrata: Vin\u0161gauer Tor, Pasajrer Tor i Bocener Tor. Pored njega stoji Orten\u0161tajn kula, popularno poznata kao Pulverturm ili \u201ebarutna kula\u201c, kameni stra\u017ear koji podse\u0107a na nekada\u0161nji odbrambeni polo\u017eaj grada. Unutar ovih zidova od sivog zida, Kne\u017eevski zamak \u2013 ili Landesfirstlihe Burg \u2013 po\u010diva kao svedo\u010danstvo arhitekture 15. veka i nekada je bio rezidencija nadvojvode \u017digmunda od Austrije. Nedaleko, uzdi\u017ee se gotska gra\u0111evina crkve Svetog Nikole, \u010diji \u0161iljati lukovi i vitra\u017ei datiraju iz istog veka, dok skromna kapela Svete Barbare nudi mirniji odraz odanosti tog doba.<\/p>\n<p>Prelaze\u0107i preko reke Paser, kameni most \u0160tajnerner Steg iz 17. veka pru\u017ea i prolaz i vidikovac, a njegovi izlizani parapeti svedo\u010de vekovima prolaza. Na ju\u017enim obalama reke nalaze se lu\u010dne \u0161etali\u0161ta Vandelhale, a njihove svodne kolonade nude skloni\u0161te i hlad \u0161eta\u010dima od sredine 19. veka. Ova \u0161etali\u0161ta nalaze se pored paviljona Kurhaus, elegantnog ostatka uspona Merana kao banjskog grada kada je carica Elizabeta Austrijska zapo\u010dela svoje posete u drugoj polovini 19. veka. Susedni park carice Elizabete ostaje zelena enklava koja obele\u017eava njeno pokroviteljstvo.<\/p>\n<p>Industrijska i gra\u0111anska ekspanzija nastavila se i u 20. veku. Nakon aneksije Ju\u017enog Tirola od strane Italije 1919. godine, fa\u0161isti\u010dke vlasti su 1920-ih podigle novu gradsku ku\u0107u, \u010diji racionalisti\u010dki dizajn je bio u o\u0161troj suprotnosti sa srednjovekovnim i gotskim elementima starog grada. Na periferiji, zamak Trautmansdorf predvodi ba\u0161te botani\u010dkog zna\u010daja; od 2003. godine njegov Muzej turizma bele\u017ei evoluciju putovanja u pokrajini. Tirolski zamak, po kome je \u0161iri region dobio ime, nalazi se na maloj udaljenosti, ozna\u010davaju\u0107i granicu sa Austrijom i potvr\u0111uju\u0107i ulogu Merana kao raskrsnice.<\/p>\n<p>Klimatski, Merano delikatno balansira izme\u0111u okeanskih, vla\u017enih suptropskih i kontinentalnih uticaja. Zvani\u010dno klasifikovan kao Cfb, grani\u010di se sa Cfa, sa prose\u010dnom dnevnom temperaturom u julu od ne\u0161to manje od 22 \u00b0C, \u0161to je u proseku ispod suptropskih kriterijuma. Zime, sa no\u0107nim minimumima izme\u0111u \u20134 i \u20132 \u00b0C, daju gradu kontinentalnu o\u0161trinu, dok leti imaju maksimume od 27 do 30 \u00b0C i no\u0107i izme\u0111u 12 i 15 \u00b0C. Padavine dosti\u017eu vrhunac u avgustu od 96 mm, a oseka u februaru na 25 mm. Ovi zapisi, vo\u0111eni na stanici Merano\/Grat\u010d od 1983. do 2017. godine, temelj su poljoprivrednog prosperiteta regiona.<\/p>\n<p>Kulturni \u017eivot u Meranu prote\u017ee se daleko izvan njegovih banja i vinograda. Od 1986. godine, Meranske muzi\u010dke nedelje se odr\u017eavaju svakog leta u paviljonu Kurhaus, privla\u010de\u0107i me\u0111unarodne orkestre da nastupe na festivalu osmi\u0161ljenom povodom 150. godi\u0161njice osnivanja banje. Po\u010dev\u0161i od 1997. godine, MeranoD\u017dez se fokusira na poznate d\u017eez umetnike, a od 2002. godine je doma\u0107in Srednjeevropske d\u017eez akademije kako bi premostio italijanske i nema\u010dke muzi\u010dke tradicije. Privla\u010de\u0107i i velikane i studente, dodela akademije umetniku u rezidenciji dodatno u\u010dvr\u0161\u0107uje umetni\u010dko poreklo Merana.<\/p>\n<p>Knji\u017eevna dostignu\u0107a se odaju po\u010dasti kroz dvogodi\u0161nju nagradu \u201eMeraner Lyrikpreis\u201c, otvorenu 1993. godine, koju ocenjuje me\u0111unarodni \u017eiri. Me\u0111u istaknutim dobitnicima su Kurt Dravert, Katrin \u0160mit i Ulrike Almut Sandig. Pored toga, od 1995. godine Me\u0111unarodna knji\u017eevna nagrada Merano-Evropa prepoznaje izvrsnost u fikciji i prevodu, koju dodeljuje klub Pasirio u saradnji sa izdava\u010dkim i regionalnim umetni\u010dkim organizacijama. Godine 2017. grad se prijavio na takmi\u010denje za Italijansku prestonicu kulture 2020. godine, plasirav\u0161i se me\u0111u deset najboljih me\u0111u gradovima sa istorijom kao \u0161to su Parma i Re\u0111o Emilija.<\/p>\n<p>Merano obele\u017eavanje boravka Franca Kafke 1920. godine oblikovano je kroz dve me\u0111unarodne konferencije (2020. i 2024.) i posve\u0107ivanjem pjacete Kafki i Mileni Jesenskoj. Ovi gestovi odra\u017eavaju trajnu knji\u017eevnu svest, onu koja dopunjuje gradske muzeje i galerije: Turisti\u010dki muzej u zamku Trautmansdorf; Gradski muzej u biv\u0161em hotelu; Muzej kne\u017eevskog zamka; i Jevrejski muzej u jedinoj sinagogi u Ju\u017enom Tirolu. Komplementarni prostori uklju\u010duju \u017denski muzej Evelin Ortner, Gradsku umetni\u010dku galeriju Merana i Galeriju Bele umetnosti, a svaka nudi perspektive o rodu, savremenoj umetnosti i arhitekturi.<\/p>\n<p>Merano je podeljen rekom Paser na dva glavna orografska brega. Sa desne strane nalaze se staro jezgro i okrug \u0160tajnah; sa leve strane, Maja Alta i Maja Basa. Kvarace zauzima severozapadni kraj na padinama Tese, dok se Labers prote\u017ee preko isto\u010dnih padina Monte Zokola. Na jugu Sinigo slu\u017ei kao industrijska i komercijalna zona, topografijom odvojena od istorijskog centra. Od 19. veka, status grada kao le\u010dili\u0161ta usmeravao je pa\u017enju na starije posetioce koji tra\u017ee odmor; do kraja 20. i po\u010detka 21. veka, diverzifikovana ponuda i rastu\u0107i me\u0111unarodni turizam preokrenuli su demografiju starijih osoba i pro\u0161irili privla\u010dnost me\u0111u generacijama.<\/p>\n<p>Saobra\u0107ajne mre\u017ee su pobolj\u0161ale pristupa\u010dnost Merana. Brener linija je zaobi\u0111ena u korist MeBo-a, autoputa sa \u010detiri trake koji povezuje grad sa Bolcanom 30 km ju\u017eno i dalje sa autoputem A22. \u017delezni\u010dka pruga Bolcano\u2013Merano je paralelna sa autoputem i prote\u017ee se zapadno u Val Venostu preko linije Vin\u0161gau. Iz Bolcana, vozovi polaze otprilike svakih 40 minuta, sa dostupnom integrisanom prodajom karata. Autobuske linije, kojima upravljaju SASA i SAD, saobra\u0107aju na svakih sat vremena izme\u0111u Bolcana i Merana, sa sni\u017eenim cenama za vlasnike vrednosnih kartica. Me\u0111unarodne autobuske linije sti\u017eu u Bolcano, odakle su dalje veze redovne.<\/p>\n<p>Unutar Merana, devet dnevnih autobuskih linija i jedna no\u0107na linija prevoze stanovnike i posetioce izme\u0111u 06:00 i 01:00. Autobusi se pridr\u017eavaju sistema po\u010dasti \u2014 validirana karta va\u017ei 45 minuta \u2014 a zaustavljanja na zahtev zahtevaju ru\u010dni signal za izlazak ili ukrcavanje. \u017di\u010dara povezuje Merano sa selom na vrhu brda Tirol izme\u0111u aprila i novembra. Taksiji rade na poziv preko Radio Taksija ili privatnih slu\u017ebi za iznajmljivanje. Mre\u017ea bicikala, iako manje obimna od one u Bolcanu, nudi besplatan iznajmljivanje od prole\u0107a do sredine oktobra na lokacijama kao \u0161to su \u017eelezni\u010dka stanica, zgrada banje i teniski centar, uz povratni depozit.<\/p>\n<p>Automobili u gradskom jezgru su generalno suvi\u0161ni, a parking je oskudan. Zimi, mere za smanjenje emisije ograni\u010davaju vozila Evro 0 standarda \u0161irom grada, a u danima sa visokim zaga\u0111enjem \u010dak se i automobili Evro 1 standarda suo\u010davaju sa zabranama. Takvi propisi odra\u017eavaju dugogodi\u0161nju posve\u0107enost Merana za\u0161titi \u017eivotne sredine.<\/p>\n<p>Rekreacija obuhvata i kultivisane i divlje aktivnosti. Termalne vode izbijaju kroz moderni spa centar na suprotnoj obali Pasirija, gde prirodna radioaktivnost poja\u010dava terapeutske privla\u010dnosti. Javni otvoreni bazeni, klizali\u0161te, 15 teniskih terena (od kojih su \u010detiri pokrivena), \u0161kola konji\u0161tva i prepona i teren za mini golf zadovoljavaju razli\u010dite ukuse. Brzaci Pasirija bili su doma\u0107ini Svetskog prvenstva u kanu slalomu (1971, 1983) i Evropskog kupa (1980). \u0160etnja Tapajner, koju je osmislio dr Tapajner i poklonio gradu 1892. godine, prati gle\u010dersku padinu od planine Sveti Benedeto do klisure Gilf, nude\u0107i nesmetan panoramski pogled.<\/p>\n<p>Izvan grada, staze se prote\u017eu do Merana\/o 2000 na obli\u017enjim visinama, mesta gde se nalaze i letnje \u0161etnice i zimske skija\u0161ke staze. Masiv Hircer i dolina Ultimo nude dodatne skija\u0161ke staze, a na sat vremena vo\u017enje nalazi se gle\u010der \u0160nalstal, koji omogu\u0107ava letnje skijanje na sne\u017enim poljima. Za \u0161eta\u010de i penja\u010de, zamr\u0161ena mre\u017ea staza i alpskih koliba isti\u010de dvostruki identitet Merana kao uto\u010di\u0161ta odmora i mesta za po\u010detak alpskih poduhvata.<\/p>\n<p>Meranova pri\u010da je pri\u010da o kontinuiranom preoblikovanju usred trajnosti njegovih planina. Od srednjovekovnih kapija do modernih galerija, od spa paviljona do d\u017eez akademija, grad ostaje istovremeno istorijski i dinami\u010dan. Svaka njegova ulica govori o carskim posetama i lokalnim radovima, njegovi festivali me\u0161aju jezike i tradicije, njegova klima neguje vinograde i vo\u0107njake, a njegovi ljudi odr\u017eavaju \u017eivi spoj italijanske, nema\u010dke i ladinske kulture. U ovoj fuziji, Merano stoji kao svedo\u010danstvo mogu\u0107nosti harmonije izme\u0111u tradicije i inovacije, izme\u0111u odmora i anga\u017eovanja \u2013 mesto gde svako godi\u0161nje doba otkriva druga\u010diji aspekt istog bezvremenskog basena.<\/p>","protected":false},"excerpt":{"rendered":"<p>Merano, \u017eivopisna op\u0161tina u Ju\u017enom Tirolu, severna Italija, sa populacijom od oko 41.000 stanovnika. Ovaj \u017eivopisni grad, sme\u0161ten u basenu okru\u017eenom visokim planinama, predstavlja primer besprekorne integracije prirodnih lepota i ljudske kreativnosti. Sme\u0161ten na spoju tri istaknute doline - Val Venosta, Val Pasiria i Val d&#039;Adige - Merano deluje kao ulazna ta\u010dka za neke od najlep\u0161ih pejza\u017ea u ovoj oblasti.<\/p>","protected":false},"author":1,"featured_media":17524,"parent":11663,"menu_order":0,"comment_status":"closed","ping_status":"closed","template":"elementor_theme","meta":{"_eb_attr":"","footnotes":""},"class_list":["post-16869","page","type-page","status-publish","has-post-thumbnail"],"_links":{"self":[{"href":"https:\/\/travelshelper.com\/sr\/wp-json\/wp\/v2\/pages\/16869","targetHints":{"allow":["GET"]}}],"collection":[{"href":"https:\/\/travelshelper.com\/sr\/wp-json\/wp\/v2\/pages"}],"about":[{"href":"https:\/\/travelshelper.com\/sr\/wp-json\/wp\/v2\/types\/page"}],"author":[{"embeddable":true,"href":"https:\/\/travelshelper.com\/sr\/wp-json\/wp\/v2\/users\/1"}],"replies":[{"embeddable":true,"href":"https:\/\/travelshelper.com\/sr\/wp-json\/wp\/v2\/comments?post=16869"}],"version-history":[{"count":0,"href":"https:\/\/travelshelper.com\/sr\/wp-json\/wp\/v2\/pages\/16869\/revisions"}],"up":[{"embeddable":true,"href":"https:\/\/travelshelper.com\/sr\/wp-json\/wp\/v2\/pages\/11663"}],"wp:featuredmedia":[{"embeddable":true,"href":"https:\/\/travelshelper.com\/sr\/wp-json\/wp\/v2\/media\/17524"}],"wp:attachment":[{"href":"https:\/\/travelshelper.com\/sr\/wp-json\/wp\/v2\/media?parent=16869"}],"curies":[{"name":"wp","href":"https:\/\/api.w.org\/{rel}","templated":true}]}}