{"id":16632,"date":"2024-09-23T15:55:26","date_gmt":"2024-09-23T15:55:26","guid":{"rendered":"https:\/\/travelshelper.com\/staging\/?page_id=16632"},"modified":"2026-03-12T00:25:06","modified_gmt":"2026-03-12T00:25:06","slug":"%d0%b1%d0%b0%d0%b4-%d0%b3%d0%be%d1%82%d1%82%d0%bb%d0%b5%d1%83%d0%b1%d0%b0-%d0%b1%d0%b5%d1%80%d0%b3%d0%b3%d0%b8%d1%81%d1%85%d1%8e%d0%b1%d0%b5%d0%bb","status":"publish","type":"page","link":"https:\/\/travelshelper.com\/sr\/destinations\/europe\/germany\/bad-gottleuba-berggieshubel\/","title":{"rendered":"Bad Gottleuba-Berggie\u00dfhubel"},"content":{"rendered":"<p>Bad Gotlojba-Bergishil se nalazi u isto\u010dnom delu Saksonije kao spoj zelenih dolina, stoi\u010dkih vrhova i voda koje svedo\u010de o vekovima industrije i odmora. Osnovana 1. januara 1999. godine spajanjem Bad Gotlojbe, Bergishila, Langenhenersdorfa i Bahratala, op\u0161tina se prostire na skoro devedeset kvadratnih kilometara, sme\u0161tena izme\u0111u podno\u017eja Isto\u010dnih Rudnih planina i surovih litica Saksonske \u0160vajcarske. Samo njeno ime povezuje dva glavna naselja na krivudavoj reci Gotlojba, dok se tapiserija sela - Olsen, Markersbah, Helendorf, Hartmansbah, Brajtenau, Bernersdorf, Cvisel, Bahra i Langenhenersdorf - \u0161iri poput \u017ebica drevnog to\u010dka.<\/p>\n<p>Sama zemlja pri\u010da pri\u010du na visinama: od doline Gotlojba na skromnih 211 metara nadmorske visine do vrha Elsener Hee na \u010de\u0161koj granici, visokog 644 metra. \u0160ume se prote\u017eu uz puteve i staze, a pregra\u0111ene vode akumulacije Gotlojba svetlucaju ispod litica od liskuna. Avgustovska jutra donose maglu koja se lepi za vrhove drve\u0107a; ve\u010deri vijore dim iz pe\u0107i na drva, miris bora i breze. Me\u0161tani \u0107e mrmljati \u2013 ako ih ohrabri tre\u0107a runda rakije \u2013 da pijaca u Bad Gotlojba i dalje bruji odjekom saksonskih po\u0161tanskih ko\u010dija, davno nestalih, ali obele\u017eenih kamenim miljokazima koji ozna\u010davaju udaljenost do Drezdena, Praga i dalje.<\/p>\n<p>Geografski gledano, ujedinjeni banjski grad u\u017eiva zavidnu blizinu kulturnih centara - samo 25 kilometara od Drezdena i jedanaest od Pirne - ipak zadr\u017eava da\u0161ak udaljenosti. Brzi autoput A17, koji je u upotrebi od 2005. godine, prolazi kroz Bernersdorf i Brajtenau, omogu\u0107avaju\u0107i pristup bez brisanja ose\u0107aja divljine. Planinari na Stazi pesnika mogu nai\u0107i na natpise u \u010dast Gelerta i Rabenera, kupa\u010da iz osamnaestog veka koji su prona\u0161li inspiraciju u ovim \u0161umama. Staza se vijuga pored Gotlojbe, kulminiraju\u0107i kod zagrejanog otvorenog bazena u Bergishijulu, gde se para skuplja u hladnoj zori.<\/p>\n<p>Najraniji znaci ljudskih naselja nalaze se u srednjovekovnim crkvenim tornjevima i vodenicama. U Bad Gotlojbi, Berov mlin i dalje stenje pod te\u017einom \u017eita i drveta, njegovi zup\u010danici su uglavnom nepromenjeni od po\u010detka dvadesetog veka. U blizini, Evangelisti\u010dko-luteranska crkva Svetog Petra stoji utvr\u0111enog izgleda, njena osnova tornja \u0161apu\u0107e o zidarima iz trinaestog veka, a svod hora je u kasnogoti\u010dkom stilu iz 1525. godine. Freske na plafonu \u2013 koje mo\u017eda poti\u010du iz Lukasa Kranahovog kruga \u2013 daju nijanse okera i lapis lazulija, njihovi pigmenti su sada prigu\u0161eni vekovima dima od sve\u0107a. Nagove\u0161taj modernosti sti\u017ee u srednju kliniku, kompleks paviljona u stilu secesije sme\u0161tenih na padinama Heleberga, gde se balneolo\u0161ke tradicije presecaju sa rehabilitacionom naukom dvadeset prvog veka.<\/p>\n<p>Premo\u0161\u0107uju\u0107i pro\u0161lost i sada\u0161njost, banjski zdravstveni park i gradski banjski park Getepark zauzimaju zelene terase iznad pijace. Gedanken\u0161pile se zadr\u017eavaju u vazduhu dok posetioci lutaju izme\u0111u egzoti\u010dnih leja Biljne ba\u0161te i stubova otvorenog bazena obavijenih vinovacima. Saksonski po\u0161tanski miljokaz, ponovo podignut na pijaci 1980. godine, ostaje nemi svedok starog po\u0161tanskog puta Drezden-Teplic, podse\u0107aju\u0107i putnika na doba kada su ko\u010dije \u0161kripale po kaldrmi, a glasnici nosili po\u0161iljke kroz zimske oluje.<\/p>\n<p>U Bergishilu, industrija i velnes dele teren od osamnaestog veka. Takozvani Johan-Georgen-Bad, podignut 1722. godine, bio je pionir kulture kupanja ovde; danas njegov naslednik, Kurhaus, predsedava \u0161eta\u010dima pod nebom od \u0161kriljca. U blizini, rudnik za le\u010denje i posetioce \u201eMarija Lujza \u0160toln\u201c spu\u0161ta se u okna nekada iskopavana za gvozdenu rudu izme\u0111u 1726. i 1926. godine. Rudni\u010dko okno miri\u0161e na zemlju i gvo\u017e\u0111e - mirisni ostatak dubina Fridrih-Erbstola. Neskladno, neogotska luteranska crkva iz 1876. godine zamenjuje svoju prethodnicu iz 1576. godine, njeni \u0161iljati lukovi gledaju ka nebu kao da \u010dekaju povratak rudara odozdo.<\/p>\n<p>Staze se zra\u010dno pru\u017eaju od centra: Forellen\u0161tajg vijuga pored bazena bogatih pastrmkom do Langenhenersdorfa; podru\u010dje Hoh- i Jagd\u0161tajna nudi pe\u0161\u010dane litice izbu\u0161ene milenijumima mraza; na zidinama Cehistera, prirodni kameni mostovi uokviruju vidike udaljenih grebena. Krst pokajanja stoji na stra\u017ei na Fircen-Nothelfervegu, njegovi rezbareni reljefi odjekuju hodo\u010dasnicima koji su nekada pe\u0161ke tra\u017eili opro\u0161taj. Oko svake krivine, vekovni po\u0161tanski miljokazi isprekidaju put - pola i \u010detvrtine markera u Bernersdorfu i Brajtenauu - njihovi natpisi jedva \u010ditljivi pod mahovinom i li\u0161ajevima.<\/p>\n<p>Sam Langenhenersdorf nudi kasnobarokni enterijer u svojoj dvorskoj crkvi iz petnaestog veka, gde se na krajevima klupa nalaze rezbarije \u0161umskih stvorenja, a mehani\u010dke orgulje iz 1848. godine di\u0161u sablasnim zvukom. Ispod, vodopad Langenhenersdorfer se sliva devet metara u Gotlojbu, a njegov buka je metronom za \u0161umski \u017eivot. Lavirint staza provla\u010di se kroz bukove \u0161ume, podsti\u010du\u0107i neustra\u0161ive da patroliraju grebenima i testiraju kompas na nebu.<\/p>\n<p>Kultura u Bad Gotlojba-Bergishilu prevazilazi godi\u0161nja doba. Od 1953. godine, godi\u0161nji karneval unosi boje i kakofoniju u zimsku ti\u0161inu. Maj donosi podizanje majskih stubova i uskr\u0161nje loma\u010de; proslave letnjeg solsticija zveke uz zveckanje kabina dobrovoljnih vatrogasaca; festival vodenica Berskog mlina lupa uz narodne muzi\u010dke grupe. Adventski festivali svetlosti nagovaraju me\u0161tane da ukra\u0161avaju ulice treperavim lampionima, dok strelja\u010dki festivali Strelja\u010dkog dru\u0161tva Bergishil prizivaju muskete i korice u ceremonijalnom odavanju po\u010dasti. Me\u0161tani se, kao i uvek, okupljaju oko to\u010denog piva i tanko dimljene \u0161unke, razmenjuju\u0107i pri\u010de o poplavama i gladima.<\/p>\n<p>Spomenik poplavama u Bergishilu podse\u0107a na potop od 8. do 9. jula 1927. godine, kada su bujice odnele mostove i oborile drve\u0107e poput \u0161ibica. Prigu\u0161ena granitna plo\u010da pored Bad\u0161trase nosi imena izgubljenih; njena ugla\u010dana povr\u0161ina odra\u017eava \u010dizme svakog prolaznika i prinose krhkih latica. \u010cak i sada, posle skoro jednog veka, grad okleva pred dolaskom oluja, prise\u0107aju\u0107i se uspomena koje su se rodile na nabujalim Bahra i Gotleuba.<\/p>\n<p>Lokalna ekonomija se zasniva na banjama i turizmu \u2013 jutarnje izbezumlje u Biljnoj ba\u0161ti ustupa mesto popodnevnim rutinama na odeljenjima za rehabilitaciju Medijanske klinike, koja je od 1993. godine imala dvesta kreveta i preko stotinu specijalista. Uklju\u010duju\u0107i \u0161est klinika Zdravstvenog parka Bad Gotlojba, op\u0161tina je 2013. godine ponudila 1.208 kreveta za goste, \u0161to je te godine iznosilo dvadeset \u010detiri hiljade dolazaka i \u010detvrt miliona no\u0107enja. Proizvo\u0111a\u010di srednje veli\u010dine dopunjuju ovo \u2013 Eloma GmbH za tehnologiju pe\u010denja, B\u2016 Braun Avitum za medicinske aparate i Bergi-Plast za polimere \u2013 dok poljoprivreda opstaje u Oelzenu i Bjelatalu, poljima okru\u017eenim \u0161umom.<\/p>\n<p>Saobra\u0107ajne arterije povezuju pro\u0161lost sa sada\u0161njo\u0161\u0107u. Autoput A17 bruji od kamiona koji idu ka Pragu; dr\u017eavni putevi S 173, S 174 i S 176 prate rute kojima su gazili kuriri Elektorata. Tragovi \u017eeleznice doline Gotleuba pojavljuju se na planinarskim stazama oivi\u010denim starinskim signalizacijama, podsetnik da su \u0161ine nekada prevozile putnike do 1973. i materijal za branu do 1976. Danas, biciklisti voze pedale ispod zar\u0111alih ostataka miljokaza, njihove \u017ebice se okre\u0107u kroz istoriju.<\/p>\n<p>Od vidikovca Panorama Hejt kod Eriha Merbica do Bizmarkove kule blizu Cvizela, vidici se pru\u017eaju poput slojevitih panorama - izgled vrhova i dolina koje osciluju izme\u0111u \u0161umsko zelene i \u0161kriljasto sive. Uzviklica se vu\u010de u povetarac: \u201e\u0160uma miri\u0161e na stvari koje se ra\u0111aju i stvari koje umiru - borove iglice i trule alge\u201c, mrmlja prolaznik na stazi Cehistarskih zidova, obra\u0107aju\u0107i pa\u017enju na geolo\u0161ko pam\u0107enje.<\/p>\n<p>Na kraju svakog dana, svetla \u0161etali\u0161ta trepere na starim putevima po\u0161tanskih ko\u010dija, a spojeni banjski grad se uvija pod pla\u0161tom zvezda nezaga\u0111enih gradskim sjajem. Ovde, gde se reke spajaju i istorija te\u010de u svakoj ogradnoj ogradi umrljanoj ilova\u010dom, putnik mo\u017ee osetiti da Bad Gotlojba-Bergishil nije odredi\u0161te ve\u0107 stalni razgovor izme\u0111u zemlje i ljudskog napora. U toj razmeni, svaki korak ispisuje stih na dnu doline, \u010dekaju\u0107i da usledi drugi.<\/p>","protected":false},"excerpt":{"rendered":"<p>Sme\u0161ten u isto\u010dnoj nema\u010dkoj pokrajini Saksoniji, banjski grad Bad Gottleuba-Berggie\u00dfhubel ima stanovni\u0161tvo raspore\u0111eno u nekoliko sela u okrugu Sachsische Schveiz-Osterzgebirge. Osnovana 1. januara 1999. kombinovanjem Bad Gotleube, Bergie\u0161ubela, Langenhenersdorfa i Bahratala, ova \u0161armantna op\u0161tina odra\u017eava bogat mozaik nema\u010dke banjske kulture i industrijskog stvarala\u0161tva.<\/p>","protected":false},"author":1,"featured_media":17565,"parent":13736,"menu_order":0,"comment_status":"closed","ping_status":"closed","template":"elementor_theme","meta":{"_eb_attr":"","footnotes":""},"class_list":["post-16632","page","type-page","status-publish","has-post-thumbnail"],"_links":{"self":[{"href":"https:\/\/travelshelper.com\/sr\/wp-json\/wp\/v2\/pages\/16632","targetHints":{"allow":["GET"]}}],"collection":[{"href":"https:\/\/travelshelper.com\/sr\/wp-json\/wp\/v2\/pages"}],"about":[{"href":"https:\/\/travelshelper.com\/sr\/wp-json\/wp\/v2\/types\/page"}],"author":[{"embeddable":true,"href":"https:\/\/travelshelper.com\/sr\/wp-json\/wp\/v2\/users\/1"}],"replies":[{"embeddable":true,"href":"https:\/\/travelshelper.com\/sr\/wp-json\/wp\/v2\/comments?post=16632"}],"version-history":[{"count":0,"href":"https:\/\/travelshelper.com\/sr\/wp-json\/wp\/v2\/pages\/16632\/revisions"}],"up":[{"embeddable":true,"href":"https:\/\/travelshelper.com\/sr\/wp-json\/wp\/v2\/pages\/13736"}],"wp:featuredmedia":[{"embeddable":true,"href":"https:\/\/travelshelper.com\/sr\/wp-json\/wp\/v2\/media\/17565"}],"wp:attachment":[{"href":"https:\/\/travelshelper.com\/sr\/wp-json\/wp\/v2\/media?parent=16632"}],"curies":[{"name":"wp","href":"https:\/\/api.w.org\/{rel}","templated":true}]}}