{"id":16557,"date":"2024-09-23T12:46:40","date_gmt":"2024-09-23T12:46:40","guid":{"rendered":"https:\/\/travelshelper.com\/staging\/?page_id=16557"},"modified":"2026-03-12T00:20:48","modified_gmt":"2026-03-12T00:20:48","slug":"bad-bentkhajm","status":"publish","type":"page","link":"https:\/\/travelshelper.com\/sr\/destinations\/europe\/germany\/bad-bentheim\/","title":{"rendered":"Bad Bentkhajm"},"content":{"rendered":"<p>Bad Benthajm, grad sa 16.689 stanovnika zaklju\u010dno sa 31. decembrom 2023. godine, zauzima 99,99 kvadratnih kilometara u jugozapadnom uglu Donje Saksonije, u Nema\u010dkoj, grani\u010de\u0107i se sa Severnom Rajnom-Vestfalijom i Holandijom. Sme\u0161ten otprilike 15 kilometara ju\u017eno od Nordhorna i 20 kilometara severoisto\u010dno od Enshedea, slu\u017ei kao kapija izme\u0111u nema\u010dkog zale\u0111a i holandske pokrajine Overajsel. Odavno poznat po svojim lekovitim sumpornim izvorima i termalnoj slanoj vodi, Bad Benthajm nosi po\u010dasni naziv \u201eBad\u201c, \u0161to odra\u017eava njegov status dr\u017eavno priznatog banjskog odmarali\u0161ta. Dominiraju\u0107i gradom je Burg Benthajm, vekovna tvr\u0111ava koja je postala simbol lokalnog identiteta i slojevite pro\u0161losti regiona.<\/p>\n<p>Sme\u0161ten na nadmorskoj visini od 49 metara, op\u0161tinska teritorija Bad Benthajma prote\u017ee se 14 kilometara od severa ka jugu i 12 kilometara od istoka ka zapadu. NJegove granice se spajaju sa gradovima \u0160itorf i Nordhorn na severu, Gronau i Ohtrup u Severnoj Rajni-Vestfaliji na istoku i holandskim zajednicama De Lute i Loser na zapadu. Nedaleko od ovih suseda nalaze se istorijski gradovi Almelo, Hengelo, Minster i Osnabrik, svaki povezan mre\u017eom \u017eeleznice i puteva. Unutar svojih granica, grad obuhvata sela Ahterberg, Bardel, Gildehaus, Hagelshuk, Holt und Har, Ziringhuk, Valdsajte i Vestenberg, od kojih svako doprinosi posebnim delom \u0161ireg zajedni\u010dkog tkiva.<\/p>\n<p>Prate\u0107i svoje poreklo do dokumenta iz oko 1050. godine pod imenom Binitem, Bad Benthajm ve\u0107 u samom svom imenu otkriva tragove ranih pejza\u017ea ili drevnih naroda - bilo da su to mo\u010dvare nekada prekrivene rogozom (nema\u010dki Binzen) ili rano germansko pleme Tubanti povezano sa susednim Tventeom. Vekovima su grofovi Benthajma vladali ovde, a njihova vlast bila je usredsre\u0111ena na zamak koji je prvi put zabele\u017een 1116. godine. Sudbina grada se okrenula u skladu sa \u0161irim plimama rata, reformi i okupacije: 1945. godine, britanske vlasti su premestile sedi\u0161te okruga u Nordhorn, preoblikuju\u0107i lokalnu upravu \u010dak i dok je ekonomsko \u010dudo Ludviga Erharda mamilo Zapadnu Nema\u010dku.<\/p>\n<p>U srcu Bad Benthajma nalazi se sam Burg Benthajm. Masa istro\u0161enog pe\u0161\u010dara koja se uzdi\u017ee iz \u0161umovitog humka, njegovi debeli bedemi i kule podjednako govore o srednjovekovnim sukobima i ranomodernoj obnovi. Unutar njegovih zidina, Pulverturm - kolokvijalno poznat kao \u201eBarutne kule\u201c - nekada je skladi\u0161tio oru\u017eje, a sada poziva posetioce da se popnu radi panoramskog pogleda na grad i seoski krajolik. Vo\u0111ene ture prenose i strate\u0161ki zna\u010daj ovog utvr\u0111enja i svakodnevni ritam njegovih stanovnika tokom devet vekova, dok muzejske sobe \u010duvaju umetni\u010dki restaurirane goti\u010dke i barokne elemente koji su pre\u017eiveli i vreme i sukobe.<\/p>\n<p>Lekoviti izvori su prvi put ispra\u017enjeni oko 1711. godine, kada su sumporne vode i slana voda izvirale duboko ispod temelja zamka. Ono \u0161to je po\u010delo kao neformalni tretmani ubrzo je preraslo u formalni spa centar do kraja devetnaestog veka, privla\u010de\u0107i li\u010dnosti poput Ota fon Bizmarka, kajzera Vilhelma I i, 1895. godine, kraljice Eme od Holandije sa \u0107erkom Vilhelminom. NJihovi boravci doneli su slavu banjama i doveli su do izgradnje prelepe statue Bizmarka od pe\u0161\u010dara na Bizmarkplacu - amblema koji i danas stoji, posmatraju\u0107i trg ispod senke zamka.<\/p>\n<p>Benthajmski pe\u0161\u010dar, ili Benthajmerovo zlato, bio je temelj velikog dela prosperiteta grada od petnaestog do osamnaestog veka. Kamenolomi su tesali blokove oker kamena iz izbo\u010dina na obodu grada i u Gildehausu, \u0161alju\u0107i ih \u010dak do Isto\u010dne Frizije, Holandije, Belgije i Danske. Kultne gra\u0111evine poput Kraljevske palate u Amsterdamu, Crkve Gospe u Antverpenu, pa \u010dak i Katoli\u010dke crkve u Orhusu u Kopenhagenu nose njegov pe\u010dat. Iako lokalno predanje pripisuje Benthajmu da je obezbedio postolje za njujor\u0161ki Kip slobode, drugi nema\u010dki kamenolomi - na primer u Obernkirhenu - pola\u017eu pravo na tu \u010dast.<\/p>\n<p>Godine 1661, grof Ernst Vilhelm od Benthajma i \u0160tajnfurta dodelio je gradu grb koji kombinuje njegov zlatni monogram \u201eE G\u201c sa devetnaest zlatnih bezanata na crvenom polju. NJihova precizna simbolika je uglavnom izbledela, ali se amblem ponovo pojavio u svom punom obliku 1955. godine nakon \u0161to su ga varijacije iz osamnaestog i devetnaestog veka svele na prsten bezanata. Danas ovaj heraldi\u010dki simbol krasi op\u0161tinske zgrade, zaglavlja pisma i znak apoteke, podse\u0107aju\u0107i i na plemi\u0107ko pokroviteljstvo i na trajnu sliku grada o sebi.<\/p>\n<p>Religija je tako\u0111e oblikovala identitet Bad Benthajma. Do sredine 2006. godine, otprilike 52,6% stanovnika pripadalo je protestantskim crkvama - 36,7% reformisanim i 15,9% luteranskim - dok je 21,5% bilo rimokatolika. Ostatak \u010dine ateisti, pripadnici drugih vera ili oni van organizovane religije. Istorijska sveti\u0161ta odra\u017eavaju ove pripadnosti: jednostavna barokna reformisana crkva iz 1696. godine stoji na vrhu kripte grofa Arnolda II, a njenom strogom unutra\u0161njo\u0161\u0107u prednja\u010di kamena propovedaonica; katoli\u010dka crkva Svetog Jovana Krstitelja, osve\u0107ena 1670. godine od lokalnog pe\u0161\u010dara, \u010duva ranobarokne oltare i ostatke originalne glazure.<\/p>\n<p>Pored bogoslu\u017eenja, kulturni \u017eivot u Bad Benthajmu odvija se usred otvorenih pozornica i uz vremenom proslavljene obi\u010daje. Benthajmer Frajlihtbine organizuje letnje predstave u tri napu\u0161tena kamenoloma \u010diji strmi zidovi od pe\u0161\u010dara pru\u017eaju dramati\u010dnu pozadinu pozori\u0161tu. No\u0107ne \u010duvarske \u0161etnje polaze tri puta nedeljno od kapije zamka u devet sati, vode\u0107i u\u010desnike kroz ulice osvetljene fenjerima dok prepri\u010davaju legende i istorijske vinjete. Kom\u0161ije nastavljaju srednjovekovni obi\u010daj Vegen vegbringena - vekne od suvog gro\u017e\u0111a duge jedan metar koja se nosi na merdevinama u \u010dast novoro\u0111en\u010dadi - dok zimske kuhinje miri\u0161u na Benthajmer Mopen, tvrde kekse od kima umo\u010dene u kafu za Bo\u017ei\u0107.<\/p>\n<p>Saobra\u0107ajne veze poja\u010davaju ulogu grada kao mesta za odmor i kao saobra\u0107ajnice. Stanica na Viengebir\u0161koj \u017eeleznici direktno je povezana sa Rajnom, Osnabrikom i Bilefeldom regionalnim linijama RB 61, dok me\u0111ugradska linija IC-77 povezuje Amsterdam, Osnabrik, Hanover i Berlin; lokomotive ovde menjaju sisteme napajanja kako bi premostile holandske i nema\u010dke standarde elektri\u010dne struje. Putnici drumskim putem sti\u017eu do me\u0111unarodnog aerodroma Minster\/Osnabrik za sat vremena vo\u017enje automobilom, dok lokalni autobusi opslu\u017euju Gronau i Nordhorn. Savezni autoput 403 prolazi kroz op\u0161tinu, presecaju\u0107i autoputeve A 30 i A 31 prema Bad Ojnhauzenu, Hengelu, Emdenu i Oberhauzenu.<\/p>\n<p>Ekonomski, grad balansira izme\u0111u turisti\u010dki orijentisanog ugostiteljstva sa malom industrijom i poljoprivredom. Hoteli, kafi\u0107i i pansioni cvetaju pored zdravstvenih ustanova kao \u0161to je Fahklinik Bad Benthajm \u2014 specijalizovana za dermatologiju, reumatologiju i ortopediju \u2014 i evangelisti\u010dki \u0111akonat Ejlardusverk u Gildehausu, koji zapo\u0161ljava oko 210 zaposlenih. Me\u0111unarodne firme za usluge naftnih polja imaju kancelarije lokalno, doprinose\u0107i radnoj snazi koja se prote\u017ee daleko izvan skromnih granica grada. Na okolnim poljima, benthajmske ovce i benthajmske crno\u0161are svinje \u2014 starinske rase koje su nekada bile \u0161iroko rasprostranjene u istorijskom okrugu \u2014 nastavljaju da pasu.<\/p>\n<p>Slobodno vreme i dru\u0161tveni \u017eivot okupljaju se ispod zamka u \u0160losparku, vrtu od dvanaest hektara ure\u0111enom u kne\u017eevskom stilu osamnaestog veka. Reflektuju\u0107i bazeni i ru\u017ei\u010dne leje okru\u017euju \u0161iroke staze, dok leti fontana od pe\u0161\u010dara prska vodu u vazduh, a patke klize po severnom jezeru. Zimi, deca vuku sanke niz blage padine blizu zidina zamka, a zapadni parking parka je doma\u0107in sezonskih sajmova, gradskog festivala ga\u0111anja i poslednje subotnje buvlje pijace u avgustu. U blizini, Muzej pe\u0161\u010dara Bad Benthajm ilustruje geolo\u0161ko nasle\u0111e regiona u restauriranoj ku\u0107i Akerburger.<\/p>\n<p>Kroz vekove, Bad Benthajm je opstao kao mesto isceljenja, zanatstva i prekograni\u010dne razmene. NJegova tvr\u0111ava stoji kao stra\u017ear nad evoluiraju\u0107im tradicijama, od srednjovekovnih kamenoloma do modernih klinika; njegove fasade od pe\u0161\u010dara pri\u010daju pri\u010de \u0161irom evropskih prestonica; a njegovi sumporni izvori nastavljaju da privla\u010de one koji tra\u017ee predah. U me\u0111uigri kamena, vode i ljudskih te\u017enji, grad otelotvoruje i postojanost istorije i tihi kontinuitet svakodnevnog \u017eivota \u2013 trajno poglavlje u pri\u010di o regionu koji se stalno menja.<\/p>","protected":false},"excerpt":{"rendered":"<p>Bad Benthajm, \u0161armantan grad koji se nalazi u jugozapadnom regionu Donje Saksonije u Nema\u010dkoj, sa populacijom od oko 15.000 stanovnika. Ova slikovita lokacija, pozicionirana na granici Severne Rajne-Vestfalije i Holandije, nalazi se otprilike 15 kilometara ju\u017eno od Nordhorna i 20 kilometara severoisto\u010dno od En\u0161edea. Strate\u0161ki polo\u017eaj i istorijski zna\u010daj grada negovali su sopstveni karakter, \u010dine\u0107i ga intrigantnom destinacijom za lokalno stanovni\u0161tvo i posetioce.<\/p>","protected":false},"author":1,"featured_media":17469,"parent":13736,"menu_order":0,"comment_status":"closed","ping_status":"closed","template":"elementor_theme","meta":{"_eb_attr":"","footnotes":""},"class_list":["post-16557","page","type-page","status-publish","has-post-thumbnail"],"_links":{"self":[{"href":"https:\/\/travelshelper.com\/sr\/wp-json\/wp\/v2\/pages\/16557","targetHints":{"allow":["GET"]}}],"collection":[{"href":"https:\/\/travelshelper.com\/sr\/wp-json\/wp\/v2\/pages"}],"about":[{"href":"https:\/\/travelshelper.com\/sr\/wp-json\/wp\/v2\/types\/page"}],"author":[{"embeddable":true,"href":"https:\/\/travelshelper.com\/sr\/wp-json\/wp\/v2\/users\/1"}],"replies":[{"embeddable":true,"href":"https:\/\/travelshelper.com\/sr\/wp-json\/wp\/v2\/comments?post=16557"}],"version-history":[{"count":0,"href":"https:\/\/travelshelper.com\/sr\/wp-json\/wp\/v2\/pages\/16557\/revisions"}],"up":[{"embeddable":true,"href":"https:\/\/travelshelper.com\/sr\/wp-json\/wp\/v2\/pages\/13736"}],"wp:featuredmedia":[{"embeddable":true,"href":"https:\/\/travelshelper.com\/sr\/wp-json\/wp\/v2\/media\/17469"}],"wp:attachment":[{"href":"https:\/\/travelshelper.com\/sr\/wp-json\/wp\/v2\/media?parent=16557"}],"curies":[{"name":"wp","href":"https:\/\/api.w.org\/{rel}","templated":true}]}}