{"id":16533,"date":"2024-09-23T12:17:29","date_gmt":"2024-09-23T12:17:29","guid":{"rendered":"https:\/\/travelshelper.com\/staging\/?page_id=16533"},"modified":"2026-03-12T00:13:35","modified_gmt":"2026-03-12T00:13:35","slug":"aleksisbad","status":"publish","type":"page","link":"https:\/\/travelshelper.com\/sr\/destinations\/europe\/germany\/alexisbad\/","title":{"rendered":"Aleksisbad"},"content":{"rendered":"<p>Aleksisbad se nalazi tiho usred zelenih nabora Prirodnog parka Harc\/Saksonija-Anhalt, a njegovo skromno naselje od jedva pedeset du\u0161a zauzima jedva \u010detiri hektara zemlje. Sme\u0161teno otprilike dva kilometra severozapadno od istorijskog srca Harcgeroda i na Bundes\u0161trase 185 na putu ka Balen\u0161tetu, selo se prostire na nadmorskoj visini od 310 metara, gde reka Selke te\u010de kroz usku dolinu pre nego \u0161to se spaja sa svojim pritokama \u0160vefelbahom i Fridenstalbahom. Uprkos svojoj maloj povr\u0161ini - pribli\u017eno 0,04 km\u00b2 - i populaciji od pedeset dve osobe, ovaj kutak odmora odavno je imao ogromnu privla\u010dnost kao kolevka isceljenja, istorije i ne\u017ene avanture.<\/p>\n<p>Krajem desetog veka, kada je car Oton III obdario novonastali benediktinski manastir Hagenenrod tr\u017ei\u0161nim, kovni\u010dkim i carinskim privilegijama, dolina Selke je jo\u0161 uvek bila pograni\u010dna teritorija. Opatija, osnovana 975. godine kao filijalna ku\u0107a Ninburga, uzdigla se pod svojim za\u0161titnicima \u0160vabengau, grofovima Balen\u0161tetom - precima askanijske loze - ipak se mona\u0161ka zajednica na kraju preselila u Naumburg, ostavljaju\u0107i tro\u0161ne kamenje kao svedo\u010danstvo o srednjovekovnim ambicijama. Nema\u010dki selja\u010dki rat iz 1525. godine pro\u0161ao je kroz to, svev\u0161i nekada \u017eivahni manastir u ru\u0161evine; njegovi posedi su pre\u0161li u ruke anhaltskih kne\u017eeva, koji \u0107e se vek i po kasnije okrenuti podzemnom bogatstvu skrivenom ispod ovih \u0161umovitih padina.<\/p>\n<p>Do 1692. godine, u brdu je iskopana galerija za va\u0111enje pirita, \u0161to je nagovestilo dalje napore za eksploataciju mineralnog bogatstva regiona. Obnovljene operacije pod princom Frederikom Albertom od Anhalt-Bernburga od 1759. godine davale su sumpor destilacijom, a lekovite vode koje su izbijale na povr\u0161inu privukle su medicinsku pa\u017enju ve\u0107 1766. godine. Ipak, tek 1809. godine, kada je vojvoda Aleksije Frederik Kristijan anga\u017eovao lekara Karla Ferdinanda fon Grefea da ispita izvore, uspeh Aleksisbada kao banjskog grada bio je osiguran. Fon Grefeova analiza otkrila je sna\u017eno povezivanje joda, fluora i gvo\u017e\u0111a, \u0161to je podstaklo sistematski razvoj koji je osmislio arhitekta Karl Fridrih \u0160inkel: kazino i paviljoni za kupanje, \u010dajd\u017einica za vojvotkinju Mariju Friderike - sve izgra\u0111eno u uzdr\u017eanom neoklasi\u010dnom idiomu koji je spojio formalnost sa pastoralnim spokojem podno\u017eja Harca.<\/p>\n<p>Aleksisbrunen, bogat gvo\u017e\u0111em, bio je namenjen za pija\u0107e lekove, a za njegove osve\u017eavaju\u0107e vode se govorilo da okrepljuju i telo i duh, dok su vode Zelkebrunena, alkalnijeg sastava, punili kupatila koja su postala centri otmenog dru\u017eenja. Ubrzo je Aleksisbad privukao velikane koji su tra\u017eili predah i obnovu. Godine 1820, Karl Marija fon Veber se ovde zaustavio na putu da komponuje operu, a u prole\u0107e 1856. godine okupljanje akademika dovelo je do osnivanja Udru\u017eenja nema\u010dkih in\u017eenjera (Verband Deutscher Ingenieure). Ovi rani pokrovitelji prona\u0161li su u Aleksisbadu prefinjeno uto\u010di\u0161te izolovano od \u0161ireg sveta, gde su banjske \u0161etali\u0161ta i hladoviti proplanci nudili odmeren odmor i, mo\u017eda, trenutke tihe inspiracije.<\/p>\n<p>Dolazak uskotra\u010dne \u017eeleznice Zelketalban krajem devetnaestog veka dodatno je otvorio Aleksisbad putnicima, povezuju\u0107i ga dvama kracima sa Gernrodeom, Harcgerodeom i dalje. Parne lokomotive su nekada pucketale dolinom na lokomotivama serije 99, ali moderni redovi vo\u017enje rezervi\u0161u ove evokativne dvostruke polaske - kada dva voza istovremeno kre\u0107u sa stanice - za posebne izlete, a ne za svakodnevnu uslugu. Prvobitna zgrada stanice i teretni depo su odavno utihnuli, njihove funkcije su konsolidovane pod daljinskim nadzorom iz Nordhauzena, ali iskusno oko prepoznaje u gvozdenoj re\u0161etki i istro\u0161enom zidanju ostatke \u017eivahne industrijsko-turisti\u010dke ere.<\/p>\n<p>Iza stanice nalazi se skromna autobuska stanica, sa koje se lokalne linije pru\u017eaju ka Balen\u0161tetu, Kvedlinburgu, Harcgerodu i Gintersbergu, osiguravaju\u0107i da \u010dak i bez privatnog vagona posetioci mogu da istra\u017ee znamenite gradove i surove pejza\u017ee Harca. Pa ipak, za mnoge je sam Aleksisbad dovoljan i kao polazna i kao odredi\u0161te. Mre\u017ea planinarskih staza, numerisanih u sistemu Harcer Vandernadel, vodi pored vajarskih spomenika i \u017eivopisnih vidikovaca, svaki pro\u017eet slojevima istorije. Verlobungsurne, ili Urna za veridbu, uzdi\u017ee se visoko iznad sela, a njeno istro\u0161eno vratilo ozna\u010dava intimnu osmatra\u010dnicu nad dolinom Selke; nedaleko stoji Luizentempel, monopteros podignut 1823. godine na vrhu strmog izbo\u010dine i posve\u0107en princezi Lujzi od Anhalt-Bernburga, \u010dije se\u0107anje i dalje obitava u ovim osen\u010denim kolonadama.<\/p>\n<p>Skromnija, ali ne manje evokativna ta\u010dka je Ketener Hute, do koje se mo\u017ee do\u0107i strmom cik-cak stazom koja se penje od Bundes\u0161trase ispod ili du\u017eim pe\u0161a\u010dkim stazama iz Aleksisbada, Harcgeroda ili Magdesprunga. Ovde, u ti\u0161ini granitnih gromada i \u0161umskog tla, mogu se zamisliti koraci saksonskih rudara i odjek srednjovekovnih mehova u udaljenoj jami Glasebah. U svim godi\u0161njim dobima, vazduh nosi slabu aromu borove smole i vla\u017enog kamena, dok udaljeni zov ptica podvla\u010di prizor pro\u0161lih manastira, davno napu\u0161tenih sumpornih galerija i in\u017eenjerskih planova koji su nekada odjekivali obe\u0107anjem napretka.<\/p>\n<p>Samo selo \u010duva tragove \u0160inkelove vizije. \u010cajd\u017einica podignuta 1815. godine, prvobitno namenjena za vojvodski odmor, kasnije je slu\u017eila kao improvizovana kapela; kupljena 1933. godine od strane Anhaltske dr\u017eavne crkve i krunisana zvonikom, ponovo je osve\u0161tana 2008. godine kao kapela Svetog Petra, a njena bleda drvena konstrukcija \u010dini intimni brod za uskr\u0161nje slu\u017ebe i tiho razmi\u0161ljanje. U blizini, hotel Morada svedo\u010di o ukusu sredine devetnaestog veka u obliku bronzanog jelena, koji stoji na vitkim nogama i pa\u017eljivo posmatra terasu \u2013 simbol i aristokratskih lova\u010dkih tradicija i romanti\u010dnog zagrljaja neukro\u0107ene prirode.<\/p>\n<p>Aleksisbadovo kulturno nasle\u0111e je formalno priznato: deo terena od \u017eelezni\u010dke stanice na jugu do Kafea Elizijum na severu je za\u0161ti\u0107en kao spomenik kulture, a njegovi spa paviljoni, vile i ba\u0161tenski ure\u0111enja su sa\u010duvani pod lokalnim registrom. Unutar ove enklave, fasade od \u0161tuka i kovanog gvo\u017e\u0111a opstaju, podse\u0107aju\u0107i na epohu kada su hidropatski tretmani i muzi\u010dke ve\u010deri definisali dru\u0161tveni kalendar. Kafe Elizijum, sa verandom sa pogledom na dolinu Selke, nastavlja nasle\u0111e dru\u017eeljubivosti, slu\u017ee\u0107i sezonske poslastice i \u010dajeve koji ne bi bili zanemarljivi na vojvodskom stolu.<\/p>\n<p>Savremena ekonomija Aleksisbada ostaje utemeljena u turizmu, ali je pre umerena nego freneti\u010dna. Hoteli zauzimaju renovirane banjske zgrade; pansioni nude miran sme\u0161taj u starim radni\u010dkim ku\u0107ama; restorani su specijalizovani za regionalnu hranu - obilne \u010dorbe, dimljenu pastrmku iz gornjih potoka, ra\u017eeni hleb i sireve iz zadru\u017enih mlekara. Zimi, blage sne\u017ene padavine pretvaraju dolinu u tihu proplanak, gde skija\u0161i i skija\u0161i na krpljama prate staze du\u017e zale\u0111enog \u0160vefelbaha, a termalni izvori pare na hladnom vazduhu, pozivaju\u0107i posetioce da se urone u toplinu dok vetar ple\u0161e iznad njih.<\/p>\n<p>U toplijim mesecima, arhitektonska gracioznost planiranja devetnaestog veka stapa se sa sirovim teksturama prirode. Kamenje pro\u0161arano paprati, zidovi prekriveni mahovinom i \u0161umarci bukve uokviruju neoklasi\u010dne ostatke, stvaraju\u0107i ose\u0107aj vremenske slojevitosti: romani\u010dka \u010dvrstina, gotsko propadanje, barokni procvat i romanti\u010dni preporod. \u0160eta\u010di zastaju kod kamenih klupa da primete svetlost koja se pomera na dnu doline, da oslu\u0161kuju zvi\u017eduk udaljene parne lokomotive, da razmisle da su iste vode koje sada plove umornim mi\u0161i\u0107ima nekada privla\u010dile i estete i nau\u010dnike.<\/p>\n<p>Aleksisbadova privla\u010dnost ne le\u017ei u grandioznom spektaklu, ve\u0107 u spoju elemenata: mineralnih voda koje sadr\u017ee jod i fluor, strukturne harmonije \u0160inkelovih paviljona, odjeka himni nekada intoniranih u vojvodskoj \u010dajd\u017einici, daha bora na povetarcu. Malo je mesta koja tako potpuno obuhvataju dijalog izme\u0111u strogosti prirode i ljudskih te\u017enji. Ovde se u\u010di da je isceljenje podjednako stvar okru\u017eenja i pri\u010de koliko i hemije; da artikulacija kamena i vode mo\u017ee otkriti nove aspekte li\u010dnosti; da istorija ne mora biti ograni\u010dena na pra\u0161njave arhive, ve\u0107 mo\u017ee izbiti u svakom prole\u0107u i svakom koraku na \u0161umskoj stazi.<\/p>\n<p>Ukratko, Aleksisbad opstaje kao svedo\u010danstvo pronicljivog pokroviteljstva, geolo\u0161kog \u010duda i trajne ljudske potrage za ravnote\u017eom. NJegova mala povr\u0161ina krije bogatu tapiseriju manastirskog porekla, rudarskog preduze\u0107a, banjske kulture i transportnog nasle\u0111a. Do\u0107i u Aleksisbad zna\u010di zakora\u010diti u \u017eivo platno olak\u0161anja i spokoja, gde svaki arhitektonski detalj i svaka krivudava staza pozivaju na razmi\u0161ljanje. Iako njegovo stanovni\u0161tvo mo\u017ee brojati manje od stotinu, nasle\u0111e sela odjekuje daleko izvan njegove doline, nude\u0107i tihu, ali duboku lekciju o umetnosti stvaranja mesta i suptilnoj milosti odmornog napora.<\/p>","protected":false},"excerpt":{"rendered":"<p>Sme\u0161ten u \u017eivopisnoj oblasti Harc u Saksoniji-Anhalt, Nema\u010dka, je divan banjski grad Aleksisbad. Ovaj mali, ali o\u010daravaju\u0107i grad, unutar \u0161ire op\u0161tine Harzgerode, ima stanovni\u0161tvo koje pobolj\u0161ava njegov blisko povezan i gostoljubiv ambijent. Sme\u0161ten oko 2 kilometra severozapadno od centra grada Harzgerodea, Aleksisbad predstavlja primer istorijskog zna\u010daja i prirodnog sjaja ovog podru\u010dja.<\/p>","protected":false},"author":1,"featured_media":17573,"parent":13736,"menu_order":0,"comment_status":"closed","ping_status":"closed","template":"elementor_theme","meta":{"_eb_attr":"","footnotes":""},"class_list":["post-16533","page","type-page","status-publish","has-post-thumbnail"],"_links":{"self":[{"href":"https:\/\/travelshelper.com\/sr\/wp-json\/wp\/v2\/pages\/16533","targetHints":{"allow":["GET"]}}],"collection":[{"href":"https:\/\/travelshelper.com\/sr\/wp-json\/wp\/v2\/pages"}],"about":[{"href":"https:\/\/travelshelper.com\/sr\/wp-json\/wp\/v2\/types\/page"}],"author":[{"embeddable":true,"href":"https:\/\/travelshelper.com\/sr\/wp-json\/wp\/v2\/users\/1"}],"replies":[{"embeddable":true,"href":"https:\/\/travelshelper.com\/sr\/wp-json\/wp\/v2\/comments?post=16533"}],"version-history":[{"count":0,"href":"https:\/\/travelshelper.com\/sr\/wp-json\/wp\/v2\/pages\/16533\/revisions"}],"up":[{"embeddable":true,"href":"https:\/\/travelshelper.com\/sr\/wp-json\/wp\/v2\/pages\/13736"}],"wp:featuredmedia":[{"embeddable":true,"href":"https:\/\/travelshelper.com\/sr\/wp-json\/wp\/v2\/media\/17573"}],"wp:attachment":[{"href":"https:\/\/travelshelper.com\/sr\/wp-json\/wp\/v2\/media?parent=16533"}],"curies":[{"name":"wp","href":"https:\/\/api.w.org\/{rel}","templated":true}]}}