{"id":16481,"date":"2024-09-23T10:34:27","date_gmt":"2024-09-23T10:34:27","guid":{"rendered":"https:\/\/travelshelper.com\/staging\/?page_id=16481"},"modified":"2026-03-11T23:56:32","modified_gmt":"2026-03-11T23:56:32","slug":"divon-le-ben","status":"publish","type":"page","link":"https:\/\/travelshelper.com\/sr\/destinations\/europe\/france\/divonne-les-bains\/","title":{"rendered":"Divon-le-Ben"},"content":{"rendered":"<p>Divon le Ben se nalazi na granici izme\u0111u Francuske i frankofone \u0160vajcarske, op\u0161tina sa 10.300 stanovnika koja se prostire na 33,88 km\u00b2 u podno\u017eju planine Jura i pored \u017denevskog jezera. Od 2012. godine deo je aglomeracije Velika \u017deneva, a njene ulice su isprepletane se\u0107anjem na rimske akvadukte, srednjovekovne tvr\u0111ave i tihi \u017eubor prosperiteta banjskog grada. Tokom vekova, Divon je pro\u0161ao put od helvetske granice do zdravstvenog odmarali\u0161ta 19. veka, razvijaju\u0107i se u moderno uto\u010di\u0161te rekreacije, kulture i prekograni\u010dnog na\u010dina \u017eivota.<\/p>\n<p>Skriveni izvori klju\u010daju odmah iznad sela, njihova bistra voda se usisava u pumpe i kupatila koja su u\u010dinila Divon le Ben poznatim tokom 19. veka. Ovi izvori su snabdevali prve banjske instalacije, mnogo pre nego \u0161to se pojavio ure\u0111eni zeleni teren za golf iz 1930-ih ili glamur kazina koji je otvorio svoja vrata 1954. godine. U decenijama nakon Drugog svetskog rata, otvoreni bazen, pokriveni hipodrom i ve\u0161ta\u010dko jezero Divon dodati su u gradski repertoar, dok je 2005. godine pored ivice vode oblikovan kulturni centar sa staklenim zidovima, L&#039;Esplanad du Lak. Ova mesta privla\u010de posetioce na nedeljnu pijacu, na letnja narodna okupljanja na hipodromu i na kamerne muzi\u010dke ve\u010deri u malom pozori\u0161tu Domena de Divon, \u010duvaju\u0107i delikatnu ravnote\u017eu izme\u0111u tihe elegancije i zajedni\u010dke topline.<\/p>\n<p>Poreklo Divona se\u017ee do drugog veka pre nove ere, kada su rimske legije prodrle severno od Alpa, a odlu\u010duju\u0107a pobeda Julija Cezara nad Helve\u0107anima 58. godine pre nove ere postavila je temelje za naselja u Nionu i \u017denevi. Prepoznaju\u0107i \u010disto\u0107u lokalnih izvora, rimski in\u017eenjeri su izgradili akvadukt dug skoro jedanaest kilometara kako bi vodu prenosili ka jugu, a njegovi ostaci su izlazili na povr\u0161inu dok su graditelji kopali temelje za moderne stanove. Kako je carstvo opadalo, zaselak koji je rastao oko ovih voda na\u0161ao je svoje mesto u srednjovekovnom hri\u0161\u0107anstvu: do 12. veka parohija je pripadala \u017denevskoj dijecezi, a lokalni gospodari iz feuda \u017deks podigli su utvr\u0111eni zamak na brdu koje i danas nosi njegovo ime.<\/p>\n<p>Godine 1225. Amadeus II Savojski dodelio je feud manastiru Sen Klod, samo da bi Leoneta od \u017deksa i njen sin Pjer povratili taj feud \u0161est decenija kasnije pod Amadeusom V. Do 1356. Ame II de \u017doenvil nosio je titulu gospodara Divona; brakom je njegova loza pre\u0161la na porodicu \u017dingens i na kraju na Lorana de \u017dingena, \u010dija je smrt 1653. godine prenela imanje na Gilberta I de La Forest od Savoje. Iako je Francuska revolucija 1789. godine oduzela privilegije plemstva, Luj de la Forest je povratio \u0161umske posede i 1827. godine se pridru\u017eio Komori plemstva za vreme Burbonske restauracije. Upravo u tom veku stara tvr\u0111ava je ustupila mesto dvorcu Divon, \u010dije elegantne fasade se uzdi\u017eu iznad naselja od jedva hiljadu stanovnika.<\/p>\n<p>Klimatski ritmovi u Divonu blago se smenjuju izme\u0111u zimskog mraza i letnje topline. Okeanska klima daje prose\u010dnu godi\u0161nju temperaturu od 10,5 \u00b0C i padavine ne\u0161to vi\u0161e od 1.129 mm, pri \u010demu je decembar najvla\u017eniji mesec. Julska popodneva se u proseku penju prema 20 \u00b0C, dok januarske no\u0107i mogu pasti i na 1,8 \u00b0C. Ekstremne temperature bele\u017ee najtopliji dan - 39,3 \u00b0C 19. jula 2022. - i najhladniji, -16,5 \u00b0C 5. februara 2012. Dugoro\u010dni meteorolo\u0161ki podaci za period 1991\u20132020. otkrivaju pejza\u017e osve\u017een maglom koja se spu\u0161ta sa Jure i kristalno \u010distim ve\u010derima iznad jezera.<\/p>\n<p>Saobra\u0107ajne veze su oblikovale sudbinu Divona. Krajnja linija iz Belgarda stigla je do grada 1889. godine, produ\u017eavaju\u0107i put ka \u0160vajcarskoj preko Niona, samo da bi se postepeno zatvarala izme\u0111u Drugog svetskog rata i 1980. godine. Iako pruge ostaju pored stare stanice, op\u0161tinski planovi sada favorizuju preure\u0111enje priobalne zone u stambene i trgovinske objekte; kancelarija SNCF-a unutar stanice i dalje prodaje karte do bilo koje ta\u010dke na francuskoj nacionalnoj mre\u017ei. Od 2012. godine, autobusi povezuju Divon sa Kopeom i \u0161vajcarskom \u017eelezni\u010dkom mre\u017eom, dok autobusi pod zastavom R\u00e9gion Express prelaze granicu do Belgarda. Posebna traka du\u017e Avenije de \u017denev i parking mesto \u201eparkiraj i vozi\u201c na carini prevoze putnike i izletnike. Zima dovodi autobuse u odmarali\u0161ta Mont Jura, a projekat L\u00e9man Express je udvostru\u010dio uslugu na klju\u010dnim rutama, \u010dak i kada \u0107e se jedna grana zatvoriti 2023. godine kako bi se resursi koncentrisali na terminal Divon\u2013Arber.<\/p>\n<p>Nekada oslanjana na poljoprivredu, \u0161umarstvo i vodenice koje je pokretala reka Divon - uklju\u010duju\u0107i i radionicu za bru\u0161enje dijamanata iz 19. veka - ova zajednica sada napreduje zahvaljuju\u0107i turizmu, igrama na sre\u0107u i prekograni\u010dnom zapo\u0161ljavanju sa \u017denevom i Lozanom. Pijace petkom i nedeljom vrve od suvomesnatih proizvoda i alpskih sireva, dok teren za golf sa 18 rupa, fudbalski tereni i teniski tereni pru\u017eaju svakodnevnu rekreaciju. Otvoreni bazen od 50 metara do\u010dekuje letnje kupa\u010de, a staza od 3,3 kilometra koja okru\u017euje jezero poziva \u0161eta\u010de i bicikliste da se zaustave na fitnes stanicama. Pored hipodroma, astronomska promenada predstavlja model Sun\u010devog sistema u razmeri, pri \u010demu je svaka kugla ozna\u010dena svojim astrolo\u0161kim simbolom i sa\u017eetim nau\u010dnim profilom.<\/p>\n<p>Divon le Ben ostaje mesto gde se istorija i modernost prepli\u0107u u suptilnom reljefu. NJegove ulice nose odjeke rimskog garnizona, manastirske uprave i aristokratske rasko\u0161i, dok njegove banjske vode i dalje privla\u010de one koji tra\u017ee tihu obnovu. Svetla kazina me\u0161aju se sa sjajem fenjera pored jezera, a silueta dvorca se uzdi\u017ee nasuprot grebenu Jure, koji je jo\u0161 uvek u rekonstrukciji nakon po\u017eara u januaru 2017. Svako godi\u0161nje doba donosi svoj ritam: narodne melodije u julu, zimski sportovi na obli\u017enjim padinama, promenljiva paleta jesenjih redova vinove loze.<\/p>\n<p>U eri koju defini\u0161e brzina, Divon nudi odmeren prostor za disanje. NJegova precizna geometrija fontana i fontana istorije poziva na razmi\u0161ljanje: o pre\u0111enim i precrtanim granicama, o putovanju vode od planinskog izvora do termalnog kupatila, o harmoniji gra\u0111anskog \u017eivota uokvirenoj trajnim oblicima prirode. Za putnika koji sti\u017ee autobusom ili automobilom, vozom izdaleka ili ra\u010dvastom pe\u0161a\u010dkom stazom kroz \u0161umu, Divon le Ben se odvija sa mirnom sigurno\u0161\u0107u dobro ispri\u010dane pri\u010de \u2013 one koja se nastavlja, prole\u0107e za prole\u0107em, dok voda pronalazi put ku\u0107i.<\/p>","protected":false},"excerpt":{"rendered":"<p>Divon-les-Bains, atraktivna op\u0161tina koja se nalazi u departmanu Ain u regionu Auvergne-Rhone-Alpes u isto\u010dnoj Francuskoj, ima zna\u010dajnu istoriju i \u017eivu savremenu atmosferu. Ovaj \u017eivopisni banjski grad, koji se obi\u010dno naziva Divon, nalazi se na granici sa frankofonom \u0160vajcarskom, predstavljaju\u0107i karakteristi\u010dnu amalgamaciju francuskih i \u0161vajcarskih uticaja. Strate\u0161ki polo\u017eaj izme\u0111u planine Jura i \u017denevskog jezera nudi stanovnicima i posetiocima zapanjuju\u0107e prirodne vidike i brojne aktivnosti u slobodno vreme.<\/p>","protected":false},"author":1,"featured_media":16484,"parent":13952,"menu_order":0,"comment_status":"closed","ping_status":"closed","template":"elementor_theme","meta":{"_eb_attr":"","footnotes":""},"class_list":["post-16481","page","type-page","status-publish","has-post-thumbnail"],"_links":{"self":[{"href":"https:\/\/travelshelper.com\/sr\/wp-json\/wp\/v2\/pages\/16481","targetHints":{"allow":["GET"]}}],"collection":[{"href":"https:\/\/travelshelper.com\/sr\/wp-json\/wp\/v2\/pages"}],"about":[{"href":"https:\/\/travelshelper.com\/sr\/wp-json\/wp\/v2\/types\/page"}],"author":[{"embeddable":true,"href":"https:\/\/travelshelper.com\/sr\/wp-json\/wp\/v2\/users\/1"}],"replies":[{"embeddable":true,"href":"https:\/\/travelshelper.com\/sr\/wp-json\/wp\/v2\/comments?post=16481"}],"version-history":[{"count":0,"href":"https:\/\/travelshelper.com\/sr\/wp-json\/wp\/v2\/pages\/16481\/revisions"}],"up":[{"embeddable":true,"href":"https:\/\/travelshelper.com\/sr\/wp-json\/wp\/v2\/pages\/13952"}],"wp:featuredmedia":[{"embeddable":true,"href":"https:\/\/travelshelper.com\/sr\/wp-json\/wp\/v2\/media\/16484"}],"wp:attachment":[{"href":"https:\/\/travelshelper.com\/sr\/wp-json\/wp\/v2\/media?parent=16481"}],"curies":[{"name":"wp","href":"https:\/\/api.w.org\/{rel}","templated":true}]}}