{"id":16212,"date":"2024-09-22T18:15:28","date_gmt":"2024-09-22T18:15:28","guid":{"rendered":"https:\/\/travelshelper.com\/staging\/?page_id=16212"},"modified":"2026-03-11T22:53:19","modified_gmt":"2026-03-11T22:53:19","slug":"frantiskov%d0%b5-laznje","status":"publish","type":"page","link":"https:\/\/travelshelper.com\/sr\/destinations\/europe\/czech-republic\/frantiskovy-lazne\/","title":{"rendered":"Franti\u0161kov\u0435 Laznje"},"content":{"rendered":"<p>Franti\u0161kovi Lazni zauzimaju tihi kutak Zapadne Bohemije, pet kilometara severno od Heba, u najzapadnijem delu Hebskog basena. NJegova blaga brda uzdi\u017eu se na ne vi\u0161e od 483 metra nadmorske visine kod Na Skale, ali kriju bogatu mre\u017eu mineralnih izvora \u010diji ugled se\u017ee vekovima u pro\u0161lost. Pritoka Ohre, Slatini potok, vijuga kroz op\u0161tinu, prolaze\u0107i pored osam naselja - Franti\u0161kovi Lazni (2.986 stanovnika), Aleje-Zati\u0161i (59), Dlouhe Mosti (44), Dolni Lomani (235), Gorni Lomani (890), Krapice (47), Slatina (416) i \u017dirovice (355) - pre nego \u0161to nestane u nizijama. Niz ribnjaka, od kojih se najve\u0107i zove Amerika, isprekidaju pejza\u017e, njegovo zapadno ostrvo je za\u0161ti\u0107eno uto\u010di\u0161te za ptice migratorke, a isto\u010dne obale su posve\u0107ene letnjoj rekreaciji.<\/p>\n<p>Vode ovog regiona su cenjene bar od kraja \u010detrnaestog veka, kada je Georgije Agrikola (1494\u20131555) zabele\u017eio slane izvore koje su koristili stanovnici Heba. U tim ranim godinama, lokalna tradicija je po drevnom obi\u010daju dozvoljavala gra\u0111anima da do\u0111u do bunara; voda se sipala u zemljane posude i slala \u0161irom carstva. Do 1700. godine, prodaja sa ovih izvora je navodno prema\u0161ila kombinovanu proizvodnju svih tada\u0161njih banja. Oko 1705. godine, pored izvora, kasnije poznatog kao Francenskvele, osnovan je hotel, \u0161to je ozna\u010dilo prve skromne korake ka formalnom odmarali\u0161tu.<\/p>\n<p>Formalno osnivanje dogodilo se 27. aprila 1793. godine, kada je doktor Bernhard Adler (1753\u20131810) iz Egera (dana\u0161nji Heb) dobio carsku dozvolu da osnuje Kajzer Francensdorf \u2014 uskoro poznat kao Francensbad \u2014 u \u010dast cara Franje II. Adler je nadgledao isu\u0161ivanje mo\u010dvarnog vresi\u0161ta, izgradnju pe\u0161a\u010dkih mostova i podizanje paviljona i vodenog bazena u Francenskelu, oko kojih je rasporedio dvadeset \u010detiri izvora u ortogonalnoj mre\u017ei. NJegova vizija nai\u0161la je na \u017eestok otpor u takozvanom Egerskom vajber\u0161turmu, kada su lokalne \u017eene \u010dija je egzistencija zavisila od prodaje izvorske vode sru\u0161ile njegove rane objekte. Intervencija gradskog ve\u0107a Heba ugu\u0161ila je nemire, a do sredine veka Francensbad je postao nezavisna op\u0161tina (1852) sa \u0161irokom mre\u017eom \u0161etali\u0161ta, paviljona i sme\u0161taja za posetioce koji tra\u017ee lekovita svojstva njegovih voda.<\/p>\n<p>Pokroviteljstvo odmarali\u0161ta u ranim decenijama obuhvatalo je neke od najslavnijih li\u010dnosti tog doba. Johan Volfgang fon Gete ga je vi\u0161e puta pose\u0107ivao; njegovi utisci \u0107e se kasnije pojaviti u memoarima Johanesa Urzidila iz 1932. godine, \u201eGete u \u010cehima\u201c. Ludvig van Betoven je dolazio sa porodicom Brentano, a Johan \u0160traus Mla\u0111i je lutao kroz ba\u0161te uz zvuke sopstvenih valcera. Knji\u017eevna hodo\u010da\u0161\u0107a Bo\u017eene Nemcove i Marije fon Ebner-E\u0161enbah \u2013 \u010dija je novela iz 1858. godine \u201eAus Franzensbad\u201c skicirala dru\u0161tveni \u017eivot odmarali\u0161ta \u2013 dodatno su u\u010dvrstila njegov ugled. Nadvojvoda Karlo I i car Franc Jozef I pru\u017eili su carsko pokroviteljstvo, a ovaj drugi je uzdigao Francensbad na status grada 1865. godine.<\/p>\n<p>Tokom devetnaestog veka, ruski velika\u0161i i evropske aristokrate hrlili su u Francensbad, privu\u010deni pionirskim tretmanima kao \u0161to su kupke od treseta, me\u0111u prvima te vrste na kontinentu. Javna banja izgra\u0111ena 1827. godine nudila je zajedni\u010dke sadr\u017eaje, dok su privatne vile i hoteli nicali du\u017e glavnih avenija. Na prelazu vekova, godi\u0161nja pose\u0107enost je porasla na skoro 20.000 pacijenata i 80.000 turista, koji su stizali ko\u010dijama, a kasnije i \u017eeleznicom na liniji Heb-Hof. Ortogonalni plan odmarali\u0161ta, isprekidan senovitim uli\u010dicama i neoklasi\u010dnim paviljonima, svedo\u010dio je o prosvetiteljskim idealima reda i blagostanja.<\/p>\n<p>Raspad Austrougarskog carstva 1918. godine doneo je period neizvesnosti. Kao deo \u010cehoslova\u010dke, grad je do\u017eiveo smanjenje svoje tradicionalne klijentele; Velika depresija iz 1929. godine zadala je dodatni udarac banjskoj ekonomiji. Nakon Drugog svetskog rata, nema\u010dkogovore\u0107e stanovni\u0161tvo je proterano prema Bene\u0161ovim dekretima, a odmarali\u0161te \u2013 zvani\u010dno preimenovano u Franti\u0161kovi Laznje \u2013 nacionalizovano je pod komunisti\u010dkim re\u017eimom. Nastala je dr\u017eavna banjska korporacija koja je objedinila osam banjskih ku\u0107a i hotela sa oko 1.500 kreveta i upravljala sa dvadeset \u010detiri izvora, od kojih je dvanaest i danas u upotrebi.<\/p>\n<p>Pli\u0161ana revolucija 1989. godine podstakla je novu transformaciju. Banjska imovina je preneta akcionarskom dru\u0161tvu sa namerom da obnovi me\u0111unarodno interesovanje. Restauracija fasada iz carskog doba, renoviranje istorijskih paviljona sa izvorima i modernizacija objekata za le\u010denje nastavljene su do danas. Godine 1992, centar grada je dobio za\u0161titu kao urbani spomenik prirode. Godine 2021, UNESKO je uvrstio Franti\u0161kove Laznje, zajedno sa Karlovim Varima i Marijanskim Laznjama, na listu Velikih banjskih gradova Evrope, kao priznanje za njihove prirodne izvore i arhitekturu od visokog baroka do secesije koja ilustruje kult zdravlja i odmora na kontinentu od osamnaestog do dvadesetog veka.<\/p>\n<p>Terapeutski re\u017eim danas ostaje utemeljen u lokalnoj geologiji. Padavine prodiru u sedimentne slojeve Hebskog basena, rastvaraju\u0107i ugljen-dioksid i mineralne soli pre nego \u0161to se pojave u dvadeset tri aktivna izvora. Iako se hemijski sastavi razlikuju, sve vode dele visok sadr\u017eaj rastvorene ugljene kiseline. Hidrostati\u010dke kupke koriste ove osobine za pobolj\u0161anje kardiovaskularnih performansi, blago sni\u017eavanje krvnog pritiska i olak\u0161avanje cirkulacije krvi, uz ubla\u017eavanje hroni\u010dnih upala i pru\u017eanje olak\u0161anja kod reumatskih stanja. Lokalni tretmani blatom kombinuju termi\u010dke, hemijske i mehani\u010dke stimuluse: zagrejana me\u0161avina blata i mineralne vode, primenjena na muskulaturu, pove\u0107ava pokretljivost i ubla\u017eava bol postepenim prenosom toplote i apsorpcijom minerala.<\/p>\n<p>Pored banjskog re\u017eima, graditeljsko nasle\u0111e Franti\u0161kovih Lazni poziva na istra\u017eivanje. Neorenesansni dru\u0161tveni dom (1877) je sidro banjskog centra, ugo\u0161\u0107uju\u0107i kongrese, sve\u010dane balove i kazino unutar svojih stubovih fasada i svodnih enterijera. Kratka \u0161etnja ka zapadu otkriva Crkvu Vozdvi\u017eenja Svetog Krsta (1815\u20131820), \u010dist primer sakralne arhitekture u stilu imperije koju odlikuje strog trem i prefinjeni ornament. U blizini, Crkva Svete Olge (1887) evocira ruski barok sa svojim kupolama u obliku luka i pozla\u0107enim ikonostasom, svedo\u010danstvo posetilaca iz carskih domena koji su nekada ovde tra\u017eili predah. Evangelisti\u010dka crkva Svetih Petra i Pavla (1875\u20131880) kombinuje neoromanski stil sa kubisti\u010dkim tornjem dodatim 1920-ih, dok u Gornjim Lomanima barokna crkva Svetog Jakova Velikog (1739\u20131741) stoji kao podsetnik na \u017eivot seoske parohije pre banje.<\/p>\n<p>Kulturni itinerar se prote\u017ee na predstave i izlo\u017ebe. Pozori\u0161te Bo\u017eena Nemcova, otvoreno 1868. godine i obnovljeno 1927\u20131928. u neoklasi\u010dnom obliku sa enterijerom u art deko stilu, organizuje koncerte i lokalne drame ispod fresaka na plafonima. Gradski muzej bele\u017ei evoluciju grada od okupljanja na mo\u010dvarnim izvorima do destinacije u stilu Bel epok, dok privatni Muzej motocikala i automobila nudi specifi\u010dnu fascinaciju mehani\u010dkim zanatima i dizajnom. Za lak\u0161u rekreaciju, vodeni park Akvaforum nudi moderne bazene, tobogane i velnes apartmane, povezuju\u0107i pro\u0161lost i sada\u0161njost kroz zabavu na vodi.<\/p>\n<p>Moderni pristup Franti\u0161kovim Laznjama je jednostavan. Put I\/21 povezuje Heb i autoput D6 sa nema\u010dkom granicom kod Vojtanova, dok se I\/64 grana prema A\u0161u, a I\/6 - nastavljaju\u0107i D6 - ide ka jugu prema Pomezi nad Ohri. Redovni vozovi prelaze liniju Heb-Hof, dovode\u0107i i goste banje i izletnike u srce grada.<\/p>\n<p>Iako dom sa jedva 5600 stanovnika, Franti\u0161kovi Laznje opstaju kao svedo\u010danstvo preseka pejza\u017ea i arhitekture, nauke i dru\u0161tvenog \u017eivota. U svojim ure\u0111enim \u0161etali\u0161tima i kolonadama sa stubovima, ose\u0107a se vera prosvetiteljstva u lekovite mo\u0107i prirode. U zagrljaju mineralnih voda, svaka nova generacija ponovo otkriva isti spokojni intenzitet koji je prvi put privukao radoznalost Georgija Agrikole pre pet vekova. Ovde, usred mirnih jezera i paviljona iz osamnaestog veka, ritmovi pro\u0161losti i sada\u0161njosti se spajaju u strpljivom razvoju blagostanja.<\/p>","protected":false},"excerpt":{"rendered":"<p>Franti\u0161kovi Lazne je banjski grad koji se nalazi u okrugu Cheb u okrugu Karlove Vari u \u010ce\u0161koj Republici, sa populacijom od oko 5.800 stanovnika. Ova lokacija, otprilike 5 kilometara severno od Cheba u regionu Egerland, predstavlja zna\u010dajnu komponentu zapadno\u010de\u0161kog banjskog trougla, pored gradova Karlove Vari i Marijanske Lazne.<\/p>","protected":false},"author":1,"featured_media":18720,"parent":14322,"menu_order":0,"comment_status":"closed","ping_status":"closed","template":"elementor_theme","meta":{"_eb_attr":"","footnotes":""},"class_list":["post-16212","page","type-page","status-publish","has-post-thumbnail"],"_links":{"self":[{"href":"https:\/\/travelshelper.com\/sr\/wp-json\/wp\/v2\/pages\/16212","targetHints":{"allow":["GET"]}}],"collection":[{"href":"https:\/\/travelshelper.com\/sr\/wp-json\/wp\/v2\/pages"}],"about":[{"href":"https:\/\/travelshelper.com\/sr\/wp-json\/wp\/v2\/types\/page"}],"author":[{"embeddable":true,"href":"https:\/\/travelshelper.com\/sr\/wp-json\/wp\/v2\/users\/1"}],"replies":[{"embeddable":true,"href":"https:\/\/travelshelper.com\/sr\/wp-json\/wp\/v2\/comments?post=16212"}],"version-history":[{"count":0,"href":"https:\/\/travelshelper.com\/sr\/wp-json\/wp\/v2\/pages\/16212\/revisions"}],"up":[{"embeddable":true,"href":"https:\/\/travelshelper.com\/sr\/wp-json\/wp\/v2\/pages\/14322"}],"wp:featuredmedia":[{"embeddable":true,"href":"https:\/\/travelshelper.com\/sr\/wp-json\/wp\/v2\/media\/18720"}],"wp:attachment":[{"href":"https:\/\/travelshelper.com\/sr\/wp-json\/wp\/v2\/media?parent=16212"}],"curies":[{"name":"wp","href":"https:\/\/api.w.org\/{rel}","templated":true}]}}