{"id":15986,"date":"2024-09-22T01:16:31","date_gmt":"2024-09-22T01:16:31","guid":{"rendered":"https:\/\/travelshelper.com\/staging\/?page_id=15986"},"modified":"2024-09-22T01:19:54","modified_gmt":"2024-09-22T01:19:54","slug":"uslovi-koriscenja","status":"publish","type":"page","link":"https:\/\/travelshelper.com\/sr\/terms-and-conditions\/","title":{"rendered":"Uslovi i odredbe"},"content":{"rendered":"<div data-elementor-type=\"wp-page\" data-elementor-id=\"15986\" class=\"elementor elementor-15986\">\n\t\t\t\t<div class=\"elementor-element elementor-element-1aa50f8 e-flex e-con-boxed e-con e-parent\" data-id=\"1aa50f8\" data-element_type=\"container\" data-e-type=\"container\">\n\t\t\t\t\t<div class=\"e-con-inner\">\n\t\t<div class=\"elementor-element elementor-element-36c71f6b e-con-full e-flex e-con e-child\" data-id=\"36c71f6b\" data-element_type=\"container\" data-e-type=\"container\">\n\t\t\t\t<div class=\"elementor-element elementor-element-21e4fe46 elementor-widget elementor-widget-text-editor\" data-id=\"21e4fe46\" data-element_type=\"widget\" data-e-type=\"widget\" data-widget_type=\"text-editor.default\">\n\t\t\t\t\t\t\t\t\t<h1>Uslovi i odredbe<\/h1>\n<p><\/p>\n<p>Poslednje a\u017euriranje: 26.09.2024.<\/p>\n<p><\/p>\n<p>1.\u00a0<strong>Uvod<\/strong><\/p>\n<p><\/p>\n<p>Dobrodo\u0161li u\u00a0<strong>Travel S Helper<\/strong>\u00a0(\u201eKompanija\u201c, \u201emi\u201c, \u201ena\u0161\u201c, \u201enas\u201c)!<\/p>\n<p><\/p>\n<p>Ovi Uslovi kori\u0161\u0107enja usluga (\u201eUslovi\u201c, \u201eUslovi kori\u0161\u0107enja usluga\u201c) reguli\u0161u va\u0161e kori\u0161\u0107enje na\u0161e veb stranice koja se nalazi na\u00a0<strong>https:\/\/travelshelper.com<\/strong>\u00a0(zajedno ili pojedina\u010dno \u201eUsluga\u201c) koju upravlja\u00a0<strong>Travel S Helper<\/strong>.<\/p>\n<p><\/p>\n<p>Na\u0161a Politika privatnosti tako\u0111e reguli\u0161e va\u0161e kori\u0161\u0107enje na\u0161e Usluge i obja\u0161njava kako prikupljamo, \u0161titimo i otkrivamo informacije koje proizilaze iz va\u0161eg kori\u0161\u0107enja na\u0161ih veb stranica.<\/p>\n<p><\/p>\n<p>Va\u0161 ugovor sa nama obuhvata ove Uslove i na\u0161u Politiku privatnosti (\u201eUgovori\u201c). Potvr\u0111ujete da ste pro\u010ditali i razumeli Ugovore i da se sla\u017eete da budete obavezni njima.<\/p>\n<p><\/p>\n<p>Ako se ne sla\u017eete sa (ili ne mo\u017eete da se pridr\u017eavate) Ugovora, onda ne smete da koristite Uslugu, ali nas obavestite putem e-po\u0161te na adresu\u00a0<strong>office@travelshelper.com<\/strong>\u00a0kako bismo mogli da poku\u0161amo da prona\u0111emo re\u0161enje. Ovi Uslovi se primenjuju na sve posetioce, korisnike i druge koji \u017eele da pristupe ili koriste Uslugu.<\/p>\n<p><\/p>\n<p>2.\u00a0<strong>Komunikacije<\/strong><\/p>\n<p><\/p>\n<p>Kori\u0161\u0107enjem na\u0161e Usluge, pristajete da se pretplatite na biltene, marketin\u0161ke ili promotivne materijale i druge informacije koje vam mo\u017eemo poslati. Me\u0111utim, mo\u017eete se odjaviti od primanja bilo koje ili svih ovih komunikacija od nas prate\u0107i link za odjavu ili slanjem e-po\u0161te na adresu office@travelshelper.com.<\/p>\n<p><\/p>\n<p>3.\u00a0<strong>Takmi\u010denja, nagradne igre i promocije<\/strong><\/p>\n<p><\/p>\n<p>Sva takmi\u010denja, nagradne igre ili druge promocije (zajedni\u010dki nazvane \u201ePromocije\u201c) dostupne putem Usluge mogu biti regulisane pravilima koja su odvojena od ovih Uslova kori\u0161\u0107enja usluge. Ako u\u010destvujete u bilo kojoj Promociji, pregledajte va\u017ee\u0107a pravila, kao i na\u0161u Politiku privatnosti. Ako su pravila za Promociju u suprotnosti sa ovim Uslovima kori\u0161\u0107enja usluge, primenjiva\u0107e se pravila Promocije.<\/p>\n<p><\/p>\n<p>4.\u00a0<strong>Sadr\u017eaj<\/strong><\/p>\n<p><\/p>\n<p>Na\u0161a Usluga vam omogu\u0107ava da objavljujete, povezujete, \u010duvate, delite i na drugi na\u010din stavljate na raspolaganje odre\u0111ene informacije, tekst, grafiku, video zapise ili drugi materijal (\u201eSadr\u017eaj\u201c). Vi ste odgovorni za Sadr\u017eaj koji objavljujete na ili putem Usluge, uklju\u010duju\u0107i njegovu zakonitost, pouzdanost i prikladnost.<\/p>\n<p><\/p>\n<p>Objavljivanjem Sadr\u017eaja na ili putem Usluge, Vi izjavljujete i garantujete da: (i) Sadr\u017eaj je Va\u0161 (vi ste njegov vlasnik) i\/ili imate pravo da ga koristite i pravo da nam dodelite prava i licencu kako je predvi\u0111eno ovim Uslovima, i (ii) da objavljivanje Va\u0161eg Sadr\u017eaja na ili putem Usluge ne kr\u0161i prava na privatnost, prava na publicitet, autorska prava, ugovorna prava ili bilo koja druga prava bilo koje osobe ili entiteta. Zadr\u017eavamo pravo da ukinemo nalog svakoga za koga se utvrdi da kr\u0161i autorska prava.<\/p>\n<p><\/p>\n<p>Zadr\u017eavate sva svoja prava na bilo koji Sadr\u017eaj koji po\u0161aljete, objavite ili prika\u017eete na ili putem Usluge i odgovorni ste za za\u0161titu tih prava. Ne preuzimamo nikakvu odgovornost i ne preuzimamo nikakvu obavezu za Sadr\u017eaj koji vi ili bilo koja tre\u0107a strana objavite na ili putem Usluge. Me\u0111utim, objavljivanjem Sadr\u017eaja koriste\u0107i Uslugu, dajete nam pravo i licencu da koristimo, menjamo, javno izvodimo, javno prikazujemo, reprodukujemo i distribuiramo takav Sadr\u017eaj na i putem Usluge. Sla\u017eete se da ova licenca uklju\u010duje pravo da va\u0161 Sadr\u017eaj u\u010dinimo dostupnim drugim korisnicima Usluge, koji tako\u0111e mogu koristiti va\u0161 Sadr\u017eaj u skladu sa ovim Uslovima.<\/p>\n<p><\/p>\n<p>Travel S Helper ima pravo, ali ne i obavezu, da prati i ure\u0111uje sav Sadr\u017eaj koji korisnici dostave.<\/p>\n<p><\/p>\n<p>Pored toga, Sadr\u017eaj koji se nalazi na ili putem ove Usluge je vlasni\u0161tvo Travel S Helper-a ili se koristi uz dozvolu. Ne smete distribuirati, menjati, prenositi, ponovo koristiti, preuzimati, ponovo objavljivati, kopirati ili koristiti navedeni Sadr\u017eaj, bilo u celini ili delimi\u010dno, u komercijalne svrhe ili za li\u010dnu dobit, bez izri\u010dite prethodne pismene dozvole od nas.<\/p>\n<p><\/p>\n<p>5.\u00a0<strong>Zabranjene upotrebe<\/strong><\/p>\n<p><\/p>\n<p>Uslugu mo\u017eete koristiti samo u zakonite svrhe i u skladu sa Uslovima. Sla\u017eete se da ne\u0107ete koristiti Uslugu:<\/p>\n<p><\/p>\n<p>0.1. Na bilo koji na\u010din koji kr\u0161i bilo koji va\u017ee\u0107i nacionalni ili me\u0111unarodni zakon ili propis.<\/p>\n<p><\/p>\n<p>0.2. U svrhu eksploatacije, nano\u0161enja \u0161tete ili poku\u0161aja eksploatacije ili nano\u0161enja \u0161tete maloletnicima na bilo koji na\u010din izlaganjem neprikladnom sadr\u017eaju ili na drugi na\u010din.<\/p>\n<p><\/p>\n<p>0.3. Prenositi ili nabavljati slanje bilo kakvog reklamnog ili promotivnog materijala, uklju\u010duju\u0107i \u201ene\u017eeljenu po\u0161tu\u201c, \u201elan\u010dana pisma\u201c, \u201espam\u201c ili bilo koju drugu sli\u010dnu ponudu.<\/p>\n<p><\/p>\n<p>0.4. La\u017eno se predstavljati ili poku\u0161ati da se predstavlja kao Kompanija, zaposleni u Kompaniji, drugi korisnik ili bilo koja druga osoba ili entitet.<\/p>\n<p><\/p>\n<p>0.5. Na bilo koji na\u010din koji kr\u0161i prava drugih ili je na bilo koji na\u010din nezakonit, prete\u0107i, prevaran ili \u0161tetan, ili u vezi sa bilo kojom nezakonitom, ilegalnom, prevarnom ili \u0161tetnom svrhom ili aktivno\u0161\u0107u.<\/p>\n<p><\/p>\n<p>0.6. Upu\u0161tati se u bilo koje drugo pona\u0161anje koje ograni\u010dava ili spre\u010dava bilo \u010dije kori\u0161\u0107enje ili u\u017eivanje u Usluzi, ili koje, kako mi utvrdimo, mo\u017ee na\u0161tetiti ili uvrediti Kompaniju ili korisnike Usluge ili ih izlo\u017eiti odgovornosti.<\/p>\n<p><\/p>\n<p>Pored toga, sla\u017eete se da ne\u0107ete:<\/p>\n<p><\/p>\n<p>0.1. Koristiti Uslugu na bilo koji na\u010din koji bi mogao da onemogu\u0107i, preoptereti, o\u0161teti ili pogor\u0161a Uslugu ili da ometa kori\u0161\u0107enje Usluge od strane bilo koje druge strane, uklju\u010duju\u0107i njihovu mogu\u0107nost da se bave aktivnostima u realnom vremenu putem Usluge.<\/p>\n<p><\/p>\n<p>0.2. Koristiti bilo kog robota, pauka ili drugi automatski ure\u0111aj, proces ili sredstvo za pristup Usluzi u bilo koju svrhu, uklju\u010duju\u0107i pra\u0107enje ili kopiranje bilo kog materijala na Usluzi.<\/p>\n<p><\/p>\n<p>0.3. Koristiti bilo koji ru\u010dni proces za pra\u0107enje ili kopiranje bilo kog materijala na Usluzi ili u bilo koju drugu neovla\u0161\u0107enu svrhu bez na\u0161e prethodne pismene saglasnosti.<\/p>\n<p><\/p>\n<p>0.4. Koristiti bilo koji ure\u0111aj, softver ili rutinu koja ometa pravilan rad Usluge.<\/p>\n<p><\/p>\n<p>0.5. Uvesti bilo kakve viruse, trojanske konje, crve, logi\u010dke bombe ili drugi materijal koji je zlonameran ili tehnolo\u0161ki \u0161tetan.<\/p>\n<p><\/p>\n<p>0.6. Poku\u0161ati neovla\u0161\u0107eni pristup, ometati, o\u0161tetiti ili poremetiti bilo koji deo Usluge, server na kojem je Usluga sme\u0161tena ili bilo koji server, ra\u010dunar ili bazu podataka povezanu sa Uslugom.<\/p>\n<p><\/p>\n<p>0.7. Napad na uslugu putem napada uskra\u0107ivanja usluge ili distribuiranog napada uskra\u0107ivanja usluge.<\/p>\n<p><\/p>\n<p>0.8. Preduzimati bilo kakve radnje koje mogu o\u0161tetiti ili falsifikovati ocenu Kompanije.<\/p>\n<p><\/p>\n<p>0.9. Na drugi na\u010din poku\u0161avati da ometate pravilno funkcionisanje Usluge.<\/p>\n<p><\/p>\n<p>6.\u00a0<strong>Analitika<\/strong><\/p>\n<p><\/p>\n<p>Mo\u017eemo koristiti usluge tre\u0107ih strana koje pru\u017eaju usluge kako bismo pratili i analizirali kori\u0161\u0107enje na\u0161e usluge.<\/p>\n<p><\/p>\n<p>7.\u00a0<strong>Zabranjeno maloletnicima<\/strong><\/p>\n<p><\/p>\n<p>Usluga je namenjena samo za pristup i kori\u0161\u0107enje od strane osoba starijih od najmanje osamnaest (18) godina. Pristupanjem ili kori\u0161\u0107enjem Usluge, garantujete i izjavljujete da imate najmanje osamnaest (18) godina i da imate puno ovla\u0161\u0107enje, pravo i sposobnost da zaklju\u010dite ovaj ugovor i da se pridr\u017eavate svih uslova i odredbi Uslova. Ako nemate najmanje osamnaest (18) godina, zabranjen vam je i pristup i kori\u0161\u0107enje Usluge.<\/p>\n<p><\/p>\n<p>8.\u00a0<strong>Intelektualna svojina<\/strong><\/p>\n<p><\/p>\n<p>Usluga i njen originalni sadr\u017eaj (isklju\u010duju\u0107i Sadr\u017eaj koji pru\u017eaju korisnici), karakteristike i funkcionalnost su i osta\u0107e isklju\u010divo vlasni\u0161tvo kompanije Travel S Helper i njenih davaoca licenci. Usluga je za\u0161ti\u0107ena autorskim pravima, za\u0161titnim znacima i drugim zakonima zemalja i stranih zemalja. Na\u0161i za\u0161titni znaci se ne smeju koristiti u vezi sa bilo kojim proizvodom ili uslugom bez prethodne pismene saglasnosti kompanije Travel S Helper.<\/p>\n<p><\/p>\n<p>9.\u00a0<strong>Politika autorskih prava<\/strong><\/p>\n<p><\/p>\n<p>Po\u0161tujemo prava intelektualne svojine drugih. Na\u0161a je politika da odgovorimo na svaku tvrdnju da Sadr\u017eaj objavljen na Usluzi kr\u0161i autorska prava ili druga prava intelektualne svojine (\u201eKr\u0161enje\u201c) bilo koje osobe ili entiteta.<\/p>\n<p><\/p>\n<p>Ako ste vlasnik autorskih prava ili ste ovla\u0161\u0107eni u ime vlasnika autorskih prava i smatrate da je delo za\u0161ti\u0107eno autorskim pravima kopirano na na\u010din koji predstavlja kr\u0161enje autorskih prava, podnesite svoj zahtev putem e-po\u0161te na adresu office@travelshelper.com, sa temom: \u201eKr\u0161enje autorskih prava\u201c i u zahtevu navedite detaljan opis navodnog kr\u0161enja kao \u0161to je detaljno opisano u nastavku, u odeljku \u201eDMCA obave\u0161tenje i postupak za zahteve za kr\u0161enje autorskih prava\u201c.<\/p>\n<p><\/p>\n<p>Mo\u017eete biti odgovorni za \u0161tetu (uklju\u010duju\u0107i tro\u0161kove i advokatske honorare) zbog la\u017enog predstavljanja ili tvrdnji u lo\u0161oj veri o kr\u0161enju bilo kog Sadr\u017eaja prona\u0111enog na i\/ili putem Usluge u vezi sa va\u0161im autorskim pravima.<\/p>\n<p><\/p>\n<p>10.\u00a0<strong>DMCA obave\u0161tenje i postupak za tu\u017ebe zbog kr\u0161enja autorskih prava<\/strong><\/p>\n<p><\/p>\n<p>Mo\u017eete podneti obave\u0161tenje u skladu sa Zakonom o digitalnim milenijumskim autorskim pravima (DMCA) tako \u0161to \u0107ete na\u0161em agentu za autorska prava dostaviti slede\u0107e informacije u pisanoj formi (videti 17 USC 512(c)(3) za vi\u0161e detalja):<\/p>\n<p><\/p>\n<p>0.1. elektronski ili fizi\u010dki potpis lica ovla\u0161\u0107enog da deluje u ime vlasnika autorskog prava;<\/p>\n<p><\/p>\n<p>0.2. opis dela za\u0161ti\u0107enog autorskim pravima za koje tvrdite da su prekr\u0161ena, uklju\u010duju\u0107i URL adresu (tj. adresu veb stranice) lokacije gde se nalazi delo za\u0161ti\u0107eno autorskim pravima ili kopiju dela za\u0161ti\u0107enog autorskim pravima;<\/p>\n<p><\/p>\n<p>0.3. identifikacija URL-a ili druge specifi\u010dne lokacije na Usluzi gde se nalazi materijal za koji tvrdite da kr\u0161i autorska prava;<\/p>\n<p><\/p>\n<p>0.4. va\u0161u adresu, broj telefona i adresu e-po\u0161te;<\/p>\n<p><\/p>\n<p>0.5. va\u0161u izjavu da u dobroj veri verujete da sporna upotreba nije odobrena od strane vlasnika autorskih prava, njegovog zastupnika ili zakona;<\/p>\n<p><\/p>\n<p>0.6. va\u0161u izjavu, datu pod krivi\u010dnom odgovorno\u0161\u0107u za krivokletstvo, da su gore navedene informacije u va\u0161em obave\u0161tenju ta\u010dne i da ste vlasnik autorskih prava ili ovla\u0161\u0107eni da delujete u ime vlasnika autorskih prava.<\/p>\n<p><\/p>\n<p>Mo\u017eete kontaktirati na\u0161eg agenta za autorska prava putem e-po\u0161te na adresu office@travelshelper.com.<\/p>\n<p><\/p>\n<p>11.\u00a0<strong>Prijavljivanje gre\u0161aka i povratne informacije<\/strong><\/p>\n<p><\/p>\n<p>Mo\u017eete nam direktno na office@travelshelper.com ili putem veb-sajtova i alata tre\u0107ih strana pru\u017eiti informacije i povratne informacije u vezi sa gre\u0161kama, predlozima za pobolj\u0161anja, idejama, problemima, \u017ealbama i drugim pitanjima vezanim za na\u0161u Uslugu (\u201ePovratne informacije\u201c). Potvr\u0111ujete i sla\u017eete se da: (i) ne\u0107ete zadr\u017eati, ste\u0107i ili potra\u017eivati bilo kakvo pravo intelektualne svojine ili drugo pravo, vlasni\u0161tvo ili interes u vezi sa Povratnim informacijama; (ii) Kompanija mo\u017ee imati ideje za razvoj sli\u010dne Povratnim informacijama; (iii) Povratne informacije ne sadr\u017ee poverljive informacije ili vlasni\u010dke informacije od vas ili bilo koje tre\u0107e strane; i (iv) Kompanija nije obavezna da \u010duva poverljivost u vezi sa Povratnim informacijama. U slu\u010daju da prenos vlasni\u0161tva nad Povratnim informacijama nije mogu\u0107 zbog va\u017ee\u0107ih obavezuju\u0107ih zakona, dajete Kompaniji i njenim filijalama ekskluzivno, prenosivo, neopozivo, besplatno, podlicenciraju\u0107e, neograni\u010deno i trajno pravo kori\u0161\u0107enja (uklju\u010duju\u0107i kopiranje, modifikovanje, kreiranje izvedenih radova, objavljivanje, distribuciju i komercijalizaciju) Povratnih informacija na bilo koji na\u010din i u bilo koju svrhu.<\/p>\n<p><\/p>\n<p>12.\u00a0<strong>Linkovi ka drugim veb lokacijama<\/strong><\/p>\n<p><\/p>\n<p>Na\u0161a Usluga mo\u017ee da sadr\u017ei linkove ka veb lokacijama ili uslugama tre\u0107ih strana koje nisu u vlasni\u0161tvu ili pod kontrolom Travel S Helper-a.<\/p>\n<p><\/p>\n<p>Travel S Helper nema kontrolu nad i ne preuzima nikakvu odgovornost za sadr\u017eaj, politike privatnosti ili prakse bilo kojih veb sajtova ili usluga tre\u0107ih strana. Ne garantujemo za ponude bilo kog od ovih entiteta\/pojedinaca ili njihovih veb sajtova.<\/p>\n<p><\/p>\n<p>POTVR\u0110UJETE I SAGLASNI SE DA KOMPANIJA NE\u0106E BITI ODGOVORNA, DIREKTNO ILI INDIREKTNO, ZA BILO KAKVU \u0160TETU ILI GUBITAK NASTAO ILI SE NAVEDUJE DA JE NASTAO U VEZI SA KORI\u0160\u0106ENJEM ILI OSLANJANJEM NA BILO KOJI TAKAV SADR\u017dAJ, ROBU ILI USLUGE DOSTUPNE NA ILI PREKO BILO KOJIH TAKVIH VEB SAJTOVA ILI USLUGA TRE\u0106IH STRANA.<\/p>\n<p><\/p>\n<p>TOPLO VAM SAVETUJEMO DA PRO\u010cITATE USLOVE KORI\u0160\u0106ENJA I POLITIKE PRIVATNOSTI BILO KOJIH VEB SAJTOVA ILI USLUGA TRE\u0106IH STRANA KOJE POSE\u0106UJETE.<\/p>\n<p><\/p>\n<p>13.\u00a0<strong>Odricanje od garancije<\/strong><\/p>\n<p><\/p>\n<p>OVE USLUGE KOMPANIJA PRU\u017dA \u201eKAKVE JESU\u201c I \u201eKAKO SU DOSTUPNE\u201c. KOMPANIJA NE DAJE NIKAKVE IZJAVE ILI GARANCIJE BILO KOJE VRSTE, IZRI\u010cITE ILI PODRAZUMEVANE, U VEZI SA FUNKCIONISANJEM NJIHOVIH USLUGA, ILI INFORMACIJAMA, SADR\u017dAJEM ILI MATERIJALIMA UKLJU\u010cENIM U NJIMA. IZRI\u010cITO SE SLA\u017dETE DA JE VA\u0160E UPOTREBLJIVANJE OVIH USLUGA, NJIHOVOG SADR\u017dAJA I BILO KOJIH USLUGA ILI PREDMETA DOBIJENIH OD NAS NA VA\u0160 SOPSTVENI RIZIK.<\/p>\n<p><\/p>\n<p>NI KOMPANIJA NITI BILO KOJA LICA POVEZANA SA KOMPANIJOM NE DAJU NIKAKVU GARANCIJU ILI IZJAVU U POGLEDU SA POTPUNO\u0160\u0106U, BEZBEDNOSTI, POUZDANOSTI, KVALITETA, TA\u010cNOSTI ILI DOSTUPNOSTI USLUGA. BEZ OGRANI\u010cAVANJA GORE NAVEDENOG, NI KOMPANIJA NITI BILO KO POVEZAN SA KOMPANIJOM NE IZJAVLJUJE ILI GARANTUJE DA \u0106E USLUGE, NJIHOV SADR\u017dAJ, ILI BILO KOJE USLUGE ILI STAVKE DOBIJENE PREKO USLUGA BITI TA\u010cNE, POUZDANE, BEZ GRE\u0160AKA ILI NEPREKIDNE, DA \u0106E SE GRE\u0160KE ISPRAVITI, DA SU USLUGE ILI SERVER KOJI IH \u010cINI DOSTUPNIM BEZ VIRUSA ILI DRUGIH \u0160TETNIH KOMPONENTI ILI DA \u0106E USLUGE ILI BILO KOJE USLUGE ILI STAVKE DOBIJENE PREKO USLUGA NA DRUGI NA\u010cIN ZADOVOLJAVATI VA\u0160E POTREBE ILI O\u010cEKIVANJA.<\/p>\n<p><\/p>\n<p>KOMPANIJA SE OVIM ODRI\u010cE SVIH GARANCIJA BILO KOJE VRSTE, BILO IZRI\u010cITIH ILI PODRAZUMEVANIH, ZAKONSKIH ILI DRUGIH, UKLJU\u010cUJU\u0106I, ALI NE OGRANI\u010cAVAJU\u0106I SE NA BILO KAKVE GARANCIJE PRODAJNOSTI, NEKR\u0160ENJA PRAVA I PODESNOSTI ZA ODRE\u0110ENU NAMENU.<\/p>\n<p><\/p>\n<p>GORE NAVEDENO NE UTI\u010cE NA GARANCIJE KOJE SE NE MOGU ISKLJU\u010cITI ILI OGRANI\u010cITI PREMA VA\u017dE\u0106EM ZAKONU.<\/p>\n<p><\/p>\n<p>14.\u00a0<strong>Ograni\u010denje odgovornosti<\/strong><\/p>\n<p><\/p>\n<p>OSIM AKO JE ZABRANJENO ZAKONOM, \u0160TITI\u0106ETE NAS I NA\u0160E SLU\u017dBENIKE, DIREKTORE, ZAPOSLENE I AGENTE OD ODGOVORNOSTI ZA BILO KAKVU INDIREKTNU, KAZNENU, POSEBNU, SLU\u010cAJNU ILI POSLEDI\u010cNU \u0160TETU, BEZ OBZIRA DA ONA NASTANE (UKLJU\u010cUJU\u0106I TRO\u0160KOVE ADVOKATA I SVE POVEZANE TRO\u0160KOVE I IZDATKE SPORNIKA I ARBITRA\u017dE, ILI NA SU\u0110ENJU ILI U \u017dALBENOM POSTUPKU, AKO JE POKRENUTA, BEZ OBZIRA DA LI JE SPORNIK ILI ARBITRA\u017dA POKREN ILI NE), BILO DA JE U VIDU TU\u017dBE PO UGOVORU, NEMARU ILI DRUGE DELIKTNE TU\u017dBE, ILI KOJE PROIZILAZE IZ ILI U VEZI SA OVIM UGOVOROM, UKLJU\u010cUJU\u0106I, BEZ OGRANI\u010cENJA, BILO KAKVU POTRA\u017dBU ZA LI\u010cNE POVREDE ILI \u0160TETU NA IMOVINI, KOJA PROIZILAZI IZ OVOG UGOVORA I BILO KAKVO VA\u0160E KR\u0160ENJE BILO KOGO SAVEZNOG, DR\u017dAVNOG ILI LOKALNOG ZAKONA, PROPISA, PRAVILA ILI PROPISA, \u010cAK I AKO JE KOMPANIJA PRETHODNO OBAVE\u0160TENA O MOGU\u0106NOSTI TAKVE \u0160TETE. OSIM AKO JE ZABRANJENO ZAKONOM, AKO SE UTVRDI ODGOVORNOST KOMPANIJE, ONA \u0106E BITI OGRANI\u010cENA NA IZNOS PLA\u0106EN ZA PROIZVODE I\/ILI USLUGE, I NI POD KOJIM OKOLNOSTIMA NE\u0106E BITI POSLEDI\u010cNE ILI KAZNENE \u0160TETE. NEKE DR\u017dAVE NE DOZVOLJAVAJU ISKLJU\u010cENJE ILI OGRANI\u010cENJE KAZNENE, SLU\u010cAJNE ILI POSLEDI\u010cNE \u0160TETE, TAKO DA SE PRETHODNO OGRANI\u010cENJE ILI ISKLJU\u010cENJE MO\u017dDA NE ODNOSI NA VAS.<\/p>\n<p><\/p>\n<p>15.\u00a0<strong>Raskid<\/strong><\/p>\n<p><\/p>\n<p>Mo\u017eemo odmah ukinuti ili suspendovati va\u0161 nalog i zabraniti pristup Usluzi, bez prethodne najave ili odgovornosti, po sopstvenom naho\u0111enju, iz bilo kog razloga i bez ograni\u010denja, uklju\u010duju\u0107i, ali ne ograni\u010davaju\u0107i se na kr\u0161enje Uslova.<\/p>\n<p><\/p>\n<p>Ako \u017eelite da ugasite svoj nalog, mo\u017eete jednostavno prestati da koristite Uslugu.<\/p>\n<p><\/p>\n<p>Sve odredbe Uslova koje po svojoj prirodi treba da ostanu na snazi nakon prestanka, osta\u0107e na snazi nakon prestanka, uklju\u010duju\u0107i, bez ograni\u010denja, odredbe o vlasni\u0161tvu, odricanje od garancije, obe\u0161te\u0107enje i ograni\u010denja odgovornosti.<\/p>\n<p><\/p>\n<p>16.\u00a0<strong>Merodavno pravo<\/strong><\/p>\n<p><\/p>\n<p>Ovi Uslovi se reguli\u0161u i tuma\u010de u skladu sa zakonima Holandije, pri \u010demu se merodavno pravo primenjuje na ugovor bez obzira na odredbe o koliziji zakona.<\/p>\n<p><\/p>\n<p>Na\u0161e nesprovo\u0111enje bilo kog prava ili odredbe ovih Uslova ne\u0107e se smatrati odricanjem od tih prava. Ukoliko sud proglasi bilo koju odredbu ovih Uslova neva\u017ee\u0107om ili neizvr\u0161ivom, preostale odredbe ovih Uslova osta\u0107e na snazi. Ovi Uslovi predstavljaju celoviti sporazum izme\u0111u nas u vezi sa na\u0161om Uslugom i zamenjuju sve prethodne sporazume koje smo mo\u017eda imali izme\u0111u nas u vezi sa Uslugom.<\/p>\n<p><\/p>\n<p>17.\u00a0<strong>Promene u usluzi<\/strong><\/p>\n<p><\/p>\n<p>Zadr\u017eavamo pravo da povu\u010demo ili izmenimo na\u0161u Uslugu, i bilo koju uslugu ili materijal koji pru\u017eamo putem Usluge, po sopstvenom naho\u0111enju bez prethodne najave. Ne\u0107emo biti odgovorni ako iz bilo kog razloga cela Usluga ili bilo koji njen deo nije dostupan u bilo kom trenutku ili u bilo kom periodu. S vremena na vreme, mo\u017eemo ograni\u010diti pristup nekim delovima Usluge ili celoj Usluzi korisnicima, uklju\u010duju\u0107i registrovane korisnike.<\/p>\n<p><\/p>\n<p>18.\u00a0<strong>Izmene uslova<\/strong><\/p>\n<p><\/p>\n<p>Mo\u017eemo izmeniti Uslove u bilo kom trenutku objavljivanjem izmenjenih uslova na ovoj stranici. Va\u0161a je odgovornost da periodi\u010dno pregledate ove Uslove.<\/p>\n<p><\/p>\n<p>Va\u0161e dalje kori\u0161\u0107enje Platforme nakon objavljivanja revidiranih Uslova zna\u010di da prihvatate i sla\u017eete se sa izmenama. O\u010dekuje se da \u010desto proveravate ovu stranicu kako biste bili upoznati sa svim promenama, jer su one obavezuju\u0107e za vas.<\/p>\n<p><\/p>\n<p>Nastavkom pristupa ili kori\u0161\u0107enja na\u0161e Usluge nakon stupanja na snagu bilo kakvih izmena, pristajete da budete obavezni revidiranim uslovima. Ako se ne sla\u017eete sa novim uslovima, vi\u0161e niste ovla\u0161\u0107eni da koristite Uslugu.<\/p>\n<p><\/p>\n<p>19.\u00a0<strong>Odricanje i odvojivost<\/strong><\/p>\n<p><\/p>\n<p>Nijedno odustajanje Kompanije od bilo koje odredbe ili uslova navedenog u Uslovima ne\u0107e se smatrati daljim ili kontinuiranim odustajanjem od takve odredbe ili uslova ili odustajanjem od bilo koje druge odredbe ili uslova, a svaki propust Kompanije da ostvari pravo ili odredbu prema Uslovima ne\u0107e predstavljati odustajanje od takvog prava ili odredbe.<\/p>\n<p><\/p>\n<p>Ako sud ili drugi nadle\u017eni tribunal proglasi bilo koju odredbu Uslova neva\u017ee\u0107om, nezakonitom ili neprimenljivom iz bilo kog razloga, takva odredba \u0107e biti ukinuta ili ograni\u010dena na minimalnu meru tako da preostale odredbe Uslova ostanu na snazi.<\/p>\n<p><\/p>\n<p>20.\u00a0<strong>Zahvalnica<\/strong><\/p>\n<p><\/p>\n<p>KORI\u0160\u0106ENJEM USLUGE ILI DRUGIH USLUGA KOJE MI PRU\u017dAMO, POTVR\u0110UJETE DA STE PRO\u010cITALI OVE USLOVE KORI\u0160\u0106ENJA I DA SE SLA\u017dETE DA VAS OBAVEZUJU NJIHOVIH OBAVEZA.<\/p>\n<p><\/p>\n<p>21.\u00a0<strong>Kontaktirajte nas<\/strong><\/p>\n<p><\/p>\n<p>Molimo vas da svoje povratne informacije, komentare i zahteve za tehni\u010dku podr\u0161ku po\u0161aljete putem imejla:\u00a0<a href=\"mailto:office@travelshelper.com\"><strong>office@travelshelper.com<\/strong><\/a>.<\/p>\n<p><\/p>\t\t\t\t\t\t\t\t<\/div>\n\t\t\t\t<\/div>\n\t\t\t\t\t<\/div>\n\t\t\t\t<\/div>\n\t\t\t\t<\/div>","protected":false},"excerpt":{"rendered":"<p>Terms And Conditions Last updated: 2024-09-26 1.\u00a0Introduction Welcome to\u00a0Travel S Helper\u00a0(\u201cCompany\u201d, \u201cwe\u201d, \u201cour\u201d, \u201cus\u201d)! These Terms of Service (\u201cTerms\u201d, \u201cTerms of Service\u201d) govern your use of our website located at\u00a0https:\/\/travelshelper.com\u00a0(together or individually \u201cService\u201d) operated by\u00a0Travel S Helper. Our Privacy Policy also governs your use of our Service and explains how we collect, safeguard and disclose [&hellip;]<\/p>\n","protected":false},"author":1,"featured_media":0,"parent":0,"menu_order":0,"comment_status":"closed","ping_status":"closed","template":"elementor_header_footer","meta":{"_eb_attr":"","footnotes":""},"class_list":["post-15986","page","type-page","status-publish"],"_links":{"self":[{"href":"https:\/\/travelshelper.com\/sr\/wp-json\/wp\/v2\/pages\/15986","targetHints":{"allow":["GET"]}}],"collection":[{"href":"https:\/\/travelshelper.com\/sr\/wp-json\/wp\/v2\/pages"}],"about":[{"href":"https:\/\/travelshelper.com\/sr\/wp-json\/wp\/v2\/types\/page"}],"author":[{"embeddable":true,"href":"https:\/\/travelshelper.com\/sr\/wp-json\/wp\/v2\/users\/1"}],"replies":[{"embeddable":true,"href":"https:\/\/travelshelper.com\/sr\/wp-json\/wp\/v2\/comments?post=15986"}],"version-history":[{"count":0,"href":"https:\/\/travelshelper.com\/sr\/wp-json\/wp\/v2\/pages\/15986\/revisions"}],"wp:attachment":[{"href":"https:\/\/travelshelper.com\/sr\/wp-json\/wp\/v2\/media?parent=15986"}],"curies":[{"name":"wp","href":"https:\/\/api.w.org\/{rel}","templated":true}]}}