{"id":15974,"date":"2024-09-22T01:11:09","date_gmt":"2024-09-22T01:11:09","guid":{"rendered":"https:\/\/travelshelper.com\/staging\/?page_id=15974"},"modified":"2024-09-22T01:13:07","modified_gmt":"2024-09-22T01:13:07","slug":"odricanje-odgovornosti","status":"publish","type":"page","link":"https:\/\/travelshelper.com\/sr\/disclaimer\/","title":{"rendered":"Odricanje od odgovornosti"},"content":{"rendered":"<div data-elementor-type=\"wp-page\" data-elementor-id=\"15974\" class=\"elementor elementor-15974\">\n\t\t\t\t<div class=\"elementor-element elementor-element-6f0bcdfa e-flex e-con-boxed e-con e-parent\" data-id=\"6f0bcdfa\" data-element_type=\"container\" data-e-type=\"container\">\n\t\t\t\t\t<div class=\"e-con-inner\">\n\t\t<div class=\"elementor-element elementor-element-627d6690 e-con-full e-flex e-con e-child\" data-id=\"627d6690\" data-element_type=\"container\" data-e-type=\"container\">\n\t\t\t\t<div class=\"elementor-element elementor-element-428000a8 elementor-widget elementor-widget-text-editor\" data-id=\"428000a8\" data-element_type=\"widget\" data-e-type=\"widget\" data-widget_type=\"text-editor.default\">\n\t\t\t\t\t\t\t\t\t<p><\/p><p>Poslednje a\u017euriranje: 26.09.2024.<\/p><p> <\/p><p><strong>ODRICANJE ODGOVORNOSTI SA VEB SAJTA<\/strong><\/p><p> <\/p><p>Informacije koje je pru\u017eio\/la\u00a0<strong>Travel S Helper<\/strong>\u00a0(\u201eKompanija\u201c, \u201emi\u201c, \u201ena\u0161\u201c, \u201enas\u201c) na\u00a0<strong>https:\/\/travelshelper.com<\/strong>\u00a0(\u201eSajt\u201c) je samo u op\u0161te informativne svrhe. Sve informacije na Sajtu su date u dobroj veri, me\u0111utim, ne dajemo nikakvu izjavu ili garanciju bilo koje vrste, izri\u010ditu ili implicitnu, u vezi sa ta\u010dno\u0161\u0107u, adekvatno\u0161\u0107u, validno\u0161\u0107u, pouzdano\u0161\u0107u, dostupno\u0161\u0107u ili potpuno\u0161\u0107u bilo koje informacije na Sajtu.<\/p><p> <\/p><p>NI POD KOJIM OKOLNOSTIMA NE\u0106EMO IMATI ODGOVORNOST PREMA VAMA ZA BILO KAKAV GUBITAK ILI \u0160TETU BILO KOJE VRSTE NASTALU KAO REZULTAT KORI\u0160\u0106ENJA SAJTA ILI OSLANJANJA NA BILO KOJE INFORMACIJE DATE NA SAJTU. VA\u0160E KORI\u0160\u0106ENJE SAJTA I VA\u0160E OSLANJANJE NA BILO KOJE INFORMACIJE NA SAJTU JE ISKLJU\u010cIVO NA VA\u0160 SOPSTVENI RIZIK.<\/p><p> <\/p><p><strong>ODRICANJE ODGOVORNOSTI ZA SPOLJNE LINKOVE<\/strong><\/p><p> <\/p><p>Sajt mo\u017ee da sadr\u017ei (ili vam mogu biti poslati putem Sajta) linkove ka drugim veb-sajtovima ili sadr\u017eaju koji pripada ili poti\u010de od tre\u0107ih strana ili linkove ka veb-sajtovima i funkcijama. Takve eksterne linkove ne istra\u017eujemo, ne pratimo niti proveravamo u pogledu ta\u010dnosti, adekvatnosti, validnosti, pouzdanosti, dostupnosti ili potpunosti.<\/p><p> <\/p><p>NE GARANTUJEMO, NE PODR\u017dAVAMO, NE GARACIRAMO NITI PREUZIMAMO ODGOVORNOST ZA TA\u010cNOST ILI POUZDANOST BILO KOJIH INFORMACIJA KOJE NUDE VEB SAJTOVI TRE\u0106IH STRANA POVEZANI PREKO SAJTA ILI BILO KOJE VEB SAJTA ILI FUNKCIJE POVEZANE U BILO KOJEM BANERU ILI DRUGOM OGLA\u0160AVANJU. NE\u0106EMO BITI STRANA U NITI NA KOJI NA\u010cIN BITI ODGOVORNI ZA PRA\u0106ENJE BILO KOJE TRANSAKCIJE IZME\u0110U VAS I TRE\u0106IH STRANA DOBAVLJA\u010cA PROIZVODA ILI USLUGA.<\/p><p> <\/p><p><strong>ODRICANJE ODGOVORNOSTI ZA PRIPADNIKE<\/strong><\/p><p> <\/p><p>Sajt mo\u017ee da sadr\u017ei linkove ka partnerskim veb-sajtovima, a mi mo\u017eemo primati partnersku proviziju za bilo kakve kupovine ili radnje koje obavite na partnerskim veb-sajtovima koriste\u0107i takve linkove.<\/p><p> <\/p><p><strong>ODRICANJE ODGOVORNOSTI ZA PREDSTAVE<\/strong><\/p><p> <\/p><p>Sajt mo\u017ee da sadr\u017ei svedo\u010danstva korisnika na\u0161ih proizvoda i\/ili usluga. Ova svedo\u010danstva odra\u017eavaju stvarna iskustva i mi\u0161ljenja tih korisnika. Me\u0111utim, iskustva su li\u010dna za te konkretne korisnike i ne moraju nu\u017eno biti reprezentativna za sve korisnike na\u0161ih proizvoda i\/ili usluga. Ne tvrdimo, i ne bi trebalo da pretpostavljate da \u0107e svi korisnici imati ista iskustva.<\/p><p> <\/p><p>VA\u0160I INDIVIDUALNI REZULTATI MOGU DA VARIRAJU.<\/p><p> <\/p><p>Svedo\u010danstva na sajtu se dostavljaju u razli\u010ditim oblicima kao \u0161to su tekst, audio i\/ili video, i mi ih pregledamo pre nego \u0161to budu objavljena. Ona se na sajtu pojavljuju doslovno onako kako su ih korisnici dali, osim ispravki gramati\u010dkih ili kucarskih gre\u0161aka. Neka svedo\u010danstva su mo\u017eda skra\u0107ena radi kratko\u0107e, tamo gde je celokupno svedo\u010danstvo sadr\u017ealo nepotrebne informacije koje nisu relevantne za \u0161iru javnost.<\/p><p> <\/p><p>Stavovi i mi\u0161ljenja sadr\u017eana u svedo\u010danstvima pripadaju isklju\u010divo pojedina\u010dnom korisniku i ne odra\u017eavaju na\u0161e stavove i mi\u0161ljenja.<\/p><p> <\/p><p><strong>ODRICANJE ODGOVORNOSTI ZA GRE\u0160KE I PROPUSTE<\/strong><\/p><p> <\/p><p>Iako smo ulo\u017eili sve napore da osiguramo da su informacije sadr\u017eane na ovoj stranici dobijene iz pouzdanih izvora, Travel S Helper nije odgovoran za bilo kakve gre\u0161ke ili propuste ili za rezultate dobijene kori\u0161\u0107enjem ovih informacija. Sve informacije na ovoj stranici su date \u201ekakve jesu\u201c, bez garancije potpunosti, ta\u010dnosti, blagovremenosti ili rezultata dobijenih kori\u0161\u0107enjem ovih informacija, i bez garancije bilo koje vrste, izri\u010dite ili podrazumevane, uklju\u010duju\u0107i, ali ne ograni\u010davaju\u0107i se na garancije performansi, prodajnosti i podobnosti za odre\u0111enu svrhu.<\/p><p> <\/p><p>Ni u kom slu\u010daju Travel S Helper, njegova povezana partnerstva ili korporacije, ili njihovi partneri, agenti ili zaposleni ne\u0107e biti odgovorni vama ili bilo kome drugom za bilo koju odluku donetu ili radnju preduzetu na osnovu informacija na ovoj veb stranici ili za bilo kakvu posledi\u010dnu, posebnu ili sli\u010dnu \u0161tetu, \u010dak i ako je obave\u0161ten o mogu\u0107nosti takve \u0161tete.<\/p><p> <\/p><p><strong>ODRICANJE ODGOVORNOSTI GOSTUJU\u0106IH SARADNIKA<\/strong><\/p><p> <\/p><p>Ova veb stranica mo\u017ee da sadr\u017ei sadr\u017eaj gostuju\u0107ih saradnika i svi stavovi ili mi\u0161ljenja izra\u017eeni u takvim objavama su li\u010dni i ne predstavljaju stavove kompanije Travel S Helper ili bilo kog njenog osoblja ili povezanih lica, osim ako nije izri\u010dito nazna\u010deno.<\/p><p> <\/p><p><strong>ODRICANJE ODGOVORNOSTI ZA LOGOTIPE I ZA\u0160TITNE ZNAKOVE<\/strong><\/p><p> <\/p><p>All logos and trademarks of third parties referenced on\u00a0https:\/\/travelshelper.com\u00a0are the trademarks and logos of their respective owners. Any inclusion of such trademarks or logos does not imply or constitute any approval, endorsement or sponsorship of\u00a0Travel S Helper\u00a0by such owners.<\/p><p> <\/p><p><strong>KONTAKTIRAJTE NAS<\/strong><\/p><p> <\/p><p>Ukoliko imate bilo kakve povratne informacije, komentare, zahteve za tehni\u010dku podr\u0161ku ili druga pitanja, kontaktirajte nas putem e-po\u0161te:\u00a0<strong>office@travelshelper.com<\/strong>.<\/p><p><\/p>\t\t\t\t\t\t\t\t<\/div>\n\t\t\t\t<\/div>\n\t\t\t\t\t<\/div>\n\t\t\t\t<\/div>\n\t\t\t\t<\/div>","protected":false},"excerpt":{"rendered":"<p>Last updated: 2024-09-26 WEBSITE DISCLAIMER The information provided by\u00a0Travel S Helper\u00a0(\u201cCompany\u201d, \u201cwe\u201d, \u201cour\u201d, \u201cus\u201d) on\u00a0https:\/\/travelshelper.com\u00a0(the \u201cSite\u201d) is for general informational purposes only. All information on the Site is provided in good faith, however we make no representation or warranty of any kind, express or implied, regarding the accuracy, adequacy, validity, reliability, availability, or completeness of [&hellip;]<\/p>\n","protected":false},"author":1,"featured_media":0,"parent":0,"menu_order":0,"comment_status":"closed","ping_status":"closed","template":"elementor_header_footer","meta":{"_eb_attr":"","footnotes":""},"class_list":["post-15974","page","type-page","status-publish"],"_links":{"self":[{"href":"https:\/\/travelshelper.com\/sr\/wp-json\/wp\/v2\/pages\/15974","targetHints":{"allow":["GET"]}}],"collection":[{"href":"https:\/\/travelshelper.com\/sr\/wp-json\/wp\/v2\/pages"}],"about":[{"href":"https:\/\/travelshelper.com\/sr\/wp-json\/wp\/v2\/types\/page"}],"author":[{"embeddable":true,"href":"https:\/\/travelshelper.com\/sr\/wp-json\/wp\/v2\/users\/1"}],"replies":[{"embeddable":true,"href":"https:\/\/travelshelper.com\/sr\/wp-json\/wp\/v2\/comments?post=15974"}],"version-history":[{"count":0,"href":"https:\/\/travelshelper.com\/sr\/wp-json\/wp\/v2\/pages\/15974\/revisions"}],"wp:attachment":[{"href":"https:\/\/travelshelper.com\/sr\/wp-json\/wp\/v2\/media?parent=15974"}],"curies":[{"name":"wp","href":"https:\/\/api.w.org\/{rel}","templated":true}]}}