{"id":15845,"date":"2024-09-21T22:01:18","date_gmt":"2024-09-21T22:01:18","guid":{"rendered":"https:\/\/travelshelper.com\/staging\/?page_id=15845"},"modified":"2026-03-11T02:56:58","modified_gmt":"2026-03-11T02:56:58","slug":"cengdu","status":"publish","type":"page","link":"https:\/\/travelshelper.com\/sr\/destinations\/asia\/china\/chengdu\/","title":{"rendered":"\u010cengdu"},"content":{"rendered":"<p>\u010cengdu zauzima srce Si\u010duanskog basena, gde reka \u0110in prolazi kroz plodnu ravnicu odavno poznatu kao \u201eZemlja izobilja\u201c. NJena nadmorska visina, izme\u0111u 450 i 720 metara, daje blagu klimu koju ubla\u017eavaju planine \u0106in na severu, koje \u0161tite grad od o\u0161trih zimskih vetrova. Iako letnja vla\u017enost raste, dnevne temperature retko prelaze 33 \u00b0C, a padavine se koncentri\u0161u u julu i avgustu. Manje od \u0161esnaest procenata mogu\u0107eg sun\u010danog zra\u010denja sti\u017ee do \u010cengdua u decembru, a raste na ne\u0161to vi\u0161e od trideset procenata u avgustu, \u0161to daje oko 1.006 sati jarke sun\u010deve svetlosti svake godine. Ovi uslovi, zajedno sa sistemom za navodnjavanje Du\u0111iangjan \u2013 izgra\u0111enim u tre\u0107em veku pre nove ere bez brane \u2013 odr\u017eavali su pirin\u010dana polja, \u010dajne ba\u0161te i bambusove gajeve ravnice dva milenijuma.<\/p>\n\n\n\n<p>Mesto koje je postalo \u010cengdu prvo je bilo doma\u0107in kraljevstvu \u0160u u \u010detvrtom veku pre nove ere. Ostaci kulture Sansingdui, otkriveni 2001. godine, otkrivaju sofisticirano dru\u0161tvo iz bronzanog doba \u010diji se zlatni motiv Sun\u010deve ptice sada pojavljuje na amblemu kulturne ba\u0161tine Kine. Naselje je zadr\u017ealo svoje ime kroz uzastopne dinastije, carsku fragmentaciju i republikansku tranziciju. Tokom ere Tri kraljevstva, Liu Bej je u\u010dinio \u010cengdu sedi\u0161tem svoje dr\u017eave \u0160u Han; kasnije je slu\u017eio kao prestonica regionalnih re\u017eima tokom srednjeg veka. Izbeglice iz isto\u010dnih provincija uve\u0107ale su njegovo stanovni\u0161tvo tokom Drugog svetskog rata, a u kratkom periodu nakon 1945. godine funkcionisao je kao privremena prestonica republike. Pod Narodnom Republikom, \u017eelezni\u010dke veze sa \u010cong\u0107ingom (1952), Kunmingom i Lasom \u010dvr\u0161\u0107e su povezale \u010cengdu sa isto\u010dnim i jugozapadnim mre\u017eama, dok se odbrambena industrija pojavila 1960-ih.<\/p>\n\n\n\n<p>Dana\u0161nje gradsko stanovni\u0161tvo prelazi dvadeset miliona, \u0161to \u010cengdu \u010dini \u010detvrtim najnaseljenijim gradom u Kini i jedinom op\u0161tinom koja nije pod direktnom upravom koja je pre\u0161la taj prag. Zauzima trideset peto mesto na Globalnom indeksu finansijskih centara za 2021. godinu, a vi\u0161e od trista preduze\u0107a sa liste For\u010dun 500 ima filijale u gradu. Automobilske, ma\u0161inske, farmaceutske i informaciono-tehnolo\u0161ke firme dele prostor sa velikim istra\u017eiva\u010dkim institucijama kao \u0161to su Univerzitet Si\u010duan, Univerzitet elektronske nauke i tehnologije i Univerzitet Jugozapadni \u0110aotong. Na zapadnoj ivici ravnice, aerodromi Tjanfu i \u0160uangliu \u010dine jedno od najprometnijih uparenih \u010dvori\u0161ta na svetu, dok se kineska mre\u017ea brzih \u017eeleznica ovde susre\u0107e na linijama koje se prote\u017eu prema Sijanu, Kunmingu i dalje. Metropolitanske autoputeve, dvanaest gradskih okruga, pet gradova na nivou okruga i tri okruga pokrivaju skoro 12.400 kvadratnih kilometara, prote\u017eu\u0107i se oko 192 kilometra od istoka ka zapadu.<\/p>\n\n\n\n<p>Za\u0161tita prirode i biodiverzitet nalaze upori\u0161te u \u0161umama planinskih lanaca \u0106ionglaj i Longmen, gde nadmorska visina prelazi pet hiljada metara i gde d\u017einovske pande lutaju bambusovim \u0161ipra\u017ejem. Istra\u017eiva\u010dka baza za uzgoj d\u017einovskih pandi u \u010cengduu sara\u0111uje sa obli\u017enjim svetili\u0161tima Si\u010duana \u2013 domu vi\u0161e od osamdeset procenata divljih pandi na svetu \u2013 kako bi podr\u017eala uzgoj, ponovno vra\u0107anje u divljinu i za\u0161titu stani\u0161ta na 9.245 kvadratnih kilometara. Planina \u0106ing\u010deng, koja se uzdi\u017ee na hiljadu hiljadu metara, \u010duva taoisti\u010dke hramove \u010dije slabo osvetljene dvorane podse\u0107aju na rane prakti\u010dare. Sistem Du\u0111iangjan je i dalje u potpunosti operativan, distribuiraju\u0107i vodu du\u017e kanala koji i dalje usmeravaju sezonske tokove bez modernih pumpi.<\/p>\n\n\n\n<p>Kulturni \u017eivot u \u010cengduu odra\u017eava i starinu i adaptaciju. Sveti\u0161te Vuhou odaje po\u010dast D\u017duge Liangu i Liu Beiju kamenim natpisima i statuama, dok Du Fuova slamnata koliba podse\u0107a na godine izgnanstva pesnika Tanga pored potoka Huanhua. Muzej relikvija \u0110in\u0161a, mesto intenzivnih iskopavanja od dvadeset prvog veka, prikazuje artefakte od \u017eada, zlata i bronze koji se prote\u017eu hiljadama godina. Nove galerije muzeja Sansingdui, otvorene 2022. godine, predstavljaju preko dve hiljade relikvija u prostranom modernom kompleksu. Budisti\u010dki i taoisti\u010dki centri - hram Daci, Ven\u0161u i palata \u0106ingjang - nalaze se usred urbane mre\u017ee, \u010duvaju\u0107i tekstove i relikvije povezane sa Sjuanzangom i Lao Ceom.<\/p>\n\n\n\n<p>Uli\u010dni \u017eivot se smenjuje izme\u0111u opu\u0161tenih \u010dajd\u017einica i uskih ulica punih prodavnica i restorana. Kultura \u010daja se\u017ee vi\u0161e od hiljadu godina unazad; gosti pijuckaju \u010daj od jasmina ili long\u0111ing dok igraju mad\u017eong ili slu\u0161aju se\u010duansku operu. Barova je vi\u0161e nego u \u0160angaju, a preko trideset hiljada \u010dajd\u017einica slu\u017ei kao dru\u0161tveni centri. Restorani sa hot-potovima, sa lokalnim \u010dili papri\u010dicama i biberom, privla\u010de porodice i kolege oko vrelih kotlova. U predgra\u0111ima, restorani \u201eNong \u0110ia Le\u201c u doma\u0107em stilu nude doma\u0107a jela, sme\u0161taj i stolove za mad\u017eong pod jednim krovom, pozivaju\u0107i stanovnike grada da provedu no\u0107 po skromnim cenama.<\/p>\n\n\n\n<p>U blizini se nalazi nekoliko drevnih gradova koji \u010duvaju slojeve istorije. Ulica \u0110inli, nekada trgova\u010dka ulica iz doba Han, sada je dom specijalizovanih prodavnica pod krovovima u stilu \u0106ing dinastije; \u0161iroke i uske uli\u010dice Kuan\u017eajsjangcija prikazuju narodnu arhitekturu; Huanlongsi i Anren nude o\u010duvane vile, muzejske kolekcije i \u0161etali\u0161ta pored reke. Luodai, najve\u0107e naselje Haka, zadr\u017ealo je svoje ime iz doba Tri kraljevstva u signalizaciji i keramici.<\/p>\n\n\n\n<p>\u010cengduov metropolitanski status prote\u017ee se i na globalne doga\u0111aje. Bio je doma\u0107in Letnjih svetskih univerzitetskih igara 2023. godine i bi\u0107e doma\u0107in Svetskih igara 2025. godine. Grad ima dvadeset tri diplomatske misije - odmah iza Pekinga, \u0160angaja i Guangd\u017eoua - i dom je Zapadne komande Narodnooslobodila\u010dke vojske. Kao nacionalni centralni grad, \u010cengdu je sidro zapadnih razvojnih strategija i podr\u017eava nau\u010dni rad koji ga svrstava me\u0111u dvadeset pet najboljih istra\u017eiva\u010dkih centara na svetu.<\/p>\n\n\n\n<p>U svakom okrugu, moderne kule se uzdi\u017eu pored hramova i \u010dajd\u017einica. Saobra\u0107aj bruji kroz tunele i preko mostova izgra\u0111enih za grad \u010dija druga obilaznica sada zauzima veliki deo njegove povr\u0161ine. Pa ipak, kanali Du\u0111iangjan i dalje teku, a planine ostaju vidljive po vedrim danima. \u010cengdu je izrastao u slo\u017eenu metropolu, a da nije izgubio elemente koji su definisali njegovu pro\u0161lost: obilno zemlji\u0161te, reke koje se spajaju, kulturne raskrsnice i pande koje su postale simbol lokalnog identiteta i ambicije za\u0161tite prirode. NJegove ulice spajaju rad i razonodu, hram i \u010dajd\u017einicu, istra\u017eiva\u010dku laboratoriju i porodi\u010dnu kuhinju. Star preko dve hiljade godina, \u010cengdu nastavlja da se oblikuje oko \u017eivog nasle\u0111a ravnice i te\u017enji grada koji i dalje po\u0161tuje njegovo ime.<\/p>","protected":false},"excerpt":{"rendered":"<p>\u010cengdu, glavni grad provincije Se\u010duan u Kini, predstavlja primer \u0161irokog istorijskog nasle\u0111a nacije uz njegovu brzu modernizaciju. Sa populacijom od 20.937.757 stanovnika prema popisu iz 2020. godine, nalazi se na \u010detvrtom mestu po broju stanovnika u Kini i jedini je sa vi\u0161e od 20 miliona stanovnika van op\u0161tina koje su direktno povezane. Deluju\u0107i kao klasi\u010dni centar zapadne Kine, ovaj energi\u010dni grad ima jedinstvenu fuziju stare istorije i modernog razvoja.<\/p>","protected":false},"author":1,"featured_media":4444,"parent":15750,"menu_order":0,"comment_status":"closed","ping_status":"closed","template":"elementor_theme","meta":{"_eb_attr":"","footnotes":""},"class_list":["post-15845","page","type-page","status-publish","has-post-thumbnail"],"_links":{"self":[{"href":"https:\/\/travelshelper.com\/sr\/wp-json\/wp\/v2\/pages\/15845","targetHints":{"allow":["GET"]}}],"collection":[{"href":"https:\/\/travelshelper.com\/sr\/wp-json\/wp\/v2\/pages"}],"about":[{"href":"https:\/\/travelshelper.com\/sr\/wp-json\/wp\/v2\/types\/page"}],"author":[{"embeddable":true,"href":"https:\/\/travelshelper.com\/sr\/wp-json\/wp\/v2\/users\/1"}],"replies":[{"embeddable":true,"href":"https:\/\/travelshelper.com\/sr\/wp-json\/wp\/v2\/comments?post=15845"}],"version-history":[{"count":0,"href":"https:\/\/travelshelper.com\/sr\/wp-json\/wp\/v2\/pages\/15845\/revisions"}],"up":[{"embeddable":true,"href":"https:\/\/travelshelper.com\/sr\/wp-json\/wp\/v2\/pages\/15750"}],"wp:featuredmedia":[{"embeddable":true,"href":"https:\/\/travelshelper.com\/sr\/wp-json\/wp\/v2\/media\/4444"}],"wp:attachment":[{"href":"https:\/\/travelshelper.com\/sr\/wp-json\/wp\/v2\/media?parent=15845"}],"curies":[{"name":"wp","href":"https:\/\/api.w.org\/{rel}","templated":true}]}}