{"id":15699,"date":"2024-09-21T18:55:31","date_gmt":"2024-09-21T18:55:31","guid":{"rendered":"https:\/\/travelshelper.com\/staging\/?page_id=15699"},"modified":"2026-03-11T19:52:22","modified_gmt":"2026-03-11T19:52:22","slug":"busan","status":"publish","type":"page","link":"https:\/\/travelshelper.com\/sr\/destinations\/asia\/south-korea\/busan\/","title":{"rendered":"Busan"},"content":{"rendered":"<p>Busan, pomorska kapija Ju\u017ene Koreje, predstavlja pejza\u017e definisan i svojim prirodnim konturama i marljivim duhom svojih stanovnika. Na jugoisto\u010dnom kraju Korejskog poluostrva, ovaj grad \u2013 zvani\u010dno Busan Metropolitan Siti \u2013 prote\u017ee se od umerenih voda Korejskog moreuza do strmih vrhova koji okru\u017euju njegove severne i zapadne granice. Sa populacijom koja je 2024. godine pre\u0161la 3,3 miliona, drugi je po nacionalnom zna\u010daju odmah posle Seula, ali se njegov karakter o\u0161tro razlikuje: tamo gde se \u0161irenje prestonice spljo\u0161ti, gusto izgra\u0111eni delovi Busana zauzimaju uske doline izme\u0111u reka Nakdong i Sujong, dok planine stoje kao stra\u017eari iznad gradskog \u017eivota.<\/p>\n\n\n\n<p>Topografija grada oblikovala je njegov rast. Na zapadu, reka Nakdong \u2014 najdu\u017ea u Koreji \u2014 \u0161iri se u plodnu deltu pre nego \u0161to se susretne sa morem; na severu se nadvija Geumd\u017eongsan, najvi\u0161i vrh Busana. Izme\u0111u ovih prirodnih granica, petnaest administrativnih okruga (gu) i jedan okrug (gun) raspore\u0111eni su u lukovima razvoja koji prate doline ili visoravni, stvaraju\u0107i zasebna naselja, a ne jedinstveno prostiranje. Pla\u017ea Heunde, najve\u0107a u zemlji, nalazi se na isto\u010dnoj ivici grada, a njen beli pesak okru\u017een je luksuznim hotelima i vekovnom \u0161umom Dongbekseom. Na suprotnoj strani, surove litice uokviruju rtove Ted\u017eongdea na ostrvu Jeongdo. Zajedno, ova mesta pokazuju kako su surovi reljef i obala koegzistirali tokom \u0161irenja Busana.<\/p>\n\n\n\n<p>Busanska klima me\u0161a suptropsku toplinu sa morskim ubla\u017eavaju\u0107im uticajem koji ubla\u017eava ekstreme. Leta, iako vla\u017ena, ostaju hladnija nego u unutra\u0161njosti do kraja jula; jesen donosi vedro nebo i udobne temperature u oktobru i novembru. Zime su blage i uglavnom bez snega - u proseku samo \u010detiri dana sne\u017enih padavina godi\u0161nje - ali vetrovi se mogu poja\u010dati du\u017e izlo\u017eenih priobalnih koridora. Kao grad Ju\u017ene Koreje najskloniji tajfunima, Busan je prebrodio oluje retke ja\u010dine: super tajfun Sara 1959. godine ostavio je za sobom razaranja du\u017e obale, a tajfun Maemi 2003. godine odneo je desetine \u017eivota. Nedavno je tajfun Hinamnor u septembru 2022. godine pokazao koliko su kontejnerski terminali i nizijske oblasti ranjivi kada vetrovi druge kategorije udaraju u obalu.<\/p>\n\n\n\n<p>Administrativni koreni Busana datiraju iz 1957. godine, kada je razgrani\u010deno \u0161est okruga \u2014 Busan\u0111in, Dong, Donnae, Jung, Seo i Jeongdo. Naknadne decenije su dovele do podela na druge podru\u010dje sve dok trenutna struktura od petnaest okruga i jednog okruga nije smestila gradsko stanovni\u0161tvo od blizu 3,6 miliona. Iza ovih op\u0161tinskih granica nalazi se Jugoisto\u010dni pomorski industrijski region \u2014 konurbacija koja obuhvata Ulsan, Tegu i delove provincija Gjongsang \u2014 dom za otprilike osam miliona stanovnika i prepoznat kao najve\u0107i industrijski pojas Koreje. Ovaj \u0161iri region isti\u010de vi\u0161egodi\u0161nju ulogu Busana kao lokalnog centra i kao sidra za ogromnu mre\u017eu ekonomske razmene.<\/p>\n\n\n\n<p>Luka Busan je \u0161esta na svetu po protoku kontejnera, sa preko 21,8 miliona TEU u 2020. godini. NJenih 43 veza obuhvataju Severnu luku i modernu Novu luku Busan; zajedno slu\u017ee kao ju\u017eni kraj Pomorskog puta svile 21. veka, povezuju\u0107i Isto\u010dnu Aziju sa Evropom preko Sueckog kanala. Pomorski objekti Busana \u010dine diverzifikovanu ekonomiju: 2022. godine grad je zabele\u017eio bruto regionalni doma\u0107i proizvod (BRDP) od 104 biliona \u20a9, pri \u010demu usluge \u010dine 70,3% proizvodnje, proizvodnja 19,8%, a gra\u0111evinarstvo 5,9%. Manji doprinosi dolaze iz poljoprivrede, ribarstva i pomo\u0107nih sektora. Dopunjuju\u0107i ovu komercijalnu snagu, istra\u017eiva\u010dke institucije poput Korejskog instituta za nauku i tehnologiju okeana i Nacionalne slu\u017ebe za upravljanje kvalitetom ribarskih proizvoda poja\u010davaju tvrdnju Busana kao centra za morsku nauku i istra\u017eivanje i razvoj.<\/p>\n\n\n\n<p>Pored brodarstva, Busan je doma\u0107in uspe\u0161nog MICE sektora. Izlo\u017ebeni i kongresni centar u Busanu (BEXCO) u gradu Centum Siti sadr\u017ei niz objekata \u2013 obli\u017enje hotele, parkove i APEK ku\u0107u Nurimaru \u2013 sposobnih da prime doga\u0111aje, od sastanka ekonomskih lidera APEK-a 2005. godine do godi\u0161njih sastanaka Afri\u010dke razvojne banke 2018. godine. UNESKO je prepoznao kreativnu vitalnost grada u decembru 2014. godine, nazvav\u0161i ga \u201eGradom filma\u201c. Ova oznaka dopunjuje \u0161iri profil Busana kao mesta za me\u0111unarodna okupljanja, bilo da su diplomatska, komercijalna ili kulturna.<\/p>\n\n\n\n<p>Kulturni \u017eivot u Busanu prepli\u0107e hramovske prostore, prostore moderne umetnosti i naselja koja nose se\u0107anja na pro\u0161le previranja. Beomeosa, sme\u0161tena na padinama Geumd\u017eongsana, nalazi se me\u0111u najistaknutijim budisti\u010dkim svetili\u0161tima u Koreji. U srcu grada, \u010cungnjeolsa odaje po\u010dast onima koji su pali brane\u0107i tvr\u0111avu Dongnae u Imd\u017einskom ratu u \u0161esnaestom veku. Na vrhu parka Jongdusan, Busanski toranj nadgleda ulice koje se spajaju sa komercijalnim arterijama Nampo-donga, dok susedni Busanski akvarijum nudi zatvoreni morski svet ispod siluete gradskog tornja. Na drugom mestu, Kulturno selo Gam\u010don \u2013 njegove ku\u0107e use\u010dene u terasaste grebene \u2013 odra\u017eava posleratno naselje koje se razvilo u mozaik galerija i ateljea.<\/p>\n\n\n\n<p>Nazvana \u201eletnjom prestonicom\u201c Ju\u017ene Koreje, obala Busana podjednako privla\u010di porodice i ljubitelje festivala. \u0160irina Heundea vrvi od prazni\u010dnih gu\u017evi; Gvangali, na zapadu, uravnote\u017euje \u0161etali\u0161ta sa kafi\u0107ima sa osvetljenim zavojem mosta Gvangan. Severno od Heundea, pla\u017ea Songd\u017eong nudi mirniju scenu za surfovanje. Du\u017e estuara Nakdong, Ekolo\u0161ki park Ted\u017eeo slu\u017ei pticama selicama i doma\u0107in je sezonskih festivala - cvetanja tre\u0161nje u prole\u0107e, cvetanja uljane repice po\u010detkom leta i paradajza sredinom godine. Na zapadnoj obali, plitke vode pla\u017ee Ilgvang privla\u010de decu, koju svakog leta isprekida Festival drame na otvorenom Getmaul.<\/p>\n\n\n\n<p>Busanski kalendar pulsira doga\u0111ajima. Prole\u0107e donosi Festival luke Busan i Festival \u010coson Tongsinsa \u2014 deo UNESKO-vog programa \u201eSe\u0107anje sveta\u201c. Leto je doma\u0107in Festivala mora u Pusanu u Heundeu i Me\u0111unarodnog rok festivala. Oktobar je doma\u0107in Me\u0111unarodnog filmskog festivala u Pusanu (najve\u0107eg te vrste u Aziji), Festivala vatrometa iznad zaliva Mese\u010deve svetlosti i Festivala K-pop jedne Azije. Novembar je doma\u0107in G-Stara, vode\u0107e korejske izlo\u017ebe igara, zajedno sa turnirima u e-sportovima; decembar zavr\u0161ava godinu Festivalom bo\u017ei\u0107nih jelki. Film i televizija \u010desto koriste Pusan kao mesto radnje: od apokalipti\u010dnih hodnika \u201eVoz za Busan\u201c do melodrami koje evociraju lokalni dijalekt, grad se naizmeni\u010dno pojavljuje kao uto\u010di\u0161te, granica i dramati\u010dna suprotnost urbanosti Seula.<\/p>\n\n\n\n<p>Lokalna kuhinja svedo\u010di o istoriji Busana i obalskom bogatstvu. Dongnae pad\u017eon, pala\u010dinka sa ostrigama, podse\u0107a na namirnice koje su se nekada nudile vojnim izaslanicima. Hladni p\u0161eni\u010dni rezanci, milmjon, nastali su kada su izbeglice iz Korejskog rata prilagodile recepte sa severa heljde ju\u017enja\u010dkim osnovnim namirnicama. Dvaed\u017ei gukbap - obilna \u010dorba od svinjetine i pirin\u010da - stekla je vernike \u0161irom zemlje. Uli\u010dne tezge slu\u017ee svinjske patuljke (nang\u010de-d\u017eokbal) uz fermentisane za\u010dine, dok pijaca Jagal\u010di prikazuje plodove mora u \u017eivim rezervoarima i na vrelim ro\u0161tiljima. \u010cak i noviji delovi grada, poput ulice D\u017donpo Kafe, svedo\u010de o evoluiraju\u0107em ukusu grada, gde preure\u0111ene radionice sada kriju avangardne kafi\u0107e.<\/p>\n\n\n\n<p>Broj stanovnika Busana dostigao je vrhunac od blizu 3,8 miliona 1990. godine, pre nego \u0161to je postepeno opao na pribli\u017eno 3,27 miliona do 2024. godine \u2013 trend povezan sa \u0161irim okretanjem Ju\u017ene Koreje ka visokotehnolo\u0161kim industrijama koncentrisanim oko Seula. Starenje demografije i odliv stanovni\u0161tva iz grada udru\u017eili su snage protiv rasta, \u010dak i dok grad pozdravlja periodi\u010dne prilive zbog obrazovanja, turizma i poslovanja. U 2024. godini, 48% stanovnika se identifikovalo kao nereligiozno, 29% kao budisti, a 21% kao hri\u0161\u0107ani (14% protestanti, 7% katolici). Male manjine praktikuju druge vere.<\/p>\n\n\n\n<p>Povezanost je osnova Busanovog ugleda kao \u010dvori\u0161ta. Metro, \u200b\u200bkoji od 2017. godine obuhvata \u0161est linija, povezuje centar grada, predgra\u0111a i laku \u017eeleznicu na aerodromu. Brzi vozovi KTX prelaze liniju Gjongbu do Seula za otprilike 150 minuta. Me\u0111ugradski autobusi polaze sa vi\u0161e terminala, opslu\u017euju\u0107i susedne provincije, pa \u010dak i region glavnog grada. Na me\u0111unarodnom trajektnom terminalu luke Busan, hidrogliseri i brodovi za no\u0107enje povezuju ostrvo Cu\u0161ima, Fukuoku i Osaku. Lokalne autobuske linije, uklju\u010duju\u0107i limuzinske limuzine od aerodroma, pro\u017eimaju svaki okrug, dok je predstoje\u0107a izgradnja priobalnog aerodroma na ostrvu Gadeokdo - iako sada ograni\u010dena - nekada obe\u0107avala da \u0107e redefinisati regionalni vazdu\u0161ni saobra\u0107aj.<\/p>\n\n\n\n<p>Kroz preplitanje pomorske trgovine, kulturne \u017eivosti i geolo\u0161ke raznolikosti, Busan je otelotvorio i istorijske raskrsnice Koreje sa stranim silama i njene trenutne te\u017enje na globalnoj sceni. Od ljiljana mo\u010dvara Ted\u017eea do \u010deli\u010dnih portala kontejnerskih terminala, kontrastne razmere prirode i industrije u gradu koegzistiraju u namernoj tenziji. Daleko od puke luke ili odmarali\u0161ta, Busan opstaje kao \u017eivi dokaz adaptacije: grad koji, poput plime koja zapljuskuje njegove obale, neprestano menjaju i lokalne i me\u0111unarodne sile.<\/p>","protected":false},"excerpt":{"rendered":"<p>Busan, zvani\u010dno ozna\u010den kao gradski grad Busan, drugi je grad po broju stanovnika u Ju\u017enoj Koreji, sa populacijom ve\u0107om od 3,3 miliona od 2024. Prvobitno romanizovan kao Pusan, ovaj primorski grad je postao ekonomsko, kulturno i obrazovno sredi\u0161te jugoisto\u010dne Ju\u017ene Koreje zahvaljuju\u0107i velikim delom svojoj strate\u0161koj lokaciji i u\u017eurbanoj luci.<\/p>","protected":false},"author":1,"featured_media":3004,"parent":15674,"menu_order":0,"comment_status":"closed","ping_status":"closed","template":"elementor_theme","meta":{"_eb_attr":"","footnotes":""},"class_list":["post-15699","page","type-page","status-publish","has-post-thumbnail"],"_links":{"self":[{"href":"https:\/\/travelshelper.com\/sr\/wp-json\/wp\/v2\/pages\/15699","targetHints":{"allow":["GET"]}}],"collection":[{"href":"https:\/\/travelshelper.com\/sr\/wp-json\/wp\/v2\/pages"}],"about":[{"href":"https:\/\/travelshelper.com\/sr\/wp-json\/wp\/v2\/types\/page"}],"author":[{"embeddable":true,"href":"https:\/\/travelshelper.com\/sr\/wp-json\/wp\/v2\/users\/1"}],"replies":[{"embeddable":true,"href":"https:\/\/travelshelper.com\/sr\/wp-json\/wp\/v2\/comments?post=15699"}],"version-history":[{"count":0,"href":"https:\/\/travelshelper.com\/sr\/wp-json\/wp\/v2\/pages\/15699\/revisions"}],"up":[{"embeddable":true,"href":"https:\/\/travelshelper.com\/sr\/wp-json\/wp\/v2\/pages\/15674"}],"wp:featuredmedia":[{"embeddable":true,"href":"https:\/\/travelshelper.com\/sr\/wp-json\/wp\/v2\/media\/3004"}],"wp:attachment":[{"href":"https:\/\/travelshelper.com\/sr\/wp-json\/wp\/v2\/media?parent=15699"}],"curies":[{"name":"wp","href":"https:\/\/api.w.org\/{rel}","templated":true}]}}