{"id":15641,"date":"2024-09-21T16:49:12","date_gmt":"2024-09-21T16:49:12","guid":{"rendered":"https:\/\/travelshelper.com\/staging\/?page_id=15641"},"modified":"2026-03-11T20:51:14","modified_gmt":"2026-03-11T20:51:14","slug":"damask","status":"publish","type":"page","link":"https:\/\/travelshelper.com\/sr\/destinations\/asia\/syria\/damascus\/","title":{"rendered":"Damask"},"content":{"rendered":"<p>Damask se nalazi na visoravan od oko 680 metara nadmorske visine, osamdeset kilometara u unutra\u0161njosti Sredozemnog mora, za\u0161ti\u0107en Antilibanskim planinskim vencem. Ovaj polo\u017eaj, u kombinaciji sa tokom reke Barada, odr\u017eavao je ljudsko stanovanje vi\u0161e od pet milenijuma. U antici, te vode su hranile zna\u010dajno jezero \u2013 danas poznato kao Bahira Atajba \u2013 \u010diji je sezonski izgled odra\u017eavao zdravlje okolne oaze Guta. Gajenje vo\u0107a, \u017eitarica i povr\u0107a tamo datira jo\u0161 iz najranijih urbanih naselja. Vrhovi Antilibana, koji se uzdi\u017eu preko tri hiljade metara, bacaju ki\u0161nu senku koja Damasku daje su\u0161nu klimu, sa godi\u0161njim padavinama od oko 130 milimetara i kratkim, intenzivnim jesenjim prelazom u zimske ki\u0161e. Leta su dugo suva i vru\u0107a; zime ostaju hladne sa sporadi\u010dnim padavinama i retkim sne\u017enim padavinama.<\/p>\n<p>Damask, prvi put izabran za sedi\u0161te Omejadskog kalifata 661. godine nove ere, nosio je zastavu islamske uprave do 750. godine, kada su Abasidi preneli vlast u Bagdad. Pod abasidskom vladavinom, zna\u010daj grada je opao, da bi se vratio pod Ajubidima, a kasnije i Mamelucima, koji su utvrdili njegovu tvr\u0111avu i obogatili njegove verske institucije. Danas, Omejadska d\u017eamija prebiva na ju\u017enoj obali starog grada, reke Barade, a njena tri minareta ozna\u010davaju jedno od najsvetijih mesta islama. Unutra se nalaze mo\u0161ti Jovana Krstitelja i, prema verovanju, prag gde \u0107e se Isa (Isus) spustiti u poslednja vremena. \u017dene koje ulaze pokrivaju kosu, ruke i noge ispod abaje koja se nalazi na kapiji \u2013 opipljivog rituala koji povezuje \u017eive posetioce sa vekovima obo\u017eavanja.<\/p>\n<p>Stari grad obuhvata lavirint uli\u010dica i ku\u0107a bez izra\u017eaja koje \u010duvaju diskretna dvori\u0161ta obrasla jasminom i drve\u0107em pomorand\u017ee. Zadr\u017eao je \u010detiri od svojih sedam originalnih kapija: Bab \u0160arki, Bab Tuma, Bab Kisan i Bab al-Sagir. Svaka vodi do okruga koji su nekada rasli oko grobnica po\u0161tovanih li\u010dnosti i du\u017e karavanskih puteva. Midan, Sarud\u017ea, Imara i al-Salihija vode poreklo iz srednjeg veka; al-Akrad i al-Muhad\u017eirin su se oblikovali u devetnaestom veku, naseljeni kurdskim vojnicima i izbeglicama sa biv\u0161ih osmanskih teritorija. Iza njih, trg al-Mard\u017eeh se pojavio kao centar moderne administracije, okru\u017een po\u0161tom, sudovima i \u017eelezni\u010dkom stanicom.<\/p>\n<p>U dvadesetom veku, \u0161irenje je pritiskalo severno od Barade, zadiru\u0107i u oazu Guta. Meze i Damar su se uzdizali na zapadnim i severozapadnim padinama; Barzeh se prostirao du\u017e isto\u010dnog planinskog podno\u017eja; Jarmuk, na ju\u017enom obodu, postao je dom palestinskim izbeglicama 1956. godine. Iako su planeri nastojali da sa\u010duvaju navodnjavano poljoprivredno zemlji\u0161te, brzi rast urbanih podru\u010dja sveo je Baradu na uski potok, a ispod grada, vodonosni slojevi su zaga\u0111eni oticanjem i kanalizacijom.<\/p>\n<p>Damask ostaje politi\u010dko srce Sirije, sa kancelarijama centralne vlade usred urbanog podru\u010dja koje se prostire na 105 kvadratnih kilometara. U samom gradu je 2004. godine \u017eivelo 1,55 miliona ljudi, u 309.000 stambenih jedinica; \u0161iri metropolitanski region dosti\u017ee procenjenih pet miliona, uklju\u010duju\u0107i Dumu, Harastu i D\u017daramanu. Migranti iz ruralnih podru\u010dja Sirije i mladi doseljenici koji tra\u017ee posao ili studije odr\u017eavaju rast stanovni\u0161tva iznad nacionalnog proseka, \u010dak i kada je gra\u0111anski rat prouzrokovao odlazak mnogih. Do sredine 2023. godine, Damask je bio najni\u017ee rangiran po kvalitetu \u017eivota me\u0111u 173 grada na Globalnom indeksu kvaliteta \u017eivota, \u0161to odra\u017eava trajne posledice sukoba na infrastrukturu i usluge.<\/p>\n<p>Ekonomski \u017eivot u Damasku se prilagodio ratnim uslovima. Tradicionalni zanati - bakrorez, intarzirani drveni radovi i tekstil - opstaju u starim sukovima, dok moderna industrija obuhvata preradu hrane, cementa, hemikalija i dr\u017eavnih tekstilnih fabrika. Od po\u010detka 2000-ih, ograni\u010dena privatizacija podstakla je privatna ulaganja, kancelarijski prostor je rastao u Marota Sitiju i Basilija Sitiju, dva razvojna projekta pokrenuta 2017. godine kao simboli posleratne obnove. Damaska berza otvorena je u Barzehu 2009. godine i planira da se preseli u poslovni okrug Jafura.<\/p>\n<p>Godi\u0161nje trgovinske izlo\u017ebe datiraju iz 1954. godine; ve\u0107ina lokalno proizvedene robe, plus uvoz, sada putuje na tr\u017ei\u0161ta Arabijskog poluostrva. Turizam, nekada stub lokalne ekonomije, postradao je zbog sukoba. Pre 2011. godine, butik hoteli i kafi\u0107i starog grada - posebno du\u017e uskih uli\u010dica pored Suk al-Hamidije - privla\u010dili su evropske posetioce da razgledaju tamjan i svilu. Ta \u0161iroka pokrivena avenija i dalje miri\u0161e na kim, kardamom i su\u0161eno bilje, a njeni trgovci prodaju ko\u017eu, bakarno posu\u0111e i kutije sa inkrustacijama. Omejadska d\u017eamija nalazi se na jednom kraju; citadela i Saladinov mauzolej nalaze se na drugom, gde statua Salaha al-Dina na konju stoji iznad dve rezbarene figure frana\u010dkih vitezova zarobljenih posle Hatina.<\/p>\n<p>Verski pluralitet opstaje. Sunitski islam preovladava; alavitske i \u0161iitske zajednice dvanaestovernih vernika koncentrisane su oko okruga Meze i Barze, posebno u blizini svetinja Sajida Rukaja i Sajida Zajnab. Hri\u0161\u0107anski obredi - sirijski pravoslavci, melkitski grkokatolici, sirijski katolici i gr\u010dki pravoslavci - imaju sedi\u0161ta u Bab Tumi, Kasi i Gasaniju. Zna\u010dajne crkve uklju\u010duju katedralu Svetog Pavla, kapelu Svetog Pavla i katedralu Uspenja Presvete Bogorodice. Manja druzska zajednica \u017eivi u Tadamonu, D\u017daramani i Sahnaji. Nekada velika jevrejska \u010detvrt u Harat al-Jahudu se ispraznila; od 2023. godine vi\u0161e nijedan Jevrejin nije ostao.<\/p>\n<p>Kulturne institucije povremeno organizuju o\u017eivljavanja. Muzeji - od Narodnog muzeja i etnografskih izlo\u017ebi u palati Azm do murala u Oktobarskoj ratnoj panorami i hardvera iz sovjetskog doba - ostaju dostupni kada bezbednost dozvoljava. Damask je 2008. godine nosio titulu arapske prestonice kulture, \u0161to je podstaklo restauraciju istorijskih lokaliteta i stvaranje Muzeja arapske kaligrafije.<\/p>\n<p>Javni prevoz se oslanja na gustu mre\u017eu autobusa i minibuseva: oko stotinu neformalnih linija kojima nedostaju red vo\u017enje ili numerisane rute. Stajali\u0161ta se formiraju ad hok klasteri; voza\u010di se zaustavljaju po potrebi. \u0160ezdeset novih autobusa stiglo je iz Kine izme\u0111u 2019. i 2022. godine, modernizuju\u0107i vozni park. Taksiji se pridr\u017eavaju regulisanih cena i taksimetara, iako kontrolni punktovi na kojima radi slabo pla\u0107eno osoblje \u010desto tra\u017ee mito. Me\u0111unarodni aerodrom Damask, dvadeset kilometara jugoisto\u010dno, nekada je opslu\u017eivao destinacije \u0161irom Azije, Evrope, Afrike i Ju\u017ene Amerike; danas je povezan prvenstveno sa regionalnim prestonicama.<\/p>\n<p>Ulice se su\u017eavaju unutar starih \u010detvrti, usporiva\u010di brzine su svuda prisutni. \u017delezni\u010dka stanica Hid\u017eaz, koja sada ne postoji, nalazi se zapadno od istorijskog jezgra; bez pruga, na njoj se odr\u017eavaju izlo\u017ebe i postoji \u0161atl veza sa aktivnom stanicom Kadam. Metro mre\u017ea je predlo\u017eena 2008. godine: njena zelena linija treba da deli grad od zapada ka istoku, povezuju\u0107i Moadamije, Meze i Stari grad. Zavr\u0161etak \u010detiri linije do 2050. godine ostaje zvani\u010dni rok.<\/p>\n<p>Slobodno vreme se nastavlja u zelenim povr\u0161inama i kafi\u0107ima. Park Ti\u0161rin, dom godi\u0161nje izlo\u017ebe cve\u0107a, nudi predah pored parkova Al-D\u017dahiz, Al-Sibki i Al-Vahda. Oaza Guta, kada je dostupna, pru\u017ea vikend rekreaciju. Sportski grad Al-Fajha je doma\u0107in fudbalskih, ko\u0161arka\u0161kih i pliva\u010dkih utakmica; njegova dvorana je ugostila sirijsku reprezentaciju protiv Kazahstana u novembru 2021. Damask ima vi\u0161e fudbalskih klubova - me\u0111u njima Al-D\u017dai\u0161, Al-\u0160orta, Al-Vahda - i odr\u017eava teren za golf na svom jugoisto\u010dnom obodu. Kafi\u0107i ostaju dru\u0161tveni centri, nude\u0107i nargile, tablu i \u0161ah pod blago osvetljenim lukovima.<\/p>\n<p>Poseta Damasku danas zahteva svest o stalnim izazovima. Prekidi struje se ponavljaju. Vrednost sirijske funte naglo varira. Turisti bi trebalo da nose \u010dvrstu valutu; velike banke retko prihvataju putni\u010dke \u010dekove, a na bankomate se ne mo\u017ee osloniti. Menja\u010dnice rade u blizini pijaca - provizija je retka - ali zvani\u010dne kurseve valuta treba proveriti unapred. Prevare prosjaka i zahtevi za mito na kontrolnim punktovima su \u010desti. Putovanje sa lokalnim vodi\u010dem mo\u017ee ubla\u017eiti takve susrete, olak\u0161avaju\u0107i snala\u017eenje u dozvolama i na kontrolnim punktovima.<\/p>\n<p>Damask stoji kao \u017eiva arhiva, njegovo kamenje je ispisano slojevitim istorijama: rimski hramovi prenamenjeni u d\u017eamije; ostaci krsta\u0161a utkani u urbani mit; srednjovekovne palate pored fabrika koje bruje modernom industrijom. NJegova otpornost pod pritiskom sa\u010duvala je fragmente njegovog kulturnog bogatstva. Usred poreme\u0107enih komunalnih usluga i opreznih ulica, se\u0107anje na grad opstaje u dvori\u0161tima mirisnim jasminom, u tihim lukovima drevnih kapija i u koritu reke Barada, \u010dekaju\u0107i obnovu.<\/p>","protected":false},"excerpt":{"rendered":"<p>Sa skoro 2,5 miliona ljudi koji \u017eive u njegovoj ve\u0107oj metropolitanskoj oblasti, Damask, glavni i najve\u0107i grad Sirije, jedan je od najstarijih prestonica koje se jo\u0161 uvek koriste \u0161irom sveta. Bogat istorijom i kulturom, ovaj stari grad je bio stub civilizacije hiljadama godina, uzdi\u017eu\u0107i se do jednog od najva\u017enijih urbanih centara u arapskom svetu i Levantu.<\/p>","protected":false},"author":1,"featured_media":2994,"parent":15631,"menu_order":0,"comment_status":"closed","ping_status":"closed","template":"elementor_theme","meta":{"_eb_attr":"","footnotes":""},"class_list":["post-15641","page","type-page","status-publish","has-post-thumbnail"],"_links":{"self":[{"href":"https:\/\/travelshelper.com\/sr\/wp-json\/wp\/v2\/pages\/15641","targetHints":{"allow":["GET"]}}],"collection":[{"href":"https:\/\/travelshelper.com\/sr\/wp-json\/wp\/v2\/pages"}],"about":[{"href":"https:\/\/travelshelper.com\/sr\/wp-json\/wp\/v2\/types\/page"}],"author":[{"embeddable":true,"href":"https:\/\/travelshelper.com\/sr\/wp-json\/wp\/v2\/users\/1"}],"replies":[{"embeddable":true,"href":"https:\/\/travelshelper.com\/sr\/wp-json\/wp\/v2\/comments?post=15641"}],"version-history":[{"count":0,"href":"https:\/\/travelshelper.com\/sr\/wp-json\/wp\/v2\/pages\/15641\/revisions"}],"up":[{"embeddable":true,"href":"https:\/\/travelshelper.com\/sr\/wp-json\/wp\/v2\/pages\/15631"}],"wp:featuredmedia":[{"embeddable":true,"href":"https:\/\/travelshelper.com\/sr\/wp-json\/wp\/v2\/media\/2994"}],"wp:attachment":[{"href":"https:\/\/travelshelper.com\/sr\/wp-json\/wp\/v2\/media?parent=15641"}],"curies":[{"name":"wp","href":"https:\/\/api.w.org\/{rel}","templated":true}]}}