{"id":15619,"date":"2024-09-21T16:13:54","date_gmt":"2024-09-21T16:13:54","guid":{"rendered":"https:\/\/travelshelper.com\/staging\/?page_id=15619"},"modified":"2026-03-11T20:57:36","modified_gmt":"2026-03-11T20:57:36","slug":"chiang-maj","status":"publish","type":"page","link":"https:\/\/travelshelper.com\/sr\/destinations\/asia\/thailand\/chiang-mai\/","title":{"rendered":"Chiang Maj"},"content":{"rendered":"<p>Godine 1296, namerni \u010din osnivanja preoblikovao je severne delove Sijama. Kralj Mengraj, shvativ\u0161i i strate\u0161ku prednost i simboli\u010dki potencijal, premestio je svoje sedi\u0161te vlasti iz \u010cang Raja u plodni sliv reke Ping, izgradiv\u0161i ortogonalne ulice unutar \u010dvrstih odbrambenih zidina. Ovaj \u201enovi grad\u201c, koji se u narodnom \u017eargonu naziva \u010cang Maj, pojavio se ne samo kao naslednik starije prestonice, ve\u0107 i kao sredi\u0161nja ta\u010dka ambicija kraljevstva Lana. Ping, koji se vijugao ka jugu i spajao se sa velikom \u010cao Prajom, obezbe\u0111ivao je vodu za \u017eivot i olak\u0161avao transport robe \u2013 pirin\u010da, tikovine, keramike \u2013 u \u0161iru tapiseriju kopnenih trgovinskih mre\u017ea Jugoisto\u010dne Azije.<\/p>\n<p>Ime grada, doslovno \u201enovi grad\u201c, obuhvatalo je i gestualni raskid sa pro\u0161lo\u0161\u0107u i obe\u0107anje obnove. Kraljevski arhitekti i zanatlije \u2013 crpe\u0107i inspiraciju iz burmanskih, \u0161rilankanskih i autohtonih tradicija Lana \u2013 ukrasili su novonastalu metropolu bogato ukra\u0161enim hramovima, blistavim pozla\u0107enim ukrasima i osen\u010denim kro\u0161njama drve\u0107a. Tokom narednih vekova, uzastopni monarsi \u0107e pro\u0161irivati i ukra\u0161avati \u010cang Maj, ali jezgro grada, ograni\u010deno jarcima i bedemima, opstalo, kao svedo\u010danstvo preciznosti njegovih prvobitnih osniva\u010da.<\/p>\n<p>\u010ciang Maj se nalazi u re\u010dnoj dolini u tajlandskom planinskom podru\u010dju, \u0161irokoj udubini oblikovanoj spajanjem planina i nizijskih ravnica. Na prose\u010dnoj nadmorskoj visini od 300 metara, centralni deo grada blago se uzdi\u017ee sa obe obale reke Ping. Na zapadu se nadvija planinski venac Tanon Tong \u010caj, sa najvi\u0161om ta\u010dkom kod Doi Sutepa, koji se su\u017eava od 1.676 metara do \u0161umovitih podno\u017eja. Ovde se magla skuplja u zoru, i sa takvog polo\u017eaja se vidi grad koji je i drevan i beskrajno promenljiv.<\/p>\n<p>Unutar gradske op\u0161tine \u2013 povr\u0161ine 40,2 kvadratna kilometra razgrani\u010dene 1983. godine \u2013 \u010detiri izborna okruga zadu\u017eena su za gra\u0111anske poslove. Nakhon Ping zauzima severni rub, \u0160rivi\u010daj i Mengraj zapadni i ju\u017eni kvadrant starog grada sa zidinama, a Kavila se prostire na isto\u010dnoj obali. Me\u0111utim, van ovih op\u0161tinskih granica, pravi prostor \u010cang Maja prote\u017ee se na \u0161est susednih okruga \u2013 Hang Dong, Mae Rim, Sutep, San Kampeng, Sarafi i Doi Saket \u2013 formiraju\u0107i urbano prostranstvo od oko 405 kvadratnih kilometara i obuhvataju\u0107i preko milion stanovnika.<\/p>\n<p>Ova prostrana metropola, sada druga po veli\u010dini u Tajlandu posle Bangkoka, otkriva dvostruki karakter: pa\u017eljivo obnovljena dvori\u0161ta i uske uli\u010dice okru\u017eene sa\u010duvanim fragmentima zida - svaka kapija i kula podse\u0107aju na odbrambene potrebe pro\u0161losti - i neregulisan rast predgra\u0111a, gde motocikli preplavljuju suncem obasjane magistralne puteve, a neonskim svetlima osvetljene pijace isprekidaju radionice za proizvodnju gume i tikovine.<\/p>\n<p>Uprkos pritiscima zgu\u0161njavanja, \u010cang Maj zadr\u017eava delove mira. Javni park Buak Hat, sme\u0161ten na jugozapadnom uglu starog grada, ostaje mesto okupljanja ljubitelja ve\u017ebanja rano ujutru i ljubitelja \u0161aha ispod drve\u0107a tamarinda. Preko \u0161anca nalazi se park Kan\u010danafisek, gde se ispod grana banjana nalaze raspadaju\u0107i se ostaci nekada\u0161njih bedema. Park Lana Rama 9 na severu nudi oblikovano uto\u010di\u0161te pored jezera, dok rezervoar Ang Kaeo, pored kapija Univerziteta \u010cang Maj, pru\u017ea predah u obliku staza za tr\u010danje i paviljona okru\u017eenih zmajevima.<\/p>\n<p>Napori da se ponovo uspostavi \u017delezni\u010dki park \u010ciang Maj \u2013 napu\u0161teno lokomotivno depo u blizini centralne stanice \u2013 odvijaju se oprezno od 2024. godine, svesni potrebe za ravnote\u017eom izme\u0111u o\u010duvanja nasle\u0111a i rekreativne koristi. Predlo\u017eeni projekat predvi\u0111a prenamenu vagona u kafi\u0107e, dok bi originalni vodotoranj stanice postao vertikalna ba\u0161ta, spajaju\u0107i industrijsku arheologiju sa komunalnom hortikulturom.<\/p>\n<p>Sme\u0161ten ne\u0161to vi\u0161e od 18 stepeni severno od ekvatora, \u010cang Maj ima tropsku klimu savane. Tri razli\u010dita godi\u0161nja doba upravljaju svakodnevnim \u017eivotom. Hladna sezona, od novembra do februara, daje jutra dovoljno sve\u017ea za lagane obla\u010dno vreme, dok popodneva dosti\u017eu sredinu do visokih dvadeset stepeni Celzijusa. Od marta do juna, predmonsunska vru\u0107ina se intenzivira; rekordne temperature su pre\u0161le 42 stepena Celzijusa, \u0161to predstavlja pove\u0107an rizik od problema povezanih sa vru\u0107inom, posebno me\u0111u starijim osobama. Od juna do oktobra je ki\u0161na sezona, kada konvekcijske oluje isprekidaju popodne, pretvaraju\u0107i pra\u0161njave ulice u reke crvene gline. Ove ki\u0161e pune akumulacije i o\u017eivljavaju zelenilo okolnih visoravni, ali istovremeno predstavljaju izazov za gradsku drena\u017enu infrastrukturu.<\/p>\n<p>Lokalne vlasti i zdravstvene agencije su poslednjih godina dokumentovale porast mortaliteta povezanog sa hladno\u0107om tokom naglih padova no\u0107nih temperatura \u2013 \u200b\u200bfenomen koji se pripisuje zaostajanju ljudskog fiziolo\u0161kog odgovora na iznenadne klimatske promene. Istovremeno, epizode \u200b\u200bzaga\u0111enja vazduha \u2013 izazvane spaljivanjem poljoprivrednih gazdinstava u slivu i emisijama iz vozila \u2013 isti\u010du ekolo\u0161ku krhkost ove nekada izolovane enklave.<\/p>\n<p>Do 2013. godine, \u010cang Maj je do\u010dekao 14,1 milion posetilaca, od kojih je otprilike tre\u0107ina do\u0161la izvan granica Tajlanda. Izme\u0111u 2011. i 2015. godine, godi\u0161nje stope rasta u proseku su iznosile 15 procenata, podstaknute naglim porastom kineskog turizma koji je \u010dinio skoro 30 procenata me\u0111unarodnih dolazaka. Hotelski operateri izve\u0161tavaju o raspolo\u017eivosti od oko 32.000 do 40.000 soba, od hostela du\u017e Starog grada sa jarkom do butik odmarali\u0161ta sme\u0161tenih na \u0161umovitim padinama.<\/p>\n<p>Tajlandski biro za kongrese i izlo\u017ebe, prepoznaju\u0107i potencijal \u010cang Maja izvan turizma za odmor, pokrenuo je marketin\u0161ke napore kako bi pozicionirao grad u okviru globalnog MICE (sastanci, podsticaji, konferencije, izlo\u017ebe) kruga. Rane projekcije predvi\u0111ale su umeren porast prihoda - za 10 procenata na pribli\u017eno 4,24 milijarde bata u 2013. godini - i postepeno pove\u0107anje dolazaka poslovnih putnika. Iako postoje\u0107i kongresni centri grada zaostaju za onima u Bangkoku i Phuketu, lokalne zainteresovane strane nastojale su da iskoriste jedinstveno kulturno nasle\u0111e \u010cang Maja kao podsticaj za me\u0111unarodne simpozijume na teme koje se kre\u0107u od agrotehnologije do o\u010duvanja kulture.<\/p>\n<p>Istovremeno, agroturizam se pojavio kao ni\u0161ni sektor. Farme na periferiji gradova \u2013 koje uzgajaju jagode, kafu i organsko povr\u0107e \u2013 sada nude sme\u0161taj u doma\u0107instvima, prakti\u010dne radionice i iskustva obroka \u201esa farme na sto\u201c. Ova diverzifikacija je obezbedila dodatne izvore prihoda za seoska doma\u0107instva i podstakla svest potro\u0161a\u010da o poljoprivrednim tradicijama severnog Tajlanda.<\/p>\n<p>Samo u op\u0161tinskom okrugu, 117 budisti\u010dkih hramova svedo\u010di o trajnom religiozno-kulturnom centralnom polo\u017eaju \u010cang Maja. Me\u0111u njima, pet predstavljaju stubove istorijskog i estetskog zna\u010daja:<\/p>\n<ul>\n<li>Vat Phra Tat Doi Sutep: Sme\u0161ten na 1.073 metra na planini Doi Sutep, do ovog hrama se dolazi uzlaznim stepeni\u0161tem koje \u010duvaju talasaste Naga zmije. NJegova pozla\u0107ena stupa, koja blista pri izlasku sunca, privla\u010di povorke hodo\u010dasnika koji obilaze komoru sa relikvijama u zami\u0161ljenoj povorci.<\/li>\n<li>Vat \u010cang Man: Veruje se da je mesto najranije kraljevske rezidencije Lana, ovaj hram iz 13. veka \u010duva dve glavne slike Bude: mermernu Phra Sila i kristalnu Phra Satang Man. Obe su obavijene legendom, jer su pratile kralja Mengraija tokom osnivanja grada.<\/li>\n<li>Vat Phra Sing: Izgra\u0111en 1345. godine, ovaj primer severnog tajlandskog stila sme\u0161ta po\u0161tovanog Budu Phra Singha. NJegova dvorana Lavljeg Bude, sa zamr\u0161enim drvorezbarijama i vi\u0161eslojnim krovovima, ilustruje spoj lokalnog zanatstva i manastirskih funkcija.<\/li>\n<li>Vat \u010cedi Luang: Izgra\u0111en 1401. godine, njegov \u010dedi je nekada dostigao arhitektonske visine pariraju\u0107i stupama u Ajutaji. Zemljotres u 16. veku je skratio njegov vrh, ostavljaju\u0107i spomenik visine dve tre\u0107ine koji i dalje dominira siluetom Starog grada.<\/li>\n<li>Vat Umong: Sme\u0161ten u \u0161umi pored univerziteta, njegovi lavirintski tuneli i \u0161umovito okru\u017eenje podse\u0107aju na doba pustinja\u0161tva. \u201eBuda koji posti\u201c, vitka skulptura koja evocira asketsku odlu\u010dnost, po\u010diva ispod kro\u0161nji drve\u0107a prekrivenih mahovinom.<\/li>\n<\/ul>\n<p>Dodatni vatovi \u2014 kao \u0161to su Vat Ku Tao, sa svojom prepoznatljivom stupom u obliku \u010dinije; Vat Suan Dok, mesto budisti\u010dkog univerziteta; i Vat \u010cet Jot, doma\u0107in Osmog svetskog budisti\u010dkog saveta 1477. godine \u2014 dodatno doprinose mona\u0161koj raznolikosti grada. Ra\u0161trkane ru\u0161evine \u2014 ukupno \u010detrdeset \u010detiri \u2014 svedo\u010de o zgradama koje je odavno obnovila vegetacija, a njihove korodirane stupe vire kroz rastinje poput stra\u017earskih relikvija.<\/p>\n<p>Duhovni pejza\u017e \u010cang Maja prote\u017ee se izvan teravada budizma. Prva protestantska crkva, koju su 1868. godine osnovali Mekgilvarijevi, pokrenula je hri\u0161\u0107ansko prisustvo koje sada obuhvata oko dvadeset kongregacija, uklju\u010duju\u0107i i katedralu Svetog Srca Rimokatoli\u010dke eparhije. Hri\u0161\u0107anska konferencija Azije ovde odr\u017eava regionalne kancelarije, isti\u010du\u0107i ulogu \u010cang Maja kao sredi\u0161ta ekumenskog dijaloga.<\/p>\n<p>Male, ali dugogodi\u0161nje muslimanske zajednice \u2014 \u010cin Ho, Bengalska, Patan, Malajska \u2014 podr\u017eavaju \u0161esnaest d\u017eamija, od kojih su neke ukra\u0161ene zabatnim krovovima u kineskom stilu, a sve slu\u017ee kao centralne ta\u010dke zajedni\u010dke kohezije. Dve sikhske gurdvare, Siri Guru Sing Sabha i Namdari, opslu\u017euju imigrantsku populaciju \u010diji koreni datiraju iz sredine 19. veka. Skromni hinduisti\u010dki mandir tako\u0111e slu\u017ei ra\u0161trkanom broju vernika, ilustruju\u0107i versku heterogenost koju je negovalo vi\u0161e od sedam vekova trgovine i migracija.<\/p>\n<p>Sazve\u017e\u0111e muzeja unutar gradskih granica pru\u017ea raznovrsne portale u severno tajlandsko nasle\u0111e:<\/p>\n<ul>\n<li>Centar za umetnost i kulturu grada \u010cang Maja tuma\u010di evoluciju grada kroz multimedijalne izlo\u017ebe.<\/li>\n<li>Muzej folklora Lana nudi impresivne izlo\u017ebe o autohtonim zanatima i tekstilu.<\/li>\n<li>Nacionalni muzej \u010cang Maja prati istoriju dr\u017eava Lana od njenog osnivanja do burmanske vladavine.<\/li>\n<li>Filatelisti\u010dki muzej prikazuje razvoj lokalnih po\u0161tanskih usluga i umetnosti po\u0161tanskih maraka.<\/li>\n<li>Muzej otkri\u0107a ljudi sa gorja kontekstualizuje tradicije brdskih plemena - Aka, Lisu, Hmong - \u010dija su sela ra\u0161trkana po okolnim padinama.<\/li>\n<li>Kovnica novca (Sala Tanarak) \u010duva redak novac u listovima, one delikatni mesingani i srebrni diskovi kraljevstva Lan Na, \u010dije su tehnike izrade i dalje sporne.<\/li>\n<li>Muzej Banke Tajlanda i Muzej severnih telekomunikacija, sme\u0161teni u nekada\u0161njoj telefonskoj centrali, bave se narativima ekonomske i tehnolo\u0161ke integracije.<\/li>\n<li>Muzej savremene umetnosti MAIIAM, otvoren 2016. godine, nudi kontrapunkt tradicionalnijim mestima, zagovaraju\u0107i eksperimentalna dela tajlandskih i me\u0111unarodnih umetnika.<\/li>\n<\/ul>\n<p>Ove institucije zajedno isti\u010du dvostruki identitet \u010cang Maja kao skladi\u0161ta nasle\u0111a i inkubatora kreativnih inovacija.<\/p>\n<p>Ceremonijalni \u017eivot u \u010cang Maju odvija se tokom lunarnog kalendara. Svakog novembra, dvostruke ceremonije Loi Kratong i Ji Peng ispunjavaju vodene puteve i nebo fenjerima - sve\u0107ama koje plutaju na kratongu u obliku lotosa i papirnim fenjerima na vru\u0107i vazduh koji se uzdi\u017eu poput srebrnih kugli. Spajanje re\u010dnih i vazdu\u0161nih svetala nudi trenutak zajedni\u010dkog razmi\u0161ljanja, dok slavljenici osloba\u0111aju li\u010dne nade u strujama i strujama vazduha.<\/p>\n<p>Aprilski festival Songkran pretvara ceo grad u prizor veselja uz pomo\u0107 vode. Ono \u0161to je nekada uklju\u010divalo po\u0161tuju\u0107e sipanje vode preko Budinih likova i ruku stare\u0161ina, evoluiralo je u \u0161iroko rasprostranjeno prskanje ulica, gde songtevi i gradski kamioni distribuiraju creva hiljadama ljudi. Dok borbe vodom izazivaju smeh, povorke i ceremonije koje vode monasi \u010duvaju sve\u010danost tajlandske Nove godine, isti\u010du\u0107i otpornu koegzistenciju po\u0161tovanja i radosti.<\/p>\n<p>Februarski Festival cve\u0107a predstavlja ukrasno cvetanje tropskih i umerenih vrsta na paradnim kolima i u ba\u0161tenskim izlo\u017ebama. Tam Bun Kan Dok, Festival stubova grada Intakhin, odaje po\u010dast temeljnom duhu grada, sprovode\u0107i prinose i rituale koji datiraju jo\u0161 iz perioda Lana. Festival devet carskih bogova - devetodnevna taoisti\u010dka proslava krajem septembra - okuplja mno\u0161tvo ljudi koji se zavetuju na apstinenciju od mesa i alkohola, dok zastave sojke obele\u017eavaju restorane koji slu\u017ee vegansku hranu pod povoljnim \u017eutim i crvenim barjacima.<\/p>\n<p>Budisti\u010dki obredi \u2014 Vesak u Doi Sutepu, Maka Bu\u010da u Vat Phra Singhu i drugi ve\u0107i hramovi \u2014 privla\u010de hiljade ljudi na hodo\u010da\u0161\u0107e. Nakon zalaska sunca, povorke sa sve\u0107ama penju se \u0161umovitim padinama, ujedinjuju\u0107i laike i monahe u tihom bdenju koje podse\u0107a na Budin prvi zajedni\u010dki skup.<\/p>\n<p>Dok centralni tajlandski jezik preovladava u trgovini i obrazovanju, narodni govorni ritmovi severnog tajlandskog jezika \u2014 \u010desto nazvani Kam Muang ili Lana \u2014 opstaju me\u0111u starijim osobama i seoskim stanovni\u0161tvom. Napisan ukra\u0161enim pismom Tai Tam, jezik se pojavljuje na hramovnim freskama i rukopisnim pergamentima, iako ve\u0107ina savremene upotrebe koristi prilago\u0111enu tajlandsku ortografiju. Leksi\u010dke pozajmice iz burmanskog, \u0161anskog i jezika brdskih plemena dodatno oboga\u0107uju regionalni \u017eargon, menjaju\u0107i svakodnevni govor ritmovima koji se zna\u010dajno razlikuju od registara prestonice.<\/p>\n<p>Na pijacama i u kuhinjama \u010cang Maja, kulinarsko nasle\u0111e se spaja oko lokalnih osnovnih namirnica: lepljivog pirin\u010da kuvanog na listovima banane, za\u010dinjenih karija od su\u0161enih \u010dili papri\u010dica i fermentisane soje, i sazve\u017e\u0111a za\u010dina - galangala, limunske trave, svetog bosiljka - gnje\u010denih da bi se oslobodila o\u0161tra ulja. Kan tok, zajedni\u010dka tradicija obroka u niskim porcijama na lakiranim \u0161tandovima, karakteri\u0161e Lana pristup: zajedni\u010dka jela pore\u0111ana u koncentri\u010dnim krugovima, pri \u010demu svaka osoba pose\u017ee unutra da proba zalogaje larb, nam prik i dimljeno meso sa ro\u0161tilja.<\/p>\n<p>Od kraja 2010-ih, grad je stekao reputaciju centra veganske kuhinje, trend koji je strana \u0161tampa zabele\u017eila kao dokaz evoluiraju\u0107eg gastronomskog identiteta \u010cang Maja. Reinterpretacije klasi\u010dnih jela - keng liang sa tofuom, kao soi sa cvetom banane - pro\u0161irile su se u kafi\u0107ima, pored fuzijskih restorana koji spajaju \u010dinije inspirisane Japanom sa lokalnim proizvodima.<\/p>\n<p>Neposredna periferija \u010cang Maja ustupa mesto za\u0161ti\u0107enim enklavama nacionalnih parkova Doi Sutep\u2013Pui i Doi Intanon. Prvi, koji po\u010dinje na zapadnoj margini grada, obuhvata nadmorske visinske gradijente od tropskih nizija do borovih i hrastovih \u0161uma. Osuje\u0107ena stambena izgradnja planirana za 2015. godinu, da je nastavljena, ugrozila je stare povr\u0161ine; njeno otkazivanje podstaklo je napore za po\u0161umljavanje koji nastavljaju da o\u017eivljavaju koridorna stani\u0161ta za ptice rogove i gibone.<\/p>\n<p>Dalje na jugu, Doi Intanon \u2014 najvi\u0161a ta\u010dka u Tajlandu \u2014 uzdi\u017ee se na 2.565 metara. NJegov mozaik vodopada, udaljenih sela Karen i Hmong i planinskih staza privla\u010di planinare i posmatra\u010de ptica. Vrh parka, ve\u010dno hladan, o\u0161tro se razlikuje od topline doline.<\/p>\n<p>Na severu, Nacionalni park Pa Daeng (\u010cijang Dao) prikazuje kre\u010dnja\u010dke vrhove Doi \u010ciang Daoa, rekreativne pe\u0107ine i mogu\u0107nosti za etnokulturni turizam me\u0111u zajednicama Aka, Lisu i Karen. Vo\u0111ene pe\u0161a\u010dke ture prelaze grebene i re\u010dne doline, \u010desto uklju\u010duju\u0107i no\u0107enja u doma\u0107instvima brdskih plemena - me\u0161avina kulturne razmene i uranjanja u \u017eivotnu sredinu.<\/p>\n<p>Maloprodaja u \u010cang Maju se deli na moderne tr\u017ene centre \u2014 Centralni aerodrom \u010cang Maj, Centralni festival i tr\u017eni centar Maja \u2014 i organski evoluirane bazare koji se svake ve\u010deri prelivaju u uli\u010dice. No\u0107ni bazar du\u017e ulice \u010cang Klan, sa svojim fluorescentnim triom \u0161atora, namenjen je masovnom turizmu, nude\u0107i tekstil, elektroniku i sitnice. Nasuprot tome, pe\u0161a\u010dka ulica Ta Fe i nedeljna no\u0107na pijaca pretvaraju ulicu Rat\u010dadamnoen u pe\u0161a\u010dku stazu gde zanatlije prodaju ru\u010dno tkane \u0161alove, srebrni pribor i lokalne grickalice, uokvirene drevnim gradskim kapijama. U ulici Vua Laj svake subote, srebrnari izla\u017eu zamr\u0161eno izra\u0111en nakit na sklopivim stolovima, a njihovi \u010deki\u0107i klik\u0107u u sumrak dok turisti i me\u0161tani pregovaraju o cenama.<\/p>\n<p>Glavne ulice \u010ciang Maja \u2013 \u010desto zagu\u0161ene u \u0161picu \u2013 svedo\u010de o transportnoj zagonetki grada. Oslanjanje na li\u010dne motocikle i automobile, zajedno sa neujedna\u010denim planiranjem kori\u0161\u0107enja zemlji\u0161ta, pogor\u0161ava zagu\u0161enja i zaga\u0111enje vazduha. Songtevi \u2013 preure\u0111eni pikapi sa otvorenim krovom \u2013 ostaju okosnica javnog prevoza, dok tuk-tukovi i midi-busevi nude prevoz od ta\u010dke do ta\u010dke. U junu 2017. godine, debitovala je flota elektri\u010dnih tuk-tukova, ali njihov broj je i dalje nedovoljan da zameni alternative na dizel gorivo.<\/p>\n<p>Me\u0111ugradska povezanost se usredsre\u0111uje na tri \u010dvori\u0161ta. Autobuski terminal \u010cang Puak olak\u0161ava regionalne linije; terminal Arkada otprema autobuse za Bangkok, Pataju, Hua Hin i Phuket, putovanja traju od deset do dvanaest sati; a Me\u0111unarodni aerodrom \u010cang Maj - \u010detvrti najprometniji u Tajlandu - opslu\u017euje oko pedeset letova dnevno za Bangkok i regionalne prestonice. Planovi pro\u0161irenja koji predvi\u0111aju pove\u0107anje kapaciteta sa osam na dvadeset miliona putnika godi\u0161nje, zajedno sa potencijalnim drugim aerodromom sa kapacitetom od dvadeset \u010detiri miliona putnika, imaju za cilj da zadovolje rastu\u0107u potra\u017enju.<\/p>\n<p>\u017delezni\u010dki saobra\u0107aj se i dalje odvija kao no\u0107no hodo\u010da\u0161\u0107e: deset dnevnih vozova prelazi rutu od 751 kilometar do Bangkoka, a no\u0107na putovanja nude kabine prve klase ili rasklopive le\u017eajeve. Od decembra 2023. godine, gradski autobuski sistem RTC-a saobra\u0107a na tri linije koje polaze sa aerodroma, \u010dime je uveden autobuski prevoz na op\u0161tinskom nivou.<\/p>\n<p>Ambicije za mre\u017eu lake \u017eeleznice \u2013 nacrt uredbe koji je odobrila Uprava za brzi tranzit mase \u2013 prvobitno su planirale izgradnju izme\u0111u 2020. i 2027. godine. Usledila su ka\u0161njenja, ali projekat zadr\u017eava svoj status potencijalnog leka za zagu\u0161enja obezbe\u0111ivanjem brzog tranzita velikog kapaciteta du\u017e klju\u010dnih koridora.<\/p>\n<p>Blagodat turizma nije ostala bez tro\u0161kova. Neplanirani razvoj optere\u0107uje vodne resurse, ugro\u017eava kvalitet vazduha i optere\u0107uje sisteme upravljanja otpadom. Kao odgovor na to, inicijativa za razvoj kompatibilan sa klimatskim promenama \u2013 koju je podr\u017eala Mre\u017ea znanja o klimi i razvoju \u2013 mobilisala je stru\u010dnjake i gra\u0111anske grupe da uvedu trake za nemotorizovani transport, pe\u0161a\u010dke zone i podsticaje za mikropreduzetnike da upravljaju uslugama biciklisti\u010dkog taksija. Ove intervencije imaju za cilj da dekarbonizuju grad, a istovremeno stvore sredstva za \u017eivot siroma\u0161nom gradskom stanovni\u0161tvu.<\/p>\n<p>Istovremeno, sektor umetnosti i zanata ima koristi od turisti\u010dke potra\u017enje, \u0161to odr\u017eava tka\u010dke kolektive, studije za lakirane proizvode i sela koja proizvode ki\u0161obrane. Bo Sang, poznat po svojim papirnim ki\u0161obranima, kombinuje tradicionalni zanat sa savremenim dizajnom, izvoze\u0107i ceremonijalne proizvode \u0161irom sveta. Ipak, i dalje postoje pitanja u vezi sa pravednom raspodelom prihoda od turizma i o\u010duvanjem integriteta zanatstva uprkos komercijalnim pritiscima.<\/p>\n<p>Zvani\u010dni popisi \u2013 koje su sproveli Odeljenje za lokalnu administraciju i Nacionalni zavod za statistiku \u2013 isklju\u010duju iseljenike, privremene stanovnike i migrantske radnike. Shodno tome, evidentirani broj stanovnika op\u0161tine od 127.000 (2023) protivre\u010di gradskoj stvarnosti koja prelazi 1,2 miliona stanovnika. Neformalne procene, koje uzimaju u obzir dugoro\u010dne strane stanovnike i sezonske radnike, svrstavaju stvarnu brojku bli\u017eu 1,5 miliona.<\/p>\n<p>Od 2022. godine, zna\u010dajan priliv kineskih dr\u017eavljana \u2013 koji tra\u017ee uto\u010di\u0161te od politi\u010dkih ograni\u010denja i privu\u010deni relativno niskim tro\u0161kovima \u017eivota u \u010cang Maju \u2013 promenio je naselja i obrasce potro\u0161nje. Kafi\u0107i koji nude dvojezi\u010dne menije, \u0161kole na mandarinskom jeziku i investicije u nekretnine odra\u017eavaju ovaj trend, podsti\u010du\u0107i op\u0161tinske vlasti da razmotre mere urbanisti\u010dkog planiranja koje se bave novonastalom dru\u0161tvenom dinamikom.<\/p>\n<p>\u010ciang Maj odr\u017eava reputaciju relativne bezbednosti. Nasilni kriminal je i dalje redak; ve\u0107ina incidenata uklju\u010duje oportunisti\u010dke kra\u0111e, poput kra\u0111e torbi od strane mladih na motociklima u slabo osvetljenim ulicama. Odgovorni putnici usvajaju lokalne obi\u010daje: skromnu ode\u0107u koja pokriva ramena i kolena, prigu\u0161ene glasovne tonove i diskretno rukovanje vrednim stvarima. Ovi jednostavni oblici po\u0161tovanja ne samo da smanjuju rizik od sitnog kriminala, ve\u0107 i po\u0161tuju dru\u0161tvene obi\u010daje stanovnika. \u0160tavi\u0161e, svest o pe\u0161a\u010dkim i voza\u010dkim normama - ustupanje mesta pe\u0161acima, paze\u0107i na duplo parkirane kamionete i izbegavanje prelaska ulice preko ulice na prometnim bulevarima - obezbe\u0111uje besprekornu integraciju u svakodnevni \u017eivot.<\/p>\n<p>Preko sedam vekova od svog osnivanja, \u010cang Maj nastavlja da pregovara o me\u0111usobnom delovanju izme\u0111u o\u010duvanja i napretka. Restaurirani zidovi i hramovi Starog grada stoje kao svedoci civilizacije Lana koja je cvetala podjednako pod kraljevima i monasima. Iza tih zidina, gradske arterije pulsiraju motorima, pijacama i gra\u0111evinskim kranovima \u2013 simbolima globalizacije Tajlanda. Pa ipak, uprkos svim promenama, \u010cang Maj zadr\u017eava meru spokoja koji je nekada definisao njegovu planinsku samo\u0107u: precizno zvonjanje hramovnih zvona u zoru, ritualno paljenje fenjera na pozadini indigo neba, izdr\u017eljivi banjani koji se dr\u017ee za ru\u0161evine pro\u0161lih stupa.<\/p>\n<p>Za putnika ili stanovnika koji je upoznat sa njegovim ritmovima, \u010cang Maj nudi iskustvo slojevitih tekstura \u2013 \u200b\u200bteksturnih kontrasta izme\u0111u drevne cigle i poliranog hroma, izme\u0111u mona\u0161kih pojanja i saobra\u0107ajne buke, izme\u0111u lepljivog pirin\u010da sa mangom i veganskog karija sa tofuom. To je grad i se\u0107anja i nastajanja, gde \u201enovi grad\u201c Mengrai i dalje odjekuje u sada\u0161njosti, podse\u0107aju\u0107i sve koji hodaju njegovim ulicama da je svako mesto, kao i svaka osoba, izvrsna me\u0161avina pro\u0161losti i postajanja.<\/p>","protected":false},"excerpt":{"rendered":"<p>\u010cijang Maj, najve\u0107i grad na severu Tajlanda i glavni grad provincije \u010cijang Maj, od 2022. godine ima 1,2 miliona stanovnika, \u0161to \u010dini vi\u0161e od 66% ukupne populacije provincije. \u010cijang Maj, 700 kilometara severno od Bangkoka u planinskim tajlandskim visoravnima, postao je veliki urbani centar koji je drugi po veli\u010dini i va\u017enosti u dr\u017eavi.<\/p>","protected":false},"author":1,"featured_media":2893,"parent":15536,"menu_order":0,"comment_status":"closed","ping_status":"closed","template":"elementor_theme","meta":{"_eb_attr":"","footnotes":""},"class_list":["post-15619","page","type-page","status-publish","has-post-thumbnail"],"_links":{"self":[{"href":"https:\/\/travelshelper.com\/sr\/wp-json\/wp\/v2\/pages\/15619","targetHints":{"allow":["GET"]}}],"collection":[{"href":"https:\/\/travelshelper.com\/sr\/wp-json\/wp\/v2\/pages"}],"about":[{"href":"https:\/\/travelshelper.com\/sr\/wp-json\/wp\/v2\/types\/page"}],"author":[{"embeddable":true,"href":"https:\/\/travelshelper.com\/sr\/wp-json\/wp\/v2\/users\/1"}],"replies":[{"embeddable":true,"href":"https:\/\/travelshelper.com\/sr\/wp-json\/wp\/v2\/comments?post=15619"}],"version-history":[{"count":0,"href":"https:\/\/travelshelper.com\/sr\/wp-json\/wp\/v2\/pages\/15619\/revisions"}],"up":[{"embeddable":true,"href":"https:\/\/travelshelper.com\/sr\/wp-json\/wp\/v2\/pages\/15536"}],"wp:featuredmedia":[{"embeddable":true,"href":"https:\/\/travelshelper.com\/sr\/wp-json\/wp\/v2\/media\/2893"}],"wp:attachment":[{"href":"https:\/\/travelshelper.com\/sr\/wp-json\/wp\/v2\/media?parent=15619"}],"curies":[{"name":"wp","href":"https:\/\/api.w.org\/{rel}","templated":true}]}}