{"id":15595,"date":"2024-09-21T15:54:09","date_gmt":"2024-09-21T15:54:09","guid":{"rendered":"https:\/\/travelshelper.com\/staging\/?page_id=15595"},"modified":"2026-03-11T21:36:27","modified_gmt":"2026-03-11T21:36:27","slug":"krabi","status":"publish","type":"page","link":"https:\/\/travelshelper.com\/sr\/destinations\/asia\/thailand\/krabi\/","title":{"rendered":"Krabi"},"content":{"rendered":"<p>Krabi zauzima uski deo zemlje gde se reka \u0161iri u zaliv Pang Nga, njena crvena zemlja susre\u0107e se sa akvamarinskom vodom pod nebom koje se \u010desto uzburka brzim oblacima. Grad, dom za ne\u0161to vi\u0161e od trideset dve hiljade stanovnika 2020. godine, deluje istovremeno malo i stabilno na ivici ne\u010deg ogromnog. Du\u017e obale reke, drvene prodavnice sme\u0161tene su na stubovima, njihovi kapci zveckaju u zoru kada brodovi klize natovareni pirin\u010dem, vo\u0107em i mre\u017eama ulovljene ribe. Dalje u unutra\u0161njosti, niske zgrade sa lju\u0161te\u0107om farbom ni\u017eu se ulicama koje vode do u\u017eurbane centralne pijace, gde vazduh nosi podjednake mere \u010dili pare i morskog povetarca. Na ovom mestu - \u0161eststo pedeset kilometara ju\u017eno od prestonice - ritam \u017eivota i plime i oseke kao da oblikuje svaki trenutak.<\/p>\n<p>U poslednjim godinama osamnaestog veka, ubrzo nakon \u0161to se tajlandski dvor nastanio u Bangkoku, guverner Nakhon Si Tamarata poslao je vezira poznatog kao Phra Palad da nadgleda kraal za slonove u ovom gradu na u\u0161\u0107u reke. Naredba, koju je izdao \u010cao Phraja Nakhon Noj, imala je za cilj da obezbedi stalno snabdevanje ratnim i ceremonijalnim slonovima za rastu\u0107e kraljevstvo. Izgradnja kraala privukla je ne samo mahute i zanatlije ve\u0107 i \u010ditava doma\u0107instva koja su tra\u017eila nove prilike. Naselili su se u tri zaseoka - Pakasai, Klong Pon i Pak Lao - svaki je gradio svoj identitet du\u017e blatnjavih obala i bo\u010dnih kanala. Do 1872. godine, kralj \u010culalongkorn prepoznao je grupu sela kao jednu op\u0161tinu, dodeliv\u0161i joj ime Krabi, termin koji je podse\u0107ao na drevni standard ukra\u0161en amblemom majmuna. Dve godine kasnije, grad je stekao administrativnu nezavisnost od Nakon Si Tamarata i po\u010deo je direktno da izve\u0161tava Bangkoku, a njegov prvi guverner \u2014 Luang Tep Sena \u2014 preuzeo je nadle\u017enost nad jurisdikcijom koja vi\u0161e nije bila samo satelit njegovog biv\u0161eg gospodara ve\u0107 zasebna provincija.<\/p>\n<p>Danas, ekonomija Krabija u velikoj meri zavisi od posetilaca koje privla\u010di njegov neulep\u0161ani \u0161arm i surova lepota okolnog arhipelaga. Iako je veliki deo provincije progla\u0161en nacionalnim parkom \u2014 Hat Noparat Tara\u2013Mu Ko Fi Fi, Kao Fanom Ben\u010da, Tan Bokhorani i morski rezervati \u2014 sam grad Krabi ostaje ulazna ta\u010dka, a ne kona\u010dna destinacija. Odavde, izletnici i gosti koji dugo borave kre\u0107u u istra\u017eivanje vi\u0161e od osamdeset obli\u017enjih ostrva, uklju\u010duju\u0107i popularne atrakcije Ko Lanta i Ko Fi Fi. U unutra\u0161njosti, vodopadi se obru\u0161avaju kroz gustu \u0161umu u Kao Fanom Ben\u010di, dok kre\u010dnja\u010dke pe\u0107ine Tan Bokhoranija kriju odaje u kojima stalaktiti kaplju poput voska od sve\u0107a. Du\u017e obale, mangrovski \u0161umarci pru\u017eaju uto\u010di\u0161te \u010dapljama i varanima. U svakom pravcu postoji poziv za veslanje, posmatranje ptica ili planinarenje, sa vodi\u010dima koji ta\u010dno znaju gde da prona\u0111u gnezda ptica rogova ili skrivene bazene.<\/p>\n<p>Pla\u017ee najbli\u017ee gradu \u2014 Ao Nang i Railej \u2014 oblikovane su liticama koje se gotovo vertikalno uzdi\u017eu iz peska. Railej, dostupan samo \u010damcem sa dugim repom, postao je magnet za penja\u010de koji \u017eele da se isprobaju na d\u017eepovima i previsima isklesanim od kre\u010dnjaka tokom milenijuma. Godi\u0161nji Festival stena i vatre, koji se odr\u017eava sredinom aprila, pulsira adrenalinom dok se penja\u010di bore za brzinu i stil na rutama poput \u010duvene \u010detvorostruke \u201eHumanost\u201c. Kada je plima visoka, solo penjanje u dubokoj vodi postaje ve\u017eba i ravnote\u017ee i hrabrosti, dok penja\u010di polako penju se du\u017e zidova izbrisanih morem iznad hvatanja uzburkane vode. Treneri iz nekoliko lokalnih \u0161kola sastaju se sa po\u010detnicima na pla\u017ei u zoru, dok iskusniji penja\u010di vuku konopce do udaljenih ostrvaca vidljivih na obali. Sa svakim usponom, tirkizno more i udaljeni kra\u0161ki tornjevi menjaju perspektivu o tome \u0161ta zna\u010di stajati na ivici vazduha i stene.<\/p>\n<p>Nisu sva \u010duda u moru ili nebu. U Ban Laem Pou \u2013 oko \u010detrdeset kilometara severoisto\u010dno od grada \u2013 uski komad zemlje otkriva pla\u017eu \u010diji pesak sadr\u017ei milione fosilizovanih \u0161koljki pu\u017eeva. Ovi ostaci datiraju iz pre oko \u010detrdeset miliona godina, kada su slatkovodne mo\u010dvare prekrivale ovu sada priobalnu ravnicu. Sun\u010deva svetlost se filtrira kroz li\u0161\u0107e mangrova, osvetljavaju\u0107i kalcificirane spirale i helikse ugra\u0111ene u obalu. Nau\u010dnici i amaterski lovci na fosile podjednako dolaze ovde sa \u010detkicama i sveskama, paze\u0107i da ne poremete krhke fragmente. Iznad njih, vodomari bljeskaju plavo i zeleno, dok varani ma\u0161u svojim ra\u010dvastim jezicima u potrazi za rakovima zakopanim ispod blata.<\/p>\n<p>Klima u Krabiju odra\u017eava njegov polo\u017eaj ispred Andamanskog mora. Od marta do po\u010detka decembra, monsunski vetrovi nose vlagu na obalu, a desetomese\u010dna ki\u0161na sezona mo\u017ee doneti dane neprekidnih pljuskova. Izme\u0111u oluja, suncem obasjane mrlje ple\u0161u po povr\u0161ini vode, a putevi se mogu pretvoriti iz pra\u0161njavih staza u sme\u0111e potoke. U vru\u0107ini pre ki\u0161a, termometri su se penjali i do 39,6 \u00b0C 31. marta 2023. godine; s druge strane, najhladnije jutro zabele\u017eeno ovde palo je na 15,3 \u00b0C 11. januara 2009. godine. Takvi ekstremi su retki, ali podse\u0107aju stanovnike da ovaj predeo napreduje na kontrastima - nabujale reke koje seku kroz kre\u010dnja\u010dka brda; iznenadni olujni vetri uz vedro nebo.<\/p>\n<p>Pristup Krabiju se znatno razvio od ranih dana re\u010dnih brodova i neasfaltiranih staza. Od 1999. godine, Me\u0111unarodni aerodrom Krabi (KBV) direktno povezuje region sa Bangkokom, Kuala Lumpurom i sezonskim \u010darter letovima iz Evrope. Aerodrom se nalazi oko petnaest kilometara od centra grada, povezan klimatizovanim autobusima koji putnike iskrsavaju ispred pokrajinskog suda ili ih prevoze dalje do pla\u017ea Ao Nang ili Had Jao. Doma\u0107i prevoznici - Er Azija, Bangkok Ervejz i Taj Ervejz - obavljaju vi\u0161e dnevnih linija do glavnog grada, dok jedan let svakog dana povezuje Krabi sa Ko Samuijem. Me\u0111unarodne rute su fokusirane na Kuala Lumpur, sa \u010darter letovima koji se isprepli\u0107u tokom glavne sezone.<\/p>\n<p>Pored vazdu\u0161nog saobra\u0107aja, drumski i \u017eelezni\u010dki saobra\u0107aj ostaju vitalne arterije. Najbli\u017ea \u017eelezni\u010dka stanica nalazi se u Surat Taniju, tri i po sata vo\u017enje autobusom ili minibusom na severu, dok se raskrsnica Thung Song nalazi na jugu sa vezama minibusom na svakih sat vremena. Autobusi polaze sa terminala Talad Kao u Krabiju - \u010distog, dobro obele\u017eenog i sa besplatnim Wi-Fi internetom - do Ju\u017enog autobuskog terminala u Bangkoku, putovanja traju oko dvanaest sati. Za kra\u0107e prekide, privatni minibusevi prevoze putnike do Surat Tanija za manje od dva i po sata po skromnoj ceni. Du\u017e obale Andamana, beli songteoi voze na svakih sat vremena izme\u0111u grada Krabi, ulice Maharad\u017e i raskrsnice Ao Nang, sa krovnim nosa\u010dima nagomilanim ran\u010devima i \u0161tapovima za pecanje.<\/p>\n<p>Vodenim putem, redovni trajekti povezuju Krabi sa Ko Pi Pijem, Ko D\u017dumom i Ko Lantom. Ve\u0107ina linija polazi iz moderne putni\u010dke luke tri kilometra od centra grada, izbegavaju\u0107i starije pristani\u0161ta koja su opslu\u017eivala sporije brodove. Turisti\u010dke agencije i hotelski \u0161alteri prodaju karte koje \u010desto uklju\u010duju prevoz do pristani\u0161ta; pa\u017eljiviji putnici znaju da kupovina bli\u017ee polasku mo\u017ee smanjiti tro\u0161kove. Red vo\u017enje trajekta je pro\u0161iren tokom sezone, dok se u mesecima sa niskom sezonom rasporedi mogu smanjiti na samo dve plovidbe dnevno.<\/p>\n<p>Unutar gradskih granica pojavljuju se dva razli\u010dita lica. Du\u017e autoputa 4, niz prodavnica pored puta i malih tr\u017enih centara vrvi od putnika u potrazi za grickalicama, SIM karticama i brzim suvenirima. Dalje unutra, dalje od buke saobra\u0107aja, intimna mre\u017ea ulica otvara se ka kafi\u0107ima i barovima gde bendovi u\u017eivo izvode obrade zapadnih hitova. Ovde se lokalne porodice me\u0161aju sa iseljenicima i bekpekerima, a tempo se usporava uz neu\u017eurbano kliktanje mok-mok telefona i \u0161i\u0161tanje espreso ma\u0161ina. Za dublji ose\u0107aj mesta, posetioci se \u010desto zadr\u017eavaju u ovom mirnijem kvartu, probaju\u0107i pala\u010dinke od kokosa u zoru ili ispijaju\u0107i biljni \u010daj ispod listova vekovnog drveta banjana.<\/p>\n<p>Kulturne znamenitosti nalaze se na kratkoj vo\u017enji od centra grada. Na vrhu kre\u010dnja\u010dkog brda, oko tri kilometra severoisto\u010dno, nalazi se Vat Tam Sua - \u010desto nazvan Hram tigrove pe\u0107ine - poluskriven u li\u0161\u0107u. Pe\u0107insko svetili\u0161te u njegovom podno\u017eju otkriva pozla\u0107ene figure Bude pore\u0111ane uz stenu, dok legenda insistira da je tigar nekada lutao ovim pe\u0107inama. Dva stepeni\u0161ta vode od kompleksa: jedno se uzdi\u017ee 1.237 stepenika do Bude na vrhu planine sa panoramskim pogledom na pirin\u010dana polja i obalu; drugo vodi kroz dolinu poznatu kao \u201eZemlja \u010duda\u201c, ispresecanu manjim svetili\u0161tima i \u0161umskim stazama. Znakovi upozoravaju da se ne hrani majmun koji \u017eive ovde, \u010dije okretne ruke i povremeni ugrizi slu\u017ee kao podsetnik da divljina ovde opstaje.<\/p>\n<p>Bli\u017ee gradu, na Maharat Roud, okre\u010deni zidovi i \u0161iroki lukovi Vat Keo Koravarama hvataju sunce poput sve\u0107a boje slonova\u010de. Zavr\u0161en tek u poslednjim decenijama, njegov dizajn podse\u0107a na slojevitu svadbenu tortu koja kao da svetli na pozadini palminog li\u0161\u0107a. Turisti\u010dke mape retko pominju Dhara Masa\u017eu i Spa, sme\u0161ten u uskoj uli\u010dici pored Isara Roud; ipak, me\u0161tani i oni koji su upoznati hvale njegove rigorozne tretmane, koje pru\u017eaju dve \u017eene \u010dije su im kvalifikacije i briga donele lojalne sledbenike.<\/p>\n<p>Za dublje uronjenje, poludnevni izleti kroz mangrove ko\u0161taju oko 1.500 do 2.500 bata i nose male grupe kroz lavirintske kanale gde \u010daplje vrebaju du\u017e izlo\u017eenog korenja. Jednodnevni izleti brodom \u2013 koji se kre\u0107u od 1.000 do 3.000 bata u zavisnosti od tipa plovila \u2013 kombinuju posete \u010detiri ostrva, uklju\u010duju\u0107i Hong i Fi Fi, i obi\u010dno uklju\u010duju transfere, ru\u010dak, sve\u017ee vo\u0107e i osnovnu opremu za ronjenje i prsluke za spasavanje. Vodi\u010di dele suve torbe i osiguravaju da \u010dak i tokom vo\u017enje gliserom ose\u0107aj intimnosti sa ovim kre\u010dnja\u010dkim ostrvima ostane nesmanjen.<\/p>\n<p>Kada padne ve\u010de, barovi u centru grada se opu\u0161taju uz \u017eivu muziku i tihi \u0107askanje. Roki Bar, sme\u0161ten iznad reke, stekao je reputaciju no\u0107nih nastupa, privla\u010de\u0107i mno\u0161tvo turista i Tajlan\u0111ana. Drugi se okupljaju oko kafi\u0107a na otvorenom gde hladni \u010cang ili Singa ubla\u017eavaju dnevnu vla\u017enost. Razgovori se vode od penja\u010dkih ekspedicija do cene karata za trajekt, od najboljih uli\u010dnih tezgi do rasporeda letova nazad za Bangkok. U ovim razmenama - preko zajedni\u010dkih skutera ili za stolovima ispod bambusovih lampi - otkriva se su\u0161tina Krabija: mesto gde se susre\u0107u istorija i dana\u0161nji lutalice, gde tok reke odra\u017eava dolaske i odlaske koji defini\u0161u \u017eivot na zapadnoj obali Tajlanda.<\/p>","protected":false},"excerpt":{"rendered":"<p>\u0160armantni primorski grad Krabi, glavni grad provincije Krabi na jugu Tajlanda, nalazi se 650 kilometara ju\u017eno od Bangkoka. Sa 32.644 stanovnika od 2020. godine, ova napredna op\u0161tina je dom mnogih ljudi. Sme\u0161ten na zapadnoj obali, gde se reka Krabi uliva u zaliv Phang Nga, Krabi je kapija za neka od najspektakularnijih prirodnih \u010duda Tajlanda i izrastao je u vitalni deo privrede ove oblasti vo\u0111ene turizmom.<\/p>","protected":false},"author":1,"featured_media":4579,"parent":15536,"menu_order":0,"comment_status":"closed","ping_status":"closed","template":"elementor_theme","meta":{"_eb_attr":"","footnotes":""},"class_list":["post-15595","page","type-page","status-publish","has-post-thumbnail"],"_links":{"self":[{"href":"https:\/\/travelshelper.com\/sr\/wp-json\/wp\/v2\/pages\/15595","targetHints":{"allow":["GET"]}}],"collection":[{"href":"https:\/\/travelshelper.com\/sr\/wp-json\/wp\/v2\/pages"}],"about":[{"href":"https:\/\/travelshelper.com\/sr\/wp-json\/wp\/v2\/types\/page"}],"author":[{"embeddable":true,"href":"https:\/\/travelshelper.com\/sr\/wp-json\/wp\/v2\/users\/1"}],"replies":[{"embeddable":true,"href":"https:\/\/travelshelper.com\/sr\/wp-json\/wp\/v2\/comments?post=15595"}],"version-history":[{"count":0,"href":"https:\/\/travelshelper.com\/sr\/wp-json\/wp\/v2\/pages\/15595\/revisions"}],"up":[{"embeddable":true,"href":"https:\/\/travelshelper.com\/sr\/wp-json\/wp\/v2\/pages\/15536"}],"wp:featuredmedia":[{"embeddable":true,"href":"https:\/\/travelshelper.com\/sr\/wp-json\/wp\/v2\/media\/4579"}],"wp:attachment":[{"href":"https:\/\/travelshelper.com\/sr\/wp-json\/wp\/v2\/media?parent=15595"}],"curies":[{"name":"wp","href":"https:\/\/api.w.org\/{rel}","templated":true}]}}