{"id":15484,"date":"2024-09-21T14:04:33","date_gmt":"2024-09-21T14:04:33","guid":{"rendered":"https:\/\/travelshelper.com\/staging\/?page_id=15484"},"modified":"2026-03-11T21:54:13","modified_gmt":"2026-03-11T21:54:13","slug":"sardza","status":"publish","type":"page","link":"https:\/\/travelshelper.com\/sr\/destinations\/asia\/united-arab-emirates\/sharjah\/","title":{"rendered":"\u0160ard\u017ea"},"content":{"rendered":"<p>\u0160ard\u017ea se nalazi na pragu Arapskog zaliva, a njena silueta je tapiserija niskih tradicionalnih zgrada isprepletenih modernim oblicima koje je oblikovala dinastija Al Kasimi. Kao glavni grad istoimenog emirata, zauzima tre\u0107e mesto po broju stanovnika u Ujedinjenim Arapskim Emiratima \u2014 dom je vi\u0161e od 1,8 miliona ljudi od 2023. godine \u2014 ali se ne defini\u0161e samom veli\u010dinom ve\u0107 nepokolebljivom posve\u0107eno\u0161\u0107u nasle\u0111u, nauci i kulturi.<\/p>\n<p>Na svojih 235 kvadratnih kilometara, \u0160ard\u017ea igra centralnu ulogu u federaciji UAE. U okviru federalnog okvira koji deli odbranu, spoljnu politiku i makroekonomsko upravljanje izme\u0111u sedam emirata, \u0160ard\u017ea zadr\u017eava kontrolu nad lokalnim civilnim sprovo\u0111enjem zakona i op\u0161tinskim slu\u017ebama. Od po\u010detka 18. veka, \u010dlanovi porodice Al Kasimi su usmeravali tok grada, snalaze\u0107i se u kolonijalnim ugovorima i izgradnji dr\u017eave nakon sticanja nezavisnosti sa jednakom ve\u0161tinom.<\/p>\n<p>Kao industrijski i komercijalni centar, grad doprinosi otprilike 7,4 odsto BDP-u zemlje. Pa ipak, njegova reputacija po\u010diva na reputaciji trezvenosti: emirat zabranjuje alkohol, \u010dak i u objektima sa dozvolom za prodaju alkohola, politika koja je oblikovala poseban profil posetilaca i podstakla rast islamskog turizma. Ulice \u0160ard\u017ee odjekuju pozivom na molitvu sa elegantnih minareta, a njegove op\u0161tinske politike donele su mu priznanje kao \u201ezdrav grad\u201c Svetske zdravstvene organizacije.<\/p>\n<p>Univerziteti i fakulteti u \u0160ard\u017ei u\u017eivali su me\u0111unarodnu pa\u017enju kada ju je QS svrstao me\u0111u najbolje studentske gradove na svetu 2016. godine. Deceniju kasnije, UNESKO je priznao njenu posve\u0107enost pisanoj re\u010di proglasiv\u0161i je Svetskom prestonicom knjige za 2019. godinu. Jo\u0161 ranije, 2014. godine, nosila je titulu Islamske kulturne prestonice. Ova priznanja nagla\u0161avaju sliku o sebi utemeljenu u nauci i umetnosti, ono \u0161to razlikuje emirat od njegovih rasko\u0161nijih suseda.<\/p>\n<p>Arheolo\u0161ki dokazi ukazuju na ljudsko prisustvo oko \u0160ard\u017ee vi\u0161e od pet milenijuma, privu\u010deno plodnim oazama i njenim strate\u0161kim polo\u017eajem na pomorskim putevima ka Indiji. Po\u010detkom osamnaestog veka, pleme Kavasim se ovde nastanilo, proglasiv\u0161i nezavisnost oko 1727. godine. NJihova ve\u0161tina u brodogradnji i pomorskoj trgovini donela je i bogatstvo i pa\u017enju regionalnih sila.<\/p>\n<p>Do 1820. godine, vladar \u0160ard\u017ee, sultan bin Sakr el Kasimi, prihvatio je britansku za\u0161titu kroz Op\u0161ti pomorski ugovor, pakt koji je imao za cilj da suzbije pirateriju i suprotstavi se osmanskom uticaju. Bila je to jedna od nekoliko dr\u017eava ugovora \u2013 tako nazvanih po sporazumima potpisanim sa Britanijom \u2013 koje su imale status dr\u017eava pozdravljanja, kojima su dodeljene skromne pozdravne salute kako bi obele\u017eile svoj polo\u017eaj. Jedan engleski putnik iz 1829. godine zabele\u017eio je \u0160ard\u017eu kao skroman grad od 600 stanovnika, opis koji prikriva \u017eivu pomorsku kulturu grada.<\/p>\n<p>Dana 2. decembra 1971. godine, samo nekoliko dana pre isteka britanskih ugovornih obaveza, \u0160ard\u017ea se pridru\u017eila svojim susedima u Aktu o ujedinjenju kojim su osnovani Ujedinjeni Arapski Emirati. Godinu dana kasnije, Ras el-Hajma je zavr\u0161ila federaciju. U pripremi za ujedinjenje, \u0160ard\u017ea je nastojala i da modernizuje i da sa\u010duva svoje nasle\u0111e \u2013 dvostruki prioritet koji nastavlja da oblikuje njen urbani pejza\u017e.<\/p>\n<p>U inovaciji o kojoj se \u0161iroko izve\u0161tavalo \u0161irom regiona, javni sektor \u0160ard\u017ee usvojio je \u010detvorodnevnu radnu nedelju 1. januara 2022. godine, stvaraju\u0107i trodnevni vikend. To je bio prvi vladin sektor u Zalivu koji je napravio ovu promenu, \u0161to odra\u017eava spremnost \u0160ard\u017ee da eksperimenti\u0161e sa politikama koje promovi\u0161u ravnote\u017eu izme\u0111u posla i privatnog \u017eivota.<\/p>\n<p>Industrija je tako\u0111e procvetala. Er Arabija \u2014 sa sedi\u0161tem na Me\u0111unarodnom aerodromu \u0160ard\u017ea \u2014 postala je prvi niskotarifni prevoznik na Bliskom istoku, a njen logo je poznat \u0161irom Azije, Evrope i Zaliva. U blizini, Me\u0111unarodna slobodna zona aerodroma \u0160ard\u017ea (SAIF zona) nudi potpuno strano vlasni\u0161tvo i poreske izuzetke. Do 2023. godine, vi\u0161e od 6.000 kompanija iz preko 90 zemalja je osnovalo poslovanje tamo, \u0161to je podstaklo porast obima trgovine \u0160ard\u017ee od 6,5 procenata.<\/p>\n<p>Jezgro \u0160ard\u017ee prostire se du\u017e obala lagune Halid, gde azurne vode odra\u017eavaju biserne kupole d\u017eamija. Dva pokrivena suka - jedan od njih poznat kao Plavi suk - uokviruju priobalje. Centralni suk, koji su projektovali britanski arhitekti Majkl Lajl i partneri pod vo\u0111stvom \u0161eika Sultana bin Muhameda Al-Kasimija, otvoren je 1978. godine. Danas sadr\u017ei oko 600 prodavnica, svaka oblikovana u vijugavu arkadu opalnih lukova i geometrijskih paravana.<\/p>\n<p>Na istoku se nalazi Rola, nazvana po velikom banjanovom drvetu koje je nekada hladilo njegov trg. Uske ulice Role sada su pune trgovaca i stanovnika, a pijaca nudi robu po skromnim cenama. U blizini ulice Bank nalazi se upe\u010datljiv gradski park, gde su klupe, opremu za igrali\u0161ta i signalizaciju doprineli me\u0161tani koji su se prise\u0107ali zna\u010dajnih mesta sa svojih putovanja. Svaki komad, repliciran u razmeri jedan prema jedan, pri\u010da pri\u010du o li\u010dnom se\u0107anju.<\/p>\n<p>Centar \u0160ard\u017ee, tako\u0111e poznat kao Al Mad\u017eaz, slu\u017ei kao kulturno i komercijalno srce emirata. NJegova me\u0161avina tradicionalnih fasada i savremenih javnih prostora sadr\u017ei galerije, mesta za izvo\u0111enje predstava i op\u0161tinske kancelarije. Odmah iza, predgra\u0111e Vasit ozna\u010dava \u0161irenje grada u unutra\u0161njost tokom 20. veka, nekada ome\u0111eno samo pustinjom i plemenskim zemljama.<\/p>\n<p>U centru \u0160ard\u017ee nalazi se Al Hisn, ili tvr\u0111ava \u0160ard\u017ea. Izgra\u0111ena 1823. godine kao upori\u0161te i rezidencija Al Kasimi, njeni debeli zidovi od koralnog maltera i plafoni od vezanih palminih prostirki restaurirani su tokom dve decenije i ponovo otvoreni 2015. godine kao muzej na otvorenom. U blizini, Muzej Al Mahata zauzima biv\u0161u pistu Imperijalnih ervejza i susednu tvr\u0111avu, podse\u0107aju\u0107i na prvo me\u0111unarodno iskrcavanje 1932. godine i kasniju slu\u017ebu lokacije kao baze Kraljevskog vazduhoplovstva.<\/p>\n<p>\u0160ard\u017eanski istorijski okrug \u2014 ili Srce \u0160ard\u017ee \u2014 je dugoro\u010dni projekat obnove starog grada. Kroz pet faza koje treba da budu zavr\u0161ene do 2025. godine, rehabilituju se tradicionalne ku\u0107e, sukovi i javne zgrade, stvaraju\u0107i muzej na otvorenom sa galerijama, hotelima i obnovljenim Sukom Al Arsa.<\/p>\n<p>Zelena oaza izvire usred pustinjskog grada. Nacionalni park \u0160ard\u017ea, povr\u0161ine skoro 59.000 m\u00b2, je raj mesta za piknik, de\u010djih igrali\u0161ta i jezera sa patkama. Biciklisti\u010dke staze se vijugaju pored minijaturnih glinenih modela lokalnih znamenitosti, dok su ro\u0161tilji ispunjeni pejza\u017eom ispod palmi. Al Mad\u017eaz Voterfront, rekreativni centar pored lagune Halid, odu\u0161evljava audio-video plesnom fontanom, terenima za mini golf i vo\u017enjama za porodice. NJegova rekonstrukcija iz 2023. godine dodala je nove staze, igrali\u0161ta i parking tokom \u0161est meseci, a cena je bila 5,5 miliona dirhama.<\/p>\n<p>Kratka vo\u017enja brodom ili pe\u0161a\u010dki prelaz vode do ostrva Al Nur, skulpturalnog uto\u010di\u0161ta vrtova, umetni\u010dkih instalacija i spokojnog Paviljona knji\u017eevnosti. Posetioci \u0161etaju ispod umetni\u010dkih svetlosnih instalacija i zastaju pored skulptura \u201eOVO\u201c i \u201eTorus\u201c, pronalaze\u0107i tihi kontrast kineti\u010dkoj energiji grada.<\/p>\n<p>Ostrvo Marjam, severno od centra grada, predstavlja zna\u010dajnu investiciju u \u017eivot na obali. Prostiru\u0107i se na 460.000 m\u00b2 sa izgra\u0111enom povr\u0161inom od 310.000 m\u00b2, sme\u0161ta\u0107e 38 stambenih kula i, kada bude zavr\u0161eno, ima\u0107e preko 35.000 jedinica. \u0160etnica od 900 metara, zatvorena ba\u0161ta, fitnes klubovi i park od \u010detiri hektara obe\u0107avaju samostalnu zajednicu.<\/p>\n<p>Dalje u unutra\u0161njosti, kanal Al Kasba useca koridor dug kilometar kroz emirat. Okru\u017een prodavnicama, restoranima i stambenim zgradama, njegovo pozori\u0161te na otvorenom odr\u017eava koncerte i festivale koji svake godine privla\u010de hiljade ljudi.<\/p>\n<p>\u0160ard\u017eina posve\u0107enost o\u010duvanju regionalne faune o\u010digledna je u Arapskom centru za divlje \u017eivotinje, osnovanom 1999. godine u blizini me\u0111unarodnog aerodroma. U njemu je prikazano vi\u0161e od stotinu vrsta prilago\u0111enih surovoj arapskoj klimi, od pustinjskih lisica do dugouhih je\u017eeva. Sestrinski objekat, Centar za uzgoj ugro\u017eenih divljih \u017eivotinja, prebacio je svoje stanovnike \u2013 uklju\u010duju\u0107i arapske leoparde \u2013 u Centar za za\u0161titu Al Hefaija u Kalbi kada je zatvoren za javnost. Institucije za divlje \u017eivotinje u \u0160ard\u017ei pru\u017eaju podr\u0161ku van nacionalnih granica, poma\u017eu\u0107i zoolo\u0161kim vrtovima u Jemenu u upravljanju \u017eivotinjama i veterinarskoj stru\u010dnosti.<\/p>\n<p>Fondacija za umetnost \u0160ard\u017ee podr\u017eala je ambiciozne instalacije. Godine 2018, \u201eKi\u0161na soba\u201c koju je organizovala kompanija \u201eRandom International\u201c trajno je otvorena u Al Mad\u017eari, omogu\u0107avaju\u0107i posetiocima da hodaju kroz ki\u0161u, a da se ne pokvase \u2013 njeni senzori pokreta zaustavljaju kapljice oko svake osobe. Svake godine, od 2010. godine, Festival svetlosti \u0160ard\u017ee transformi\u0161e zgrade \u0161irom grada laserskim projekcijama i tematskim narativima.<\/p>\n<p>Jedno od najneobi\u010dnijih mesta u emiratu je Lete\u0107i tanjir \u2014 prvobitno brutalisti\u010dki kafi\u0107 iz 1970-ih, obnovljen 2015. godine i ponovo otvoren kao umetni\u010dki centar 2020. godine. NJegov kru\u017eni oblik i krov u obliku diska, koji podr\u017eavaju stubovi u obliku slova V, podse\u0107aju na svemirsku letelicu koja stoji iznad palmi.<\/p>\n<p>D\u017damije ispunjavaju horizont. \u0160ard\u017ea d\u017eamija, otvorena u maju 2019. godine u Taju, mo\u017ee da primi 25.000 vernika i ima unutra\u0161nji prostor za 5.000. NJeno otvaranje obele\u017eeno je komemorativnim nov\u010di\u0107ima iskovanim od zlata i srebra, a svaki je nosio stih iz Kurana. Pre nje, d\u017eamija kralja Fejsala - nazvana po pokojnom saudijskom monarhu - bila je najve\u0107a bogomolja u emiratu.<\/p>\n<p>Pored islamskih centara, \u0160ard\u017ea je dom i za druge vere. Godine 1997, Jakobitska sirijska katedrala Svete Marije osve\u0161tana je da slu\u017ei sirijskoj pravoslavnoj zajednici migranata, prvenstveno iz Kerale i ju\u017ene Indije. Ova crkva predstavlja svedo\u010danstvo rastu\u0107e raznolikosti emirata u okvirima po\u0161tovanja lokalne tradicije.<\/p>\n<p>U decembru 2020. godine, vladar je otvorio Ku\u0107u mudrosti \u2013 biblioteku napravljenu po uzoru na veliku abasidsku instituciju u Bagdadu. Projektovanu od strane Foster i partnera, njenih dvanaest hiljada kvadratnih metara sadr\u017ei \u010ditaonice, digitalne arhive i upe\u010datljivu skulpturu pod nazivom \u201eSvitak\u201c Gerija D\u017dude, kojom se obele\u017eava status \u0160ard\u017ee kao svetske prestonice knjige pod za\u0161titom UNESKA.<\/p>\n<p>Klima \u0160ard\u017ee je klasifikovana kao vru\u0107a pustinjska. Letnje temperature redovno prelaze 40 \u00b0C, ponekad dosti\u017eu\u0107i 45 \u00b0C u julu i avgustu. Zime su blage, sa dnevnim temperaturama koje retko prelaze 30 \u00b0C. Padavine su oskudne i neredovne, koncentrisane od novembra do aprila, pri \u010demu februar i mart \u010dine preko dve tre\u0107ine godi\u0161njih padavina.<\/p>\n<p>Transportna infrastruktura odra\u017eava i rast i ambicije. Me\u0111unarodni aerodrom \u0160ard\u017ea \u2014 nekada glavna vazduhoplovna kapija regiona pre 1976. godine \u2014 ostaje tre\u0107e najve\u0107e \u010dvori\u0161te za vazdu\u0161ni teretni saobra\u0107aj na Bliskom istoku. Prisustvo kompanije Er Arabija podstaklo je izgradnju prometnog civilnog terminala pored stare piste Mahata.<\/p>\n<p>Na terenu, dve klase autoputeva \u2013 \u201eE\u201c putevi koji povezuju emirate i \u201eS\u201c putevi koji opslu\u017euju lokalna podru\u010dja \u2013 ukr\u0161taju se \u0161irom emirata. Klju\u010dne arterije uklju\u010duju E 11 (Al Itihad), koji povezuje Dubai i Ad\u017eman; E 311 (Put \u0161eika Mohameda bin Zajeda), koji vodi do Ad\u017emana i Ras el-Hajme; i E 88, koji se vijuga prema Fud\u017eejri kroz planine Had\u017ear.<\/p>\n<p>Taksi slu\u017ebe \u2013 koje posluju pod fran\u0161izama kao \u0161to su Emirati Kab, Junion Taksi i \u0160ard\u017ea Taksi \u2013 rade na taksimetrima, sa fiksnim me\u0111uemiratskim tarifama za prekograni\u010dna putovanja. Korporacija za javni prevoz \u0160ard\u017ee nadgleda deljene taksije du\u017e unapred odre\u0111enih ruta, nude\u0107i pristupa\u010dnu mobilnost stanovnicima sa niskim prihodima. Me\u0111ugradski autobusi povezuju \u0160ard\u017eu sa svim ostalim emiratima sa autobuske stanice Al D\u017dubail, osiguravaju\u0107i da gradovi poput Abu Dabija, Ras el-Hajme i Fud\u017eejre ostanu povezani dnevnim redovima vo\u017enje.<\/p>\n<p>Planovi za metro u \u0160ard\u017ei napreduju \u2014 tre\u0107i u UAE nakon onih u Dubaiju i Abu Dabiju \u2014 a od 2015. godine i za tramvaj. Zajedno, ovi sistemi imaju za cilj da smanje gu\u017eve na putevima prepunim putnika koji putuju izme\u0111u \u0160ard\u017ee i njenog ve\u0107eg suseda, Dubaija.<\/p>\n<p>Za razliku od visokih kula Dubaija ili velikih avenija Abu Dabija, \u0160ard\u017ea predstavlja intimniju viziju gradskog \u017eivota u Zalivu. NJene javne zgrade \u2013 svaka zami\u0161ljena u omejadskom i abasidskom stilu od strane vladara, koji je i sam obu\u010deni arhitekta \u2013 nude doslednu estetiku utemeljenu u regionalnoj tradiciji. Arapski i engleski jezik dele natpise; ju\u017enoazijski, ruski i drugi jezici ispunjavaju njene kafi\u0107e i pijace.<\/p>\n<p>Za posetioce koji \u017eele da budu svedoci islamske umetnosti i arhitekture bez privla\u010dnosti globalizovanog spektakla, \u0160ard\u017ea pru\u017ea i uvid u pro\u0161lost regiona i platformu za savremeno izra\u017eavanje. NJeni parkovi i obale su popularni za porodice; muzeji i festivali su popularni za nau\u010dnike i sanjare. Ovde se trgovina i za\u0161tita, industrija i introspekcija spajaju u gradu koji svoj uspeh meri ne samo ekonomskim brojkama ve\u0107 i o\u010duvanjem se\u0107anja. I tako \u0160ard\u017ea opstaje kao mesto gde ritmovi nasle\u0111a oblikuju ambicije sutra\u0161njice.<\/p>","protected":false},"excerpt":{"rendered":"<p>\u0160ard\u017ea, tre\u0107i grad po broju stanovnika u Ujedinjenim Arapskim Emiratima, ima vi\u0161e od 1.800.000 stanovnika od 2023. Sme\u0161ten namerno u metropolitanskoj oblasti Dubai-Sharjah-Ajman, ovaj energi\u010dni grad je glavni grad Emirata \u0160ard\u017ea. \u0160ard\u017ea je stvorila druga\u010diji identitet za sebe na sceni UAE zahvaljuju\u0107i svojoj posebnoj me\u0161avini istorijske va\u017enosti i modernog razvoja.<\/p>","protected":false},"author":1,"featured_media":4546,"parent":15472,"menu_order":0,"comment_status":"closed","ping_status":"closed","template":"elementor_theme","meta":{"_eb_attr":"","footnotes":""},"class_list":["post-15484","page","type-page","status-publish","has-post-thumbnail"],"_links":{"self":[{"href":"https:\/\/travelshelper.com\/sr\/wp-json\/wp\/v2\/pages\/15484","targetHints":{"allow":["GET"]}}],"collection":[{"href":"https:\/\/travelshelper.com\/sr\/wp-json\/wp\/v2\/pages"}],"about":[{"href":"https:\/\/travelshelper.com\/sr\/wp-json\/wp\/v2\/types\/page"}],"author":[{"embeddable":true,"href":"https:\/\/travelshelper.com\/sr\/wp-json\/wp\/v2\/users\/1"}],"replies":[{"embeddable":true,"href":"https:\/\/travelshelper.com\/sr\/wp-json\/wp\/v2\/comments?post=15484"}],"version-history":[{"count":0,"href":"https:\/\/travelshelper.com\/sr\/wp-json\/wp\/v2\/pages\/15484\/revisions"}],"up":[{"embeddable":true,"href":"https:\/\/travelshelper.com\/sr\/wp-json\/wp\/v2\/pages\/15472"}],"wp:featuredmedia":[{"embeddable":true,"href":"https:\/\/travelshelper.com\/sr\/wp-json\/wp\/v2\/media\/4546"}],"wp:attachment":[{"href":"https:\/\/travelshelper.com\/sr\/wp-json\/wp\/v2\/media?parent=15484"}],"curies":[{"name":"wp","href":"https:\/\/api.w.org\/{rel}","templated":true}]}}