{"id":15466,"date":"2024-09-21T13:48:07","date_gmt":"2024-09-21T13:48:07","guid":{"rendered":"https:\/\/travelshelper.com\/staging\/?page_id=15466"},"modified":"2026-03-11T21:44:36","modified_gmt":"2026-03-11T21:44:36","slug":"ashkhabad","status":"publish","type":"page","link":"https:\/\/travelshelper.com\/sr\/destinations\/asia\/turkmenistan\/ashgabat\/","title":{"rendered":"Ashkhabad"},"content":{"rendered":"<p>Sme\u0161ten na pragu pustinje Karakum i zaklonjen podno\u017ejem Kopetdaga, A\u0161habad se uzdi\u017ee iz bledog peska poput fatamorgane date supstance. Na nadmorskoj visini koja varira izme\u0111u dvesta i dvesta pedeset pet metara, grad po\u010diva na sedimentima koje je natalo\u017eilo drevno Paratetisko more, njegovi temelji su istovremeno krhki i legendarni. Manje od trideset kilometara od granice sa Iranom, A\u0161habad zauzima oaznu ravnicu sklonu potresima, ali ipak odoleva kretanju zemlje sa odlu\u010dnom re\u0161eno\u0161\u0107u \u2013 onom koja je definisala njegov karakter od trenutka kada su ruski vojnici prvi put nacrtali mape plemenskog sela 1881. godine.<\/p>\n<p>Od svojih po\u010detaka kao skromnog naselja ahaltekinskih jurti \u2013 koje su brojale mo\u017eda \u010detiri hiljade prema ranim ruskim posetiocima \u2013 A\u0161habad se naglo razvio nakon 1881. godine u garnizonski grad sa manje od tri hiljade du\u0161a, gotovo u potpunosti ruskih po sastavu. Dolazak Transkaspijske \u017eeleznice na prelazu vekova otvorio je grad za migrante sa Kavkaza, iz doline Volge i Persije, skoro udvostru\u010div\u0161i njegovo stanovni\u0161tvo u roku od jedne decenije. Do 1911. godine, oko \u010detrdeset pet hiljada stanovnika ispunilo je njegove ulice; etni\u010dki Rusi \u010dinili su ve\u0107inu, pra\u0107eni Jermenima, Persijancima i rasutim drugim grupama. Godine 1924. naselje, tada poznato pod svojim sovjetskim imenom Poltorack, postalo je sedi\u0161te Turkmenske Sovjetske Socijalisti\u010dke Republike, a ubrzo nakon toga udeo Turkmena u gradskim granicama po\u010deo je da raste, mada postepeno, kako je sovjetska politika menjala dru\u0161tvo. Uprkos takvim promenama, katastrofalni zemljotres u oktobru 1948. godine uni\u0161tio je veliki deo gradskog tkiva, izbacuju\u0107i tragediju po a\u0161habadskim ulicama i pretvaraju\u0107i \u010ditave \u010detvrti u ru\u0161evine.<\/p>\n<p>Ipak, razaranje se pokazalo jedva vi\u0161e od uvoda u obnavljanje. U decenijama koje su usledile, Karakumski kanal, izgra\u0111en od strane Sovjeta, nosio je vode Amu Darje kroz grad od istoka ka zapadu, odr\u017eavaju\u0107i ba\u0161te i novu gradnju. Kada je Turkmenistan stekao nezavisnost 1991. godine, predsednik Saparmurat Nijazov zapo\u010deo je ambiciozan program urbane obnove. Pod njegovim rukovodstvom, strane firme - najzna\u010dajnije francuski Bouygues i turski koncerni Polimeks i Gap \u0130n\u015faat - oblikovale su arhitektonski idiom utemeljen u gr\u010dko-rimskim stubovima i persijskim kupolama, svaka povr\u0161ina oblo\u017eena blistavim belim mermerom. \u010citavi bulevari su svetlucali na suncu, dok su stubovi i zabatoni ustupali mesto monumentalnim fontanama i trgovima oblikovanim da impresioniraju i gra\u0111ane i diplomate.<\/p>\n<p>Danas A\u0161habad ima vi\u0161e od milion stanovnika, a Turkmeni \u010dine vi\u0161e od tri \u010detvrtine stanovnika. Rusi \u010dine otprilike deset procenata, dok manje zajednice Uzbeka, Azerbejd\u017eanaca, Turaka i drugih odr\u017eavaju svoje kulturne enklave. Administrativno, grad je podeljen na \u010detiri glavne op\u0161tine: Bagtiarlik, Berkararlik, Buzmein i Kepetdag. Ove etrapare apsorbuju konstelaciju mikrodistrikta - numerisanih sektora i imenovanih naselja kao \u0161to su Hovdan A, B i V, i serija Parahat - svaka osnovana radi pojednostavljenja komunalnih usluga i upravljanja stanovima, iako bez nezavisne lokalne samouprave. Promenljive granice ovih jedinica odra\u017eavaju neprestano preure\u0111enje A\u0161habada: op\u0161tine koje su nekada nosile Lenjinova i Nijazova imena su spojene i preimenovane, dok su planovi za peti distrikt, Altin etrabi, sa sredi\u0161tem u novoimenovanoj turisti\u010dkoj zoni Zlatnog jezera, najavljeni 2020. godine.<\/p>\n<p>Me\u0111utim, ispod blistave fasade, obnova grada nosila je ljudsku cenu. Ru\u0161enje zbog stambenih kula sa mermernim fasadama \u010desto je podrazumevalo uklanjanje porodi\u010dnih ku\u0107a \u2013 stambenih objekata obnovljenih nakon zemljotresa 1948. godine, ali nikada zvani\u010dno registrovanih \u2013 a u mnogim slu\u010dajevima stanari su se iseljavali bez nadoknade. Okruzi poput Ruhabata i biv\u0161ih da\u010da zajednica u Berzengiju i \u010coganliju nestali su pod buldo\u017eerima, ostavljaju\u0107i njihove stanovnike na cedilu.<\/p>\n<p>Geografski gledano, A\u0161habad zauzima klimu koja je istovremeno negostoljubiva i zapanjuju\u0107a. Leta su vru\u0107a: julska popodneva redovno dosti\u017eu prose\u010dnu temperaturu od 38,3 \u00b0C, a u retkim prilikama prelaze 47 \u00b0C. No\u0107i donose samo blago olak\u0161anje, sa minimalnim temperaturama oko 23,8 \u00b0C. Zime su kratke i hladne, \u017eiva povremeno pada malo ispod nule; istorijski zapisi bele\u017ee minimum od -24,1 \u00b0C 1969. godine. Padavine jedva da kvari neumoljivo sunce, retko prelaze\u0107i dvesta milimetara godi\u0161nje. Pa ipak, u aprilu 2022. godine grad je video preko trista milimetara padavina, razbijaju\u0107i mese\u010dne norme i podse\u0107aju\u0107i stanovnike na hirovitost ove ravnice okru\u017eene pustinjom.<\/p>\n<p>Arhitektura ostaje najistaknutiji obele\u017eje A\u0161habada. Nakon Nijazovljeve smrti 2006. godine, sklonost ka kupolama se povukla, osim u svetim prostorima, ustupaju\u0107i mesto modernisti\u010dkim motivima koji signaliziraju funkciju zgrade. Globus se nalazi na vrhu Ministarstva spoljnih poslova, a njegova unutra\u0161njost slu\u017ei kao konferencijska sala; stilizovani nov\u010di\u0107 kruni\u0161e Razvojnu banku; Ministarstvo zdravlja i medicinske industrije usvaja oblik kaduceja; stomatolo\u0161ka bolnica podse\u0107a na preveliki kutnjak; a terminal Me\u0111unarodnog aerodroma A\u0161habad u obliku sokola okrenut je ka nebu, a njegovo pro\u0161irenje od 2,3 milijarde dolara sposobno je da opslu\u017ei \u010detrnaest miliona putnika svake godine.<\/p>\n<p>Beli mermerni omota\u010d prote\u017ee se do televizijskog tornja, \u010dija je osmougaona zvezda Oguzkana \u2013 simbol drevnog turskog porekla \u2013 u\u0161la u Ginisovu knjigu rekorda kao najve\u0107a arhitektonska zvezda. Gra\u0111anski spomenici se \u0161ire: od sticanja nezavisnosti, statuama Lenjina i Pu\u0161kina pridru\u017eile su se po\u010dasti Magtimguliju Piragiju, Tarasu \u0160ev\u010denku, Alpu Arslanu i Mustafi Kemalu Ataturku. U parkovima kao \u0161to su Jilham i kompleks VDNH, herojske biste stoje na stra\u017ei nad \u0161etali\u0161tima oivi\u010denim drvoredom. Pozla\u0107ena lik Nijazova se nekada okretala na vrhu Luka neutralnosti, okre\u0107u\u0107i se prema suncu sve do njenog uklanjanja 2010. godine pod predsednikom Gurbangulijem Berdimuhamedovim.<\/p>\n<p>Nedavni dodaci svedo\u010de o kontinuiranom dr\u017eavnom pokroviteljstvu javne umetnosti. U maju 2015. godine, u blizini nacionalnog stadiona otkriven je monumentalni lik aktuelnog predsednika. Godine 2020, pojavili su se bronzani spomenici u znak se\u0107anja na rasu pasa turkmenskog alabaja, a na kru\u017enim trgovima otkriven je i spomenik biciklu. U maju 2024. godine, u podno\u017eju Kopetdaga podignuta je skulptura Mahtumgulija Piragija, pesnika i filozofa iz osamnaestog veka \u010diji stihovi pulsiraju kroz turkmensku svest. Slede\u0107eg oktobra, u parku La\u010din postavljena je statua kazahstanskog pesnika Abaja Kunanbajulija, \u010dime se isti\u010de transnacionalni kulturni dijalog grada. U okviru Kulturno-parkovnog kompleksa Mahtumguli Piragija, dvadeset \u010detiri mermerne figure odaju po\u010dast velikanima od Dantea i Getea do Tagora i Langstona Hjuza, a svaka je snimljena sa namerom da evocira jedinstveni duh njihovog dela.<\/p>\n<p>Ipak, ispod veli\u010dine krije se se\u0107anje. Memorijalni kompleks Bekreve odaje po\u010dast onima koji su poginuli u bici kod Geok Tepea i Drugom svetskom ratu, sa bronzanim bikom koji nosi globus \u2013 aluzija na zemljotres iz 1948. godine \u2013 i turkmenskim ratnicima koji okru\u017euju udovicu u \u017ealosti. Dr\u017eavni memorijalni kompleks Halk Hakjdasi, otvoren 2014. godine, obele\u017eava \u017ertve sukoba krajem devetnaestog veka, Drugog svetskog rata i \u017ertve zemljotresa, a njegovi zidovi su ukra\u0161eni bareljefnim scenama iz turkmenske istorije.<\/p>\n<p>Verska arhitektura prati jo\u0161 jedan sloj pro\u0161losti A\u0161habata. Godine 1908. grad je postao dom prvog Bahai hrama na svetu, okru\u017eenog formalnim vrtovima i dopunjenog \u0161kolom, bolnicom, pansionom i sme\u0161tajem za ba\u0161tovane. Pod sovjetskom sekularizacijom, imanje je napu\u0161teno 1928. godine, prenamenjeno u umetni\u010dku galeriju dok ga zemljotres nije nepopravljivo o\u0161tetio; sru\u0161eno je 1963. godine. Danas, verski pejza\u017e obuhvata d\u017eamije kao \u0161to su d\u017eamija Turkmenba\u0161i Ruhi, zgrada Ertogrul Gazi, finansirana od strane Turske, po uzoru na istanbulsku d\u017eamiju Sultana Ahmeda, i manja lokalna svetili\u0161ta. Crkve tako\u0111e opstaju: pet hri\u0161\u0107anskih bogomolja, uklju\u010duju\u0107i \u010detiri ruske pravoslavne parohije - Svetog Aleksandra Nevskog, Svetog Nikole \u010cudotvorca, Hrista Vaskrsenja i Svetih \u0106irila i Metodija - i rimokatoli\u010dka kapela u okviru papske nuncijature, odr\u017eavaju skromno hri\u0161\u0107ansko prisustvo usred zvani\u010dne kontrole verskih manjina.<\/p>\n<p>Kulturni \u017eivot se odvija u muzejima i pozori\u0161tima ra\u0161trkanim po mermernim trgovima. Dr\u017eavni muzej Dr\u017eavnog kulturnog centra Turkmenistana, koji se prostire na preko sto \u0161ezdeset hiljada kvadratnih metara, predstavlja kolekcije od partskih starina do modernog tkanja tepiha, dok Predsedni\u010dki muzej dokumentuje doma\u0107u i spoljnu politiku republike. Muzej etnografije i lokalne istorije ispituje turkmensku floru i folklor, a privatne inicijative poput ART-bazara, otvorenog 2024. godine, prikazuju savremene zanate. Mesta izvo\u0111a\u010dkih umetnosti \u2013 od Nacionalnog muzi\u010dko-dramskog pozori\u0161ta Mahtumguli do Turkmenskog dr\u017eavnog cirkusa \u2013 nude programe opere, drame i lutkarstva. Bioskopi, uklju\u010duju\u0107i pionirski trodimenzionalni A\u0161habadski bioskop, nalaze se pored \u0161est drugih ekrana, od kojih su neki sme\u0161teni u novim tr\u017enim kompleksima. Dr\u017eavna biblioteka, osnovana 1892. godine i dobila nacionalni status 1992. godine, poseduje preko \u0161est miliona knjiga; Dr\u017eavna de\u010dja biblioteka, sa \u010detvrt miliona predmeta, neguje mlade \u010ditaoce.<\/p>\n<p>Park nudi predah od mermera i saobra\u0107aja. Botani\u010dka ba\u0161ta, osnovana 1929. godine i najstarija te vrste u Centralnoj Aziji, prostire se na osamnaest hektara i sme\u0161ta vi\u0161e od petsto biljnih vrsta. Prvi park \u2013 A\u0161habadski park \u2013 datira iz 1887. godine i ostaje mesto za porodi\u010dne izlete, dok druge zelene povr\u0161ine poput Gune\u0161, Parka turkmensko-turskog prijateljstva i Parka nezavisnosti odra\u017eavaju diplomatske veze. Ve\u0161ta\u010dko \u0161etali\u0161te pored jezera na Zlatnom jezeru obe\u0107ava razonodu i vodene sportove. Takozvani zabavni park \u201eSvet Turkmenba\u0161ijevih pri\u010da\u201c, sa vo\u017enjama napravljenim u dr\u017eavnom stilu, pru\u017ea lokalnu varijantu me\u0111unarodne zabave.<\/p>\n<p>Ispod ovih slojeva infrastrukture, A\u0161habad odr\u017eava skupu realnost za strance. Ankete iz 2019. i 2020. godine rangirale su ga kao najskuplji grad na svetu za iseljenike i drugi najskuplji ukupno, \u0161to je posledicu jake inflacije i visokih uvoznih taksi. Prevoz u gradu kombinuje autobuse - preko sedamsto vozila koja opslu\u017euju mre\u017eu koja prelazi dve hiljade kilometara ruta - sa taksijima koji se razlikuju po malim zelenim natpisima na krovovima. Mono\u0161ilna petlja u Olimpijskom selu, otvorena 2016. godine, prva je u Centralnoj Aziji, dok \u017ei\u010dare povezuju gradske saobra\u0107ajnice sa podno\u017ejem Kopetdaga. Van gradskih granica, \u0161est stotina kilometara autoputa povezuje A\u0161habad sa Ted\u017eenom, Marijem i Turkmenabatom, i dalje sa susednim dr\u017eavama, dok obnovljena \u017eelezni\u010dka stanica je sidro za me\u0111ugradske rute na Transkaspijskoj i Transkarakumskoj pruzi.<\/p>\n<p>Naziv A\u0161habada se menjao sa svakom epohom: nekada \u201eGrad ljubavi\u201c, sada se obi\u010dno naziva \u201eGrad belog mermera\u201c. Ovde je vizija jednog \u010doveka \u2013 prvo kolonijalnih upravnika, zatim sovjetske republike, i kona\u010dno nezavisne nacije \u2013 oblikovala svaki trg i fasadu. Posetioci koji dolaze na terminale oblo\u017eene mermerom mogu se ose\u0107ati kao da su zakora\u010dili u drugi svet, onaj gde preovla\u0111uju simetrija i razmera, i gde svaki stub, kupola i spomenik pregovaraju izme\u0111u te\u017eine istorije i ti\u0161ine pustinje. U toj napetosti le\u017ei su\u0161tina A\u0161habada: istovremeno krhka i nepokolebljiva, prestonica isklesana od peska i ube\u0111enja, uvek balansirana izme\u0111u treperenja zemlje i sjaja ambicije.<\/p>","protected":false},"excerpt":{"rendered":"<p>A\u0161habad, glavni i najnaseljeniji grad Turkmenistana, predstavlja primer prepoznatljivog spajanja istorije i modernosti nacije. Sa 1.030.063 stanovnika prema popisu iz 2022. godine, ovaj centralnoazijski grad se nalazi izme\u0111u pustinje Karakum i planinskog lanca Kopetdag, oko 50 kilometara od granice izme\u0111u Irana i Turkmenistana. Kao politi\u010dki, komercijalni i kulturni centar, A\u0161habat slu\u017ei kao srce Turkmenistana.<\/p>","protected":false},"author":1,"featured_media":3617,"parent":15457,"menu_order":0,"comment_status":"closed","ping_status":"closed","template":"elementor_theme","meta":{"_eb_attr":"","footnotes":""},"class_list":["post-15466","page","type-page","status-publish","has-post-thumbnail"],"_links":{"self":[{"href":"https:\/\/travelshelper.com\/sr\/wp-json\/wp\/v2\/pages\/15466","targetHints":{"allow":["GET"]}}],"collection":[{"href":"https:\/\/travelshelper.com\/sr\/wp-json\/wp\/v2\/pages"}],"about":[{"href":"https:\/\/travelshelper.com\/sr\/wp-json\/wp\/v2\/types\/page"}],"author":[{"embeddable":true,"href":"https:\/\/travelshelper.com\/sr\/wp-json\/wp\/v2\/users\/1"}],"replies":[{"embeddable":true,"href":"https:\/\/travelshelper.com\/sr\/wp-json\/wp\/v2\/comments?post=15466"}],"version-history":[{"count":0,"href":"https:\/\/travelshelper.com\/sr\/wp-json\/wp\/v2\/pages\/15466\/revisions"}],"up":[{"embeddable":true,"href":"https:\/\/travelshelper.com\/sr\/wp-json\/wp\/v2\/pages\/15457"}],"wp:featuredmedia":[{"embeddable":true,"href":"https:\/\/travelshelper.com\/sr\/wp-json\/wp\/v2\/media\/3617"}],"wp:attachment":[{"href":"https:\/\/travelshelper.com\/sr\/wp-json\/wp\/v2\/media?parent=15466"}],"curies":[{"name":"wp","href":"https:\/\/api.w.org\/{rel}","templated":true}]}}