{"id":15457,"date":"2024-09-21T12:44:01","date_gmt":"2024-09-21T12:44:01","guid":{"rendered":"https:\/\/travelshelper.com\/staging\/?page_id=15457"},"modified":"2026-03-11T21:44:48","modified_gmt":"2026-03-11T21:44:48","slug":"turkmenistan","status":"publish","type":"page","link":"https:\/\/travelshelper.com\/sr\/destinations\/asia\/turkmenistan\/","title":{"rendered":"Turkmenistan"},"content":{"rendered":"<p>Sme\u0161ten izme\u0111u talasastih voda Kaspijskog jezera i o\u0161trih grebena planinskog venca Kopet Dag i Kojtendag le\u017ei Turkmenistan, zemlja tihih pustinja i drevnih oaza, blistavih mermernih kapitela i raspadaju\u0107ih karavanskih utvr\u0111enja. Malo je zemalja u Centralnoj Aziji koje inspiri\u0161u toliko intrige kao ova republika od oko sedam miliona du\u0161a, gde ogromna pustinja Karakum dominira sa vi\u0161e od \u010detiri petine pejza\u017ea, i gde moderna dr\u017eava te\u017ei da pomiri svoje sovjetsko nasle\u0111e, autoritarnu upravu i ambicioznu modernizaciju zasnovanu na gasu sa trajnom \u0161tednjom pustinje.<\/p>\n<p>Od svojih najranijih dana kao va\u017enog kanala du\u017e arterija Puta svile do sada\u0161njeg statusa jednog od najve\u0107ih skladi\u0161ta prirodnog gasa na planeti, Turkmenistan je bio svedok uspona i padova carstava, gradova koji su se \u0161irili trgovinom, a zatim propadali, i vladara \u010diji su hirovi oblikovali i urbane siluete i svakodnevni \u017eivot gra\u0111ana.<\/p>\n<p>Prostiru\u0107i se na oko 488.100 kvadratnih kilometara \u2013 ne\u0161to manji od \u0160panije \u2013 Turkmenistan se nalazi na raskrsnici tektonskih plo\u010da i klimatskih ekstrema. Na severu, ravna prostranstva Turanske depresije ustupaju mesto Ustjurtskoj visoravni; na jugu, Kopet Dag se uzdi\u017ee ka nebu u grani\u010dnom zidu koji deli sa Iranom, gde se vrhovi poput Kuh-e Rizeh uzdi\u017eu do skoro 2.912 metara. Prema istoku, alpski visoravani Kojtendag i Paropamiz kulminiraju kod Ajribabe (3.137 m), najvi\u0161e ta\u010dke zemlje. Velike reke \u2013 Amu Darja, Murgab, Ted\u017een i Atrek \u2013 pro\u017eimaju oaze kroz ovu surovu topografiju, ali njihove vode retko probijaju \u017ee\u0111 pustinje.<\/p>\n<p>Padavine su oskudne. Godi\u0161nja koli\u010dina padavina \u010desto padne ispod 12 milimetara u srcu Karakuma; bledi pesak pustinje prote\u017ee se pod vi\u0161e od 235 vedrih dana svake godine, pe\u010de\u0107i se pod letnjim termalnim vru\u0107inama koje mogu da pre\u0111u 50 \u00b0C. Zime su kratke i suve, osim pljuskova od januara do maja koji klize nizvodno sa atlantske vlage, blede\u0107i naspram ju\u017enih planina koje blokiraju toplinu Indijskog okeana. Ova nemilosrdna klima oblikovala je i floru - sedam razli\u010ditih ekoregiona, od priobalnih \u0161uma du\u017e Amua do polupustinjskog \u017ebunja koje isti\u010de Kopet Dag - i ljudski duh koji ovde opstaje.<\/p>\n<p>Mnogo pre modernih granica, gradovi-oaze Turkmenistana podr\u017eavali su karavansku trgovinu izme\u0111u Istoka i Zapada. Merv, sme\u0161ten na reci Murgab, nekada je bio jedna od najve\u0107ih metropola na svetu, a njegovi zidovi su pru\u017eali skloni\u0161te nau\u010dnicima i trgovcima u islamskom zlatnom dobu. Na zapadu se nalaze Nisa i Gonur Depe, ostaci partskih palata i naselja iz bronzanog doba. Ju\u017eno od A\u0161habada, ogra\u0111ene ru\u0161evine Anaua i D\u017dejtuna podse\u0107aju na mezolitske pionire koji su prvi koristili podzemne vodonosne slojeve. Kako su mongolske horde, persijski satrapi i arapski osvaja\u010di prolazili, naslagali su kulture jedna na drugu, stvaraju\u0107i pluralno nasle\u0111e regiona.<\/p>\n<p>Godine 1881, Rusko carstvo je anektiralo turkmenske zemlje. Do 1925. godine, sovjetski planeri su osnovali Turkmensku SSR, povezuju\u0107i proizvodnju pamuka i gasa sa ekonomskim \u0161emama Moskve. Razorni zemljotres 1948. godine sravnio je A\u0161habad sa zemljom, koji je kasnije obnovljen od staljinisti\u010dkog betona. Raspadom Sovjetskog Saveza 1991. godine, Turkmenistan je proglasio nezavisnost, ali je dr\u017eava koja je nastala vi\u0161e li\u010dila na li\u010dno feudsko imanje nego na liberalnu demokratiju.<\/p>\n<p>Saparmurat Nijazov, samozvani \u201eTurkmenba\u0161i\u201c, predsedavao je od sticanja nezavisnosti do 2006. godine. NJegovi ekscentri\u010dni dekreti \u2013 zabrana crnih automobila kao zloslutnih, propisivanje obaveznog li\u010dnog \u010ditanja sopstvenih meditativnih tekstova u \u0161kolama, \u010dak i zabrana pasa u glavnom gradu \u2013 sprovo\u0111eni su putem bezbednosnog aparata koji nije tolerisao neslaganje. NJegov naslednik, Gurbanguli Berdimuhamedov, zadr\u017eao je \u010dvrstu kontrolu, pro\u0161iriv\u0161i naslednu vlast 2022. godine na svog sina Serdara, nakon izbora koje su me\u0111unarodni posmatra\u010di osudili kao ni slobodne ni po\u0161tene. Novinarski i verski praktikanti i dalje su predmet nadzora, a prava manjina dobijaju oskudnu za\u0161titu. Turkmenistan se konstantno nalazi me\u0111u najsurovijim re\u017eimima u globalnim indeksima \u0161tampe i ljudskih prava.<\/p>\n<p>Ispod pustinjskog peska le\u017ee \u010detvrte najve\u0107e rezerve gasa na svetu; teoretski, ova zadu\u017ebina bi mogla da promeni sudbinu zemlje. Od 1993. do 2019. godine, stanovnici su u\u017eivali u struji, vodi i gasu koje je subvencionisala dr\u017eava. Posle 2019. godine, subvencije su ukinute, a manat, zvani\u010dno vezan za ameri\u010dki dolar po kursu od 3,5, pao je na blizu 19 ili 20 na crnom tr\u017ei\u0161tu \u2013 \u0161to je o\u0161tar pokazatelj ekonomskih problema. Pamuk ostaje drugi stub izvoza, iako su pad svetskih cena i spoljni dugovi doveli do hroni\u010dnog trgovinskog deficita od 2015. godine.<\/p>\n<p>Napori za diverzifikaciju uklju\u010duju turisti\u010dke poduhvate kao \u0161to je Avaza, kaspijsko \u201eodmarali\u0161te\u201c hotela i \u0161etali\u0161ta modeliranih po uzoru na razvoj zemalja Zaliva, iako bez stranih investicija. Godine 2022, vlada je naredila da se plamen kratera gasa Darvaza \u2013 nazvanog \u201eKapija pakla\u201c \u2013 ugasi, daju\u0107i prioritet izvozu gasa u odnosu na privla\u010dnost koja je privla\u010dila smele putnike u tu vatrenu jamu.<\/p>\n<p>A\u0161habad, prostrani glavni grad, blista belim mermernim fasadama, prostranim jarbolom za zastave i visokim Turkmenistanskim tornjem, sve sme\u0161teno uz ju\u017eno podno\u017eje. Iza njegove blistave oaze nalaze se pokrajinski centri: Turkmenba\u0161ijevi naftni terminali na obali Kaspijskog mora; blage dine Marije koje \u010duvaju ru\u0161evine Puta svile; Da\u0161oguzova neoklasi\u010dna pozori\u0161ta i uzbekistanski bazari; i Turkmenabatske priobalne ulice.<\/p>\n<p>Moderni autoputevi prate rute koje je zacrtao Sovjetski Savez: veza M37 zapad-istok prote\u017ee se od Turkmenba\u0161ija preko A\u0161habada, Marija i Turkmenabata, dok autoput sever-jug povezuje A\u0161habad sa Da\u0161oguzom. Putevi sa naplatom putarine i novi mostovi ni\u010du pod upravom dr\u017eavnih gra\u0111evinskih firmi, iako su projekti zastali zbog nepla\u0107anja stranim izvo\u0111a\u010dima radova. \u017delezni\u010dke pruge \u2013 ostaci Transkaspijske \u017eeleznice \u2013 slu\u017ee doma\u0107em prevozu putnika i rasutog tereta; planirani avganistanski krak do Herata nagove\u0161tava eventualno regionalno povezivanje.<\/p>\n<p>Centri vazdu\u0161nog saobra\u0107aja su me\u0111unarodni aerodromi u A\u0161habadu, sa doma\u0107im pistama u svakoj prestonici pokrajine. Turkmenistan erlajns, jedini prevoznik, obavlja skromne letove do Moskve, Dubaija, Istanbula i dalje, kao i do pokrajinskih aerodroma koji su sada modernizovani za potrebe tereta i karantina. Na moru, pro\u0161irena luka Turkmenba\u0161i prima trajekte za Baku, teret za Aktau i tankere za naftu koji idu ka svetskim tr\u017ei\u0161tima.<\/p>\n<p>Zvani\u010dno dom Turkmena (oko 85 odsto) zajedno sa Uzbecima, Rusima, Kazahanima i desetinama drugih manjina, skrivena raznolikost Turkmenistana retko je u potpunosti otkrivena; podaci popisa od 1995. godine ostaju neprozirni. Turkmenski, turkmenski jezik srodan turskom i azerbejd\u017eanskom, je dr\u017eavni jezik, dok je ruski \u2013 nekada dominantan \u2013 nestao od postsovjetskog prelaska na latini\u010dno pismo i ukidanja njegovog me\u0111uetni\u010dkog statusa 1996. godine.<\/p>\n<p>Skoro 93 odsto gra\u0111ana se identifikuje kao muslimani, prete\u017eno suniti, iako je po\u0161tovanje Kurana \u010desto sekularno, a dr\u017eavno sankcionisano u\u010denje iz Kurana odvija se pod strogim nadzorom. Isto\u010dno pravoslavlje opstaje me\u0111u slovenskim zajednicama. Verski preporod od 1990. godine pa\u017eljivo je vo\u0111en od strane dr\u017eave, a samo nekoliko teolo\u0161kih fakulteta radi pod pokroviteljstvom univerziteta.<\/p>\n<p>Turkmenski arhitekti se suo\u010davaju sa izazovom integracije savremenog dizajna sa istorijskim okru\u017eenjima. Monumentalni projekti u A\u0161habadu, od Kulturnog centra Alem do palatastih vladinih kompleksa, oslanjaju se na bele mermerne obloge, kolosalne stubove i neoklasi\u010dnu simetriju. Pa ipak, izvan prestonice, drevne tvr\u0111ave i mauzoleji - Ahmed Sand\u017ear u Mervu, mauzolej Parau-Ate - svedo\u010de o srednjovekovnom zanatstvu, zamr\u0161enom zidarstvu od cigle i sve\u010danoj geometriji islamske pogrebne umetnosti.<\/p>\n<p>Za ulazak je potrebna viza i, za ve\u0107inu dr\u017eavljana, podr\u0161ka licencirane agencije. Samostalno putovanje je zabranjeno; svaki stranac se kre\u0107e unutar ograni\u010denja vo\u0111ene ture. Cene sme\u0161taja odra\u017eavaju status Turkmenistana kao najskupljeg mesta u Centralnoj Aziji: osnovne dvokrevetne sobe ko\u0161taju oko 30 ameri\u010dkih dolara po no\u0107enju, sobe srednje klase ko\u0161taju 60 ameri\u010dkih dolara, a restorani u A\u0161habadu napla\u0107uju oko 20 ameri\u010dkih dolara po obroku. Dnevna \u201eturisti\u010dka taksa\u201c od 2 ameri\u010dka dolara dodaje se hotelskim ra\u010dunima od 2017. godine.<\/p>\n<p>Lokalna valuta, manat (TMT), deli se na 100 tenge. Kovanice \u2013 apoeni od 1, 2, 5, 10, 20 i 50 tenge, kao i 1 i 2 manata \u2013 cirkuli\u0161u pored ameri\u010dkih dolara, koji se prihvataju u me\u0111unarodnim hotelima i na aerodromima. Kreditne kartice se retko koriste van ve\u0107ih hotela i banaka, a bankomati su ograni\u010deni na nekoliko lokacija u A\u0161habadu. Turisti se upozoravaju da menjaju samo neophodne iznose manata, jer je konverzija u inostranstvo nemogu\u0107a.<\/p>\n<p>Turkmensko dru\u0161tvo ceni ljubaznost i o\u010duvanje dostojanstva. Gosti izuju cipele pri ulasku u domove i donose skromne poklone doma\u0107inima. Hleb \u2013 \u010desto ceremonijalno ponu\u0111en \u2013 mo\u017ee se prihvatiti obema rukama; odbijanje mo\u017ee izazvati duboku uvredu. Sujeverja opstaju: ka\u017ee se da zvi\u017edanje u zatvorenom prostoru priziva nesre\u0107u; odre\u0111eni dani zabranjuju se\u010denje ili \u010di\u0161\u0107enje noktiju po tradiciji.<\/p>\n<p>Otvorena kritika rukovodstva ili politike je opasna. Ime Berdimuhamedov izaziva po\u0161tovanje i u javnom diskursu i na zvani\u010dnim slikama. Fotografisanje strate\u0161kih mesta - vladinih zgrada, vojnih objekata, grani\u010dnih prelaza - je zabranjeno, a policija strogo sprovodi ove zabrane. Sama policija ima reputaciju uznemiravanja i gra\u0111ana i stranaca; podmi\u0107ivanje je uobi\u010dajeno, a svaka konfrontacija se najbolje re\u0161ava poslu\u0161no\u0161\u0107u i smireno\u0161\u0107u.<\/p>\n<p>Putovanje drumom nosi svoje opasnosti. Voza\u010di \u010desto zanemaruju saobra\u0107ajne propise; taksijima nedostaju sigurnosni ure\u0111aji, a neobele\u017eeni kontrolni punktovi su razbacani po autoputevima. Turisti bi trebalo da anga\u017euju privatna vozila kod licenciranih agencija umesto da pozivaju lokalne taksije.<\/p>\n<p>Iza mermernih avenija prestonice, blaga Turkmenistana le\u017ee u tihim ru\u0161evinama i prirodnim neobi\u010dnostima. Drevni Merv se prostire u koncentri\u010dnim zidovima \u2013 Erk Kala, Sultan Kala \u2013 svaka epoha urezana u raspadaju\u0107u ciglu od blata. Tirkizni mauzoleji Konje-Urgen\u010da uzdi\u017eu se usred pe\u0161\u010danih pusto\u0161i, dok Nisini partski stubovi gledaju preko Karakuma. Podzemne, sumporom bogate vode Kov-Ate pozivaju umorne putnike na tople kupke ispod niskih pe\u0107inskih svodova. Rezervati prirode \u2013 pustinjski pesak Repeteka, padine Kepet Daga oblikovane klekom i slane ravnice kaspijske obale \u2013 zahtevaju dozvole mnogo unapred. A duboko u pustinji, treperava jama kratera Darvaza nudi prizor istovremeno prete\u0107i i fascinantan.<\/p>\n<p>Turkmenistan se opire povr\u0161nim karakterizacijama. NJegova vlada dr\u017ei mo\u0107 gvozdenom pesnicom, njegov narod se svakodnevno nosi sa ograni\u010denjima pod dr\u017eavno nametnutom \u0161tednjom i propagandom, a ipak, iza savr\u0161enih ulica prestonice le\u017ee vekovi ljudskog napora uklesani u kamen i zemlju. Posetioci koji gaze ovim peskom trebalo bi da to \u010dine sa po\u0161tovanjem, ponizno\u0161\u0107u i sve\u0161\u0107u o tankoj liniji koja razdvaja istorijsko \u010dudo od savremene kontrole. U ovim su\u0161nim prostranstvima \u2013 gde vetar no\u0107u menja lice pustinje, a pre\u017eiveli se okupljaju oko bunara \u2013 Turkmenistan otkriva svoj paradoks: zemlju izolacije i otvorenosti, ti\u0161ine isprekidane odjecima istorije i lepote ro\u0111ene iz neumoljive strogosti.<\/p>","protected":false},"excerpt":{"rendered":"<p>Sme\u0161ten u centralnoj Aziji, Turkmenistan je nacija koju karakteri\u0161u kontrasti i slo\u017eenosti. Iako se rangira kao 35. najnaseljenija zemlja u Aziji sa populacijom od vi\u0161e od 7 miliona, ironi\u010dno je me\u0111u najre\u0111e naseljenim zemljama na kontinentu. Ovaj fascinantni paradoks priprema teren za naciju \u010dija se bogata pro\u0161lost prepli\u0107e sa modernim pitanjima i te\u017enjama, dugom raskr\u0161\u0107u carstava i kultura.<\/p>","protected":false},"author":1,"featured_media":4331,"parent":24063,"menu_order":0,"comment_status":"closed","ping_status":"closed","template":"elementor_theme","meta":{"_eb_attr":"","footnotes":""},"class_list":["post-15457","page","type-page","status-publish","has-post-thumbnail"],"_links":{"self":[{"href":"https:\/\/travelshelper.com\/sr\/wp-json\/wp\/v2\/pages\/15457","targetHints":{"allow":["GET"]}}],"collection":[{"href":"https:\/\/travelshelper.com\/sr\/wp-json\/wp\/v2\/pages"}],"about":[{"href":"https:\/\/travelshelper.com\/sr\/wp-json\/wp\/v2\/types\/page"}],"author":[{"embeddable":true,"href":"https:\/\/travelshelper.com\/sr\/wp-json\/wp\/v2\/users\/1"}],"replies":[{"embeddable":true,"href":"https:\/\/travelshelper.com\/sr\/wp-json\/wp\/v2\/comments?post=15457"}],"version-history":[{"count":0,"href":"https:\/\/travelshelper.com\/sr\/wp-json\/wp\/v2\/pages\/15457\/revisions"}],"up":[{"embeddable":true,"href":"https:\/\/travelshelper.com\/sr\/wp-json\/wp\/v2\/pages\/24063"}],"wp:featuredmedia":[{"embeddable":true,"href":"https:\/\/travelshelper.com\/sr\/wp-json\/wp\/v2\/media\/4331"}],"wp:attachment":[{"href":"https:\/\/travelshelper.com\/sr\/wp-json\/wp\/v2\/media?parent=15457"}],"curies":[{"name":"wp","href":"https:\/\/api.w.org\/{rel}","templated":true}]}}