{"id":15420,"date":"2024-09-20T23:51:22","date_gmt":"2024-09-20T23:51:22","guid":{"rendered":"https:\/\/travelshelper.com\/staging\/?page_id=15420"},"modified":"2026-03-11T18:34:32","modified_gmt":"2026-03-11T18:34:32","slug":"ulan-bator","status":"publish","type":"page","link":"https:\/\/travelshelper.com\/sr\/destinations\/asia\/mongolia\/ulaanbaatar\/","title":{"rendered":"Ulan Bator"},"content":{"rendered":"<p>Ulan Bator se nalazi na podru\u010dju gde se vazduh velike nadmorske visine susre\u0107e sa prostranstvom mongolske stepe. Na otprilike 1.350 metara nadmorske visine, nalazi se u re\u010dnoj dolini koju je izrezao Tuul, pritoka Selenga. Okru\u017een sa \u010detiri stra\u017earska vrha - Songino Hairkhan na zapadu, \u010cingeltej i Bajanzurh na severu i \u0161umovitom planinom Bogd Han na jugu - grad trpi sibirski anticiklon koji donosi njegove poznate o\u0161tre zime i kratka, topla leta. Uprkos mu\u010dnim jutarnjim temperaturama od minus 40 \u00b0C, prose\u010dna godi\u0161nja temperatura Ulan Batora od 0,2 \u00b0C \u010dini ga najhladnijom nacionalnom prestonicom na svetu po godi\u0161njem proseku, \u0161to je vrednost koju samo u ekstremnim predelima deli Nuuk na Grenlandu. NJegova klimatska klasifikacija se prote\u017ee na granici hladnih polusu\u0161nih (BSk) i subarkti\u010dkih (Dwc) tipova, a o\u0161tre promene izme\u0111u vrelih julskih temperatura od 39 \u00b0C i arkti\u010dke ti\u0161ine u januaru oblikuju i njegovu arhitekturu i na\u010din \u017eivota.<\/p>\n\n\n\n<p>Moderni Ulan Bator vu\u010de korene iz 1639. godine, kada je Zanabazar, prvi duhovni vo\u0111a mongolskog budizma, osnovao pokretnu mona\u0161ku enklavu poznatu kao Orgoo. Nomadski po nu\u017enosti, ovaj verski centar se selio dvadeset devet puta tokom skoro 140 godina, vezan za ritmove mongolskog pastoralnog dru\u0161tva. Tek 1778. godine Orgoo je kona\u010dno napustio mobilnost, usidriv\u0161i se blizu reke Tul du\u017e karavanskog puta izme\u0111u Kjahte na rusko-kineskoj granici i Pekinga. Padom dinastije \u0106ing 1911. godine, grad je prevazi\u0161ao svoje crkveno poreklo i pretvorio se u \u017eari\u0161te nezavisnosti. Postao je prestonica kratkotrajnog Bogdskog kanata pod osmim D\u017debcundamba Hutuktuom i, nakon komunisti\u010dke revolucije 1921. godine, preimenovan je u Ulan Bator - Crveni heroj - 1924. godine sa ro\u0111enjem Mongolske Narodne Republike.<\/p>\n\n\n\n<p>Planiranje iz sovjetskog doba transformisalo je lice Ulan Batora pedesetih godina 20. veka. Drvene zgrade su ustupile mesto jednoobraznim stambenim blokovima, bulevari su se pro\u0161irili, a javni trgovi su dobili novi sjaj. Trg Suhbatar, u srcu grada, prikazuje svoje heroje: Damdina Suhbatara kako ja\u0161e na svom konju i \u010cingis-kana koji gleda ka severu, okru\u017een Vladinom palatom i zavojem Avenije mira. Ipak, ostaci pro\u0161losti opstaju - manastir Gandanteg\u010dinlen, Zimska palata boga Kana i hram \u010cojd\u017ein Lame podse\u0107aju na manastirski grad koji je nekada pratio rute hodo\u010dasnika, a sada su utisnute u putnu mre\u017eu. Od kada su demokratski protesti 1990. godine sru\u0161ili jednopartijsku vlast, Ulan Bator je do\u010dekao migrante u nevi\u0111enom broju, udvostru\u010div\u0161i svoje stanovni\u0161tvo sa manje od milion u 2007. na pribli\u017eno 1,6 miliona do kraja 2022. godine.<\/p>\n\n\n\n<p>Taj brzi rast je nadma\u0161io infrastrukturu, ostavljaju\u0107i dve tre\u0107ine stanovnika u gerskim okruzima na severnoj periferiji. Zbog nedostatka pouzdane vode, kanalizacije i asfaltiranih puteva, ova naselja se oslanjaju na samoizgra\u0111ene gerove i pe\u0107i na ugalj. Zimi grad gu\u0161e u zagu\u0161ljivoj izmaglici, dok Ulan Bator zauzima jedno od mesta sa najgorim kvalitetom vazduha na planeti. Stope de\u010dje upale plu\u0107a rastu, a teret javnog zdravlja postaje opipljiv u svakom laboratorijskom merenju \u010destica. U me\u0111uvremenu, unutar unutra\u0161njeg jezgra, gra\u0111evinski bum raketira nove solitere ka nebu - neke licencirane, druge podignute u pravnom neizvesnosti - svedo\u010danstvo o ekonomiji koja je i prosperitetna i neregulisana.<\/p>\n\n\n\n<p>Kao politi\u010dki i finansijski centar Mongolije, Ulan Bator je doma\u0107in skoro polovine stanovni\u0161tva zemlje unutar svojih op\u0161tinskih granica. Upravlja se odvojeno od okolne provincije Tov \u2014 \u010diji se glavni grad, Zunmod, nalazi 43 kilometra ju\u017eno \u2014 grad koncentri\u0161e kulturne institucije zemlje, korporativna sedi\u0161ta i saobra\u0107ajne arterije. MCS Group, Tavan Bogd i Mobicom su me\u0111u lokalnim konglomeratima ukorenjenim ovde, zajedno sa stranim rudarskim poduhvatima koji eksploati\u0161u obli\u017enja nalazi\u0161ta zlata u Boruu i \u0161ire. Uslu\u017ene industrije \u010dine oko 43 procenta BDP-a grada, dok rudarstvo doprinosi dodatnih 25 procenata. Pa ipak, opasnost od nestabilnosti cena robe, kao \u0161to se videlo tokom recesije 2008. godine, podsti\u010de inicijative za diverzifikaciju, ra\u0111aju\u0107i startapove u tehnologiji, finansijama i turizmu.<\/p>\n\n\n\n<p>Unutar ove urbane tapiserije cvetaju umetni\u010dki oblici i drevni i moderni. Manastiri \u010duvaju blaga: pozla\u0107ena statua Avalokite\u0161vare u manastiru Gandan, visoka 26,5 metara, i galerije pune kurioziteta hrama \u010cojd\u017ein Lame pre\u017eivele su \u010distke koje su sravnile sa zemljom toliko verskih lokaliteta. Muzej likovnih umetnosti Zanabazar \u010duva remek-dela najslavnijeg mongolskog umetnika-svetca, dok Nacionalni muzej prati ljudske tragove od praistorijskih vremena kroz Mongolsko carstvo. Operska ku\u0107a Ulan Batora izvodi balet i simfoniju u partnerstvu sa institucijama kao \u0161to su bostonski ansambli izvo\u0111a\u010dkih umetnosti. Folklorni ansambli - Tumen Ekh, ansambl Morin Hur i Dr\u017eavni veliki nacionalni orkestar - turneju po svetu, nose\u0107i zvuk dugih pesama, violina sa konjskom glavom i Cam maskama na udaljene scene.<\/p>\n\n\n\n<p>Parkovi i za\u0161ti\u0107ena podru\u010dja formiraju luk oko grada. Za\u0161ti\u0107ena zona Bogd Kan Ul, relikt za\u0161tite iz dvanaestog veka, povr\u0161ine 67.300 hektara, \u0161titi ari\u0161 i bor na svojim stranama i podse\u0107a na ru\u0161evine manastira Mand\u017eu\u0161ri iz dvanaestog veka. Nacionalni park Gorki-Terelj, 70 kilometara isto\u010dno, poziva izletnike na svoje planinarske staze i 40-metarsku konji\u010dku statuu D\u017dingis-kana, sku\u010denu u podno\u017eju tezgama sa suvenirima. Unutar gradskih granica, Nacionalni vrtni park - 55 hektara zasa\u0111enih sa preko 100.000 stabala - ima za cilj da podu\u010di gra\u0111ane o za\u0161titi \u017eivotne sredine, dok manji gajevi obele\u017eavaju li\u010dnosti iz pro\u0161losti ili neguju prijateljstvo izme\u0111u Koreje i Mongolije.<\/p>\n\n\n\n<p>Uli\u010dna tkanina Ulan Batora prepli\u0107e staro i novo. Avenija mira, nekada \u010coloo u Orgou, prote\u017ee se isto\u010dno-zapadno preko centralnog trga, a njeni trotoari su oblo\u017eeni Dr\u017eavnom robnom ku\u0107om i kafi\u0107ima koji nude pareni buuz i slatki\u0161e. Obilaznica Ikh Toiruu prati molitvene staze hodo\u010dasnika oko nestalih hramova, ukr\u0161taju\u0107i se sa Narni Zamom, Putem Sunca, zahvaljuju\u0107i japanskoj pomo\u0107i. Severni ger distrikti se uzdi\u017eu odmah iza, njihova mre\u017ea zemljanih ulica isprekidana je neformalnim pijacama. Na jugu, bogata naselja se prote\u017eu prema Tuulu, gde se letnje da\u010de \u2014 zuslan, koje podse\u0107aju na ruske da\u010de \u2014 nalaze me\u0111u jasikom i vrbom, gde se vikendom odr\u017eavaju ro\u0161tilji, a povremeno se na kraju dana pasu pastirski konji.<\/p>\n\n\n\n<p>Javni prevoz odr\u017eava grad sa vi\u0161e od 660.000 registrovanih vozila. Autobusi dominiraju: 950 vozila iz devetnaest kompanija prelaze 105 ruta, prevoze\u0107i skoro pola miliona putnika svakog dana. Sistem pametnih kartica \u201eU Money\u201c zamenio je konduktere 2015. godine, pojednostavljuju\u0107i putovanja koja su ko\u0161tala 300\u2013500 togrega za odrasle. Trolejbusi i minibusevi popunjavaju praznine; zvani\u010dni taksiji, kojih sada ima 372, voze obele\u017eene stanice, dok nelicencirani taksiji i aplikacije za prevoz poput UBCab-a cvetaju u senci. Saobra\u0107aj se kre\u0107e du\u017e Avenije mira, Ikh Toiruua, Narni Zama i Avenije \u010cingis, prose\u010dne brzine u \u0161picu padaju ispod 9 km\/h u 2021. godini i predvi\u0111a se da \u0107e se dodatno usporiti kako se zagu\u0161enja pove\u0107avaju.<\/p>\n\n\n\n<p>\u017delezni\u010dke veze povezuju Ulan Bator sa Rusijom i Kinom preko Transmongolske \u017eeleznice, a pet heliodroma krasi njegovu panoramu. Me\u0111unarodni aerodrom \u010cingis Kan, otvoren 2021. godine u Sergelenu u provinciji Tov, zamenio je staro polje Bujant-Uka. NJegovi terminali imaju rute ka Evropi, isto\u010dnoj Aziji i doma\u0107im centrima aimaka, povezanim sa gradom \u0161atl autobusima i autoputevima. Unutar grada, planeri transporta se bore sa poplavama; samo 16 procenata asfaltiranih puteva ima drena\u017eu, \u0161to prole\u0107no otapanje \u010dini opasnim po vodu u naseljima.<\/p>\n\n\n\n<p>Za posetioce, prakti\u010dnost se spaja sa istorijom. Bankomata ima u izobilju - banke Golomt i TDB izdaju togreg na me\u0111unarodnim karticama, iako se primenjuju provizije od oko 3 procenta, a samo aerodromski automati prihvataju Cirrus. Du\u017e Avenije mira, menja\u010dnice nude konkurentne cene, dok veliki hoteli razmenjuju valutu u svako doba. Kriminal se koncentri\u0161e na periferiji: ger podru\u010dja, neosvetljene uli\u010dice i prepune pijace zahtevaju budnost zbog d\u017eeparenja; centar grada ostaje relativno bezbedan u pore\u0111enju. Ksenofobi\u010dni incidenti u koje su uklju\u010deni pijani prolaznici se povremeno javljaju; diskretnost u barovima i taksijima, kao i putovanje u grupama no\u0107u, ubla\u017eavaju ve\u0107inu rizika.<\/p>\n\n\n\n<p>U svojoj \u0161estoj fazi postojanja \u2013 mona\u0161koj mobilnosti 1639\u20131778; dinastiji \u0106ing Urga 1778\u20131924; socijalisti\u010dkoj Republici 1924\u20131990; mr\u0161avim 1990-im; i eksplozivnom rastu od 2000. godine \u2013 Ulan Bator otkriva slojeve identiteta. Svaki sloj ostavlja tragove: drvene ograde koje podse\u0107aju na hramovske ogra\u0111ene prostore; stanovi iz sovjetskog doba ustupaju mesto staklenim kulama; blatnjave stambene zgrade u senci neonskih hotelskih natpisa. Usred ekstremnih temperatura i nejednakosti, Ulan Bator opstaje kao nervni centar Mongolije, stvaraju\u0107i modernost na temeljima nomadskih obi\u010daja, budisti\u010dkog u\u010denja i otpornog prilago\u0111avanja te\u0161ko\u0107ama. NJegova stalno promenljiva silueta odra\u017eava stepe iza \u2013 otvorene ka nebu, oblikovane vetrom i o\u017eivljene ljudima koji ovu hladnu dolinu nazivaju domom.<\/p>","protected":false},"excerpt":{"rendered":"<p>Ulan Bator, glavni i najve\u0107i grad Mongolije, ima populaciju od 1,6 miliona stanovnika i priznat je kao najhladniji glavni grad na svetu na osnovu prose\u010dne godi\u0161nje temperature. Ovaj \u017eivahni grad, koji se nalazi u severnoj centralnoj Mongoliji na nadmorskoj visini od oko 1.300 metara, mo\u017ee se pohvaliti fascinantnom istorijom koja se prote\u017ee unazad skoro \u010detiri veka. Transformacija grada iz nomadskog budisti\u010dkog mona\u0161kog centra u savremeno urbano sredi\u0161te odra\u017eava bogato kulturno nasle\u0111e Mongolije i njen razvoj kao nacije.<\/p>","protected":false},"author":1,"featured_media":3043,"parent":15411,"menu_order":0,"comment_status":"closed","ping_status":"closed","template":"elementor_theme","meta":{"_eb_attr":"","footnotes":""},"class_list":["post-15420","page","type-page","status-publish","has-post-thumbnail"],"_links":{"self":[{"href":"https:\/\/travelshelper.com\/sr\/wp-json\/wp\/v2\/pages\/15420","targetHints":{"allow":["GET"]}}],"collection":[{"href":"https:\/\/travelshelper.com\/sr\/wp-json\/wp\/v2\/pages"}],"about":[{"href":"https:\/\/travelshelper.com\/sr\/wp-json\/wp\/v2\/types\/page"}],"author":[{"embeddable":true,"href":"https:\/\/travelshelper.com\/sr\/wp-json\/wp\/v2\/users\/1"}],"replies":[{"embeddable":true,"href":"https:\/\/travelshelper.com\/sr\/wp-json\/wp\/v2\/comments?post=15420"}],"version-history":[{"count":0,"href":"https:\/\/travelshelper.com\/sr\/wp-json\/wp\/v2\/pages\/15420\/revisions"}],"up":[{"embeddable":true,"href":"https:\/\/travelshelper.com\/sr\/wp-json\/wp\/v2\/pages\/15411"}],"wp:featuredmedia":[{"embeddable":true,"href":"https:\/\/travelshelper.com\/sr\/wp-json\/wp\/v2\/media\/3043"}],"wp:attachment":[{"href":"https:\/\/travelshelper.com\/sr\/wp-json\/wp\/v2\/media?parent=15420"}],"curies":[{"name":"wp","href":"https:\/\/api.w.org\/{rel}","templated":true}]}}