{"id":15411,"date":"2024-09-20T23:46:15","date_gmt":"2024-09-20T23:46:15","guid":{"rendered":"https:\/\/travelshelper.com\/staging\/?page_id=15411"},"modified":"2026-03-11T18:34:23","modified_gmt":"2026-03-11T18:34:23","slug":"mongolija","status":"publish","type":"page","link":"https:\/\/travelshelper.com\/sr\/destinations\/asia\/mongolia\/","title":{"rendered":"Mongolija"},"content":{"rendered":"<p>Mongolija zauzima ogromno prostranstvo unutra\u0161njosti Azije, suverenu teritoriju od otprilike 1.564.116 kvadratnih kilometara bez pristupa bilo kom moru ili jezeru. Grani\u010di se na severu sa Rusijom, a na jugu i jugoistoku sa Kinom, \u0161to je najve\u0107a zemlja bez izlaza na more koja se ne grani\u010di sa unutra\u0161njim morem. NJen teren se prostire u \u0161irokim crtama: valovit travnjaci se prote\u017eu preko centralne visoravni, dok se planinski venci uzdi\u017eu na severu i zapadu, a pustinja Gobi - vi\u0161e pa\u0161njak nego neplodno pe\u0161\u010dano more - prote\u017ee se du\u017e njenih ju\u017enih krajeva. Sa ukupnim brojem stanovnika koji jedva prelazi 3,5 miliona, Mongolija dr\u017ei rekord za najni\u017eu gustinu naseljenosti me\u0111u nezavisnim dr\u017eavama. Polovina njenih stanovnika \u017eivi u Ulan Batoru, najhladnijem glavnom gradu na svetu, ostavljaju\u0107i preostalu teritoriju izuzetno otvorenom i retko naseljenom.<\/p>\n\n\n\n<p>Najisto\u010dniji vrh Mongolije le\u017ei blizu 120\u00b0 isto\u010dne geografske du\u017eine, otprilike poravnavaju\u0107i se sa Hangd\u017eouom u Kini, dok se njena zapadna granica pribli\u017eava 87\u00b0 isto\u010dne geografske du\u017eine - skoro geografskoj du\u017eini Kalkute. NJen raspon geografske \u0161irine, od pribli\u017eno 41\u00b0 severne geografske du\u017eine do malo iza 52\u00b0 severne geografske du\u017eine, sme\u0161ta zemlju izme\u0111u paralela Rima i Berlina, ili izme\u0111u \u010cikaga i Saskatuna. Pa ipak, ove geografske referentne ta\u010dke protivre\u010de klimatskim ekstremima koji defini\u0161u \u017eivot na ovoj visokoj visoravni. Godi\u0161nje padavine opadaju od severa ka jugu, sa oko 200\u2013350 milimetara u \u0161umovitim visoravnima na \u010dak 40 milimetara u delovima planine Gobi. Zime donose neumoljivi sibirski anticiklon, spu\u0161taju\u0107i temperature u nekim dolinama ispod \u201330 \u00b0C, dok leta mogu doneti intenzivne vru\u0107ine i, van pustinje, nalete ki\u0161e.<\/p>\n\n\n\n<p>LJudska istorija Mongolije prote\u017ee se kroz milenijume nomadskih konfederacija. Pre uspona D\u017dingis-kana 1206. godine, stepama su u raznim periodima vladali Sjungnu, Sjanbej, \u017durani i uzastopni turski i ujgurski kaganati. Kada je Temud\u017ein - kasnije D\u017dingis-kan - ujedinio Mongole, pokrenuo je stvaranje onoga \u0161to \u0107e postati najve\u0107e kontinentalno kopneno carstvo u istoriji. Pod njegovim unukom Kublaj-kanom, Kina je pala i osnovana je dinastija Juan. Nakon sloma Juana 1368. godine, mongolske frakcije su se ponovo vratile me\u0111usobnom rivalstvu sve dok ere Dajan-kana i Tumen Zasagt-kana nisu donele relativnu koheziju u \u0161esnaestom veku.<\/p>\n\n\n\n<p>Tako\u0111e je tokom \u0161esnaestog veka tibetanski budizam pustio korene me\u0111u Mongolima. Pod pokroviteljstvom dinastije \u0106ing, koja je u sedamnaestom veku apsorbovala Spoljnu Mongoliju, mona\u0161ke institucije su cvetale: po\u010detkom dvadesetog veka, svaki tre\u0107i odrasli mu\u0161karac je \u017eiveo kao budisti\u010dki monah. Pad \u0106inga 1911. godine pru\u017eio je priliku za progla\u0161enje nezavisnosti; puna autonomija je obezbe\u0111ena 1921. godine, da bi usledilo uspostavljanje socijalisti\u010dke republike uskla\u0111ene sa Sovjetskim Savezom 1924. godine. Mirnom demokratskom revolucijom 1990. godine i dono\u0161enjem novog ustava dve godine kasnije, Mongolija je prihvatila vi\u0161epartijski sistem i zapo\u010dela prelazak na tr\u017ei\u0161nu ekonomiju.<\/p>\n\n\n\n<p>Danas, otprilike trideset procenata Mongola odr\u017eava nomadski ili polunomadski na\u010din \u017eivota. Konji ostaju oslonac mobilnosti i kulture; tradicionalni filcani geri (poznati na engleskom kao jurte) sme\u0161taju porodice u pokretu, vezane za krda ovaca, koza, goveda, konja ili kamila. Iako su se ger-hramovi razvili u velike manastire sa ciglom i gredama u \u0161esnaestom i sedamnaestom veku, cilindri\u010dni oblik i filcani pokriva\u010di opstaju kao simbol mongolskog \u017eivota. Lamaseri su \u010desto po\u010dinjali kao klasteri gerova, kasnije su se \u0161irili u \u0161estougaone ili dvanaestostrane dvorane sa piramidalnim krovovima - aproksimacijama gerove krive - pre nego \u0161to su razvili \u010detvorougaone osnove i kape u obliku \u0161atora.<\/p>\n\n\n\n<p>Etni\u010dki, Mongolija je uglavnom homogena: etni\u010dki Mongoli \u010dine oko devedeset pet procenata stanovni\u0161tva, pri \u010demu podgrupa Halka \u010dini osamdeset \u0161est procenata te ve\u0107ine. Turkijske manjine - uklju\u010duju\u0107i Kazahe i Tuvance - \u010dine otprilike \u010detiri i po procenta, dok Rusi, Kinezi, Korejci i Amerikanci \u010dine manje kontingentne grupe. Lingvisti\u010dki, dr\u017eavni jezik je mongolski, \u010dlan mongolske jezi\u010dke porodice, standardizovan na halkanskom dijalektu. Kaza\u0161ki dominira u ajmaku Bajan-Olgiji, a tuvanski u delovima Hubsgula. Od 1940-ih, mongolski se pi\u0161e \u0107irilicom; nakon demokratske tranzicije, do\u0161lo je do skromnog o\u017eivljavanja tradicionalnog vertikalnog pisma, zvani\u010dno vra\u0107enog 2025. godine za pravnu i administrativnu upotrebu uz \u0107irilicu, iako je svakodnevna upotreba uglavnom ograni\u010dena na ceremonijalne kontekste.<\/p>\n\n\n\n<p>Religija u Mongoliji odra\u017eava slojeve verovanja: vad\u017erajana budizam ispoveda ne\u0161to vi\u0161e od pedeset procenata odraslog stanovni\u0161tva, dok se \u010detrdeset procenata identifikuje kao nereligiozno. \u0160amanske prakse opstaju kao kulturni supstrat, a islam, prvenstveno me\u0111u etni\u010dkim Kazahima, \u010dini oko tri procenta. Preplitanje budisti\u010dkih i \u0161amanskih rituala nastavlja da oblikuje zajedni\u010dke i individualne ceremonije, od sezonskih prinosa do sahranjivanja na nebu u udaljenim dolinama.<\/p>\n\n\n\n<p>Mongolska ekonomija se oslanja na svoje pastoralno nasle\u0111e i mineralno bogatstvo. Sto\u010darstvo i poljoprivreda zajedno predstavljaju oko \u0161esnaest procenata BDP-a; rudarstvo \u2013 usmereno na bakar, ugalj, molibden, kalaj, volfram i zlato \u2013 doprinosi sa oko dvadeset dva procenta. Samo proizvodnja ka\u0161mira \u010dini petinu svetske proizvodnje sirovina. Veleprodaja i maloprodaja, usluge, transport, skladi\u0161tenje i nekretnine tako\u0111e zauzimaju zna\u010dajan udeo u ekonomskom sastavu. Pa ipak, pored ovih formalnih sektora, neformalna ekonomija \u2013 za koju se procenjuje da iznosi najmanje jednu tre\u0107inu zvani\u010dnog BDP-a \u2013 pro\u017eima i ruralni i gradski \u017eivot.<\/p>\n\n\n\n<p>Spoljna trgovina zemlje je u velikoj meri orijentisana ka Kini, koja apsorbuje skoro osamdeset procenata izvoza, dok isporu\u010duje ne\u0161to vi\u0161e od tre\u0107ine uvoza. U 2023. godini, rast realnog BDP-a Mongolije dostigao je sedam procenata, uglavnom zahvaljuju\u0107i rekordnoj proizvodnji uglja za kinesko tr\u017ei\u0161te; ni\u017ei globalni tro\u0161kovi hrane i goriva pomogli su da se inflacija obuzda na oko sedam procenata do po\u010detka 2024. godine. Uprkos sna\u017enom pove\u0107anju obima uvoza, zabele\u017een je suficit teku\u0107eg ra\u010duna, iako bi pad cena robe mogao da pomeri ravnote\u017eu u narednim godinama. Svetska banka smatra da su srednjoro\u010dni izgledi Mongolije obe\u0107avaju\u0107i, ubla\u017eeni inflatornim pritiscima, fluktuacijama spoljne potra\u017enje i fiskalnim rizicima vezanim za potencijalne obaveze. Prema Azijskoj razvojnoj banci, otprilike dvadeset sedam procenata Mongola \u017eivelo je ispod nacionalne granice siroma\u0161tva u 2022. godini, dok je BDP po glavi stanovnika iznosio blizu dvanaest hiljada ameri\u010dkih dolara.<\/p>\n\n\n\n<p>Finansijska infrastruktura obuhvata Mongolsku berzu, osnovanu 1991. godine. Od 2024. godine, na njoj je navedeno oko 180 kompanija sa kombinovanom tr\u017ei\u0161nom kapitalizacijom od pribli\u017eno 3,2 milijarde ameri\u010dkih dolara. Me\u0111unarodna finansijska korporacija rangira Mongoliju na osamdeset prvo mesto u svetu po lako\u0107i poslovanja. Kreditne i bankarske usluge su koncentrisane u Ulan Batoru i odabranim pokrajinskim centrima, ostavljaju\u0107i mnoge regionalne zajednice zavisnim od neformalnog kreditiranja ili trampe.<\/p>\n\n\n\n<p>Saobra\u0107ajne arterije prelaze kroz ogromnost zemlje. Transmongolska \u017eeleznica povezuje Transsibirsku prugu kod Ulan-Udea u Rusiji, prolazi kroz Ulan Bator i nastavlja ka jugu da bi se povezala sa kineskim \u017eelezni\u010dkim mre\u017eama kod Erenhota. Posebna teretna veza od ugljenih polja Tavan Tolgoj do kineske granice prostire se na oko 233 kilometra. Putevi izvan asfaltiranih koridora Ulan Batora te\u017ee ka \u0161ljunkovitim ili jednostavnim prugama; asfaltirane rute se prote\u017eu ka zapadu i istoku du\u017e Milenijumskog puta, do ruske i kineske granice i izme\u0111u ve\u0107ih gradova. Projekti izgradnje puteva imaju za cilj pobolj\u0161anje povezanosti, ali postoji samo oko 4.800 kilometara asfaltiranih puteva, od kojih je 1.800 kilometara zavr\u0161eno samo 2013. godine.<\/p>\n\n\n\n<p>Vazdu\u0161ni saobra\u0107aj zadovoljava i doma\u0107e i me\u0111unarodne potrebe. Me\u0111unarodni aerodrom \u010cingis Kan, oko pedeset dva kilometra ju\u017eno od Ulan Batora, glavna je kapija. Direktni letovi povezuju Mongoliju sa Ju\u017enom Korejom, Kinom, Tajlandom, Hong Kongom, Japanom, Rusijom, Nema\u010dkom i Turskom. MIAT Mongolijan Erlajns upravlja me\u0111unarodnim linijama; prevoznici kao \u0161to su Aero Mongolija i Hunu Erlajns pru\u017eaju doma\u0107e i regionalne usluge.<\/p>\n\n\n\n<p>Administrativno, Mongolija je podeljena na dvadeset jedan ajmag (provinciju) i jednu pokrajinsku op\u0161tinu, Ulan Bator. Svaki ajmag obuhvata vi\u0161e souma (podprovincija), koji obi\u010dno broje od petnaest do dvadeset dva po provinciji. Kulturno i geografski, zemlja se mo\u017ee podeliti na pet regiona: Centralna Mongolija (obuhvata Ulan Bator i Arhangaj), Isto\u010dna Mongolija (stepsko srce i rodno mesto D\u017dingis-kana), Gobi, Severna Mongolija (\u0161umovita visoravni i jezero Hebsugul) i Zapadna Mongolija (raznovrsna plemena oko jezera Uvs i masiva Tavan Bogd).<\/p>\n\n\n\n<p>Masiv Tavan Bogd, na krajnjem zapadu Mongolije, dosti\u017ee svoj vrhunac na vrhu Huiten (4.374 m). U blizini, jezero Uvs i njegov okolni basen \u2013 koji deli ruska Republika Tuva \u2013 predstavljaju mesto svetske ba\u0161tine UNESKO-a. Jezero Hebsugul, ogromno slatkovodno telo na severu, nudi alpski pejza\u017e i podr\u017eava jedinstvene vodene vrste kao \u0161to je sibirski \u0161kamp. Reke Onon i Herlen, isto\u010dne pritoke sliva Amura, doma\u0107ini su isto\u010dnoj potoknoj pastrmci i daurskom raku i bisernoj ostrigi. Epizode \u200b\u200bekstremne hladno\u0107e, lokalno poznate kao zud, periodi\u010dno desetkuju stoku, isti\u010du\u0107i krhkost pa\u0161njaka i ekonomske uloge sto\u010darstva.<\/p>\n\n\n\n<p>Mongolijska zastava nosi simbol Sojombo: stilizovani amblem vatre i sunca koji predstavlja sunce, mesec, zvezde i nebo, preuzet iz budisti\u010dke kosmologije. Ova ikona se pojavljuje i na vratima mongolskih ku\u0107a, nov\u010danicama i javnim zgradama. Kad smo ve\u0107 kod novca, mongolski togrog (ISO kod MNT, znak \u20ae) cirkuli\u0161e u apoenima od 1 do 20.000. Van zemlje, devize za togrog su retke; putnicima se savetuje da nose ameri\u010dke dolare za ve\u0107e tro\u0161kove, iako togrog male apoenske vrednosti ostaje neophodan za transakcije u ruralnim podru\u010djima.<\/p>\n\n\n\n<p>Kulinarske prakse odra\u017eavaju klimu i sto\u010darsku ekonomiju. Mle\u010dni proizvodi \u2014 bjaslag (sve\u017ei sir), \u00f6rom (zgru\u0161ana pavlaka) i aaruul (suvi kvasac) \u2014 i meso dominiraju u ishrani. Buuz (knedle na pari od mesa), hu\u0161uur (pr\u017eene lepinje punjene mesom) i cuivan (pr\u017eeni rezanci sa mesom) \u010dine osnovne gradske namirnice, a svaka ko\u0161ta nekoliko hiljada togrega. Seoski sto\u010dari mogu pripremiti budog, pe\u010denje od koze ili mrmota kuvano u ko\u017ei \u017eivotinje pomo\u0107u zagrejanog kamenja, ili horhog, u kome se ov\u010detina, povr\u0107e i vru\u0107e kamenje kr\u010dkaju u zatvorenom kotlu na otvorenoj vatri. Airag \u2014 fermentisano kobilje mleko \u2014 je tradicionalno pi\u0107e, dok arhi \u2014 destilovani mle\u010dni liker \u2014 slu\u017ei i u medicinske i u dru\u0161tvene svrhe. Mongolski brendovi votke kao \u0161to su Chinggis Khaan, Soyombo i Golden Chinggis su \u0161iroko dostupni, kao i uvozna i lokalna piva.<\/p>\n\n\n\n<p>Turisti nailaze na malo formalnih puteva van glavnih centara; kopnena putovanja \u010desto uklju\u010duju vo\u017enju preko otvorene stepe, jahanje konja, karavane kamila u Gobiju ili \u010dak ponovno kretanje delova drevnog Puta svile. Sme\u0161taj se kre\u0107e od ger kampova u blizini Ulan Batora do osnovnih sme\u0161taja u provincijskim gradovima, pri \u010demu se mnogi putnici odlu\u010duju da preno\u0107e kod nomadskih porodica - \u0161to im daje priliku da u\u010destvuju u obrocima od kuvanog ov\u010detine i \u010daja sa mlekom i da budu svedoci grlenog pevanja, lova na orlove ili \u0161amanskih ceremonija. LJubitelji divljih \u017eivotinja mogu potra\u017eiti Pr\u017eevalskog konja u Nacionalnom parku Hustajn Nuru, sibirskog kozoroga u Altajskom Tavan Bogdu ili migracije ptica u Ubs Nuru.<\/p>\n\n\n\n<p>Bezbednosna razmatranja uklju\u010duju nepredvidivo vreme, posebno zimi, i lutaju\u0107e pse \u010duvare u ruralnim podru\u010djima. Nedostatak poklopaca \u0161ahtova u urbanim i prigradskim zonama predstavlja skrivene opasnosti, posebno kada je vidljivost lo\u0161a. Posetioci bi trebalo da po\u0161tuju lokalne osetljivosti, posebno izra\u017eeno antikinesko raspolo\u017eenje: pominjanje Unutra\u0161nje Mongolije kao Ju\u017ene Mongolije ili kritike kineske politike mogu izazvati uvredu.<\/p>\n\n\n\n<p>Mongolija ostaje jedno od poslednjih prostranstva otvorenog kopna gde nomadske tradicije opstaju u velikim razmerama. NJeni vrhovi i pustinje, stepe isprekidane zeljastim predelom i gradovi poluizgubljeni u zimskim inverznim slojevima zajedno \u010dine naciju, i drevnu i adaptivnu, oblikovanu klimom, osvajanjima i otpornim kulturama stepe. Ovde, ispod \u201eZemlje plavog neba\u201c, moderne te\u017enje i vekovni ritmovi koegzistiraju u pejza\u017eu impozantno koliko i prostrano.<\/p>","protected":false},"excerpt":{"rendered":"<p>Mongolija, koja se nalazi u isto\u010dnoj Aziji, je nacija bez izlaza na more sa 3,5 miliona stanovnika. Poseduje priznanje da je najre\u0111e naseljena suverena dr\u017eava na svetu, koja obuhvata ogromnu povr\u0161inu od 1.564.116 kvadratnih kilometara. Ova prostrana zemlja, koja se nalazi izme\u0111u Rusije na severu i Kine na jugu, ima raznovrstan teren koji obuhvata travnate stepe, planinska podru\u010dja i \u010duvenu pustinju Gobi. Mongolija, najve\u0107a zemlja bez izlaza na zatvoreno more, pokazuje prepoznatljiv geografski profil koji je uticao na njenu istoriju, kulturu i razvoj.<\/p>","protected":false},"author":1,"featured_media":4234,"parent":24063,"menu_order":0,"comment_status":"closed","ping_status":"closed","template":"elementor_theme","meta":{"_eb_attr":"","footnotes":""},"class_list":["post-15411","page","type-page","status-publish","has-post-thumbnail"],"_links":{"self":[{"href":"https:\/\/travelshelper.com\/sr\/wp-json\/wp\/v2\/pages\/15411","targetHints":{"allow":["GET"]}}],"collection":[{"href":"https:\/\/travelshelper.com\/sr\/wp-json\/wp\/v2\/pages"}],"about":[{"href":"https:\/\/travelshelper.com\/sr\/wp-json\/wp\/v2\/types\/page"}],"author":[{"embeddable":true,"href":"https:\/\/travelshelper.com\/sr\/wp-json\/wp\/v2\/users\/1"}],"replies":[{"embeddable":true,"href":"https:\/\/travelshelper.com\/sr\/wp-json\/wp\/v2\/comments?post=15411"}],"version-history":[{"count":0,"href":"https:\/\/travelshelper.com\/sr\/wp-json\/wp\/v2\/pages\/15411\/revisions"}],"up":[{"embeddable":true,"href":"https:\/\/travelshelper.com\/sr\/wp-json\/wp\/v2\/pages\/24063"}],"wp:featuredmedia":[{"embeddable":true,"href":"https:\/\/travelshelper.com\/sr\/wp-json\/wp\/v2\/media\/4234"}],"wp:attachment":[{"href":"https:\/\/travelshelper.com\/sr\/wp-json\/wp\/v2\/media?parent=15411"}],"curies":[{"name":"wp","href":"https:\/\/api.w.org\/{rel}","templated":true}]}}