{"id":15371,"date":"2024-09-20T23:17:55","date_gmt":"2024-09-20T23:17:55","guid":{"rendered":"https:\/\/travelshelper.com\/staging\/?page_id=15371"},"modified":"2026-03-11T18:55:00","modified_gmt":"2026-03-11T18:55:00","slug":"nepal","status":"publish","type":"page","link":"https:\/\/travelshelper.com\/sr\/destinations\/asia\/nepal\/","title":{"rendered":"Nepal"},"content":{"rendered":"<p>Nepal zauzima jedinstveno mesto na svetskoj mapi, vitak luk zemlje koji okru\u017euje visoke grebene Himalaja i plodne ravnice iza njih. Prostiru\u0107i se oko 800 kilometara od zapada ka istoku, a jedva 200 kilometara u naj\u0161irem delu, zemlja obuhvata osam od deset najvi\u0161ih vrhova na svetu, uklju\u010duju\u0107i Mont Everest na 8.848,86 metara, uz blage talase Indo-gangske ravnice. NJen teren naglo prelazi iz suptropskih nizija na jugu u alpske grebene na severu, prelaze\u0107i niz ekolo\u0161kih zona koje odra\u017eavaju i drevne tektonske preokrete i milenijume ljudske adaptacije.<\/p>\n\n\n\n<p>Pre otprilike 75 miliona godina, Indijski potkontinent \u2013 tada vezan za superkontinent Gondvana \u2013 po\u010deo je da klizi ka severoistoku, vo\u0111en \u0161irenjem morskog dna u proto-Indijskom okeanu. Kako se ta kopnena masa pritiskala ispod Evroazijske plo\u010de, okeanska kora se povla\u010de\u0107i podvodila, a kontinentalne stene su se spu\u0161tale ka nebu. Pojavio se utvr\u0111eni zid vrhova, \u010dija je severna litica cepala monsunske oblake i oblikovala pustinje na velikim nadmorskim visinama Tibeta. Tamo gde su reke preplavile novonastalu barijeru, izrezale su duboke klisure; drugde su zarobljene vode formirale jezera koja su, nakon kona\u010dnog probijanja, izvajala plodne udubljenja poput doline Katmandua. Ju\u017eno, \u0161iroka dolina ispunjena muljem, daju\u0107i bogatu ilova\u010du ravnice Terai.<\/p>\n\n\n\n<p>Ova zona sudara koncentri\u0161e skoro tre\u0107inu himalajskog lanca od 2.400 kilometara unutar granica Nepala, koji se prote\u017ee od tibetanske visoravni na severu do indo-gangske ravnice na jugu. Geolozi govore o tri glavna pojasa: gornjem \u201eHimalu\u201c sa ve\u010dnim snegom i osam \u201eosamhiljaditih planina\u201c, brdima srednje nadmorske visine \u201ePahad\u201c koja dose\u017eu do 4.000 metara i nizijskom \u201eTeraju\u201c, koji napajaju reke Ko\u0161i, Narajani i Karnali. Pa ipak, ove kategorije jedva da obuhvataju suptilne gradacije klime, zemlji\u0161ta i \u017eivota koje defini\u0161u svaku padinu i dolinu.<\/p>\n\n\n\n<p>Nadmorska visina diktira klimu Nepala odlu\u010dnije nego geografska \u0161irina. Ispod 1.200 metara preovla\u0111uju tropski i suptropski uslovi; izme\u0111u 1.200 i 2.400 metara pojavljuju se umerene zone; 2.400 do 3.600 metara spada u hladni pojas; 3.600 do 4.400 metara suo\u010dava se sa subarkti\u010dkom hladno\u0107om; a iznad 4.400 metara le\u017ei arkti\u010dko carstvo ledenih polja i morena. Pet godi\u0161njih doba obele\u017eavaju godinu: suvo leto, monsunske ki\u0161e, sve\u017ea jesen, zimski mraz i vedri prole\u0107ni dani. Himalajska barijera blokira ubode zimskih vetrova Centralne Azije i upravlja osekom i osekom ju\u017enoazijskog monsuna.<\/p>\n\n\n\n<p>Unutar ovih gradijenata cveta izvanredan niz flore i faune. Nepal je dom za 4% svetskih sisara, skoro 9% ptica i mno\u0161tvo gmizavaca, vodozemaca, riba, leptira, moljaca i pauka. NJegove \u0161ume \u2013 trideset pet razli\u010ditih tipova \u2013 doma\u0107ini su hiljadama vrsta cvetnica, pteridofita i briofita. Biokulturno bogatstvo dosti\u017ee vrhunac na vla\u017enijem istoku, dok su\u0161nije zapadne planine pru\u017eaju arkti\u010dko-pustinjske uslove na velikim nadmorskim visinama. Ova \u017eari\u0161ta biodiverziteta duguju svoju bujnost dramati\u010dnom rasponu nadmorske visine: od 60 metara nadmorske visine u Teraiju do vrha Mont Everesta.<\/p>\n\n\n\n<p>Ime \u201eNepal\u201c pojavljuje se u vedskim tekstovima od zore pisane istorije na tom potkontinentu. Sredinom prvog milenijuma pre nove ere, ju\u017eni Nepal je bio svedok ro\u0111enja Gautame Bude u Lumbiniju, \u010dime je uveden budizam \u010dak i dok su se hinduisti\u010dke tradicije konsolidovale preko ravnica. Severni delovi nosili su otisak tibetanske kulture, dok se dolina Katmandua razvila kao srce Nevarske konfederacije, Nepalske mandale. NJeni trgovci su kontrolisali rute Himalajskog puta svile, a nevarski zanatlije su usavr\u0161ili prepoznatljiv umetni\u010dki i arhitektonski idiom. Kineske hronike iz sedmog veka nove ere dive se pagodama, poligonalnim drvenim i metalnim radovima u hramovima i palatama doline.<\/p>\n\n\n\n<p>Do osamnaestog veka, kraljevstvo Gorka se uzdiglo pod dinastijom \u0160ah, ujediniv\u0161i razdvojene kne\u017eevine. Iako nikada nije kolonizovan, Nepal je sklopio strate\u0161ke sporazume sa Britancima i slu\u017eio kao tampon zona izme\u0111u britanske Indije i carske Kine. Ustavna monarhija i parlament pojavili su se 1951. godine, samo da bi ih monarsi koji su \u017eeleli da u\u010dvrste vlast vi\u0161e puta suspendovali. Decenijski gra\u0111anski rat tokom 1990-ih zavr\u0161io se 2008. godine ukidanjem poslednje hinduisti\u010dke monarhije na svetu i ro\u0111enjem sekularne republike.<\/p>\n\n\n\n<p>Nepalski ustav iz 2015. godine defini\u0161e federalnu parlamentarnu republiku od sedam pokrajina. Svaka pokrajina ima jednodomno zakonodavno telo i deli vlast sa centralnom vladom. Ispod njih, 77 okruga je podeljeno na 753 lokalne jedinice - metropolitanske, podgradske, urbane i seoske op\u0161tine - koje su dalje podeljene na 6.743 op\u0161tine. Lokalne samouprave imaju izvr\u0161na, zakonodavna i ograni\u010dena sudska ovla\u0161\u0107enja, dok okru\u017eni koordinacioni odbori sazivaju izabrane zvani\u010dnike za uske uloge.<\/p>\n\n\n\n<p>Na me\u0111unarodnom nivou, Nepal se pridru\u017eio Ujedinjenim nacijama 1955. godine i sedi\u0161te je stalnog sekretarijata Ju\u017enoazijskog udru\u017eenja za regionalnu saradnju (SAARC). \u010clanstvo u Pokretu nesvrstanih i Inicijativi Bengalskog zaliva nagla\u0161ava njegovu diplomatiju, dok bilateralni sporazumi sa Indijom (1950) i Kinom (1960) potvr\u0111uju njegov regionalni anga\u017eman.<\/p>\n\n\n\n<p>Dom oko 125 razli\u010ditih etni\u010dkih grupa koje govore preko 120 maternjih jezika, Nepal je primer kulturnog pluralizma. Podaci popisa iz 2011. godine bele\u017ee da je nepalski zvani\u010dni jezik 44,6 odsto stanovni\u0161tva, a slede ga majthili, bojpuri, taru, tamang, nepalski basa i drugi. Glavne jezi\u010dke porodice \u2013 indoarijski, sino-tibetanski i autohtoni izolovani jezik \u2013 preklapaju se sa verskim tradicijama i dru\u0161tvenim identitetima. \u010cetiri znakovna jezika slu\u017ee zajednici gluvih.<\/p>\n\n\n\n<p>Nepalski jezik, izveden iz sanskrita i napisan devanagari pismom, funkcioni\u0161e kao lingva franka. Terajski jezici poput majtilija, avadija i bojpurija napreduju u ju\u017enim ravnicama, dok tibetanski dijalekti opstaju izvan sne\u017ene linije. Napori da se kodifikuju razli\u010diti brdski i terajski dijalekti \u010desto koriste devanagari ili latini\u010dna slova.<\/p>\n\n\n\n<p>Demografski gledano, broj stanovnika je dostigao 26,5 miliona u 2011. godini, \u0161to je skoro tri puta vi\u0161e od 1950. godine. Migracija iz ruralnih u urbane sredine, posebno u gradove Terai i doline, podstakla je stopu urbanizacije koja je me\u0111u najbr\u017eima u svetu, ali ukupni udeo urbanih sredina ostaje ispod 20 procenata. Katmandu, \u201eGrad hramova\u201c, opstaje kao kulturno i ekonomsko sredi\u0161te, dok drugi gradovi \u2013 Pokara, Biratnagar, Lalitpur i Baratpur \u2013 rastu usred izazova zagu\u0161enja, zaga\u0111enja i nesta\u0161ice vode.<\/p>\n\n\n\n<p>Hinduizam ostaje dominantan, i ispoveda ga preko 81 odsto stanovni\u0161tva; budizam \u010dini 9 odsto, dok islam, kirantski animizam, hri\u0161\u0107anstvo i obo\u017eavanje prirode \u010dine ostatak. Nepal ima najve\u0107u hinduisti\u010dku populaciju na svetu po procentu. Iako je sekularizam zastupljen zakonom, verski festivali i rituali \u2013 \u010desto koji uklju\u010duju prino\u0161enje \u017eivotinjske krvi \u2013 i dalje postoje. Da\u0161ain i petogodi\u0161nji festival Gadhimai predstavljaju primer trajnih tradicija i povezanih kontroverzi oko \u017ertvovanja i dobrobiti. U me\u0111uvremenu, lov na ve\u0161tice usmeren na marginalizovane \u017eene otkriva postojanost sujeverja i dru\u0161tvenog nasilja u nekim ruralnim zajednicama.<\/p>\n\n\n\n<p>Sistem kasti, nezakonit od 1963. godine, ali dru\u0161tveno uticajan, deli dru\u0161tvo na nasledne grupe koje upravljaju brakom, zanimanjem i ritualnim statusom. Gradska radna mesta i \u0161kole pokazuju smanjen kastinski identitet, ali ruralni i tradicionalni konteksti i dalje odra\u017eavaju hijerarhijske norme. Preovladava zajedni\u010dki porodi\u010dni patrijarhat, iako nuklearne porodice dobijaju na snazi u gradovima. Dogovoreni brakovi opstaju sa veoma niskim stopama razvoda i, uprkos zakonskim starosnim ograni\u010denjima, de\u010dji brakovi i dalje postoje u mnogim selima.<\/p>\n\n\n\n<p>Nepalsko arhitektonsko nasle\u0111e obuhvata milenijume, od a\u0161okanskih stupa u dolini Katmandua do izrade pagoda hramova koje su izgradili nevarski zanatlije. Karakteristi\u010dna drvena obrada - zamr\u0161eni re\u0161etkasti prozori poznati kao ankid\u017ejal - i vi\u0161eslojni krovovi krunisani pozla\u0107enim ukrasima odlikuju hramovne komplekse. Kamene terase, bronzane skulpture i bakarni ukrasi svedo\u010de o virtuoznosti metaloprera\u0111iva\u010da. Durbar trgovi Patan, Bhaktapur i Katmandu nude \u017eiva muzejska mesta gde se prepli\u0107u dve hiljade godina umetnosti i arhitekture.<\/p>\n\n\n\n<p>Slikarske tradicije poput thanke (tibetanske paube) opstaju u manastirskim okru\u017eenjima i nevarskim radionicama. \u010cangu Narajan, izgra\u0111en u \u010detvrtom veku nove ere, predstavlja svedo\u010danstvo prefinjenog drvorezbarstva. Doma\u0107e zgrade odra\u017eavaju verske motive u svojim rezbarenim podupira\u010dima, prozorima i vratima, dok isturene strehe \u0161tite zidove oslikane pigmentima izvu\u010denim iz lokalnog zemlji\u0161ta.<\/p>\n\n\n\n<p>Milenijumima su drapirana ode\u0107a slu\u017eila kao primarna ode\u0107a. Sari - \u0161est metara tkanine - obavija donji deo tela i, kada se upari sa bluzom \u010dolo, nudi i skromnost i eleganciju. U seoskim poslovima, kra\u0107a ode\u0107a poput gunjua olak\u0161ava rad. Mu\u0161ki dhoti obuhvata struk i noge i \u010desto se uparuje sa langautijem. Oba pola obavijaju tkaninu kao pojas patuka, gde mu\u0161karci mogu uvu\u0107i zakrivljeni no\u017e khukuri. \u0160alovi, turbani (feta, pagri), velovi (gumto) i marame (khata, pa\u010djaura) upotpunjuju tradicionalnu garderobu.<\/p>\n\n\n\n<p>Nepalska kuhinja odra\u017eava geografsku i kulturnu raznolikost. Kolumbijska razmena uvela je krompir, kukuruz i \u010dili papri\u010dice, koji su sada osnovne namirnice. U Teraiju, pirina\u010d i p\u0161enica uspevaju, dok brda favorizuju proso, je\u010dam i heljdu. Tipi\u010dan obrok se sastoji od \u017eitarica - kuvanog pirin\u010da ili dindoa (guste ka\u0161e) - uz so\u010divo, povr\u0107e i kiselo povr\u0107e, za\u010dinjeno belim lukom, \u0111umbirom i regionalnim za\u010dinima. Sveprisutni tanjir, ili tali, aran\u017eira \u010dinije dala, povr\u0107nih karija, \u010datnija i kvasca oko zrna.<\/p>\n\n\n\n<p>Beskvasni hlebovi poput \u010dapatija zamenjuju pirina\u010d u ju\u017enim ravnicama. Campa, pe\u010deno je\u010dmeno bra\u0161no, izdr\u017eava sto\u010dare na velikim nadmorskim visinama. Fermentisano zelenilo poput gundruka obezbe\u0111uje esencijalne vitamine tokom zime. Vegetarijanske zajednice, pod uticajem upani\u0161adskih i budisti\u010dkih doktrina ahimse, odr\u017eavaju prepoznatljive tradicije bez mesa, iako \u0161aktisti\u010dki \u017ertveni obredi osiguravaju da meso ostaje centralno u mnogim ritualima.<\/p>\n\n\n\n<p>Nepal se nalazi me\u0111u najmanje razvijenim zemljama sveta, sa nominalnim BDP-om po glavi stanovnika blizu 1.000 ameri\u010dkih dolara i radnom snagom od 16,8 miliona. Poljoprivreda - \u017eitarice, mahunarke, uljarice, \u0161e\u0107erna trska, juta, duvan i stoka - zapo\u0161ljava preko \u010detvrtine BDP-a; industrija, uklju\u010duju\u0107i tekstil, tepihe, cement i male mline, doprinosi 15 procenata; usluge dominiraju u ostatku. Doznake, uglavnom od nekvalifikovanih radnika u Indiji, Bliskom istoku i Isto\u010dnoj Aziji, iznose preko 8 milijardi ameri\u010dkih dolara, \u0161to je ekvivalentno skoro 30 procenata BDP-a.<\/p>\n\n\n\n<p>Putevi i \u017eeleznice zaostaju u drugim delovima Azije: otprilike 12.000 km asfaltiranih puteva, 16.100 km neasfaltiranih i oskudnih 59 km \u017eelezni\u010dkih pruga na jugu. Autoputevi o\u0161te\u0107eni monsunima izoluju zajednice mesecima. Avijacija povezuje okru\u017ene centre \u2013 47 aerodroma, 11 asfaltiranih pista \u2013 ali lo\u0161e upravljanje u nacionalnom prevozniku, Nepal erlajnsu, dovelo je do stavljanja na crnu listu EU. Zavisnost od indijskih luka zbog izlaza na more komplikuje trgovinu, koja je porasla dvadesettrostruko od 1990. do 2017. godine; preko 60 procenata uvoza i izvoza proti\u010de preko Indije. Turizam, me\u0111utim, nudi obe\u0107anje: milion stranih posetilaca stiglo je 2018. godine, privu\u010deni planinarskim stazama, lokalitetima kulturne ba\u0161tine, parkovima divljih \u017eivotinja i centrima hodo\u010da\u0161\u0107a. Ipak, \u201einfrastrukturna uska grla\u201c, nerazvijene destinacije i problemi sa avio-kompanijama ometaju \u0161irenje.<\/p>\n\n\n\n<p>U svrhu putovanja, Nepal se \u010desto opisuje u pet zona zasnovanih na nadmorskoj visini. Visoki Himalaji, krunisani Mont Everestom i prese\u010deni Velikom Himalajskom stazom, mame planinare i avanturiste. Dolina Katmandua je sidro kulturnih istra\u017eivanja sa svojim pozla\u0107enim svetili\u0161tima i srednjovekovnim trgovima. Srednja brda, uklju\u010duju\u0107i Pokharu i krug Anapurna, spajaju umerene vidike sa seoskim gostoprimstvom. Zapadni Terai obuhvata nacionalne parkove \u010citvan i Bardija, pored Lumbini, Budinog rodnog mesta. Isto\u010dni Terai sadr\u017ei urbane centre poput Biratnagara, uz o\u010duvanje ruralnih tradicija i divljih \u017eivotinja.<\/p>\n\n\n\n<p>Glavne zanimljivosti uklju\u010duju ulice grn\u010darije u Baktapuru; trg Durbar u Patanu, koji je na UNESKO-voj listi svetske ba\u0161tine; hram Janaki u D\u017danakpuru; \u0161erpa pijace na bazaru Nam\u010de; i himalajske panorame Nagarkota. Sveta mesta poput Hale\u0161i i Parpinga \u010duvaju pe\u0107ine za meditaciju i budisti\u010dko predanje.<\/p>\n\n\n\n<p>Posetioci se do\u010dekuju sa \u201eNamaste\u201c \u2013 stisnutim dlanovima i poklonjenom glavom \u2013 pozdrav koji se upu\u0107uje jednom dnevno po osobi. Starije osobe zaslu\u017euju posebno po\u0161tovanje. Cipele i \u0161e\u0161iri se skidaju pre ulaska u domove ili hramove. Desna ruka slu\u017ei za jelo, davanje i primanje; leva je rezervisana za pranje nakon defekacije. Obilazak hrama se odvija u smeru kazaljke na satu za budisti\u010dka mesta; hindusi slede nepisane lokalne obi\u010daje.<\/p>\n\n\n\n<p>Cenkanje na pijacama napreduje zahvaljuju\u0107i dobrom raspolo\u017eenju i me\u0111usobnom po\u0161tovanju. Osobe koje nisu hindusi trebalo bi da po\u0161tuju ograni\u010denja ulaska u odre\u0111ena svetili\u0161ta. Intimno poznavanje lokalnih obi\u010daja \u2013 izbegavanje kontakta sa posudama za kuvanje, tra\u017eenje dozvole pre nego \u0161to se prekora\u010di nekoga, po\u0161tovanje rituala vode i hrane \u2013 obele\u017eava pa\u017eljivog putnika.<\/p>\n\n\n\n<p>Nepalski kontrasti \u2013 od huke himalajskih reka do ti\u0161ine sne\u017enih polja; od gusto isprepletanih nevarskih sokaka do retkih sto\u010darskih logora \u2013 otelotvoruju i nesigurnu krhkost i otpornu gracioznost. NJegovi narodi, jezici i vere svedo\u010de o vekovima razmene na raskrsnici Ju\u017ene i Centralne Azije. Usred politi\u010dkih tranzicija, ekonomskih te\u0161ko\u0107a i ekolo\u0161ke ranjivosti, Nepal opstaje zahvaljuju\u0107i domi\u0161ljatosti poljoprivrednika, umetnosti seljana i posve\u0107enosti hodo\u010dasnika. Razumeti Nepal zna\u010di susresti se sa uzvi\u0161enim i u steni i u ritualu, svedo\u010diti ljudskoj adaptaciji na ivici prirode i prigrliti predeo zadivljuju\u0107ih ekstrema oblikovanih sporim pomeranjem kontinenata i bezgrani\u010dnim kapacitetom ljudskog duha.<\/p>","protected":false},"excerpt":{"rendered":"<p>Nepal, zemlja bez izlaza na more, sme\u0161tena u srcu Ju\u017ene Azije, ima 29.651.054 stanovnika od 2024. godine, \u0161to je 51. mesto u svetu po veli\u010dini stanovni\u0161tva. Ova raznolika nacija, prvenstveno sme\u0161tena na Himalajima sa delovima koji se prote\u017eu do Indo-Gangske ravnice, dom je bogate tapiserije kultura, jezika i pejza\u017ea. Ome\u0111en kineskom autonomnom regijom Tibet na severu i Indijom na jugu, istoku i zapadu, jedinstvena geografija Nepala obuhvata plodne ravnice, subalpska brda po\u0161umljena i osam od deset najvi\u0161ih planina na svetu, uklju\u010duju\u0107i kultni Mont Everest, najvi\u0161i vrh Zemlje.<\/p>","protected":false},"author":1,"featured_media":3656,"parent":24063,"menu_order":0,"comment_status":"closed","ping_status":"closed","template":"elementor_theme","meta":{"_eb_attr":"","footnotes":""},"class_list":["post-15371","page","type-page","status-publish","has-post-thumbnail"],"_links":{"self":[{"href":"https:\/\/travelshelper.com\/sr\/wp-json\/wp\/v2\/pages\/15371","targetHints":{"allow":["GET"]}}],"collection":[{"href":"https:\/\/travelshelper.com\/sr\/wp-json\/wp\/v2\/pages"}],"about":[{"href":"https:\/\/travelshelper.com\/sr\/wp-json\/wp\/v2\/types\/page"}],"author":[{"embeddable":true,"href":"https:\/\/travelshelper.com\/sr\/wp-json\/wp\/v2\/users\/1"}],"replies":[{"embeddable":true,"href":"https:\/\/travelshelper.com\/sr\/wp-json\/wp\/v2\/comments?post=15371"}],"version-history":[{"count":0,"href":"https:\/\/travelshelper.com\/sr\/wp-json\/wp\/v2\/pages\/15371\/revisions"}],"up":[{"embeddable":true,"href":"https:\/\/travelshelper.com\/sr\/wp-json\/wp\/v2\/pages\/24063"}],"wp:featuredmedia":[{"embeddable":true,"href":"https:\/\/travelshelper.com\/sr\/wp-json\/wp\/v2\/media\/3656"}],"wp:attachment":[{"href":"https:\/\/travelshelper.com\/sr\/wp-json\/wp\/v2\/media?parent=15371"}],"curies":[{"name":"wp","href":"https:\/\/api.w.org\/{rel}","templated":true}]}}