{"id":15257,"date":"2024-09-20T20:15:15","date_gmt":"2024-09-20T20:15:15","guid":{"rendered":"https:\/\/travelshelper.com\/staging\/?page_id=15257"},"modified":"2026-03-11T19:09:36","modified_gmt":"2026-03-11T19:09:36","slug":"manila","status":"publish","type":"page","link":"https:\/\/travelshelper.com\/sr\/destinations\/asia\/philippines\/manila\/","title":{"rendered":"Manila"},"content":{"rendered":"<p>Manila je istovremeno politi\u010dko srce Filipina i svedo\u010danstvo ljudske upornosti usred neumoljivih promena. Zvani\u010dno nazvan grad Manila, pola\u017ee pravo na status glavnog grada i drugi je po broju stanovnika, odmah posle Keson Sitija \u2013 1.846.513 du\u0161a zabele\u017eenih 2020. godine \u2013 ipak predstavlja najgu\u0161\u0107e naseljenu gradsku granicu na Zemlji, sa preko 43.600 ljudi po kvadratnom kilometru. Ograni\u010den zalivom Manila na zapadnoj obali Luzona, ubraja se me\u0111u najbogatije regione jugoisto\u010dne Azije, a njegova istorija trgovine koja se prote\u017ee preko Pacifika ozna\u010dava ga kao jedan od prvih globalnih gradova na svetu.<\/p>\n\n\n\n<p>Jezgro Manile le\u017ei na aluvijalnim nanosima reke Pasig, \u010dije vode dele grad na severnu i ju\u017enu polovinu pre nego \u0161to se ulivaju u zaliv. Tokom vekova, obala se pomerala ka spolja kroz opse\u017ene projekte melioracije zemlji\u0161ta - neki su realizovani, drugi samo predlo\u017eeni - kako bi se smestila metropola koja je 2013. godine pokrivala samo 42,88 kvadratnih kilometara. Od 2017. godine, planovi za skoro 1.350 hektara novog zemlji\u0161ta du\u017e obale obe\u0107avali su nove stambene i komercijalne zone; me\u0111utim, zagovornici \u017eivotne sredine upozoravaju da ovi poduhvati mogu ugroziti zajednice koje su ve\u0107 ranjive na poplave, \u010dak i dok Filipini i Holandija zajedni\u010dki izra\u0111uju master plan odr\u017eivog razvoja zaliva Manila.<\/p>\n\n\n\n<p>Mnogo pre nego \u0161to su \u0161panski galeoni po\u010deli da plovi izme\u0111u Akapulka i Intramurosa, utvr\u0111ena tagalska dr\u017eava po imenu Majnila \u010duvala je ovaj zaliv. NJen poslednji vladar, Rad\u017ea Sulejman, pao je 1571. godine kod potoka Bangkusaj, otvaraju\u0107i put Migelu Lopezu de Legaspiju da uspostavi kamena utvr\u0111enja Intramurosa. Pod \u0161panskom vla\u0161\u0107u, Manila je slu\u017eila kao prestonica Isto\u010dne Indije, upravljana iz Meksiko Sitija, i postala je klju\u010dna ta\u010dka u prvoj neprekidnoj mre\u017ei globalne trgovine. Godine 1901. postala je prvi grad u zemlji sa poveljom; 1949. godine stekla je autonomiju prema Revidiranoj povelji grada Manile.<\/p>\n\n\n\n<p>Unutar svojih uskih granica, Manila obuhvata 897 barangaja grupisanih u 100 statisti\u010dkih zona i \u0161est kongresnih okruga. Distrikt I (441.282 stanovnika) obuhvata zapadne delove Tondoa, nekada dom prostrane deponije Smoki Mauntin, a sada srednje spratnih stanova, kao i glavnih severnih lu\u010dkih terminala grada. Distrikt II (212.938) pokriva isto\u010dni Tondo i obuhvata lavirintske tr\u017ene ulice Divizorije. Centar Manile \u2014 Binondo, Kijapo, San Nikolas i Santa Kruz \u2014 \u010dini Distrikt III (220.029), gde Binondo pretenduje na titulu najstarije kineske \u010detvrti na svetu. Sampalok i \u201eUniverzitetski pojas\u201c \u010dine Distrikt IV (277.013), u kojem se nalazi Univerzitet Santo Tomas, najstariji postoje\u0107i univerzitet u Aziji osnovan 1611. godine. Distrikt V (395.065) obuhvata sam Intramuros, zajedno sa Ermitom i Malateom, koji se isti\u010du crkvom San Agustin, koja je pod za\u0161titom UNESKO-a, i katedralom u Manili. Kona\u010dno, Distrikt VI (300.186) prote\u017ee se do Santa Ane, gde crkve iz osamnaestog veka i porodi\u010dne vile podse\u0107aju na mirnija vremena.<\/p>\n\n\n\n<p>Dr\u017ee\u0107i se ekvatora, Manila tokom cele godine do\u017eivljava visoke vru\u0107ine, a temperatura retko pada ispod 19 \u00b0C ili raste iznad 39 \u00b0C. Kratak su\u0161ni period od decembra do aprila ustupa mesto produ\u017eenoj vla\u017enoj sezoni \u2014 sezona tajfuna traje od juna do septembra \u2014 a padavine, iako intenzivne, retko traju ceo dan. Pa ipak, uprkos tome \u0161to je deo regiona poznatog po biodiverzitetu \u2014 od mangrova do koralnih grebena \u2014 zelenih povr\u0161ina unutar urbane mre\u017ee ostaje malo. Godine 2007, Manila je nudila samo 4,5 m\u00b2 parkovske povr\u0161ine po osobi, \u0161to je daleko ispod preporuke SZO od 9 m\u00b2. \u0160umski park Aroseros, enklava od 2,2 hektara autohtonog drve\u0107a i stani\u0161ta ptica pored Pasiga, i dalje je \u201eposlednja plu\u0107a\u201c grada.<\/p>\n\n\n\n<p>Godine 1905, plan \u201eLepota grada\u201c Danijela Bernama te\u017eio je da nametne \u0161iroke avenije i formalne trgove staroj \u0161panskoj \u010detvrti. Me\u0111utim, razaranje 1945. godine, kada su japanske i ameri\u010dke snage sravnile sa zemljom veliki deo izgra\u0111enog okru\u017eenja, izbrisalo je mnoge od tih te\u017enji. Intramuros je pretrpeo velike gubitke; samo nekoliko objekata je moglo biti rekonstruisano. Danas se moderne solitere me\u0161aju sa obnovljenim katedralama Utvr\u0111enog grada, dok zagovornici nasle\u0111a insistiraju na rehabilitaciji neoklasi\u010dnih fasada ulice Eskolta i revitalizaciji zaboravljenih kolonijalnih dragulja. Arhitekte iz \u0161panskog doba osmislile su oblike \u201ebaroka zemljotresa\u201c \u2013 debele zidove i niske profile \u2013 koji su nekada spre\u010davali seizmi\u010dke potrese; savremeni propisi sada nala\u017eu otpornost do zemljotresa magnitude 8,2.<\/p>\n\n\n\n<p>Manilin narod odra\u017eava vekove me\u0161anja. Dok 72,7% ispitanih pojedinaca pokazuje osobine isto\u010dnog, ju\u017enog ili jugoisto\u010dnog azijskog porekla, antropolo\u0161ke studije bele\u017ee afri\u010dke primese (4,5%), evropske (2,7%), ameri\u010dke starosedeoce (7,3%) i hispanske korene (12,7%). Grad ostaje prete\u017eno hri\u0161\u0107anski; od 2010. godine, 93,5% stanovnika se identifikuje kao rimokatolici. Pa ipak, odjeci islamskih, budisti\u010dkih i starosedela\u010dkih verovanja pro\u017eimaju se kroz festivale i rituale zajednice Manile.<\/p>\n\n\n\n<p>Kao vode\u0107i centar zemlje za finansije, maloprodaju, turizam, medije i usluge, Manila je doma\u0107in oko 60.000 preduze\u0107a. NJen BDP, procenjen na 987,88 milijardi \u20b1 u 2023. godini, doprinosi 15 procenata ekonomske proizvodnje Metro Manile. Nacionalni savet za konkurentnost je konstantno rangira me\u0111u tri najve\u0107a grada u zemlji, status koji proizilazi iz robusne infrastrukture, dinami\u010dnog upravljanja i efikasnih javnih usluga. Samo turizam privla\u010di preko milion posetilaca svake godine, \u017eeljnih da istra\u017ee Intramuros, Rizal park, Binondo i druge.<\/p>\n\n\n\n<p>Park Rizal, koji se prostire na 58 hektara, obele\u017eava pogubljenje filipinskog nacionalnog heroja i ozna\u010dava \u201enulti kilometar\u201c za puteve \u0161irom zemlje. Uske ulice Intramurosa prevoze posetioce pored obnovljene katedrale i vekovnih manastira, \u010desto konjskim kolima. Binondova me\u0161avina kineskih hramova, lukova i ku\u0107a sa rezancima nudi \u017eivu hroniku trgova\u010dkih porodica \u010diji su preci stigli 1521. godine. Muzeji \u2013 od Nacionalnog muzejskog kompleksa u parku Rizal do specijalizovanih mesta poput Bahaj Cinoja i Muzeja svetlosti i zvuka Intramuros \u2013 prate umetnost, antropologiju i revolucionarnu istoriju.<\/p>\n\n\n\n<p>Manilske ulice nose nasle\u0111e posleratne snala\u017eljivosti: d\u017eipovi, adaptirani od vi\u0161ka ameri\u010dkih vojnih d\u017eipova, ostaju sveprisutni prizor pored svojih modernih zamena u vidu elektri\u010dnih tricikla. Tricikli i rik\u0161e se provla\u010de kroz u\u017ee trake; ru\u010dno vu\u010dene kolica klize du\u017e napu\u0161tenih \u017eelezni\u010dkih pruga u mu\u010dnim, neregulisanim stazama. LRT sistem \u2013 linije 1 i 2 \u2013 bio je pionir u gradskoj \u017eeleznici u jugoisto\u010dnoj Aziji 1970-ih i nastavlja svoje postepeno \u0161irenje. Jedna prigradska \u017eeleznica povezuje stanicu Tutuban sa provincijom Laguna, dok trajekt Pasig River nudi alternativnu re\u010dnu rutu. Ipak, zagu\u0161enje saobra\u0107aja je i dalje ozlogla\u0161eno; TomTom je rangirao Manilu na drugo mesto u svetu po zastoju u saobra\u0107aju 2019. godine, a uzastopni infrastrukturni planovi \u2013 od novih vijadukta do prigradske \u017eeleznice Sever-Jug \u2013 jo\u0161 uvek nisu doneli olak\u0161anje srazmerno potra\u017enji.<\/p>\n\n\n\n<p>\u010cesti tajfuni, jaki zemljotresi i porast nivoa mora \u010dine Manilu jednim od gradova najvi\u0161e izlo\u017eenih katastrofama na svetu, ali se ipak nalazi me\u0111u najbr\u017ee rastu\u0107im urbanim centrima Jugoisto\u010dne Azije. Vladine inicijative, poput Plana snova za metropolitanski Manilu iz 2014. godine, defini\u0161u prioritetne projekte do 2030. godine za ja\u010danje transporta, stanovanja i otpornosti \u017eivotne sredine. Melioracija zemlji\u0161ta, iako kontroverzna, ima za cilj da obezbedi preko potrebne nekretnine, dok programi distribucije elektri\u010dnih tricikla nastoje da modernizuju lokalni prevoz na odr\u017eiv na\u010din.<\/p>\n\n\n\n<p>Posmatrati Manilu samo kroz prizmu zagu\u0161enja, zaga\u0111enja ili istorijskog razaranja zna\u010di propustiti njen trajni karakter. U njenim isprepletenim uli\u010dicama i blistavim kulama kriju se pri\u010de o carstvu i otporu, o genijalnoj adaptaciji i kulturnoj fuziji. Sam grad mo\u017eda le\u017ei na periferiji multipolarnog metropolitanskog \u0161irenja \u2013 Keson Siti i Makati ga \u010desto zasenjuju trgovinom i no\u0107nim \u017eivotom \u2013 ali Manila ostaje kolevka filipinskog nasle\u0111a. NJene crkve, ku\u0107e predaka, muzeji i parkovi pozivaju na dublje razumevanje narativa jedne nacije. Oni koji se zaustave usred vreve mogu razaznati suptilnu interakciju pro\u0161losti i sada\u0161njosti koja defini\u0161e ovo mesto: grad koji insistira na tome da se u njemu \u017eivi, a ne da se samo posmatra.<\/p>","protected":false},"excerpt":{"rendered":"<p>Manila, glavni i drugi grad po broju stanovnika na Filipinima, ima 1.846.513 stanovnika u 2020. godini, \u0161to ga \u010dini najgu\u0161\u0107e naseljenim gradom na svetu, sa 71.263 stanovnika po kvadratnom kilometru. Ovaj \u017eivahni grad, koji se nalazi na isto\u010dnoj obali zaliva Manila na ostrvu Luzon, poseduje duboku istoriju i aktivnu sada\u0161njost, \u010dime je postao centralno sredi\u0161te filipinske kulture, poslovanja i administracije.<\/p>","protected":false},"author":1,"featured_media":2913,"parent":15241,"menu_order":0,"comment_status":"closed","ping_status":"closed","template":"elementor_theme","meta":{"_eb_attr":"","footnotes":""},"class_list":["post-15257","page","type-page","status-publish","has-post-thumbnail"],"_links":{"self":[{"href":"https:\/\/travelshelper.com\/sr\/wp-json\/wp\/v2\/pages\/15257","targetHints":{"allow":["GET"]}}],"collection":[{"href":"https:\/\/travelshelper.com\/sr\/wp-json\/wp\/v2\/pages"}],"about":[{"href":"https:\/\/travelshelper.com\/sr\/wp-json\/wp\/v2\/types\/page"}],"author":[{"embeddable":true,"href":"https:\/\/travelshelper.com\/sr\/wp-json\/wp\/v2\/users\/1"}],"replies":[{"embeddable":true,"href":"https:\/\/travelshelper.com\/sr\/wp-json\/wp\/v2\/comments?post=15257"}],"version-history":[{"count":0,"href":"https:\/\/travelshelper.com\/sr\/wp-json\/wp\/v2\/pages\/15257\/revisions"}],"up":[{"embeddable":true,"href":"https:\/\/travelshelper.com\/sr\/wp-json\/wp\/v2\/pages\/15241"}],"wp:featuredmedia":[{"embeddable":true,"href":"https:\/\/travelshelper.com\/sr\/wp-json\/wp\/v2\/media\/2913"}],"wp:attachment":[{"href":"https:\/\/travelshelper.com\/sr\/wp-json\/wp\/v2\/media?parent=15257"}],"curies":[{"name":"wp","href":"https:\/\/api.w.org\/{rel}","templated":true}]}}