{"id":15191,"date":"2024-09-20T18:52:04","date_gmt":"2024-09-20T18:52:04","guid":{"rendered":"https:\/\/travelshelper.com\/staging\/?page_id=15191"},"modified":"2026-03-11T20:20:37","modified_gmt":"2026-03-11T20:20:37","slug":"saudijska-arabija","status":"publish","type":"page","link":"https:\/\/travelshelper.com\/sr\/destinations\/asia\/saudi-arabia\/","title":{"rendered":"Saudijska Arabija"},"content":{"rendered":"<p>Saudijska Arabija zauzima ve\u0107i deo Arapskog poluostrva, njene oker pustinje i surove planine prote\u017eu se izme\u0111u 16\u00b0 i 33\u00b0 severne geografske \u0161irine i 34\u00b0 i 56\u00b0 isto\u010dne geografske du\u017eine. Sa otprilike 2,15 miliona kvadratnih kilometara, rangirana je kao peta po veli\u010dini dr\u017eava u Aziji i dvanaesta po veli\u010dini dr\u017eava na svetu. Kraljevina se grani\u010di sa Crvenim morem na zapadu i Persijskim zalivom na istoku, grani\u010de\u0107i se sa Jordanom, Irakom, Kuvajtom, Bahreinom, Katarom, Ujedinjenim Arapskim Emiratima, Omanom i Jemenom; Akabski zaliv je tako\u0111e odvaja od Egipta i Izraela. Rijad, glavni grad i najve\u0107a metropola, kontroli\u0161e \u0161iroke ravnice Ned\u017eda, dok D\u017deda, Meka i Medina predstavljaju centre trgovine i vere. Iako je skoro u potpunosti su\u0161an, teren Saudijske Arabije obuhvata pe\u0161\u010dana mora, planinske visoravni, vulkanska polja i usku priobalnu ravnicu poznatu kao Tihama.<\/p>\n\n\n\n<p>Saga o ljudskom prisustvu na ovoj zemlji se\u017ee do nekih od najranijih migracija iz Afrike. Preislamska Arabija donela je bogate arheolo\u0161ke nalaze: kameno oru\u0111e, natpise na stenama i tragove naselja iz bronzanog doba. Usred tog ogromnog, suncem obasjanog pejza\u017ea nastalo je nekoliko razli\u010ditih kultura, od kojih se svaka prilago\u0111avala oskudnoj vodi i pokretnom pesku. Ti stanovnici pustinje stvorili su trgova\u010dke puteve \u2013 dromedari natovareni tamjanom, smirnom i za\u010dinima provla\u010dili su se preko poluostrva \u2013 postavljaju\u0107i temelje za budu\u0107e urbane centre.<\/p>\n\n\n\n<p>Po\u010detkom sedmog veka, prorok Muhamed je transformisao regionalni milje plemenskih veza i politeisti\u010dkih svetinja u jedinstvenu islamsku dr\u017eavu. Iz Hid\u017eaza, islam se \u0161irio: u roku od nekoliko decenija, arapske vojske su pronele novu veru preko Severne Afrike, u Persiju, Indiju i Iberijsko poluostrvo. Dinastije ro\u0111ene na teritoriji dana\u0161nje Saudijske Arabije \u2013 po\u010dev od Ra\u0161idunskih kalifa (632\u2013661), preko Omejada i Abasida \u2013 vladale su zlatnim doba nauke, trgovine i arhitekture, a njihovo nasle\u0111e vidljivo je u rukopisima, d\u017eamijama i minaretima koji se prote\u017eu od Bagdada do Kordobe.<\/p>\n\n\n\n<p>Moderna dr\u017eava Saudijska Arabija nastala je zahvaljuju\u0107i naporima Abd el-Aziza ibn Sauda. Nakon \u0161to je 1902. godine zauzeo Rijad, on je do 1932. godine spojio Hid\u017eaz, Ned\u017ed, Al-Ahsu i Asir, proglasiv\u0161i Kraljevinu Saudijsku Arabiju. Od tada, neprekinuti niz monarha iz dinastije Saud vladao je kao apsolutni vladari. Osnovni zakon progla\u0161ava islam i verom i pravnom temeljom; arapski slu\u017ei kao zvani\u010dni jezik. Tokom ve\u0107eg dela svoje savremene istorije, dr\u017eava je podr\u017eavala stroga u\u010denja salafizma inspirisanog vehabizmom, iako su poslednje decenije do\u017eivele postepeno ubla\u017eavanje ovla\u0161\u0107enja verske policije i skromne dru\u0161tvene reforme.<\/p>\n\n\n\n<p>Otkri\u0107e nafte 1938. godine transformisalo je ekonomiju zasnovanu na prirodnim resursima u silu ugljovodonika. Saudijska Arabija se nalazi na vrhu drugih najve\u0107ih rezervi nafte na svetu i odr\u017eava vode\u0107u ulogu u okviru OPEK-a. Nafta \u010dini vi\u0161e od polovine fiskalnih prihoda i dve tre\u0107ine izvoza, finansiraju\u0107i ambiciozne infrastrukturne projekte, socijalne programe i dr\u017eavu blagostanja koja obezbe\u0111uje besplatnu zdravstvenu za\u0161titu i univerzitetsko obrazovanje. Klasifikovana kao ekonomija sa visokim prihodima, rangirana je me\u0111u dvadeset najve\u0107ih na svetu po nominalnom BDP-u i me\u0111u deset najve\u0107ih po paritetu kupovne mo\u0107i. Pa ipak, dr\u017eava se tako\u0111e suo\u010dava sa izazovom diverzifikacije van nafte, podsticanja rasta privatnog sektora i integracije mlade radne snage.<\/p>\n\n\n\n<p>Klimatski, Saudijska Arabija je prete\u017eno pustinjska. Letnje temperature u nizijskim ravnicama \u010desto prelaze 45 \u00b0C, povremeno dosti\u017eu\u0107i vrhunac blizu 54 \u00b0C; no\u0107i mogu doneti olak\u0161anje, ali vla\u017enost vazduha du\u017e obale mo\u017ee poja\u010dati nelagodnost. Zime su blage, osim na severu, gde mraz i povremene sne\u017ene padavine pose\u0107uju planine Tabuk i Cirajf. Godi\u0161nja koli\u010dina padavina retko prelazi 100 mm, iako jugozapad - uklju\u010duju\u0107i planinski lanac Asir - prima monsunsku vlagu iz Indijskog okeana, hrane\u0107i terasaste farme i visoravni prekrivene klekom. Vadiji se prostiru preko visoravni, a njihova aluvijalna tla podr\u017eavaju palme urme i male oaze.<\/p>\n\n\n\n<p>Biolo\u0161ki, kraljevstvo obuhvata pet kopnenih ekoregiona: od maglom obasjanih obala Crvenog mora do planinskih \u0161uma Hid\u017eaza i ogromnih dina Prazne \u010detvrti. Fauna je nekada uklju\u010divala arapskog oriksa, geparde i azijske lavove; danas neke vrste pre\u017eivljavaju samo u za\u0161ti\u0107enim rezervatima ili zato\u010deni\u0161tvu. Predatori poput leoparda i prugaste hijene opstaju u planinskim skloni\u0161tima. Koralni grebeni Crvenog mora doma\u0107ini su preko 1200 vrsta riba - deset procenata se ne nalaze nigde drugde - dok ajkule, kornja\u010de i delfini patroliraju njegovim plavim koridorima.<\/p>\n\n\n\n<p>Administrativno, zemlja je podeljena na trinaest regiona i 118 gubernija, a svakim rukovodi guverner ili gradona\u010delnik. Tradicionalne podele \u2013 Hid\u017eaz, Ned\u017ed, Isto\u010dna provincija, Asir i Severna granica \u2013 odra\u017eavaju geografiju, plemenske pripadnosti i istorijsko nasle\u0111e. Urbanizacija je do\u017eivela porast od sredine veka: danas vi\u0161e od osamdeset pet procenata gra\u0111ana \u017eivi u metropolitanskim podru\u010djima, pre svega u Rijadu, D\u017dedi i Damamu.<\/p>\n\n\n\n<p>Demografski gledano, Saudijska Arabija je do 2022. godine brojala preko 32 miliona ljudi, skoro polovina mla\u0111a od dvadeset pet godina. Imigranti \u010dine oko \u010detrdeset dva procenta radne snage, uglavnom iz Ju\u017ene i Jugoisto\u010dne Azije, Afrike i susednih arapskih dr\u017eava. Me\u0111u gra\u0111anima, otprilike devedeset procenata se identifikuje kao sunitski muslimani - uglavnom pristalice salafizma - dok je deset procenata \u0161iita, koncentrisanih u Isto\u010dnoj provinciji. Nemuslimanski iseljenici otvoreno praktikuju svoju veru samo privatno; zakon zabranjuje otpadni\u0161tvo i prozelitizam, a prelazak iz islama nosi stroge kazne.<\/p>\n\n\n\n<p>Jezik ujedinjuje i razdvaja. Standardni arapski jezik je osnova obrazovanja, medija i vlade, dok \u010detiri glavne saudijske dijalekatske grupe - Nad\u017edi, Hid\u017eazi, Zalivski i Ju\u017eni Hid\u017eaz - preovla\u0111uju u svakodnevnom govoru. Manje jezi\u010dke enklave uklju\u010duju jezik Mehri i dijalekte Faifi na jugozapadu. Me\u0111u onima koji nisu dr\u017eavljani, bengalski, tagalog, urdu i levantinski arapski odr\u017eavaju dijasporske zajednice. Znakovni jezik povezuje gluve, kojih ima preko 100.000.<\/p>\n\n\n\n<p>Nasle\u0111e je u sr\u017ei saudijskog identiteta, \u010dak i dok modernizacija menja siluete grada. Meka i Medina ostaju duhovna osovina islama: milioni ljudi svake godine preduzimaju had\u017e i umru kako bi obi\u0161li Kabu ili se molili u Prorokovoj d\u017eamiji. Porodica Al-\u0160aibi zadr\u017eava \u010duvar klju\u010deva Kabe, zadu\u017ebine za koju se ka\u017ee da traje \u0161esnaest vekova. Izvan Hid\u017eaza, stenske crte\u017ei u Hailu i Bir Himi bele\u017ee milenijume ljudskih putovanja. Sedam mesta svetske ba\u0161tine UNESKO-a \u2013 od grobnica od pe\u0161\u010dara u Mada&#039;in Salihu do palata od blatnjave cigle u Dir&#039;iji \u2013 svedo\u010de o davno nestalim civilizacijama.<\/p>\n\n\n\n<p>Kulturna obnova je ubrzana u okviru Vizije 2030, plana reformi pokrenutog 2016. godine. Milijarde su usmerene na o\u010duvanje antikviteta, ja\u010danje muzeja i sponzorisanje arheolo\u0161kih misija. Godine 2024, iskopavanja u Hajbaru otkrila su el-Natah, naselje iz bronzanog doba sa oko 500 stanova, \u0161to nagla\u0161ava duboke korene poluostrva u ranoj civilizaciji. U me\u0111uvremenu, dr\u017eava se otvorila za turisti\u010dki turizm, izdaju\u0107i vize stanovnicima pedeset zemalja i primaju\u0107i nosioce ameri\u010dkih, britanskih ili \u0161engenskih viza po dolasku.<\/p>\n\n\n\n<p>Dru\u0161tveni \u017eivot prepli\u0107e tradiciju i vladavinu. Mu\u0161karci nose tavb, belu haljinu do \u010dlanaka, opasanu kufijom ili gutrom i agalom koji je vezuje; u hladnijim danima, bi\u0161t od kamilje dlake mo\u017ee prekriti ramena. \u017dene nose abaju, crnu gornju haljinu koja se prote\u017ee od vrata do stopala; pokrivala za glavu - hid\u017eab ili nikab - variraju u obliku. Plemenski motivi o\u017eivljavaju vez du\u017e rubova, metalne niti hvataju sun\u010devu svetlost.<\/p>\n\n\n\n<p>Kuhinja odra\u017eava raskrsnicu trgovine i osvajanja. Kabsa - pirina\u010d kuvan sa jagnjetinom ili piletinom - i mandi, njegov mirisni srodnik, predstavljaju primer nacionalne kuhinje. Pljosnati hleb, urme i jogurt prate svaki obrok; kafa, skuvana jaka i za\u010dinjena kardamomom, nosi duboke rituale gostoprimstva. Slatki\u0161i napravljeni od meda i ora\u0161astih plodova pojavljuju se na festivalima i okupljanjima, ukus ju\u017enoazijskih, persijskih i isto\u010dnoafri\u010dkih uticaja prosutih u lokalnu praksu.<\/p>\n\n\n\n<p>Moderna infrastruktura koegzistira sa drevnim karavanskim stazama. Autoputevi seku pustinjska prostranstva; blistavi aerodromi povezuju Rijad i D\u017dedu sa globalnim prestonicama. Pa ipak, u udaljenim krajevima, beduini i dalje prate kamile preko dina, \u010duvaju\u0107i koze i vade\u0107i so iz mineralnih ravnica. Solarne farme cvetaju u suncem obasjanoj praznini, \u0161to je signal poku\u0161aja ekonomije da prevazi\u0111e naftu.<\/p>\n\n\n\n<p>Izazovi se nadvijaju, kao i mogu\u0107nosti. Oslanjanje na stranu radnu snagu ima socijalne i ekonomske tro\u0161kove. Nezaposlenost mladih, koja je i dalje iznad regionalnog proseka, podsti\u010de ulaganja u obrazovanje i tehni\u010dku obuku. Nesta\u0161ica vode zahteva velike projekte desalinizacije i mere za\u0161tite. Grupe za ljudska prava insistiraju na \u0161irem gra\u0111anskom u\u010de\u0161\u0107u i slobodi izra\u017eavanja.<\/p>\n\n\n\n<p>Ipak, Saudijska Arabija kora\u010da ka redefinisanoj ulozi u dvadeset prvom veku. NJen strate\u0161ki polo\u017eaj premo\u0161\u0107uje kontinente; njegovo naftno bogatstvo podr\u017eava geopoliti\u010dki uticaj; njegovo mlado stanovni\u0161tvo nudi i dinamiku i nestabilnost. Dok se kraljevstvo bori sa balansiranjem izme\u0111u vere i reformi, tradicije i inovacija, njegova naracija se odvija u bezbroj registara: odjek poziva na molitvu u zoru, dine oblikovane vetrom Rub el Kalija, mermerni stubovi novih muzeja u Rijadu i bezvremenski pobo\u017eni odlomci had\u017ea. Svaki element doprinosi portretu koji nije ni monolit ni kli\u0161e, ve\u0107 evoluiraju\u0107a sinteza istorije, kulture i te\u017enji.<\/p>","protected":false},"excerpt":{"rendered":"<p>Saudijska Arabija, formalno nazvana Kraljevina Saudijska Arabija (KSA), je velika nacija koja se nalazi u zapadnoj Aziji, uklju\u010duju\u0107i najve\u0107i deo Arapskog poluostrva, sa populacijom od oko 32,2 miliona stanovnika. Ova ogromna nacija, koja se prostire na preko 2.150.000 kvadratnih kilometara, peta je po veli\u010dini zemlja u Aziji i najve\u0107a na Bliskom istoku. NJegov strate\u0161ki polo\u017eaj nalazi ga na raskrsnici kontinenata, okru\u017eenim Crvenim morem na zapadu, Jordanom, Irakom i Kuvajtom na severu, Persijskim zalivom i drugim zalivskim dr\u017eavama na istoku, i Omanom i Jemenom na jugu i jugoistoku.<\/p>","protected":false},"author":1,"featured_media":4533,"parent":24063,"menu_order":0,"comment_status":"closed","ping_status":"closed","template":"elementor_theme","meta":{"_eb_attr":"","footnotes":""},"class_list":["post-15191","page","type-page","status-publish","has-post-thumbnail"],"_links":{"self":[{"href":"https:\/\/travelshelper.com\/sr\/wp-json\/wp\/v2\/pages\/15191","targetHints":{"allow":["GET"]}}],"collection":[{"href":"https:\/\/travelshelper.com\/sr\/wp-json\/wp\/v2\/pages"}],"about":[{"href":"https:\/\/travelshelper.com\/sr\/wp-json\/wp\/v2\/types\/page"}],"author":[{"embeddable":true,"href":"https:\/\/travelshelper.com\/sr\/wp-json\/wp\/v2\/users\/1"}],"replies":[{"embeddable":true,"href":"https:\/\/travelshelper.com\/sr\/wp-json\/wp\/v2\/comments?post=15191"}],"version-history":[{"count":0,"href":"https:\/\/travelshelper.com\/sr\/wp-json\/wp\/v2\/pages\/15191\/revisions"}],"up":[{"embeddable":true,"href":"https:\/\/travelshelper.com\/sr\/wp-json\/wp\/v2\/pages\/24063"}],"wp:featuredmedia":[{"embeddable":true,"href":"https:\/\/travelshelper.com\/sr\/wp-json\/wp\/v2\/media\/4533"}],"wp:attachment":[{"href":"https:\/\/travelshelper.com\/sr\/wp-json\/wp\/v2\/media?parent=15191"}],"curies":[{"name":"wp","href":"https:\/\/api.w.org\/{rel}","templated":true}]}}