{"id":15033,"date":"2024-09-20T14:08:14","date_gmt":"2024-09-20T14:08:14","guid":{"rendered":"https:\/\/travelshelper.com\/staging\/?page_id=15033"},"modified":"2026-03-11T17:39:31","modified_gmt":"2026-03-11T17:39:31","slug":"tel-aviv","status":"publish","type":"page","link":"https:\/\/travelshelper.com\/sr\/destinations\/asia\/israel\/tel-aviv\/","title":{"rendered":"Tel Aviv"},"content":{"rendered":"<p>Tel Aviv-Jafo, \u010desto nazivan jednostavno Tel Avivom, nalazi se na mediteranskoj obali Izraela kao grad kontrasta, gde drevno kamenje i moderni \u010delik koegzistiraju u tihom skladu. Osnovano 1909. godine od strane jevrejskih pionira pod imenom Ahuzat Bajit, naselje je nastalo na pe\u0161\u010danim dinama koje su nekada grani\u010dile sa lukom Jafa iz osmanskog doba. U roku od godinu dana usvojilo je ime Tel Aviv - \u201ePri\u010da o prole\u0107u\u201c - pozajmljeno iz hebrejskog prevoda Nahuma Sokolova romana Teodora Hercla \u201eAlternojland\u201c. Do 1934. godine, Tel Aviv se otcepio od op\u0161tine Jafa; do 1950. godine se formalno ponovo ujedinio pod nazivom Tel Aviv-Jafo, odra\u017eavaju\u0107i i njegovo moderno srce i njegovu milenijumsku prethodnicu.<\/p>\n\n\n\n<p>Geografski gledano, Tel Aviv zauzima oko 52 kvadratna kilometra spljo\u0161tene priobalne ravnice na pribli\u017eno 32\u00b005\u2032 severne geografske \u0161irine, 34\u00b048\u2032 isto\u010dne geografske du\u017eine. NJegova zapadna granica zapljuskuje Sredozemno more, krunisano liticama i lenjim peskom, dok u unutra\u0161njosti reka Jarkon ozna\u010dava zeleni rub. Iako je zemlji\u0161te i dalje peskovito i niske plodnosti, intervencije urbanista - od plana Patrika Gedesa za vrtni grad do nedavne transformacije uga\u0161ene elektrane u park Gan Haha\u0161mal - utkale su zelene povr\u0161ine u urbano tkivo. Danas parkovi zauzimaju skoro petinu gradske povr\u0161ine: samo park Jarkon godi\u0161nje do\u010dekuje oko 16 miliona posetilaca, a godi\u0161nje zatamnjenje za Sat za planetu Zemlju svedo\u010di o ponosu op\u0161tine na status Tel Aviva kao najzelenijeg grada u Izraelu.<\/p>\n\n\n\n<p>Od demografskog vrhunca od oko 390.000 po\u010detkom 1960-ih, stanovni\u0161tvo Tel Aviva je opalo na oko 317.000 tokom 1980-ih, pre nego \u0161to je nastavilo da raste tokom 1990-ih. Od 2025. godine, skoro pola miliona stanovnika ga naziva domom, a predvi\u0111a se da \u0107e taj broj porasti na 600.000 do 2035. godine, prema trenutnim urbanisti\u010dkim planovima. Jevreji razli\u010ditog porekla - A\u0161kenazi, Sefardi, Mizrahi, Etiopljani, Centralnoazijci i drugi - \u010dine preko 90 procenata stanovni\u0161tva, dok arapski muslimani, hri\u0161\u0107ani, Druzi i neklasifikovane grupe popunjavaju ostatak. Hebrejski vlada, ali ruski, arapski, engleski i mno\u0161tvo afri\u010dkih i azijskih jezika o\u017eivljavaju ulice. Zna\u010dajan kontingent stranih radnika i izbeglica uglavnom boravi na jugu, ispunjavaju\u0107i naselja slojevitim dru\u0161tvenim teksturama.<\/p>\n\n\n\n<p>Socioekonomski markeri dele Tel Aviv na severni i ju\u017eni. Severne \u010detvrti poput Ramat Aviva i Afeke mogu se pohvaliti luksuznim rezidencijama, kampusom Univerziteta u Tel Avivu i zelenim prostranstvima parka Jarkon. Ju\u017ene \u010detvrti, nasuprot tome, nose otisak uzastopnih migracija i skromnih prihoda, iako su delovi poput Neve Cedeka - prvog jevrejskog predgra\u0111a u gradu izgra\u0111enog 1887. godine - pro\u0161li kroz pa\u017eljivu restauraciju i sada se po ugledu takmi\u010de sa severom. Centralni Tel Aviv koncentri\u0161e finansije i trgovinu du\u017e autoputa Ajalon, gde se uzvi\u0161eni trio kula Centra Azrijeli nalazi na \u010delu druge najve\u0107e izraelske ekonomije po glavi stanovnika na Bliskom istoku.<\/p>\n\n\n\n<p>Zaista, Tel Aviv se nalazi me\u0111u vode\u0107im svetskim motorima inovacija. Ovaj beta+ globalni grad zauzeo je pedeset tre\u0107e mesto na listi Globalnih finansijskih centara za 2022. godinu, a nalazi se u sredi\u0161tu Silicijumske vadi, izraelskog visokotehnolo\u0161kog koridora. Zona Kirjat Atidim, otvorena 1972. godine, posejala je rano seme; do 2010-ih, broj startapova je sko\u010dio na preko sedamsto, stavljaju\u0107i Tel Aviv na \u010detvrto mesto me\u0111u vode\u0107im globalnim startap ekosistemom. Strane ambasade se ni\u017eu du\u017e njegovih ulica, a broj me\u0111unarodnih posetilaca prelazi 2,5 miliona godi\u0161nje, privu\u010denih pla\u017eama, no\u0107nim \u017eivotom i reputacijom grada kao najskupljeg za stanovanje na svetu.<\/p>\n\n\n\n<p>Tel Avivski multipleks muzeja i kulturnih mesta govori o veku umetni\u010dkog vrenja. NJegova \u010detvrt Beli grad, koja je na listi svetske ba\u0161tine UNESKO-a od 2003. godine, obuhvata preko pet hiljada primera internacionalnog stila i arhitekture Bauhausa, kolektivnog ploda evropskih emigracionih arhitekata koji su be\u017eali od nacizma 1930-ih. Iza drvoredom oivi\u010denih avenija Neve Cedek i Rot\u0161ild bulevara, znamenitosti se kre\u0107u od Muzeja Erec Izrael i Muzeja umetnosti u Tel Avivu do institucija vojne istorije Palmah i Batej Haosef. Ples i muzika cvetaju u Centru Suzan Delal, Heihal HaTarbutu i \u200b\u200bCentru scenskih umetnosti u Tel Avivu, gde se odr\u017eavaju opera, filharmonijski koncerti i savremeni ples.<\/p>\n\n\n\n<p>Jafa ostaje du\u0161a grada \u2013 lavirint kamenih uli\u010dica gde se susre\u0107u arapska i jevrejska istorija. NJena drevna luka, prepuna arheolo\u0161kih ostataka, doma\u0107in je galerijama, kafi\u0107ima i godi\u0161njem Danu otvorenih vrata u Tel Avivu, kada se privatni stanovi i skrivena dvori\u0161ta otvaraju za javnost. Restauracija tamo, i u boemskim ulicama Florentina, negovala je ukus za \u0161arenu uli\u010dnu umetnost, mirisne pijace i kasnono\u0107no veselje, \u0161to u\u010dvr\u0161\u0107uje nadimak Tel Aviva \u201egrad koji nikad ne spava\u201c.<\/p>\n\n\n\n<p>Arhitektonski, Tel Aviv nikada ne prestaje da redefini\u0161e svoju siluetu grada. Kula \u0160alom Meir, podignuta 1965. godine kao prvi neboder u Izraelu, ustupila je mesto sredinom 1990-ih zbog velikog broja solitera. Generalni plan iz 2010. godine ograni\u010dava izgradnju daljih solitera du\u017e obale kako bi se sa\u010duvao pogled, dok se nove poslovne i hotelske zgrade usmeravaju isto\u010dno od ulice Ibn Gabirol. Zatvaranje aerodroma Sde Dov oslobodilo je zemlji\u0161te na obali za luksuzne solitere, \u010dak i dok nova laka \u017eeleznica u Tel Avivu i predstoje\u0107a metro mre\u017ea obe\u0107avaju da \u0107e promeniti tranzit i gustinu naseljenosti u urbanim sredinama.<\/p>\n\n\n\n<p>Klima je nesumnjivo mediteranska: petomese\u010dna leta traju od juna do oktobra, isprekidana vla\u017enom vru\u0107inom koja mo\u017ee podi\u0107i temperature iznad 35\u00b0C tokom jesenjih ili prole\u0107nih toplotnih talasa. Zime su blage i ki\u0161ovite, sa prose\u010dnim januarskim najvi\u0161im temperaturama oko 18\u00b0C \u200b\u200bi najni\u017eim oko 10\u00b0C; mraz i sneg su gotovo retki. Godi\u0161nja koli\u010dina padavina iznosi oko 528 mm, koncentrisanih izme\u0111u oktobra i aprila.<\/p>\n\n\n\n<p>Kulinarski \u017eivot u Tel Avivu odra\u017eava njegov kosmopolitski DNK. Lokalna hrana deli menije sa globalnim uticajima: falafel se nalazi pored preko stotinu su\u0161i barova, dok sladoled od halve preliven sirupom od urmi i pista\u0107ima svedo\u010di o levantinskoj tradiciji. Kafi\u0107i, pijace i restorani ispunjavaju svaki kraj, zadovoljavaju\u0107i i sekularne i verske potrebe.<\/p>\n\n\n\n<p>Saobra\u0107ajne arterije se zra\u010dno prote\u017eu iz jezgra grada. Ajalonski autoput se prote\u017ee u pravcu sever-jug, povezuju\u0107i se sa nacionalnim rutama prema Haifi i Jerusalimu. Autobusi, taksiji za deljenje (\u0161eruti) i pet \u017eelezni\u010dkih stanica mese\u010dno prevoze preko milion putnika, iako se zbog obele\u017eavanja Subote i praznika obustavlja \u017eelezni\u010dki saobra\u0107aj. U avgustu 2023. godine, prva Crvena linija lake \u017eeleznice po\u010dela je sa radom, dok su LJubi\u010dasta i Zelena linija u izgradnji, a kompletan metro sistem trebalo bi da bude otvoren po\u010detkom 2030-ih.<\/p>\n\n\n\n<p>Religijski i sekularni uticaji koegzistiraju u formalnim institucijama i svakodnevnoj praksi. Vi\u0161e od pet stotina aktivnih sinagoga kre\u0107e se od Velike sinagoge iz 1930-ih do novijih centara sekularnih jevrejskih studija. Desetine crkava slu\u017ee diplomatama i migrantskim zajednicama, dok op\u0161tina doma\u0107in je LGBT zajedni\u010dkog centra koji je temelj parade ponosa sa oko dvesta hiljada u\u010desnika, \u010dine\u0107i Tel Aviv globalnim simbolom tolerancije i urbane vitalnosti.<\/p>\n\n\n\n<p>Od svojih po\u010detnih dana kao malog imanja na dinama Jafe, pa sve do sada\u0161njeg statusa kao ekonomske i kulturne avangarde Izraela, Tel Aviv-Jafo opstaje kao grad definisan stalnom transformacijom. NJegova slojevita naselja, \u017eivahna umetni\u010dka scena i simboli\u010dne pla\u017ee mapiraju pri\u010du o mestu gde se istorija i modernost spajaju \u2013 svedo\u010danstvo o trajnoj interakciji ljudi, mesta i svrhe.<\/p>","protected":false},"excerpt":{"rendered":"<p>\u0422\u0435\u043b \u0410\u0432\u0438\u0432-\u0408\u0430\u0444\u043e, \u043a\u043e\u0458\u0438 \u0441\u0435 \u043d\u0430\u0437\u0438\u0432\u0430 \u0422\u0435\u043b \u0410\u0432\u0438\u0432, \u0458\u0435 \u043d\u0430\u0458\u043d\u0430\u0441\u0435\u0459\u0435\u043d\u0438\u0458\u0438 \u0433\u0440\u0430\u0434 \u0443 \u0438\u0437\u0440\u0430\u0435\u043b\u0441\u043a\u043e\u0458 \u043c\u0435\u0442\u0440\u043e\u043f\u043e\u043b\u0438\u0442\u0430\u043d\u0441\u043a\u043e\u0458 \u0440\u0435\u0433\u0438\u0458\u0438 \u0413\u0443\u0448 \u0414\u0430\u043d, \u0441\u0430 \u043f\u043e\u043f\u0443\u043b\u0430\u0446\u0438\u0458\u043e\u043c \u043e\u0434 474.530 \u0441\u0442\u0430\u043d\u043e\u0432\u043d\u0438\u043a\u0430. \u0421\u043c\u0435\u0448\u0442\u0435\u043d \u0434\u0443\u0436 \u0436\u0438\u0432\u043e\u043f\u0438\u0441\u043d\u0435 \u0438\u0437\u0440\u0430\u0435\u043b\u0441\u043a\u0435 \u043c\u0435\u0434\u0438\u0442\u0435\u0440\u0430\u043d\u0441\u043a\u0435 \u043e\u0431\u0430\u043b\u0435, \u043e\u0432\u0430 \u0434\u0438\u043d\u0430\u043c\u0438\u0447\u043d\u0430 \u043c\u0435\u0442\u0440\u043e\u043f\u043e\u043b\u0438\u0442\u0430\u043d\u0441\u043a\u0430 \u043e\u0431\u043b\u0430\u0441\u0442 \u043f\u043e\u0441\u0442\u0430\u043b\u0430 \u0458\u0435 \u0435\u043a\u043e\u043d\u043e\u043c\u0441\u043a\u043e \u0438 \u0442\u0435\u0445\u043d\u0438\u0447\u043a\u043e \u0458\u0435\u0437\u0433\u0440\u043e \u0437\u0435\u043c\u0459\u0435, \u0435\u0442\u0430\u0431\u043b\u0438\u0440\u0430\u0458\u0443\u045b\u0438 \u0441\u0435 \u043a\u0430\u043e \u0433\u043b\u043e\u0431\u0430\u043b\u043d\u0430 \u0432\u0438\u0441\u043e\u043a\u043e\u0442\u0435\u0445\u043d\u043e\u043b\u043e\u0448\u043a\u0430 \u0435\u043b\u0435\u043a\u0442\u0440\u0430\u043d\u0430. \u0412\u0430\u0436\u043d\u043e\u0441\u0442 \u0433\u0440\u0430\u0434\u0430 \u043f\u0440\u0435\u0432\u0430\u0437\u0438\u043b\u0430\u0437\u0438 \u045a\u0435\u0433\u043e\u0432\u0435 \u0433\u0440\u0430\u043d\u0438\u0446\u0435, \u043f\u043e\u0448\u0442\u043e \u0441\u0435 \u0443 \u045a\u0435\u043c\u0443 \u043d\u0430\u043b\u0430\u0437\u0438 \u0432\u0435\u045b\u0438\u043d\u0430 \u0438\u0437\u0440\u0430\u0435\u043b\u0441\u043a\u0438\u0445 \u0441\u0442\u0440\u0430\u043d\u0438\u0445 \u0430\u043c\u0431\u0430\u0441\u0430\u0434\u0430, \u0458\u0430\u0447\u0430\u0458\u0443\u045b\u0438 \u045a\u0435\u0433\u043e\u0432\u0443 \u0443\u043b\u043e\u0433\u0443 \u043a\u0430\u043e \u043a\u0459\u0443\u0447\u043d\u043e\u0433 \u0441\u0443\u0431\u0458\u0435\u043a\u0442\u0430 \u0443 \u043c\u0435\u0452\u0443\u043d\u0430\u0440\u043e\u0434\u043d\u0438\u043c \u043f\u043e\u0441\u043b\u043e\u0432\u0438\u043c\u0430.<\/p>","protected":false},"author":1,"featured_media":3981,"parent":15000,"menu_order":0,"comment_status":"closed","ping_status":"closed","template":"elementor_theme","meta":{"_eb_attr":"","footnotes":""},"class_list":["post-15033","page","type-page","status-publish","has-post-thumbnail"],"_links":{"self":[{"href":"https:\/\/travelshelper.com\/sr\/wp-json\/wp\/v2\/pages\/15033","targetHints":{"allow":["GET"]}}],"collection":[{"href":"https:\/\/travelshelper.com\/sr\/wp-json\/wp\/v2\/pages"}],"about":[{"href":"https:\/\/travelshelper.com\/sr\/wp-json\/wp\/v2\/types\/page"}],"author":[{"embeddable":true,"href":"https:\/\/travelshelper.com\/sr\/wp-json\/wp\/v2\/users\/1"}],"replies":[{"embeddable":true,"href":"https:\/\/travelshelper.com\/sr\/wp-json\/wp\/v2\/comments?post=15033"}],"version-history":[{"count":0,"href":"https:\/\/travelshelper.com\/sr\/wp-json\/wp\/v2\/pages\/15033\/revisions"}],"up":[{"embeddable":true,"href":"https:\/\/travelshelper.com\/sr\/wp-json\/wp\/v2\/pages\/15000"}],"wp:featuredmedia":[{"embeddable":true,"href":"https:\/\/travelshelper.com\/sr\/wp-json\/wp\/v2\/media\/3981"}],"wp:attachment":[{"href":"https:\/\/travelshelper.com\/sr\/wp-json\/wp\/v2\/media?parent=15033"}],"curies":[{"name":"wp","href":"https:\/\/api.w.org\/{rel}","templated":true}]}}