{"id":15000,"date":"2024-09-20T13:44:55","date_gmt":"2024-09-20T13:44:55","guid":{"rendered":"https:\/\/travelshelper.com\/staging\/?page_id=15000"},"modified":"2026-03-11T13:09:03","modified_gmt":"2026-03-11T13:09:03","slug":"izrael","status":"publish","type":"page","link":"https:\/\/travelshelper.com\/sr\/destinations\/asia\/israel\/","title":{"rendered":"Izrael"},"content":{"rendered":"<p>Sme\u0161ten na isto\u010dnoj obali Sredozemnog mora, Izrael se prostire jedva stotinu kilometara u svom naj\u0161irem delu, ali unutar njegovih granica nalaze se pustinje, plodne doline, drevni gradovi i moderne metropole. Ograni\u010dena Libanom, Sirijom, Jordanom i Egiptom, i dodiruju\u0107i i Sredozemno i Crveno more, ova vitka nacija zauzima zemlju koja je bila svedok milenijuma ljudskog napora, osvajanja i obnove. NJena progla\u0161ena prestonica je Jerusalim, dok Tel Aviv pulsira trgovinom, kulturom i inovacijama. Iako skromnih razmera, izraelski pejza\u017ei i istorija se odvijaju sa takvom gustinom da prkose svakom jednostavnom opisu.<\/p>\n\n\n\n<p>Prote\u017eu\u0107i se od pustinje Negev na jugu, preko Judejske i Samarijske visoravni, do zelenih padina Galileje, izraelski teren otkriva o\u0161tre kontraste. Negev, koji pokriva vi\u0161e od polovine zemlje pod punim suverenitetom, iscrtan je vetrom izvajanim mahte\u0161imom - erozionim kraterima poput Ramona, dugim oko trideset osam kilometara. Dalje na sever, plodna ravnica doline Jezreel otvara se ka niskim priobalnim brdima, dok unutra\u0161nji greben kulminira u jerusalimskoj visoravni na otprilike sedamsto pedeset metara. Isto\u010dno se nalazi Jordanska riftova dolina, deo velikog riftnog sistema koji se prote\u017ee od Sirije do Mozambika. Ovde reka Jordan prolazi od sne\u017ene planine Hermon kroz Galilejsko more pre nego \u0161to se ulije u Mrtvo more, najni\u017eu povr\u0161insku ta\u010dku planete. Priobalna ravnica, uska, ali gusto naseljena, ustupa put ju\u017eno od Eilata Arabi i Zalivu, gde se pustinja susre\u0107e sa toplim vodama Crvenog mora.<\/p>\n\n\n\n<p>Izraelska klima se menja podjednako dramati\u010dno. Du\u017e mediteranske obale, zime su blage i ki\u0161ovite, leta duga i obasjana suncem. U unutra\u0161njosti, polusu\u0161ni Negev trpi vru\u0107e dane i hladne no\u0107i, dok se njegovi ju\u017eni delovi grani\u010de sa pravom pustinjom, gde godi\u0161nja koli\u010dina padavina jedva prelazi nekoliko desetina milimetara. Sneg pada ve\u0107inu godina na visokim vrhovima, uklju\u010duju\u0107i i okolinu Jerusalima; 1942. godine, kibuc Tirat Cvi je zabele\u017eio vru\u0107ih 54 \u00b0C. Padavine se nakupljaju izme\u0111u oktobra i aprila, snabdevaju\u0107i vodonosne slojeve i ljudsku poljoprivredu, ali smanjenje vodnih resursa pokre\u0107e izraelsku domi\u0161ljatost: navodnjavanje kap po kap, solarno zagrevanje vode i desalinizacija su me\u0111u kreativnim odgovorima nacije na oskudicu.<\/p>\n\n\n\n<p>Ispod svog promenljivog neba, Izrael je doma\u0107in izuzetne biodiverzitetnosti. \u010cetiri kopnena ekoregiona \u2013 od mediteranskih \u0161uma do arapskog pustinjskog \u017ebunja \u2013 podr\u017eavaju skoro 2.900 biljnih vrsta, vi\u0161e nego bilo koja druga zemlja po kvadratnom metru u Mediteranskom basenu. \u0160umski pokriva\u010d je porastao sa 2 procenta 1948. godine na preko 8 procenata danas, uglavnom zahvaljuju\u0107i naporima za ponovnu sadnju. Oko 380 rezervata prirode isprekidaju pejza\u017e, \u010duvaju\u0107i endemsko \u017ebunje, ptice selice i retke divlje \u017eivotinje koje se okupljaju du\u017e migracionih puteva izme\u0111u Afrike i Evroazije. U Eilatskom zalivu, koralni grebeni vrve podvodnim \u017eivotom, dok hipersalinske vode Mrtvog mora dozvoljavaju samo izdr\u017eljive mikrobe.<\/p>\n\n\n\n<p>LJudsko prisustvo ovde se\u017ee do Hananejaca, \u010dija su naselja nekada bila rasuta po priobalnim i planinskim zonama. Tokom vekova, kraljevstva su se uzdizala i padala: drevni Izrael i Juda, helenisti\u010dka carstva, rimske provincije, krsta\u0161ke enklave, osmanski okruzi. Svaki talas je ostavljao tvr\u0111ave, cisterne i hramove, koji su sada otkriveni u arheolo\u0161kim parkovima \u0161irom zemlje. Megido i Hacor su lebde\u0107e podzemne vodene tunele koje su Izraelci isklesali oko prvog milenijuma pre nove ere; amfiteatar u Cezareji i ulice sa kolonadama u Beit \u0160eanu evociraju rimsku veli\u010dinu; Masada kruni\u0161e surovo brdo pored Mrtvog mora, spomenik jevrejskoj pobuni, a kasnije simbol otpornosti.<\/p>\n\n\n\n<p>Moderna Dr\u017eava Izrael nastala je usred previranja dvadesetog veka. Cionizam, podstaknut rastu\u0107im evropskim antisemitizmom, tra\u017eio je nacionalnu domovinu u Palestini. Politika britanskog mandata naizmeni\u010dno je podsticala i ograni\u010davala jevrejsku imigraciju. Me\u0111uzajedni\u010dke tenzije su prerasle u gra\u0111anski sukob nakon predloga Ujedinjenih nacija o podeli iz 1947. godine, koji su arapski lideri odbili. Dana 14. maja 1948. Izrael je proglasio nezavisnost. U kratkom ratu koji je usledio, susedne arapske dr\u017eave su izvr\u0161ile invaziju. Sporazumima o primirju iz 1949. godine, Izrael je dr\u017eao oko sedamdeset sedam procenata prethodnog mandata, dok su stotine hiljada palestinskih Arapa pobegle ili su proterane u onome \u0161to nazivaju Nakbom.<\/p>\n\n\n\n<p>U narednim decenijama, stanovni\u0161tvo Izraela je raslo kako su jevrejski imigranti pristizali iz Evrope, Bliskog istoka i Severne Afrike, uklju\u010duju\u0107i i one koji su proterani ili be\u017eali od rastu\u0107ih nacionalisti\u010dkih pokreta. \u0160estodnevni rat 1967. godine ozna\u010dio je jo\u0161 jednu prekretnicu: Izrael je osvojio Zapadnu obalu, Pojas Gaze, Sinajsko poluostrvo i Golansku visoravan. Vremenom je vratio Sinaj Egiptu prema mirovnom sporazumu iz 1979. godine, ali je anektirao Isto\u010dni Jerusalim i Golansku visoravan \u2013 poteze koje je priznalo malo zemalja. Mir sa Jordanom usledio je 1994. godine. Privremeni sporazumi sa Palestincima iz 1993. godine stvorili su ograni\u010denu samoupravu u delovima Zapadne obale i Gaze, ali sveobuhvatno re\u0161enje ostaje nedosti\u017eno. U 2020-im, Avramovi sporazumi doneli su formalnu normalizaciju sa nekoliko arapskih dr\u017eava, dodatno menjaju\u0107i regionalne odnose.<\/p>\n\n\n\n<p>Upravljanje po\u010diva na Osnovnim zakonima, koji defini\u0161u Izrael kao parlamentarnu demokratiju. Kneset, izabran proporcionalnim sistemom zastupljenosti, bira premijera \u2013 \u0161efa vlade \u2013 i predsednika, uglavnom ceremonijalno. Iako se zemlja mo\u017ee pohvaliti jednim od najvi\u0161ih \u017eivotnih standarda u Aziji i rangirana je na dvadeset petom mestu u svetu po nominalnom bruto doma\u0107em proizvodu, njen politi\u010dki pejza\u017e je slo\u017een. Koalicione vlade \u010desto obuhvataju stranke od sekularnih liberala do verskih konzervativaca, \u0161to odra\u017eava duboke dru\u0161tvene podele oko ravnote\u017ee jevrejske tradicije i demokratskih vrednosti.<\/p>\n\n\n\n<p>Ekonomska dinamika je me\u0111u karakteristi\u010dnim osobinama Izraela. Uprkos oskudnim prirodnim resursima, velika ulaganja u poljoprivredu, tehnologiju i industriju su ga pokrenula od \u0161tednje do prosperiteta. Izrael tro\u0161i vi\u0161e na istra\u017eivanje i razvoj u odnosu na svoju ekonomiju nego bilo koja druga nacija, zaslu\u017eiv\u0161i naziv \u201estartap nacija\u201c. Izrael je doma\u0107in drugog po veli\u010dini startap kompanija na svetu, posle Sjedinjenih Dr\u017eava, i nalazi se na tre\u0107em mestu me\u0111u kompanijama koje se kotiraju na NASDAQ berzi. Intel i Majkrosoft su ovde osnovali svoje prve prekomorske centre za istra\u017eivanje i razvoj; \u200b\u200bdanas, multinacionalni giganti i doma\u0107i inovatori podjednako pokre\u0107u prodore u sajber bezbednosti, medicinskim ure\u0111ajima, ve\u0161ta\u010dkoj inteligenciji i obnovljivim izvorima energije.<\/p>\n\n\n\n<p>Poljoprivreda, nekada ograni\u010dena su\u0161nim zemlji\u0161tem, procvetala je zahvaljuju\u0107i kap po kap navodnjavanju, tehnologijama plastenika i biotehnologiji. Izrael je postigao skoro samodovoljnost u mnogim usevima - citrusima, maslinama, urmama - iako \u017eitarice i govedina ostaju uvoz. Izvoz prelazi sto milijardi dolara godi\u0161nje, obuhvataju\u0107i ma\u0161ine, softver, farmaceutske proizvode, bru\u0161ene dijamante i poljoprivredne proizvode. Turizam je tako\u0111e od vitalnog zna\u010daja: 2017. godine do\u0161lo je rekordnih 3,6 miliona posetilaca, privu\u010denih verskim, istorijskim i prirodnim atrakcijama.<\/p>\n\n\n\n<p>Saobra\u0107ajna infrastruktura odra\u017eava rast nacije. Preko 19.000 kilometara asfaltiranih puteva povezuje gradove i mesta, dok su \u017eelezni\u010dke pruge, obnovljene od 1990-ih, prevezle preko pedeset miliona putnika 2015. godine. Tri me\u0111unarodna aerodroma - Ben Gurion, Ramon i Haifa - povezuju Izrael \u0161irom sveta, a samo Ben Gurion je 2023. godine opslu\u017eio vi\u0161e od dvadeset jedan milion putnika. Luke u Haifi, A\u0161dodu i Eilatu olak\u0161avaju prevoz i teretnih i rekreativnih brodova.<\/p>\n\n\n\n<p>Demografski gledano, Izrael broji oko 9 miliona stanovnika. Jevreji \u010dine pribli\u017eno 74 procenta, Arapi oko 21 procenat, a ostale grupe ostatak. Unutar jevrejske ve\u0107ine, verski identiteti se kre\u0107u od sekularnih (Hiloni) do ultraortodoksnih (Haredi), pri \u010demu ova druga grupa brzo raste i predvi\u0111a se da \u0107e do 2028. godine prema\u0161iti 20 procenata jevrejskih Izraelaca. Arapski, nekada zvani\u010dni jezik, sada ima poseban status pored hebrejskog; engleski, ruski, amharski i francuski su \u0161iroko rasprostranjeni, \u0161to odra\u017eava \u0161arolikost imigrantskih zajednica iz biv\u0161eg Sovjetskog Saveza, Etiopije i Severne Afrike.<\/p>\n\n\n\n<p>Religijska raznolikost prote\u017ee se izvan demografske statistike i u samu geografiju verovanja. Jerusalimski zidani Stari grad sadr\u017ei znamenitosti svete za judaizam, islam i hri\u0161\u0107anstvo: Zapadni zid, kompleks d\u017eamije Al-Aksa i Crkvu Svetog groba. Nazaret, Galilejsko jezero i Safed privla\u010de hri\u0161\u0107anske i jevrejske hodo\u010dasnike, dok Bahai svetski centar u Haifi krasi terasaste vrtove iznad Sredozemnog mora. Druzska mesta hodo\u010da\u0161\u0107a, jermenske enklave i novi pobo\u017eni pokreti doprinose dodatnim slojevima duhovnog pejza\u017ea.<\/p>\n\n\n\n<p>Kulturni \u017eivot u Izraelu prepli\u0107e jevrejske tradicije sa arapskim uticajima. Muzika se kre\u0107e od sefardskih pojanja sefardskih Jevreja do udaraljki Mizrahi pesama, dok arapski makam uti\u010de na mnoge lokalne melodije. Arhitektura podse\u0107a na osmanske kupole pored gradskih ku\u0107a Bauhaus u Tel Avivu, poznatom kao Beli grad. Kuhinja je tako\u0111e fuzija: falafel, humus i \u0161ak\u0161uka dele menije sa \u0161nicelom i kola\u010dima koje su doneli evropski imigranti, a sve to o\u017eivljeno zaatarom, maslinovim uljem i sve\u017eim proizvodima. Otprilike polovina jevrejskih doma\u0107instava po\u0161tuje ko\u0161er zakone o ishrani; ipak, farme svinja i neko\u0161er riba pronalaze svoju ni\u0161u na uglavnom sekularnom tr\u017ei\u0161tu.<\/p>\n\n\n\n<p>Svakodnevni \u017eivot oblikuje hebrejski kalendar. Zvani\u010dni dan odmora je subota, kada javni prevoz u mnogim oblastima prestaje, a prodavnice se zatvaraju. Radne nedelje traju od nedelje do \u010detvrtka \u2014 neki sektori uklju\u010duju petak kao poludnevni \u2014 dok nacionalni praznici obele\u017eavaju poljoprivredne, istorijske i verske prekretnice. Dru\u0161tvene norme cene direktnost u komunikaciji, osobinu koju spolja ponekad do\u017eivljavaju kao grubu, ali je u zemlji cenjena zbog svoje jasno\u0107e.<\/p>\n\n\n\n<p>Posetioci se susre\u0107u i sa toplim gostoprimstvom i sa \u010dvrstim granicama. Stranci \u010desto nude pomo\u0107 besplatno, ali odre\u0111ena pona\u0161anja - neprikladno odevanje u verskim prostorijama, fotografisanje u haredi naseljima tokom Sabata - izazivaju osudu. U jerusalimskim pravoslavnim enklavama, na primer, potrebno je skromno odevanje, a vozilima je zabranjeno kretanje ulicama subotom. Turisti\u010dki vodi\u010di isti\u010du po\u0161tovanje kao neophodno za pozitivnu razmenu.<\/p>\n\n\n\n<p>Snala\u017eenje u slo\u017eenosti Izraela \u2013 njegovim spornim teritorijama, raznolikom stanovni\u0161tvu, \u017eivahnim javnim debatama \u2013 zahteva otvorenost i radoznalost. Zapadna obala i Gaza ostaju pod razli\u010ditim stepenima izraelske kontrole i palestinske administracije, a me\u0111unarodno pravo smatra \u0161irenje naselja tamo nezakonitim. Isto\u010dni Jerusalim i Golanska visoravan su anektirani, iako ve\u0107ina zemalja ne priznaje ove poteze. Razgovori o politici ili izraelsko-palestinskom sukobu mogu biti tereti, odra\u017eavaju\u0107i uverenja ro\u0111ena iz istorije i te\u0161ko\u0107a.<\/p>\n\n\n\n<p>Ipak, pored ovih tenzija le\u017ei impuls ka inovacijama, koegzistenciji i o\u010duvanju. Tehnologije za u\u0161tedu vode, koje su ovde pioniri, sada slu\u017ee su\u0161nim regionima \u0161irom sveta; projekti urbane obnove u Tel Avivu \u010duvaju nasle\u0111e Bauhausa, istovremeno podsti\u010du\u0107i kreativne startap centre. Inicijative za za\u0161titu \u017eivotne sredine imaju za cilj borbu protiv pretnji klimatskih promena, od \u0161irenja solarne energije do za\u0161tite sve manjih mo\u010dvara. Akademske institucije, bolnice i kulturni festivali privla\u010de posetioce i u\u010desnike iz celog sveta.<\/p>\n\n\n\n<p>Za manje od jednog veka, Izrael se transformisao od dr\u017eave u nastajanju u jedno od tehnolo\u0161ki najnaprednijih dru\u0161tava na svetu, dok istovremeno \u010duva drevne ruine i sveta mesta koja odjekuju slojevima ljudske pri\u010de. NJegovi vrhovi i doline, pustinje i obale, gradovi i kibuci nude bezbroj pozornica na kojima se mo\u017ee svedo\u010diti otpornosti, preoblikovanju i slo\u017eenosti. Za putnika - ili nau\u010dnika, ili hodo\u010dasnika - Izrael se opire bilo kojoj pojedina\u010dnoj naraciji. NJegova su\u0161tina se pojavljuje u me\u0111uigri pro\u0161losti i sada\u0161njosti, vere i modernosti, sukoba i kreativnosti, svega sabijenog u zemlju tako malu da se ponekad \u010dini da se more, pustinja i grad dodiruju na jednom horizontu.<\/p>","protected":false},"excerpt":{"rendered":"<p>\u0418\u0437\u0440\u0430\u0435\u043b, \u0444\u043e\u0440\u043c\u0430\u043b\u043d\u043e \u043d\u0430\u0437\u0432\u0430\u043d \u0414\u0440\u0436\u0430\u0432\u0430 \u0418\u0437\u0440\u0430\u0435\u043b, \u0458\u0435 \u043d\u0430\u0446\u0438\u0458\u0430 \u043e\u0434 \u0437\u043d\u0430\u0447\u0430\u0458\u043d\u043e\u0433 \u0438\u0441\u0442\u043e\u0440\u0438\u0458\u0441\u043a\u043e\u0433 \u0437\u043d\u0430\u0447\u0430\u0458\u0430 \u0438 \u0442\u0440\u0435\u043d\u0443\u0442\u043d\u043e\u0433 \u0433\u0435\u043e\u043f\u043e\u043b\u0438\u0442\u0438\u0447\u043a\u043e\u0433 \u0437\u043d\u0430\u0447\u0430\u0458\u0430 \u043a\u043e\u0458\u0430 \u0441\u0435 \u043d\u0430\u043b\u0430\u0437\u0438 \u043d\u0430 \u0458\u0443\u0436\u043d\u043e\u043c \u041b\u0435\u0432\u0430\u043d\u0442\u0443 \u0437\u0430\u043f\u0430\u0434\u043d\u0435 \u0410\u0437\u0438\u0458\u0435. \u041e\u0434 2024. \u0433\u043e\u0434\u0438\u043d\u0435, \u0441\u0442\u0430\u043d\u043e\u0432\u043d\u0438\u0448\u0442\u0432\u043e \u0418\u0437\u0440\u0430\u0435\u043b\u0430 \u0458\u0435 \u043e\u0442\u043f\u0440\u0438\u043b\u0438\u043a\u0435 9,3 \u043c\u0438\u043b\u0438\u043e\u043d\u0430, \u043f\u0440\u0435\u0442\u0435\u0436\u043d\u043e \u043a\u043e\u043d\u0446\u0435\u043d\u0442\u0440\u0438\u0441\u0430\u043d\u043e \u0434\u0443\u0436 \u043e\u0431\u0430\u043b\u0435 \u0421\u0440\u0435\u0434\u043e\u0437\u0435\u043c\u043d\u043e\u0433 \u043c\u043e\u0440\u0430 \u0438 \u0443 \u0446\u0435\u043d\u0442\u0440\u0430\u043b\u043d\u0438\u043c \u0431\u0440\u0434\u0438\u043c\u0430. \u0421\u0442\u0440\u0430\u0442\u0435\u0448\u043a\u0430 \u043b\u043e\u043a\u0430\u0446\u0438\u0458\u0430 \u0437\u0435\u043c\u0459\u0435 \u043d\u0430 \u0438\u0441\u0442\u043e\u0447\u043d\u043e\u043c \u043a\u0440\u0430\u0458\u0443 \u0421\u0440\u0435\u0434\u043e\u0437\u0435\u043c\u043d\u043e\u0433 \u043c\u043e\u0440\u0430 \u043d\u0430\u043b\u0430\u0437\u0438 \u0458\u0435 \u043d\u0430 \u0440\u0430\u0441\u043a\u0440\u0441\u043d\u0438\u0446\u0438 \u0415\u0432\u0440\u043e\u043f\u0435, \u0410\u0437\u0438\u0458\u0435 \u0438 \u0410\u0444\u0440\u0438\u043a\u0435, \u043f\u043e\u0431\u043e\u0459\u0448\u0430\u0432\u0430\u0458\u0443\u045b\u0438 \u045a\u0435\u043d\u043e \u0440\u0430\u0437\u043d\u043e\u043b\u0438\u043a\u043e \u043a\u0443\u043b\u0442\u0443\u0440\u043d\u043e \u043d\u0430\u0441\u043b\u0435\u0452\u0435 \u0438 \u0441\u043b\u043e\u0436\u0435\u043d\u0443 \u0433\u0435\u043e\u043f\u043e\u043b\u0438\u0442\u0438\u0447\u043a\u0443 \u0434\u0438\u043d\u0430\u043c\u0438\u043a\u0443.<\/p>","protected":false},"author":1,"featured_media":4023,"parent":24063,"menu_order":0,"comment_status":"closed","ping_status":"closed","template":"elementor_theme","meta":{"_eb_attr":"","footnotes":""},"class_list":["post-15000","page","type-page","status-publish","has-post-thumbnail"],"_links":{"self":[{"href":"https:\/\/travelshelper.com\/sr\/wp-json\/wp\/v2\/pages\/15000","targetHints":{"allow":["GET"]}}],"collection":[{"href":"https:\/\/travelshelper.com\/sr\/wp-json\/wp\/v2\/pages"}],"about":[{"href":"https:\/\/travelshelper.com\/sr\/wp-json\/wp\/v2\/types\/page"}],"author":[{"embeddable":true,"href":"https:\/\/travelshelper.com\/sr\/wp-json\/wp\/v2\/users\/1"}],"replies":[{"embeddable":true,"href":"https:\/\/travelshelper.com\/sr\/wp-json\/wp\/v2\/comments?post=15000"}],"version-history":[{"count":0,"href":"https:\/\/travelshelper.com\/sr\/wp-json\/wp\/v2\/pages\/15000\/revisions"}],"up":[{"embeddable":true,"href":"https:\/\/travelshelper.com\/sr\/wp-json\/wp\/v2\/pages\/24063"}],"wp:featuredmedia":[{"embeddable":true,"href":"https:\/\/travelshelper.com\/sr\/wp-json\/wp\/v2\/media\/4023"}],"wp:attachment":[{"href":"https:\/\/travelshelper.com\/sr\/wp-json\/wp\/v2\/media?parent=15000"}],"curies":[{"name":"wp","href":"https:\/\/api.w.org\/{rel}","templated":true}]}}