{"id":14797,"date":"2024-09-20T09:51:48","date_gmt":"2024-09-20T09:51:48","guid":{"rendered":"https:\/\/travelshelper.com\/staging\/?page_id=14797"},"modified":"2026-03-11T17:39:09","modified_gmt":"2026-03-11T17:39:09","slug":"japan","status":"publish","type":"page","link":"https:\/\/travelshelper.com\/sr\/destinations\/asia\/japan\/","title":{"rendered":"Japan"},"content":{"rendered":"<p>Japan je ostrvska dr\u017eava u Isto\u010dnoj Aziji, sme\u0161tena poput finog poteza \u010detkicom na ivici Tihog okeana. NJena glavna kopnena masa obuhvata \u010detiri glavna ostrva - Hokaido, Hon\u0161u, \u0160ikoku i Kju\u0161u - zajedno sa vi\u0161e od \u010detrnaest hiljada manjih ostrva koja se prostiru preko skoro 3.000 kilometara od hladnog u\u0161\u0107a Ohotskog mora na severu do suptropskih voda Isto\u010dnog kineskog mora na jugu. Pokrivaju\u0107i 377.975 kvadratnih kilometara, Japan balansira izme\u0111u surovih planina i gustih \u0161uma sa uskim priobalnim ravnicama, gde tri \u010detvrtine njegovog terena ograni\u010dava poljoprivrednu aktivnost i urbana naselja na isto\u010dne obale.<\/p>\n\n\n\n<p>Geolo\u0161ki gledano, Japan zauzima nestabilno mesto na Pacifi\u010dkom vatrenom prstenu. Zemljotresi talasaju kroz njegova ostrva sa uznemiruju\u0107om u\u010destalo\u0161\u0107u, a vulkanski kupe \u2013 preko stotinu njih aktivnih \u2013 probijaju nebo u tihom svedo\u010danstvu podzemnih sila. Se\u0107anje na Veliki zemljotres u Tokiju 1923. godine, koji je odneo vi\u0161e od 140.000 \u017eivota, ostaje u kolektivnoj svesti nacije, kao i noviji potresi: Veliki zemljotres Han\u0161in 1995. godine i potres u Tohokuu 2011. godine, koji je izazvao razorni cunami i nuklearnu krizu.<\/p>\n\n\n\n<p>Klima se zna\u010dajno menja od severa ka jugu. Na Hokaidu, zime traju duge, ledene sezone, a jezera i polja le\u017ee pod debelim pokriva\u010dima snega. Kre\u0107u\u0107i se ka jugu, zapadna obala Hon\u0161ua izaziva i hladno\u0107u i vlagu, a vetrovi Japanskog mora gomilaju sne\u017ene nanose svake zime. Visoravri u centru Hon\u0161ua do\u017eivljavaju velike sezonske temperaturne promene, dok se pacifi\u010dka obala ispod Tokija i Osake pe\u010de tokom vla\u017enih leta, a zimi omek\u0161ava pod povremenim mrazem. Na jugu, ostrva Rjukju i Nanpo ose\u0107aju suptropske ki\u0161e, \u010diju toplinu prekidaju samo monsunski front po\u010detkom maja i dolazak tajfuna kasno u leto.<\/p>\n\n\n\n<p>\u017divi svet odra\u017eava ovu raznolikost zemlji\u0161ta i klime. \u0160ume, koje pokrivaju dve tre\u0107ine arhipelaga, pru\u017eaju sme\u0161taj za vi\u0161e od devedeset hiljada vrsta. Sme\u0111i medvedi se kre\u0107u u borovim \u0161umama Hokaida; japanski makaki lenjo se opu\u0161taju u vrelim onsen bazenima; retkosti poput d\u017einovskog salamandera prolaze kroz planinske potoke. U unutra\u0161njosti, drevne vode jezera Biva teku ispod javorovih i kedrovih \u0161uma; du\u017e obale, mo\u010dvare i mo\u010dvare do\u010dekuju ptice selice na pedeset tri Ramsarska mesta \u0161irom zemlje.<\/p>\n\n\n\n<p>LJudska naselja na ovim ostrvima datiraju najmanje \u010detrdeset hiljada godina unazad, ulaze\u0107i u arheolo\u0161ke zapise u gornjem paleolitu. Iz razli\u010ditih grupa lovaca-sakuplja\u010da nastale su regionalne politike, koje su se do \u010detvrtog veka spojile u dvorska kraljevstva pod carem na mestu koje je danas Nara. To doba je podstaklo prvu sintezu stranih verovanja i autohtonih obreda: budizam je stigao iz Koreje, konfu\u010dijanske i taoisti\u010dke ideje su doprle iz Kine, a \u0161intoisti\u010dke prakse duboko ukorenjene u ritualima i mitologiji proistekle su iz lokalnog po\u0161tovanja prirode.<\/p>\n\n\n\n<p>Do dvanaestog veka, vojni vladari poznati kao \u0161oguni imali su de fakto vlast, predsedavaju\u0107i samurajskim hijerarhijama i feudalnim domenima. \u0160ogunati Kamakura i A\u0161ikaga opstali su do burnog doba zara\u0107enih dr\u017eava u \u0161esnaestom veku. Godine 1600, Tokugava Iejasu je uspostavio novi poredak iz Eda (dana\u0161nji Tokio), sprovode\u0107i politiku nacionalne izolacije koja je trajala dva i po veka. Pod Tokugavinim re\u017eimom, dru\u0161tvo je preuzelo krutu klasnu strukturu: samuraji su u\u017eivali \u010dast i privilegije; trgovci, zanatlije i poljoprivrednici su ispunjavali razli\u010dite uloge; odba\u010dene zajednice, burakumini, obavljale su poslove koji su se smatrali ne\u010distima.<\/p>\n\n\n\n<p>Dolazak crnih brodova komodora Perija 1853. godine prekinuo je izolaciju ostrva. U roku od petnaest godina, \u0161ogunat Tokugava je pao, a car Meid\u017ei je povratio stvarnu mo\u0107. Japanski period Meid\u017ei odvijao se u naletu reformi: feudalni domeni su se raspali, \u017eeleznice su \u0161irile \u010deli\u010dne trake po zemlji, fabrike su se \u0161irile na priobalnim ravnicama, a carska vojska je mar\u0161irala u inostranstvo. Industrijski rast je izbacio naciju na svetsku scenu, ali je tako\u0111e posejao militaristi\u010dke ambicije. Do kraja devetnaestog veka, Japan se borio za uticaj u Koreji i Kini; do 1937. godine pokrenuo je potpunu invaziju na Kinu, a 1941. godine napao je Sjedinjene Dr\u017eave i evropske kolonije.<\/p>\n\n\n\n<p>Poraz je do\u0161ao 1945. godine nakon bombardovanja gradova zapaljivim bombama i atomske eksplozije iznad Hiro\u0161ime i Nagasakija. Pod savezni\u010dkom okupacijom, Japan je prepisao svoj ustav, odustaju\u0107i od rata \u010dak i dok je gradio snage samoodbrane. Posleratni porast proizvodnje doveo je do motocikala, automobila i elektronike koji su \u201eProizvedeno u Japanu\u201c donosili natpis \u201eProizvedeno u Japanu\u201c u doma\u0107instva \u0161irom sveta. Do 1960-ih, ekonomski oporavak se ubrzao do zapanjuju\u0107eg rasta: autoputevi i brzi vozovi povezivali su gradove; neboderi su signalizirali korporativnu mo\u0107; \u017eivotni standard je naglo porastao.<\/p>\n\n\n\n<p>Danas je Japan ustavna monarhija sa dvodomnim zakonodavnim telom, Nacionalnom skup\u0161tinom. Car slu\u017ei kao ceremonijalna figura; politi\u010dka mo\u0107 po\u010diva na izabranim skup\u0161tinama i imenovanom premijeru. Japan se smatra jedinim azijskim \u010dlanom Grupe sedam, ali njegov ustav iz 1947. godine zabranjuje raspore\u0111ivanje vojne sile za osvajanje. Ipak, njegove snage samoodbrane su me\u0111u najbolje opremljenim na svetu, a bezbednosna partnerstva sa Sjedinjenim Dr\u017eavama svrstala su Tokio me\u0111u najranije glavne saveznike Va\u0161ingtona van NATO-a.<\/p>\n\n\n\n<p>Ekonomski gledano, Japan je peti najve\u0107i na svetu po nominalnom BDP-u. Fabrike rade u regionima \u010cubu i Kanto, proizvode\u0107i automobile, poluprovodnike i preciznu opremu. Laboratorije za robotiku usavr\u0161avaju automatizaciju koja oblikuje fabrike od Osake do Jokohame. Pa ipak, nacija se tako\u0111e suo\u010dava sa rastu\u0107im javnim dugom \u2013 koji se pribli\u017eava dva i po puta ve\u0107em od BDP-a \u2013 i stopom siroma\u0161tva iznad 15 procenata uprkos niskoj nezaposlenosti. Model orijentisan na izvoz povezuje Japan sa tr\u017ei\u0161tima od Kine do Sjedinjenih Dr\u017eava, ali energetska zavisnost \u2013 posebno od uvoznih fosilnih goriva \u2013 \u010dini ekonomiju ranjivom na globalne promene cena.<\/p>\n\n\n\n<p>Demografski gledano, Japan se nalazi na raskrsnici. NJegova populacija od 123 miliona dostigla je vrhunac poslednjih godina; do 2025. godine, jedan od \u010detiri stanovnika prelazi \u0161ezdeset pet godina. Niska stopa nataliteta tokom celog \u017eivota i zanemarljiva imigracija vode prognoze ka osamdeset osam miliona do 2065. godine. Smanjenje broja \u0161kolskih u\u010dionica i ruralni gradovi ispra\u017enjeni od mladih porodica odjekuju \u0161irom sela, \u010dak i dok dvadeset tri tokijske \u010detvrti ostaju prenaseljene.<\/p>\n\n\n\n<p>Uprkos ovim izazovima, japansko dru\u0161tvo istrajava na temeljima jezika i verovanja. Japanski, \u010dlan japanske porodice jezika, koristi sistem pisanja kand\u017eija i kana koji prepli\u0107e logografe i silabarije. Regionalni jezici \u2013 dijalekti rjukjuana na Okinavi, skoro izumrli Ainu na Hokaidu \u2013 ukazuju na dublje slojeve nasle\u0111a. Me\u0111u verskim praksama, \u0161intoizam i budizam se prepli\u0107u: sveti\u0161ta su doma\u0107ini sezonskih obreda; hramovi \u010duvaju staze osvetljene fenjerima na festivalima fenjera; sekularne ceremonije za ven\u010danja i sahrane uklju\u010duju obe tradicije.<\/p>\n\n\n\n<p>Kulturni \u017eivot pulsira u umetnosti i performansima. Tradicionalni zanati - lakirani proizvodi, grn\u010darija i svileni tekstil - odr\u017eavaju vekovne tehnike uz moderni dizajn. Na sceni, no maske evociraju eteri\u010dne duhove, glumci kabukija transformi\u0161u se u razra\u0111ene kostime, a bunraku lutke do\u010daravaju pri\u010de o lojalnosti i gubitku. Kaligrafi di\u0161u poteze \u010detkicom na papir, dok majstori \u010daja orkestriraju ceremonijalne ritmove \u010dinije, metlice i vode.<\/p>\n\n\n\n<p>Japanska kuhinja u\u017eiva globalno po\u0161tovanje, ali je neodvojiva od svog mesta porekla. Pultovi sa su\u0161ijem u tokijskom okrugu Cukid\u017ei puni su jutarnjih ulova; kaiseki stolovi u Kjotu nude sezonska jela poput haikua u jestivom obliku; hladna mora Hokaida daju bogatu ikru rakova i lososa. Pirina\u010d, soja i morske alge su osnova svakodnevnih obroka; vaga\u0161i slatki\u0161i prate ceremoniju zelenog \u010daja. U svakodnevnom \u017eivotu, \u010dinije ramena i tanjiri karija - poreklom iz Britanske Indije - podjednako predstavljaju udobnost i prakti\u010dnost.<\/p>\n\n\n\n<p>Transportna infrastruktura otelotvoruje i obe\u0107anje i preciznost. Preko milion kilometara puteva povezuje grad i selo; brzi \u0160inkansen vozovi probijaju se kroz tunele brzinom od skoro 300 kilometara na sat; regionalne \u017eeleznice presecaju planine i ravnice. Vazdu\u0161ni saobra\u0107aj ostaje sna\u017ean na 280 aerodroma, a Haneda slu\u017ei kao drugo najprometnije \u010dvori\u0161te u Aziji. Superluke u Tokijskom zalivu i Osaki opslu\u017euju milione kontejnera, odr\u017eavaju\u0107i trgovinu u naciji koju stvaraju uvoz i izvoz.<\/p>\n\n\n\n<p>\u017divot u Japanu odvija se usred koreografije dru\u0161tvenih obi\u010daja. Po\u0161tovanje pro\u017eima svakodnevne interakcije: nakloni isprekidaju pozdrave; vizit karte se razmenjuju u obe ruke; cipele se izuvaju na pragovima. Bonton u javnim prostorima \u2013 tihi vozovi, odvojene kante za sme\u0107e za recikla\u017eu \u2013 otkriva kolektivno insistiranje na obziru. Posetioci u\u010de da izbegavaju da \u0161tapi\u0107i za jelo budu uspravni u pirin\u010du, da se kupaju pre ulaska u zajedni\u010dke kade i da se zahvale i li\u010dno i rukopisno.<\/p>\n\n\n\n<p>Pa ipak, ispod ovih rituala krije se duh adaptacije. Japanska pop kultura prote\u017ee se kroz anime, mangu i video igre, oblikuju\u0107i kulturu mladih u tokijskim sporednim ulicama i ruralnim kafi\u0107ima. Saradnja i konsenzus dr\u017ee hijerarhije na radnom mestu, \u010dak i dok neke \u017eene i manjinske grupe insistiraju na \u0161iroj jednakosti. Usred starenja dru\u0161tva, inovacije u robotici i zdravstvu imaju za cilj da ubla\u017ee teret brige o drugima.<\/p>\n\n\n\n<p>Japan, zemlja kontrasta, balansira izme\u0111u o\u010duvanja i promene. Drevni hramovi stoje blizu staklenih kula; seoski festivali o\u017eivljavaju ulice osvetljene fenjerima dok neonski natpisi svetle iznad njih. U ba\u0161tama, mahovina prekriva kamenje pored sinteti\u010dkih vodopada; u gradovima, papirni fenjeri se nji\u0161u ispod pau\u010dine elektri\u010dnih \u017eica. Upravo ta interakcija se\u0107anja i pronalaska, poniznosti i ambicije, daje Japanu njegov tihi intenzitet i trajno prisustvo na svetskoj sceni.<\/p>","protected":false},"excerpt":{"rendered":"<p>\u0408\u0430\u043f\u0430\u043d, \u043e\u0441\u0442\u0440\u0432\u0441\u043a\u0430 \u0434\u0440\u0436\u0430\u0432\u0430 \u043a\u043e\u0458\u0430 \u0441\u0435 \u043d\u0430\u043b\u0430\u0437\u0438 \u043d\u0430 \u0438\u0441\u0442\u043e\u0447\u043d\u043e\u0458 \u043e\u0431\u0430\u043b\u0438 \u0410\u0437\u0438\u0458\u0435, \u0441\u0430 \u043f\u043e\u043f\u0443\u043b\u0430\u0446\u0438\u0458\u043e\u043c \u043e\u0434 \u043e\u043a\u043e 124 \u043c\u0438\u043b\u0438\u043e\u043d\u0430 \u043e\u0434 2024. \u0433\u043e\u0434\u0438\u043d\u0435, \u0448\u0442\u043e \u0433\u0430 \u0441\u0432\u0440\u0441\u0442\u0430\u0432\u0430 \u043d\u0430 \u0434\u0435\u0432\u0435\u0442\u0443 \u043d\u0430\u0458\u043d\u0430\u0441\u0435\u0459\u0435\u043d\u0438\u0458\u0443 \u0437\u0435\u043c\u0459\u0443 \u043d\u0430 \u0441\u0432\u0435\u0442\u0443. \u041e\u0432\u0430 \u0430\u0440\u0445\u0438\u043f\u0435\u043b\u0430\u0448\u043a\u0430 \u043d\u0430\u0446\u0438\u0458\u0430 \u0441\u0430\u0441\u0442\u043e\u0458\u0438 \u0441\u0435 \u043e\u0434 \u0447\u0435\u0442\u0438\u0440\u0438 \u0433\u043b\u0430\u0432\u043d\u0430 \u043e\u0441\u0442\u0440\u0432\u0430 \u0438 \u043d\u0435\u043a\u043e\u043b\u0438\u043a\u043e \u043c\u0430\u045a\u0438\u0445, \u043a\u043e\u0458\u0438 \u043f\u043e\u043a\u0440\u0438\u0432\u0430\u0458\u0443 \u043f\u043e\u0432\u0440\u0448\u0438\u043d\u0443 \u043e\u0434 377.975 \u043a\u0432\u0430\u0434\u0440\u0430\u0442\u043d\u0438\u0445 \u043a\u0438\u043b\u043e\u043c\u0435\u0442\u0430\u0440\u0430 (145.937 \u043a\u0432\u0430\u0434\u0440\u0430\u0442\u043d\u0438\u0445 \u043c\u0438\u0459\u0430) \u0443 \u0422\u0438\u0445\u043e\u043c \u043e\u043a\u0435\u0430\u043d\u0443. \u041a\u0430\u0440\u0430\u043a\u0442\u0435\u0440\u0438\u0441\u0442\u0438\u0447\u043d\u0430 \u0433\u0435\u043e\u0433\u0440\u0430\u0444\u0441\u043a\u0430 \u043b\u043e\u043a\u0430\u0446\u0438\u0458\u0430 \u0440\u0435\u0433\u0438\u043e\u043d\u0430, \u043e\u043c\u0435\u0452\u0435\u043d\u0430 \u0408\u0430\u043f\u0430\u043d\u0441\u043a\u0438\u043c \u043c\u043e\u0440\u0435\u043c \u043d\u0430 \u0437\u0430\u043f\u0430\u0434\u0443 \u0438 \u043a\u043e\u0458\u0430 \u0441\u0435 \u043f\u0440\u043e\u0442\u0435\u0436\u0435 \u043e\u0434 \u041e\u0445\u043e\u0442\u0441\u043a\u043e\u0433 \u043c\u043e\u0440\u0430 \u043d\u0430 \u0441\u0435\u0432\u0435\u0440\u0443 \u0434\u043e \u0418\u0441\u0442\u043e\u0447\u043d\u043e\u0433 \u043a\u0438\u043d\u0435\u0441\u043a\u043e\u0433 \u043c\u043e\u0440\u0430 \u043d\u0430 \u0458\u0443\u0433\u0443, \u0437\u043d\u0430\u0447\u0430\u0458\u043d\u043e \u0458\u0435 \u0443\u0442\u0438\u0446\u0430\u043b\u0430 \u043d\u0430 \u045a\u0435\u0433\u043e\u0432\u0443 \u0438\u0441\u0442\u043e\u0440\u0438\u0458\u0443, \u043a\u0443\u043b\u0442\u0443\u0440\u0443 \u0438 \u0441\u0432\u0435\u0442\u0441\u043a\u0438 \u0437\u043d\u0430\u0447\u0430\u0458.<\/p>","protected":false},"author":1,"featured_media":5237,"parent":24063,"menu_order":0,"comment_status":"closed","ping_status":"closed","template":"elementor_theme","meta":{"_eb_attr":"","footnotes":""},"class_list":["post-14797","page","type-page","status-publish","has-post-thumbnail"],"_links":{"self":[{"href":"https:\/\/travelshelper.com\/sr\/wp-json\/wp\/v2\/pages\/14797","targetHints":{"allow":["GET"]}}],"collection":[{"href":"https:\/\/travelshelper.com\/sr\/wp-json\/wp\/v2\/pages"}],"about":[{"href":"https:\/\/travelshelper.com\/sr\/wp-json\/wp\/v2\/types\/page"}],"author":[{"embeddable":true,"href":"https:\/\/travelshelper.com\/sr\/wp-json\/wp\/v2\/users\/1"}],"replies":[{"embeddable":true,"href":"https:\/\/travelshelper.com\/sr\/wp-json\/wp\/v2\/comments?post=14797"}],"version-history":[{"count":0,"href":"https:\/\/travelshelper.com\/sr\/wp-json\/wp\/v2\/pages\/14797\/revisions"}],"up":[{"embeddable":true,"href":"https:\/\/travelshelper.com\/sr\/wp-json\/wp\/v2\/pages\/24063"}],"wp:featuredmedia":[{"embeddable":true,"href":"https:\/\/travelshelper.com\/sr\/wp-json\/wp\/v2\/media\/5237"}],"wp:attachment":[{"href":"https:\/\/travelshelper.com\/sr\/wp-json\/wp\/v2\/media?parent=14797"}],"curies":[{"name":"wp","href":"https:\/\/api.w.org\/{rel}","templated":true}]}}