{"id":14785,"date":"2024-09-20T09:34:11","date_gmt":"2024-09-20T09:34:11","guid":{"rendered":"https:\/\/travelshelper.com\/staging\/?page_id=14785"},"modified":"2026-03-11T18:16:36","modified_gmt":"2026-03-11T18:16:36","slug":"kirgistan","status":"publish","type":"page","link":"https:\/\/travelshelper.com\/sr\/destinations\/asia\/kyrgyzstan\/","title":{"rendered":"Kirgistan"},"content":{"rendered":"<p>Kirgistan, zvani\u010dno Kirgistanska Republika, zauzima neravni deo Centralne Azije, \u010dija je teritorija definisana visokim grebenima Tjen \u0160ana i Pamira. Zemlje koje okru\u017euju Kazahstan na severu, Uzbekistan na zapadu, Tad\u017eikistan na jugu i Kina na istoku, republika se prostire izme\u0111u 39\u00b0 i 44\u00b0 severne geografske \u0161irine i 69\u00b0 i 81\u00b0 isto\u010dne geografske du\u017eine. Bi\u0161kek, njen administrativni centar, nalazi se u severnom podno\u017eju, dok se O\u0161 - njen drugi grad i jedno od najstarijih gradskih naselja u regionu - nalazi u blizini plodnih ogranaka Ferganske doline. Dr\u017eava broji ne\u0161to vi\u0161e od sedam miliona stanovnika, uglavnom etni\u010dkih Kirgiza, uz zna\u010dajne uzbekistanske i ruske zajednice. Ovaj \u010dlanak ispituje fizi\u010dke konture Kirgistana, njegovu slo\u017eenu pro\u0161lost i dru\u0161tvene i ekonomske snage koje oblikuju njegovu sada\u0161njost.<\/p>\n\n\n\n<p>LJudsko prisustvo u dana\u0161njem Kirgistanu se\u017ee do nomadskih plemena koja su lutala stepama mnogo pre zabele\u017eenih hronika. Jenisejski Kirgizi su osnovali kaganat do ranog srednjeg veka, samo da bi ih pot\u010dinile uzastopne turske konfederacije. U trinaestom veku, Mongolsko carstvo je uklju\u010dilo region; autohtona vlast se povremeno ponovo javljala pod mongolskim dr\u017eavama naslednicama, a kasnije i pod D\u017dungarskim kanatom. Nakon pada D\u017dungara, Kirgizi i srodne kip\u010dakske grupe \u010dinile su deo Kokandskog kanata do 1876. godine, kada je carska Rusija anektirala teritoriju. Tokom narednih \u0161est decenija, slovenski doseljenici su transformisali ni\u017ee pa\u0161njake u obradivo zemlji\u0161te, dok su povremeno izbijali lokalni ustanci protiv carske regrutacije.<\/p>\n\n\n\n<p>Pod sovjetskom upravom, Kara-Kirgi\u0161ka autonomna oblast je formirana u okviru Ruske Sovjetske Republike, preimenovana u Kirgi\u0161ku Autonomnu Sovjetsku Socijalisti\u010dku Republiku 1926. godine, a status savezne republike je uzdignut 1936. godine. Frunze \u2014 ranije Pi\u0161pek \u2014 postao je glavni grad, a rusifikacija, industrijalizacija i kolektivizacija su promenile dru\u0161tvo. Kirgi\u0161ki jezik je usvojio latini\u010dno, a kasnije i \u0107irili\u010dno pismo, obavezno \u0161kolovanje je unapredilo pismenost, a Ep o Manasu je u\u0161ao u pisani oblik. Sovjetski period je tako\u0111e doneo deportovane manjine \u2014 Nemce, \u010ce\u010dene, Poljake \u2014 \u0161to je doprinelo raznolikosti regiona.<\/p>\n\n\n\n<p>Do 1990. godine, kako su reforme Mihaila Gorba\u010dova oslabile moskovski uticaj, raspolo\u017eenje za nezavisnost dovelo je do izbora Askara Akajeva za predsednika. 31. avgusta 1991. Kirgistan je proglasio suverenitet od Sovjetskog Saveza. Republika je prilagodila svoj ustav, promenila engleski i ruski pravopis kako bi se podudarali sa kirgi\u0161kim endonimom i vratila autohtono ime glavnog grada kao Bi\u0161kek.<\/p>\n\n\n\n<p>Nakon sticanja nezavisnosti, Kirgistan je usvojio sna\u017ean predsedni\u010dki model. Nezadovoljstvo Akajevljevim sve autoritarnijim mandatom podstaklo je \u201eRevoluciju lala 2005. godine\u201c, u kojoj je doveden Kurmanbek Bakijev. Bakijevljeva administracija se tako\u0111e borila sa ustavnim sporovima i optu\u017ebama za izborne zloupotrebe. Godine 2010, narodni nemiri doveli su do dalje tranzicije, a pojavio se parlamentarno-predsedni\u010dki hibrid. Tokom naredne decenije, promena ravnote\u017ee mo\u0107i izme\u0111u izvr\u0161nih i zakonodavnih tela proizvela je polupredsedni\u010dki aran\u017eman sve dok reforme 2021. godine nisu vratile dominantnu predsedni\u010dku ulogu. Tokom ovog perioda, etni\u010dke tenzije \u2013 posebno izme\u0111u kirgiske i uzbekistanske zajednice \u2013 rasplamsavale su se u ju\u017enim pokrajinama, dok su ekonomske te\u0161ko\u0107e i osporavani izbori izazvali periodi\u010dne proteste.<\/p>\n\n\n\n<p>Oko 80 procenata Kirgistana le\u017ei iznad 1.500 metara nadmorske visine. Planinski vrhovi \u010desto prelaze 7.000 metara; D\u017dengi\u0161 \u010cokusu (ranije Vrh Pobede) dosti\u017ee 7.439 metara na kineskoj granici, ozna\u010davaju\u0107i najseverniji vrh na svetu iznad 7.000 metara. Doline - posebno one reka Narin i Kara Darja - koje se vijugaju izme\u0111u grebena hrane Sir Darju, koja je nekada dopirala do Aralskog jezera pre nego \u0161to su njene vode preusmerene za navodnjavanje uzgoja pamuka u nizvodnim dr\u017eavama. Reka \u010cu prelazi sever pre nego \u0161to nastavi u Kazahstan. Obilne zimske sne\u017ene padavine izazivaju prole\u0107ne poplave koje menjaju re\u010dne obale i ugro\u017eavaju naselja nizvodno, dok oticanje napaja brojne hidroelektrane.<\/p>\n\n\n\n<p>Isik-Kul, slano jezero sme\u0161teno na 1.607 metara u severoisto\u010dnom sektoru Tjen \u0160ana, predstavlja drugo najve\u0107e alpsko jezero na svetu, posle jezera Titikaka. NJegovo ime, koje na kirgiskom zna\u010di \u201etoplo jezero\u201c, odra\u017eava odsustvo zimskog leda uprkos hladnim temperaturama vazduha. Obradivo zemlji\u0161te \u010dini manje od 8 procenata ukupne povr\u0161ine; obradive parcele su koncentrisane u severnim ravnicama i na obodu Ferganskog basena. \u0160umovita podru\u010dja sa \u010detinarskim sastojinama ustupaju mesto alpskim livadama, polupustinjskim podno\u017ejima i pustinji na ni\u017eim nadmorskim visinama, podr\u017eavaju\u0107i sedam razli\u010ditih kopnenih ekosistema. Od 2019. godine, globalno istra\u017eivanje je rangiralo Kirgistan na trinaesto mesto po integritetu \u0161umskog pejza\u017ea.<\/p>\n\n\n\n<p>Kontinentalni uticaji dominiraju, ali nadmorska visina pokre\u0107e regionalne kontraste. Ferganska dolina ima suptropsku vru\u0107inu, sa letnjim maksimumima blizu 40 \u00b0C i blagim zimama. Severna podno\u017eja imaju umerene uslove. Unutar visokih lanaca, uslovi se kre\u0107u od suvog kontinentalnog do polarnog; sneg se zadr\u017eava ve\u0107i deo godine iznad 3.000 metara. Zime mogu imati temperature ispod \u201320 \u00b0C u izlo\u017eenim podru\u010djima, \u0161to dovodi do obilnog sne\u017enog pokriva\u010da \u010dak i u nekim ni\u017eim kotlinama u periodima koji traju du\u017ee od mesec dana. U nizijama, prose\u010dna temperatura u januaru je pribli\u017eno \u20136 \u00b0C, dok jul donosi prosek od 24 \u00b0C.<\/p>\n\n\n\n<p>Kirgistan je podeljen na sedam regiona (oblustar) i dva grada od nacionalnog zna\u010daja \u2014 Bi\u0161kek i O\u0161 \u2014 koji deluju van regionalne jurisdikcije. Regioni su podeljeni na \u010detrdeset \u010detiri okruga (ajmaktar), a svakim nadgleda guverner (akim) koga imenuje predsednik preko regionalnih vlasti. Okruzi se dalje dele na ruralne op\u0161tine (ajil okmotu), koje obuhvataju sela koja nemaju poseban op\u0161tinski status. Regioni su: Batken, \u010cuj, D\u017dalal-Abad, Narin, O\u0161, Talas i Isik-Kul. Svaki region odra\u017eava razli\u010dite pejza\u017ee i ekonomske profile \u2014 od planinske udaljenosti Narina do agrarnih prostranstava \u010cuja.<\/p>\n\n\n\n<p>Kirgistan je na 117. mestu na Indeksu ljudskog razvoja i, posle Tad\u017eikistana, drugi je najsiroma\u0161niji me\u0111u centralnoazijskim zemljama. NJegova tranziciona ekonomija u velikoj meri se oslanja na izvoz minerala - posebno zlata, uglja i uranijuma - i na doznake od procenjenih 800.000 Kirgiza koji rade u inostranstvu, uglavnom u Rusiji. Dr\u017eavna banka, Nacionalna banka Kirgi\u0161ke Republike, upravlja emisijom valute - kirgi\u0161kih soma (KGS) - i uskla\u0111uje monetarnu politiku sa fiskalnim reformama. Nakon raspada Sovjetskog Saveza, izvozna tr\u017ei\u0161ta su isparila, \u0161to je primoralo na bolna prilago\u0111avanja: prestanak subvencija na cene, uvo\u0111enje poreza na dodatu vrednost i smanjenje javne potro\u0161nje. Pristupanje Svetskoj trgovinskoj organizaciji 20. decembra 1998. godine signaliziralo je posve\u0107enost liberalizaciji.<\/p>\n\n\n\n<p>Poljoprivreda je 2002. godine doprinela sa preko 35 procenata BDP-a i zapo\u0161ljavala je otprilike polovinu radne snage. Sto\u010darstvo dominira, a ovce, goveda i konji se uzgajaju na planinskim pa\u0161njacima, proizvode\u0107i vunu, meso i mle\u010dne proizvode. Uzgoj useva se fokusira na p\u0161enicu, \u0161e\u0107ernu repu, krompir, pamuk i duvan, iako visoki tro\u0161kovi uvoza agrohemikalija i goriva ograni\u010davaju mehanizaciju, ostavljaju\u0107i mnoge male poljoprivrednike da zapo\u0161ljavaju konje i ru\u010dnu radnu snagu. Prerada poljoprivrednih proizvoda, posebno mle\u010dnih proizvoda, mesa i pamuka, nudi mogu\u0107nosti za ulaganja.<\/p>\n\n\n\n<p>Rudno bogatstvo je osnova metalurgije: va\u0111enje zlata u rudniku Kumtor privuklo je strane partnere, uprkos zabrinutosti za \u017eivotnu sredinu. Razvoj hidroenergije koristi planinski oticaj, sa potencijalom za pro\u0161irenje izvoza elektri\u010dne energije. Rezerve nafte i prirodnog gasa su zanemarljive, \u0161to podsti\u010de uvoz da zadovolji doma\u0107e potrebe.<\/p>\n\n\n\n<p>Do avgusta 2020. godine, broj stanovnika je iznosio pribli\u017eno 6,59 miliona, sa 34,4% mla\u0111ih od 15 godina i 6,2% starijih od 65 godina; gradski stanovnici \u010dine oko jednu tre\u0107inu ukupnog broja, \u0161to daje prose\u010dnu gustinu od 25 ljudi po kvadratnom kilometru. Etni\u010dki Kirgizi \u010dine 77,8%; Uzbeci \u010dine 14,2%, uglavnom na jugu; Rusi \u010dine 3,8%, koncentrisani oko Bi\u0161keka i \u010cuja. Manje grupe uklju\u010duju Dungance, Tad\u017eike, Ujgure, Kazahe i druge, \u0161to ukupno \u010dini preko 80 razli\u010ditih zajednica. Od sticanja nezavisnosti, udeo etni\u010dkih Kirgiza je porastao sa otprilike 50% 1979. godine na preko 70% 2013. godine, jer su mnogi Rusi, Ukrajinci i Nemci emigrirali.<\/p>\n\n\n\n<p>Kirgizi su tradicionalno praktikovali sezonsko sto\u010darstvo, preme\u0161taju\u0107i stoku na planinske pa\u0161njake (d\u017eajlu) leti, borave\u0107i u prenosivim okruglim \u0161atorima zvanim jurte. Uzbeci i Tad\u017eici su se, nasuprot tome, bavili navodnjavanom poljoprivredom u Ferganskoj ravnici. Iako je gradska migracija porasla, ovi obrasci se i dalje zadr\u017eavaju u ruralnim podru\u010djima. U Globalnom indeksu gladi za 2024. godinu, Kirgistan je rangiran na 36. mestu me\u0111u 127 zemalja, sa ocenom od 6,8 klasifikovanom kao niska glad.<\/p>\n\n\n\n<p>Kirgi\u0161ki, turkijski jezik ogranak Kip\u010daka, slu\u017ei kao dr\u017eavni jezik; ruski ima status ko-zvani\u010dnog jezika od 2000. Kirgi\u0161ki jezik koristi \u0107irilicu uvedenu 1941. Reforma zasnovana na latini\u010dnom pismu, po uzoru na prelazak susednog Kazahstana, i dalje je predmet debate; u aprilu 2023. Rusija je obustavila izvoz mle\u010dnih proizvoda nakon \u0161to je predsednik jezi\u010dke komisije predlo\u017eio prelazak na latinicu. Nacionalni radiodifuzni i \u0161tampani mediji rade na oba jezika, iako ruski mediji \u2013 koje podr\u017eava Moskva \u2013 odr\u017eavaju veliku gledanost, posebno u urbanim i severnim okruzima. U Bi\u0161keku, podaci istra\u017eivanja iz 2020. godine pokazali su da 55,6% doma\u0107instava govori ruski kod ku\u0107e, 43,6% kirgi\u0161ki; \u0161irom zemlje, 70,9% koristi kirgi\u0161ki u zemlji. Poslovni i zvani\u010dni poslovi se \u010desto odvijaju na ruskom, iako se parlamentarne sednice sada podrazumevano vode na kirgi\u0161ki uz simultani prevod.<\/p>\n\n\n\n<p>Islam dominira: CIA World Factbook je 2017. godine procenio da se 90% gra\u0111ana identifikuje kao muslimani, uglavnom nekonfesionalnih ili suniti prema hanefitskoj \u0161koli, iako su ankete o samoidentifikaciji iz 2012. godine pokazale da se 64% jednostavno izja\u0161njava kao \u201emuslimani\u201c, a samo 23% je navelo da suniti. Tokom sovjetskog vremena, ateizam je imao zvani\u010dnu vlast; od sticanja nezavisnosti, verski obredi i izgradnja d\u017eamija su se pove\u0107ali, pra\u0107eni pozivima na obnavljanje duhovnih vrednosti. Izve\u0161taj Pjua iz 2009. godine zabele\u017eio je 86,3% pridr\u017eavanja islamu. Male hri\u0161\u0107anske manjine - prete\u017eno ruski pravoslavni, ukrajinski pravoslavni, luteranski, anabaptisti\u010dki i rimokatoli\u010dki - \u010dine oko 7%. Jehovini svedoci broje izme\u0111u 5.000 i 10.000 sledbenika. \u0160a\u010dica Jevreja, uglavnom buharskih i a\u0161kenaskih, je ostala. Narodne i sufijske tradicije opstaju uz obi\u010daje izvedene iz budizma, kao \u0161to je vezivanje molitvenih zastava za sveta drve\u0107a.<\/p>\n\n\n\n<p>Alpska topografija ograni\u010dava puteve na uske doline i visoke prevoje \u2013 \u010desto iznad 3.000 metara \u2013 izlo\u017eene lavinama i klizi\u0161tima. Moderni autoput sever-jug koji povezuje Bi\u0161kek i O\u0161, zavr\u0161en uz podr\u0161ku Azijske banke za razvoj, pobolj\u0161ao je pristup izme\u0111u dolina \u010cuj i Fergana. Postoje planovi za isto\u010dni krak prema Kini. Ukupna du\u017eina puta je pribli\u017eno 34.000 km, od \u010dega je 22.600 km asfaltirano; neasfaltirani delovi, koji \u010dine 7.700 km, postaju opasni u vla\u017enim uslovima.<\/p>\n\n\n\n<p>\u017delezni\u010dka infrastruktura, izgra\u0111ena bez obzira na kasnije granice, sada obuhvata oko 370 km \u0161irokotra\u010dne pruge, koja se retko koristi zbog prekinutih veza sa Uzbekistanom i Kazahstanom. Godine 2022, po\u010deli su radovi na produ\u017eenju od 186 km od Balik\u010dija do Karake\u010da za transport uglja; do juna 2023. godine otvorena je pruga Balik\u010di\u2013Bi\u0161kek. \u017deleznica Kina\u2013Kirgistan\u2013Uzbekistan, deo inicijative \u201ePojas i put\u201c, trebalo bi da po\u010dne sa izgradnjom u julu 2025. godine, prostiru\u0107i se na 523 km kroz tri dr\u017eave.<\/p>\n\n\n\n<p>Centri vazdu\u0161nog saobra\u0107aja su na me\u0111unarodnom aerodromu Manas blizu Bi\u0161keka, sa rutama do Moskve, Almatija, Istanbula i Dubaija; aerodrom O\u0161 nudi svakodnevne usluge do prestonice i letove do glavnih ruskih i centralnoazijskih gradova. D\u017dalal-Abad odr\u017eava veze sa Bi\u0161kekom i sezonske veze sa Isik-Kulom. Mnogi aerodromi iz sovjetskog doba ostaju neaktivni ili su ograni\u010deni na vojnu upotrebu. Kirgistanski prevoznici se nalaze na listi zabranjenih avio-kompanija Evropske unije zbog bezbednosnih razloga.<\/p>\n\n\n\n<p>Planinski pejza\u017ei, alpska jezera i lokaliteti kulturne ba\u0161tine defini\u0161u privla\u010dnost Kirgistana. Na severnoj obali Isik-Kula nalaze se odmarali\u0161ta u \u010colpon-Ati, Kara-Oju i Bosteriju; godi\u0161nji broj posetilaca dostigao je vrhunac od milion u periodu 2006\u20132007. godine, pre nego \u0161to je regionalna nestabilnost smanjila broj posetilaca. Alajska dolina i jezero Son-Kul privla\u010de sto\u010dare i planinare tokom letnjeg nomadstva. Rezervat prirode Sari-\u010celek nudi planinarenje me\u0111u glacijalnim jezerima i me\u0161ovitim \u0161umama. Kameni karavansaraj Ta\u0161 Rabata, koji datira iz petnaestog veka, nalazi se du\u017e nekada\u0161njih ruta Puta svile. Kula Burana, minaret iz desetog veka u blizini Tokmoka, podse\u0107a na prestonicu Balasaguna. Nacionalni park Ala Ar\u010da, pola sata od Bi\u0161keka, ima vrhove preko 4.000 metara i obele\u017eene staze.<\/p>\n\n\n\n<p>Gradski posetioci istra\u017euju trgove, muzeje i bazar iz sovjetskog doba u Bi\u0161keku; prostrana pijaca na otvorenom u O\u0161u radi svakodnevno u blizini Sulejman-Toa, jedinog mesta svetske ba\u0161tine UNESKO-a u zemlji. Seoska naselja poput Arslanboba, poznatog po \u0161umama oraha i islamskom hodo\u010da\u0161\u0107u, ili Ko\u010dkora, kapije ka planinarskim stazama Song-Kul, predstavljaju lokalne zanate i pastoralni na\u010din \u017eivota. Putnici mogu da odsednu u jurtama, probaju be\u0161barmak i manti, i da prisustvuju festivalima koji prikazuju konji\u010dke sportove, muziku i usmenu poeziju. U odabranim dolinama postoje i usluge lova, ribolova i heli-skijanja.<\/p>\n\n\n\n<p>S obzirom na zapadnja\u010dke dru\u0161tvene norme \u2014 uprkos nominalnoj muslimanskoj ve\u0107ini \u2014 kodeksi obla\u010denja ostaju opu\u0161teni u gradovima, iako se konzervativno odevanje preporu\u010duje u ju\u017enim ruralnim okruzima. Sitan kriminal je porastao poslednjih godina; preporu\u010duje se oprez nakon mraka u urbanim jezgrima. Slu\u017ebe za hitne slu\u010dajeve reaguju na 101 (vatrogasci), 102 (policija) i 103 (medicinska pomo\u0107), sa me\u0111unarodnim pozivnim brojem +996.<\/p>\n\n\n\n<p>Kirgistan balansira svoju surovu geografiju sa trajnim kulturnim praksama i istorijom koju su oblikovali carstvo i revolucija. NJegova ekonomija se nosi sa zavisno\u0161\u0107u od doznaka i ekstraktivne industrije, dok istovremeno te\u017ei diverzifikaciji kroz hidroenergiju i turizam. Jezi\u010dka dualnost nagla\u0161ava slo\u017eene identitete, a verski \u017eivot spaja tradiciju sa sekularnom upravom. Pobolj\u0161anja transporta nastavljaju da premo\u0161\u0107uju planinske podele, \u010dak i dok se regionalni integracioni projekti naziru. Za one koji prelaze njegove prevoje i doline, Kirgistan predstavlja predeo koji je i zahtevan i privla\u010dan, republiku definisanu svojim konturama koliko i svojim ljudima.<\/p>","protected":false},"excerpt":{"rendered":"<p>Kirgistan, koji se nalazi u centralnoj Aziji, predstavlja primer duboke istorije regiona i zadivljuju\u0107ih prirodnih pejza\u017ea. Zvani\u010dno nazvana Kirgistanska Republika, ova zemlja bez izlaza na more strate\u0161ki se nalazi u planinama Tian Shana i Pamira. Sa populacijom od vi\u0161e od 7 miliona, politi\u010dko i komercijalno sredi\u0161te Kirgistana je Bi\u0161kek, glavni i najve\u0107i grad. Na severu, Kazahstan; na zapadu Uzbekistan; ju\u017eno, Tad\u017eikistan; a na istoku i jugoistoku, Kina, zemlja ima granice sa svakim od ovih naroda, dakle na spoju mnogih civilizacija i uticaja.<\/p>","protected":false},"author":1,"featured_media":3487,"parent":24063,"menu_order":0,"comment_status":"closed","ping_status":"closed","template":"elementor_theme","meta":{"_eb_attr":"","footnotes":""},"class_list":["post-14785","page","type-page","status-publish","has-post-thumbnail"],"_links":{"self":[{"href":"https:\/\/travelshelper.com\/sr\/wp-json\/wp\/v2\/pages\/14785","targetHints":{"allow":["GET"]}}],"collection":[{"href":"https:\/\/travelshelper.com\/sr\/wp-json\/wp\/v2\/pages"}],"about":[{"href":"https:\/\/travelshelper.com\/sr\/wp-json\/wp\/v2\/types\/page"}],"author":[{"embeddable":true,"href":"https:\/\/travelshelper.com\/sr\/wp-json\/wp\/v2\/users\/1"}],"replies":[{"embeddable":true,"href":"https:\/\/travelshelper.com\/sr\/wp-json\/wp\/v2\/comments?post=14785"}],"version-history":[{"count":0,"href":"https:\/\/travelshelper.com\/sr\/wp-json\/wp\/v2\/pages\/14785\/revisions"}],"up":[{"embeddable":true,"href":"https:\/\/travelshelper.com\/sr\/wp-json\/wp\/v2\/pages\/24063"}],"wp:featuredmedia":[{"embeddable":true,"href":"https:\/\/travelshelper.com\/sr\/wp-json\/wp\/v2\/media\/3487"}],"wp:attachment":[{"href":"https:\/\/travelshelper.com\/sr\/wp-json\/wp\/v2\/media?parent=14785"}],"curies":[{"name":"wp","href":"https:\/\/api.w.org\/{rel}","templated":true}]}}