{"id":14752,"date":"2024-09-20T08:45:57","date_gmt":"2024-09-20T08:45:57","guid":{"rendered":"https:\/\/travelshelper.com\/staging\/?page_id=14752"},"modified":"2026-03-11T18:13:30","modified_gmt":"2026-03-11T18:13:30","slug":"tripoli","status":"publish","type":"page","link":"https:\/\/travelshelper.com\/sr\/destinations\/asia\/lebanon\/tripoli\/","title":{"rendered":"Tripoli"},"content":{"rendered":"<p>Tripoli le\u017ei na stenovitom rtu osamdeset jedan kilometar severno od Bejruta, sa pogledom na isto\u010dni Mediteran. Kao drugi najve\u0107i grad u Libanu i glavni grad njegove Severne gubernije, predstavlja najseverniju morsku luku u zemlji. Vekovima je slu\u017eio kao raskrsnica carstava i vera, a njegovo urbano tkivo svedo\u010di o feni\u010danskim mornarima, gr\u010dkim doseljenicima, krsta\u0161kim vitezovima, mamelu\u010dkim guvernerima i osmanskim upravnicima. U uzastopnim slojevima, svaka civilizacija je ostavila kamen i pri\u010du isprepletene, oblikuju\u0107i i njegovu siluetu i dru\u0161tvene konture.<\/p>\n\n\n\n<p>Najranije zabele\u017eeno ime, Atar, pojavljuje se u feni\u010danskim analima iz 14. veka pre nove ere. Gr\u010dki kolonisti koji su ga usledili preimenovali su ga u Tripolis - doslovno \u201etri grada\u201c - i odatle je nastao savremeni arapski \u1e6car\u0101bulus. U arapskom svetu, dobio je naziv a\u0161-\u0160am, \u201eLevanta\u201c, kako bi se razlikovao od svog libijskog imenjaka. Pod krsta\u0161kom vladavinom, Rejmond de Sen \u017dil je podigao prvu tvr\u0111avu 1102. godine, nazvav\u0161i je Mon Pelerin. Citadela je izgorela 1289. godine i ponovo se podigla pod emirom Esendemirom Kurgijem 1307\u20131308. godine. NJena masivna kapija, koju je ispisao Sulejman Veli\u010danstveni, svedo\u010di o kasnijoj osmanskoj obnovi; dalji pohod po\u010detkom 19. veka pod guvernerom Mustafom Agom Barbarom oja\u010dao je njene bedeme i odaje.<\/p>\n\n\n\n<p>Stari grad Tripolija zadr\u017eava trag svojih mamelu\u010dkih renovatora. Ulice se su\u017eavaju kako bi obeshrabrile opsadne ma\u0161ine; svodni mostovi se premo\u0161\u0107uju preko visokih zidina; skrivene pu\u0161karnice su nekada \u0161titile stra\u017ee. Oko krivudavih ulica nalaze se pijace i karavansaraji, hanovi koji su nekada ugostili trgovce koji su putovali ka Alepu ili Damasku. Unutar ovih ulica, zanatlije nastavljaju vekovne zanate - proizvo\u0111a\u010di sapuna presuju maslinovo ulje u tvrde vekove; kova\u010di bakra kuju poslu\u017eavnike; stolari rezbare inkrustirane kutije. Doma\u0107i \u017eubor koegzistira sa odmerenim pozivima na molitvu i zvonima maronitskih i pravoslavnih crkava.<\/p>\n\n\n\n<p>Verska arhitektura iz doba Mameluka tako\u0111e opstaje. Velika d\u017eamija Mansuri, niz gradskih hamama i obli\u017enja medresa al-Utmanija ilustruju me\u0111usobno delovanje funkcije i ornamenta tog perioda. Pet kupatila je sa\u010duvano: Abed, Iz El-Din, Had\u017eeb, D\u017dadid i An-Nuri, poslednje koje je 1333. godine osnovao guverner Nur El-Din blizu Velike d\u017eamije. Kada je Ibn Batutah posetio d\u017eamiju 1355. godine, primetio je \u201elepa kupatila\u201c usred vrtova sa kanalima za vodu \u2013 opis koji i dalje odjekuje u ovim hladnim, kupolastim odajama.<\/p>\n\n\n\n<p>Na kratkoj pe\u0161a\u010dkoj udaljenosti od Starog grada nalazi se trg Al-Tel i njegova Sat-kula, podignuta 1906. godine u \u010dast tridesete godi\u0161njice vladavine sultana Abdul Hamida II. Poklon od osmanskog dvora, njena \u010detiri broj\u010danika i dalje pokazuju vreme nakon renoviranja 1992. godine, kada su vra\u0107eni njeni mehanizmi. U blizini, Citadela stoji kao stra\u017ear, a njeni zidovi od pe\u0161\u010dara dodirnuti su \u010detiri razli\u010dite epohe.<\/p>\n\n\n\n<p>Na obali, kvartet ostrvaca \u2013 Palmina ostrva \u2013 formira rezervat prirode. Najve\u0107e, lokalno poznato kao Ostrvo ze\u010deva, prostire se na otprilike dvadeset hektara. Uvedeni evropski ze\u010devi nekada su pasli njegov pesak za vreme francuskog mandata; danas nudi uto\u010di\u0161te ugro\u017eenim kornja\u010dama glavatim karetama, retkim fokama monahinjama i pticama selicama. Iskopavanja 1973. godine otkrila su naselja iz perioda krsta\u0161a, povezuju\u0107i zelenilo obale sa vekovnim ljudskim prisustvom. UNESKO je proglasio ostrva za\u0161ti\u0107enim 1992. godine, zabranjuju\u0107i paljenje vatre ili kampovanje kako bi se sa\u010duvali i divlji svet i nasle\u0111e.<\/p>\n\n\n\n<p>Iza Ze\u010djeg ostrva nalaze se Bakarska ostrva, nekada iznajmljena kao brodogradili\u0161te pod osmanskom vla\u0161\u0107u Adelu i Hiredinu Abdulvahabu, koja i dalje slu\u017ee pomorskim izvo\u0111a\u010dima radova. Na zapadu, ostrvo Ramkin predstavlja \u0161iroku, pe\u0161\u010danu pla\u017eu iza koje se isti\u010du strme kre\u010dnja\u010dke litice. Zajedno, ova ostrva uokviruju lu\u010dki okrug Tripolija, El Mina, koji se spaja sa samim gradom i formira susednu priobalnu konurbaciju.<\/p>\n\n\n\n<p>Demografski sastav grada odra\u017eava \u0161iri mozaik Libana. Registrovani bira\u010di \u010dinili su preko 92% muslimana 2014. godine, od kojih se oko 82% identifikovalo kao suniti, a 8,7% kao alaviti; hri\u0161\u0107ani su \u010dinili ne\u0161to vi\u0161e od 7%. Danas, hri\u0161\u0107ani - gr\u010dki pravoslavci, maroniti, melkiti, sirijski i jermenski - \u010dine manje od 5% gradskog stanovni\u0161tva. Sunitska naselja poput Bab al-Tabaneha nalaze se opasno blizu D\u017dabal Mohsena, gde ve\u0107inski \u017eive alaviti, a tenzije su se vi\u0161e puta rasplamsavale od 2011. godine, jer su sukobi u susednoj Siriji privukli iste odanosti. Ovi sukobi su potkopali stabilnost Tripolija, pogor\u0161avaju\u0107i ekonomske te\u0161ko\u0107e u gradu koji je dugo bio podeljen izme\u0111u bogatijih trgovaca i siroma\u0161nih \u010detvrti.<\/p>\n\n\n\n<p>Tripoli ima umerenu klimu. Zimske ki\u0161e padaju izme\u0111u decembra i marta, dok leta ostaju su\u0161na. Bliska morska struja ubla\u017eava zimske temperature za otprilike deset stepeni Celzijusa u pore\u0111enju sa dolinama u unutra\u0161njosti; leti, priobalni povetarac sni\u017eava temperature za oko sedam stepeni. Sneg mo\u017ee da pogodi grad najvi\u0161e jednom u deceniji, ali zimske gradne oluje se javljaju sa izvesnom redovno\u0161\u0107u.<\/p>\n\n\n\n<p>Unutar grada, verska raznolikost pronalazi arhitektonski izraz. Iza d\u017eamije Mansuri i srednjovekovnih hamama nalaze se dvadesetak d\u017eamija razli\u010ditog porekla: mamelu\u010dke gra\u0111evine kao \u0161to su d\u017eamija Tajnal, Argun \u0160ah i Al-Atar; osmanske temelje, uklju\u010duju\u0107i Abu Bakr Al-Sidik i Al-Rahma; i impozantna Omar Ibn El-Hatab na obodu starog grada. Hri\u0161\u0107anske znamenitosti uklju\u010duju katedralu Svetog Mihaila (maronitska), Svetog Ilije (gr\u010dko-pravoslavna), Svetog Jefrema (sirijsko-pravoslavna), Svetog Franje (rimokatoli\u010dka), Svetog \u0110or\u0111a (melkitska), Svetog Hokekalusa (jermenska pravoslavna), Gospe od Blagove\u0161tenja (melkitska) i Nacionalnu evangelisti\u010dku crkvu u Tripoliju.<\/p>\n\n\n\n<p>Moderna intervencija, Me\u0111unarodni sajam Ra\u0161id Karami, nalazi se na ju\u017enom prilazu gradu. Zami\u0161ljen 1962. godine od strane brazilskog arhitekte Oskara Nimajera za svetsku izlo\u017ebu, izgradnja je obustavljena 1975. godine sa po\u010detkom gra\u0111anskog rata u Libanu. Petnaest skeletnih, nedovr\u0161enih struktura ostalo je na oko 75 hektara, njihovi zakrivljeni krovovi i pilotiji nagove\u0161tavaju utopijsku viziju zamrznutu u vremenu. Administrativna inercija i epizodni nemiri ostavili su lokaciju uglavnom neiskori\u0161\u0107enom, sa obe strane hotela koji se raspada u zapu\u0161tenosti. Godine 2023, UNESKO je upisao kompleks i na Listu svetske ba\u0161tine i na Listu svetske ba\u0161tine u opasnosti, priznaju\u0107i njegovu kulturnu vrednost i nesigurno stanje.<\/p>\n\n\n\n<p>Prevoz do Tripolija prati tradicionalne rute. Sa stanice \u010carls Helu u Bejrutu, posetioci se mogu ukrcati u autobus sa oznakama na arapskom jeziku \u2013 \u010desto nazvan \u201eTrablos ekspres\u201c \u2013 ili deliti taksi, \u010dija je cena jednaka ceni za \u010detiri osobe. Minibusevi polaze sa stanica Kola i Daura; u centru Tripolija, taksiji za deljene usluge napla\u0107uju 1.000 LL po putniku, a cena se penje na 2.000 LL za du\u017ee rute. Luka uglavnom prevozi teret, ali Med Star upravlja jedinim redovnim putni\u010dkim trajektom u Libanu.<\/p>\n\n\n\n<p>Pijaca u Starom gradu Tripolija ostaje centralna ta\u010dka libanskog kulinarskog i zanatskog nasle\u0111a. Nedeljom ujutru, grupe iz Bejruta se okupljaju u poslasti\u010darnicama Halaba, privu\u010dene lepljivim mamulom i knafehom. Iako mnogi prodavci trguju pod imenom Halab, Rafat Halab (osnovan 1881) i Abdel Rahman Al Halab \u010duvaju neprekinutu lozu poslasti\u010dara iz 19. veka koji je prvi rafinisao tripolitanske slatki\u0161e.<\/p>\n\n\n\n<p>U pejza\u017eu obele\u017eenom ekonomskom nejednako\u0161\u0107u i sporadi\u010dnim nemirima, Tripoli opstaje kao riznica arhitektonskih slojeva i ljudskog napora. NJegove uske ulice i skrivena dvori\u0161ta pokazuju otisak pomoraca, trgovaca i vladara koji su oblikovali grad koji je istovremeno otporan i nenaseljen. Ovde, drevno kamenje i moderne ru\u0161evine izazivaju neprekidni razgovor izme\u0111u pro\u0161losti i sada\u0161njosti, pozivaju\u0107i one koji se zadr\u017ee da otkriju pri\u010de upisane u svaki luk i uli\u010dicu.<\/p>","protected":false},"excerpt":{"rendered":"<p>Tripoli, drugi po veli\u010dini urbani centar u Libanu, nalazi se 81 kilometar severno od Bejruta i procenjuje se da ima oko 730.000 stanovnika. Sme\u0161ten na isto\u010dnom Sredozemnom moru i deluje kao najsevernija morska luka u Libanu, ovaj energi\u010dni grad je sedi\u0161te okruga Tripoli i severne gubernije. Dopunjuju\u0107i manju populaciju alavita i niz hri\u0161\u0107anskih denominacija, uklju\u010duju\u0107i maronite i Jermene, koje pove\u0107avaju kulturnu raznolikost grada, demografski sastav grada je uglavnom sunitski muslimanski.<\/p>","protected":false},"author":1,"featured_media":2828,"parent":14746,"menu_order":0,"comment_status":"closed","ping_status":"closed","template":"elementor_theme","meta":{"_eb_attr":"","footnotes":""},"class_list":["post-14752","page","type-page","status-publish","has-post-thumbnail"],"_links":{"self":[{"href":"https:\/\/travelshelper.com\/sr\/wp-json\/wp\/v2\/pages\/14752","targetHints":{"allow":["GET"]}}],"collection":[{"href":"https:\/\/travelshelper.com\/sr\/wp-json\/wp\/v2\/pages"}],"about":[{"href":"https:\/\/travelshelper.com\/sr\/wp-json\/wp\/v2\/types\/page"}],"author":[{"embeddable":true,"href":"https:\/\/travelshelper.com\/sr\/wp-json\/wp\/v2\/users\/1"}],"replies":[{"embeddable":true,"href":"https:\/\/travelshelper.com\/sr\/wp-json\/wp\/v2\/comments?post=14752"}],"version-history":[{"count":0,"href":"https:\/\/travelshelper.com\/sr\/wp-json\/wp\/v2\/pages\/14752\/revisions"}],"up":[{"embeddable":true,"href":"https:\/\/travelshelper.com\/sr\/wp-json\/wp\/v2\/pages\/14746"}],"wp:featuredmedia":[{"embeddable":true,"href":"https:\/\/travelshelper.com\/sr\/wp-json\/wp\/v2\/media\/2828"}],"wp:attachment":[{"href":"https:\/\/travelshelper.com\/sr\/wp-json\/wp\/v2\/media?parent=14752"}],"curies":[{"name":"wp","href":"https:\/\/api.w.org\/{rel}","templated":true}]}}