{"id":14746,"date":"2024-09-20T08:40:01","date_gmt":"2024-09-20T08:40:01","guid":{"rendered":"https:\/\/travelshelper.com\/staging\/?page_id=14746"},"modified":"2026-03-11T18:14:02","modified_gmt":"2026-03-11T18:14:02","slug":"liban","status":"publish","type":"page","link":"https:\/\/travelshelper.com\/sr\/destinations\/asia\/lebanon\/","title":{"rendered":"Liban"},"content":{"rendered":"<p>Liban zauzima uzak pojas zemlje na isto\u010dnoj obali Sredozemnog mora, gde se kre\u010dnja\u010dki grebeni naglo uzdi\u017eu iz uske priobalne ravnice, ustupaju\u0107i mesto u unutra\u0161njosti plodnoj dolini Beka, a iza nje, Antilibanskom vencu. Prostiru\u0107i se na ne\u0161to vi\u0161e od deset hiljada kvadratnih kilometara, grani\u010di se sa Sirijom na severu i istoku, Izraelom na jugu i Sredozemnim morem na zapadu. Ne\u0161to vi\u0161e od pet miliona ljudi \u017eivi unutar njegovih granica, koncentrisanih uglavnom u i oko Bejruta, glavnog grada i glavne luke zemlje.<\/p>\n\n\n\n<p>LJudsko prisustvo se\u017ee najmanje do 5000. godine pre nove ere. Od tre\u0107eg milenijuma pre nove ere do sredine prvog milenijuma pre nove ere, priobalni gradovi \u010dinili su jezgro Fenikije, \u010diji su trgovci i brodograditelji osnovali kolonije \u0161irom Mediterana. Godine 64. pre nove ere, rimska uprava donela je nove puteve, pozori\u0161ta i hramove. Do sedmog veka nove ere kontrola je pre\u0161la na uzastopne islamske kalifate; kasniji vekovi su videli krsta\u0161ke politike koje su zamenili Ajubidi, a zatim i Mameluci. Osmanska uprava se u\u010dvrstila po\u010detkom petnaestog veka, iako su pod sultanom Abdulmed\u017eidom I, tanzimatske reforme sredinom devetnaestog veka stvorile Mutasarifat planine Liban, poluautonomni okrug osmi\u0161ljen da za\u0161titi maronitske hri\u0161\u0107ane.<\/p>\n\n\n\n<p>Slom osmanske mo\u0107i nakon Prvog svetskog rata stavio je Liban pod francuski mandat. Godine 1920. nastao je Veliki Liban, \u010dije su se granice protezale ka istoku i obuhvatale dolinu Beka. Nezavisnost je stigla 1943. godine, prema ustavu koji je dodeljivao politi\u010dke funkcije prema verskoj pripadnosti \u2013 sistem koji je imao za cilj da uravnote\u017ei hri\u0161\u0107anske, muslimanske i druzske zajednice. Mir je trajao do 1975. godine, kada su sekta\u0161ke tenzije prerasle u gra\u0111anski rat. Borbe su se nastavile do 1990. godine, tokom kojih su intervenisale sirijske snage (1976\u20132005), a izraelski upadi su se nastavljali na jugu. Sukob sa Izraelom se povremeno nastavljao, kulminiraju\u0107i u nekoliko invazija; najnoviji sukob je po\u010deo u oktobru 2023. godine i ostaje nere\u0161en.<\/p>\n\n\n\n<p>Topografija deli Liban na \u010detiri razli\u010dita regiona. Uska priobalna ravnica, formirana od morskih sedimenata i re\u010dnog aluvijuma, \u0161iri se blizu sirijske granice i su\u017eava se do stenovitih rtova na izraelskoj granici. U unutra\u0161njosti, Libanski venac - vrhovi kre\u010dnjaka i pe\u0161\u010dara koji se uzdi\u017eu preko tri hiljade metara kod Kurnata kao Savde - prote\u017ee se paralelno sa obalom, izrezbaren strmim klisurama i prekriven snegom svake zime. Dalje na istoku, dolina Beka le\u017ei u rasedu koji se prote\u017ee u isto\u010dnu Afriku. NJeno duboko zemlji\u0161te podr\u017eava vinograde i vo\u0107njake. Iza doline uzdi\u017ee se Antilibanski masiv, koji kulminira na planini Hermon, \u010dije se padine nalaze na spornim farmama \u0160ebaa.<\/p>\n\n\n\n<p>Reke Libana su kratke i neplovne. Trinaest izvire u zapadnim planinama, teku\u0107i ka zapadu do mora; Litani je najdu\u017ea, te\u010de ka severu kroz Beku pre nego \u0161to se ulije ka zapadu. Sezonske bujice pune svoja korita svake zime, dok izvori i kanali za navodnjavanje odr\u017eavaju poljoprivredu tokom su\u0161nih letnjih meseci.<\/p>\n\n\n\n<p>Klima varira sa nadmorskom visinom. Priobalne zone primaju najvi\u0161e padavina izme\u0111u novembra i marta, sa hladnim zimama i vla\u017enim letima. Iznad hiljadu metara, zimske temperature padaju ispod nule, a obilne sne\u017ene padavine mogu trajati do maja. U februaru 2025. godine, polarni vremenski sistem nazvan oluja Adam doneo je sneg na nadmorsku visinu od \u010dak trista metara i rekordno niske temperature u planinama.<\/p>\n\n\n\n<p>Administrativno, devet gubernija je podeljeno na dvadeset pet okruga i brojne op\u0161tine. Ekonomski okvir Libana je utemeljen na principima laissez-faire-a. Ve\u0107ina transakcija koristi ameri\u010dki dolar. Kapital prelazi granice bez ograni\u010denja. Uprava za investicioni razvoj Libana, osnovana 1994. godine i oja\u010dana Zakonom o investicijama br. 360 iz 2001. godine, promovi\u0161e strane direktne investicije u tehnologiju, agrobiznis i obnovljive izvore energije.<\/p>\n\n\n\n<p>Ipak, poslednjih godina ekonomija je do\u017eivela kolaps. Od 2018. do 2023. godine BDP je opao za \u010detrdeset procenata. Libanska funta je izgubila devedeset pet procenata svoje vrednosti u odnosu na dolar. Inflacija je sko\u010dila iznad dvesta procenata. Zvani\u010dni devizni kurs je napu\u0161ten prvi put za dvadeset pet godina. Banke su uvele neformalne kontrole kapitala. Do 2023. godine, tri od \u010detiri Libanca su \u017eivela ispod granice siroma\u0161tva. Svetska banka svrstava ovaj pad me\u0111u najte\u017ee od devetnaestog veka. NJegovi koreni le\u017ee u dugotrajnoj \u0161emi finansiranja centralne banke, koja je pozajmljivala dolare uz visoke kamate za finansiranje javnih deficita. Kada se rast depozita usporio, sistem se uru\u0161io, \u0161to je kulminiralo neizvr\u0161enjem obaveza 2020. godine i eksplozijom luke u Bejrutu iste godine.<\/p>\n\n\n\n<p>Pre ove krize, od osmanskog doba do 1960-ih, Liban je cvetao kao regionalno bankarsko sredi\u0161te i distributivni centar. Trgovina preradom hrane, tekstilom, nakitom i tepisima odr\u017eavala je rastu\u0107i \u017eivotni standard. Posleratna rekonstrukcija preusmerila je ekonomiju na usluge \u2013 bankarstvo, nekretnine i turizam sada zapo\u0161ljavaju dve tre\u0107ine radne snage i \u010dine sli\u010dan udeo u BDP-u. Doznake iz \u0161iroko rasprostranjene dijaspore \u010dinile su otprilike jednu petinu nacionalnog dohotka 2008. godine. Te mre\u017ee se prote\u017eu do Afrike, Amerike i Australije, gde libanske zajednice vode firme, od maloprodajnih objekata do gra\u0111evinarstva.<\/p>\n\n\n\n<p>Turizam je nekada obezbe\u0111ivao desetinu BDP-a. Na svom vrhuncu 2009. godine, dolasci su prema\u0161ili 1,8 miliona; Bejrut je progla\u0161en najboljom svetskom destinacijom od strane me\u0111unarodnih novina. Deset godina kasnije, regionalni sukobi u susednoj Siriji doveli su do pada broja posetilaca od 37%. U maju 2025. godine, Ujedinjeni Arapski Emirati su ukinuli dugogodi\u0161nju zabranu putovanja, obnoviv\u0161i nade za o\u017eivljavanje.<\/p>\n\n\n\n<p>Demografija stanovni\u0161tva Libana ostaje osetljiva. Nijedan popis nije sproveden od 1932. godine, kada su hri\u0161\u0107ani \u010dinili blagu ve\u0107inu. Procene za 2021. godinu pokazuju da ukupan broj stanovnika iznosi 5,6 miliona, uklju\u010duju\u0107i skoro milion izbeglica iz Sirije i Palestine. Libanskih dr\u017eavljana ima oko 4,7 miliona. Verska raznolikost je me\u0111u najve\u0107ima u regionu. Zvani\u010dno su priznate \u010detiri muslimanske sekte, dvanaest hri\u0161\u0107anskih crkava, kao i Druzi i mala jevrejska zajednica. Nedavne studije sugeri\u0161u da muslimani (uklju\u010duju\u0107i Druze) \u010dine otprilike dve tre\u0107ine gra\u0111ana, a hri\u0161\u0107ani jednu tre\u0107inu. Podaci istra\u017eivanja ukazuju na blagi pad verskih obreda me\u0111u mla\u0111im generacijama.<\/p>\n\n\n\n<p>Jezik odra\u017eava ovu pluralnost. Arapski slu\u017ei kao zvani\u010dni jezik, dok je moderni standardni arapski rezervisan za \u0161tampane medije i formalna obra\u0107anja. Kolokvijalni libanski arapski preovladava u svakodnevnom \u017eivotu. Francuski zadr\u017eava legalni status i pojavljuje se u poslovanju i obrazovanju; skoro \u010detrdeset procenata Libanaca se identifikuje kao frankofoni. Engleski je stekao zna\u010daj u nauci i trgovini, a oba evropska jezika zamenjuju arapski me\u0111u mnogim gradskim mladima. Jermenski, gr\u010dki i asirski jezici opstaju me\u0111u tim zajednicama.<\/p>\n\n\n\n<p>Kulturni \u017eivot nosi tragove svog feni\u010danskog porekla, rimskog nasle\u0111a, arapskog nasle\u0111a i osmanskog i francuskog upravljanja. Muzika spaja modalne forme sa zapadnom instrumentacijom. Knji\u017eevnost se suo\u010dava sa ratom, izgnanstvom i identitetom. Festivali - verski i sekularni - odra\u017eavaju lokalne tradicije i dijasporske proslave. \u0160irom sveta, libanski kuvari vode skoro deset hiljada restorana, predstavljaju\u0107i jela kao \u0161to su kibe - me\u0161avina mlevene jagnjetine i mlevene p\u0161enice - i tabule, salata od per\u0161una, paradajza i burgula, uz regionalne varijacije meze namazima.<\/p>\n\n\n\n<p>Gradovi nude razli\u010dite profile. Bejrut kombinuje fasade iz osmanskog doba sa modernim staklenim kulama, formiraju\u0107i mozaik naselja gde se kafi\u0107i prelivaju na trotoare, a no\u0107ni \u017eivot pulsira i u zatvorenim klubovima i u barovima pored mora. Tripoli, koji jo\u0161 uvek nosi mamelu\u010dku arhitekturu i krsta\u0161ku tvr\u0111avu, pokazuje preostale o\u017eiljke gra\u0111anskog rata i \u010dami u relativnom siroma\u0161tvu. Sidon \u010duva svoje karavansaraje, srednjovekovne sukove i priobalne \u0161etali\u0161ta. Tir nosi feni\u010danske i rimske ru\u0161evine na svojim \u0161irokim pla\u017eama. Biblos se smatra jednim od najstarijih kontinuirano naseljenih naselja na svetu, sa zamkom i drevnom lukom okru\u017eenim \u017eivahnim pijacama.<\/p>\n\n\n\n<p>Posetioci uglavnom sti\u017eu avionom preko Me\u0111unarodnog aerodroma u Bejrutu, koji povezuju Middle East Airlines i razni regionalni i evropski prevoznici. Autobusi i taksiji za deljenje povezuju Damask i druge sirijske gradove. Trajekt dva puta nedeljno povezuje Tripoli sa Turskom. Unutar Libana, automobili ostaju najefikasnije prevozno sredstvo preko neravnih puteva; cene iznajmljivanja zahtevaju pregovore, kao i cene \u201eservisnih\u201c taksija koji funkcioni\u0161u kao neformalni minibusevi. Uber radi u Bejrutu za one sa pristupom internetu, a autoputevi presecaju planine i ravnice, iako rupe i nepravilna vo\u017enja zahtevaju budnost.<\/p>\n\n\n\n<p>Dru\u0161tveni obi\u010daji nagla\u0161avaju po\u0161tovanje starijih, indirektnu komunikaciju i gostoprimstvo. Pravila obla\u010denja variraju: skromna ode\u0107a odgovara verskim mestima i konzervativnim okruzima; centri gradova dozvoljavaju vi\u0161e zapadnja\u010dkih stilova. Posetioci bi trebalo da izbegavaju razgovore o osetljivim politi\u010dkim temama u blizini granica i da se uzdr\u017ee od gestova koji se smatraju nepristojnim, poput dozivanja prstom. Ju\u017ena podru\u010dja pod uticajem milicije predstavljaju dodatne rizike; Arsal, u severnoj Beki, bio je mesto sporadi\u010dnih otmica i i dalje se ne preporu\u010duje.<\/p>\n\n\n\n<p>Hodo\u010dasnici, nau\u010dnici i turisti mogu u Libanu prona\u0107i slojevite civilizacije i klime: maslinjake na nivou mora, vrhove prekrivene snegom u prole\u0107e i doline gde vinova loza daje vino nepoznato pre jednog veka. Kompaktna geografija koncentri\u0161e kontraste - obalu i planinu, bogatstvo i te\u0161ko\u0107e, tradiciju i inovacije - od kojih svaki oblikuje dru\u0161tvo koje opstaje uprkos sukobima i ekonomskom kolapsu. U ovoj konvergenciji istorija i pejza\u017ea, Liban opstaje kao svedo\u010danstvo adaptacije pod pritiskom i opstanka ljudskih zajednica u isto\u010dnom Mediteranu.<\/p>","protected":false},"excerpt":{"rendered":"<p>Liban, koji se nalazi u regionu Levant u zapadnoj Aziji, ima populaciju koja prelazi pet miliona na svom ograni\u010denom prostoru od 10.452 kvadratna kilometra. Sa granicama sa Sirijom na severu i istoku, Izraelom na jugu i Sredozemnim morem na zapadu, ova mala, ali kulturno bogata zemlja namerno je sme\u0161tena na spoju Mediteranskog basena i arapskog zale\u0111a. Neposredna blizina Kipra \u2014 samo na kratkoj udaljenosti od obale Libana \u2014 jo\u0161 vi\u0161e nagla\u0161ava njegovu vitalnu poziciju u ovoj oblasti.<\/p>","protected":false},"author":1,"featured_media":3645,"parent":24063,"menu_order":0,"comment_status":"closed","ping_status":"closed","template":"elementor_theme","meta":{"_eb_attr":"","footnotes":""},"class_list":["post-14746","page","type-page","status-publish","has-post-thumbnail"],"_links":{"self":[{"href":"https:\/\/travelshelper.com\/sr\/wp-json\/wp\/v2\/pages\/14746","targetHints":{"allow":["GET"]}}],"collection":[{"href":"https:\/\/travelshelper.com\/sr\/wp-json\/wp\/v2\/pages"}],"about":[{"href":"https:\/\/travelshelper.com\/sr\/wp-json\/wp\/v2\/types\/page"}],"author":[{"embeddable":true,"href":"https:\/\/travelshelper.com\/sr\/wp-json\/wp\/v2\/users\/1"}],"replies":[{"embeddable":true,"href":"https:\/\/travelshelper.com\/sr\/wp-json\/wp\/v2\/comments?post=14746"}],"version-history":[{"count":0,"href":"https:\/\/travelshelper.com\/sr\/wp-json\/wp\/v2\/pages\/14746\/revisions"}],"up":[{"embeddable":true,"href":"https:\/\/travelshelper.com\/sr\/wp-json\/wp\/v2\/pages\/24063"}],"wp:featuredmedia":[{"embeddable":true,"href":"https:\/\/travelshelper.com\/sr\/wp-json\/wp\/v2\/media\/3645"}],"wp:attachment":[{"href":"https:\/\/travelshelper.com\/sr\/wp-json\/wp\/v2\/media?parent=14746"}],"curies":[{"name":"wp","href":"https:\/\/api.w.org\/{rel}","templated":true}]}}